{"id":15755,"date":"2022-08-18T16:09:05","date_gmt":"2022-08-18T21:09:05","guid":{"rendered":"https:\/\/www.mexicanguitarplayers.com\/tienda\/sin%20categor\u00eda\/estuche-gator-p-guitarra-g-cobra-class\/"},"modified":"2026-04-10T05:06:46","modified_gmt":"2026-04-10T11:06:46","slug":"estuche-gator-p-guitarra-g-cobra-class","status":"publish","type":"product","link":"https:\/\/www.mexicanguitarplayers.com\/en\/tienda\/accesorios\/estuches-y-fundas\/para-guitarra\/para-guitarra-electrica\/estuche-gator-p-guitarra-g-cobra-class\/","title":{"rendered":"GATOR CASE FOR G-COBRA-CLASS GUITAR"},"content":{"rendered":"<div style=\"text-align: justify\">\n<div>\n<h3>GATOR CASE FOR G-COBRA-CLASS GUITAR<\/h3>\n<\/div>\n<div>Case for electric guitar, made of reinforced 600 Denier nylon with rigid walls, 20 mm interior padding, tricot lining, large external accessory pocket with earphone grommet, iPod pocket, carrying handle, adjustable backpack straps, extended area of the head.<\/div>\n<\/div>","protected":false},"excerpt":{"rendered":"<p>Estuche para guitarra el\u00e9ctrica, fabricado con nylon reforzado Denier 600 con paredes r\u00edgidas, acolchado interior de 20 mm, forro de tricot, gran bolsillo externo para accesorios con arandela para aud\u00edfonos, bolsillo para iPod, asa de transporte, correas tipo mochila ajustables, \u00e1rea ampliada del cabezal.&hellip; <a class=\"kt-excerpt-readmore more-link\" href=\"https:\/\/www.mexicanguitarplayers.com\/en\/tienda\/accesorios\/estuches-y-fundas\/para-guitarra\/para-guitarra-electrica\/estuche-gator-p-guitarra-g-cobra-class\/\">Read more<\/a><\/p>","protected":false},"featured_media":15754,"comment_status":"open","ping_status":"closed","template":"","meta":{"kt_blocks_editor_width":""},"pwb-brand":[572],"product_brand":[],"product_cat":[85,517,566,567],"product_tag":[],"class_list":{"0":"post-15755","1":"product","2":"type-product","3":"status-publish","4":"has-post-thumbnail","6":"pwb-brand-gator","7":"product_cat-accesorios","8":"product_cat-estuches-y-fundas","9":"product_cat-para-guitarra","10":"product_cat-para-guitarra-electrica","11":"product_shipping_class-10-15-kg","13":"first","14":"outofstock","15":"taxable","16":"shipping-taxable","17":"purchasable","18":"product-type-simple"},"yoast_head":"<!-- This site is optimized with the Yoast SEO plugin v27.5 - https:\/\/yoast.com\/product\/yoast-seo-wordpress\/ -->\n<title>ESTUCHE GATOR P\/GUITARRA G-COBRA-CLASS - Mexican Guitar Players<\/title>\n<meta name=\"description\" content=\"ESTUCHE GATOR P\/GUITARRA G-COBRA-CLASS. Estuche para guitarra el\u00e9ctrica, fabricado con nylon reforzado Denier 600 con paredes r\u00edgidas, acolchado interior de 20 mm, forro de tricot, gran bolsillo externo para accesorios con arandela para aud\u00edfonos, bolsillo para iPod, asa de transporte, correas tipo mochila ajustables, \u00e1rea ampliada del cabezal.\" \/>\n<meta name=\"robots\" content=\"index, follow, max-snippet:-1, max-image-preview:large, max-video-preview:-1\" \/>\n<link rel=\"canonical\" href=\"https:\/\/www.mexicanguitarplayers.com\/en\/tienda\/accesorios\/estuches-y-fundas\/para-guitarra\/para-guitarra-electrica\/estuche-gator-p-guitarra-g-cobra-class\/\" \/>\n<meta property=\"og:locale\" content=\"en_US\" \/>\n<meta property=\"og:type\" content=\"article\" \/>\n<meta property=\"og:title\" content=\"ESTUCHE GATOR P\/GUITARRA G-COBRA-CLASS - Mexican Guitar Players\" \/>\n<meta property=\"og:description\" content=\"ESTUCHE GATOR P\/GUITARRA G-COBRA-CLASS. Estuche para guitarra el\u00e9ctrica, fabricado con nylon reforzado Denier 600 con paredes r\u00edgidas, acolchado interior de 20 mm, forro de tricot, gran bolsillo externo para accesorios con arandela para aud\u00edfonos, bolsillo para iPod, asa de transporte, correas tipo mochila ajustables, \u00e1rea ampliada del cabezal.\" \/>\n<meta property=\"og:url\" content=\"https:\/\/www.mexicanguitarplayers.com\/en\/tienda\/accesorios\/estuches-y-fundas\/para-guitarra\/para-guitarra-electrica\/estuche-gator-p-guitarra-g-cobra-class\/\" \/>\n<meta property=\"og:site_name\" content=\"Mexican Guitar Players\" \/>\n<meta property=\"article:modified_time\" content=\"2026-04-10T11:06:46+00:00\" \/>\n<meta property=\"og:image\" content=\"https:\/\/www.mexicanguitarplayers.com\/wp-content\/uploads\/2022\/08\/VAGATGCOBRACLA.jpg\" \/>\n\t<meta property=\"og:image:width\" content=\"1200\" \/>\n\t<meta property=\"og:image:height\" content=\"1200\" \/>\n\t<meta property=\"og:image:type\" content=\"image\/jpeg\" \/>\n<meta name=\"twitter:card\" content=\"summary_large_image\" \/>\n<script type=\"application\/ld+json\" class=\"yoast-schema-graph\">{\"@context\":\"https:\\\/\\\/schema.org\",\"@graph\":[{\"@type\":[\"WebPage\",\"ItemPage\"],\"@id\":\"https:\\\/\\\/www.mexicanguitarplayers.com\\\/tienda\\\/accesorios\\\/estuches-y-fundas\\\/para-guitarra\\\/para-guitarra-electrica\\\/estuche-gator-p-guitarra-g-cobra-class\\\/\",\"url\":\"https:\\\/\\\/www.mexicanguitarplayers.com\\\/tienda\\\/accesorios\\\/estuches-y-fundas\\\/para-guitarra\\\/para-guitarra-electrica\\\/estuche-gator-p-guitarra-g-cobra-class\\\/\",\"name\":\"ESTUCHE GATOR P\\\/GUITARRA G-COBRA-CLASS - Mexican Guitar Players\",\"isPartOf\":{\"@id\":\"https:\\\/\\\/www.mexicanguitarplayers.com\\\/#website\"},\"primaryImageOfPage\":{\"@id\":\"https:\\\/\\\/www.mexicanguitarplayers.com\\\/tienda\\\/accesorios\\\/estuches-y-fundas\\\/para-guitarra\\\/para-guitarra-electrica\\\/estuche-gator-p-guitarra-g-cobra-class\\\/#primaryimage\"},\"image\":{\"@id\":\"https:\\\/\\\/www.mexicanguitarplayers.com\\\/tienda\\\/accesorios\\\/estuches-y-fundas\\\/para-guitarra\\\/para-guitarra-electrica\\\/estuche-gator-p-guitarra-g-cobra-class\\\/#primaryimage\"},\"thumbnailUrl\":\"https:\\\/\\\/www.mexicanguitarplayers.com\\\/wp-content\\\/uploads\\\/2022\\\/08\\\/VAGATGCOBRACLA.jpg\",\"datePublished\":\"2022-08-18T21:09:05+00:00\",\"dateModified\":\"2026-04-10T11:06:46+00:00\",\"description\":\"ESTUCHE GATOR P\\\/GUITARRA G-COBRA-CLASS. Estuche para guitarra el\u00e9ctrica, fabricado con nylon reforzado Denier 600 con paredes r\u00edgidas, acolchado interior de 20 mm, forro de tricot, gran bolsillo externo para accesorios con arandela para aud\u00edfonos, bolsillo para iPod, asa de transporte, correas tipo mochila ajustables, \u00e1rea ampliada del cabezal.\",\"breadcrumb\":{\"@id\":\"https:\\\/\\\/www.mexicanguitarplayers.com\\\/tienda\\\/accesorios\\\/estuches-y-fundas\\\/para-guitarra\\\/para-guitarra-electrica\\\/estuche-gator-p-guitarra-g-cobra-class\\\/#breadcrumb\"},\"inLanguage\":\"en-US\",\"potentialAction\":[{\"@type\":\"ReadAction\",\"target\":[\"https:\\\/\\\/www.mexicanguitarplayers.com\\\/tienda\\\/accesorios\\\/estuches-y-fundas\\\/para-guitarra\\\/para-guitarra-electrica\\\/estuche-gator-p-guitarra-g-cobra-class\\\/\"]}]},{\"@type\":\"ImageObject\",\"inLanguage\":\"en-US\",\"@id\":\"https:\\\/\\\/www.mexicanguitarplayers.com\\\/tienda\\\/accesorios\\\/estuches-y-fundas\\\/para-guitarra\\\/para-guitarra-electrica\\\/estuche-gator-p-guitarra-g-cobra-class\\\/#primaryimage\",\"url\":\"https:\\\/\\\/www.mexicanguitarplayers.com\\\/wp-content\\\/uploads\\\/2022\\\/08\\\/VAGATGCOBRACLA.jpg\",\"contentUrl\":\"https:\\\/\\\/www.mexicanguitarplayers.com\\\/wp-content\\\/uploads\\\/2022\\\/08\\\/VAGATGCOBRACLA.jpg\",\"width\":1200,\"height\":1200},{\"@type\":\"BreadcrumbList\",\"@id\":\"https:\\\/\\\/www.mexicanguitarplayers.com\\\/tienda\\\/accesorios\\\/estuches-y-fundas\\\/para-guitarra\\\/para-guitarra-electrica\\\/estuche-gator-p-guitarra-g-cobra-class\\\/#breadcrumb\",\"itemListElement\":[{\"@type\":\"ListItem\",\"position\":1,\"name\":\"Portada\",\"item\":\"https:\\\/\\\/www.mexicanguitarplayers.com\\\/\"},{\"@type\":\"ListItem\",\"position\":2,\"name\":\"Tienda\",\"item\":\"https:\\\/\\\/www.mexicanguitarplayers.com\\\/tienda\\\/\"},{\"@type\":\"ListItem\",\"position\":3,\"name\":\"ESTUCHE GATOR P\\\/GUITARRA G-COBRA-CLASS\"}]},{\"@type\":\"WebSite\",\"@id\":\"https:\\\/\\\/www.mexicanguitarplayers.com\\\/#website\",\"url\":\"https:\\\/\\\/www.mexicanguitarplayers.com\\\/\",\"name\":\"Mexican Guitar Players\",\"description\":\"Website\",\"publisher\":{\"@id\":\"https:\\\/\\\/www.mexicanguitarplayers.com\\\/#organization\"},\"potentialAction\":[{\"@type\":\"SearchAction\",\"target\":{\"@type\":\"EntryPoint\",\"urlTemplate\":\"https:\\\/\\\/www.mexicanguitarplayers.com\\\/?s={search_term_string}\"},\"query-input\":{\"@type\":\"PropertyValueSpecification\",\"valueRequired\":true,\"valueName\":\"search_term_string\"}}],\"inLanguage\":\"en-US\"},{\"@type\":\"Organization\",\"@id\":\"https:\\\/\\\/www.mexicanguitarplayers.com\\\/#organization\",\"name\":\"Mexican Guitar Players\",\"url\":\"https:\\\/\\\/www.mexicanguitarplayers.com\\\/\",\"logo\":{\"@type\":\"ImageObject\",\"inLanguage\":\"en-US\",\"@id\":\"https:\\\/\\\/www.mexicanguitarplayers.com\\\/#\\\/schema\\\/logo\\\/image\\\/\",\"url\":\"\",\"contentUrl\":\"\",\"caption\":\"Mexican Guitar Players\"},\"image\":{\"@id\":\"https:\\\/\\\/www.mexicanguitarplayers.com\\\/#\\\/schema\\\/logo\\\/image\\\/\"}}]}<\/script>\n<!-- \/ Yoast SEO plugin. -->","yoast_head_json":{"title":"ESTUCHE GATOR P\/GUITARRA G-COBRA-CLASS - Mexican Guitar Players","description":"ESTUCHE GATOR P\/GUITARRA G-COBRA-CLASS. Estuche para guitarra el\u00e9ctrica, fabricado con nylon reforzado Denier 600 con paredes r\u00edgidas, acolchado interior de 20 mm, forro de tricot, gran bolsillo externo para accesorios con arandela para aud\u00edfonos, bolsillo para iPod, asa de transporte, correas tipo mochila ajustables, \u00e1rea ampliada del cabezal.","robots":{"index":"index","follow":"follow","max-snippet":"max-snippet:-1","max-image-preview":"max-image-preview:large","max-video-preview":"max-video-preview:-1"},"canonical":"https:\/\/www.mexicanguitarplayers.com\/en\/tienda\/accesorios\/estuches-y-fundas\/para-guitarra\/para-guitarra-electrica\/estuche-gator-p-guitarra-g-cobra-class\/","og_locale":"en_US","og_type":"article","og_title":"ESTUCHE GATOR P\/GUITARRA G-COBRA-CLASS - Mexican Guitar Players","og_description":"ESTUCHE GATOR P\/GUITARRA G-COBRA-CLASS. Estuche para guitarra el\u00e9ctrica, fabricado con nylon reforzado Denier 600 con paredes r\u00edgidas, acolchado interior de 20 mm, forro de tricot, gran bolsillo externo para accesorios con arandela para aud\u00edfonos, bolsillo para iPod, asa de transporte, correas tipo mochila ajustables, \u00e1rea ampliada del cabezal.","og_url":"https:\/\/www.mexicanguitarplayers.com\/en\/tienda\/accesorios\/estuches-y-fundas\/para-guitarra\/para-guitarra-electrica\/estuche-gator-p-guitarra-g-cobra-class\/","og_site_name":"Mexican Guitar Players","article_modified_time":"2026-04-10T11:06:46+00:00","og_image":[{"width":1200,"height":1200,"url":"https:\/\/www.mexicanguitarplayers.com\/wp-content\/uploads\/2022\/08\/VAGATGCOBRACLA.jpg","type":"image\/jpeg"}],"twitter_card":"summary_large_image","schema":{"@context":"https:\/\/schema.org","@graph":[{"@type":["WebPage","ItemPage"],"@id":"https:\/\/www.mexicanguitarplayers.com\/tienda\/accesorios\/estuches-y-fundas\/para-guitarra\/para-guitarra-electrica\/estuche-gator-p-guitarra-g-cobra-class\/","url":"https:\/\/www.mexicanguitarplayers.com\/tienda\/accesorios\/estuches-y-fundas\/para-guitarra\/para-guitarra-electrica\/estuche-gator-p-guitarra-g-cobra-class\/","name":"ESTUCHE GATOR P\/GUITARRA G-COBRA-CLASS - Mexican Guitar Players","isPartOf":{"@id":"https:\/\/www.mexicanguitarplayers.com\/#website"},"primaryImageOfPage":{"@id":"https:\/\/www.mexicanguitarplayers.com\/tienda\/accesorios\/estuches-y-fundas\/para-guitarra\/para-guitarra-electrica\/estuche-gator-p-guitarra-g-cobra-class\/#primaryimage"},"image":{"@id":"https:\/\/www.mexicanguitarplayers.com\/tienda\/accesorios\/estuches-y-fundas\/para-guitarra\/para-guitarra-electrica\/estuche-gator-p-guitarra-g-cobra-class\/#primaryimage"},"thumbnailUrl":"https:\/\/www.mexicanguitarplayers.com\/wp-content\/uploads\/2022\/08\/VAGATGCOBRACLA.jpg","datePublished":"2022-08-18T21:09:05+00:00","dateModified":"2026-04-10T11:06:46+00:00","description":"ESTUCHE GATOR P\/GUITARRA G-COBRA-CLASS. Estuche para guitarra el\u00e9ctrica, fabricado con nylon reforzado Denier 600 con paredes r\u00edgidas, acolchado interior de 20 mm, forro de tricot, gran bolsillo externo para accesorios con arandela para aud\u00edfonos, bolsillo para iPod, asa de transporte, correas tipo mochila ajustables, \u00e1rea ampliada del cabezal.","breadcrumb":{"@id":"https:\/\/www.mexicanguitarplayers.com\/tienda\/accesorios\/estuches-y-fundas\/para-guitarra\/para-guitarra-electrica\/estuche-gator-p-guitarra-g-cobra-class\/#breadcrumb"},"inLanguage":"en-US","potentialAction":[{"@type":"ReadAction","target":["https:\/\/www.mexicanguitarplayers.com\/tienda\/accesorios\/estuches-y-fundas\/para-guitarra\/para-guitarra-electrica\/estuche-gator-p-guitarra-g-cobra-class\/"]}]},{"@type":"ImageObject","inLanguage":"en-US","@id":"https:\/\/www.mexicanguitarplayers.com\/tienda\/accesorios\/estuches-y-fundas\/para-guitarra\/para-guitarra-electrica\/estuche-gator-p-guitarra-g-cobra-class\/#primaryimage","url":"https:\/\/www.mexicanguitarplayers.com\/wp-content\/uploads\/2022\/08\/VAGATGCOBRACLA.jpg","contentUrl":"https:\/\/www.mexicanguitarplayers.com\/wp-content\/uploads\/2022\/08\/VAGATGCOBRACLA.jpg","width":1200,"height":1200},{"@type":"BreadcrumbList","@id":"https:\/\/www.mexicanguitarplayers.com\/tienda\/accesorios\/estuches-y-fundas\/para-guitarra\/para-guitarra-electrica\/estuche-gator-p-guitarra-g-cobra-class\/#breadcrumb","itemListElement":[{"@type":"ListItem","position":1,"name":"Portada","item":"https:\/\/www.mexicanguitarplayers.com\/"},{"@type":"ListItem","position":2,"name":"Tienda","item":"https:\/\/www.mexicanguitarplayers.com\/tienda\/"},{"@type":"ListItem","position":3,"name":"ESTUCHE GATOR P\/GUITARRA G-COBRA-CLASS"}]},{"@type":"WebSite","@id":"https:\/\/www.mexicanguitarplayers.com\/#website","url":"https:\/\/www.mexicanguitarplayers.com\/","name":"Mexican Guitar Players","description":"Website","publisher":{"@id":"https:\/\/www.mexicanguitarplayers.com\/#organization"},"potentialAction":[{"@type":"SearchAction","target":{"@type":"EntryPoint","urlTemplate":"https:\/\/www.mexicanguitarplayers.com\/?s={search_term_string}"},"query-input":{"@type":"PropertyValueSpecification","valueRequired":true,"valueName":"search_term_string"}}],"inLanguage":"en-US"},{"@type":"Organization","@id":"https:\/\/www.mexicanguitarplayers.com\/#organization","name":"Mexican Guitar Players","url":"https:\/\/www.mexicanguitarplayers.com\/","logo":{"@type":"ImageObject","inLanguage":"en-US","@id":"https:\/\/www.mexicanguitarplayers.com\/#\/schema\/logo\/image\/","url":"","contentUrl":"","caption":"Mexican Guitar Players"},"image":{"@id":"https:\/\/www.mexicanguitarplayers.com\/#\/schema\/logo\/image\/"}}]}},"brands":[{"id":572,"name":"GATOR","slug":"gator"}],"_links":{"self":[{"href":"https:\/\/www.mexicanguitarplayers.com\/en\/wp-json\/wp\/v2\/product\/15755","targetHints":{"allow":["GET"]}}],"collection":[{"href":"https:\/\/www.mexicanguitarplayers.com\/en\/wp-json\/wp\/v2\/product"}],"about":[{"href":"https:\/\/www.mexicanguitarplayers.com\/en\/wp-json\/wp\/v2\/types\/product"}],"replies":[{"embeddable":true,"href":"https:\/\/www.mexicanguitarplayers.com\/en\/wp-json\/wp\/v2\/comments?post=15755"}],"wp:featuredmedia":[{"embeddable":true,"href":"https:\/\/www.mexicanguitarplayers.com\/en\/wp-json\/wp\/v2\/media\/15754"}],"wp:attachment":[{"href":"https:\/\/www.mexicanguitarplayers.com\/en\/wp-json\/wp\/v2\/media?parent=15755"}],"wp:term":[{"taxonomy":"pwb-brand","embeddable":true,"href":"https:\/\/www.mexicanguitarplayers.com\/en\/wp-json\/wp\/v2\/pwb-brand?post=15755"},{"taxonomy":"product_brand","embeddable":true,"href":"https:\/\/www.mexicanguitarplayers.com\/en\/wp-json\/wp\/v2\/product_brand?post=15755"},{"taxonomy":"product_cat","embeddable":true,"href":"https:\/\/www.mexicanguitarplayers.com\/en\/wp-json\/wp\/v2\/product_cat?post=15755"},{"taxonomy":"product_tag","embeddable":true,"href":"https:\/\/www.mexicanguitarplayers.com\/en\/wp-json\/wp\/v2\/product_tag?post=15755"}],"curies":[{"name":"wp","href":"https:\/\/api.w.org\/{rel}","templated":true}]}}