{"id":15769,"date":"2022-08-18T16:09:30","date_gmt":"2022-08-18T21:09:30","guid":{"rendered":"https:\/\/www.mexicanguitarplayers.com\/tienda\/sin%20categor\u00eda\/soporte-midas-p-mezcladora-mod-dp48mb\/"},"modified":"2023-06-29T17:40:47","modified_gmt":"2023-06-29T22:40:47","slug":"soporte-midas-p-mezcladora-mod-dp48mb","status":"publish","type":"product","link":"https:\/\/www.mexicanguitarplayers.com\/en\/tienda\/accesorios\/stands\/varios-stands\/soporte-midas-p-mezcladora-mod-dp48mb\/","title":{"rendered":"MIDAS SUPPORT FOR MIXER MOD. DP48MB"},"content":{"rendered":"<div style=\"text-align: justify\">\n<div>\n<h3>MIDAS SUPPORT FOR MIXER MOD. DP48MB<\/h3>\n<\/div>\n<div>Mounting bracket for the Midas DP48 monitor mixer, fits microphone, sheet music or drum stands, includes dual headphone hangers and cable guide.<\/div>\n<\/div>","protected":false},"excerpt":{"rendered":"<p>Soporte de montaje para la mezcladora de monitoreo Midas DP48, se ajusta a atriles de micr\u00f3fono, de partitura o de bater\u00eda, incluye perchas dobles para aud\u00edfonos y gu\u00eda de cable.&hellip; <a class=\"kt-excerpt-readmore more-link\" href=\"https:\/\/www.mexicanguitarplayers.com\/en\/tienda\/accesorios\/stands\/varios-stands\/soporte-midas-p-mezcladora-mod-dp48mb\/\">Read more<\/a><\/p>","protected":false},"featured_media":15764,"comment_status":"open","ping_status":"closed","template":"","meta":{"kt_blocks_editor_width":""},"pwb-brand":[187],"product_brand":[],"product_cat":[85,416,497],"product_tag":[],"class_list":{"0":"post-15769","1":"product","2":"type-product","3":"status-publish","4":"has-post-thumbnail","6":"pwb-brand-midas","7":"product_cat-accesorios","8":"product_cat-stands","9":"product_cat-varios-stands","10":"product_shipping_class-0-5-kg","12":"first","13":"instock","14":"taxable","15":"shipping-taxable","16":"purchasable","17":"product-type-simple"},"yoast_head":"<!-- This site is optimized with the Yoast SEO plugin v27.6 - https:\/\/yoast.com\/product\/yoast-seo-wordpress\/ -->\n<title>SOPORTE MIDAS P\/MEZCLADORA MOD. DP48MB - Mexican Guitar Players<\/title>\n<meta name=\"description\" content=\"SOPORTE MIDAS P\/MEZCLADORA MOD. DP48MB. Soporte de montaje para la mezcladora de monitoreo Midas DP48, se ajusta a atriles de micr\u00f3fono, de partitura o de bater\u00eda, incluye perchas dobles para aud\u00edfonos y gu\u00eda de cable.\" \/>\n<meta name=\"robots\" content=\"index, follow, max-snippet:-1, max-image-preview:large, max-video-preview:-1\" \/>\n<link rel=\"canonical\" href=\"https:\/\/www.mexicanguitarplayers.com\/en\/tienda\/accesorios\/stands\/varios-stands\/soporte-midas-p-mezcladora-mod-dp48mb\/\" \/>\n<meta property=\"og:locale\" content=\"en_US\" \/>\n<meta property=\"og:type\" content=\"article\" \/>\n<meta property=\"og:title\" content=\"SOPORTE MIDAS P\/MEZCLADORA MOD. DP48MB - Mexican Guitar Players\" \/>\n<meta property=\"og:description\" content=\"SOPORTE MIDAS P\/MEZCLADORA MOD. DP48MB. Soporte de montaje para la mezcladora de monitoreo Midas DP48, se ajusta a atriles de micr\u00f3fono, de partitura o de bater\u00eda, incluye perchas dobles para aud\u00edfonos y gu\u00eda de cable.\" \/>\n<meta property=\"og:url\" content=\"https:\/\/www.mexicanguitarplayers.com\/en\/tienda\/accesorios\/stands\/varios-stands\/soporte-midas-p-mezcladora-mod-dp48mb\/\" \/>\n<meta property=\"og:site_name\" content=\"Mexican Guitar Players\" \/>\n<meta property=\"article:modified_time\" content=\"2023-06-29T22:40:47+00:00\" \/>\n<meta property=\"og:image\" content=\"https:\/\/www.mexicanguitarplayers.com\/wp-content\/uploads\/2022\/08\/VAMIDDP48MB.jpg\" \/>\n\t<meta property=\"og:image:width\" content=\"1600\" \/>\n\t<meta property=\"og:image:height\" content=\"800\" \/>\n\t<meta property=\"og:image:type\" content=\"image\/jpeg\" \/>\n<meta name=\"twitter:card\" content=\"summary_large_image\" \/>\n<script type=\"application\/ld+json\" class=\"yoast-schema-graph\">{\"@context\":\"https:\\\/\\\/schema.org\",\"@graph\":[{\"@type\":[\"WebPage\",\"ItemPage\"],\"@id\":\"https:\\\/\\\/www.mexicanguitarplayers.com\\\/tienda\\\/accesorios\\\/stands\\\/varios-stands\\\/soporte-midas-p-mezcladora-mod-dp48mb\\\/\",\"url\":\"https:\\\/\\\/www.mexicanguitarplayers.com\\\/tienda\\\/accesorios\\\/stands\\\/varios-stands\\\/soporte-midas-p-mezcladora-mod-dp48mb\\\/\",\"name\":\"SOPORTE MIDAS P\\\/MEZCLADORA MOD. DP48MB - Mexican Guitar Players\",\"isPartOf\":{\"@id\":\"https:\\\/\\\/www.mexicanguitarplayers.com\\\/#website\"},\"primaryImageOfPage\":{\"@id\":\"https:\\\/\\\/www.mexicanguitarplayers.com\\\/tienda\\\/accesorios\\\/stands\\\/varios-stands\\\/soporte-midas-p-mezcladora-mod-dp48mb\\\/#primaryimage\"},\"image\":{\"@id\":\"https:\\\/\\\/www.mexicanguitarplayers.com\\\/tienda\\\/accesorios\\\/stands\\\/varios-stands\\\/soporte-midas-p-mezcladora-mod-dp48mb\\\/#primaryimage\"},\"thumbnailUrl\":\"https:\\\/\\\/www.mexicanguitarplayers.com\\\/wp-content\\\/uploads\\\/2022\\\/08\\\/VAMIDDP48MB.jpg\",\"datePublished\":\"2022-08-18T21:09:30+00:00\",\"dateModified\":\"2023-06-29T22:40:47+00:00\",\"description\":\"SOPORTE MIDAS P\\\/MEZCLADORA MOD. DP48MB. Soporte de montaje para la mezcladora de monitoreo Midas DP48, se ajusta a atriles de micr\u00f3fono, de partitura o de bater\u00eda, incluye perchas dobles para aud\u00edfonos y gu\u00eda de cable.\",\"breadcrumb\":{\"@id\":\"https:\\\/\\\/www.mexicanguitarplayers.com\\\/tienda\\\/accesorios\\\/stands\\\/varios-stands\\\/soporte-midas-p-mezcladora-mod-dp48mb\\\/#breadcrumb\"},\"inLanguage\":\"en-US\",\"potentialAction\":[{\"@type\":\"ReadAction\",\"target\":[\"https:\\\/\\\/www.mexicanguitarplayers.com\\\/tienda\\\/accesorios\\\/stands\\\/varios-stands\\\/soporte-midas-p-mezcladora-mod-dp48mb\\\/\"]}]},{\"@type\":\"ImageObject\",\"inLanguage\":\"en-US\",\"@id\":\"https:\\\/\\\/www.mexicanguitarplayers.com\\\/tienda\\\/accesorios\\\/stands\\\/varios-stands\\\/soporte-midas-p-mezcladora-mod-dp48mb\\\/#primaryimage\",\"url\":\"https:\\\/\\\/www.mexicanguitarplayers.com\\\/wp-content\\\/uploads\\\/2022\\\/08\\\/VAMIDDP48MB.jpg\",\"contentUrl\":\"https:\\\/\\\/www.mexicanguitarplayers.com\\\/wp-content\\\/uploads\\\/2022\\\/08\\\/VAMIDDP48MB.jpg\",\"width\":1600,\"height\":800},{\"@type\":\"BreadcrumbList\",\"@id\":\"https:\\\/\\\/www.mexicanguitarplayers.com\\\/tienda\\\/accesorios\\\/stands\\\/varios-stands\\\/soporte-midas-p-mezcladora-mod-dp48mb\\\/#breadcrumb\",\"itemListElement\":[{\"@type\":\"ListItem\",\"position\":1,\"name\":\"Portada\",\"item\":\"https:\\\/\\\/www.mexicanguitarplayers.com\\\/\"},{\"@type\":\"ListItem\",\"position\":2,\"name\":\"Tienda\",\"item\":\"https:\\\/\\\/www.mexicanguitarplayers.com\\\/tienda\\\/\"},{\"@type\":\"ListItem\",\"position\":3,\"name\":\"SOPORTE MIDAS P\\\/MEZCLADORA MOD. DP48MB\"}]},{\"@type\":\"WebSite\",\"@id\":\"https:\\\/\\\/www.mexicanguitarplayers.com\\\/#website\",\"url\":\"https:\\\/\\\/www.mexicanguitarplayers.com\\\/\",\"name\":\"Mexican Guitar Players\",\"description\":\"Website\",\"publisher\":{\"@id\":\"https:\\\/\\\/www.mexicanguitarplayers.com\\\/#organization\"},\"potentialAction\":[{\"@type\":\"SearchAction\",\"target\":{\"@type\":\"EntryPoint\",\"urlTemplate\":\"https:\\\/\\\/www.mexicanguitarplayers.com\\\/?s={search_term_string}\"},\"query-input\":{\"@type\":\"PropertyValueSpecification\",\"valueRequired\":true,\"valueName\":\"search_term_string\"}}],\"inLanguage\":\"en-US\"},{\"@type\":\"Organization\",\"@id\":\"https:\\\/\\\/www.mexicanguitarplayers.com\\\/#organization\",\"name\":\"Mexican Guitar Players\",\"url\":\"https:\\\/\\\/www.mexicanguitarplayers.com\\\/\",\"logo\":{\"@type\":\"ImageObject\",\"inLanguage\":\"en-US\",\"@id\":\"https:\\\/\\\/www.mexicanguitarplayers.com\\\/#\\\/schema\\\/logo\\\/image\\\/\",\"url\":\"\",\"contentUrl\":\"\",\"caption\":\"Mexican Guitar Players\"},\"image\":{\"@id\":\"https:\\\/\\\/www.mexicanguitarplayers.com\\\/#\\\/schema\\\/logo\\\/image\\\/\"}}]}<\/script>\n<!-- \/ Yoast SEO plugin. -->","yoast_head_json":{"title":"SOPORTE MIDAS P\/MEZCLADORA MOD. DP48MB - Mexican Guitar Players","description":"SOPORTE MIDAS P\/MEZCLADORA MOD. DP48MB. Soporte de montaje para la mezcladora de monitoreo Midas DP48, se ajusta a atriles de micr\u00f3fono, de partitura o de bater\u00eda, incluye perchas dobles para aud\u00edfonos y gu\u00eda de cable.","robots":{"index":"index","follow":"follow","max-snippet":"max-snippet:-1","max-image-preview":"max-image-preview:large","max-video-preview":"max-video-preview:-1"},"canonical":"https:\/\/www.mexicanguitarplayers.com\/en\/tienda\/accesorios\/stands\/varios-stands\/soporte-midas-p-mezcladora-mod-dp48mb\/","og_locale":"en_US","og_type":"article","og_title":"SOPORTE MIDAS P\/MEZCLADORA MOD. DP48MB - Mexican Guitar Players","og_description":"SOPORTE MIDAS P\/MEZCLADORA MOD. DP48MB. Soporte de montaje para la mezcladora de monitoreo Midas DP48, se ajusta a atriles de micr\u00f3fono, de partitura o de bater\u00eda, incluye perchas dobles para aud\u00edfonos y gu\u00eda de cable.","og_url":"https:\/\/www.mexicanguitarplayers.com\/en\/tienda\/accesorios\/stands\/varios-stands\/soporte-midas-p-mezcladora-mod-dp48mb\/","og_site_name":"Mexican Guitar Players","article_modified_time":"2023-06-29T22:40:47+00:00","og_image":[{"width":1600,"height":800,"url":"https:\/\/www.mexicanguitarplayers.com\/wp-content\/uploads\/2022\/08\/VAMIDDP48MB.jpg","type":"image\/jpeg"}],"twitter_card":"summary_large_image","schema":{"@context":"https:\/\/schema.org","@graph":[{"@type":["WebPage","ItemPage"],"@id":"https:\/\/www.mexicanguitarplayers.com\/tienda\/accesorios\/stands\/varios-stands\/soporte-midas-p-mezcladora-mod-dp48mb\/","url":"https:\/\/www.mexicanguitarplayers.com\/tienda\/accesorios\/stands\/varios-stands\/soporte-midas-p-mezcladora-mod-dp48mb\/","name":"SOPORTE MIDAS P\/MEZCLADORA MOD. DP48MB - Mexican Guitar Players","isPartOf":{"@id":"https:\/\/www.mexicanguitarplayers.com\/#website"},"primaryImageOfPage":{"@id":"https:\/\/www.mexicanguitarplayers.com\/tienda\/accesorios\/stands\/varios-stands\/soporte-midas-p-mezcladora-mod-dp48mb\/#primaryimage"},"image":{"@id":"https:\/\/www.mexicanguitarplayers.com\/tienda\/accesorios\/stands\/varios-stands\/soporte-midas-p-mezcladora-mod-dp48mb\/#primaryimage"},"thumbnailUrl":"https:\/\/www.mexicanguitarplayers.com\/wp-content\/uploads\/2022\/08\/VAMIDDP48MB.jpg","datePublished":"2022-08-18T21:09:30+00:00","dateModified":"2023-06-29T22:40:47+00:00","description":"SOPORTE MIDAS P\/MEZCLADORA MOD. DP48MB. Soporte de montaje para la mezcladora de monitoreo Midas DP48, se ajusta a atriles de micr\u00f3fono, de partitura o de bater\u00eda, incluye perchas dobles para aud\u00edfonos y gu\u00eda de cable.","breadcrumb":{"@id":"https:\/\/www.mexicanguitarplayers.com\/tienda\/accesorios\/stands\/varios-stands\/soporte-midas-p-mezcladora-mod-dp48mb\/#breadcrumb"},"inLanguage":"en-US","potentialAction":[{"@type":"ReadAction","target":["https:\/\/www.mexicanguitarplayers.com\/tienda\/accesorios\/stands\/varios-stands\/soporte-midas-p-mezcladora-mod-dp48mb\/"]}]},{"@type":"ImageObject","inLanguage":"en-US","@id":"https:\/\/www.mexicanguitarplayers.com\/tienda\/accesorios\/stands\/varios-stands\/soporte-midas-p-mezcladora-mod-dp48mb\/#primaryimage","url":"https:\/\/www.mexicanguitarplayers.com\/wp-content\/uploads\/2022\/08\/VAMIDDP48MB.jpg","contentUrl":"https:\/\/www.mexicanguitarplayers.com\/wp-content\/uploads\/2022\/08\/VAMIDDP48MB.jpg","width":1600,"height":800},{"@type":"BreadcrumbList","@id":"https:\/\/www.mexicanguitarplayers.com\/tienda\/accesorios\/stands\/varios-stands\/soporte-midas-p-mezcladora-mod-dp48mb\/#breadcrumb","itemListElement":[{"@type":"ListItem","position":1,"name":"Portada","item":"https:\/\/www.mexicanguitarplayers.com\/"},{"@type":"ListItem","position":2,"name":"Tienda","item":"https:\/\/www.mexicanguitarplayers.com\/tienda\/"},{"@type":"ListItem","position":3,"name":"SOPORTE MIDAS P\/MEZCLADORA MOD. DP48MB"}]},{"@type":"WebSite","@id":"https:\/\/www.mexicanguitarplayers.com\/#website","url":"https:\/\/www.mexicanguitarplayers.com\/","name":"Mexican Guitar Players","description":"Website","publisher":{"@id":"https:\/\/www.mexicanguitarplayers.com\/#organization"},"potentialAction":[{"@type":"SearchAction","target":{"@type":"EntryPoint","urlTemplate":"https:\/\/www.mexicanguitarplayers.com\/?s={search_term_string}"},"query-input":{"@type":"PropertyValueSpecification","valueRequired":true,"valueName":"search_term_string"}}],"inLanguage":"en-US"},{"@type":"Organization","@id":"https:\/\/www.mexicanguitarplayers.com\/#organization","name":"Mexican Guitar Players","url":"https:\/\/www.mexicanguitarplayers.com\/","logo":{"@type":"ImageObject","inLanguage":"en-US","@id":"https:\/\/www.mexicanguitarplayers.com\/#\/schema\/logo\/image\/","url":"","contentUrl":"","caption":"Mexican Guitar Players"},"image":{"@id":"https:\/\/www.mexicanguitarplayers.com\/#\/schema\/logo\/image\/"}}]}},"brands":[{"id":187,"name":"MIDAS","slug":"midas"}],"_links":{"self":[{"href":"https:\/\/www.mexicanguitarplayers.com\/en\/wp-json\/wp\/v2\/product\/15769","targetHints":{"allow":["GET"]}}],"collection":[{"href":"https:\/\/www.mexicanguitarplayers.com\/en\/wp-json\/wp\/v2\/product"}],"about":[{"href":"https:\/\/www.mexicanguitarplayers.com\/en\/wp-json\/wp\/v2\/types\/product"}],"replies":[{"embeddable":true,"href":"https:\/\/www.mexicanguitarplayers.com\/en\/wp-json\/wp\/v2\/comments?post=15769"}],"wp:featuredmedia":[{"embeddable":true,"href":"https:\/\/www.mexicanguitarplayers.com\/en\/wp-json\/wp\/v2\/media\/15764"}],"wp:attachment":[{"href":"https:\/\/www.mexicanguitarplayers.com\/en\/wp-json\/wp\/v2\/media?parent=15769"}],"wp:term":[{"taxonomy":"pwb-brand","embeddable":true,"href":"https:\/\/www.mexicanguitarplayers.com\/en\/wp-json\/wp\/v2\/pwb-brand?post=15769"},{"taxonomy":"product_brand","embeddable":true,"href":"https:\/\/www.mexicanguitarplayers.com\/en\/wp-json\/wp\/v2\/product_brand?post=15769"},{"taxonomy":"product_cat","embeddable":true,"href":"https:\/\/www.mexicanguitarplayers.com\/en\/wp-json\/wp\/v2\/product_cat?post=15769"},{"taxonomy":"product_tag","embeddable":true,"href":"https:\/\/www.mexicanguitarplayers.com\/en\/wp-json\/wp\/v2\/product_tag?post=15769"}],"curies":[{"name":"wp","href":"https:\/\/api.w.org\/{rel}","templated":true}]}}