{"id":15771,"date":"2022-08-18T16:09:33","date_gmt":"2022-08-18T21:09:33","guid":{"rendered":"https:\/\/www.mexicanguitarplayers.com\/tienda\/sin%20categor\u00eda\/microfono-sennheiser-mod-3-pack-e-604\/"},"modified":"2023-07-01T14:24:51","modified_gmt":"2023-07-01T19:24:51","slug":"microfono-sennheiser-mod-3-pack-e-604","status":"publish","type":"product","link":"https:\/\/www.mexicanguitarplayers.com\/en\/tienda\/audio\/microfonia\/microfonos-alambricos\/para-instrumento\/microfono-sennheiser-mod-3-pack-e-604\/","title":{"rendered":"SENNHEISER MICROPHONE MOD. 3-PACK E 604"},"content":{"rendered":"<div style=\"text-align: justify\">\n<div>\n<h3>SENNHEISER MICROPHONE MOD. 3-PACK E 604<\/h3>\n<\/div>\n<div>E604 3-piece microphone set, compact dynamic microphone, ideal for toms and snare drums, transmits extreme sound pressure levels (over 160 dB) without distortion, impact-resistant fiberglass reinforced housing, very low structural noise, extremely easy handling and free positioning, compensation coil, dimensions: \u00d8 33 x 59 mm, XLR-3 connector, frequency response: 40 \u2013 18,000 Hz, transducer principle: dynamic, weight: 60 g, cardioid polar pattern, open field sensitivity, no load, (1kHz): 1.8 mV\/Pa, nominal impedance: 350 ohms, minimum termination impedance: 1000 ohms, includes drum clip and carrying bag.<\/div>\n<\/div>","protected":false},"excerpt":{"rendered":"<p>Set de 3 micr\u00f3fonos E604, micr\u00f3fono compacto din\u00e1mico, ideal para toms y tarola, transmite extremos niveles de presi\u00f3n sonora (m\u00e1s de 160 dB) sin distorsi\u00f3n, carcasa reforzada de fibra de vidrio resistente a los impactos, muy bajo ruido estructural, manejo extremadamente sencillo y posicionamiento libre, bobina de compensaci\u00f3n, dimensiones: \u00d8 33 x 59 mm, conector XLR-3, respuesta de frecuencia: 40 &#8211; 18,000 Hz, principio del transductor: din\u00e1mico, peso: 60 g, patr\u00f3n polar cardioide, sensibilidad en campo abierto, sin carga, (1kHz): 1,8 mV\/Pa, impedancia nominal: 350 ohms, impedancia m\u00ednima de terminaci\u00f3n: 1000 ohms, incluye clip para tambor y una bolsa de transporte.&hellip; <a class=\"kt-excerpt-readmore more-link\" href=\"https:\/\/www.mexicanguitarplayers.com\/en\/tienda\/audio\/microfonia\/microfonos-alambricos\/para-instrumento\/microfono-sennheiser-mod-3-pack-e-604\/\">Read more<\/a><\/p>","protected":false},"featured_media":15770,"comment_status":"open","ping_status":"closed","template":"","meta":{"kt_blocks_editor_width":""},"pwb-brand":[176],"product_brand":[],"product_cat":[213,214,215,216],"product_tag":[],"class_list":{"0":"post-15771","1":"product","2":"type-product","3":"status-publish","4":"has-post-thumbnail","6":"pwb-brand-sennheiser","7":"product_cat-audio","8":"product_cat-microfonia","9":"product_cat-microfonos-alambricos","10":"product_cat-para-instrumento","11":"product_shipping_class-0-5-kg","13":"first","14":"outofstock","15":"taxable","16":"shipping-taxable","17":"purchasable","18":"product-type-simple"},"yoast_head":"<!-- This site is optimized with the Yoast SEO plugin v27.6 - https:\/\/yoast.com\/product\/yoast-seo-wordpress\/ -->\n<title>MICROFONO SENNHEISER MOD. 3-PACK E 604 - Mexican Guitar Players<\/title>\n<meta name=\"description\" content=\"MICROFONO SENNHEISER MOD. 3-PACK E 604. Set de 3 micr\u00f3fonos E604, micr\u00f3fono compacto din\u00e1mico, ideal para toms y tarola, transmite extremos niveles de presi\u00f3n sonora (m\u00e1s de 160 dB) sin distorsi\u00f3n, carcasa reforzada de fibra de vidrio resistente a los impactos, muy bajo ruido estructural, manejo extremadamente sencillo y posicionamiento libre, bobina de compensaci\u00f3n, dimensiones: \u00d8 33 x 59 mm, conector XLR-3, respuesta de frecuencia: 40 - 18,000 Hz, principio del transductor: din\u00e1mico, peso: 60 g, patr\u00f3n polar cardioide, sensibilidad en campo abierto, sin carga, (1kHz): 1,8 mV\/Pa, impedancia nominal: 350 ohms, impedancia m\u00ednima de terminaci\u00f3n: 1000 ohms, incluye clip para tambor y una bolsa de transporte.\" \/>\n<meta name=\"robots\" content=\"index, follow, max-snippet:-1, max-image-preview:large, max-video-preview:-1\" \/>\n<link rel=\"canonical\" href=\"https:\/\/www.mexicanguitarplayers.com\/en\/tienda\/audio\/microfonia\/microfonos-alambricos\/para-instrumento\/microfono-sennheiser-mod-3-pack-e-604\/\" \/>\n<meta property=\"og:locale\" content=\"en_US\" \/>\n<meta property=\"og:type\" content=\"article\" \/>\n<meta property=\"og:title\" content=\"MICROFONO SENNHEISER MOD. 3-PACK E 604 - Mexican Guitar Players\" \/>\n<meta property=\"og:description\" content=\"MICROFONO SENNHEISER MOD. 3-PACK E 604. Set de 3 micr\u00f3fonos E604, micr\u00f3fono compacto din\u00e1mico, ideal para toms y tarola, transmite extremos niveles de presi\u00f3n sonora (m\u00e1s de 160 dB) sin distorsi\u00f3n, carcasa reforzada de fibra de vidrio resistente a los impactos, muy bajo ruido estructural, manejo extremadamente sencillo y posicionamiento libre, bobina de compensaci\u00f3n, dimensiones: \u00d8 33 x 59 mm, conector XLR-3, respuesta de frecuencia: 40 - 18,000 Hz, principio del transductor: din\u00e1mico, peso: 60 g, patr\u00f3n polar cardioide, sensibilidad en campo abierto, sin carga, (1kHz): 1,8 mV\/Pa, impedancia nominal: 350 ohms, impedancia m\u00ednima de terminaci\u00f3n: 1000 ohms, incluye clip para tambor y una bolsa de transporte.\" \/>\n<meta property=\"og:url\" content=\"https:\/\/www.mexicanguitarplayers.com\/en\/tienda\/audio\/microfonia\/microfonos-alambricos\/para-instrumento\/microfono-sennheiser-mod-3-pack-e-604\/\" \/>\n<meta property=\"og:site_name\" content=\"Mexican Guitar Players\" \/>\n<meta property=\"article:modified_time\" content=\"2023-07-01T19:24:51+00:00\" \/>\n<meta property=\"og:image\" content=\"https:\/\/www.mexicanguitarplayers.com\/wp-content\/uploads\/2022\/08\/VASEN3PACKE604.jpg\" \/>\n\t<meta property=\"og:image:width\" content=\"1600\" \/>\n\t<meta property=\"og:image:height\" content=\"800\" \/>\n\t<meta property=\"og:image:type\" content=\"image\/jpeg\" \/>\n<meta name=\"twitter:card\" content=\"summary_large_image\" \/>\n<meta name=\"twitter:label1\" content=\"Est. reading time\" \/>\n\t<meta name=\"twitter:data1\" content=\"1 minute\" \/>\n<script type=\"application\/ld+json\" class=\"yoast-schema-graph\">{\"@context\":\"https:\\\/\\\/schema.org\",\"@graph\":[{\"@type\":[\"WebPage\",\"ItemPage\"],\"@id\":\"https:\\\/\\\/www.mexicanguitarplayers.com\\\/tienda\\\/audio\\\/microfonia\\\/microfonos-alambricos\\\/para-instrumento\\\/microfono-sennheiser-mod-3-pack-e-604\\\/\",\"url\":\"https:\\\/\\\/www.mexicanguitarplayers.com\\\/tienda\\\/audio\\\/microfonia\\\/microfonos-alambricos\\\/para-instrumento\\\/microfono-sennheiser-mod-3-pack-e-604\\\/\",\"name\":\"MICROFONO SENNHEISER MOD. 3-PACK E 604 - Mexican Guitar Players\",\"isPartOf\":{\"@id\":\"https:\\\/\\\/www.mexicanguitarplayers.com\\\/#website\"},\"primaryImageOfPage\":{\"@id\":\"https:\\\/\\\/www.mexicanguitarplayers.com\\\/tienda\\\/audio\\\/microfonia\\\/microfonos-alambricos\\\/para-instrumento\\\/microfono-sennheiser-mod-3-pack-e-604\\\/#primaryimage\"},\"image\":{\"@id\":\"https:\\\/\\\/www.mexicanguitarplayers.com\\\/tienda\\\/audio\\\/microfonia\\\/microfonos-alambricos\\\/para-instrumento\\\/microfono-sennheiser-mod-3-pack-e-604\\\/#primaryimage\"},\"thumbnailUrl\":\"https:\\\/\\\/www.mexicanguitarplayers.com\\\/wp-content\\\/uploads\\\/2022\\\/08\\\/VASEN3PACKE604.jpg\",\"datePublished\":\"2022-08-18T21:09:33+00:00\",\"dateModified\":\"2023-07-01T19:24:51+00:00\",\"description\":\"MICROFONO SENNHEISER MOD. 3-PACK E 604. Set de 3 micr\u00f3fonos E604, micr\u00f3fono compacto din\u00e1mico, ideal para toms y tarola, transmite extremos niveles de presi\u00f3n sonora (m\u00e1s de 160 dB) sin distorsi\u00f3n, carcasa reforzada de fibra de vidrio resistente a los impactos, muy bajo ruido estructural, manejo extremadamente sencillo y posicionamiento libre, bobina de compensaci\u00f3n, dimensiones: \u00d8 33 x 59 mm, conector XLR-3, respuesta de frecuencia: 40 - 18,000 Hz, principio del transductor: din\u00e1mico, peso: 60 g, patr\u00f3n polar cardioide, sensibilidad en campo abierto, sin carga, (1kHz): 1,8 mV\\\/Pa, impedancia nominal: 350 ohms, impedancia m\u00ednima de terminaci\u00f3n: 1000 ohms, incluye clip para tambor y una bolsa de transporte.\",\"breadcrumb\":{\"@id\":\"https:\\\/\\\/www.mexicanguitarplayers.com\\\/tienda\\\/audio\\\/microfonia\\\/microfonos-alambricos\\\/para-instrumento\\\/microfono-sennheiser-mod-3-pack-e-604\\\/#breadcrumb\"},\"inLanguage\":\"en-US\",\"potentialAction\":[{\"@type\":\"ReadAction\",\"target\":[\"https:\\\/\\\/www.mexicanguitarplayers.com\\\/tienda\\\/audio\\\/microfonia\\\/microfonos-alambricos\\\/para-instrumento\\\/microfono-sennheiser-mod-3-pack-e-604\\\/\"]}]},{\"@type\":\"ImageObject\",\"inLanguage\":\"en-US\",\"@id\":\"https:\\\/\\\/www.mexicanguitarplayers.com\\\/tienda\\\/audio\\\/microfonia\\\/microfonos-alambricos\\\/para-instrumento\\\/microfono-sennheiser-mod-3-pack-e-604\\\/#primaryimage\",\"url\":\"https:\\\/\\\/www.mexicanguitarplayers.com\\\/wp-content\\\/uploads\\\/2022\\\/08\\\/VASEN3PACKE604.jpg\",\"contentUrl\":\"https:\\\/\\\/www.mexicanguitarplayers.com\\\/wp-content\\\/uploads\\\/2022\\\/08\\\/VASEN3PACKE604.jpg\",\"width\":1600,\"height\":800},{\"@type\":\"BreadcrumbList\",\"@id\":\"https:\\\/\\\/www.mexicanguitarplayers.com\\\/tienda\\\/audio\\\/microfonia\\\/microfonos-alambricos\\\/para-instrumento\\\/microfono-sennheiser-mod-3-pack-e-604\\\/#breadcrumb\",\"itemListElement\":[{\"@type\":\"ListItem\",\"position\":1,\"name\":\"Portada\",\"item\":\"https:\\\/\\\/www.mexicanguitarplayers.com\\\/\"},{\"@type\":\"ListItem\",\"position\":2,\"name\":\"Tienda\",\"item\":\"https:\\\/\\\/www.mexicanguitarplayers.com\\\/tienda\\\/\"},{\"@type\":\"ListItem\",\"position\":3,\"name\":\"MICROFONO SENNHEISER MOD. 3-PACK E 604\"}]},{\"@type\":\"WebSite\",\"@id\":\"https:\\\/\\\/www.mexicanguitarplayers.com\\\/#website\",\"url\":\"https:\\\/\\\/www.mexicanguitarplayers.com\\\/\",\"name\":\"Mexican Guitar Players\",\"description\":\"Website\",\"publisher\":{\"@id\":\"https:\\\/\\\/www.mexicanguitarplayers.com\\\/#organization\"},\"potentialAction\":[{\"@type\":\"SearchAction\",\"target\":{\"@type\":\"EntryPoint\",\"urlTemplate\":\"https:\\\/\\\/www.mexicanguitarplayers.com\\\/?s={search_term_string}\"},\"query-input\":{\"@type\":\"PropertyValueSpecification\",\"valueRequired\":true,\"valueName\":\"search_term_string\"}}],\"inLanguage\":\"en-US\"},{\"@type\":\"Organization\",\"@id\":\"https:\\\/\\\/www.mexicanguitarplayers.com\\\/#organization\",\"name\":\"Mexican Guitar Players\",\"url\":\"https:\\\/\\\/www.mexicanguitarplayers.com\\\/\",\"logo\":{\"@type\":\"ImageObject\",\"inLanguage\":\"en-US\",\"@id\":\"https:\\\/\\\/www.mexicanguitarplayers.com\\\/#\\\/schema\\\/logo\\\/image\\\/\",\"url\":\"\",\"contentUrl\":\"\",\"caption\":\"Mexican Guitar Players\"},\"image\":{\"@id\":\"https:\\\/\\\/www.mexicanguitarplayers.com\\\/#\\\/schema\\\/logo\\\/image\\\/\"}}]}<\/script>\n<!-- \/ Yoast SEO plugin. -->","yoast_head_json":{"title":"MICROFONO SENNHEISER MOD. 3-PACK E 604 - Mexican Guitar Players","description":"MICROFONO SENNHEISER MOD. 3-PACK E 604. Set de 3 micr\u00f3fonos E604, micr\u00f3fono compacto din\u00e1mico, ideal para toms y tarola, transmite extremos niveles de presi\u00f3n sonora (m\u00e1s de 160 dB) sin distorsi\u00f3n, carcasa reforzada de fibra de vidrio resistente a los impactos, muy bajo ruido estructural, manejo extremadamente sencillo y posicionamiento libre, bobina de compensaci\u00f3n, dimensiones: \u00d8 33 x 59 mm, conector XLR-3, respuesta de frecuencia: 40 - 18,000 Hz, principio del transductor: din\u00e1mico, peso: 60 g, patr\u00f3n polar cardioide, sensibilidad en campo abierto, sin carga, (1kHz): 1,8 mV\/Pa, impedancia nominal: 350 ohms, impedancia m\u00ednima de terminaci\u00f3n: 1000 ohms, incluye clip para tambor y una bolsa de transporte.","robots":{"index":"index","follow":"follow","max-snippet":"max-snippet:-1","max-image-preview":"max-image-preview:large","max-video-preview":"max-video-preview:-1"},"canonical":"https:\/\/www.mexicanguitarplayers.com\/en\/tienda\/audio\/microfonia\/microfonos-alambricos\/para-instrumento\/microfono-sennheiser-mod-3-pack-e-604\/","og_locale":"en_US","og_type":"article","og_title":"MICROFONO SENNHEISER MOD. 3-PACK E 604 - Mexican Guitar Players","og_description":"MICROFONO SENNHEISER MOD. 3-PACK E 604. Set de 3 micr\u00f3fonos E604, micr\u00f3fono compacto din\u00e1mico, ideal para toms y tarola, transmite extremos niveles de presi\u00f3n sonora (m\u00e1s de 160 dB) sin distorsi\u00f3n, carcasa reforzada de fibra de vidrio resistente a los impactos, muy bajo ruido estructural, manejo extremadamente sencillo y posicionamiento libre, bobina de compensaci\u00f3n, dimensiones: \u00d8 33 x 59 mm, conector XLR-3, respuesta de frecuencia: 40 - 18,000 Hz, principio del transductor: din\u00e1mico, peso: 60 g, patr\u00f3n polar cardioide, sensibilidad en campo abierto, sin carga, (1kHz): 1,8 mV\/Pa, impedancia nominal: 350 ohms, impedancia m\u00ednima de terminaci\u00f3n: 1000 ohms, incluye clip para tambor y una bolsa de transporte.","og_url":"https:\/\/www.mexicanguitarplayers.com\/en\/tienda\/audio\/microfonia\/microfonos-alambricos\/para-instrumento\/microfono-sennheiser-mod-3-pack-e-604\/","og_site_name":"Mexican Guitar Players","article_modified_time":"2023-07-01T19:24:51+00:00","og_image":[{"width":1600,"height":800,"url":"https:\/\/www.mexicanguitarplayers.com\/wp-content\/uploads\/2022\/08\/VASEN3PACKE604.jpg","type":"image\/jpeg"}],"twitter_card":"summary_large_image","twitter_misc":{"Est. reading time":"1 minute"},"schema":{"@context":"https:\/\/schema.org","@graph":[{"@type":["WebPage","ItemPage"],"@id":"https:\/\/www.mexicanguitarplayers.com\/tienda\/audio\/microfonia\/microfonos-alambricos\/para-instrumento\/microfono-sennheiser-mod-3-pack-e-604\/","url":"https:\/\/www.mexicanguitarplayers.com\/tienda\/audio\/microfonia\/microfonos-alambricos\/para-instrumento\/microfono-sennheiser-mod-3-pack-e-604\/","name":"MICROFONO SENNHEISER MOD. 3-PACK E 604 - Mexican Guitar Players","isPartOf":{"@id":"https:\/\/www.mexicanguitarplayers.com\/#website"},"primaryImageOfPage":{"@id":"https:\/\/www.mexicanguitarplayers.com\/tienda\/audio\/microfonia\/microfonos-alambricos\/para-instrumento\/microfono-sennheiser-mod-3-pack-e-604\/#primaryimage"},"image":{"@id":"https:\/\/www.mexicanguitarplayers.com\/tienda\/audio\/microfonia\/microfonos-alambricos\/para-instrumento\/microfono-sennheiser-mod-3-pack-e-604\/#primaryimage"},"thumbnailUrl":"https:\/\/www.mexicanguitarplayers.com\/wp-content\/uploads\/2022\/08\/VASEN3PACKE604.jpg","datePublished":"2022-08-18T21:09:33+00:00","dateModified":"2023-07-01T19:24:51+00:00","description":"MICROFONO SENNHEISER MOD. 3-PACK E 604. Set de 3 micr\u00f3fonos E604, micr\u00f3fono compacto din\u00e1mico, ideal para toms y tarola, transmite extremos niveles de presi\u00f3n sonora (m\u00e1s de 160 dB) sin distorsi\u00f3n, carcasa reforzada de fibra de vidrio resistente a los impactos, muy bajo ruido estructural, manejo extremadamente sencillo y posicionamiento libre, bobina de compensaci\u00f3n, dimensiones: \u00d8 33 x 59 mm, conector XLR-3, respuesta de frecuencia: 40 - 18,000 Hz, principio del transductor: din\u00e1mico, peso: 60 g, patr\u00f3n polar cardioide, sensibilidad en campo abierto, sin carga, (1kHz): 1,8 mV\/Pa, impedancia nominal: 350 ohms, impedancia m\u00ednima de terminaci\u00f3n: 1000 ohms, incluye clip para tambor y una bolsa de transporte.","breadcrumb":{"@id":"https:\/\/www.mexicanguitarplayers.com\/tienda\/audio\/microfonia\/microfonos-alambricos\/para-instrumento\/microfono-sennheiser-mod-3-pack-e-604\/#breadcrumb"},"inLanguage":"en-US","potentialAction":[{"@type":"ReadAction","target":["https:\/\/www.mexicanguitarplayers.com\/tienda\/audio\/microfonia\/microfonos-alambricos\/para-instrumento\/microfono-sennheiser-mod-3-pack-e-604\/"]}]},{"@type":"ImageObject","inLanguage":"en-US","@id":"https:\/\/www.mexicanguitarplayers.com\/tienda\/audio\/microfonia\/microfonos-alambricos\/para-instrumento\/microfono-sennheiser-mod-3-pack-e-604\/#primaryimage","url":"https:\/\/www.mexicanguitarplayers.com\/wp-content\/uploads\/2022\/08\/VASEN3PACKE604.jpg","contentUrl":"https:\/\/www.mexicanguitarplayers.com\/wp-content\/uploads\/2022\/08\/VASEN3PACKE604.jpg","width":1600,"height":800},{"@type":"BreadcrumbList","@id":"https:\/\/www.mexicanguitarplayers.com\/tienda\/audio\/microfonia\/microfonos-alambricos\/para-instrumento\/microfono-sennheiser-mod-3-pack-e-604\/#breadcrumb","itemListElement":[{"@type":"ListItem","position":1,"name":"Portada","item":"https:\/\/www.mexicanguitarplayers.com\/"},{"@type":"ListItem","position":2,"name":"Tienda","item":"https:\/\/www.mexicanguitarplayers.com\/tienda\/"},{"@type":"ListItem","position":3,"name":"MICROFONO SENNHEISER MOD. 3-PACK E 604"}]},{"@type":"WebSite","@id":"https:\/\/www.mexicanguitarplayers.com\/#website","url":"https:\/\/www.mexicanguitarplayers.com\/","name":"Mexican Guitar Players","description":"Website","publisher":{"@id":"https:\/\/www.mexicanguitarplayers.com\/#organization"},"potentialAction":[{"@type":"SearchAction","target":{"@type":"EntryPoint","urlTemplate":"https:\/\/www.mexicanguitarplayers.com\/?s={search_term_string}"},"query-input":{"@type":"PropertyValueSpecification","valueRequired":true,"valueName":"search_term_string"}}],"inLanguage":"en-US"},{"@type":"Organization","@id":"https:\/\/www.mexicanguitarplayers.com\/#organization","name":"Mexican Guitar Players","url":"https:\/\/www.mexicanguitarplayers.com\/","logo":{"@type":"ImageObject","inLanguage":"en-US","@id":"https:\/\/www.mexicanguitarplayers.com\/#\/schema\/logo\/image\/","url":"","contentUrl":"","caption":"Mexican Guitar Players"},"image":{"@id":"https:\/\/www.mexicanguitarplayers.com\/#\/schema\/logo\/image\/"}}]}},"brands":[{"id":176,"name":"SENNHEISER","slug":"sennheiser"}],"_links":{"self":[{"href":"https:\/\/www.mexicanguitarplayers.com\/en\/wp-json\/wp\/v2\/product\/15771","targetHints":{"allow":["GET"]}}],"collection":[{"href":"https:\/\/www.mexicanguitarplayers.com\/en\/wp-json\/wp\/v2\/product"}],"about":[{"href":"https:\/\/www.mexicanguitarplayers.com\/en\/wp-json\/wp\/v2\/types\/product"}],"replies":[{"embeddable":true,"href":"https:\/\/www.mexicanguitarplayers.com\/en\/wp-json\/wp\/v2\/comments?post=15771"}],"wp:featuredmedia":[{"embeddable":true,"href":"https:\/\/www.mexicanguitarplayers.com\/en\/wp-json\/wp\/v2\/media\/15770"}],"wp:attachment":[{"href":"https:\/\/www.mexicanguitarplayers.com\/en\/wp-json\/wp\/v2\/media?parent=15771"}],"wp:term":[{"taxonomy":"pwb-brand","embeddable":true,"href":"https:\/\/www.mexicanguitarplayers.com\/en\/wp-json\/wp\/v2\/pwb-brand?post=15771"},{"taxonomy":"product_brand","embeddable":true,"href":"https:\/\/www.mexicanguitarplayers.com\/en\/wp-json\/wp\/v2\/product_brand?post=15771"},{"taxonomy":"product_cat","embeddable":true,"href":"https:\/\/www.mexicanguitarplayers.com\/en\/wp-json\/wp\/v2\/product_cat?post=15771"},{"taxonomy":"product_tag","embeddable":true,"href":"https:\/\/www.mexicanguitarplayers.com\/en\/wp-json\/wp\/v2\/product_tag?post=15771"}],"curies":[{"name":"wp","href":"https:\/\/api.w.org\/{rel}","templated":true}]}}