{"id":15779,"date":"2022-08-18T16:09:47","date_gmt":"2022-08-18T21:09:47","guid":{"rendered":"https:\/\/www.mexicanguitarplayers.com\/tienda\/sin%20categor\u00eda\/audifonos-sennheiser-mod-hd-25\/"},"modified":"2026-03-04T19:21:29","modified_gmt":"2026-03-05T01:21:29","slug":"audifonos-sennheiser-mod-hd-25","status":"publish","type":"product","link":"https:\/\/www.mexicanguitarplayers.com\/en\/tienda\/audio\/audifonos\/audifono-alambrico\/audifonos-para-dj\/audifonos-sennheiser-mod-hd-25\/","title":{"rendered":"HEADPHONES SENNHEISER MOD. HD-25"},"content":{"rendered":"<div style=\"text-align: justify\">\n<div>\n<h3>HEADPHONES SENNHEISER MOD. HD-25<\/h3>\n<\/div>\n<div>Closed-back dynamic over-ear headphones for DJs, performs exceptionally well in noisy environments, high sensitivity due to lightweight aluminum cables, capable of withstanding high sound pressure levels, lightweight and comfortable, even when worn for long periods of time, durable cable, detachable and single-sided, rotating capsule for listening with one ear, 1.5 m cable, maximum SPL: 120 dB, weight: 140 g.<\/div>\n<\/div>","protected":false},"excerpt":{"rendered":"<p>Aud\u00edfonos supraaurales cerrados din\u00e1micos para DJ, funciona excepcionalmente bien en entornos ruidosos, alta sensibilidad debido a los cables ligeros de aluminio, capaces de soportar altos niveles de presi\u00f3n sonora, ligeros y c\u00f3modos, incluso si los usas durante largos periodos de tiempo, cable resistente, desmontable y de un solo lado, c\u00e1psula giratoria para escuchar con un solo o\u00eddo, cable de 1.5 m, SPL m\u00e1ximo: 120 dB, peso: 140 g.&hellip; <a class=\"kt-excerpt-readmore more-link\" href=\"https:\/\/www.mexicanguitarplayers.com\/en\/tienda\/audio\/audifonos\/audifono-alambrico\/audifonos-para-dj\/audifonos-sennheiser-mod-hd-25\/\">Read more<\/a><\/p>","protected":false},"featured_media":15774,"comment_status":"open","ping_status":"closed","template":"","meta":{"kt_blocks_editor_width":""},"pwb-brand":[176],"product_brand":[],"product_cat":[506,505,511,213],"product_tag":[],"class_list":{"0":"post-15779","1":"product","2":"type-product","3":"status-publish","4":"has-post-thumbnail","6":"pwb-brand-sennheiser","7":"product_cat-audifono-alambrico","8":"product_cat-audifonos","9":"product_cat-audifonos-para-dj","10":"product_cat-audio","11":"product_shipping_class-0-5-kg","13":"first","14":"outofstock","15":"taxable","16":"shipping-taxable","17":"purchasable","18":"product-type-simple"},"yoast_head":"<!-- This site is optimized with the Yoast SEO plugin v27.3 - https:\/\/yoast.com\/product\/yoast-seo-wordpress\/ -->\n<title>AUDIFONOS SENNHEISER MOD. HD-25 - Mexican Guitar Players<\/title>\n<meta name=\"description\" content=\"AUDIFONOS SENNHEISER MOD. HD-25. Aud\u00edfonos supraaurales cerrados din\u00e1micos para DJ, funciona excepcionalmente bien en entornos ruidosos, alta sensibilidad debido a los cables ligeros de aluminio, capaces de soportar altos niveles de presi\u00f3n sonora, ligeros y c\u00f3modos, incluso si los usas durante largos periodos de tiempo, cable resistente, desmontable y de un solo lado, c\u00e1psula giratoria para escuchar con un solo o\u00eddo, cable de 1.5 m, SPL m\u00e1ximo: 120 dB, peso: 140 g.\" \/>\n<meta name=\"robots\" content=\"index, follow, max-snippet:-1, max-image-preview:large, max-video-preview:-1\" \/>\n<link rel=\"canonical\" href=\"https:\/\/www.mexicanguitarplayers.com\/en\/tienda\/audio\/audifonos\/audifono-alambrico\/audifonos-para-dj\/audifonos-sennheiser-mod-hd-25\/\" \/>\n<meta property=\"og:locale\" content=\"en_US\" \/>\n<meta property=\"og:type\" content=\"article\" \/>\n<meta property=\"og:title\" content=\"AUDIFONOS SENNHEISER MOD. HD-25 - Mexican Guitar Players\" \/>\n<meta property=\"og:description\" content=\"AUDIFONOS SENNHEISER MOD. HD-25. Aud\u00edfonos supraaurales cerrados din\u00e1micos para DJ, funciona excepcionalmente bien en entornos ruidosos, alta sensibilidad debido a los cables ligeros de aluminio, capaces de soportar altos niveles de presi\u00f3n sonora, ligeros y c\u00f3modos, incluso si los usas durante largos periodos de tiempo, cable resistente, desmontable y de un solo lado, c\u00e1psula giratoria para escuchar con un solo o\u00eddo, cable de 1.5 m, SPL m\u00e1ximo: 120 dB, peso: 140 g.\" \/>\n<meta property=\"og:url\" content=\"https:\/\/www.mexicanguitarplayers.com\/en\/tienda\/audio\/audifonos\/audifono-alambrico\/audifonos-para-dj\/audifonos-sennheiser-mod-hd-25\/\" \/>\n<meta property=\"og:site_name\" content=\"Mexican Guitar Players\" \/>\n<meta property=\"article:modified_time\" content=\"2026-03-05T01:21:29+00:00\" \/>\n<meta property=\"og:image\" content=\"https:\/\/www.mexicanguitarplayers.com\/wp-content\/uploads\/2022\/08\/VASENHD25.jpg\" \/>\n\t<meta property=\"og:image:width\" content=\"1200\" \/>\n\t<meta property=\"og:image:height\" content=\"1200\" \/>\n\t<meta property=\"og:image:type\" content=\"image\/jpeg\" \/>\n<meta name=\"twitter:card\" content=\"summary_large_image\" \/>\n<script type=\"application\/ld+json\" class=\"yoast-schema-graph\">{\"@context\":\"https:\\\/\\\/schema.org\",\"@graph\":[{\"@type\":[\"WebPage\",\"ItemPage\"],\"@id\":\"https:\\\/\\\/www.mexicanguitarplayers.com\\\/tienda\\\/audio\\\/audifonos\\\/audifono-alambrico\\\/audifonos-para-dj\\\/audifonos-sennheiser-mod-hd-25\\\/\",\"url\":\"https:\\\/\\\/www.mexicanguitarplayers.com\\\/tienda\\\/audio\\\/audifonos\\\/audifono-alambrico\\\/audifonos-para-dj\\\/audifonos-sennheiser-mod-hd-25\\\/\",\"name\":\"AUDIFONOS SENNHEISER MOD. HD-25 - Mexican Guitar Players\",\"isPartOf\":{\"@id\":\"https:\\\/\\\/www.mexicanguitarplayers.com\\\/#website\"},\"primaryImageOfPage\":{\"@id\":\"https:\\\/\\\/www.mexicanguitarplayers.com\\\/tienda\\\/audio\\\/audifonos\\\/audifono-alambrico\\\/audifonos-para-dj\\\/audifonos-sennheiser-mod-hd-25\\\/#primaryimage\"},\"image\":{\"@id\":\"https:\\\/\\\/www.mexicanguitarplayers.com\\\/tienda\\\/audio\\\/audifonos\\\/audifono-alambrico\\\/audifonos-para-dj\\\/audifonos-sennheiser-mod-hd-25\\\/#primaryimage\"},\"thumbnailUrl\":\"https:\\\/\\\/www.mexicanguitarplayers.com\\\/wp-content\\\/uploads\\\/2022\\\/08\\\/VASENHD25.jpg\",\"datePublished\":\"2022-08-18T21:09:47+00:00\",\"dateModified\":\"2026-03-05T01:21:29+00:00\",\"description\":\"AUDIFONOS SENNHEISER MOD. HD-25. Aud\u00edfonos supraaurales cerrados din\u00e1micos para DJ, funciona excepcionalmente bien en entornos ruidosos, alta sensibilidad debido a los cables ligeros de aluminio, capaces de soportar altos niveles de presi\u00f3n sonora, ligeros y c\u00f3modos, incluso si los usas durante largos periodos de tiempo, cable resistente, desmontable y de un solo lado, c\u00e1psula giratoria para escuchar con un solo o\u00eddo, cable de 1.5 m, SPL m\u00e1ximo: 120 dB, peso: 140 g.\",\"breadcrumb\":{\"@id\":\"https:\\\/\\\/www.mexicanguitarplayers.com\\\/tienda\\\/audio\\\/audifonos\\\/audifono-alambrico\\\/audifonos-para-dj\\\/audifonos-sennheiser-mod-hd-25\\\/#breadcrumb\"},\"inLanguage\":\"en-US\",\"potentialAction\":[{\"@type\":\"ReadAction\",\"target\":[\"https:\\\/\\\/www.mexicanguitarplayers.com\\\/tienda\\\/audio\\\/audifonos\\\/audifono-alambrico\\\/audifonos-para-dj\\\/audifonos-sennheiser-mod-hd-25\\\/\"]}]},{\"@type\":\"ImageObject\",\"inLanguage\":\"en-US\",\"@id\":\"https:\\\/\\\/www.mexicanguitarplayers.com\\\/tienda\\\/audio\\\/audifonos\\\/audifono-alambrico\\\/audifonos-para-dj\\\/audifonos-sennheiser-mod-hd-25\\\/#primaryimage\",\"url\":\"https:\\\/\\\/www.mexicanguitarplayers.com\\\/wp-content\\\/uploads\\\/2022\\\/08\\\/VASENHD25.jpg\",\"contentUrl\":\"https:\\\/\\\/www.mexicanguitarplayers.com\\\/wp-content\\\/uploads\\\/2022\\\/08\\\/VASENHD25.jpg\",\"width\":1200,\"height\":1200},{\"@type\":\"BreadcrumbList\",\"@id\":\"https:\\\/\\\/www.mexicanguitarplayers.com\\\/tienda\\\/audio\\\/audifonos\\\/audifono-alambrico\\\/audifonos-para-dj\\\/audifonos-sennheiser-mod-hd-25\\\/#breadcrumb\",\"itemListElement\":[{\"@type\":\"ListItem\",\"position\":1,\"name\":\"Portada\",\"item\":\"https:\\\/\\\/www.mexicanguitarplayers.com\\\/\"},{\"@type\":\"ListItem\",\"position\":2,\"name\":\"Tienda\",\"item\":\"https:\\\/\\\/www.mexicanguitarplayers.com\\\/tienda\\\/\"},{\"@type\":\"ListItem\",\"position\":3,\"name\":\"AUDIFONOS SENNHEISER MOD. HD-25\"}]},{\"@type\":\"WebSite\",\"@id\":\"https:\\\/\\\/www.mexicanguitarplayers.com\\\/#website\",\"url\":\"https:\\\/\\\/www.mexicanguitarplayers.com\\\/\",\"name\":\"Mexican Guitar Players\",\"description\":\"Website\",\"publisher\":{\"@id\":\"https:\\\/\\\/www.mexicanguitarplayers.com\\\/#organization\"},\"potentialAction\":[{\"@type\":\"SearchAction\",\"target\":{\"@type\":\"EntryPoint\",\"urlTemplate\":\"https:\\\/\\\/www.mexicanguitarplayers.com\\\/?s={search_term_string}\"},\"query-input\":{\"@type\":\"PropertyValueSpecification\",\"valueRequired\":true,\"valueName\":\"search_term_string\"}}],\"inLanguage\":\"en-US\"},{\"@type\":\"Organization\",\"@id\":\"https:\\\/\\\/www.mexicanguitarplayers.com\\\/#organization\",\"name\":\"Mexican Guitar Players\",\"url\":\"https:\\\/\\\/www.mexicanguitarplayers.com\\\/\",\"logo\":{\"@type\":\"ImageObject\",\"inLanguage\":\"en-US\",\"@id\":\"https:\\\/\\\/www.mexicanguitarplayers.com\\\/#\\\/schema\\\/logo\\\/image\\\/\",\"url\":\"\",\"contentUrl\":\"\",\"caption\":\"Mexican Guitar Players\"},\"image\":{\"@id\":\"https:\\\/\\\/www.mexicanguitarplayers.com\\\/#\\\/schema\\\/logo\\\/image\\\/\"}}]}<\/script>\n<!-- \/ Yoast SEO plugin. -->","yoast_head_json":{"title":"AUDIFONOS SENNHEISER MOD. HD-25 - Mexican Guitar Players","description":"AUDIFONOS SENNHEISER MOD. HD-25. Aud\u00edfonos supraaurales cerrados din\u00e1micos para DJ, funciona excepcionalmente bien en entornos ruidosos, alta sensibilidad debido a los cables ligeros de aluminio, capaces de soportar altos niveles de presi\u00f3n sonora, ligeros y c\u00f3modos, incluso si los usas durante largos periodos de tiempo, cable resistente, desmontable y de un solo lado, c\u00e1psula giratoria para escuchar con un solo o\u00eddo, cable de 1.5 m, SPL m\u00e1ximo: 120 dB, peso: 140 g.","robots":{"index":"index","follow":"follow","max-snippet":"max-snippet:-1","max-image-preview":"max-image-preview:large","max-video-preview":"max-video-preview:-1"},"canonical":"https:\/\/www.mexicanguitarplayers.com\/en\/tienda\/audio\/audifonos\/audifono-alambrico\/audifonos-para-dj\/audifonos-sennheiser-mod-hd-25\/","og_locale":"en_US","og_type":"article","og_title":"AUDIFONOS SENNHEISER MOD. HD-25 - Mexican Guitar Players","og_description":"AUDIFONOS SENNHEISER MOD. HD-25. Aud\u00edfonos supraaurales cerrados din\u00e1micos para DJ, funciona excepcionalmente bien en entornos ruidosos, alta sensibilidad debido a los cables ligeros de aluminio, capaces de soportar altos niveles de presi\u00f3n sonora, ligeros y c\u00f3modos, incluso si los usas durante largos periodos de tiempo, cable resistente, desmontable y de un solo lado, c\u00e1psula giratoria para escuchar con un solo o\u00eddo, cable de 1.5 m, SPL m\u00e1ximo: 120 dB, peso: 140 g.","og_url":"https:\/\/www.mexicanguitarplayers.com\/en\/tienda\/audio\/audifonos\/audifono-alambrico\/audifonos-para-dj\/audifonos-sennheiser-mod-hd-25\/","og_site_name":"Mexican Guitar Players","article_modified_time":"2026-03-05T01:21:29+00:00","og_image":[{"width":1200,"height":1200,"url":"https:\/\/www.mexicanguitarplayers.com\/wp-content\/uploads\/2022\/08\/VASENHD25.jpg","type":"image\/jpeg"}],"twitter_card":"summary_large_image","schema":{"@context":"https:\/\/schema.org","@graph":[{"@type":["WebPage","ItemPage"],"@id":"https:\/\/www.mexicanguitarplayers.com\/tienda\/audio\/audifonos\/audifono-alambrico\/audifonos-para-dj\/audifonos-sennheiser-mod-hd-25\/","url":"https:\/\/www.mexicanguitarplayers.com\/tienda\/audio\/audifonos\/audifono-alambrico\/audifonos-para-dj\/audifonos-sennheiser-mod-hd-25\/","name":"AUDIFONOS SENNHEISER MOD. HD-25 - Mexican Guitar Players","isPartOf":{"@id":"https:\/\/www.mexicanguitarplayers.com\/#website"},"primaryImageOfPage":{"@id":"https:\/\/www.mexicanguitarplayers.com\/tienda\/audio\/audifonos\/audifono-alambrico\/audifonos-para-dj\/audifonos-sennheiser-mod-hd-25\/#primaryimage"},"image":{"@id":"https:\/\/www.mexicanguitarplayers.com\/tienda\/audio\/audifonos\/audifono-alambrico\/audifonos-para-dj\/audifonos-sennheiser-mod-hd-25\/#primaryimage"},"thumbnailUrl":"https:\/\/www.mexicanguitarplayers.com\/wp-content\/uploads\/2022\/08\/VASENHD25.jpg","datePublished":"2022-08-18T21:09:47+00:00","dateModified":"2026-03-05T01:21:29+00:00","description":"AUDIFONOS SENNHEISER MOD. HD-25. Aud\u00edfonos supraaurales cerrados din\u00e1micos para DJ, funciona excepcionalmente bien en entornos ruidosos, alta sensibilidad debido a los cables ligeros de aluminio, capaces de soportar altos niveles de presi\u00f3n sonora, ligeros y c\u00f3modos, incluso si los usas durante largos periodos de tiempo, cable resistente, desmontable y de un solo lado, c\u00e1psula giratoria para escuchar con un solo o\u00eddo, cable de 1.5 m, SPL m\u00e1ximo: 120 dB, peso: 140 g.","breadcrumb":{"@id":"https:\/\/www.mexicanguitarplayers.com\/tienda\/audio\/audifonos\/audifono-alambrico\/audifonos-para-dj\/audifonos-sennheiser-mod-hd-25\/#breadcrumb"},"inLanguage":"en-US","potentialAction":[{"@type":"ReadAction","target":["https:\/\/www.mexicanguitarplayers.com\/tienda\/audio\/audifonos\/audifono-alambrico\/audifonos-para-dj\/audifonos-sennheiser-mod-hd-25\/"]}]},{"@type":"ImageObject","inLanguage":"en-US","@id":"https:\/\/www.mexicanguitarplayers.com\/tienda\/audio\/audifonos\/audifono-alambrico\/audifonos-para-dj\/audifonos-sennheiser-mod-hd-25\/#primaryimage","url":"https:\/\/www.mexicanguitarplayers.com\/wp-content\/uploads\/2022\/08\/VASENHD25.jpg","contentUrl":"https:\/\/www.mexicanguitarplayers.com\/wp-content\/uploads\/2022\/08\/VASENHD25.jpg","width":1200,"height":1200},{"@type":"BreadcrumbList","@id":"https:\/\/www.mexicanguitarplayers.com\/tienda\/audio\/audifonos\/audifono-alambrico\/audifonos-para-dj\/audifonos-sennheiser-mod-hd-25\/#breadcrumb","itemListElement":[{"@type":"ListItem","position":1,"name":"Portada","item":"https:\/\/www.mexicanguitarplayers.com\/"},{"@type":"ListItem","position":2,"name":"Tienda","item":"https:\/\/www.mexicanguitarplayers.com\/tienda\/"},{"@type":"ListItem","position":3,"name":"AUDIFONOS SENNHEISER MOD. HD-25"}]},{"@type":"WebSite","@id":"https:\/\/www.mexicanguitarplayers.com\/#website","url":"https:\/\/www.mexicanguitarplayers.com\/","name":"Mexican Guitar Players","description":"Website","publisher":{"@id":"https:\/\/www.mexicanguitarplayers.com\/#organization"},"potentialAction":[{"@type":"SearchAction","target":{"@type":"EntryPoint","urlTemplate":"https:\/\/www.mexicanguitarplayers.com\/?s={search_term_string}"},"query-input":{"@type":"PropertyValueSpecification","valueRequired":true,"valueName":"search_term_string"}}],"inLanguage":"en-US"},{"@type":"Organization","@id":"https:\/\/www.mexicanguitarplayers.com\/#organization","name":"Mexican Guitar Players","url":"https:\/\/www.mexicanguitarplayers.com\/","logo":{"@type":"ImageObject","inLanguage":"en-US","@id":"https:\/\/www.mexicanguitarplayers.com\/#\/schema\/logo\/image\/","url":"","contentUrl":"","caption":"Mexican Guitar Players"},"image":{"@id":"https:\/\/www.mexicanguitarplayers.com\/#\/schema\/logo\/image\/"}}]}},"brands":[{"id":176,"name":"SENNHEISER","slug":"sennheiser"}],"_links":{"self":[{"href":"https:\/\/www.mexicanguitarplayers.com\/en\/wp-json\/wp\/v2\/product\/15779","targetHints":{"allow":["GET"]}}],"collection":[{"href":"https:\/\/www.mexicanguitarplayers.com\/en\/wp-json\/wp\/v2\/product"}],"about":[{"href":"https:\/\/www.mexicanguitarplayers.com\/en\/wp-json\/wp\/v2\/types\/product"}],"replies":[{"embeddable":true,"href":"https:\/\/www.mexicanguitarplayers.com\/en\/wp-json\/wp\/v2\/comments?post=15779"}],"wp:featuredmedia":[{"embeddable":true,"href":"https:\/\/www.mexicanguitarplayers.com\/en\/wp-json\/wp\/v2\/media\/15774"}],"wp:attachment":[{"href":"https:\/\/www.mexicanguitarplayers.com\/en\/wp-json\/wp\/v2\/media?parent=15779"}],"wp:term":[{"taxonomy":"pwb-brand","embeddable":true,"href":"https:\/\/www.mexicanguitarplayers.com\/en\/wp-json\/wp\/v2\/pwb-brand?post=15779"},{"taxonomy":"product_brand","embeddable":true,"href":"https:\/\/www.mexicanguitarplayers.com\/en\/wp-json\/wp\/v2\/product_brand?post=15779"},{"taxonomy":"product_cat","embeddable":true,"href":"https:\/\/www.mexicanguitarplayers.com\/en\/wp-json\/wp\/v2\/product_cat?post=15779"},{"taxonomy":"product_tag","embeddable":true,"href":"https:\/\/www.mexicanguitarplayers.com\/en\/wp-json\/wp\/v2\/product_tag?post=15779"}],"curies":[{"name":"wp","href":"https:\/\/api.w.org\/{rel}","templated":true}]}}