{"id":15785,"date":"2022-08-18T16:09:57","date_gmt":"2022-08-18T21:09:57","guid":{"rendered":"https:\/\/www.mexicanguitarplayers.com\/tienda\/sin%20categor\u00eda\/audifonos-sennheiser-mod-hd25-plus\/"},"modified":"2026-01-14T04:32:08","modified_gmt":"2026-01-14T10:32:08","slug":"audifonos-sennheiser-mod-hd25-plus","status":"publish","type":"product","link":"https:\/\/www.mexicanguitarplayers.com\/en\/tienda\/audio\/audifonos\/audifono-alambrico\/audifono-para-estudio\/audifonos-sennheiser-mod-hd25-plus\/","title":{"rendered":"HEADPHONES SENNHEISER MOD. HD25-PLUS"},"content":{"rendered":"<div style=\"text-align: justify\">\n<div>\n<h3>HEADPHONES SENNHEISER MOD. HD25-PLUS<\/h3>\n<\/div>\n<div>Headphones for studio, recording or DJ, light and comfortable, even for long periods of time, frequency response: 16 \u2013 22,000 Hz, THD: &lt; 0.3 %, contact pressure: ~ 2.5 N, coupling to the ear: supra aural, 3.5\/6.3mm stereo jack plug, 1.3 meter cable, closed dynamic transducer, weight: 140 g, nominal impedance: 70 ohms, load capacity: 200 mW, maximum SPL: 120 dB, includes a 3.5 to 6.3mm jack adapter, a carry bag, an extra pair of soft ear tips and a 1.3m direct connection cable.<\/div>\n<\/div>","protected":false},"excerpt":{"rendered":"<p>Aud\u00edfonos para estudio, grabaci\u00f3n o DJ, ligeros y c\u00f3modos, incluso durante largos periodos de tiempo, respuesta de frecuencia: 16 &#8211; 22,000 Hz, THD: &lt; 0,3 %, presi\u00f3n al contacto: ~ 2,5 N, acoplamiento al o\u00eddo: supra aural, jack plug 3,5\/6,3mm est\u00e9reo, cable de 1.3 metros, transductor din\u00e1mico, cerrado, peso: 140 g, impedancia nominal: 70 ohms, capacidad de carga: 200 mW, SPL m\u00e1ximo: 120 dB, incluye un adaptador de jack de  3.5 a 6.3 mm, una bolsa de transporte, un par adicional de almohadillas suaves y un cable de conexi\u00f3n directo de 1.3 m.&hellip; <a class=\"kt-excerpt-readmore more-link\" href=\"https:\/\/www.mexicanguitarplayers.com\/en\/tienda\/audio\/audifonos\/audifono-alambrico\/audifono-para-estudio\/audifonos-sennheiser-mod-hd25-plus\/\">Read more<\/a><\/p>","protected":false},"featured_media":15780,"comment_status":"open","ping_status":"closed","template":"","meta":{"kt_blocks_editor_width":""},"pwb-brand":[176],"product_brand":[],"product_cat":[506,507,505,213],"product_tag":[],"class_list":{"0":"post-15785","1":"product","2":"type-product","3":"status-publish","4":"has-post-thumbnail","6":"pwb-brand-sennheiser","7":"product_cat-audifono-alambrico","8":"product_cat-audifono-para-estudio","9":"product_cat-audifonos","10":"product_cat-audio","11":"product_shipping_class-0-5-kg","13":"first","14":"instock","15":"taxable","16":"shipping-taxable","17":"purchasable","18":"product-type-simple"},"yoast_head":"<!-- This site is optimized with the Yoast SEO plugin v27.3 - https:\/\/yoast.com\/product\/yoast-seo-wordpress\/ -->\n<title>AUDIFONOS SENNHEISER MOD. HD25-PLUS - Mexican Guitar Players<\/title>\n<meta name=\"description\" content=\"AUDIFONOS SENNHEISER MOD. HD25-PLUS. Aud\u00edfonos para estudio, grabaci\u00f3n o DJ, ligeros y c\u00f3modos, incluso durante largos periodos de tiempo, respuesta de frecuencia: 16 - 22,000 Hz, THD: &lt; 0,3 %, presi\u00f3n al contacto: ~ 2,5 N, acoplamiento al o\u00eddo: supra aural, jack plug 3,5\/6,3mm est\u00e9reo, cable de 1.3 metros, transductor din\u00e1mico, cerrado, peso: 140 g, impedancia nominal: 70 ohms, capacidad de carga: 200 mW, SPL m\u00e1ximo: 120 dB, incluye un adaptador de jack de 3.5 a 6.3 mm, una bolsa de transporte, un par adicional de almohadillas suaves y un cable de conexi\u00f3n directo de 1.3 m.\" \/>\n<meta name=\"robots\" content=\"index, follow, max-snippet:-1, max-image-preview:large, max-video-preview:-1\" \/>\n<link rel=\"canonical\" href=\"https:\/\/www.mexicanguitarplayers.com\/en\/tienda\/audio\/audifonos\/audifono-alambrico\/audifono-para-estudio\/audifonos-sennheiser-mod-hd25-plus\/\" \/>\n<meta property=\"og:locale\" content=\"en_US\" \/>\n<meta property=\"og:type\" content=\"article\" \/>\n<meta property=\"og:title\" content=\"AUDIFONOS SENNHEISER MOD. HD25-PLUS - Mexican Guitar Players\" \/>\n<meta property=\"og:description\" content=\"AUDIFONOS SENNHEISER MOD. HD25-PLUS. Aud\u00edfonos para estudio, grabaci\u00f3n o DJ, ligeros y c\u00f3modos, incluso durante largos periodos de tiempo, respuesta de frecuencia: 16 - 22,000 Hz, THD: &lt; 0,3 %, presi\u00f3n al contacto: ~ 2,5 N, acoplamiento al o\u00eddo: supra aural, jack plug 3,5\/6,3mm est\u00e9reo, cable de 1.3 metros, transductor din\u00e1mico, cerrado, peso: 140 g, impedancia nominal: 70 ohms, capacidad de carga: 200 mW, SPL m\u00e1ximo: 120 dB, incluye un adaptador de jack de 3.5 a 6.3 mm, una bolsa de transporte, un par adicional de almohadillas suaves y un cable de conexi\u00f3n directo de 1.3 m.\" \/>\n<meta property=\"og:url\" content=\"https:\/\/www.mexicanguitarplayers.com\/en\/tienda\/audio\/audifonos\/audifono-alambrico\/audifono-para-estudio\/audifonos-sennheiser-mod-hd25-plus\/\" \/>\n<meta property=\"og:site_name\" content=\"Mexican Guitar Players\" \/>\n<meta property=\"article:modified_time\" content=\"2026-01-14T10:32:08+00:00\" \/>\n<meta property=\"og:image\" content=\"https:\/\/www.mexicanguitarplayers.com\/wp-content\/uploads\/2022\/08\/VASENHD25PLUS.jpg\" \/>\n\t<meta property=\"og:image:width\" content=\"1200\" \/>\n\t<meta property=\"og:image:height\" content=\"1200\" \/>\n\t<meta property=\"og:image:type\" content=\"image\/jpeg\" \/>\n<meta name=\"twitter:card\" content=\"summary_large_image\" \/>\n<script type=\"application\/ld+json\" class=\"yoast-schema-graph\">{\"@context\":\"https:\\\/\\\/schema.org\",\"@graph\":[{\"@type\":[\"WebPage\",\"ItemPage\"],\"@id\":\"https:\\\/\\\/www.mexicanguitarplayers.com\\\/tienda\\\/audio\\\/audifonos\\\/audifono-alambrico\\\/audifono-para-estudio\\\/audifonos-sennheiser-mod-hd25-plus\\\/\",\"url\":\"https:\\\/\\\/www.mexicanguitarplayers.com\\\/tienda\\\/audio\\\/audifonos\\\/audifono-alambrico\\\/audifono-para-estudio\\\/audifonos-sennheiser-mod-hd25-plus\\\/\",\"name\":\"AUDIFONOS SENNHEISER MOD. HD25-PLUS - Mexican Guitar Players\",\"isPartOf\":{\"@id\":\"https:\\\/\\\/www.mexicanguitarplayers.com\\\/#website\"},\"primaryImageOfPage\":{\"@id\":\"https:\\\/\\\/www.mexicanguitarplayers.com\\\/tienda\\\/audio\\\/audifonos\\\/audifono-alambrico\\\/audifono-para-estudio\\\/audifonos-sennheiser-mod-hd25-plus\\\/#primaryimage\"},\"image\":{\"@id\":\"https:\\\/\\\/www.mexicanguitarplayers.com\\\/tienda\\\/audio\\\/audifonos\\\/audifono-alambrico\\\/audifono-para-estudio\\\/audifonos-sennheiser-mod-hd25-plus\\\/#primaryimage\"},\"thumbnailUrl\":\"https:\\\/\\\/www.mexicanguitarplayers.com\\\/wp-content\\\/uploads\\\/2022\\\/08\\\/VASENHD25PLUS.jpg\",\"datePublished\":\"2022-08-18T21:09:57+00:00\",\"dateModified\":\"2026-01-14T10:32:08+00:00\",\"description\":\"AUDIFONOS SENNHEISER MOD. HD25-PLUS. Aud\u00edfonos para estudio, grabaci\u00f3n o DJ, ligeros y c\u00f3modos, incluso durante largos periodos de tiempo, respuesta de frecuencia: 16 - 22,000 Hz, THD: &lt; 0,3 %, presi\u00f3n al contacto: ~ 2,5 N, acoplamiento al o\u00eddo: supra aural, jack plug 3,5\\\/6,3mm est\u00e9reo, cable de 1.3 metros, transductor din\u00e1mico, cerrado, peso: 140 g, impedancia nominal: 70 ohms, capacidad de carga: 200 mW, SPL m\u00e1ximo: 120 dB, incluye un adaptador de jack de 3.5 a 6.3 mm, una bolsa de transporte, un par adicional de almohadillas suaves y un cable de conexi\u00f3n directo de 1.3 m.\",\"breadcrumb\":{\"@id\":\"https:\\\/\\\/www.mexicanguitarplayers.com\\\/tienda\\\/audio\\\/audifonos\\\/audifono-alambrico\\\/audifono-para-estudio\\\/audifonos-sennheiser-mod-hd25-plus\\\/#breadcrumb\"},\"inLanguage\":\"en-US\",\"potentialAction\":[{\"@type\":\"ReadAction\",\"target\":[\"https:\\\/\\\/www.mexicanguitarplayers.com\\\/tienda\\\/audio\\\/audifonos\\\/audifono-alambrico\\\/audifono-para-estudio\\\/audifonos-sennheiser-mod-hd25-plus\\\/\"]}]},{\"@type\":\"ImageObject\",\"inLanguage\":\"en-US\",\"@id\":\"https:\\\/\\\/www.mexicanguitarplayers.com\\\/tienda\\\/audio\\\/audifonos\\\/audifono-alambrico\\\/audifono-para-estudio\\\/audifonos-sennheiser-mod-hd25-plus\\\/#primaryimage\",\"url\":\"https:\\\/\\\/www.mexicanguitarplayers.com\\\/wp-content\\\/uploads\\\/2022\\\/08\\\/VASENHD25PLUS.jpg\",\"contentUrl\":\"https:\\\/\\\/www.mexicanguitarplayers.com\\\/wp-content\\\/uploads\\\/2022\\\/08\\\/VASENHD25PLUS.jpg\",\"width\":1200,\"height\":1200},{\"@type\":\"BreadcrumbList\",\"@id\":\"https:\\\/\\\/www.mexicanguitarplayers.com\\\/tienda\\\/audio\\\/audifonos\\\/audifono-alambrico\\\/audifono-para-estudio\\\/audifonos-sennheiser-mod-hd25-plus\\\/#breadcrumb\",\"itemListElement\":[{\"@type\":\"ListItem\",\"position\":1,\"name\":\"Portada\",\"item\":\"https:\\\/\\\/www.mexicanguitarplayers.com\\\/\"},{\"@type\":\"ListItem\",\"position\":2,\"name\":\"Tienda\",\"item\":\"https:\\\/\\\/www.mexicanguitarplayers.com\\\/tienda\\\/\"},{\"@type\":\"ListItem\",\"position\":3,\"name\":\"AUDIFONOS SENNHEISER MOD. HD25-PLUS\"}]},{\"@type\":\"WebSite\",\"@id\":\"https:\\\/\\\/www.mexicanguitarplayers.com\\\/#website\",\"url\":\"https:\\\/\\\/www.mexicanguitarplayers.com\\\/\",\"name\":\"Mexican Guitar Players\",\"description\":\"Website\",\"publisher\":{\"@id\":\"https:\\\/\\\/www.mexicanguitarplayers.com\\\/#organization\"},\"potentialAction\":[{\"@type\":\"SearchAction\",\"target\":{\"@type\":\"EntryPoint\",\"urlTemplate\":\"https:\\\/\\\/www.mexicanguitarplayers.com\\\/?s={search_term_string}\"},\"query-input\":{\"@type\":\"PropertyValueSpecification\",\"valueRequired\":true,\"valueName\":\"search_term_string\"}}],\"inLanguage\":\"en-US\"},{\"@type\":\"Organization\",\"@id\":\"https:\\\/\\\/www.mexicanguitarplayers.com\\\/#organization\",\"name\":\"Mexican Guitar Players\",\"url\":\"https:\\\/\\\/www.mexicanguitarplayers.com\\\/\",\"logo\":{\"@type\":\"ImageObject\",\"inLanguage\":\"en-US\",\"@id\":\"https:\\\/\\\/www.mexicanguitarplayers.com\\\/#\\\/schema\\\/logo\\\/image\\\/\",\"url\":\"\",\"contentUrl\":\"\",\"caption\":\"Mexican Guitar Players\"},\"image\":{\"@id\":\"https:\\\/\\\/www.mexicanguitarplayers.com\\\/#\\\/schema\\\/logo\\\/image\\\/\"}}]}<\/script>\n<!-- \/ Yoast SEO plugin. -->","yoast_head_json":{"title":"AUDIFONOS SENNHEISER MOD. HD25-PLUS - Mexican Guitar Players","description":"AUDIFONOS SENNHEISER MOD. HD25-PLUS. Aud\u00edfonos para estudio, grabaci\u00f3n o DJ, ligeros y c\u00f3modos, incluso durante largos periodos de tiempo, respuesta de frecuencia: 16 - 22,000 Hz, THD: &lt; 0,3 %, presi\u00f3n al contacto: ~ 2,5 N, acoplamiento al o\u00eddo: supra aural, jack plug 3,5\/6,3mm est\u00e9reo, cable de 1.3 metros, transductor din\u00e1mico, cerrado, peso: 140 g, impedancia nominal: 70 ohms, capacidad de carga: 200 mW, SPL m\u00e1ximo: 120 dB, incluye un adaptador de jack de 3.5 a 6.3 mm, una bolsa de transporte, un par adicional de almohadillas suaves y un cable de conexi\u00f3n directo de 1.3 m.","robots":{"index":"index","follow":"follow","max-snippet":"max-snippet:-1","max-image-preview":"max-image-preview:large","max-video-preview":"max-video-preview:-1"},"canonical":"https:\/\/www.mexicanguitarplayers.com\/en\/tienda\/audio\/audifonos\/audifono-alambrico\/audifono-para-estudio\/audifonos-sennheiser-mod-hd25-plus\/","og_locale":"en_US","og_type":"article","og_title":"AUDIFONOS SENNHEISER MOD. HD25-PLUS - Mexican Guitar Players","og_description":"AUDIFONOS SENNHEISER MOD. HD25-PLUS. Aud\u00edfonos para estudio, grabaci\u00f3n o DJ, ligeros y c\u00f3modos, incluso durante largos periodos de tiempo, respuesta de frecuencia: 16 - 22,000 Hz, THD: &lt; 0,3 %, presi\u00f3n al contacto: ~ 2,5 N, acoplamiento al o\u00eddo: supra aural, jack plug 3,5\/6,3mm est\u00e9reo, cable de 1.3 metros, transductor din\u00e1mico, cerrado, peso: 140 g, impedancia nominal: 70 ohms, capacidad de carga: 200 mW, SPL m\u00e1ximo: 120 dB, incluye un adaptador de jack de 3.5 a 6.3 mm, una bolsa de transporte, un par adicional de almohadillas suaves y un cable de conexi\u00f3n directo de 1.3 m.","og_url":"https:\/\/www.mexicanguitarplayers.com\/en\/tienda\/audio\/audifonos\/audifono-alambrico\/audifono-para-estudio\/audifonos-sennheiser-mod-hd25-plus\/","og_site_name":"Mexican Guitar Players","article_modified_time":"2026-01-14T10:32:08+00:00","og_image":[{"width":1200,"height":1200,"url":"https:\/\/www.mexicanguitarplayers.com\/wp-content\/uploads\/2022\/08\/VASENHD25PLUS.jpg","type":"image\/jpeg"}],"twitter_card":"summary_large_image","schema":{"@context":"https:\/\/schema.org","@graph":[{"@type":["WebPage","ItemPage"],"@id":"https:\/\/www.mexicanguitarplayers.com\/tienda\/audio\/audifonos\/audifono-alambrico\/audifono-para-estudio\/audifonos-sennheiser-mod-hd25-plus\/","url":"https:\/\/www.mexicanguitarplayers.com\/tienda\/audio\/audifonos\/audifono-alambrico\/audifono-para-estudio\/audifonos-sennheiser-mod-hd25-plus\/","name":"AUDIFONOS SENNHEISER MOD. HD25-PLUS - Mexican Guitar Players","isPartOf":{"@id":"https:\/\/www.mexicanguitarplayers.com\/#website"},"primaryImageOfPage":{"@id":"https:\/\/www.mexicanguitarplayers.com\/tienda\/audio\/audifonos\/audifono-alambrico\/audifono-para-estudio\/audifonos-sennheiser-mod-hd25-plus\/#primaryimage"},"image":{"@id":"https:\/\/www.mexicanguitarplayers.com\/tienda\/audio\/audifonos\/audifono-alambrico\/audifono-para-estudio\/audifonos-sennheiser-mod-hd25-plus\/#primaryimage"},"thumbnailUrl":"https:\/\/www.mexicanguitarplayers.com\/wp-content\/uploads\/2022\/08\/VASENHD25PLUS.jpg","datePublished":"2022-08-18T21:09:57+00:00","dateModified":"2026-01-14T10:32:08+00:00","description":"AUDIFONOS SENNHEISER MOD. HD25-PLUS. Aud\u00edfonos para estudio, grabaci\u00f3n o DJ, ligeros y c\u00f3modos, incluso durante largos periodos de tiempo, respuesta de frecuencia: 16 - 22,000 Hz, THD: &lt; 0,3 %, presi\u00f3n al contacto: ~ 2,5 N, acoplamiento al o\u00eddo: supra aural, jack plug 3,5\/6,3mm est\u00e9reo, cable de 1.3 metros, transductor din\u00e1mico, cerrado, peso: 140 g, impedancia nominal: 70 ohms, capacidad de carga: 200 mW, SPL m\u00e1ximo: 120 dB, incluye un adaptador de jack de 3.5 a 6.3 mm, una bolsa de transporte, un par adicional de almohadillas suaves y un cable de conexi\u00f3n directo de 1.3 m.","breadcrumb":{"@id":"https:\/\/www.mexicanguitarplayers.com\/tienda\/audio\/audifonos\/audifono-alambrico\/audifono-para-estudio\/audifonos-sennheiser-mod-hd25-plus\/#breadcrumb"},"inLanguage":"en-US","potentialAction":[{"@type":"ReadAction","target":["https:\/\/www.mexicanguitarplayers.com\/tienda\/audio\/audifonos\/audifono-alambrico\/audifono-para-estudio\/audifonos-sennheiser-mod-hd25-plus\/"]}]},{"@type":"ImageObject","inLanguage":"en-US","@id":"https:\/\/www.mexicanguitarplayers.com\/tienda\/audio\/audifonos\/audifono-alambrico\/audifono-para-estudio\/audifonos-sennheiser-mod-hd25-plus\/#primaryimage","url":"https:\/\/www.mexicanguitarplayers.com\/wp-content\/uploads\/2022\/08\/VASENHD25PLUS.jpg","contentUrl":"https:\/\/www.mexicanguitarplayers.com\/wp-content\/uploads\/2022\/08\/VASENHD25PLUS.jpg","width":1200,"height":1200},{"@type":"BreadcrumbList","@id":"https:\/\/www.mexicanguitarplayers.com\/tienda\/audio\/audifonos\/audifono-alambrico\/audifono-para-estudio\/audifonos-sennheiser-mod-hd25-plus\/#breadcrumb","itemListElement":[{"@type":"ListItem","position":1,"name":"Portada","item":"https:\/\/www.mexicanguitarplayers.com\/"},{"@type":"ListItem","position":2,"name":"Tienda","item":"https:\/\/www.mexicanguitarplayers.com\/tienda\/"},{"@type":"ListItem","position":3,"name":"AUDIFONOS SENNHEISER MOD. HD25-PLUS"}]},{"@type":"WebSite","@id":"https:\/\/www.mexicanguitarplayers.com\/#website","url":"https:\/\/www.mexicanguitarplayers.com\/","name":"Mexican Guitar Players","description":"Website","publisher":{"@id":"https:\/\/www.mexicanguitarplayers.com\/#organization"},"potentialAction":[{"@type":"SearchAction","target":{"@type":"EntryPoint","urlTemplate":"https:\/\/www.mexicanguitarplayers.com\/?s={search_term_string}"},"query-input":{"@type":"PropertyValueSpecification","valueRequired":true,"valueName":"search_term_string"}}],"inLanguage":"en-US"},{"@type":"Organization","@id":"https:\/\/www.mexicanguitarplayers.com\/#organization","name":"Mexican Guitar Players","url":"https:\/\/www.mexicanguitarplayers.com\/","logo":{"@type":"ImageObject","inLanguage":"en-US","@id":"https:\/\/www.mexicanguitarplayers.com\/#\/schema\/logo\/image\/","url":"","contentUrl":"","caption":"Mexican Guitar Players"},"image":{"@id":"https:\/\/www.mexicanguitarplayers.com\/#\/schema\/logo\/image\/"}}]}},"brands":[{"id":176,"name":"SENNHEISER","slug":"sennheiser"}],"_links":{"self":[{"href":"https:\/\/www.mexicanguitarplayers.com\/en\/wp-json\/wp\/v2\/product\/15785","targetHints":{"allow":["GET"]}}],"collection":[{"href":"https:\/\/www.mexicanguitarplayers.com\/en\/wp-json\/wp\/v2\/product"}],"about":[{"href":"https:\/\/www.mexicanguitarplayers.com\/en\/wp-json\/wp\/v2\/types\/product"}],"replies":[{"embeddable":true,"href":"https:\/\/www.mexicanguitarplayers.com\/en\/wp-json\/wp\/v2\/comments?post=15785"}],"wp:featuredmedia":[{"embeddable":true,"href":"https:\/\/www.mexicanguitarplayers.com\/en\/wp-json\/wp\/v2\/media\/15780"}],"wp:attachment":[{"href":"https:\/\/www.mexicanguitarplayers.com\/en\/wp-json\/wp\/v2\/media?parent=15785"}],"wp:term":[{"taxonomy":"pwb-brand","embeddable":true,"href":"https:\/\/www.mexicanguitarplayers.com\/en\/wp-json\/wp\/v2\/pwb-brand?post=15785"},{"taxonomy":"product_brand","embeddable":true,"href":"https:\/\/www.mexicanguitarplayers.com\/en\/wp-json\/wp\/v2\/product_brand?post=15785"},{"taxonomy":"product_cat","embeddable":true,"href":"https:\/\/www.mexicanguitarplayers.com\/en\/wp-json\/wp\/v2\/product_cat?post=15785"},{"taxonomy":"product_tag","embeddable":true,"href":"https:\/\/www.mexicanguitarplayers.com\/en\/wp-json\/wp\/v2\/product_tag?post=15785"}],"curies":[{"name":"wp","href":"https:\/\/api.w.org\/{rel}","templated":true}]}}