{"id":15791,"date":"2022-08-18T16:10:08","date_gmt":"2022-08-18T21:10:08","guid":{"rendered":"https:\/\/www.mexicanguitarplayers.com\/tienda\/sin%20categor\u00eda\/audifonos-sennheiser-mod-hd-400-pro\/"},"modified":"2026-05-01T07:39:50","modified_gmt":"2026-05-01T13:39:50","slug":"audifonos-sennheiser-mod-hd-400-pro","status":"publish","type":"product","link":"https:\/\/www.mexicanguitarplayers.com\/en\/tienda\/audio\/audifonos\/audifono-alambrico\/audifono-para-estudio\/audifonos-sennheiser-mod-hd-400-pro\/","title":{"rendered":"HEADPHONES SENNHEISER MOD. HD 400 PRO"},"content":{"rendered":"<div style=\"text-align: justify\">\n<div>\n<h3>HEADPHONES SENNHEISER MOD. HD 400 PRO<\/h3>\n<\/div>\n<div>Studio reference headphones, neutral sound reproduction, lightweight design for all day use, single-sided coiled cable allows freedom to work (straight cable also included), angled drivers, designed for low distortion at high sound pressure levels, natural and precise listening experience to tune and achieve the desired personal sound, lightweight design and velor ear cushions for comfort.<\/div>\n<\/div>","protected":false},"excerpt":{"rendered":"<p>Aud\u00edfonos de referencia para estudio, reproducci\u00f3n de sonido neutral, dise\u00f1o ligero para utilizar todo el d\u00eda, cable en espiral a un solo lado que permite libertad para trabajar (tambi\u00e9n se incluye un cable recto), transductores angulados, dise\u00f1ados para una baja distorsi\u00f3n a altos niveles de presi\u00f3n sonora, experiencia de escucha natural y precisa para afinar y conseguir el sonido personal deseado, dise\u00f1o ligero y almohadillas de velour para mayor comodidad.&hellip; <a class=\"kt-excerpt-readmore more-link\" href=\"https:\/\/www.mexicanguitarplayers.com\/en\/tienda\/audio\/audifonos\/audifono-alambrico\/audifono-para-estudio\/audifonos-sennheiser-mod-hd-400-pro\/\">Read more<\/a><\/p>","protected":false},"featured_media":15788,"comment_status":"open","ping_status":"closed","template":"","meta":{"kt_blocks_editor_width":""},"pwb-brand":[176],"product_brand":[],"product_cat":[506,507,505,213],"product_tag":[],"class_list":{"0":"post-15791","1":"product","2":"type-product","3":"status-publish","4":"has-post-thumbnail","6":"pwb-brand-sennheiser","7":"product_cat-audifono-alambrico","8":"product_cat-audifono-para-estudio","9":"product_cat-audifonos","10":"product_cat-audio","11":"product_shipping_class-0-5-kg","13":"first","14":"instock","15":"taxable","16":"shipping-taxable","17":"purchasable","18":"product-type-simple"},"yoast_head":"<!-- This site is optimized with the Yoast SEO plugin v27.6 - https:\/\/yoast.com\/product\/yoast-seo-wordpress\/ -->\n<title>AUDIFONOS SENNHEISER MOD. HD 400 PRO - Mexican Guitar Players<\/title>\n<meta name=\"description\" content=\"AUDIFONOS SENNHEISER MOD. HD 400 PRO. Aud\u00edfonos de referencia para estudio, reproducci\u00f3n de sonido neutral, dise\u00f1o ligero para utilizar todo el d\u00eda, cable en espiral a un solo lado que permite libertad para trabajar (tambi\u00e9n se incluye un cable recto), transductores angulados, dise\u00f1ados para una baja distorsi\u00f3n a altos niveles de presi\u00f3n sonora, experiencia de escucha natural y precisa para afinar y conseguir el sonido personal deseado, dise\u00f1o ligero y almohadillas de velour para mayor comodidad.\" \/>\n<meta name=\"robots\" content=\"index, follow, max-snippet:-1, max-image-preview:large, max-video-preview:-1\" \/>\n<link rel=\"canonical\" href=\"https:\/\/www.mexicanguitarplayers.com\/en\/tienda\/audio\/audifonos\/audifono-alambrico\/audifono-para-estudio\/audifonos-sennheiser-mod-hd-400-pro\/\" \/>\n<meta property=\"og:locale\" content=\"en_US\" \/>\n<meta property=\"og:type\" content=\"article\" \/>\n<meta property=\"og:title\" content=\"AUDIFONOS SENNHEISER MOD. HD 400 PRO - Mexican Guitar Players\" \/>\n<meta property=\"og:description\" content=\"AUDIFONOS SENNHEISER MOD. HD 400 PRO. Aud\u00edfonos de referencia para estudio, reproducci\u00f3n de sonido neutral, dise\u00f1o ligero para utilizar todo el d\u00eda, cable en espiral a un solo lado que permite libertad para trabajar (tambi\u00e9n se incluye un cable recto), transductores angulados, dise\u00f1ados para una baja distorsi\u00f3n a altos niveles de presi\u00f3n sonora, experiencia de escucha natural y precisa para afinar y conseguir el sonido personal deseado, dise\u00f1o ligero y almohadillas de velour para mayor comodidad.\" \/>\n<meta property=\"og:url\" content=\"https:\/\/www.mexicanguitarplayers.com\/en\/tienda\/audio\/audifonos\/audifono-alambrico\/audifono-para-estudio\/audifonos-sennheiser-mod-hd-400-pro\/\" \/>\n<meta property=\"og:site_name\" content=\"Mexican Guitar Players\" \/>\n<meta property=\"article:modified_time\" content=\"2026-05-01T13:39:50+00:00\" \/>\n<meta property=\"og:image\" content=\"https:\/\/www.mexicanguitarplayers.com\/wp-content\/uploads\/2022\/08\/VASENHD400PRO.jpg\" \/>\n\t<meta property=\"og:image:width\" content=\"1200\" \/>\n\t<meta property=\"og:image:height\" content=\"1200\" \/>\n\t<meta property=\"og:image:type\" content=\"image\/jpeg\" \/>\n<meta name=\"twitter:card\" content=\"summary_large_image\" \/>\n<script type=\"application\/ld+json\" class=\"yoast-schema-graph\">{\"@context\":\"https:\\\/\\\/schema.org\",\"@graph\":[{\"@type\":[\"WebPage\",\"ItemPage\"],\"@id\":\"https:\\\/\\\/www.mexicanguitarplayers.com\\\/tienda\\\/audio\\\/audifonos\\\/audifono-alambrico\\\/audifono-para-estudio\\\/audifonos-sennheiser-mod-hd-400-pro\\\/\",\"url\":\"https:\\\/\\\/www.mexicanguitarplayers.com\\\/tienda\\\/audio\\\/audifonos\\\/audifono-alambrico\\\/audifono-para-estudio\\\/audifonos-sennheiser-mod-hd-400-pro\\\/\",\"name\":\"AUDIFONOS SENNHEISER MOD. HD 400 PRO - Mexican Guitar Players\",\"isPartOf\":{\"@id\":\"https:\\\/\\\/www.mexicanguitarplayers.com\\\/#website\"},\"primaryImageOfPage\":{\"@id\":\"https:\\\/\\\/www.mexicanguitarplayers.com\\\/tienda\\\/audio\\\/audifonos\\\/audifono-alambrico\\\/audifono-para-estudio\\\/audifonos-sennheiser-mod-hd-400-pro\\\/#primaryimage\"},\"image\":{\"@id\":\"https:\\\/\\\/www.mexicanguitarplayers.com\\\/tienda\\\/audio\\\/audifonos\\\/audifono-alambrico\\\/audifono-para-estudio\\\/audifonos-sennheiser-mod-hd-400-pro\\\/#primaryimage\"},\"thumbnailUrl\":\"https:\\\/\\\/www.mexicanguitarplayers.com\\\/wp-content\\\/uploads\\\/2022\\\/08\\\/VASENHD400PRO.jpg\",\"datePublished\":\"2022-08-18T21:10:08+00:00\",\"dateModified\":\"2026-05-01T13:39:50+00:00\",\"description\":\"AUDIFONOS SENNHEISER MOD. HD 400 PRO. Aud\u00edfonos de referencia para estudio, reproducci\u00f3n de sonido neutral, dise\u00f1o ligero para utilizar todo el d\u00eda, cable en espiral a un solo lado que permite libertad para trabajar (tambi\u00e9n se incluye un cable recto), transductores angulados, dise\u00f1ados para una baja distorsi\u00f3n a altos niveles de presi\u00f3n sonora, experiencia de escucha natural y precisa para afinar y conseguir el sonido personal deseado, dise\u00f1o ligero y almohadillas de velour para mayor comodidad.\",\"breadcrumb\":{\"@id\":\"https:\\\/\\\/www.mexicanguitarplayers.com\\\/tienda\\\/audio\\\/audifonos\\\/audifono-alambrico\\\/audifono-para-estudio\\\/audifonos-sennheiser-mod-hd-400-pro\\\/#breadcrumb\"},\"inLanguage\":\"en-US\",\"potentialAction\":[{\"@type\":\"ReadAction\",\"target\":[\"https:\\\/\\\/www.mexicanguitarplayers.com\\\/tienda\\\/audio\\\/audifonos\\\/audifono-alambrico\\\/audifono-para-estudio\\\/audifonos-sennheiser-mod-hd-400-pro\\\/\"]}]},{\"@type\":\"ImageObject\",\"inLanguage\":\"en-US\",\"@id\":\"https:\\\/\\\/www.mexicanguitarplayers.com\\\/tienda\\\/audio\\\/audifonos\\\/audifono-alambrico\\\/audifono-para-estudio\\\/audifonos-sennheiser-mod-hd-400-pro\\\/#primaryimage\",\"url\":\"https:\\\/\\\/www.mexicanguitarplayers.com\\\/wp-content\\\/uploads\\\/2022\\\/08\\\/VASENHD400PRO.jpg\",\"contentUrl\":\"https:\\\/\\\/www.mexicanguitarplayers.com\\\/wp-content\\\/uploads\\\/2022\\\/08\\\/VASENHD400PRO.jpg\",\"width\":1200,\"height\":1200},{\"@type\":\"BreadcrumbList\",\"@id\":\"https:\\\/\\\/www.mexicanguitarplayers.com\\\/tienda\\\/audio\\\/audifonos\\\/audifono-alambrico\\\/audifono-para-estudio\\\/audifonos-sennheiser-mod-hd-400-pro\\\/#breadcrumb\",\"itemListElement\":[{\"@type\":\"ListItem\",\"position\":1,\"name\":\"Portada\",\"item\":\"https:\\\/\\\/www.mexicanguitarplayers.com\\\/\"},{\"@type\":\"ListItem\",\"position\":2,\"name\":\"Tienda\",\"item\":\"https:\\\/\\\/www.mexicanguitarplayers.com\\\/tienda\\\/\"},{\"@type\":\"ListItem\",\"position\":3,\"name\":\"AUDIFONOS SENNHEISER MOD. HD 400 PRO\"}]},{\"@type\":\"WebSite\",\"@id\":\"https:\\\/\\\/www.mexicanguitarplayers.com\\\/#website\",\"url\":\"https:\\\/\\\/www.mexicanguitarplayers.com\\\/\",\"name\":\"Mexican Guitar Players\",\"description\":\"Website\",\"publisher\":{\"@id\":\"https:\\\/\\\/www.mexicanguitarplayers.com\\\/#organization\"},\"potentialAction\":[{\"@type\":\"SearchAction\",\"target\":{\"@type\":\"EntryPoint\",\"urlTemplate\":\"https:\\\/\\\/www.mexicanguitarplayers.com\\\/?s={search_term_string}\"},\"query-input\":{\"@type\":\"PropertyValueSpecification\",\"valueRequired\":true,\"valueName\":\"search_term_string\"}}],\"inLanguage\":\"en-US\"},{\"@type\":\"Organization\",\"@id\":\"https:\\\/\\\/www.mexicanguitarplayers.com\\\/#organization\",\"name\":\"Mexican Guitar Players\",\"url\":\"https:\\\/\\\/www.mexicanguitarplayers.com\\\/\",\"logo\":{\"@type\":\"ImageObject\",\"inLanguage\":\"en-US\",\"@id\":\"https:\\\/\\\/www.mexicanguitarplayers.com\\\/#\\\/schema\\\/logo\\\/image\\\/\",\"url\":\"\",\"contentUrl\":\"\",\"caption\":\"Mexican Guitar Players\"},\"image\":{\"@id\":\"https:\\\/\\\/www.mexicanguitarplayers.com\\\/#\\\/schema\\\/logo\\\/image\\\/\"}}]}<\/script>\n<!-- \/ Yoast SEO plugin. -->","yoast_head_json":{"title":"AUDIFONOS SENNHEISER MOD. HD 400 PRO - Mexican Guitar Players","description":"AUDIFONOS SENNHEISER MOD. HD 400 PRO. Aud\u00edfonos de referencia para estudio, reproducci\u00f3n de sonido neutral, dise\u00f1o ligero para utilizar todo el d\u00eda, cable en espiral a un solo lado que permite libertad para trabajar (tambi\u00e9n se incluye un cable recto), transductores angulados, dise\u00f1ados para una baja distorsi\u00f3n a altos niveles de presi\u00f3n sonora, experiencia de escucha natural y precisa para afinar y conseguir el sonido personal deseado, dise\u00f1o ligero y almohadillas de velour para mayor comodidad.","robots":{"index":"index","follow":"follow","max-snippet":"max-snippet:-1","max-image-preview":"max-image-preview:large","max-video-preview":"max-video-preview:-1"},"canonical":"https:\/\/www.mexicanguitarplayers.com\/en\/tienda\/audio\/audifonos\/audifono-alambrico\/audifono-para-estudio\/audifonos-sennheiser-mod-hd-400-pro\/","og_locale":"en_US","og_type":"article","og_title":"AUDIFONOS SENNHEISER MOD. HD 400 PRO - Mexican Guitar Players","og_description":"AUDIFONOS SENNHEISER MOD. HD 400 PRO. Aud\u00edfonos de referencia para estudio, reproducci\u00f3n de sonido neutral, dise\u00f1o ligero para utilizar todo el d\u00eda, cable en espiral a un solo lado que permite libertad para trabajar (tambi\u00e9n se incluye un cable recto), transductores angulados, dise\u00f1ados para una baja distorsi\u00f3n a altos niveles de presi\u00f3n sonora, experiencia de escucha natural y precisa para afinar y conseguir el sonido personal deseado, dise\u00f1o ligero y almohadillas de velour para mayor comodidad.","og_url":"https:\/\/www.mexicanguitarplayers.com\/en\/tienda\/audio\/audifonos\/audifono-alambrico\/audifono-para-estudio\/audifonos-sennheiser-mod-hd-400-pro\/","og_site_name":"Mexican Guitar Players","article_modified_time":"2026-05-01T13:39:50+00:00","og_image":[{"width":1200,"height":1200,"url":"https:\/\/www.mexicanguitarplayers.com\/wp-content\/uploads\/2022\/08\/VASENHD400PRO.jpg","type":"image\/jpeg"}],"twitter_card":"summary_large_image","schema":{"@context":"https:\/\/schema.org","@graph":[{"@type":["WebPage","ItemPage"],"@id":"https:\/\/www.mexicanguitarplayers.com\/tienda\/audio\/audifonos\/audifono-alambrico\/audifono-para-estudio\/audifonos-sennheiser-mod-hd-400-pro\/","url":"https:\/\/www.mexicanguitarplayers.com\/tienda\/audio\/audifonos\/audifono-alambrico\/audifono-para-estudio\/audifonos-sennheiser-mod-hd-400-pro\/","name":"AUDIFONOS SENNHEISER MOD. HD 400 PRO - Mexican Guitar Players","isPartOf":{"@id":"https:\/\/www.mexicanguitarplayers.com\/#website"},"primaryImageOfPage":{"@id":"https:\/\/www.mexicanguitarplayers.com\/tienda\/audio\/audifonos\/audifono-alambrico\/audifono-para-estudio\/audifonos-sennheiser-mod-hd-400-pro\/#primaryimage"},"image":{"@id":"https:\/\/www.mexicanguitarplayers.com\/tienda\/audio\/audifonos\/audifono-alambrico\/audifono-para-estudio\/audifonos-sennheiser-mod-hd-400-pro\/#primaryimage"},"thumbnailUrl":"https:\/\/www.mexicanguitarplayers.com\/wp-content\/uploads\/2022\/08\/VASENHD400PRO.jpg","datePublished":"2022-08-18T21:10:08+00:00","dateModified":"2026-05-01T13:39:50+00:00","description":"AUDIFONOS SENNHEISER MOD. HD 400 PRO. Aud\u00edfonos de referencia para estudio, reproducci\u00f3n de sonido neutral, dise\u00f1o ligero para utilizar todo el d\u00eda, cable en espiral a un solo lado que permite libertad para trabajar (tambi\u00e9n se incluye un cable recto), transductores angulados, dise\u00f1ados para una baja distorsi\u00f3n a altos niveles de presi\u00f3n sonora, experiencia de escucha natural y precisa para afinar y conseguir el sonido personal deseado, dise\u00f1o ligero y almohadillas de velour para mayor comodidad.","breadcrumb":{"@id":"https:\/\/www.mexicanguitarplayers.com\/tienda\/audio\/audifonos\/audifono-alambrico\/audifono-para-estudio\/audifonos-sennheiser-mod-hd-400-pro\/#breadcrumb"},"inLanguage":"en-US","potentialAction":[{"@type":"ReadAction","target":["https:\/\/www.mexicanguitarplayers.com\/tienda\/audio\/audifonos\/audifono-alambrico\/audifono-para-estudio\/audifonos-sennheiser-mod-hd-400-pro\/"]}]},{"@type":"ImageObject","inLanguage":"en-US","@id":"https:\/\/www.mexicanguitarplayers.com\/tienda\/audio\/audifonos\/audifono-alambrico\/audifono-para-estudio\/audifonos-sennheiser-mod-hd-400-pro\/#primaryimage","url":"https:\/\/www.mexicanguitarplayers.com\/wp-content\/uploads\/2022\/08\/VASENHD400PRO.jpg","contentUrl":"https:\/\/www.mexicanguitarplayers.com\/wp-content\/uploads\/2022\/08\/VASENHD400PRO.jpg","width":1200,"height":1200},{"@type":"BreadcrumbList","@id":"https:\/\/www.mexicanguitarplayers.com\/tienda\/audio\/audifonos\/audifono-alambrico\/audifono-para-estudio\/audifonos-sennheiser-mod-hd-400-pro\/#breadcrumb","itemListElement":[{"@type":"ListItem","position":1,"name":"Portada","item":"https:\/\/www.mexicanguitarplayers.com\/"},{"@type":"ListItem","position":2,"name":"Tienda","item":"https:\/\/www.mexicanguitarplayers.com\/tienda\/"},{"@type":"ListItem","position":3,"name":"AUDIFONOS SENNHEISER MOD. HD 400 PRO"}]},{"@type":"WebSite","@id":"https:\/\/www.mexicanguitarplayers.com\/#website","url":"https:\/\/www.mexicanguitarplayers.com\/","name":"Mexican Guitar Players","description":"Website","publisher":{"@id":"https:\/\/www.mexicanguitarplayers.com\/#organization"},"potentialAction":[{"@type":"SearchAction","target":{"@type":"EntryPoint","urlTemplate":"https:\/\/www.mexicanguitarplayers.com\/?s={search_term_string}"},"query-input":{"@type":"PropertyValueSpecification","valueRequired":true,"valueName":"search_term_string"}}],"inLanguage":"en-US"},{"@type":"Organization","@id":"https:\/\/www.mexicanguitarplayers.com\/#organization","name":"Mexican Guitar Players","url":"https:\/\/www.mexicanguitarplayers.com\/","logo":{"@type":"ImageObject","inLanguage":"en-US","@id":"https:\/\/www.mexicanguitarplayers.com\/#\/schema\/logo\/image\/","url":"","contentUrl":"","caption":"Mexican Guitar Players"},"image":{"@id":"https:\/\/www.mexicanguitarplayers.com\/#\/schema\/logo\/image\/"}}]}},"brands":[{"id":176,"name":"SENNHEISER","slug":"sennheiser"}],"_links":{"self":[{"href":"https:\/\/www.mexicanguitarplayers.com\/en\/wp-json\/wp\/v2\/product\/15791","targetHints":{"allow":["GET"]}}],"collection":[{"href":"https:\/\/www.mexicanguitarplayers.com\/en\/wp-json\/wp\/v2\/product"}],"about":[{"href":"https:\/\/www.mexicanguitarplayers.com\/en\/wp-json\/wp\/v2\/types\/product"}],"replies":[{"embeddable":true,"href":"https:\/\/www.mexicanguitarplayers.com\/en\/wp-json\/wp\/v2\/comments?post=15791"}],"wp:featuredmedia":[{"embeddable":true,"href":"https:\/\/www.mexicanguitarplayers.com\/en\/wp-json\/wp\/v2\/media\/15788"}],"wp:attachment":[{"href":"https:\/\/www.mexicanguitarplayers.com\/en\/wp-json\/wp\/v2\/media?parent=15791"}],"wp:term":[{"taxonomy":"pwb-brand","embeddable":true,"href":"https:\/\/www.mexicanguitarplayers.com\/en\/wp-json\/wp\/v2\/pwb-brand?post=15791"},{"taxonomy":"product_brand","embeddable":true,"href":"https:\/\/www.mexicanguitarplayers.com\/en\/wp-json\/wp\/v2\/product_brand?post=15791"},{"taxonomy":"product_cat","embeddable":true,"href":"https:\/\/www.mexicanguitarplayers.com\/en\/wp-json\/wp\/v2\/product_cat?post=15791"},{"taxonomy":"product_tag","embeddable":true,"href":"https:\/\/www.mexicanguitarplayers.com\/en\/wp-json\/wp\/v2\/product_tag?post=15791"}],"curies":[{"name":"wp","href":"https:\/\/api.w.org\/{rel}","templated":true}]}}