{"id":15793,"date":"2022-08-18T16:10:11","date_gmt":"2022-08-18T21:10:11","guid":{"rendered":"https:\/\/www.mexicanguitarplayers.com\/tienda\/sin%20categor\u00eda\/audifonos-sennheiser-mod-ie-100-pro\/"},"modified":"2026-01-14T04:31:59","modified_gmt":"2026-01-14T10:31:59","slug":"audifonos-sennheiser-mod-ie-100-pro","status":"publish","type":"product","link":"https:\/\/www.mexicanguitarplayers.com\/en\/tienda\/audio\/audifonos\/audifono-alambrico\/audifono-para-estudio\/audifonos-sennheiser-mod-ie-100-pro\/","title":{"rendered":"HEADPHONES SENNHEISER MOD. IE 100 PRO"},"content":{"rendered":"<div style=\"text-align: justify\">\n<div>\n<h3>HEADPHONES SENNHEISER MOD. IE 100 PRO<\/h3>\n<\/div>\n<div>Dynamic in-ear monitoring headphones, ideal for live shows, mixing, production or touring, provide safe monitoring on the loudest stages, constant frequency response at both high and low sound pressure levels, great wearing comfort even during hours thanks to its ultra-flat design, robust stage-proof construction, innovative diaphragm that delivers warm yet powerful and richly detailed sound, innovative 10mm wideband dynamic driver, impedance: 20 ohms, frequency response: 20 Hz \u2013 18 kHz, maximum SPL: 115 dB, 3.5 mm plug, cable length: 1.3 m.<\/div>\n<\/div>","protected":false},"excerpt":{"rendered":"<p>Aud\u00edfonos in-ear din\u00e1micos para monitoreo, ideales para shows en vivo, mezcla, producci\u00f3n o giras, proporcionan un monitoreo seguro en los escenarios m\u00e1s ruidosos, respuesta de frecuencia constante tanto en  niveles de presi\u00f3n sonora altos como bajos, gran comodidad de uso incluso durante horas gracias a su dise\u00f1o ultra plano, construcci\u00f3n robusta a prueba de escenarios, innovador diafragma que ofrece un sonido c\u00e1lido pero potente y rico en detalles, innovador transductor din\u00e1mico de banda ancha de 10 mm, impedancia: 20 ohms, respuesta de frecuencia: 20 Hz &#8211; 18 kHz, SPL m\u00e1ximo: 115 dB, conector de 3.5 mm, longitud del cable: 1.3 m.&hellip; <a class=\"kt-excerpt-readmore more-link\" href=\"https:\/\/www.mexicanguitarplayers.com\/en\/tienda\/audio\/audifonos\/audifono-alambrico\/audifono-para-estudio\/audifonos-sennheiser-mod-ie-100-pro\/\">Read more<\/a><\/p>","protected":false},"featured_media":15792,"comment_status":"open","ping_status":"closed","template":"","meta":{"kt_blocks_editor_width":""},"pwb-brand":[176],"product_brand":[],"product_cat":[506,507,505,213],"product_tag":[],"class_list":{"0":"post-15793","1":"product","2":"type-product","3":"status-publish","4":"has-post-thumbnail","6":"pwb-brand-sennheiser","7":"product_cat-audifono-alambrico","8":"product_cat-audifono-para-estudio","9":"product_cat-audifonos","10":"product_cat-audio","11":"product_shipping_class-0-5-kg","13":"first","14":"instock","15":"taxable","16":"shipping-taxable","17":"purchasable","18":"product-type-simple"},"yoast_head":"<!-- This site is optimized with the Yoast SEO plugin v27.3 - https:\/\/yoast.com\/product\/yoast-seo-wordpress\/ -->\n<title>AUDIFONOS SENNHEISER MOD. IE 100 PRO - Mexican Guitar Players<\/title>\n<meta name=\"description\" content=\"AUDIFONOS SENNHEISER MOD. IE 100 PRO. Aud\u00edfonos in-ear din\u00e1micos para monitoreo, ideales para shows en vivo, mezcla, producci\u00f3n o giras, proporcionan un monitoreo seguro en los escenarios m\u00e1s ruidosos, respuesta de frecuencia constante tanto en niveles de presi\u00f3n sonora altos como bajos, gran comodidad de uso incluso durante horas gracias a su dise\u00f1o ultra plano, construcci\u00f3n robusta a prueba de escenarios, innovador diafragma que ofrece un sonido c\u00e1lido pero potente y rico en detalles, innovador transductor din\u00e1mico de banda ancha de 10 mm, impedancia: 20 ohms, respuesta de frecuencia: 20 Hz - 18 kHz, SPL m\u00e1ximo: 115 dB, conector de 3.5 mm, longitud del cable: 1.3 m.\" \/>\n<meta name=\"robots\" content=\"index, follow, max-snippet:-1, max-image-preview:large, max-video-preview:-1\" \/>\n<link rel=\"canonical\" href=\"https:\/\/www.mexicanguitarplayers.com\/en\/tienda\/audio\/audifonos\/audifono-alambrico\/audifono-para-estudio\/audifonos-sennheiser-mod-ie-100-pro\/\" \/>\n<meta property=\"og:locale\" content=\"en_US\" \/>\n<meta property=\"og:type\" content=\"article\" \/>\n<meta property=\"og:title\" content=\"AUDIFONOS SENNHEISER MOD. IE 100 PRO - Mexican Guitar Players\" \/>\n<meta property=\"og:description\" content=\"AUDIFONOS SENNHEISER MOD. IE 100 PRO. Aud\u00edfonos in-ear din\u00e1micos para monitoreo, ideales para shows en vivo, mezcla, producci\u00f3n o giras, proporcionan un monitoreo seguro en los escenarios m\u00e1s ruidosos, respuesta de frecuencia constante tanto en niveles de presi\u00f3n sonora altos como bajos, gran comodidad de uso incluso durante horas gracias a su dise\u00f1o ultra plano, construcci\u00f3n robusta a prueba de escenarios, innovador diafragma que ofrece un sonido c\u00e1lido pero potente y rico en detalles, innovador transductor din\u00e1mico de banda ancha de 10 mm, impedancia: 20 ohms, respuesta de frecuencia: 20 Hz - 18 kHz, SPL m\u00e1ximo: 115 dB, conector de 3.5 mm, longitud del cable: 1.3 m.\" \/>\n<meta property=\"og:url\" content=\"https:\/\/www.mexicanguitarplayers.com\/en\/tienda\/audio\/audifonos\/audifono-alambrico\/audifono-para-estudio\/audifonos-sennheiser-mod-ie-100-pro\/\" \/>\n<meta property=\"og:site_name\" content=\"Mexican Guitar Players\" \/>\n<meta property=\"article:modified_time\" content=\"2026-01-14T10:31:59+00:00\" \/>\n<meta property=\"og:image\" content=\"https:\/\/www.mexicanguitarplayers.com\/wp-content\/uploads\/2022\/08\/VASENIE100PRO.jpg\" \/>\n\t<meta property=\"og:image:width\" content=\"1200\" \/>\n\t<meta property=\"og:image:height\" content=\"1200\" \/>\n\t<meta property=\"og:image:type\" content=\"image\/jpeg\" \/>\n<meta name=\"twitter:card\" content=\"summary_large_image\" \/>\n<meta name=\"twitter:label1\" content=\"Est. reading time\" \/>\n\t<meta name=\"twitter:data1\" content=\"1 minute\" \/>\n<script type=\"application\/ld+json\" class=\"yoast-schema-graph\">{\"@context\":\"https:\\\/\\\/schema.org\",\"@graph\":[{\"@type\":[\"WebPage\",\"ItemPage\"],\"@id\":\"https:\\\/\\\/www.mexicanguitarplayers.com\\\/tienda\\\/audio\\\/audifonos\\\/audifono-alambrico\\\/audifono-para-estudio\\\/audifonos-sennheiser-mod-ie-100-pro\\\/\",\"url\":\"https:\\\/\\\/www.mexicanguitarplayers.com\\\/tienda\\\/audio\\\/audifonos\\\/audifono-alambrico\\\/audifono-para-estudio\\\/audifonos-sennheiser-mod-ie-100-pro\\\/\",\"name\":\"AUDIFONOS SENNHEISER MOD. IE 100 PRO - Mexican Guitar Players\",\"isPartOf\":{\"@id\":\"https:\\\/\\\/www.mexicanguitarplayers.com\\\/#website\"},\"primaryImageOfPage\":{\"@id\":\"https:\\\/\\\/www.mexicanguitarplayers.com\\\/tienda\\\/audio\\\/audifonos\\\/audifono-alambrico\\\/audifono-para-estudio\\\/audifonos-sennheiser-mod-ie-100-pro\\\/#primaryimage\"},\"image\":{\"@id\":\"https:\\\/\\\/www.mexicanguitarplayers.com\\\/tienda\\\/audio\\\/audifonos\\\/audifono-alambrico\\\/audifono-para-estudio\\\/audifonos-sennheiser-mod-ie-100-pro\\\/#primaryimage\"},\"thumbnailUrl\":\"https:\\\/\\\/www.mexicanguitarplayers.com\\\/wp-content\\\/uploads\\\/2022\\\/08\\\/VASENIE100PRO.jpg\",\"datePublished\":\"2022-08-18T21:10:11+00:00\",\"dateModified\":\"2026-01-14T10:31:59+00:00\",\"description\":\"AUDIFONOS SENNHEISER MOD. IE 100 PRO. Aud\u00edfonos in-ear din\u00e1micos para monitoreo, ideales para shows en vivo, mezcla, producci\u00f3n o giras, proporcionan un monitoreo seguro en los escenarios m\u00e1s ruidosos, respuesta de frecuencia constante tanto en niveles de presi\u00f3n sonora altos como bajos, gran comodidad de uso incluso durante horas gracias a su dise\u00f1o ultra plano, construcci\u00f3n robusta a prueba de escenarios, innovador diafragma que ofrece un sonido c\u00e1lido pero potente y rico en detalles, innovador transductor din\u00e1mico de banda ancha de 10 mm, impedancia: 20 ohms, respuesta de frecuencia: 20 Hz - 18 kHz, SPL m\u00e1ximo: 115 dB, conector de 3.5 mm, longitud del cable: 1.3 m.\",\"breadcrumb\":{\"@id\":\"https:\\\/\\\/www.mexicanguitarplayers.com\\\/tienda\\\/audio\\\/audifonos\\\/audifono-alambrico\\\/audifono-para-estudio\\\/audifonos-sennheiser-mod-ie-100-pro\\\/#breadcrumb\"},\"inLanguage\":\"en-US\",\"potentialAction\":[{\"@type\":\"ReadAction\",\"target\":[\"https:\\\/\\\/www.mexicanguitarplayers.com\\\/tienda\\\/audio\\\/audifonos\\\/audifono-alambrico\\\/audifono-para-estudio\\\/audifonos-sennheiser-mod-ie-100-pro\\\/\"]}]},{\"@type\":\"ImageObject\",\"inLanguage\":\"en-US\",\"@id\":\"https:\\\/\\\/www.mexicanguitarplayers.com\\\/tienda\\\/audio\\\/audifonos\\\/audifono-alambrico\\\/audifono-para-estudio\\\/audifonos-sennheiser-mod-ie-100-pro\\\/#primaryimage\",\"url\":\"https:\\\/\\\/www.mexicanguitarplayers.com\\\/wp-content\\\/uploads\\\/2022\\\/08\\\/VASENIE100PRO.jpg\",\"contentUrl\":\"https:\\\/\\\/www.mexicanguitarplayers.com\\\/wp-content\\\/uploads\\\/2022\\\/08\\\/VASENIE100PRO.jpg\",\"width\":1200,\"height\":1200},{\"@type\":\"BreadcrumbList\",\"@id\":\"https:\\\/\\\/www.mexicanguitarplayers.com\\\/tienda\\\/audio\\\/audifonos\\\/audifono-alambrico\\\/audifono-para-estudio\\\/audifonos-sennheiser-mod-ie-100-pro\\\/#breadcrumb\",\"itemListElement\":[{\"@type\":\"ListItem\",\"position\":1,\"name\":\"Portada\",\"item\":\"https:\\\/\\\/www.mexicanguitarplayers.com\\\/\"},{\"@type\":\"ListItem\",\"position\":2,\"name\":\"Tienda\",\"item\":\"https:\\\/\\\/www.mexicanguitarplayers.com\\\/tienda\\\/\"},{\"@type\":\"ListItem\",\"position\":3,\"name\":\"AUDIFONOS SENNHEISER MOD. IE 100 PRO\"}]},{\"@type\":\"WebSite\",\"@id\":\"https:\\\/\\\/www.mexicanguitarplayers.com\\\/#website\",\"url\":\"https:\\\/\\\/www.mexicanguitarplayers.com\\\/\",\"name\":\"Mexican Guitar Players\",\"description\":\"Website\",\"publisher\":{\"@id\":\"https:\\\/\\\/www.mexicanguitarplayers.com\\\/#organization\"},\"potentialAction\":[{\"@type\":\"SearchAction\",\"target\":{\"@type\":\"EntryPoint\",\"urlTemplate\":\"https:\\\/\\\/www.mexicanguitarplayers.com\\\/?s={search_term_string}\"},\"query-input\":{\"@type\":\"PropertyValueSpecification\",\"valueRequired\":true,\"valueName\":\"search_term_string\"}}],\"inLanguage\":\"en-US\"},{\"@type\":\"Organization\",\"@id\":\"https:\\\/\\\/www.mexicanguitarplayers.com\\\/#organization\",\"name\":\"Mexican Guitar Players\",\"url\":\"https:\\\/\\\/www.mexicanguitarplayers.com\\\/\",\"logo\":{\"@type\":\"ImageObject\",\"inLanguage\":\"en-US\",\"@id\":\"https:\\\/\\\/www.mexicanguitarplayers.com\\\/#\\\/schema\\\/logo\\\/image\\\/\",\"url\":\"\",\"contentUrl\":\"\",\"caption\":\"Mexican Guitar Players\"},\"image\":{\"@id\":\"https:\\\/\\\/www.mexicanguitarplayers.com\\\/#\\\/schema\\\/logo\\\/image\\\/\"}}]}<\/script>\n<!-- \/ Yoast SEO plugin. -->","yoast_head_json":{"title":"AUDIFONOS SENNHEISER MOD. IE 100 PRO - Mexican Guitar Players","description":"AUDIFONOS SENNHEISER MOD. IE 100 PRO. Aud\u00edfonos in-ear din\u00e1micos para monitoreo, ideales para shows en vivo, mezcla, producci\u00f3n o giras, proporcionan un monitoreo seguro en los escenarios m\u00e1s ruidosos, respuesta de frecuencia constante tanto en niveles de presi\u00f3n sonora altos como bajos, gran comodidad de uso incluso durante horas gracias a su dise\u00f1o ultra plano, construcci\u00f3n robusta a prueba de escenarios, innovador diafragma que ofrece un sonido c\u00e1lido pero potente y rico en detalles, innovador transductor din\u00e1mico de banda ancha de 10 mm, impedancia: 20 ohms, respuesta de frecuencia: 20 Hz - 18 kHz, SPL m\u00e1ximo: 115 dB, conector de 3.5 mm, longitud del cable: 1.3 m.","robots":{"index":"index","follow":"follow","max-snippet":"max-snippet:-1","max-image-preview":"max-image-preview:large","max-video-preview":"max-video-preview:-1"},"canonical":"https:\/\/www.mexicanguitarplayers.com\/en\/tienda\/audio\/audifonos\/audifono-alambrico\/audifono-para-estudio\/audifonos-sennheiser-mod-ie-100-pro\/","og_locale":"en_US","og_type":"article","og_title":"AUDIFONOS SENNHEISER MOD. IE 100 PRO - Mexican Guitar Players","og_description":"AUDIFONOS SENNHEISER MOD. IE 100 PRO. Aud\u00edfonos in-ear din\u00e1micos para monitoreo, ideales para shows en vivo, mezcla, producci\u00f3n o giras, proporcionan un monitoreo seguro en los escenarios m\u00e1s ruidosos, respuesta de frecuencia constante tanto en niveles de presi\u00f3n sonora altos como bajos, gran comodidad de uso incluso durante horas gracias a su dise\u00f1o ultra plano, construcci\u00f3n robusta a prueba de escenarios, innovador diafragma que ofrece un sonido c\u00e1lido pero potente y rico en detalles, innovador transductor din\u00e1mico de banda ancha de 10 mm, impedancia: 20 ohms, respuesta de frecuencia: 20 Hz - 18 kHz, SPL m\u00e1ximo: 115 dB, conector de 3.5 mm, longitud del cable: 1.3 m.","og_url":"https:\/\/www.mexicanguitarplayers.com\/en\/tienda\/audio\/audifonos\/audifono-alambrico\/audifono-para-estudio\/audifonos-sennheiser-mod-ie-100-pro\/","og_site_name":"Mexican Guitar Players","article_modified_time":"2026-01-14T10:31:59+00:00","og_image":[{"width":1200,"height":1200,"url":"https:\/\/www.mexicanguitarplayers.com\/wp-content\/uploads\/2022\/08\/VASENIE100PRO.jpg","type":"image\/jpeg"}],"twitter_card":"summary_large_image","twitter_misc":{"Est. reading time":"1 minute"},"schema":{"@context":"https:\/\/schema.org","@graph":[{"@type":["WebPage","ItemPage"],"@id":"https:\/\/www.mexicanguitarplayers.com\/tienda\/audio\/audifonos\/audifono-alambrico\/audifono-para-estudio\/audifonos-sennheiser-mod-ie-100-pro\/","url":"https:\/\/www.mexicanguitarplayers.com\/tienda\/audio\/audifonos\/audifono-alambrico\/audifono-para-estudio\/audifonos-sennheiser-mod-ie-100-pro\/","name":"AUDIFONOS SENNHEISER MOD. IE 100 PRO - Mexican Guitar Players","isPartOf":{"@id":"https:\/\/www.mexicanguitarplayers.com\/#website"},"primaryImageOfPage":{"@id":"https:\/\/www.mexicanguitarplayers.com\/tienda\/audio\/audifonos\/audifono-alambrico\/audifono-para-estudio\/audifonos-sennheiser-mod-ie-100-pro\/#primaryimage"},"image":{"@id":"https:\/\/www.mexicanguitarplayers.com\/tienda\/audio\/audifonos\/audifono-alambrico\/audifono-para-estudio\/audifonos-sennheiser-mod-ie-100-pro\/#primaryimage"},"thumbnailUrl":"https:\/\/www.mexicanguitarplayers.com\/wp-content\/uploads\/2022\/08\/VASENIE100PRO.jpg","datePublished":"2022-08-18T21:10:11+00:00","dateModified":"2026-01-14T10:31:59+00:00","description":"AUDIFONOS SENNHEISER MOD. IE 100 PRO. Aud\u00edfonos in-ear din\u00e1micos para monitoreo, ideales para shows en vivo, mezcla, producci\u00f3n o giras, proporcionan un monitoreo seguro en los escenarios m\u00e1s ruidosos, respuesta de frecuencia constante tanto en niveles de presi\u00f3n sonora altos como bajos, gran comodidad de uso incluso durante horas gracias a su dise\u00f1o ultra plano, construcci\u00f3n robusta a prueba de escenarios, innovador diafragma que ofrece un sonido c\u00e1lido pero potente y rico en detalles, innovador transductor din\u00e1mico de banda ancha de 10 mm, impedancia: 20 ohms, respuesta de frecuencia: 20 Hz - 18 kHz, SPL m\u00e1ximo: 115 dB, conector de 3.5 mm, longitud del cable: 1.3 m.","breadcrumb":{"@id":"https:\/\/www.mexicanguitarplayers.com\/tienda\/audio\/audifonos\/audifono-alambrico\/audifono-para-estudio\/audifonos-sennheiser-mod-ie-100-pro\/#breadcrumb"},"inLanguage":"en-US","potentialAction":[{"@type":"ReadAction","target":["https:\/\/www.mexicanguitarplayers.com\/tienda\/audio\/audifonos\/audifono-alambrico\/audifono-para-estudio\/audifonos-sennheiser-mod-ie-100-pro\/"]}]},{"@type":"ImageObject","inLanguage":"en-US","@id":"https:\/\/www.mexicanguitarplayers.com\/tienda\/audio\/audifonos\/audifono-alambrico\/audifono-para-estudio\/audifonos-sennheiser-mod-ie-100-pro\/#primaryimage","url":"https:\/\/www.mexicanguitarplayers.com\/wp-content\/uploads\/2022\/08\/VASENIE100PRO.jpg","contentUrl":"https:\/\/www.mexicanguitarplayers.com\/wp-content\/uploads\/2022\/08\/VASENIE100PRO.jpg","width":1200,"height":1200},{"@type":"BreadcrumbList","@id":"https:\/\/www.mexicanguitarplayers.com\/tienda\/audio\/audifonos\/audifono-alambrico\/audifono-para-estudio\/audifonos-sennheiser-mod-ie-100-pro\/#breadcrumb","itemListElement":[{"@type":"ListItem","position":1,"name":"Portada","item":"https:\/\/www.mexicanguitarplayers.com\/"},{"@type":"ListItem","position":2,"name":"Tienda","item":"https:\/\/www.mexicanguitarplayers.com\/tienda\/"},{"@type":"ListItem","position":3,"name":"AUDIFONOS SENNHEISER MOD. IE 100 PRO"}]},{"@type":"WebSite","@id":"https:\/\/www.mexicanguitarplayers.com\/#website","url":"https:\/\/www.mexicanguitarplayers.com\/","name":"Mexican Guitar Players","description":"Website","publisher":{"@id":"https:\/\/www.mexicanguitarplayers.com\/#organization"},"potentialAction":[{"@type":"SearchAction","target":{"@type":"EntryPoint","urlTemplate":"https:\/\/www.mexicanguitarplayers.com\/?s={search_term_string}"},"query-input":{"@type":"PropertyValueSpecification","valueRequired":true,"valueName":"search_term_string"}}],"inLanguage":"en-US"},{"@type":"Organization","@id":"https:\/\/www.mexicanguitarplayers.com\/#organization","name":"Mexican Guitar Players","url":"https:\/\/www.mexicanguitarplayers.com\/","logo":{"@type":"ImageObject","inLanguage":"en-US","@id":"https:\/\/www.mexicanguitarplayers.com\/#\/schema\/logo\/image\/","url":"","contentUrl":"","caption":"Mexican Guitar Players"},"image":{"@id":"https:\/\/www.mexicanguitarplayers.com\/#\/schema\/logo\/image\/"}}]}},"brands":[{"id":176,"name":"SENNHEISER","slug":"sennheiser"}],"_links":{"self":[{"href":"https:\/\/www.mexicanguitarplayers.com\/en\/wp-json\/wp\/v2\/product\/15793","targetHints":{"allow":["GET"]}}],"collection":[{"href":"https:\/\/www.mexicanguitarplayers.com\/en\/wp-json\/wp\/v2\/product"}],"about":[{"href":"https:\/\/www.mexicanguitarplayers.com\/en\/wp-json\/wp\/v2\/types\/product"}],"replies":[{"embeddable":true,"href":"https:\/\/www.mexicanguitarplayers.com\/en\/wp-json\/wp\/v2\/comments?post=15793"}],"wp:featuredmedia":[{"embeddable":true,"href":"https:\/\/www.mexicanguitarplayers.com\/en\/wp-json\/wp\/v2\/media\/15792"}],"wp:attachment":[{"href":"https:\/\/www.mexicanguitarplayers.com\/en\/wp-json\/wp\/v2\/media?parent=15793"}],"wp:term":[{"taxonomy":"pwb-brand","embeddable":true,"href":"https:\/\/www.mexicanguitarplayers.com\/en\/wp-json\/wp\/v2\/pwb-brand?post=15793"},{"taxonomy":"product_brand","embeddable":true,"href":"https:\/\/www.mexicanguitarplayers.com\/en\/wp-json\/wp\/v2\/product_brand?post=15793"},{"taxonomy":"product_cat","embeddable":true,"href":"https:\/\/www.mexicanguitarplayers.com\/en\/wp-json\/wp\/v2\/product_cat?post=15793"},{"taxonomy":"product_tag","embeddable":true,"href":"https:\/\/www.mexicanguitarplayers.com\/en\/wp-json\/wp\/v2\/product_tag?post=15793"}],"curies":[{"name":"wp","href":"https:\/\/api.w.org\/{rel}","templated":true}]}}