{"id":15795,"date":"2022-08-18T16:10:13","date_gmt":"2022-08-18T21:10:13","guid":{"rendered":"https:\/\/www.mexicanguitarplayers.com\/tienda\/sin%20categor\u00eda\/audifonos-sennheiser-mod-ie4\/"},"modified":"2024-03-15T19:14:36","modified_gmt":"2024-03-16T01:14:36","slug":"audifonos-sennheiser-mod-ie4","status":"publish","type":"product","link":"https:\/\/www.mexicanguitarplayers.com\/en\/tienda\/audio\/audifonos\/audifono-alambrico\/audifonos-hifi\/audifonos-sennheiser-mod-ie4\/","title":{"rendered":"HEADPHONES SENNHEISER MOD. IE4"},"content":{"rendered":"<div style=\"text-align: justify\">\n<div>\n<h3>HEADPHONES SENNHEISER MOD. IE4<\/h3>\n<\/div>\n<div>Headphones for wireless monitoring applications, universal fit with interchangeable ear tips, available in 3 different sizes, natural and dynamic sound reproduction, extremely robust, even at high sound pressure levels, exceptional bass response, maximum SPL: 106 dB, coupling: In-the-Ear, 3.5mm stereo jack plug, cable length: 1.4m, driver principle: dynamic, impedance: 16 ohms.<\/div>\n<\/div>","protected":false},"excerpt":{"rendered":"<p>Aud\u00edfonos para aplicaciones de monitoreo inal\u00e1mbrico, ajuste universal con almohadillas intercambiables, disponibles en 3 tama\u00f1os diferentes, reproducci\u00f3n natural de sonido y din\u00e1mico, extremadamente robustos, incluso a altos niveles de presi\u00f3n sonora, respuesta excepcional de graves, SPL m\u00e1ximo: 106 dB, acoplamiento:In-the-Ear, conector jack plug est\u00e9reo de 3.5 mm, longitud del cable: 1.4 m, principio del transductor: din\u00e1mico, impedancia: 16 ohms.&hellip; <a class=\"kt-excerpt-readmore more-link\" href=\"https:\/\/www.mexicanguitarplayers.com\/en\/tienda\/audio\/audifonos\/audifono-alambrico\/audifonos-hifi\/audifonos-sennheiser-mod-ie4\/\">Read more<\/a><\/p>","protected":false},"featured_media":15794,"comment_status":"open","ping_status":"closed","template":"","meta":{"kt_blocks_editor_width":""},"pwb-brand":[176],"product_brand":[],"product_cat":[506,505,516,213],"product_tag":[],"class_list":{"0":"post-15795","1":"product","2":"type-product","3":"status-publish","4":"has-post-thumbnail","6":"pwb-brand-sennheiser","7":"product_cat-audifono-alambrico","8":"product_cat-audifonos","9":"product_cat-audifonos-hifi","10":"product_cat-audio","11":"product_shipping_class-0-5-kg","13":"first","14":"outofstock","15":"taxable","16":"shipping-taxable","17":"purchasable","18":"product-type-simple"},"yoast_head":"<!-- This site is optimized with the Yoast SEO plugin v27.5 - https:\/\/yoast.com\/product\/yoast-seo-wordpress\/ -->\n<title>AUDIFONOS SENNHEISER MOD. IE4 - Mexican Guitar Players<\/title>\n<meta name=\"description\" content=\"AUDIFONOS SENNHEISER MOD. IE4. Aud\u00edfonos para aplicaciones de monitoreo inal\u00e1mbrico, ajuste universal con almohadillas intercambiables, disponibles en 3 tama\u00f1os diferentes, reproducci\u00f3n natural de sonido y din\u00e1mico, extremadamente robustos, incluso a altos niveles de presi\u00f3n sonora, respuesta excepcional de graves, SPL m\u00e1ximo: 106 dB, acoplamiento:In-the-Ear, conector jack plug est\u00e9reo de 3.5 mm, longitud del cable: 1.4 m, principio del transductor: din\u00e1mico, impedancia: 16 ohms.\" \/>\n<meta name=\"robots\" content=\"index, follow, max-snippet:-1, max-image-preview:large, max-video-preview:-1\" \/>\n<link rel=\"canonical\" href=\"https:\/\/www.mexicanguitarplayers.com\/en\/tienda\/audio\/audifonos\/audifono-alambrico\/audifonos-hifi\/audifonos-sennheiser-mod-ie4\/\" \/>\n<meta property=\"og:locale\" content=\"en_US\" \/>\n<meta property=\"og:type\" content=\"article\" \/>\n<meta property=\"og:title\" content=\"AUDIFONOS SENNHEISER MOD. IE4 - Mexican Guitar Players\" \/>\n<meta property=\"og:description\" content=\"AUDIFONOS SENNHEISER MOD. IE4. Aud\u00edfonos para aplicaciones de monitoreo inal\u00e1mbrico, ajuste universal con almohadillas intercambiables, disponibles en 3 tama\u00f1os diferentes, reproducci\u00f3n natural de sonido y din\u00e1mico, extremadamente robustos, incluso a altos niveles de presi\u00f3n sonora, respuesta excepcional de graves, SPL m\u00e1ximo: 106 dB, acoplamiento:In-the-Ear, conector jack plug est\u00e9reo de 3.5 mm, longitud del cable: 1.4 m, principio del transductor: din\u00e1mico, impedancia: 16 ohms.\" \/>\n<meta property=\"og:url\" content=\"https:\/\/www.mexicanguitarplayers.com\/en\/tienda\/audio\/audifonos\/audifono-alambrico\/audifonos-hifi\/audifonos-sennheiser-mod-ie4\/\" \/>\n<meta property=\"og:site_name\" content=\"Mexican Guitar Players\" \/>\n<meta property=\"article:modified_time\" content=\"2024-03-16T01:14:36+00:00\" \/>\n<meta property=\"og:image\" content=\"https:\/\/www.mexicanguitarplayers.com\/wp-content\/uploads\/2022\/08\/VASENIE4.jpg\" \/>\n\t<meta property=\"og:image:width\" content=\"1200\" \/>\n\t<meta property=\"og:image:height\" content=\"1200\" \/>\n\t<meta property=\"og:image:type\" content=\"image\/jpeg\" \/>\n<meta name=\"twitter:card\" content=\"summary_large_image\" \/>\n<script type=\"application\/ld+json\" class=\"yoast-schema-graph\">{\"@context\":\"https:\\\/\\\/schema.org\",\"@graph\":[{\"@type\":[\"WebPage\",\"ItemPage\"],\"@id\":\"https:\\\/\\\/www.mexicanguitarplayers.com\\\/tienda\\\/audio\\\/audifonos\\\/audifono-alambrico\\\/audifonos-hifi\\\/audifonos-sennheiser-mod-ie4\\\/\",\"url\":\"https:\\\/\\\/www.mexicanguitarplayers.com\\\/tienda\\\/audio\\\/audifonos\\\/audifono-alambrico\\\/audifonos-hifi\\\/audifonos-sennheiser-mod-ie4\\\/\",\"name\":\"AUDIFONOS SENNHEISER MOD. IE4 - Mexican Guitar Players\",\"isPartOf\":{\"@id\":\"https:\\\/\\\/www.mexicanguitarplayers.com\\\/#website\"},\"primaryImageOfPage\":{\"@id\":\"https:\\\/\\\/www.mexicanguitarplayers.com\\\/tienda\\\/audio\\\/audifonos\\\/audifono-alambrico\\\/audifonos-hifi\\\/audifonos-sennheiser-mod-ie4\\\/#primaryimage\"},\"image\":{\"@id\":\"https:\\\/\\\/www.mexicanguitarplayers.com\\\/tienda\\\/audio\\\/audifonos\\\/audifono-alambrico\\\/audifonos-hifi\\\/audifonos-sennheiser-mod-ie4\\\/#primaryimage\"},\"thumbnailUrl\":\"https:\\\/\\\/www.mexicanguitarplayers.com\\\/wp-content\\\/uploads\\\/2022\\\/08\\\/VASENIE4.jpg\",\"datePublished\":\"2022-08-18T21:10:13+00:00\",\"dateModified\":\"2024-03-16T01:14:36+00:00\",\"description\":\"AUDIFONOS SENNHEISER MOD. IE4. Aud\u00edfonos para aplicaciones de monitoreo inal\u00e1mbrico, ajuste universal con almohadillas intercambiables, disponibles en 3 tama\u00f1os diferentes, reproducci\u00f3n natural de sonido y din\u00e1mico, extremadamente robustos, incluso a altos niveles de presi\u00f3n sonora, respuesta excepcional de graves, SPL m\u00e1ximo: 106 dB, acoplamiento:In-the-Ear, conector jack plug est\u00e9reo de 3.5 mm, longitud del cable: 1.4 m, principio del transductor: din\u00e1mico, impedancia: 16 ohms.\",\"breadcrumb\":{\"@id\":\"https:\\\/\\\/www.mexicanguitarplayers.com\\\/tienda\\\/audio\\\/audifonos\\\/audifono-alambrico\\\/audifonos-hifi\\\/audifonos-sennheiser-mod-ie4\\\/#breadcrumb\"},\"inLanguage\":\"en-US\",\"potentialAction\":[{\"@type\":\"ReadAction\",\"target\":[\"https:\\\/\\\/www.mexicanguitarplayers.com\\\/tienda\\\/audio\\\/audifonos\\\/audifono-alambrico\\\/audifonos-hifi\\\/audifonos-sennheiser-mod-ie4\\\/\"]}]},{\"@type\":\"ImageObject\",\"inLanguage\":\"en-US\",\"@id\":\"https:\\\/\\\/www.mexicanguitarplayers.com\\\/tienda\\\/audio\\\/audifonos\\\/audifono-alambrico\\\/audifonos-hifi\\\/audifonos-sennheiser-mod-ie4\\\/#primaryimage\",\"url\":\"https:\\\/\\\/www.mexicanguitarplayers.com\\\/wp-content\\\/uploads\\\/2022\\\/08\\\/VASENIE4.jpg\",\"contentUrl\":\"https:\\\/\\\/www.mexicanguitarplayers.com\\\/wp-content\\\/uploads\\\/2022\\\/08\\\/VASENIE4.jpg\",\"width\":1200,\"height\":1200},{\"@type\":\"BreadcrumbList\",\"@id\":\"https:\\\/\\\/www.mexicanguitarplayers.com\\\/tienda\\\/audio\\\/audifonos\\\/audifono-alambrico\\\/audifonos-hifi\\\/audifonos-sennheiser-mod-ie4\\\/#breadcrumb\",\"itemListElement\":[{\"@type\":\"ListItem\",\"position\":1,\"name\":\"Portada\",\"item\":\"https:\\\/\\\/www.mexicanguitarplayers.com\\\/\"},{\"@type\":\"ListItem\",\"position\":2,\"name\":\"Tienda\",\"item\":\"https:\\\/\\\/www.mexicanguitarplayers.com\\\/tienda\\\/\"},{\"@type\":\"ListItem\",\"position\":3,\"name\":\"AUDIFONOS SENNHEISER MOD. IE4\"}]},{\"@type\":\"WebSite\",\"@id\":\"https:\\\/\\\/www.mexicanguitarplayers.com\\\/#website\",\"url\":\"https:\\\/\\\/www.mexicanguitarplayers.com\\\/\",\"name\":\"Mexican Guitar Players\",\"description\":\"Website\",\"publisher\":{\"@id\":\"https:\\\/\\\/www.mexicanguitarplayers.com\\\/#organization\"},\"potentialAction\":[{\"@type\":\"SearchAction\",\"target\":{\"@type\":\"EntryPoint\",\"urlTemplate\":\"https:\\\/\\\/www.mexicanguitarplayers.com\\\/?s={search_term_string}\"},\"query-input\":{\"@type\":\"PropertyValueSpecification\",\"valueRequired\":true,\"valueName\":\"search_term_string\"}}],\"inLanguage\":\"en-US\"},{\"@type\":\"Organization\",\"@id\":\"https:\\\/\\\/www.mexicanguitarplayers.com\\\/#organization\",\"name\":\"Mexican Guitar Players\",\"url\":\"https:\\\/\\\/www.mexicanguitarplayers.com\\\/\",\"logo\":{\"@type\":\"ImageObject\",\"inLanguage\":\"en-US\",\"@id\":\"https:\\\/\\\/www.mexicanguitarplayers.com\\\/#\\\/schema\\\/logo\\\/image\\\/\",\"url\":\"\",\"contentUrl\":\"\",\"caption\":\"Mexican Guitar Players\"},\"image\":{\"@id\":\"https:\\\/\\\/www.mexicanguitarplayers.com\\\/#\\\/schema\\\/logo\\\/image\\\/\"}}]}<\/script>\n<!-- \/ Yoast SEO plugin. -->","yoast_head_json":{"title":"AUDIFONOS SENNHEISER MOD. IE4 - Mexican Guitar Players","description":"AUDIFONOS SENNHEISER MOD. IE4. Aud\u00edfonos para aplicaciones de monitoreo inal\u00e1mbrico, ajuste universal con almohadillas intercambiables, disponibles en 3 tama\u00f1os diferentes, reproducci\u00f3n natural de sonido y din\u00e1mico, extremadamente robustos, incluso a altos niveles de presi\u00f3n sonora, respuesta excepcional de graves, SPL m\u00e1ximo: 106 dB, acoplamiento:In-the-Ear, conector jack plug est\u00e9reo de 3.5 mm, longitud del cable: 1.4 m, principio del transductor: din\u00e1mico, impedancia: 16 ohms.","robots":{"index":"index","follow":"follow","max-snippet":"max-snippet:-1","max-image-preview":"max-image-preview:large","max-video-preview":"max-video-preview:-1"},"canonical":"https:\/\/www.mexicanguitarplayers.com\/en\/tienda\/audio\/audifonos\/audifono-alambrico\/audifonos-hifi\/audifonos-sennheiser-mod-ie4\/","og_locale":"en_US","og_type":"article","og_title":"AUDIFONOS SENNHEISER MOD. IE4 - Mexican Guitar Players","og_description":"AUDIFONOS SENNHEISER MOD. IE4. Aud\u00edfonos para aplicaciones de monitoreo inal\u00e1mbrico, ajuste universal con almohadillas intercambiables, disponibles en 3 tama\u00f1os diferentes, reproducci\u00f3n natural de sonido y din\u00e1mico, extremadamente robustos, incluso a altos niveles de presi\u00f3n sonora, respuesta excepcional de graves, SPL m\u00e1ximo: 106 dB, acoplamiento:In-the-Ear, conector jack plug est\u00e9reo de 3.5 mm, longitud del cable: 1.4 m, principio del transductor: din\u00e1mico, impedancia: 16 ohms.","og_url":"https:\/\/www.mexicanguitarplayers.com\/en\/tienda\/audio\/audifonos\/audifono-alambrico\/audifonos-hifi\/audifonos-sennheiser-mod-ie4\/","og_site_name":"Mexican Guitar Players","article_modified_time":"2024-03-16T01:14:36+00:00","og_image":[{"width":1200,"height":1200,"url":"https:\/\/www.mexicanguitarplayers.com\/wp-content\/uploads\/2022\/08\/VASENIE4.jpg","type":"image\/jpeg"}],"twitter_card":"summary_large_image","schema":{"@context":"https:\/\/schema.org","@graph":[{"@type":["WebPage","ItemPage"],"@id":"https:\/\/www.mexicanguitarplayers.com\/tienda\/audio\/audifonos\/audifono-alambrico\/audifonos-hifi\/audifonos-sennheiser-mod-ie4\/","url":"https:\/\/www.mexicanguitarplayers.com\/tienda\/audio\/audifonos\/audifono-alambrico\/audifonos-hifi\/audifonos-sennheiser-mod-ie4\/","name":"AUDIFONOS SENNHEISER MOD. IE4 - Mexican Guitar Players","isPartOf":{"@id":"https:\/\/www.mexicanguitarplayers.com\/#website"},"primaryImageOfPage":{"@id":"https:\/\/www.mexicanguitarplayers.com\/tienda\/audio\/audifonos\/audifono-alambrico\/audifonos-hifi\/audifonos-sennheiser-mod-ie4\/#primaryimage"},"image":{"@id":"https:\/\/www.mexicanguitarplayers.com\/tienda\/audio\/audifonos\/audifono-alambrico\/audifonos-hifi\/audifonos-sennheiser-mod-ie4\/#primaryimage"},"thumbnailUrl":"https:\/\/www.mexicanguitarplayers.com\/wp-content\/uploads\/2022\/08\/VASENIE4.jpg","datePublished":"2022-08-18T21:10:13+00:00","dateModified":"2024-03-16T01:14:36+00:00","description":"AUDIFONOS SENNHEISER MOD. IE4. Aud\u00edfonos para aplicaciones de monitoreo inal\u00e1mbrico, ajuste universal con almohadillas intercambiables, disponibles en 3 tama\u00f1os diferentes, reproducci\u00f3n natural de sonido y din\u00e1mico, extremadamente robustos, incluso a altos niveles de presi\u00f3n sonora, respuesta excepcional de graves, SPL m\u00e1ximo: 106 dB, acoplamiento:In-the-Ear, conector jack plug est\u00e9reo de 3.5 mm, longitud del cable: 1.4 m, principio del transductor: din\u00e1mico, impedancia: 16 ohms.","breadcrumb":{"@id":"https:\/\/www.mexicanguitarplayers.com\/tienda\/audio\/audifonos\/audifono-alambrico\/audifonos-hifi\/audifonos-sennheiser-mod-ie4\/#breadcrumb"},"inLanguage":"en-US","potentialAction":[{"@type":"ReadAction","target":["https:\/\/www.mexicanguitarplayers.com\/tienda\/audio\/audifonos\/audifono-alambrico\/audifonos-hifi\/audifonos-sennheiser-mod-ie4\/"]}]},{"@type":"ImageObject","inLanguage":"en-US","@id":"https:\/\/www.mexicanguitarplayers.com\/tienda\/audio\/audifonos\/audifono-alambrico\/audifonos-hifi\/audifonos-sennheiser-mod-ie4\/#primaryimage","url":"https:\/\/www.mexicanguitarplayers.com\/wp-content\/uploads\/2022\/08\/VASENIE4.jpg","contentUrl":"https:\/\/www.mexicanguitarplayers.com\/wp-content\/uploads\/2022\/08\/VASENIE4.jpg","width":1200,"height":1200},{"@type":"BreadcrumbList","@id":"https:\/\/www.mexicanguitarplayers.com\/tienda\/audio\/audifonos\/audifono-alambrico\/audifonos-hifi\/audifonos-sennheiser-mod-ie4\/#breadcrumb","itemListElement":[{"@type":"ListItem","position":1,"name":"Portada","item":"https:\/\/www.mexicanguitarplayers.com\/"},{"@type":"ListItem","position":2,"name":"Tienda","item":"https:\/\/www.mexicanguitarplayers.com\/tienda\/"},{"@type":"ListItem","position":3,"name":"AUDIFONOS SENNHEISER MOD. IE4"}]},{"@type":"WebSite","@id":"https:\/\/www.mexicanguitarplayers.com\/#website","url":"https:\/\/www.mexicanguitarplayers.com\/","name":"Mexican Guitar Players","description":"Website","publisher":{"@id":"https:\/\/www.mexicanguitarplayers.com\/#organization"},"potentialAction":[{"@type":"SearchAction","target":{"@type":"EntryPoint","urlTemplate":"https:\/\/www.mexicanguitarplayers.com\/?s={search_term_string}"},"query-input":{"@type":"PropertyValueSpecification","valueRequired":true,"valueName":"search_term_string"}}],"inLanguage":"en-US"},{"@type":"Organization","@id":"https:\/\/www.mexicanguitarplayers.com\/#organization","name":"Mexican Guitar Players","url":"https:\/\/www.mexicanguitarplayers.com\/","logo":{"@type":"ImageObject","inLanguage":"en-US","@id":"https:\/\/www.mexicanguitarplayers.com\/#\/schema\/logo\/image\/","url":"","contentUrl":"","caption":"Mexican Guitar Players"},"image":{"@id":"https:\/\/www.mexicanguitarplayers.com\/#\/schema\/logo\/image\/"}}]}},"brands":[{"id":176,"name":"SENNHEISER","slug":"sennheiser"}],"_links":{"self":[{"href":"https:\/\/www.mexicanguitarplayers.com\/en\/wp-json\/wp\/v2\/product\/15795","targetHints":{"allow":["GET"]}}],"collection":[{"href":"https:\/\/www.mexicanguitarplayers.com\/en\/wp-json\/wp\/v2\/product"}],"about":[{"href":"https:\/\/www.mexicanguitarplayers.com\/en\/wp-json\/wp\/v2\/types\/product"}],"replies":[{"embeddable":true,"href":"https:\/\/www.mexicanguitarplayers.com\/en\/wp-json\/wp\/v2\/comments?post=15795"}],"wp:featuredmedia":[{"embeddable":true,"href":"https:\/\/www.mexicanguitarplayers.com\/en\/wp-json\/wp\/v2\/media\/15794"}],"wp:attachment":[{"href":"https:\/\/www.mexicanguitarplayers.com\/en\/wp-json\/wp\/v2\/media?parent=15795"}],"wp:term":[{"taxonomy":"pwb-brand","embeddable":true,"href":"https:\/\/www.mexicanguitarplayers.com\/en\/wp-json\/wp\/v2\/pwb-brand?post=15795"},{"taxonomy":"product_brand","embeddable":true,"href":"https:\/\/www.mexicanguitarplayers.com\/en\/wp-json\/wp\/v2\/product_brand?post=15795"},{"taxonomy":"product_cat","embeddable":true,"href":"https:\/\/www.mexicanguitarplayers.com\/en\/wp-json\/wp\/v2\/product_cat?post=15795"},{"taxonomy":"product_tag","embeddable":true,"href":"https:\/\/www.mexicanguitarplayers.com\/en\/wp-json\/wp\/v2\/product_tag?post=15795"}],"curies":[{"name":"wp","href":"https:\/\/api.w.org\/{rel}","templated":true}]}}