{"id":15804,"date":"2022-08-18T16:10:32","date_gmt":"2022-08-18T21:10:32","guid":{"rendered":"https:\/\/www.mexicanguitarplayers.com\/tienda\/sin%20categor\u00eda\/microfono-aston-mod-element-bundle\/"},"modified":"2026-04-14T04:17:22","modified_gmt":"2026-04-14T10:17:22","slug":"microfono-aston-mod-element-bundle","status":"publish","type":"product","link":"https:\/\/www.mexicanguitarplayers.com\/en\/tienda\/audio\/microfonia\/microfonos-alambricos\/para-estudio\/microfono-aston-mod-element-bundle\/","title":{"rendered":"MICROPHONE ASTON MOD. ELEMENT BUNDLE"},"content":{"rendered":"<div style=\"text-align: justify\">\n<div>\n<h3>MICROPHONE ASTON MOD. ELEMENT BUNDLE<\/h3>\n<\/div>\n<div>Large Diaphragm Active Moving Coil Studio Microphone, Cardioid Polar Pattern, Frequency Response: 20Hz \u2013 20kHz, Unrivaled Performance, Ideal for Vocals and Acoustic Instruments, All-New Capsule, Waveform Contoured Chassis, Bright Cool Purple Badge , exclusive Ridyon capsule technology that combines the best elements of a dynamic, condenser and ribbon microphone, patented magnetic pop filter, includes a stylish and highly effective shock-mount, eco-friendly packaging, maximum SPL: 132 dB, length: 163 mm, width: 58mm, weight: 275g.<\/div>\n<\/div>","protected":false},"excerpt":{"rendered":"<p>Micr\u00f3fono de estudio de bobina m\u00f3vil activa de gran diafragma, patr\u00f3n polar cardioide, respuesta de frecuencia: 20 Hz &#8211; 20 kHz, rendimiento incomparable, ideal para voces e instrumentos ac\u00fasticos, c\u00e1psula completamente nueva, chasis contorneado de forma de onda, insignia p\u00farpura fresca brillante, exclusiva tecnolog\u00eda de c\u00e1psula Ridyon que combina los mejores elementos de un micr\u00f3fono din\u00e1mico, de condensador y ribbon, filtro antipop magn\u00e9tico patentado, incluye un shock-mount elegante y altamente efectivo, empaque ecol\u00f3gico, SPL m\u00e1ximo: 132 dB, longitud: 163 mm, ancho: 58 mm, peso: 275 g.&hellip; <a class=\"kt-excerpt-readmore more-link\" href=\"https:\/\/www.mexicanguitarplayers.com\/en\/tienda\/audio\/microfonia\/microfonos-alambricos\/para-estudio\/microfono-aston-mod-element-bundle\/\">Read more<\/a><\/p>","protected":false},"featured_media":15800,"comment_status":"open","ping_status":"closed","template":"","meta":{"kt_blocks_editor_width":""},"pwb-brand":[573],"product_brand":[],"product_cat":[213,214,215,227],"product_tag":[],"class_list":{"0":"post-15804","1":"product","2":"type-product","3":"status-publish","4":"has-post-thumbnail","6":"pwb-brand-aston-microphones","7":"product_cat-audio","8":"product_cat-microfonia","9":"product_cat-microfonos-alambricos","10":"product_cat-para-estudio","11":"product_shipping_class-0-5-kg","13":"first","14":"instock","15":"taxable","16":"shipping-taxable","17":"purchasable","18":"product-type-simple"},"yoast_head":"<!-- This site is optimized with the Yoast SEO plugin v27.5 - https:\/\/yoast.com\/product\/yoast-seo-wordpress\/ -->\n<title>MICROFONO ASTON MOD. ELEMENT BUNDLE - Mexican Guitar Players<\/title>\n<meta name=\"description\" content=\"MICROFONO ASTON MOD. ELEMENT BUNDLE. Micr\u00f3fono de estudio de bobina m\u00f3vil activa de gran diafragma, patr\u00f3n polar cardioide, respuesta de frecuencia: 20 Hz - 20 kHz, rendimiento incomparable, ideal para voces e instrumentos ac\u00fasticos, c\u00e1psula completamente nueva, chasis contorneado de forma de onda, insignia p\u00farpura fresca brillante, exclusiva tecnolog\u00eda de c\u00e1psula Ridyon que combina los mejores elementos de un micr\u00f3fono din\u00e1mico, de condensador y ribbon, filtro antipop magn\u00e9tico patentado, incluye un shock-mount elegante y altamente efectivo, empaque ecol\u00f3gico, SPL m\u00e1ximo: 132 dB, longitud: 163 mm, ancho: 58 mm, peso: 275 g.\" \/>\n<meta name=\"robots\" content=\"index, follow, max-snippet:-1, max-image-preview:large, max-video-preview:-1\" \/>\n<link rel=\"canonical\" href=\"https:\/\/www.mexicanguitarplayers.com\/en\/tienda\/audio\/microfonia\/microfonos-alambricos\/para-estudio\/microfono-aston-mod-element-bundle\/\" \/>\n<meta property=\"og:locale\" content=\"en_US\" \/>\n<meta property=\"og:type\" content=\"article\" \/>\n<meta property=\"og:title\" content=\"MICROFONO ASTON MOD. ELEMENT BUNDLE - Mexican Guitar Players\" \/>\n<meta property=\"og:description\" content=\"MICROFONO ASTON MOD. ELEMENT BUNDLE. Micr\u00f3fono de estudio de bobina m\u00f3vil activa de gran diafragma, patr\u00f3n polar cardioide, respuesta de frecuencia: 20 Hz - 20 kHz, rendimiento incomparable, ideal para voces e instrumentos ac\u00fasticos, c\u00e1psula completamente nueva, chasis contorneado de forma de onda, insignia p\u00farpura fresca brillante, exclusiva tecnolog\u00eda de c\u00e1psula Ridyon que combina los mejores elementos de un micr\u00f3fono din\u00e1mico, de condensador y ribbon, filtro antipop magn\u00e9tico patentado, incluye un shock-mount elegante y altamente efectivo, empaque ecol\u00f3gico, SPL m\u00e1ximo: 132 dB, longitud: 163 mm, ancho: 58 mm, peso: 275 g.\" \/>\n<meta property=\"og:url\" content=\"https:\/\/www.mexicanguitarplayers.com\/en\/tienda\/audio\/microfonia\/microfonos-alambricos\/para-estudio\/microfono-aston-mod-element-bundle\/\" \/>\n<meta property=\"og:site_name\" content=\"Mexican Guitar Players\" \/>\n<meta property=\"article:modified_time\" content=\"2026-04-14T10:17:22+00:00\" \/>\n<meta property=\"og:image\" content=\"https:\/\/www.mexicanguitarplayers.com\/wp-content\/uploads\/2022\/08\/IAASMELEMENTBU.jpg\" \/>\n\t<meta property=\"og:image:width\" content=\"1200\" \/>\n\t<meta property=\"og:image:height\" content=\"1200\" \/>\n\t<meta property=\"og:image:type\" content=\"image\/jpeg\" \/>\n<meta name=\"twitter:card\" content=\"summary_large_image\" \/>\n<script type=\"application\/ld+json\" class=\"yoast-schema-graph\">{\"@context\":\"https:\\\/\\\/schema.org\",\"@graph\":[{\"@type\":[\"WebPage\",\"ItemPage\"],\"@id\":\"https:\\\/\\\/www.mexicanguitarplayers.com\\\/tienda\\\/audio\\\/microfonia\\\/microfonos-alambricos\\\/para-estudio\\\/microfono-aston-mod-element-bundle\\\/\",\"url\":\"https:\\\/\\\/www.mexicanguitarplayers.com\\\/tienda\\\/audio\\\/microfonia\\\/microfonos-alambricos\\\/para-estudio\\\/microfono-aston-mod-element-bundle\\\/\",\"name\":\"MICROFONO ASTON MOD. ELEMENT BUNDLE - Mexican Guitar Players\",\"isPartOf\":{\"@id\":\"https:\\\/\\\/www.mexicanguitarplayers.com\\\/#website\"},\"primaryImageOfPage\":{\"@id\":\"https:\\\/\\\/www.mexicanguitarplayers.com\\\/tienda\\\/audio\\\/microfonia\\\/microfonos-alambricos\\\/para-estudio\\\/microfono-aston-mod-element-bundle\\\/#primaryimage\"},\"image\":{\"@id\":\"https:\\\/\\\/www.mexicanguitarplayers.com\\\/tienda\\\/audio\\\/microfonia\\\/microfonos-alambricos\\\/para-estudio\\\/microfono-aston-mod-element-bundle\\\/#primaryimage\"},\"thumbnailUrl\":\"https:\\\/\\\/www.mexicanguitarplayers.com\\\/wp-content\\\/uploads\\\/2022\\\/08\\\/IAASMELEMENTBU.jpg\",\"datePublished\":\"2022-08-18T21:10:32+00:00\",\"dateModified\":\"2026-04-14T10:17:22+00:00\",\"description\":\"MICROFONO ASTON MOD. ELEMENT BUNDLE. Micr\u00f3fono de estudio de bobina m\u00f3vil activa de gran diafragma, patr\u00f3n polar cardioide, respuesta de frecuencia: 20 Hz - 20 kHz, rendimiento incomparable, ideal para voces e instrumentos ac\u00fasticos, c\u00e1psula completamente nueva, chasis contorneado de forma de onda, insignia p\u00farpura fresca brillante, exclusiva tecnolog\u00eda de c\u00e1psula Ridyon que combina los mejores elementos de un micr\u00f3fono din\u00e1mico, de condensador y ribbon, filtro antipop magn\u00e9tico patentado, incluye un shock-mount elegante y altamente efectivo, empaque ecol\u00f3gico, SPL m\u00e1ximo: 132 dB, longitud: 163 mm, ancho: 58 mm, peso: 275 g.\",\"breadcrumb\":{\"@id\":\"https:\\\/\\\/www.mexicanguitarplayers.com\\\/tienda\\\/audio\\\/microfonia\\\/microfonos-alambricos\\\/para-estudio\\\/microfono-aston-mod-element-bundle\\\/#breadcrumb\"},\"inLanguage\":\"en-US\",\"potentialAction\":[{\"@type\":\"ReadAction\",\"target\":[\"https:\\\/\\\/www.mexicanguitarplayers.com\\\/tienda\\\/audio\\\/microfonia\\\/microfonos-alambricos\\\/para-estudio\\\/microfono-aston-mod-element-bundle\\\/\"]}]},{\"@type\":\"ImageObject\",\"inLanguage\":\"en-US\",\"@id\":\"https:\\\/\\\/www.mexicanguitarplayers.com\\\/tienda\\\/audio\\\/microfonia\\\/microfonos-alambricos\\\/para-estudio\\\/microfono-aston-mod-element-bundle\\\/#primaryimage\",\"url\":\"https:\\\/\\\/www.mexicanguitarplayers.com\\\/wp-content\\\/uploads\\\/2022\\\/08\\\/IAASMELEMENTBU.jpg\",\"contentUrl\":\"https:\\\/\\\/www.mexicanguitarplayers.com\\\/wp-content\\\/uploads\\\/2022\\\/08\\\/IAASMELEMENTBU.jpg\",\"width\":1200,\"height\":1200},{\"@type\":\"BreadcrumbList\",\"@id\":\"https:\\\/\\\/www.mexicanguitarplayers.com\\\/tienda\\\/audio\\\/microfonia\\\/microfonos-alambricos\\\/para-estudio\\\/microfono-aston-mod-element-bundle\\\/#breadcrumb\",\"itemListElement\":[{\"@type\":\"ListItem\",\"position\":1,\"name\":\"Portada\",\"item\":\"https:\\\/\\\/www.mexicanguitarplayers.com\\\/\"},{\"@type\":\"ListItem\",\"position\":2,\"name\":\"Tienda\",\"item\":\"https:\\\/\\\/www.mexicanguitarplayers.com\\\/tienda\\\/\"},{\"@type\":\"ListItem\",\"position\":3,\"name\":\"MICROFONO ASTON MOD. ELEMENT BUNDLE\"}]},{\"@type\":\"WebSite\",\"@id\":\"https:\\\/\\\/www.mexicanguitarplayers.com\\\/#website\",\"url\":\"https:\\\/\\\/www.mexicanguitarplayers.com\\\/\",\"name\":\"Mexican Guitar Players\",\"description\":\"Website\",\"publisher\":{\"@id\":\"https:\\\/\\\/www.mexicanguitarplayers.com\\\/#organization\"},\"potentialAction\":[{\"@type\":\"SearchAction\",\"target\":{\"@type\":\"EntryPoint\",\"urlTemplate\":\"https:\\\/\\\/www.mexicanguitarplayers.com\\\/?s={search_term_string}\"},\"query-input\":{\"@type\":\"PropertyValueSpecification\",\"valueRequired\":true,\"valueName\":\"search_term_string\"}}],\"inLanguage\":\"en-US\"},{\"@type\":\"Organization\",\"@id\":\"https:\\\/\\\/www.mexicanguitarplayers.com\\\/#organization\",\"name\":\"Mexican Guitar Players\",\"url\":\"https:\\\/\\\/www.mexicanguitarplayers.com\\\/\",\"logo\":{\"@type\":\"ImageObject\",\"inLanguage\":\"en-US\",\"@id\":\"https:\\\/\\\/www.mexicanguitarplayers.com\\\/#\\\/schema\\\/logo\\\/image\\\/\",\"url\":\"\",\"contentUrl\":\"\",\"caption\":\"Mexican Guitar Players\"},\"image\":{\"@id\":\"https:\\\/\\\/www.mexicanguitarplayers.com\\\/#\\\/schema\\\/logo\\\/image\\\/\"}}]}<\/script>\n<!-- \/ Yoast SEO plugin. -->","yoast_head_json":{"title":"MICROFONO ASTON MOD. ELEMENT BUNDLE - Mexican Guitar Players","description":"MICROFONO ASTON MOD. ELEMENT BUNDLE. Micr\u00f3fono de estudio de bobina m\u00f3vil activa de gran diafragma, patr\u00f3n polar cardioide, respuesta de frecuencia: 20 Hz - 20 kHz, rendimiento incomparable, ideal para voces e instrumentos ac\u00fasticos, c\u00e1psula completamente nueva, chasis contorneado de forma de onda, insignia p\u00farpura fresca brillante, exclusiva tecnolog\u00eda de c\u00e1psula Ridyon que combina los mejores elementos de un micr\u00f3fono din\u00e1mico, de condensador y ribbon, filtro antipop magn\u00e9tico patentado, incluye un shock-mount elegante y altamente efectivo, empaque ecol\u00f3gico, SPL m\u00e1ximo: 132 dB, longitud: 163 mm, ancho: 58 mm, peso: 275 g.","robots":{"index":"index","follow":"follow","max-snippet":"max-snippet:-1","max-image-preview":"max-image-preview:large","max-video-preview":"max-video-preview:-1"},"canonical":"https:\/\/www.mexicanguitarplayers.com\/en\/tienda\/audio\/microfonia\/microfonos-alambricos\/para-estudio\/microfono-aston-mod-element-bundle\/","og_locale":"en_US","og_type":"article","og_title":"MICROFONO ASTON MOD. ELEMENT BUNDLE - Mexican Guitar Players","og_description":"MICROFONO ASTON MOD. ELEMENT BUNDLE. Micr\u00f3fono de estudio de bobina m\u00f3vil activa de gran diafragma, patr\u00f3n polar cardioide, respuesta de frecuencia: 20 Hz - 20 kHz, rendimiento incomparable, ideal para voces e instrumentos ac\u00fasticos, c\u00e1psula completamente nueva, chasis contorneado de forma de onda, insignia p\u00farpura fresca brillante, exclusiva tecnolog\u00eda de c\u00e1psula Ridyon que combina los mejores elementos de un micr\u00f3fono din\u00e1mico, de condensador y ribbon, filtro antipop magn\u00e9tico patentado, incluye un shock-mount elegante y altamente efectivo, empaque ecol\u00f3gico, SPL m\u00e1ximo: 132 dB, longitud: 163 mm, ancho: 58 mm, peso: 275 g.","og_url":"https:\/\/www.mexicanguitarplayers.com\/en\/tienda\/audio\/microfonia\/microfonos-alambricos\/para-estudio\/microfono-aston-mod-element-bundle\/","og_site_name":"Mexican Guitar Players","article_modified_time":"2026-04-14T10:17:22+00:00","og_image":[{"width":1200,"height":1200,"url":"https:\/\/www.mexicanguitarplayers.com\/wp-content\/uploads\/2022\/08\/IAASMELEMENTBU.jpg","type":"image\/jpeg"}],"twitter_card":"summary_large_image","schema":{"@context":"https:\/\/schema.org","@graph":[{"@type":["WebPage","ItemPage"],"@id":"https:\/\/www.mexicanguitarplayers.com\/tienda\/audio\/microfonia\/microfonos-alambricos\/para-estudio\/microfono-aston-mod-element-bundle\/","url":"https:\/\/www.mexicanguitarplayers.com\/tienda\/audio\/microfonia\/microfonos-alambricos\/para-estudio\/microfono-aston-mod-element-bundle\/","name":"MICROFONO ASTON MOD. ELEMENT BUNDLE - Mexican Guitar Players","isPartOf":{"@id":"https:\/\/www.mexicanguitarplayers.com\/#website"},"primaryImageOfPage":{"@id":"https:\/\/www.mexicanguitarplayers.com\/tienda\/audio\/microfonia\/microfonos-alambricos\/para-estudio\/microfono-aston-mod-element-bundle\/#primaryimage"},"image":{"@id":"https:\/\/www.mexicanguitarplayers.com\/tienda\/audio\/microfonia\/microfonos-alambricos\/para-estudio\/microfono-aston-mod-element-bundle\/#primaryimage"},"thumbnailUrl":"https:\/\/www.mexicanguitarplayers.com\/wp-content\/uploads\/2022\/08\/IAASMELEMENTBU.jpg","datePublished":"2022-08-18T21:10:32+00:00","dateModified":"2026-04-14T10:17:22+00:00","description":"MICROFONO ASTON MOD. ELEMENT BUNDLE. Micr\u00f3fono de estudio de bobina m\u00f3vil activa de gran diafragma, patr\u00f3n polar cardioide, respuesta de frecuencia: 20 Hz - 20 kHz, rendimiento incomparable, ideal para voces e instrumentos ac\u00fasticos, c\u00e1psula completamente nueva, chasis contorneado de forma de onda, insignia p\u00farpura fresca brillante, exclusiva tecnolog\u00eda de c\u00e1psula Ridyon que combina los mejores elementos de un micr\u00f3fono din\u00e1mico, de condensador y ribbon, filtro antipop magn\u00e9tico patentado, incluye un shock-mount elegante y altamente efectivo, empaque ecol\u00f3gico, SPL m\u00e1ximo: 132 dB, longitud: 163 mm, ancho: 58 mm, peso: 275 g.","breadcrumb":{"@id":"https:\/\/www.mexicanguitarplayers.com\/tienda\/audio\/microfonia\/microfonos-alambricos\/para-estudio\/microfono-aston-mod-element-bundle\/#breadcrumb"},"inLanguage":"en-US","potentialAction":[{"@type":"ReadAction","target":["https:\/\/www.mexicanguitarplayers.com\/tienda\/audio\/microfonia\/microfonos-alambricos\/para-estudio\/microfono-aston-mod-element-bundle\/"]}]},{"@type":"ImageObject","inLanguage":"en-US","@id":"https:\/\/www.mexicanguitarplayers.com\/tienda\/audio\/microfonia\/microfonos-alambricos\/para-estudio\/microfono-aston-mod-element-bundle\/#primaryimage","url":"https:\/\/www.mexicanguitarplayers.com\/wp-content\/uploads\/2022\/08\/IAASMELEMENTBU.jpg","contentUrl":"https:\/\/www.mexicanguitarplayers.com\/wp-content\/uploads\/2022\/08\/IAASMELEMENTBU.jpg","width":1200,"height":1200},{"@type":"BreadcrumbList","@id":"https:\/\/www.mexicanguitarplayers.com\/tienda\/audio\/microfonia\/microfonos-alambricos\/para-estudio\/microfono-aston-mod-element-bundle\/#breadcrumb","itemListElement":[{"@type":"ListItem","position":1,"name":"Portada","item":"https:\/\/www.mexicanguitarplayers.com\/"},{"@type":"ListItem","position":2,"name":"Tienda","item":"https:\/\/www.mexicanguitarplayers.com\/tienda\/"},{"@type":"ListItem","position":3,"name":"MICROFONO ASTON MOD. ELEMENT BUNDLE"}]},{"@type":"WebSite","@id":"https:\/\/www.mexicanguitarplayers.com\/#website","url":"https:\/\/www.mexicanguitarplayers.com\/","name":"Mexican Guitar Players","description":"Website","publisher":{"@id":"https:\/\/www.mexicanguitarplayers.com\/#organization"},"potentialAction":[{"@type":"SearchAction","target":{"@type":"EntryPoint","urlTemplate":"https:\/\/www.mexicanguitarplayers.com\/?s={search_term_string}"},"query-input":{"@type":"PropertyValueSpecification","valueRequired":true,"valueName":"search_term_string"}}],"inLanguage":"en-US"},{"@type":"Organization","@id":"https:\/\/www.mexicanguitarplayers.com\/#organization","name":"Mexican Guitar Players","url":"https:\/\/www.mexicanguitarplayers.com\/","logo":{"@type":"ImageObject","inLanguage":"en-US","@id":"https:\/\/www.mexicanguitarplayers.com\/#\/schema\/logo\/image\/","url":"","contentUrl":"","caption":"Mexican Guitar Players"},"image":{"@id":"https:\/\/www.mexicanguitarplayers.com\/#\/schema\/logo\/image\/"}}]}},"brands":[{"id":573,"name":"ASTON MICROPHONES","slug":"aston-microphones"}],"_links":{"self":[{"href":"https:\/\/www.mexicanguitarplayers.com\/en\/wp-json\/wp\/v2\/product\/15804","targetHints":{"allow":["GET"]}}],"collection":[{"href":"https:\/\/www.mexicanguitarplayers.com\/en\/wp-json\/wp\/v2\/product"}],"about":[{"href":"https:\/\/www.mexicanguitarplayers.com\/en\/wp-json\/wp\/v2\/types\/product"}],"replies":[{"embeddable":true,"href":"https:\/\/www.mexicanguitarplayers.com\/en\/wp-json\/wp\/v2\/comments?post=15804"}],"wp:featuredmedia":[{"embeddable":true,"href":"https:\/\/www.mexicanguitarplayers.com\/en\/wp-json\/wp\/v2\/media\/15800"}],"wp:attachment":[{"href":"https:\/\/www.mexicanguitarplayers.com\/en\/wp-json\/wp\/v2\/media?parent=15804"}],"wp:term":[{"taxonomy":"pwb-brand","embeddable":true,"href":"https:\/\/www.mexicanguitarplayers.com\/en\/wp-json\/wp\/v2\/pwb-brand?post=15804"},{"taxonomy":"product_brand","embeddable":true,"href":"https:\/\/www.mexicanguitarplayers.com\/en\/wp-json\/wp\/v2\/product_brand?post=15804"},{"taxonomy":"product_cat","embeddable":true,"href":"https:\/\/www.mexicanguitarplayers.com\/en\/wp-json\/wp\/v2\/product_cat?post=15804"},{"taxonomy":"product_tag","embeddable":true,"href":"https:\/\/www.mexicanguitarplayers.com\/en\/wp-json\/wp\/v2\/product_tag?post=15804"}],"curies":[{"name":"wp","href":"https:\/\/api.w.org\/{rel}","templated":true}]}}