{"id":15816,"date":"2022-08-18T16:10:54","date_gmt":"2022-08-18T21:10:54","guid":{"rendered":"https:\/\/www.mexicanguitarplayers.com\/tienda\/sin%20categor\u00eda\/microfono-behringer-mod-bu100\/"},"modified":"2026-04-10T05:06:38","modified_gmt":"2026-04-10T11:06:38","slug":"microfono-behringer-mod-bu100","status":"publish","type":"product","link":"https:\/\/www.mexicanguitarplayers.com\/en\/tienda\/audio\/microfonia\/microfonos-alambricos\/de-escritorio\/microfono-behringer-mod-bu100\/","title":{"rendered":"BEHRINGER MICROPHONE MOD. BU100"},"content":{"rendered":"<div style=\"text-align: justify\">\n<div>\n<h3>BEHRINGER MICROPHONE MOD. BU100<\/h3>\n<\/div>\n<div>Boundary microphone with USB connection for dedicated vocal applications and transparent vocal projections, ideal for streamers, podcasters, gamers, recording and conference calls, condenser transducer, cardioid polar pattern that minimizes background noise and feedback, plug and play system for a easy setup on your computer, laptop, or other USB-enabled audio devices, Exceptional frequency response with Hi-Res Audio, perfect for vocals and acoustic instruments, Built-in noise reduction circuitry for high signal-to-noise ratio, Monitoring port Zero-latency direct to speakers or headphones, Convenient mute button with LED status indicator, Pin holes for optional wall mounting, Rugged and reliable metal construction, Includes high-quality USB cable.<\/div>\n<\/div>","protected":false},"excerpt":{"rendered":"<p>Micr\u00f3fono de superficie con conexi\u00f3n USB para aplicaciones vocales dedicadas y proyecciones vocales transparentes, ideal para streamers, podcasters, gamers, grabaciones y conferencias telef\u00f3nicas, transductor condensador, patr\u00f3n polar cardioide que minimiza el ruido de fondo y la retroalimentaci\u00f3n, sistema plug and play para una f\u00e1cil configuraci\u00f3n en tu computadora, laptop u otros dispositivos de audio con USB, respuesta de frecuencia excepcional con audio de alta resoluci\u00f3n, perfecta para voz e instrumentos ac\u00fasticos, circuito integrado de reducci\u00f3n de ruido para un a alta relaci\u00f3n se\u00f1al a ruido, puerto de monitoreo directo de latencia cero para altavoces o aud\u00edfonos, pr\u00e1ctico bot\u00f3n de mute con LED indicador de estado, agujeros para clavijas para montaje opcional en pared, construcci\u00f3n de metal resistente y confiable, incluye cable USB de alta calidad.&hellip; <a class=\"kt-excerpt-readmore more-link\" href=\"https:\/\/www.mexicanguitarplayers.com\/en\/tienda\/audio\/microfonia\/microfonos-alambricos\/de-escritorio\/microfono-behringer-mod-bu100\/\">Read more<\/a><\/p>","protected":false},"featured_media":15815,"comment_status":"open","ping_status":"closed","template":"","meta":{"kt_blocks_editor_width":""},"pwb-brand":[171],"product_brand":[],"product_cat":[213,217,214,215],"product_tag":[],"class_list":{"0":"post-15816","1":"product","2":"type-product","3":"status-publish","4":"has-post-thumbnail","6":"pwb-brand-behringer","7":"product_cat-audio","8":"product_cat-de-escritorio","9":"product_cat-microfonia","10":"product_cat-microfonos-alambricos","11":"product_shipping_class-0-5-kg","13":"first","14":"outofstock","15":"taxable","16":"shipping-taxable","17":"purchasable","18":"product-type-simple"},"yoast_head":"<!-- This site is optimized with the Yoast SEO plugin v27.5 - https:\/\/yoast.com\/product\/yoast-seo-wordpress\/ -->\n<title>MICROFONO BEHRINGER MOD. BU100 - Mexican Guitar Players<\/title>\n<meta name=\"description\" content=\"MICROFONO BEHRINGER MOD. BU100. Micr\u00f3fono de superficie con conexi\u00f3n USB para aplicaciones vocales dedicadas y proyecciones vocales transparentes, ideal para streamers, podcasters, gamers, grabaciones y conferencias telef\u00f3nicas, transductor condensador, patr\u00f3n polar cardioide que minimiza el ruido de fondo y la retroalimentaci\u00f3n, sistema plug and play para una f\u00e1cil configuraci\u00f3n en tu computadora, laptop u otros dispositivos de audio con USB, respuesta de frecuencia excepcional con audio de alta resoluci\u00f3n, perfecta para voz e instrumentos ac\u00fasticos, circuito integrado de reducci\u00f3n de ruido para un a alta relaci\u00f3n se\u00f1al a ruido, puerto de monitoreo directo de latencia cero para altavoces o aud\u00edfonos, pr\u00e1ctico bot\u00f3n de mute con LED indicador de estado, agujeros para clavijas para montaje opcional en pared, construcci\u00f3n de metal resistente y confiable, incluye cable USB de alta calidad.\" \/>\n<meta name=\"robots\" content=\"index, follow, max-snippet:-1, max-image-preview:large, max-video-preview:-1\" \/>\n<link rel=\"canonical\" href=\"https:\/\/www.mexicanguitarplayers.com\/en\/tienda\/audio\/microfonia\/microfonos-alambricos\/de-escritorio\/microfono-behringer-mod-bu100\/\" \/>\n<meta property=\"og:locale\" content=\"en_US\" \/>\n<meta property=\"og:type\" content=\"article\" \/>\n<meta property=\"og:title\" content=\"MICROFONO BEHRINGER MOD. BU100 - Mexican Guitar Players\" \/>\n<meta property=\"og:description\" content=\"MICROFONO BEHRINGER MOD. BU100. Micr\u00f3fono de superficie con conexi\u00f3n USB para aplicaciones vocales dedicadas y proyecciones vocales transparentes, ideal para streamers, podcasters, gamers, grabaciones y conferencias telef\u00f3nicas, transductor condensador, patr\u00f3n polar cardioide que minimiza el ruido de fondo y la retroalimentaci\u00f3n, sistema plug and play para una f\u00e1cil configuraci\u00f3n en tu computadora, laptop u otros dispositivos de audio con USB, respuesta de frecuencia excepcional con audio de alta resoluci\u00f3n, perfecta para voz e instrumentos ac\u00fasticos, circuito integrado de reducci\u00f3n de ruido para un a alta relaci\u00f3n se\u00f1al a ruido, puerto de monitoreo directo de latencia cero para altavoces o aud\u00edfonos, pr\u00e1ctico bot\u00f3n de mute con LED indicador de estado, agujeros para clavijas para montaje opcional en pared, construcci\u00f3n de metal resistente y confiable, incluye cable USB de alta calidad.\" \/>\n<meta property=\"og:url\" content=\"https:\/\/www.mexicanguitarplayers.com\/en\/tienda\/audio\/microfonia\/microfonos-alambricos\/de-escritorio\/microfono-behringer-mod-bu100\/\" \/>\n<meta property=\"og:site_name\" content=\"Mexican Guitar Players\" \/>\n<meta property=\"article:modified_time\" content=\"2026-04-10T11:06:38+00:00\" \/>\n<meta property=\"og:image\" content=\"https:\/\/www.mexicanguitarplayers.com\/wp-content\/uploads\/2022\/08\/IABEHBU100.jpg\" \/>\n\t<meta property=\"og:image:width\" content=\"1200\" \/>\n\t<meta property=\"og:image:height\" content=\"1200\" \/>\n\t<meta property=\"og:image:type\" content=\"image\/jpeg\" \/>\n<meta name=\"twitter:card\" content=\"summary_large_image\" \/>\n<meta name=\"twitter:label1\" content=\"Est. reading time\" \/>\n\t<meta name=\"twitter:data1\" content=\"1 minute\" \/>\n<script type=\"application\/ld+json\" class=\"yoast-schema-graph\">{\"@context\":\"https:\\\/\\\/schema.org\",\"@graph\":[{\"@type\":[\"WebPage\",\"ItemPage\"],\"@id\":\"https:\\\/\\\/www.mexicanguitarplayers.com\\\/tienda\\\/audio\\\/microfonia\\\/microfonos-alambricos\\\/de-escritorio\\\/microfono-behringer-mod-bu100\\\/\",\"url\":\"https:\\\/\\\/www.mexicanguitarplayers.com\\\/tienda\\\/audio\\\/microfonia\\\/microfonos-alambricos\\\/de-escritorio\\\/microfono-behringer-mod-bu100\\\/\",\"name\":\"MICROFONO BEHRINGER MOD. BU100 - Mexican Guitar Players\",\"isPartOf\":{\"@id\":\"https:\\\/\\\/www.mexicanguitarplayers.com\\\/#website\"},\"primaryImageOfPage\":{\"@id\":\"https:\\\/\\\/www.mexicanguitarplayers.com\\\/tienda\\\/audio\\\/microfonia\\\/microfonos-alambricos\\\/de-escritorio\\\/microfono-behringer-mod-bu100\\\/#primaryimage\"},\"image\":{\"@id\":\"https:\\\/\\\/www.mexicanguitarplayers.com\\\/tienda\\\/audio\\\/microfonia\\\/microfonos-alambricos\\\/de-escritorio\\\/microfono-behringer-mod-bu100\\\/#primaryimage\"},\"thumbnailUrl\":\"https:\\\/\\\/www.mexicanguitarplayers.com\\\/wp-content\\\/uploads\\\/2022\\\/08\\\/IABEHBU100.jpg\",\"datePublished\":\"2022-08-18T21:10:54+00:00\",\"dateModified\":\"2026-04-10T11:06:38+00:00\",\"description\":\"MICROFONO BEHRINGER MOD. BU100. Micr\u00f3fono de superficie con conexi\u00f3n USB para aplicaciones vocales dedicadas y proyecciones vocales transparentes, ideal para streamers, podcasters, gamers, grabaciones y conferencias telef\u00f3nicas, transductor condensador, patr\u00f3n polar cardioide que minimiza el ruido de fondo y la retroalimentaci\u00f3n, sistema plug and play para una f\u00e1cil configuraci\u00f3n en tu computadora, laptop u otros dispositivos de audio con USB, respuesta de frecuencia excepcional con audio de alta resoluci\u00f3n, perfecta para voz e instrumentos ac\u00fasticos, circuito integrado de reducci\u00f3n de ruido para un a alta relaci\u00f3n se\u00f1al a ruido, puerto de monitoreo directo de latencia cero para altavoces o aud\u00edfonos, pr\u00e1ctico bot\u00f3n de mute con LED indicador de estado, agujeros para clavijas para montaje opcional en pared, construcci\u00f3n de metal resistente y confiable, incluye cable USB de alta calidad.\",\"breadcrumb\":{\"@id\":\"https:\\\/\\\/www.mexicanguitarplayers.com\\\/tienda\\\/audio\\\/microfonia\\\/microfonos-alambricos\\\/de-escritorio\\\/microfono-behringer-mod-bu100\\\/#breadcrumb\"},\"inLanguage\":\"en-US\",\"potentialAction\":[{\"@type\":\"ReadAction\",\"target\":[\"https:\\\/\\\/www.mexicanguitarplayers.com\\\/tienda\\\/audio\\\/microfonia\\\/microfonos-alambricos\\\/de-escritorio\\\/microfono-behringer-mod-bu100\\\/\"]}]},{\"@type\":\"ImageObject\",\"inLanguage\":\"en-US\",\"@id\":\"https:\\\/\\\/www.mexicanguitarplayers.com\\\/tienda\\\/audio\\\/microfonia\\\/microfonos-alambricos\\\/de-escritorio\\\/microfono-behringer-mod-bu100\\\/#primaryimage\",\"url\":\"https:\\\/\\\/www.mexicanguitarplayers.com\\\/wp-content\\\/uploads\\\/2022\\\/08\\\/IABEHBU100.jpg\",\"contentUrl\":\"https:\\\/\\\/www.mexicanguitarplayers.com\\\/wp-content\\\/uploads\\\/2022\\\/08\\\/IABEHBU100.jpg\",\"width\":1200,\"height\":1200},{\"@type\":\"BreadcrumbList\",\"@id\":\"https:\\\/\\\/www.mexicanguitarplayers.com\\\/tienda\\\/audio\\\/microfonia\\\/microfonos-alambricos\\\/de-escritorio\\\/microfono-behringer-mod-bu100\\\/#breadcrumb\",\"itemListElement\":[{\"@type\":\"ListItem\",\"position\":1,\"name\":\"Portada\",\"item\":\"https:\\\/\\\/www.mexicanguitarplayers.com\\\/\"},{\"@type\":\"ListItem\",\"position\":2,\"name\":\"Tienda\",\"item\":\"https:\\\/\\\/www.mexicanguitarplayers.com\\\/tienda\\\/\"},{\"@type\":\"ListItem\",\"position\":3,\"name\":\"MICROFONO BEHRINGER MOD. BU100\"}]},{\"@type\":\"WebSite\",\"@id\":\"https:\\\/\\\/www.mexicanguitarplayers.com\\\/#website\",\"url\":\"https:\\\/\\\/www.mexicanguitarplayers.com\\\/\",\"name\":\"Mexican Guitar Players\",\"description\":\"Website\",\"publisher\":{\"@id\":\"https:\\\/\\\/www.mexicanguitarplayers.com\\\/#organization\"},\"potentialAction\":[{\"@type\":\"SearchAction\",\"target\":{\"@type\":\"EntryPoint\",\"urlTemplate\":\"https:\\\/\\\/www.mexicanguitarplayers.com\\\/?s={search_term_string}\"},\"query-input\":{\"@type\":\"PropertyValueSpecification\",\"valueRequired\":true,\"valueName\":\"search_term_string\"}}],\"inLanguage\":\"en-US\"},{\"@type\":\"Organization\",\"@id\":\"https:\\\/\\\/www.mexicanguitarplayers.com\\\/#organization\",\"name\":\"Mexican Guitar Players\",\"url\":\"https:\\\/\\\/www.mexicanguitarplayers.com\\\/\",\"logo\":{\"@type\":\"ImageObject\",\"inLanguage\":\"en-US\",\"@id\":\"https:\\\/\\\/www.mexicanguitarplayers.com\\\/#\\\/schema\\\/logo\\\/image\\\/\",\"url\":\"\",\"contentUrl\":\"\",\"caption\":\"Mexican Guitar Players\"},\"image\":{\"@id\":\"https:\\\/\\\/www.mexicanguitarplayers.com\\\/#\\\/schema\\\/logo\\\/image\\\/\"}}]}<\/script>\n<!-- \/ Yoast SEO plugin. -->","yoast_head_json":{"title":"MICROFONO BEHRINGER MOD. BU100 - Mexican Guitar Players","description":"MICROFONO BEHRINGER MOD. BU100. Micr\u00f3fono de superficie con conexi\u00f3n USB para aplicaciones vocales dedicadas y proyecciones vocales transparentes, ideal para streamers, podcasters, gamers, grabaciones y conferencias telef\u00f3nicas, transductor condensador, patr\u00f3n polar cardioide que minimiza el ruido de fondo y la retroalimentaci\u00f3n, sistema plug and play para una f\u00e1cil configuraci\u00f3n en tu computadora, laptop u otros dispositivos de audio con USB, respuesta de frecuencia excepcional con audio de alta resoluci\u00f3n, perfecta para voz e instrumentos ac\u00fasticos, circuito integrado de reducci\u00f3n de ruido para un a alta relaci\u00f3n se\u00f1al a ruido, puerto de monitoreo directo de latencia cero para altavoces o aud\u00edfonos, pr\u00e1ctico bot\u00f3n de mute con LED indicador de estado, agujeros para clavijas para montaje opcional en pared, construcci\u00f3n de metal resistente y confiable, incluye cable USB de alta calidad.","robots":{"index":"index","follow":"follow","max-snippet":"max-snippet:-1","max-image-preview":"max-image-preview:large","max-video-preview":"max-video-preview:-1"},"canonical":"https:\/\/www.mexicanguitarplayers.com\/en\/tienda\/audio\/microfonia\/microfonos-alambricos\/de-escritorio\/microfono-behringer-mod-bu100\/","og_locale":"en_US","og_type":"article","og_title":"MICROFONO BEHRINGER MOD. BU100 - Mexican Guitar Players","og_description":"MICROFONO BEHRINGER MOD. BU100. Micr\u00f3fono de superficie con conexi\u00f3n USB para aplicaciones vocales dedicadas y proyecciones vocales transparentes, ideal para streamers, podcasters, gamers, grabaciones y conferencias telef\u00f3nicas, transductor condensador, patr\u00f3n polar cardioide que minimiza el ruido de fondo y la retroalimentaci\u00f3n, sistema plug and play para una f\u00e1cil configuraci\u00f3n en tu computadora, laptop u otros dispositivos de audio con USB, respuesta de frecuencia excepcional con audio de alta resoluci\u00f3n, perfecta para voz e instrumentos ac\u00fasticos, circuito integrado de reducci\u00f3n de ruido para un a alta relaci\u00f3n se\u00f1al a ruido, puerto de monitoreo directo de latencia cero para altavoces o aud\u00edfonos, pr\u00e1ctico bot\u00f3n de mute con LED indicador de estado, agujeros para clavijas para montaje opcional en pared, construcci\u00f3n de metal resistente y confiable, incluye cable USB de alta calidad.","og_url":"https:\/\/www.mexicanguitarplayers.com\/en\/tienda\/audio\/microfonia\/microfonos-alambricos\/de-escritorio\/microfono-behringer-mod-bu100\/","og_site_name":"Mexican Guitar Players","article_modified_time":"2026-04-10T11:06:38+00:00","og_image":[{"width":1200,"height":1200,"url":"https:\/\/www.mexicanguitarplayers.com\/wp-content\/uploads\/2022\/08\/IABEHBU100.jpg","type":"image\/jpeg"}],"twitter_card":"summary_large_image","twitter_misc":{"Est. reading time":"1 minute"},"schema":{"@context":"https:\/\/schema.org","@graph":[{"@type":["WebPage","ItemPage"],"@id":"https:\/\/www.mexicanguitarplayers.com\/tienda\/audio\/microfonia\/microfonos-alambricos\/de-escritorio\/microfono-behringer-mod-bu100\/","url":"https:\/\/www.mexicanguitarplayers.com\/tienda\/audio\/microfonia\/microfonos-alambricos\/de-escritorio\/microfono-behringer-mod-bu100\/","name":"MICROFONO BEHRINGER MOD. BU100 - Mexican Guitar Players","isPartOf":{"@id":"https:\/\/www.mexicanguitarplayers.com\/#website"},"primaryImageOfPage":{"@id":"https:\/\/www.mexicanguitarplayers.com\/tienda\/audio\/microfonia\/microfonos-alambricos\/de-escritorio\/microfono-behringer-mod-bu100\/#primaryimage"},"image":{"@id":"https:\/\/www.mexicanguitarplayers.com\/tienda\/audio\/microfonia\/microfonos-alambricos\/de-escritorio\/microfono-behringer-mod-bu100\/#primaryimage"},"thumbnailUrl":"https:\/\/www.mexicanguitarplayers.com\/wp-content\/uploads\/2022\/08\/IABEHBU100.jpg","datePublished":"2022-08-18T21:10:54+00:00","dateModified":"2026-04-10T11:06:38+00:00","description":"MICROFONO BEHRINGER MOD. BU100. Micr\u00f3fono de superficie con conexi\u00f3n USB para aplicaciones vocales dedicadas y proyecciones vocales transparentes, ideal para streamers, podcasters, gamers, grabaciones y conferencias telef\u00f3nicas, transductor condensador, patr\u00f3n polar cardioide que minimiza el ruido de fondo y la retroalimentaci\u00f3n, sistema plug and play para una f\u00e1cil configuraci\u00f3n en tu computadora, laptop u otros dispositivos de audio con USB, respuesta de frecuencia excepcional con audio de alta resoluci\u00f3n, perfecta para voz e instrumentos ac\u00fasticos, circuito integrado de reducci\u00f3n de ruido para un a alta relaci\u00f3n se\u00f1al a ruido, puerto de monitoreo directo de latencia cero para altavoces o aud\u00edfonos, pr\u00e1ctico bot\u00f3n de mute con LED indicador de estado, agujeros para clavijas para montaje opcional en pared, construcci\u00f3n de metal resistente y confiable, incluye cable USB de alta calidad.","breadcrumb":{"@id":"https:\/\/www.mexicanguitarplayers.com\/tienda\/audio\/microfonia\/microfonos-alambricos\/de-escritorio\/microfono-behringer-mod-bu100\/#breadcrumb"},"inLanguage":"en-US","potentialAction":[{"@type":"ReadAction","target":["https:\/\/www.mexicanguitarplayers.com\/tienda\/audio\/microfonia\/microfonos-alambricos\/de-escritorio\/microfono-behringer-mod-bu100\/"]}]},{"@type":"ImageObject","inLanguage":"en-US","@id":"https:\/\/www.mexicanguitarplayers.com\/tienda\/audio\/microfonia\/microfonos-alambricos\/de-escritorio\/microfono-behringer-mod-bu100\/#primaryimage","url":"https:\/\/www.mexicanguitarplayers.com\/wp-content\/uploads\/2022\/08\/IABEHBU100.jpg","contentUrl":"https:\/\/www.mexicanguitarplayers.com\/wp-content\/uploads\/2022\/08\/IABEHBU100.jpg","width":1200,"height":1200},{"@type":"BreadcrumbList","@id":"https:\/\/www.mexicanguitarplayers.com\/tienda\/audio\/microfonia\/microfonos-alambricos\/de-escritorio\/microfono-behringer-mod-bu100\/#breadcrumb","itemListElement":[{"@type":"ListItem","position":1,"name":"Portada","item":"https:\/\/www.mexicanguitarplayers.com\/"},{"@type":"ListItem","position":2,"name":"Tienda","item":"https:\/\/www.mexicanguitarplayers.com\/tienda\/"},{"@type":"ListItem","position":3,"name":"MICROFONO BEHRINGER MOD. BU100"}]},{"@type":"WebSite","@id":"https:\/\/www.mexicanguitarplayers.com\/#website","url":"https:\/\/www.mexicanguitarplayers.com\/","name":"Mexican Guitar Players","description":"Website","publisher":{"@id":"https:\/\/www.mexicanguitarplayers.com\/#organization"},"potentialAction":[{"@type":"SearchAction","target":{"@type":"EntryPoint","urlTemplate":"https:\/\/www.mexicanguitarplayers.com\/?s={search_term_string}"},"query-input":{"@type":"PropertyValueSpecification","valueRequired":true,"valueName":"search_term_string"}}],"inLanguage":"en-US"},{"@type":"Organization","@id":"https:\/\/www.mexicanguitarplayers.com\/#organization","name":"Mexican Guitar Players","url":"https:\/\/www.mexicanguitarplayers.com\/","logo":{"@type":"ImageObject","inLanguage":"en-US","@id":"https:\/\/www.mexicanguitarplayers.com\/#\/schema\/logo\/image\/","url":"","contentUrl":"","caption":"Mexican Guitar Players"},"image":{"@id":"https:\/\/www.mexicanguitarplayers.com\/#\/schema\/logo\/image\/"}}]}},"brands":[{"id":171,"name":"BEHRINGER","slug":"behringer"}],"_links":{"self":[{"href":"https:\/\/www.mexicanguitarplayers.com\/en\/wp-json\/wp\/v2\/product\/15816","targetHints":{"allow":["GET"]}}],"collection":[{"href":"https:\/\/www.mexicanguitarplayers.com\/en\/wp-json\/wp\/v2\/product"}],"about":[{"href":"https:\/\/www.mexicanguitarplayers.com\/en\/wp-json\/wp\/v2\/types\/product"}],"replies":[{"embeddable":true,"href":"https:\/\/www.mexicanguitarplayers.com\/en\/wp-json\/wp\/v2\/comments?post=15816"}],"wp:featuredmedia":[{"embeddable":true,"href":"https:\/\/www.mexicanguitarplayers.com\/en\/wp-json\/wp\/v2\/media\/15815"}],"wp:attachment":[{"href":"https:\/\/www.mexicanguitarplayers.com\/en\/wp-json\/wp\/v2\/media?parent=15816"}],"wp:term":[{"taxonomy":"pwb-brand","embeddable":true,"href":"https:\/\/www.mexicanguitarplayers.com\/en\/wp-json\/wp\/v2\/pwb-brand?post=15816"},{"taxonomy":"product_brand","embeddable":true,"href":"https:\/\/www.mexicanguitarplayers.com\/en\/wp-json\/wp\/v2\/product_brand?post=15816"},{"taxonomy":"product_cat","embeddable":true,"href":"https:\/\/www.mexicanguitarplayers.com\/en\/wp-json\/wp\/v2\/product_cat?post=15816"},{"taxonomy":"product_tag","embeddable":true,"href":"https:\/\/www.mexicanguitarplayers.com\/en\/wp-json\/wp\/v2\/product_tag?post=15816"}],"curies":[{"name":"wp","href":"https:\/\/api.w.org\/{rel}","templated":true}]}}