{"id":15818,"date":"2022-08-18T16:10:58","date_gmt":"2022-08-18T21:10:58","guid":{"rendered":"https:\/\/www.mexicanguitarplayers.com\/tienda\/sin%20categor\u00eda\/microfono-behringer-mod-cb-100\/"},"modified":"2026-04-17T10:15:07","modified_gmt":"2026-04-17T16:15:07","slug":"microfono-behringer-mod-cb-100","status":"publish","type":"product","link":"https:\/\/www.mexicanguitarplayers.com\/en\/tienda\/audio\/microfonia\/microfonos-alambricos\/de-escritorio\/microfono-behringer-mod-cb-100\/","title":{"rendered":"BEHRINGER MICROPHONE MOD. CB100"},"content":{"rendered":"<div style=\"text-align: justify\">\n<div>\n<h3>BEHRINGER MICROPHONE MOD. CB100<\/h3>\n<\/div>\n<div>Universal gooseneck condenser microphone for acoustic instrument applications Frequency response designed for strings, percussion and wind instruments Cardioid polar pattern for clarity and detail Flexible gooseneck shaft for effortless sweet spot positioning , Integrated XLR cable for extreme mobility during performance, Extremely high signal output allows sound to cut through, XLR phantom power adapter, Effective wind and pop noise filters included, Compatible with most instrument clamps ( not included), includes shock-resistant case, robust and reliable construction of the die-cast body, weight: 140 g.<\/div>\n<\/div>","protected":false},"excerpt":{"rendered":"<p>Micr\u00f3fono de condensador universal de cuello de cisne para aplicaciones de instrumentos ac\u00fasticos, respuesta de frecuencia dise\u00f1ada para instrumentos de cuerda, percusiones y alientos, patr\u00f3n polar cardioide que aporta claridad y detalles, eje de cuello de cisne flexible para un posicionamiento de punto dulce sin esfuerzo, cable XLR integrado para una movilidad extrema durante el rendimiento, la salida de se\u00f1al extremadamente alta permite que el sonido corte, adaptador de alimentaci\u00f3n phantom XLR, se incluyen filtros efectivos de viento y ruido pop, compatible con la mayor\u00eda de las pinzas de instrumento (no incluidas), incluye malet\u00edn resistente a los golpes, construcci\u00f3n robusta y confiable del cuerpo fundido a presi\u00f3n, peso: 140 g.&hellip; <a class=\"kt-excerpt-readmore more-link\" href=\"https:\/\/www.mexicanguitarplayers.com\/en\/tienda\/audio\/microfonia\/microfonos-alambricos\/de-escritorio\/microfono-behringer-mod-cb-100\/\">Read more<\/a><\/p>","protected":false},"featured_media":15817,"comment_status":"open","ping_status":"closed","template":"","meta":{"kt_blocks_editor_width":""},"pwb-brand":[171],"product_brand":[],"product_cat":[213,217,214,215],"product_tag":[],"class_list":{"0":"post-15818","1":"product","2":"type-product","3":"status-publish","4":"has-post-thumbnail","6":"pwb-brand-behringer","7":"product_cat-audio","8":"product_cat-de-escritorio","9":"product_cat-microfonia","10":"product_cat-microfonos-alambricos","11":"product_shipping_class-0-5-kg","13":"first","14":"outofstock","15":"taxable","16":"shipping-taxable","17":"purchasable","18":"product-type-simple"},"yoast_head":"<!-- This site is optimized with the Yoast SEO plugin v27.5 - https:\/\/yoast.com\/product\/yoast-seo-wordpress\/ -->\n<title>MICROFONO BEHRINGER MOD. CB 100 - Mexican Guitar Players<\/title>\n<meta name=\"description\" content=\"MICROFONO BEHRINGER MOD. CB 100. Micr\u00f3fono de condensador universal de cuello de cisne para aplicaciones de instrumentos ac\u00fasticos, respuesta de frecuencia dise\u00f1ada para instrumentos de cuerda, percusiones y alientos, patr\u00f3n polar cardioide que aporta claridad y detalles, eje de cuello de cisne flexible para un posicionamiento de punto dulce sin esfuerzo, cable XLR integrado para una movilidad extrema durante el rendimiento, la salida de se\u00f1al extremadamente alta permite que el sonido corte, adaptador de alimentaci\u00f3n phantom XLR, se incluyen filtros efectivos de viento y ruido pop, compatible con la mayor\u00eda de las pinzas de instrumento (no incluidas), incluye malet\u00edn resistente a los golpes, construcci\u00f3n robusta y confiable del cuerpo fundido a presi\u00f3n, peso: 140 g.\" \/>\n<meta name=\"robots\" content=\"index, follow, max-snippet:-1, max-image-preview:large, max-video-preview:-1\" \/>\n<link rel=\"canonical\" href=\"https:\/\/www.mexicanguitarplayers.com\/en\/tienda\/audio\/microfonia\/microfonos-alambricos\/de-escritorio\/microfono-behringer-mod-cb-100\/\" \/>\n<meta property=\"og:locale\" content=\"en_US\" \/>\n<meta property=\"og:type\" content=\"article\" \/>\n<meta property=\"og:title\" content=\"MICROFONO BEHRINGER MOD. CB 100 - Mexican Guitar Players\" \/>\n<meta property=\"og:description\" content=\"MICROFONO BEHRINGER MOD. CB 100. Micr\u00f3fono de condensador universal de cuello de cisne para aplicaciones de instrumentos ac\u00fasticos, respuesta de frecuencia dise\u00f1ada para instrumentos de cuerda, percusiones y alientos, patr\u00f3n polar cardioide que aporta claridad y detalles, eje de cuello de cisne flexible para un posicionamiento de punto dulce sin esfuerzo, cable XLR integrado para una movilidad extrema durante el rendimiento, la salida de se\u00f1al extremadamente alta permite que el sonido corte, adaptador de alimentaci\u00f3n phantom XLR, se incluyen filtros efectivos de viento y ruido pop, compatible con la mayor\u00eda de las pinzas de instrumento (no incluidas), incluye malet\u00edn resistente a los golpes, construcci\u00f3n robusta y confiable del cuerpo fundido a presi\u00f3n, peso: 140 g.\" \/>\n<meta property=\"og:url\" content=\"https:\/\/www.mexicanguitarplayers.com\/en\/tienda\/audio\/microfonia\/microfonos-alambricos\/de-escritorio\/microfono-behringer-mod-cb-100\/\" \/>\n<meta property=\"og:site_name\" content=\"Mexican Guitar Players\" \/>\n<meta property=\"article:modified_time\" content=\"2026-04-17T16:15:07+00:00\" \/>\n<meta property=\"og:image\" content=\"https:\/\/www.mexicanguitarplayers.com\/wp-content\/uploads\/2022\/08\/IABEHCB100.jpg\" \/>\n\t<meta property=\"og:image:width\" content=\"800\" \/>\n\t<meta property=\"og:image:height\" content=\"1600\" \/>\n\t<meta property=\"og:image:type\" content=\"image\/jpeg\" \/>\n<meta name=\"twitter:card\" content=\"summary_large_image\" \/>\n<meta name=\"twitter:label1\" content=\"Est. reading time\" \/>\n\t<meta name=\"twitter:data1\" content=\"1 minute\" \/>\n<script type=\"application\/ld+json\" class=\"yoast-schema-graph\">{\"@context\":\"https:\\\/\\\/schema.org\",\"@graph\":[{\"@type\":[\"WebPage\",\"ItemPage\"],\"@id\":\"https:\\\/\\\/www.mexicanguitarplayers.com\\\/tienda\\\/audio\\\/microfonia\\\/microfonos-alambricos\\\/de-escritorio\\\/microfono-behringer-mod-cb-100\\\/\",\"url\":\"https:\\\/\\\/www.mexicanguitarplayers.com\\\/tienda\\\/audio\\\/microfonia\\\/microfonos-alambricos\\\/de-escritorio\\\/microfono-behringer-mod-cb-100\\\/\",\"name\":\"MICROFONO BEHRINGER MOD. CB 100 - Mexican Guitar Players\",\"isPartOf\":{\"@id\":\"https:\\\/\\\/www.mexicanguitarplayers.com\\\/#website\"},\"primaryImageOfPage\":{\"@id\":\"https:\\\/\\\/www.mexicanguitarplayers.com\\\/tienda\\\/audio\\\/microfonia\\\/microfonos-alambricos\\\/de-escritorio\\\/microfono-behringer-mod-cb-100\\\/#primaryimage\"},\"image\":{\"@id\":\"https:\\\/\\\/www.mexicanguitarplayers.com\\\/tienda\\\/audio\\\/microfonia\\\/microfonos-alambricos\\\/de-escritorio\\\/microfono-behringer-mod-cb-100\\\/#primaryimage\"},\"thumbnailUrl\":\"https:\\\/\\\/www.mexicanguitarplayers.com\\\/wp-content\\\/uploads\\\/2022\\\/08\\\/IABEHCB100.jpg\",\"datePublished\":\"2022-08-18T21:10:58+00:00\",\"dateModified\":\"2026-04-17T16:15:07+00:00\",\"description\":\"MICROFONO BEHRINGER MOD. CB 100. Micr\u00f3fono de condensador universal de cuello de cisne para aplicaciones de instrumentos ac\u00fasticos, respuesta de frecuencia dise\u00f1ada para instrumentos de cuerda, percusiones y alientos, patr\u00f3n polar cardioide que aporta claridad y detalles, eje de cuello de cisne flexible para un posicionamiento de punto dulce sin esfuerzo, cable XLR integrado para una movilidad extrema durante el rendimiento, la salida de se\u00f1al extremadamente alta permite que el sonido corte, adaptador de alimentaci\u00f3n phantom XLR, se incluyen filtros efectivos de viento y ruido pop, compatible con la mayor\u00eda de las pinzas de instrumento (no incluidas), incluye malet\u00edn resistente a los golpes, construcci\u00f3n robusta y confiable del cuerpo fundido a presi\u00f3n, peso: 140 g.\",\"breadcrumb\":{\"@id\":\"https:\\\/\\\/www.mexicanguitarplayers.com\\\/tienda\\\/audio\\\/microfonia\\\/microfonos-alambricos\\\/de-escritorio\\\/microfono-behringer-mod-cb-100\\\/#breadcrumb\"},\"inLanguage\":\"en-US\",\"potentialAction\":[{\"@type\":\"ReadAction\",\"target\":[\"https:\\\/\\\/www.mexicanguitarplayers.com\\\/tienda\\\/audio\\\/microfonia\\\/microfonos-alambricos\\\/de-escritorio\\\/microfono-behringer-mod-cb-100\\\/\"]}]},{\"@type\":\"ImageObject\",\"inLanguage\":\"en-US\",\"@id\":\"https:\\\/\\\/www.mexicanguitarplayers.com\\\/tienda\\\/audio\\\/microfonia\\\/microfonos-alambricos\\\/de-escritorio\\\/microfono-behringer-mod-cb-100\\\/#primaryimage\",\"url\":\"https:\\\/\\\/www.mexicanguitarplayers.com\\\/wp-content\\\/uploads\\\/2022\\\/08\\\/IABEHCB100.jpg\",\"contentUrl\":\"https:\\\/\\\/www.mexicanguitarplayers.com\\\/wp-content\\\/uploads\\\/2022\\\/08\\\/IABEHCB100.jpg\",\"width\":800,\"height\":1600},{\"@type\":\"BreadcrumbList\",\"@id\":\"https:\\\/\\\/www.mexicanguitarplayers.com\\\/tienda\\\/audio\\\/microfonia\\\/microfonos-alambricos\\\/de-escritorio\\\/microfono-behringer-mod-cb-100\\\/#breadcrumb\",\"itemListElement\":[{\"@type\":\"ListItem\",\"position\":1,\"name\":\"Portada\",\"item\":\"https:\\\/\\\/www.mexicanguitarplayers.com\\\/\"},{\"@type\":\"ListItem\",\"position\":2,\"name\":\"Tienda\",\"item\":\"https:\\\/\\\/www.mexicanguitarplayers.com\\\/tienda\\\/\"},{\"@type\":\"ListItem\",\"position\":3,\"name\":\"MICROFONO BEHRINGER MOD. CB 100\"}]},{\"@type\":\"WebSite\",\"@id\":\"https:\\\/\\\/www.mexicanguitarplayers.com\\\/#website\",\"url\":\"https:\\\/\\\/www.mexicanguitarplayers.com\\\/\",\"name\":\"Mexican Guitar Players\",\"description\":\"Website\",\"publisher\":{\"@id\":\"https:\\\/\\\/www.mexicanguitarplayers.com\\\/#organization\"},\"potentialAction\":[{\"@type\":\"SearchAction\",\"target\":{\"@type\":\"EntryPoint\",\"urlTemplate\":\"https:\\\/\\\/www.mexicanguitarplayers.com\\\/?s={search_term_string}\"},\"query-input\":{\"@type\":\"PropertyValueSpecification\",\"valueRequired\":true,\"valueName\":\"search_term_string\"}}],\"inLanguage\":\"en-US\"},{\"@type\":\"Organization\",\"@id\":\"https:\\\/\\\/www.mexicanguitarplayers.com\\\/#organization\",\"name\":\"Mexican Guitar Players\",\"url\":\"https:\\\/\\\/www.mexicanguitarplayers.com\\\/\",\"logo\":{\"@type\":\"ImageObject\",\"inLanguage\":\"en-US\",\"@id\":\"https:\\\/\\\/www.mexicanguitarplayers.com\\\/#\\\/schema\\\/logo\\\/image\\\/\",\"url\":\"\",\"contentUrl\":\"\",\"caption\":\"Mexican Guitar Players\"},\"image\":{\"@id\":\"https:\\\/\\\/www.mexicanguitarplayers.com\\\/#\\\/schema\\\/logo\\\/image\\\/\"}}]}<\/script>\n<!-- \/ Yoast SEO plugin. -->","yoast_head_json":{"title":"MICROFONO BEHRINGER MOD. CB 100 - Mexican Guitar Players","description":"MICROFONO BEHRINGER MOD. CB 100. Micr\u00f3fono de condensador universal de cuello de cisne para aplicaciones de instrumentos ac\u00fasticos, respuesta de frecuencia dise\u00f1ada para instrumentos de cuerda, percusiones y alientos, patr\u00f3n polar cardioide que aporta claridad y detalles, eje de cuello de cisne flexible para un posicionamiento de punto dulce sin esfuerzo, cable XLR integrado para una movilidad extrema durante el rendimiento, la salida de se\u00f1al extremadamente alta permite que el sonido corte, adaptador de alimentaci\u00f3n phantom XLR, se incluyen filtros efectivos de viento y ruido pop, compatible con la mayor\u00eda de las pinzas de instrumento (no incluidas), incluye malet\u00edn resistente a los golpes, construcci\u00f3n robusta y confiable del cuerpo fundido a presi\u00f3n, peso: 140 g.","robots":{"index":"index","follow":"follow","max-snippet":"max-snippet:-1","max-image-preview":"max-image-preview:large","max-video-preview":"max-video-preview:-1"},"canonical":"https:\/\/www.mexicanguitarplayers.com\/en\/tienda\/audio\/microfonia\/microfonos-alambricos\/de-escritorio\/microfono-behringer-mod-cb-100\/","og_locale":"en_US","og_type":"article","og_title":"MICROFONO BEHRINGER MOD. CB 100 - Mexican Guitar Players","og_description":"MICROFONO BEHRINGER MOD. CB 100. Micr\u00f3fono de condensador universal de cuello de cisne para aplicaciones de instrumentos ac\u00fasticos, respuesta de frecuencia dise\u00f1ada para instrumentos de cuerda, percusiones y alientos, patr\u00f3n polar cardioide que aporta claridad y detalles, eje de cuello de cisne flexible para un posicionamiento de punto dulce sin esfuerzo, cable XLR integrado para una movilidad extrema durante el rendimiento, la salida de se\u00f1al extremadamente alta permite que el sonido corte, adaptador de alimentaci\u00f3n phantom XLR, se incluyen filtros efectivos de viento y ruido pop, compatible con la mayor\u00eda de las pinzas de instrumento (no incluidas), incluye malet\u00edn resistente a los golpes, construcci\u00f3n robusta y confiable del cuerpo fundido a presi\u00f3n, peso: 140 g.","og_url":"https:\/\/www.mexicanguitarplayers.com\/en\/tienda\/audio\/microfonia\/microfonos-alambricos\/de-escritorio\/microfono-behringer-mod-cb-100\/","og_site_name":"Mexican Guitar Players","article_modified_time":"2026-04-17T16:15:07+00:00","og_image":[{"width":800,"height":1600,"url":"https:\/\/www.mexicanguitarplayers.com\/wp-content\/uploads\/2022\/08\/IABEHCB100.jpg","type":"image\/jpeg"}],"twitter_card":"summary_large_image","twitter_misc":{"Est. reading time":"1 minute"},"schema":{"@context":"https:\/\/schema.org","@graph":[{"@type":["WebPage","ItemPage"],"@id":"https:\/\/www.mexicanguitarplayers.com\/tienda\/audio\/microfonia\/microfonos-alambricos\/de-escritorio\/microfono-behringer-mod-cb-100\/","url":"https:\/\/www.mexicanguitarplayers.com\/tienda\/audio\/microfonia\/microfonos-alambricos\/de-escritorio\/microfono-behringer-mod-cb-100\/","name":"MICROFONO BEHRINGER MOD. CB 100 - Mexican Guitar Players","isPartOf":{"@id":"https:\/\/www.mexicanguitarplayers.com\/#website"},"primaryImageOfPage":{"@id":"https:\/\/www.mexicanguitarplayers.com\/tienda\/audio\/microfonia\/microfonos-alambricos\/de-escritorio\/microfono-behringer-mod-cb-100\/#primaryimage"},"image":{"@id":"https:\/\/www.mexicanguitarplayers.com\/tienda\/audio\/microfonia\/microfonos-alambricos\/de-escritorio\/microfono-behringer-mod-cb-100\/#primaryimage"},"thumbnailUrl":"https:\/\/www.mexicanguitarplayers.com\/wp-content\/uploads\/2022\/08\/IABEHCB100.jpg","datePublished":"2022-08-18T21:10:58+00:00","dateModified":"2026-04-17T16:15:07+00:00","description":"MICROFONO BEHRINGER MOD. CB 100. Micr\u00f3fono de condensador universal de cuello de cisne para aplicaciones de instrumentos ac\u00fasticos, respuesta de frecuencia dise\u00f1ada para instrumentos de cuerda, percusiones y alientos, patr\u00f3n polar cardioide que aporta claridad y detalles, eje de cuello de cisne flexible para un posicionamiento de punto dulce sin esfuerzo, cable XLR integrado para una movilidad extrema durante el rendimiento, la salida de se\u00f1al extremadamente alta permite que el sonido corte, adaptador de alimentaci\u00f3n phantom XLR, se incluyen filtros efectivos de viento y ruido pop, compatible con la mayor\u00eda de las pinzas de instrumento (no incluidas), incluye malet\u00edn resistente a los golpes, construcci\u00f3n robusta y confiable del cuerpo fundido a presi\u00f3n, peso: 140 g.","breadcrumb":{"@id":"https:\/\/www.mexicanguitarplayers.com\/tienda\/audio\/microfonia\/microfonos-alambricos\/de-escritorio\/microfono-behringer-mod-cb-100\/#breadcrumb"},"inLanguage":"en-US","potentialAction":[{"@type":"ReadAction","target":["https:\/\/www.mexicanguitarplayers.com\/tienda\/audio\/microfonia\/microfonos-alambricos\/de-escritorio\/microfono-behringer-mod-cb-100\/"]}]},{"@type":"ImageObject","inLanguage":"en-US","@id":"https:\/\/www.mexicanguitarplayers.com\/tienda\/audio\/microfonia\/microfonos-alambricos\/de-escritorio\/microfono-behringer-mod-cb-100\/#primaryimage","url":"https:\/\/www.mexicanguitarplayers.com\/wp-content\/uploads\/2022\/08\/IABEHCB100.jpg","contentUrl":"https:\/\/www.mexicanguitarplayers.com\/wp-content\/uploads\/2022\/08\/IABEHCB100.jpg","width":800,"height":1600},{"@type":"BreadcrumbList","@id":"https:\/\/www.mexicanguitarplayers.com\/tienda\/audio\/microfonia\/microfonos-alambricos\/de-escritorio\/microfono-behringer-mod-cb-100\/#breadcrumb","itemListElement":[{"@type":"ListItem","position":1,"name":"Portada","item":"https:\/\/www.mexicanguitarplayers.com\/"},{"@type":"ListItem","position":2,"name":"Tienda","item":"https:\/\/www.mexicanguitarplayers.com\/tienda\/"},{"@type":"ListItem","position":3,"name":"MICROFONO BEHRINGER MOD. CB 100"}]},{"@type":"WebSite","@id":"https:\/\/www.mexicanguitarplayers.com\/#website","url":"https:\/\/www.mexicanguitarplayers.com\/","name":"Mexican Guitar Players","description":"Website","publisher":{"@id":"https:\/\/www.mexicanguitarplayers.com\/#organization"},"potentialAction":[{"@type":"SearchAction","target":{"@type":"EntryPoint","urlTemplate":"https:\/\/www.mexicanguitarplayers.com\/?s={search_term_string}"},"query-input":{"@type":"PropertyValueSpecification","valueRequired":true,"valueName":"search_term_string"}}],"inLanguage":"en-US"},{"@type":"Organization","@id":"https:\/\/www.mexicanguitarplayers.com\/#organization","name":"Mexican Guitar Players","url":"https:\/\/www.mexicanguitarplayers.com\/","logo":{"@type":"ImageObject","inLanguage":"en-US","@id":"https:\/\/www.mexicanguitarplayers.com\/#\/schema\/logo\/image\/","url":"","contentUrl":"","caption":"Mexican Guitar Players"},"image":{"@id":"https:\/\/www.mexicanguitarplayers.com\/#\/schema\/logo\/image\/"}}]}},"brands":[{"id":171,"name":"BEHRINGER","slug":"behringer"}],"_links":{"self":[{"href":"https:\/\/www.mexicanguitarplayers.com\/en\/wp-json\/wp\/v2\/product\/15818","targetHints":{"allow":["GET"]}}],"collection":[{"href":"https:\/\/www.mexicanguitarplayers.com\/en\/wp-json\/wp\/v2\/product"}],"about":[{"href":"https:\/\/www.mexicanguitarplayers.com\/en\/wp-json\/wp\/v2\/types\/product"}],"replies":[{"embeddable":true,"href":"https:\/\/www.mexicanguitarplayers.com\/en\/wp-json\/wp\/v2\/comments?post=15818"}],"wp:featuredmedia":[{"embeddable":true,"href":"https:\/\/www.mexicanguitarplayers.com\/en\/wp-json\/wp\/v2\/media\/15817"}],"wp:attachment":[{"href":"https:\/\/www.mexicanguitarplayers.com\/en\/wp-json\/wp\/v2\/media?parent=15818"}],"wp:term":[{"taxonomy":"pwb-brand","embeddable":true,"href":"https:\/\/www.mexicanguitarplayers.com\/en\/wp-json\/wp\/v2\/pwb-brand?post=15818"},{"taxonomy":"product_brand","embeddable":true,"href":"https:\/\/www.mexicanguitarplayers.com\/en\/wp-json\/wp\/v2\/product_brand?post=15818"},{"taxonomy":"product_cat","embeddable":true,"href":"https:\/\/www.mexicanguitarplayers.com\/en\/wp-json\/wp\/v2\/product_cat?post=15818"},{"taxonomy":"product_tag","embeddable":true,"href":"https:\/\/www.mexicanguitarplayers.com\/en\/wp-json\/wp\/v2\/product_tag?post=15818"}],"curies":[{"name":"wp","href":"https:\/\/api.w.org\/{rel}","templated":true}]}}