{"id":15830,"date":"2022-08-18T16:44:06","date_gmt":"2022-08-18T21:44:06","guid":{"rendered":"https:\/\/www.mexicanguitarplayers.com\/tienda\/sin%20categor\u00eda\/pedal-danelectro-mod-dj-22-metal\/"},"modified":"2025-03-26T22:42:06","modified_gmt":"2025-03-27T04:42:06","slug":"pedal-danelectro-mod-dj-22-metal","status":"publish","type":"product","link":"https:\/\/www.mexicanguitarplayers.com\/en\/tienda\/cuerdas\/efectos\/efectos-individuales\/pedal-danelectro-mod-dj-22-metal\/","title":{"rendered":"DANELECTRO PEDAL MOD. DJ-22 METAL"},"content":{"rendered":"<div style=\"text-align: justify\">\n<div>\n<h3>DANELECTRO PEDAL MOD. DJ-22 METAL<\/h3>\n<\/div>\n<div>Distortion Pedal Black Licorice Beyond Metal, lower your level just one octave and add distortion, works with a 9V battery (not included) or an optional adapter.<\/div>\n<\/div>","protected":false},"excerpt":{"rendered":"<p>Pedal de distorsi\u00f3n Black Licorice Beyond Metal, baja tu s\u00f3lo una octava y a\u00f1adedistorsi\u00f3n, funciona con una pila de 9V (no incluida) o un adaptador opcional.&hellip; <a class=\"kt-excerpt-readmore more-link\" href=\"https:\/\/www.mexicanguitarplayers.com\/en\/tienda\/cuerdas\/efectos\/efectos-individuales\/pedal-danelectro-mod-dj-22-metal\/\">Read more<\/a><\/p>","protected":false},"featured_media":15829,"comment_status":"open","ping_status":"closed","template":"","meta":{"kt_blocks_editor_width":""},"pwb-brand":[581],"product_brand":[],"product_cat":[224,241,504],"product_tag":[],"class_list":{"0":"post-15830","1":"product","2":"type-product","3":"status-publish","4":"has-post-thumbnail","6":"pwb-brand-danelectro","7":"product_cat-cuerdas","8":"product_cat-efectos","9":"product_cat-efectos-individuales","10":"product_shipping_class-0-5-kg","12":"first","13":"outofstock","14":"taxable","15":"shipping-taxable","16":"purchasable","17":"product-type-simple"},"yoast_head":"<!-- This site is optimized with the Yoast SEO plugin v27.3 - https:\/\/yoast.com\/product\/yoast-seo-wordpress\/ -->\n<title>PEDAL DANELECTRO MOD. DJ-22 METAL - Mexican Guitar Players<\/title>\n<meta name=\"description\" content=\"PEDAL DANELECTRO MOD. DJ-22 METAL. Pedal de distorsi\u00f3n Black Licorice Beyond Metal, baja tu s\u00f3lo una octava y a\u00f1adedistorsi\u00f3n, funciona con una pila de 9V (no incluida) o un adaptador opcional.\" \/>\n<meta name=\"robots\" content=\"index, follow, max-snippet:-1, max-image-preview:large, max-video-preview:-1\" \/>\n<link rel=\"canonical\" href=\"https:\/\/www.mexicanguitarplayers.com\/en\/tienda\/cuerdas\/efectos\/efectos-individuales\/pedal-danelectro-mod-dj-22-metal\/\" \/>\n<meta property=\"og:locale\" content=\"en_US\" \/>\n<meta property=\"og:type\" content=\"article\" \/>\n<meta property=\"og:title\" content=\"PEDAL DANELECTRO MOD. DJ-22 METAL - Mexican Guitar Players\" \/>\n<meta property=\"og:description\" content=\"PEDAL DANELECTRO MOD. DJ-22 METAL. Pedal de distorsi\u00f3n Black Licorice Beyond Metal, baja tu s\u00f3lo una octava y a\u00f1adedistorsi\u00f3n, funciona con una pila de 9V (no incluida) o un adaptador opcional.\" \/>\n<meta property=\"og:url\" content=\"https:\/\/www.mexicanguitarplayers.com\/en\/tienda\/cuerdas\/efectos\/efectos-individuales\/pedal-danelectro-mod-dj-22-metal\/\" \/>\n<meta property=\"og:site_name\" content=\"Mexican Guitar Players\" \/>\n<meta property=\"article:modified_time\" content=\"2025-03-27T04:42:06+00:00\" \/>\n<meta property=\"og:image\" content=\"https:\/\/www.mexicanguitarplayers.com\/wp-content\/uploads\/2022\/08\/VADAEDJ22.jpg\" \/>\n\t<meta property=\"og:image:width\" content=\"1200\" \/>\n\t<meta property=\"og:image:height\" content=\"1200\" \/>\n\t<meta property=\"og:image:type\" content=\"image\/jpeg\" \/>\n<meta name=\"twitter:card\" content=\"summary_large_image\" \/>\n<script type=\"application\/ld+json\" class=\"yoast-schema-graph\">{\"@context\":\"https:\\\/\\\/schema.org\",\"@graph\":[{\"@type\":[\"WebPage\",\"ItemPage\"],\"@id\":\"https:\\\/\\\/www.mexicanguitarplayers.com\\\/tienda\\\/cuerdas\\\/efectos\\\/efectos-individuales\\\/pedal-danelectro-mod-dj-22-metal\\\/\",\"url\":\"https:\\\/\\\/www.mexicanguitarplayers.com\\\/tienda\\\/cuerdas\\\/efectos\\\/efectos-individuales\\\/pedal-danelectro-mod-dj-22-metal\\\/\",\"name\":\"PEDAL DANELECTRO MOD. DJ-22 METAL - Mexican Guitar Players\",\"isPartOf\":{\"@id\":\"https:\\\/\\\/www.mexicanguitarplayers.com\\\/#website\"},\"primaryImageOfPage\":{\"@id\":\"https:\\\/\\\/www.mexicanguitarplayers.com\\\/tienda\\\/cuerdas\\\/efectos\\\/efectos-individuales\\\/pedal-danelectro-mod-dj-22-metal\\\/#primaryimage\"},\"image\":{\"@id\":\"https:\\\/\\\/www.mexicanguitarplayers.com\\\/tienda\\\/cuerdas\\\/efectos\\\/efectos-individuales\\\/pedal-danelectro-mod-dj-22-metal\\\/#primaryimage\"},\"thumbnailUrl\":\"https:\\\/\\\/www.mexicanguitarplayers.com\\\/wp-content\\\/uploads\\\/2022\\\/08\\\/VADAEDJ22.jpg\",\"datePublished\":\"2022-08-18T21:44:06+00:00\",\"dateModified\":\"2025-03-27T04:42:06+00:00\",\"description\":\"PEDAL DANELECTRO MOD. DJ-22 METAL. Pedal de distorsi\u00f3n Black Licorice Beyond Metal, baja tu s\u00f3lo una octava y a\u00f1adedistorsi\u00f3n, funciona con una pila de 9V (no incluida) o un adaptador opcional.\",\"breadcrumb\":{\"@id\":\"https:\\\/\\\/www.mexicanguitarplayers.com\\\/tienda\\\/cuerdas\\\/efectos\\\/efectos-individuales\\\/pedal-danelectro-mod-dj-22-metal\\\/#breadcrumb\"},\"inLanguage\":\"en-US\",\"potentialAction\":[{\"@type\":\"ReadAction\",\"target\":[\"https:\\\/\\\/www.mexicanguitarplayers.com\\\/tienda\\\/cuerdas\\\/efectos\\\/efectos-individuales\\\/pedal-danelectro-mod-dj-22-metal\\\/\"]}]},{\"@type\":\"ImageObject\",\"inLanguage\":\"en-US\",\"@id\":\"https:\\\/\\\/www.mexicanguitarplayers.com\\\/tienda\\\/cuerdas\\\/efectos\\\/efectos-individuales\\\/pedal-danelectro-mod-dj-22-metal\\\/#primaryimage\",\"url\":\"https:\\\/\\\/www.mexicanguitarplayers.com\\\/wp-content\\\/uploads\\\/2022\\\/08\\\/VADAEDJ22.jpg\",\"contentUrl\":\"https:\\\/\\\/www.mexicanguitarplayers.com\\\/wp-content\\\/uploads\\\/2022\\\/08\\\/VADAEDJ22.jpg\",\"width\":1200,\"height\":1200},{\"@type\":\"BreadcrumbList\",\"@id\":\"https:\\\/\\\/www.mexicanguitarplayers.com\\\/tienda\\\/cuerdas\\\/efectos\\\/efectos-individuales\\\/pedal-danelectro-mod-dj-22-metal\\\/#breadcrumb\",\"itemListElement\":[{\"@type\":\"ListItem\",\"position\":1,\"name\":\"Portada\",\"item\":\"https:\\\/\\\/www.mexicanguitarplayers.com\\\/\"},{\"@type\":\"ListItem\",\"position\":2,\"name\":\"Tienda\",\"item\":\"https:\\\/\\\/www.mexicanguitarplayers.com\\\/tienda\\\/\"},{\"@type\":\"ListItem\",\"position\":3,\"name\":\"PEDAL DANELECTRO MOD. DJ-22 METAL\"}]},{\"@type\":\"WebSite\",\"@id\":\"https:\\\/\\\/www.mexicanguitarplayers.com\\\/#website\",\"url\":\"https:\\\/\\\/www.mexicanguitarplayers.com\\\/\",\"name\":\"Mexican Guitar Players\",\"description\":\"Website\",\"publisher\":{\"@id\":\"https:\\\/\\\/www.mexicanguitarplayers.com\\\/#organization\"},\"potentialAction\":[{\"@type\":\"SearchAction\",\"target\":{\"@type\":\"EntryPoint\",\"urlTemplate\":\"https:\\\/\\\/www.mexicanguitarplayers.com\\\/?s={search_term_string}\"},\"query-input\":{\"@type\":\"PropertyValueSpecification\",\"valueRequired\":true,\"valueName\":\"search_term_string\"}}],\"inLanguage\":\"en-US\"},{\"@type\":\"Organization\",\"@id\":\"https:\\\/\\\/www.mexicanguitarplayers.com\\\/#organization\",\"name\":\"Mexican Guitar Players\",\"url\":\"https:\\\/\\\/www.mexicanguitarplayers.com\\\/\",\"logo\":{\"@type\":\"ImageObject\",\"inLanguage\":\"en-US\",\"@id\":\"https:\\\/\\\/www.mexicanguitarplayers.com\\\/#\\\/schema\\\/logo\\\/image\\\/\",\"url\":\"\",\"contentUrl\":\"\",\"caption\":\"Mexican Guitar Players\"},\"image\":{\"@id\":\"https:\\\/\\\/www.mexicanguitarplayers.com\\\/#\\\/schema\\\/logo\\\/image\\\/\"}}]}<\/script>\n<!-- \/ Yoast SEO plugin. -->","yoast_head_json":{"title":"PEDAL DANELECTRO MOD. DJ-22 METAL - Mexican Guitar Players","description":"PEDAL DANELECTRO MOD. DJ-22 METAL. Pedal de distorsi\u00f3n Black Licorice Beyond Metal, baja tu s\u00f3lo una octava y a\u00f1adedistorsi\u00f3n, funciona con una pila de 9V (no incluida) o un adaptador opcional.","robots":{"index":"index","follow":"follow","max-snippet":"max-snippet:-1","max-image-preview":"max-image-preview:large","max-video-preview":"max-video-preview:-1"},"canonical":"https:\/\/www.mexicanguitarplayers.com\/en\/tienda\/cuerdas\/efectos\/efectos-individuales\/pedal-danelectro-mod-dj-22-metal\/","og_locale":"en_US","og_type":"article","og_title":"PEDAL DANELECTRO MOD. DJ-22 METAL - Mexican Guitar Players","og_description":"PEDAL DANELECTRO MOD. DJ-22 METAL. Pedal de distorsi\u00f3n Black Licorice Beyond Metal, baja tu s\u00f3lo una octava y a\u00f1adedistorsi\u00f3n, funciona con una pila de 9V (no incluida) o un adaptador opcional.","og_url":"https:\/\/www.mexicanguitarplayers.com\/en\/tienda\/cuerdas\/efectos\/efectos-individuales\/pedal-danelectro-mod-dj-22-metal\/","og_site_name":"Mexican Guitar Players","article_modified_time":"2025-03-27T04:42:06+00:00","og_image":[{"width":1200,"height":1200,"url":"https:\/\/www.mexicanguitarplayers.com\/wp-content\/uploads\/2022\/08\/VADAEDJ22.jpg","type":"image\/jpeg"}],"twitter_card":"summary_large_image","schema":{"@context":"https:\/\/schema.org","@graph":[{"@type":["WebPage","ItemPage"],"@id":"https:\/\/www.mexicanguitarplayers.com\/tienda\/cuerdas\/efectos\/efectos-individuales\/pedal-danelectro-mod-dj-22-metal\/","url":"https:\/\/www.mexicanguitarplayers.com\/tienda\/cuerdas\/efectos\/efectos-individuales\/pedal-danelectro-mod-dj-22-metal\/","name":"PEDAL DANELECTRO MOD. DJ-22 METAL - Mexican Guitar Players","isPartOf":{"@id":"https:\/\/www.mexicanguitarplayers.com\/#website"},"primaryImageOfPage":{"@id":"https:\/\/www.mexicanguitarplayers.com\/tienda\/cuerdas\/efectos\/efectos-individuales\/pedal-danelectro-mod-dj-22-metal\/#primaryimage"},"image":{"@id":"https:\/\/www.mexicanguitarplayers.com\/tienda\/cuerdas\/efectos\/efectos-individuales\/pedal-danelectro-mod-dj-22-metal\/#primaryimage"},"thumbnailUrl":"https:\/\/www.mexicanguitarplayers.com\/wp-content\/uploads\/2022\/08\/VADAEDJ22.jpg","datePublished":"2022-08-18T21:44:06+00:00","dateModified":"2025-03-27T04:42:06+00:00","description":"PEDAL DANELECTRO MOD. DJ-22 METAL. Pedal de distorsi\u00f3n Black Licorice Beyond Metal, baja tu s\u00f3lo una octava y a\u00f1adedistorsi\u00f3n, funciona con una pila de 9V (no incluida) o un adaptador opcional.","breadcrumb":{"@id":"https:\/\/www.mexicanguitarplayers.com\/tienda\/cuerdas\/efectos\/efectos-individuales\/pedal-danelectro-mod-dj-22-metal\/#breadcrumb"},"inLanguage":"en-US","potentialAction":[{"@type":"ReadAction","target":["https:\/\/www.mexicanguitarplayers.com\/tienda\/cuerdas\/efectos\/efectos-individuales\/pedal-danelectro-mod-dj-22-metal\/"]}]},{"@type":"ImageObject","inLanguage":"en-US","@id":"https:\/\/www.mexicanguitarplayers.com\/tienda\/cuerdas\/efectos\/efectos-individuales\/pedal-danelectro-mod-dj-22-metal\/#primaryimage","url":"https:\/\/www.mexicanguitarplayers.com\/wp-content\/uploads\/2022\/08\/VADAEDJ22.jpg","contentUrl":"https:\/\/www.mexicanguitarplayers.com\/wp-content\/uploads\/2022\/08\/VADAEDJ22.jpg","width":1200,"height":1200},{"@type":"BreadcrumbList","@id":"https:\/\/www.mexicanguitarplayers.com\/tienda\/cuerdas\/efectos\/efectos-individuales\/pedal-danelectro-mod-dj-22-metal\/#breadcrumb","itemListElement":[{"@type":"ListItem","position":1,"name":"Portada","item":"https:\/\/www.mexicanguitarplayers.com\/"},{"@type":"ListItem","position":2,"name":"Tienda","item":"https:\/\/www.mexicanguitarplayers.com\/tienda\/"},{"@type":"ListItem","position":3,"name":"PEDAL DANELECTRO MOD. DJ-22 METAL"}]},{"@type":"WebSite","@id":"https:\/\/www.mexicanguitarplayers.com\/#website","url":"https:\/\/www.mexicanguitarplayers.com\/","name":"Mexican Guitar Players","description":"Website","publisher":{"@id":"https:\/\/www.mexicanguitarplayers.com\/#organization"},"potentialAction":[{"@type":"SearchAction","target":{"@type":"EntryPoint","urlTemplate":"https:\/\/www.mexicanguitarplayers.com\/?s={search_term_string}"},"query-input":{"@type":"PropertyValueSpecification","valueRequired":true,"valueName":"search_term_string"}}],"inLanguage":"en-US"},{"@type":"Organization","@id":"https:\/\/www.mexicanguitarplayers.com\/#organization","name":"Mexican Guitar Players","url":"https:\/\/www.mexicanguitarplayers.com\/","logo":{"@type":"ImageObject","inLanguage":"en-US","@id":"https:\/\/www.mexicanguitarplayers.com\/#\/schema\/logo\/image\/","url":"","contentUrl":"","caption":"Mexican Guitar Players"},"image":{"@id":"https:\/\/www.mexicanguitarplayers.com\/#\/schema\/logo\/image\/"}}]}},"brands":[{"id":581,"name":"DANELECTRO","slug":"danelectro"}],"_links":{"self":[{"href":"https:\/\/www.mexicanguitarplayers.com\/en\/wp-json\/wp\/v2\/product\/15830","targetHints":{"allow":["GET"]}}],"collection":[{"href":"https:\/\/www.mexicanguitarplayers.com\/en\/wp-json\/wp\/v2\/product"}],"about":[{"href":"https:\/\/www.mexicanguitarplayers.com\/en\/wp-json\/wp\/v2\/types\/product"}],"replies":[{"embeddable":true,"href":"https:\/\/www.mexicanguitarplayers.com\/en\/wp-json\/wp\/v2\/comments?post=15830"}],"wp:featuredmedia":[{"embeddable":true,"href":"https:\/\/www.mexicanguitarplayers.com\/en\/wp-json\/wp\/v2\/media\/15829"}],"wp:attachment":[{"href":"https:\/\/www.mexicanguitarplayers.com\/en\/wp-json\/wp\/v2\/media?parent=15830"}],"wp:term":[{"taxonomy":"pwb-brand","embeddable":true,"href":"https:\/\/www.mexicanguitarplayers.com\/en\/wp-json\/wp\/v2\/pwb-brand?post=15830"},{"taxonomy":"product_brand","embeddable":true,"href":"https:\/\/www.mexicanguitarplayers.com\/en\/wp-json\/wp\/v2\/product_brand?post=15830"},{"taxonomy":"product_cat","embeddable":true,"href":"https:\/\/www.mexicanguitarplayers.com\/en\/wp-json\/wp\/v2\/product_cat?post=15830"},{"taxonomy":"product_tag","embeddable":true,"href":"https:\/\/www.mexicanguitarplayers.com\/en\/wp-json\/wp\/v2\/product_tag?post=15830"}],"curies":[{"name":"wp","href":"https:\/\/api.w.org\/{rel}","templated":true}]}}