{"id":15859,"date":"2022-08-18T16:44:59","date_gmt":"2022-08-18T21:44:59","guid":{"rendered":"https:\/\/www.mexicanguitarplayers.com\/tienda\/sin%20categor\u00eda\/audifonos-eikon-mod-h800\/"},"modified":"2026-05-01T07:39:46","modified_gmt":"2026-05-01T13:39:46","slug":"audifonos-eikon-mod-h800","status":"publish","type":"product","link":"https:\/\/www.mexicanguitarplayers.com\/en\/tienda\/audio\/audifonos\/audifono-alambrico\/audifonos-hifi\/audifonos-eikon-mod-h800\/","title":{"rendered":"HEADPHONES EIKON MOD. H800"},"content":{"rendered":"<div style=\"text-align: justify\">\n<div>\n<h3>HEADPHONES EIKON MOD. H800<\/h3>\n<\/div>\n<div>Closed dynamic headphones, ideal for professional monitoring, smooth audio reproduction with deep bass, closed circumaural design, isolated against ambient noise, extremely soft and flexible comfortable padded ear cushions, compatible with all brands of smartphones and tablets, neodymium magnet, driver 45 mm, frequency range: 15 \u2013 28,000 Hz, SPL: 98 dB, power 1,800 mW, impedance 40 ohms, 3.5 jack connector and 6.3 mm adapter, 3 meter cable, weight (without cable): 235 g.<\/div>\n<\/div>","protected":false},"excerpt":{"rendered":"<p>Aud\u00edfonos din\u00e1micos cerrados, ideales para monitoreo profesional, reproducci\u00f3n de audio suave con graves profundos, dise\u00f1o circumaural cerrado, aislado contra el ruido ambiental, c\u00f3modas almohadillas acolchadas extremadamente suaves y flexibles, compatibles con todas las marcas de smartphones y tabletas, im\u00e1n de neodimio, driver de 45 mm, rango de frecuencia: 15 &#8211; 28,000 Hz, SPL: 98 dB, potencia de 1,800 mW, impedancia de 40 ohms, conector jack de 3.5 y adaptador para 6.3 mm, cable de 3 metros, peso (sin cable): 235 g.&hellip; <a class=\"kt-excerpt-readmore more-link\" href=\"https:\/\/www.mexicanguitarplayers.com\/en\/tienda\/audio\/audifonos\/audifono-alambrico\/audifonos-hifi\/audifonos-eikon-mod-h800\/\">Read more<\/a><\/p>","protected":false},"featured_media":15856,"comment_status":"open","ping_status":"closed","template":"","meta":{"kt_blocks_editor_width":""},"pwb-brand":[239],"product_brand":[],"product_cat":[506,505,516,213],"product_tag":[],"class_list":{"0":"post-15859","1":"product","2":"type-product","3":"status-publish","4":"has-post-thumbnail","6":"pwb-brand-eikon","7":"product_cat-audifono-alambrico","8":"product_cat-audifonos","9":"product_cat-audifonos-hifi","10":"product_cat-audio","11":"product_shipping_class-0-5-kg","13":"first","14":"instock","15":"taxable","16":"shipping-taxable","17":"purchasable","18":"product-type-simple"},"yoast_head":"<!-- This site is optimized with the Yoast SEO plugin v27.5 - https:\/\/yoast.com\/product\/yoast-seo-wordpress\/ -->\n<title>AUDIFONOS EIKON MOD. H800 - Mexican Guitar Players<\/title>\n<meta name=\"description\" content=\"AUDIFONOS EIKON MOD. H800. Aud\u00edfonos din\u00e1micos cerrados, ideales para monitoreo profesional, reproducci\u00f3n de audio suave con graves profundos, dise\u00f1o circumaural cerrado, aislado contra el ruido ambiental, c\u00f3modas almohadillas acolchadas extremadamente suaves y flexibles, compatibles con todas las marcas de smartphones y tabletas, im\u00e1n de neodimio, driver de 45 mm, rango de frecuencia: 15 - 28,000 Hz, SPL: 98 dB, potencia de 1,800 mW, impedancia de 40 ohms, conector jack de 3.5 y adaptador para 6.3 mm, cable de 3 metros, peso (sin cable): 235 g.\" \/>\n<meta name=\"robots\" content=\"index, follow, max-snippet:-1, max-image-preview:large, max-video-preview:-1\" \/>\n<link rel=\"canonical\" href=\"https:\/\/www.mexicanguitarplayers.com\/en\/tienda\/audio\/audifonos\/audifono-alambrico\/audifonos-hifi\/audifonos-eikon-mod-h800\/\" \/>\n<meta property=\"og:locale\" content=\"en_US\" \/>\n<meta property=\"og:type\" content=\"article\" \/>\n<meta property=\"og:title\" content=\"AUDIFONOS EIKON MOD. H800 - Mexican Guitar Players\" \/>\n<meta property=\"og:description\" content=\"AUDIFONOS EIKON MOD. H800. Aud\u00edfonos din\u00e1micos cerrados, ideales para monitoreo profesional, reproducci\u00f3n de audio suave con graves profundos, dise\u00f1o circumaural cerrado, aislado contra el ruido ambiental, c\u00f3modas almohadillas acolchadas extremadamente suaves y flexibles, compatibles con todas las marcas de smartphones y tabletas, im\u00e1n de neodimio, driver de 45 mm, rango de frecuencia: 15 - 28,000 Hz, SPL: 98 dB, potencia de 1,800 mW, impedancia de 40 ohms, conector jack de 3.5 y adaptador para 6.3 mm, cable de 3 metros, peso (sin cable): 235 g.\" \/>\n<meta property=\"og:url\" content=\"https:\/\/www.mexicanguitarplayers.com\/en\/tienda\/audio\/audifonos\/audifono-alambrico\/audifonos-hifi\/audifonos-eikon-mod-h800\/\" \/>\n<meta property=\"og:site_name\" content=\"Mexican Guitar Players\" \/>\n<meta property=\"article:modified_time\" content=\"2026-05-01T13:39:46+00:00\" \/>\n<meta property=\"og:image\" content=\"https:\/\/www.mexicanguitarplayers.com\/wp-content\/uploads\/2022\/08\/VAEIOH800.jpg\" \/>\n\t<meta property=\"og:image:width\" content=\"1200\" \/>\n\t<meta property=\"og:image:height\" content=\"1200\" \/>\n\t<meta property=\"og:image:type\" content=\"image\/jpeg\" \/>\n<meta name=\"twitter:card\" content=\"summary_large_image\" \/>\n<script type=\"application\/ld+json\" class=\"yoast-schema-graph\">{\"@context\":\"https:\\\/\\\/schema.org\",\"@graph\":[{\"@type\":[\"WebPage\",\"ItemPage\"],\"@id\":\"https:\\\/\\\/www.mexicanguitarplayers.com\\\/tienda\\\/audio\\\/audifonos\\\/audifono-alambrico\\\/audifonos-hifi\\\/audifonos-eikon-mod-h800\\\/\",\"url\":\"https:\\\/\\\/www.mexicanguitarplayers.com\\\/tienda\\\/audio\\\/audifonos\\\/audifono-alambrico\\\/audifonos-hifi\\\/audifonos-eikon-mod-h800\\\/\",\"name\":\"AUDIFONOS EIKON MOD. H800 - Mexican Guitar Players\",\"isPartOf\":{\"@id\":\"https:\\\/\\\/www.mexicanguitarplayers.com\\\/#website\"},\"primaryImageOfPage\":{\"@id\":\"https:\\\/\\\/www.mexicanguitarplayers.com\\\/tienda\\\/audio\\\/audifonos\\\/audifono-alambrico\\\/audifonos-hifi\\\/audifonos-eikon-mod-h800\\\/#primaryimage\"},\"image\":{\"@id\":\"https:\\\/\\\/www.mexicanguitarplayers.com\\\/tienda\\\/audio\\\/audifonos\\\/audifono-alambrico\\\/audifonos-hifi\\\/audifonos-eikon-mod-h800\\\/#primaryimage\"},\"thumbnailUrl\":\"https:\\\/\\\/www.mexicanguitarplayers.com\\\/wp-content\\\/uploads\\\/2022\\\/08\\\/VAEIOH800.jpg\",\"datePublished\":\"2022-08-18T21:44:59+00:00\",\"dateModified\":\"2026-05-01T13:39:46+00:00\",\"description\":\"AUDIFONOS EIKON MOD. H800. Aud\u00edfonos din\u00e1micos cerrados, ideales para monitoreo profesional, reproducci\u00f3n de audio suave con graves profundos, dise\u00f1o circumaural cerrado, aislado contra el ruido ambiental, c\u00f3modas almohadillas acolchadas extremadamente suaves y flexibles, compatibles con todas las marcas de smartphones y tabletas, im\u00e1n de neodimio, driver de 45 mm, rango de frecuencia: 15 - 28,000 Hz, SPL: 98 dB, potencia de 1,800 mW, impedancia de 40 ohms, conector jack de 3.5 y adaptador para 6.3 mm, cable de 3 metros, peso (sin cable): 235 g.\",\"breadcrumb\":{\"@id\":\"https:\\\/\\\/www.mexicanguitarplayers.com\\\/tienda\\\/audio\\\/audifonos\\\/audifono-alambrico\\\/audifonos-hifi\\\/audifonos-eikon-mod-h800\\\/#breadcrumb\"},\"inLanguage\":\"en-US\",\"potentialAction\":[{\"@type\":\"ReadAction\",\"target\":[\"https:\\\/\\\/www.mexicanguitarplayers.com\\\/tienda\\\/audio\\\/audifonos\\\/audifono-alambrico\\\/audifonos-hifi\\\/audifonos-eikon-mod-h800\\\/\"]}]},{\"@type\":\"ImageObject\",\"inLanguage\":\"en-US\",\"@id\":\"https:\\\/\\\/www.mexicanguitarplayers.com\\\/tienda\\\/audio\\\/audifonos\\\/audifono-alambrico\\\/audifonos-hifi\\\/audifonos-eikon-mod-h800\\\/#primaryimage\",\"url\":\"https:\\\/\\\/www.mexicanguitarplayers.com\\\/wp-content\\\/uploads\\\/2022\\\/08\\\/VAEIOH800.jpg\",\"contentUrl\":\"https:\\\/\\\/www.mexicanguitarplayers.com\\\/wp-content\\\/uploads\\\/2022\\\/08\\\/VAEIOH800.jpg\",\"width\":1200,\"height\":1200},{\"@type\":\"BreadcrumbList\",\"@id\":\"https:\\\/\\\/www.mexicanguitarplayers.com\\\/tienda\\\/audio\\\/audifonos\\\/audifono-alambrico\\\/audifonos-hifi\\\/audifonos-eikon-mod-h800\\\/#breadcrumb\",\"itemListElement\":[{\"@type\":\"ListItem\",\"position\":1,\"name\":\"Portada\",\"item\":\"https:\\\/\\\/www.mexicanguitarplayers.com\\\/\"},{\"@type\":\"ListItem\",\"position\":2,\"name\":\"Tienda\",\"item\":\"https:\\\/\\\/www.mexicanguitarplayers.com\\\/tienda\\\/\"},{\"@type\":\"ListItem\",\"position\":3,\"name\":\"AUDIFONOS EIKON MOD. H800\"}]},{\"@type\":\"WebSite\",\"@id\":\"https:\\\/\\\/www.mexicanguitarplayers.com\\\/#website\",\"url\":\"https:\\\/\\\/www.mexicanguitarplayers.com\\\/\",\"name\":\"Mexican Guitar Players\",\"description\":\"Website\",\"publisher\":{\"@id\":\"https:\\\/\\\/www.mexicanguitarplayers.com\\\/#organization\"},\"potentialAction\":[{\"@type\":\"SearchAction\",\"target\":{\"@type\":\"EntryPoint\",\"urlTemplate\":\"https:\\\/\\\/www.mexicanguitarplayers.com\\\/?s={search_term_string}\"},\"query-input\":{\"@type\":\"PropertyValueSpecification\",\"valueRequired\":true,\"valueName\":\"search_term_string\"}}],\"inLanguage\":\"en-US\"},{\"@type\":\"Organization\",\"@id\":\"https:\\\/\\\/www.mexicanguitarplayers.com\\\/#organization\",\"name\":\"Mexican Guitar Players\",\"url\":\"https:\\\/\\\/www.mexicanguitarplayers.com\\\/\",\"logo\":{\"@type\":\"ImageObject\",\"inLanguage\":\"en-US\",\"@id\":\"https:\\\/\\\/www.mexicanguitarplayers.com\\\/#\\\/schema\\\/logo\\\/image\\\/\",\"url\":\"\",\"contentUrl\":\"\",\"caption\":\"Mexican Guitar Players\"},\"image\":{\"@id\":\"https:\\\/\\\/www.mexicanguitarplayers.com\\\/#\\\/schema\\\/logo\\\/image\\\/\"}}]}<\/script>\n<!-- \/ Yoast SEO plugin. -->","yoast_head_json":{"title":"AUDIFONOS EIKON MOD. H800 - Mexican Guitar Players","description":"AUDIFONOS EIKON MOD. H800. Aud\u00edfonos din\u00e1micos cerrados, ideales para monitoreo profesional, reproducci\u00f3n de audio suave con graves profundos, dise\u00f1o circumaural cerrado, aislado contra el ruido ambiental, c\u00f3modas almohadillas acolchadas extremadamente suaves y flexibles, compatibles con todas las marcas de smartphones y tabletas, im\u00e1n de neodimio, driver de 45 mm, rango de frecuencia: 15 - 28,000 Hz, SPL: 98 dB, potencia de 1,800 mW, impedancia de 40 ohms, conector jack de 3.5 y adaptador para 6.3 mm, cable de 3 metros, peso (sin cable): 235 g.","robots":{"index":"index","follow":"follow","max-snippet":"max-snippet:-1","max-image-preview":"max-image-preview:large","max-video-preview":"max-video-preview:-1"},"canonical":"https:\/\/www.mexicanguitarplayers.com\/en\/tienda\/audio\/audifonos\/audifono-alambrico\/audifonos-hifi\/audifonos-eikon-mod-h800\/","og_locale":"en_US","og_type":"article","og_title":"AUDIFONOS EIKON MOD. H800 - Mexican Guitar Players","og_description":"AUDIFONOS EIKON MOD. H800. Aud\u00edfonos din\u00e1micos cerrados, ideales para monitoreo profesional, reproducci\u00f3n de audio suave con graves profundos, dise\u00f1o circumaural cerrado, aislado contra el ruido ambiental, c\u00f3modas almohadillas acolchadas extremadamente suaves y flexibles, compatibles con todas las marcas de smartphones y tabletas, im\u00e1n de neodimio, driver de 45 mm, rango de frecuencia: 15 - 28,000 Hz, SPL: 98 dB, potencia de 1,800 mW, impedancia de 40 ohms, conector jack de 3.5 y adaptador para 6.3 mm, cable de 3 metros, peso (sin cable): 235 g.","og_url":"https:\/\/www.mexicanguitarplayers.com\/en\/tienda\/audio\/audifonos\/audifono-alambrico\/audifonos-hifi\/audifonos-eikon-mod-h800\/","og_site_name":"Mexican Guitar Players","article_modified_time":"2026-05-01T13:39:46+00:00","og_image":[{"width":1200,"height":1200,"url":"https:\/\/www.mexicanguitarplayers.com\/wp-content\/uploads\/2022\/08\/VAEIOH800.jpg","type":"image\/jpeg"}],"twitter_card":"summary_large_image","schema":{"@context":"https:\/\/schema.org","@graph":[{"@type":["WebPage","ItemPage"],"@id":"https:\/\/www.mexicanguitarplayers.com\/tienda\/audio\/audifonos\/audifono-alambrico\/audifonos-hifi\/audifonos-eikon-mod-h800\/","url":"https:\/\/www.mexicanguitarplayers.com\/tienda\/audio\/audifonos\/audifono-alambrico\/audifonos-hifi\/audifonos-eikon-mod-h800\/","name":"AUDIFONOS EIKON MOD. H800 - Mexican Guitar Players","isPartOf":{"@id":"https:\/\/www.mexicanguitarplayers.com\/#website"},"primaryImageOfPage":{"@id":"https:\/\/www.mexicanguitarplayers.com\/tienda\/audio\/audifonos\/audifono-alambrico\/audifonos-hifi\/audifonos-eikon-mod-h800\/#primaryimage"},"image":{"@id":"https:\/\/www.mexicanguitarplayers.com\/tienda\/audio\/audifonos\/audifono-alambrico\/audifonos-hifi\/audifonos-eikon-mod-h800\/#primaryimage"},"thumbnailUrl":"https:\/\/www.mexicanguitarplayers.com\/wp-content\/uploads\/2022\/08\/VAEIOH800.jpg","datePublished":"2022-08-18T21:44:59+00:00","dateModified":"2026-05-01T13:39:46+00:00","description":"AUDIFONOS EIKON MOD. H800. Aud\u00edfonos din\u00e1micos cerrados, ideales para monitoreo profesional, reproducci\u00f3n de audio suave con graves profundos, dise\u00f1o circumaural cerrado, aislado contra el ruido ambiental, c\u00f3modas almohadillas acolchadas extremadamente suaves y flexibles, compatibles con todas las marcas de smartphones y tabletas, im\u00e1n de neodimio, driver de 45 mm, rango de frecuencia: 15 - 28,000 Hz, SPL: 98 dB, potencia de 1,800 mW, impedancia de 40 ohms, conector jack de 3.5 y adaptador para 6.3 mm, cable de 3 metros, peso (sin cable): 235 g.","breadcrumb":{"@id":"https:\/\/www.mexicanguitarplayers.com\/tienda\/audio\/audifonos\/audifono-alambrico\/audifonos-hifi\/audifonos-eikon-mod-h800\/#breadcrumb"},"inLanguage":"en-US","potentialAction":[{"@type":"ReadAction","target":["https:\/\/www.mexicanguitarplayers.com\/tienda\/audio\/audifonos\/audifono-alambrico\/audifonos-hifi\/audifonos-eikon-mod-h800\/"]}]},{"@type":"ImageObject","inLanguage":"en-US","@id":"https:\/\/www.mexicanguitarplayers.com\/tienda\/audio\/audifonos\/audifono-alambrico\/audifonos-hifi\/audifonos-eikon-mod-h800\/#primaryimage","url":"https:\/\/www.mexicanguitarplayers.com\/wp-content\/uploads\/2022\/08\/VAEIOH800.jpg","contentUrl":"https:\/\/www.mexicanguitarplayers.com\/wp-content\/uploads\/2022\/08\/VAEIOH800.jpg","width":1200,"height":1200},{"@type":"BreadcrumbList","@id":"https:\/\/www.mexicanguitarplayers.com\/tienda\/audio\/audifonos\/audifono-alambrico\/audifonos-hifi\/audifonos-eikon-mod-h800\/#breadcrumb","itemListElement":[{"@type":"ListItem","position":1,"name":"Portada","item":"https:\/\/www.mexicanguitarplayers.com\/"},{"@type":"ListItem","position":2,"name":"Tienda","item":"https:\/\/www.mexicanguitarplayers.com\/tienda\/"},{"@type":"ListItem","position":3,"name":"AUDIFONOS EIKON MOD. H800"}]},{"@type":"WebSite","@id":"https:\/\/www.mexicanguitarplayers.com\/#website","url":"https:\/\/www.mexicanguitarplayers.com\/","name":"Mexican Guitar Players","description":"Website","publisher":{"@id":"https:\/\/www.mexicanguitarplayers.com\/#organization"},"potentialAction":[{"@type":"SearchAction","target":{"@type":"EntryPoint","urlTemplate":"https:\/\/www.mexicanguitarplayers.com\/?s={search_term_string}"},"query-input":{"@type":"PropertyValueSpecification","valueRequired":true,"valueName":"search_term_string"}}],"inLanguage":"en-US"},{"@type":"Organization","@id":"https:\/\/www.mexicanguitarplayers.com\/#organization","name":"Mexican Guitar Players","url":"https:\/\/www.mexicanguitarplayers.com\/","logo":{"@type":"ImageObject","inLanguage":"en-US","@id":"https:\/\/www.mexicanguitarplayers.com\/#\/schema\/logo\/image\/","url":"","contentUrl":"","caption":"Mexican Guitar Players"},"image":{"@id":"https:\/\/www.mexicanguitarplayers.com\/#\/schema\/logo\/image\/"}}]}},"brands":[{"id":239,"name":"EIKON","slug":"eikon"}],"_links":{"self":[{"href":"https:\/\/www.mexicanguitarplayers.com\/en\/wp-json\/wp\/v2\/product\/15859","targetHints":{"allow":["GET"]}}],"collection":[{"href":"https:\/\/www.mexicanguitarplayers.com\/en\/wp-json\/wp\/v2\/product"}],"about":[{"href":"https:\/\/www.mexicanguitarplayers.com\/en\/wp-json\/wp\/v2\/types\/product"}],"replies":[{"embeddable":true,"href":"https:\/\/www.mexicanguitarplayers.com\/en\/wp-json\/wp\/v2\/comments?post=15859"}],"wp:featuredmedia":[{"embeddable":true,"href":"https:\/\/www.mexicanguitarplayers.com\/en\/wp-json\/wp\/v2\/media\/15856"}],"wp:attachment":[{"href":"https:\/\/www.mexicanguitarplayers.com\/en\/wp-json\/wp\/v2\/media?parent=15859"}],"wp:term":[{"taxonomy":"pwb-brand","embeddable":true,"href":"https:\/\/www.mexicanguitarplayers.com\/en\/wp-json\/wp\/v2\/pwb-brand?post=15859"},{"taxonomy":"product_brand","embeddable":true,"href":"https:\/\/www.mexicanguitarplayers.com\/en\/wp-json\/wp\/v2\/product_brand?post=15859"},{"taxonomy":"product_cat","embeddable":true,"href":"https:\/\/www.mexicanguitarplayers.com\/en\/wp-json\/wp\/v2\/product_cat?post=15859"},{"taxonomy":"product_tag","embeddable":true,"href":"https:\/\/www.mexicanguitarplayers.com\/en\/wp-json\/wp\/v2\/product_tag?post=15859"}],"curies":[{"name":"wp","href":"https:\/\/api.w.org\/{rel}","templated":true}]}}