{"id":15896,"date":"2022-08-18T16:46:10","date_gmt":"2022-08-18T21:46:10","guid":{"rendered":"https:\/\/www.mexicanguitarplayers.com\/tienda\/sin%20categor\u00eda\/pedal-fishman-tonedeq-pro-deq-afx\/"},"modified":"2026-05-01T07:39:44","modified_gmt":"2026-05-01T13:39:44","slug":"pedal-fishman-tonedeq-pro-deq-afx","status":"publish","type":"product","link":"https:\/\/www.mexicanguitarplayers.com\/en\/tienda\/cuerdas\/efectos\/multiefectos\/pedal-fishman-tonedeq-pro-deq-afx\/","title":{"rendered":"FISHMAN TONEDEQ PRO-DEQ-AFX PEDAL"},"content":{"rendered":"<div style=\"text-align: justify\">\n<div>\n<h3>FISHMAN TONEDEQ PRO-DEQ-AFX PEDAL<\/h3>\n<\/div>\n<div>Preamplifier for acoustic instruments, input: 10 milli-ohms with discrete class A JFET design, fully analog signal path with parallel digital effects, 4-band EQ with selectable bass, mid, treble and low-cut, 2 reverbs, 2 delays, 2 chorus and flanger or tremolo, soft-knee compressor, boot footswitch (up to 9 dB), selectable phase-invert feedback control, one 1\/4\u201d mono instrument input, one 1\/4\u201d amp output, XLR DI output balanced with pre\/post routing, powered by 9V battery (not included) or Fishman 910-R power adapter (optional), battery life: 12 hours, dimensions: 136 x 241 x 56 mm, weight: 1.1 kg .<\/div>\n<\/div>","protected":false},"excerpt":{"rendered":"<p>Preamplificador para instrumentos ac\u00fasticos, entrada: 10 mili-ohms con dise\u00f1o discreto clase A JFET, ruta de se\u00f1al totalmente anal\u00f3gica con efectos digitales paralelos, ecualizador de 4 bandas con graves, medios, agudos y low-cut seleccionable, 2 reverbs, 2 delays, 2 chorus y flanger o tr\u00e9molo, compresor soft-knee, boot footswitch (hasta 9 dB), control de retroalimentaci\u00f3n phase-invert seleccionable, una entrada 1\/4\u201d mono para instrumento, una salida 1\/4\u201d de amplificador, salida DI XLR balanceado con enrutamiento pre\/post, alimentado por una pila de 9V (no incluida) o adaptador de corriente Fishman 910-R (opcional), vida de la bater\u00eda: 12 horas, dimensiones: 136 x 241 x 56 mm, peso: 1.1 kg.&hellip; <a class=\"kt-excerpt-readmore more-link\" href=\"https:\/\/www.mexicanguitarplayers.com\/en\/tienda\/cuerdas\/efectos\/multiefectos\/pedal-fishman-tonedeq-pro-deq-afx\/\">Read more<\/a><\/p>","protected":false},"featured_media":15892,"comment_status":"open","ping_status":"closed","template":"","meta":{"kt_blocks_editor_width":""},"pwb-brand":[248],"product_brand":[],"product_cat":[224,241,242],"product_tag":[],"class_list":{"0":"post-15896","1":"product","2":"type-product","3":"status-publish","4":"has-post-thumbnail","6":"pwb-brand-fishman","7":"product_cat-cuerdas","8":"product_cat-efectos","9":"product_cat-multiefectos","10":"product_shipping_class-0-5-kg","12":"first","13":"instock","14":"taxable","15":"shipping-taxable","16":"purchasable","17":"product-type-simple"},"yoast_head":"<!-- This site is optimized with the Yoast SEO plugin v27.6 - https:\/\/yoast.com\/product\/yoast-seo-wordpress\/ -->\n<title>PEDAL FISHMAN TONEDEQ PRO-DEQ-AFX - Mexican Guitar Players<\/title>\n<meta name=\"description\" content=\"PEDAL FISHMAN TONEDEQ PRO-DEQ-AFX. Preamplificador para instrumentos ac\u00fasticos, entrada: 10 mili-ohms con dise\u00f1o discreto clase A JFET, ruta de se\u00f1al totalmente anal\u00f3gica con efectos digitales paralelos, ecualizador de 4 bandas con graves, medios, agudos y low-cut seleccionable, 2 reverbs, 2 delays, 2 chorus y flanger o tr\u00e9molo, compresor soft-knee, boot footswitch (hasta 9 dB), control de retroalimentaci\u00f3n phase-invert seleccionable, una entrada 1\/4\u201d mono para instrumento, una salida 1\/4\u201d de amplificador, salida DI XLR balanceado con enrutamiento pre\/post, alimentado por una pila de 9V (no incluida) o adaptador de corriente Fishman 910-R (opcional), vida de la bater\u00eda: 12 horas, dimensiones: 136 x 241 x 56 mm, peso: 1.1 kg.\" \/>\n<meta name=\"robots\" content=\"index, follow, max-snippet:-1, max-image-preview:large, max-video-preview:-1\" \/>\n<link rel=\"canonical\" href=\"https:\/\/www.mexicanguitarplayers.com\/en\/tienda\/cuerdas\/efectos\/multiefectos\/pedal-fishman-tonedeq-pro-deq-afx\/\" \/>\n<meta property=\"og:locale\" content=\"en_US\" \/>\n<meta property=\"og:type\" content=\"article\" \/>\n<meta property=\"og:title\" content=\"PEDAL FISHMAN TONEDEQ PRO-DEQ-AFX - Mexican Guitar Players\" \/>\n<meta property=\"og:description\" content=\"PEDAL FISHMAN TONEDEQ PRO-DEQ-AFX. Preamplificador para instrumentos ac\u00fasticos, entrada: 10 mili-ohms con dise\u00f1o discreto clase A JFET, ruta de se\u00f1al totalmente anal\u00f3gica con efectos digitales paralelos, ecualizador de 4 bandas con graves, medios, agudos y low-cut seleccionable, 2 reverbs, 2 delays, 2 chorus y flanger o tr\u00e9molo, compresor soft-knee, boot footswitch (hasta 9 dB), control de retroalimentaci\u00f3n phase-invert seleccionable, una entrada 1\/4\u201d mono para instrumento, una salida 1\/4\u201d de amplificador, salida DI XLR balanceado con enrutamiento pre\/post, alimentado por una pila de 9V (no incluida) o adaptador de corriente Fishman 910-R (opcional), vida de la bater\u00eda: 12 horas, dimensiones: 136 x 241 x 56 mm, peso: 1.1 kg.\" \/>\n<meta property=\"og:url\" content=\"https:\/\/www.mexicanguitarplayers.com\/en\/tienda\/cuerdas\/efectos\/multiefectos\/pedal-fishman-tonedeq-pro-deq-afx\/\" \/>\n<meta property=\"og:site_name\" content=\"Mexican Guitar Players\" \/>\n<meta property=\"article:modified_time\" content=\"2026-05-01T13:39:44+00:00\" \/>\n<meta property=\"og:image\" content=\"https:\/\/www.mexicanguitarplayers.com\/wp-content\/uploads\/2022\/08\/VAFISPRODEQAFX.jpg\" \/>\n\t<meta property=\"og:image:width\" content=\"1600\" \/>\n\t<meta property=\"og:image:height\" content=\"800\" \/>\n\t<meta property=\"og:image:type\" content=\"image\/jpeg\" \/>\n<meta name=\"twitter:card\" content=\"summary_large_image\" \/>\n<meta name=\"twitter:label1\" content=\"Est. reading time\" \/>\n\t<meta name=\"twitter:data1\" content=\"1 minute\" \/>\n<script type=\"application\/ld+json\" class=\"yoast-schema-graph\">{\"@context\":\"https:\\\/\\\/schema.org\",\"@graph\":[{\"@type\":[\"WebPage\",\"ItemPage\"],\"@id\":\"https:\\\/\\\/www.mexicanguitarplayers.com\\\/tienda\\\/cuerdas\\\/efectos\\\/multiefectos\\\/pedal-fishman-tonedeq-pro-deq-afx\\\/\",\"url\":\"https:\\\/\\\/www.mexicanguitarplayers.com\\\/tienda\\\/cuerdas\\\/efectos\\\/multiefectos\\\/pedal-fishman-tonedeq-pro-deq-afx\\\/\",\"name\":\"PEDAL FISHMAN TONEDEQ PRO-DEQ-AFX - Mexican Guitar Players\",\"isPartOf\":{\"@id\":\"https:\\\/\\\/www.mexicanguitarplayers.com\\\/#website\"},\"primaryImageOfPage\":{\"@id\":\"https:\\\/\\\/www.mexicanguitarplayers.com\\\/tienda\\\/cuerdas\\\/efectos\\\/multiefectos\\\/pedal-fishman-tonedeq-pro-deq-afx\\\/#primaryimage\"},\"image\":{\"@id\":\"https:\\\/\\\/www.mexicanguitarplayers.com\\\/tienda\\\/cuerdas\\\/efectos\\\/multiefectos\\\/pedal-fishman-tonedeq-pro-deq-afx\\\/#primaryimage\"},\"thumbnailUrl\":\"https:\\\/\\\/www.mexicanguitarplayers.com\\\/wp-content\\\/uploads\\\/2022\\\/08\\\/VAFISPRODEQAFX.jpg\",\"datePublished\":\"2022-08-18T21:46:10+00:00\",\"dateModified\":\"2026-05-01T13:39:44+00:00\",\"description\":\"PEDAL FISHMAN TONEDEQ PRO-DEQ-AFX. Preamplificador para instrumentos ac\u00fasticos, entrada: 10 mili-ohms con dise\u00f1o discreto clase A JFET, ruta de se\u00f1al totalmente anal\u00f3gica con efectos digitales paralelos, ecualizador de 4 bandas con graves, medios, agudos y low-cut seleccionable, 2 reverbs, 2 delays, 2 chorus y flanger o tr\u00e9molo, compresor soft-knee, boot footswitch (hasta 9 dB), control de retroalimentaci\u00f3n phase-invert seleccionable, una entrada 1\\\/4\u201d mono para instrumento, una salida 1\\\/4\u201d de amplificador, salida DI XLR balanceado con enrutamiento pre\\\/post, alimentado por una pila de 9V (no incluida) o adaptador de corriente Fishman 910-R (opcional), vida de la bater\u00eda: 12 horas, dimensiones: 136 x 241 x 56 mm, peso: 1.1 kg.\",\"breadcrumb\":{\"@id\":\"https:\\\/\\\/www.mexicanguitarplayers.com\\\/tienda\\\/cuerdas\\\/efectos\\\/multiefectos\\\/pedal-fishman-tonedeq-pro-deq-afx\\\/#breadcrumb\"},\"inLanguage\":\"en-US\",\"potentialAction\":[{\"@type\":\"ReadAction\",\"target\":[\"https:\\\/\\\/www.mexicanguitarplayers.com\\\/tienda\\\/cuerdas\\\/efectos\\\/multiefectos\\\/pedal-fishman-tonedeq-pro-deq-afx\\\/\"]}]},{\"@type\":\"ImageObject\",\"inLanguage\":\"en-US\",\"@id\":\"https:\\\/\\\/www.mexicanguitarplayers.com\\\/tienda\\\/cuerdas\\\/efectos\\\/multiefectos\\\/pedal-fishman-tonedeq-pro-deq-afx\\\/#primaryimage\",\"url\":\"https:\\\/\\\/www.mexicanguitarplayers.com\\\/wp-content\\\/uploads\\\/2022\\\/08\\\/VAFISPRODEQAFX.jpg\",\"contentUrl\":\"https:\\\/\\\/www.mexicanguitarplayers.com\\\/wp-content\\\/uploads\\\/2022\\\/08\\\/VAFISPRODEQAFX.jpg\",\"width\":1600,\"height\":800},{\"@type\":\"BreadcrumbList\",\"@id\":\"https:\\\/\\\/www.mexicanguitarplayers.com\\\/tienda\\\/cuerdas\\\/efectos\\\/multiefectos\\\/pedal-fishman-tonedeq-pro-deq-afx\\\/#breadcrumb\",\"itemListElement\":[{\"@type\":\"ListItem\",\"position\":1,\"name\":\"Portada\",\"item\":\"https:\\\/\\\/www.mexicanguitarplayers.com\\\/\"},{\"@type\":\"ListItem\",\"position\":2,\"name\":\"Tienda\",\"item\":\"https:\\\/\\\/www.mexicanguitarplayers.com\\\/tienda\\\/\"},{\"@type\":\"ListItem\",\"position\":3,\"name\":\"PEDAL FISHMAN TONEDEQ PRO-DEQ-AFX\"}]},{\"@type\":\"WebSite\",\"@id\":\"https:\\\/\\\/www.mexicanguitarplayers.com\\\/#website\",\"url\":\"https:\\\/\\\/www.mexicanguitarplayers.com\\\/\",\"name\":\"Mexican Guitar Players\",\"description\":\"Website\",\"publisher\":{\"@id\":\"https:\\\/\\\/www.mexicanguitarplayers.com\\\/#organization\"},\"potentialAction\":[{\"@type\":\"SearchAction\",\"target\":{\"@type\":\"EntryPoint\",\"urlTemplate\":\"https:\\\/\\\/www.mexicanguitarplayers.com\\\/?s={search_term_string}\"},\"query-input\":{\"@type\":\"PropertyValueSpecification\",\"valueRequired\":true,\"valueName\":\"search_term_string\"}}],\"inLanguage\":\"en-US\"},{\"@type\":\"Organization\",\"@id\":\"https:\\\/\\\/www.mexicanguitarplayers.com\\\/#organization\",\"name\":\"Mexican Guitar Players\",\"url\":\"https:\\\/\\\/www.mexicanguitarplayers.com\\\/\",\"logo\":{\"@type\":\"ImageObject\",\"inLanguage\":\"en-US\",\"@id\":\"https:\\\/\\\/www.mexicanguitarplayers.com\\\/#\\\/schema\\\/logo\\\/image\\\/\",\"url\":\"\",\"contentUrl\":\"\",\"caption\":\"Mexican Guitar Players\"},\"image\":{\"@id\":\"https:\\\/\\\/www.mexicanguitarplayers.com\\\/#\\\/schema\\\/logo\\\/image\\\/\"}}]}<\/script>\n<!-- \/ Yoast SEO plugin. -->","yoast_head_json":{"title":"PEDAL FISHMAN TONEDEQ PRO-DEQ-AFX - Mexican Guitar Players","description":"PEDAL FISHMAN TONEDEQ PRO-DEQ-AFX. Preamplificador para instrumentos ac\u00fasticos, entrada: 10 mili-ohms con dise\u00f1o discreto clase A JFET, ruta de se\u00f1al totalmente anal\u00f3gica con efectos digitales paralelos, ecualizador de 4 bandas con graves, medios, agudos y low-cut seleccionable, 2 reverbs, 2 delays, 2 chorus y flanger o tr\u00e9molo, compresor soft-knee, boot footswitch (hasta 9 dB), control de retroalimentaci\u00f3n phase-invert seleccionable, una entrada 1\/4\u201d mono para instrumento, una salida 1\/4\u201d de amplificador, salida DI XLR balanceado con enrutamiento pre\/post, alimentado por una pila de 9V (no incluida) o adaptador de corriente Fishman 910-R (opcional), vida de la bater\u00eda: 12 horas, dimensiones: 136 x 241 x 56 mm, peso: 1.1 kg.","robots":{"index":"index","follow":"follow","max-snippet":"max-snippet:-1","max-image-preview":"max-image-preview:large","max-video-preview":"max-video-preview:-1"},"canonical":"https:\/\/www.mexicanguitarplayers.com\/en\/tienda\/cuerdas\/efectos\/multiefectos\/pedal-fishman-tonedeq-pro-deq-afx\/","og_locale":"en_US","og_type":"article","og_title":"PEDAL FISHMAN TONEDEQ PRO-DEQ-AFX - Mexican Guitar Players","og_description":"PEDAL FISHMAN TONEDEQ PRO-DEQ-AFX. Preamplificador para instrumentos ac\u00fasticos, entrada: 10 mili-ohms con dise\u00f1o discreto clase A JFET, ruta de se\u00f1al totalmente anal\u00f3gica con efectos digitales paralelos, ecualizador de 4 bandas con graves, medios, agudos y low-cut seleccionable, 2 reverbs, 2 delays, 2 chorus y flanger o tr\u00e9molo, compresor soft-knee, boot footswitch (hasta 9 dB), control de retroalimentaci\u00f3n phase-invert seleccionable, una entrada 1\/4\u201d mono para instrumento, una salida 1\/4\u201d de amplificador, salida DI XLR balanceado con enrutamiento pre\/post, alimentado por una pila de 9V (no incluida) o adaptador de corriente Fishman 910-R (opcional), vida de la bater\u00eda: 12 horas, dimensiones: 136 x 241 x 56 mm, peso: 1.1 kg.","og_url":"https:\/\/www.mexicanguitarplayers.com\/en\/tienda\/cuerdas\/efectos\/multiefectos\/pedal-fishman-tonedeq-pro-deq-afx\/","og_site_name":"Mexican Guitar Players","article_modified_time":"2026-05-01T13:39:44+00:00","og_image":[{"width":1600,"height":800,"url":"https:\/\/www.mexicanguitarplayers.com\/wp-content\/uploads\/2022\/08\/VAFISPRODEQAFX.jpg","type":"image\/jpeg"}],"twitter_card":"summary_large_image","twitter_misc":{"Est. reading time":"1 minute"},"schema":{"@context":"https:\/\/schema.org","@graph":[{"@type":["WebPage","ItemPage"],"@id":"https:\/\/www.mexicanguitarplayers.com\/tienda\/cuerdas\/efectos\/multiefectos\/pedal-fishman-tonedeq-pro-deq-afx\/","url":"https:\/\/www.mexicanguitarplayers.com\/tienda\/cuerdas\/efectos\/multiefectos\/pedal-fishman-tonedeq-pro-deq-afx\/","name":"PEDAL FISHMAN TONEDEQ PRO-DEQ-AFX - Mexican Guitar Players","isPartOf":{"@id":"https:\/\/www.mexicanguitarplayers.com\/#website"},"primaryImageOfPage":{"@id":"https:\/\/www.mexicanguitarplayers.com\/tienda\/cuerdas\/efectos\/multiefectos\/pedal-fishman-tonedeq-pro-deq-afx\/#primaryimage"},"image":{"@id":"https:\/\/www.mexicanguitarplayers.com\/tienda\/cuerdas\/efectos\/multiefectos\/pedal-fishman-tonedeq-pro-deq-afx\/#primaryimage"},"thumbnailUrl":"https:\/\/www.mexicanguitarplayers.com\/wp-content\/uploads\/2022\/08\/VAFISPRODEQAFX.jpg","datePublished":"2022-08-18T21:46:10+00:00","dateModified":"2026-05-01T13:39:44+00:00","description":"PEDAL FISHMAN TONEDEQ PRO-DEQ-AFX. Preamplificador para instrumentos ac\u00fasticos, entrada: 10 mili-ohms con dise\u00f1o discreto clase A JFET, ruta de se\u00f1al totalmente anal\u00f3gica con efectos digitales paralelos, ecualizador de 4 bandas con graves, medios, agudos y low-cut seleccionable, 2 reverbs, 2 delays, 2 chorus y flanger o tr\u00e9molo, compresor soft-knee, boot footswitch (hasta 9 dB), control de retroalimentaci\u00f3n phase-invert seleccionable, una entrada 1\/4\u201d mono para instrumento, una salida 1\/4\u201d de amplificador, salida DI XLR balanceado con enrutamiento pre\/post, alimentado por una pila de 9V (no incluida) o adaptador de corriente Fishman 910-R (opcional), vida de la bater\u00eda: 12 horas, dimensiones: 136 x 241 x 56 mm, peso: 1.1 kg.","breadcrumb":{"@id":"https:\/\/www.mexicanguitarplayers.com\/tienda\/cuerdas\/efectos\/multiefectos\/pedal-fishman-tonedeq-pro-deq-afx\/#breadcrumb"},"inLanguage":"en-US","potentialAction":[{"@type":"ReadAction","target":["https:\/\/www.mexicanguitarplayers.com\/tienda\/cuerdas\/efectos\/multiefectos\/pedal-fishman-tonedeq-pro-deq-afx\/"]}]},{"@type":"ImageObject","inLanguage":"en-US","@id":"https:\/\/www.mexicanguitarplayers.com\/tienda\/cuerdas\/efectos\/multiefectos\/pedal-fishman-tonedeq-pro-deq-afx\/#primaryimage","url":"https:\/\/www.mexicanguitarplayers.com\/wp-content\/uploads\/2022\/08\/VAFISPRODEQAFX.jpg","contentUrl":"https:\/\/www.mexicanguitarplayers.com\/wp-content\/uploads\/2022\/08\/VAFISPRODEQAFX.jpg","width":1600,"height":800},{"@type":"BreadcrumbList","@id":"https:\/\/www.mexicanguitarplayers.com\/tienda\/cuerdas\/efectos\/multiefectos\/pedal-fishman-tonedeq-pro-deq-afx\/#breadcrumb","itemListElement":[{"@type":"ListItem","position":1,"name":"Portada","item":"https:\/\/www.mexicanguitarplayers.com\/"},{"@type":"ListItem","position":2,"name":"Tienda","item":"https:\/\/www.mexicanguitarplayers.com\/tienda\/"},{"@type":"ListItem","position":3,"name":"PEDAL FISHMAN TONEDEQ PRO-DEQ-AFX"}]},{"@type":"WebSite","@id":"https:\/\/www.mexicanguitarplayers.com\/#website","url":"https:\/\/www.mexicanguitarplayers.com\/","name":"Mexican Guitar Players","description":"Website","publisher":{"@id":"https:\/\/www.mexicanguitarplayers.com\/#organization"},"potentialAction":[{"@type":"SearchAction","target":{"@type":"EntryPoint","urlTemplate":"https:\/\/www.mexicanguitarplayers.com\/?s={search_term_string}"},"query-input":{"@type":"PropertyValueSpecification","valueRequired":true,"valueName":"search_term_string"}}],"inLanguage":"en-US"},{"@type":"Organization","@id":"https:\/\/www.mexicanguitarplayers.com\/#organization","name":"Mexican Guitar Players","url":"https:\/\/www.mexicanguitarplayers.com\/","logo":{"@type":"ImageObject","inLanguage":"en-US","@id":"https:\/\/www.mexicanguitarplayers.com\/#\/schema\/logo\/image\/","url":"","contentUrl":"","caption":"Mexican Guitar Players"},"image":{"@id":"https:\/\/www.mexicanguitarplayers.com\/#\/schema\/logo\/image\/"}}]}},"brands":[{"id":248,"name":"FISHMAN","slug":"fishman"}],"_links":{"self":[{"href":"https:\/\/www.mexicanguitarplayers.com\/en\/wp-json\/wp\/v2\/product\/15896","targetHints":{"allow":["GET"]}}],"collection":[{"href":"https:\/\/www.mexicanguitarplayers.com\/en\/wp-json\/wp\/v2\/product"}],"about":[{"href":"https:\/\/www.mexicanguitarplayers.com\/en\/wp-json\/wp\/v2\/types\/product"}],"replies":[{"embeddable":true,"href":"https:\/\/www.mexicanguitarplayers.com\/en\/wp-json\/wp\/v2\/comments?post=15896"}],"wp:featuredmedia":[{"embeddable":true,"href":"https:\/\/www.mexicanguitarplayers.com\/en\/wp-json\/wp\/v2\/media\/15892"}],"wp:attachment":[{"href":"https:\/\/www.mexicanguitarplayers.com\/en\/wp-json\/wp\/v2\/media?parent=15896"}],"wp:term":[{"taxonomy":"pwb-brand","embeddable":true,"href":"https:\/\/www.mexicanguitarplayers.com\/en\/wp-json\/wp\/v2\/pwb-brand?post=15896"},{"taxonomy":"product_brand","embeddable":true,"href":"https:\/\/www.mexicanguitarplayers.com\/en\/wp-json\/wp\/v2\/product_brand?post=15896"},{"taxonomy":"product_cat","embeddable":true,"href":"https:\/\/www.mexicanguitarplayers.com\/en\/wp-json\/wp\/v2\/product_cat?post=15896"},{"taxonomy":"product_tag","embeddable":true,"href":"https:\/\/www.mexicanguitarplayers.com\/en\/wp-json\/wp\/v2\/product_tag?post=15896"}],"curies":[{"name":"wp","href":"https:\/\/api.w.org\/{rel}","templated":true}]}}