{"id":15898,"date":"2022-08-18T16:46:12","date_gmt":"2022-08-18T21:46:12","guid":{"rendered":"https:\/\/www.mexicanguitarplayers.com\/tienda\/sin%20categor\u00eda\/pedal-fishman-mod-pro-fsn-bas\/"},"modified":"2026-04-10T05:06:27","modified_gmt":"2026-04-10T11:06:27","slug":"pedal-fishman-mod-pro-fsn-bas","status":"publish","type":"product","link":"https:\/\/www.mexicanguitarplayers.com\/en\/tienda\/cuerdas\/efectos\/efectos-individuales\/pedal-fishman-mod-pro-fsn-bas\/","title":{"rendered":"FISHMAN PEDAL MOD. PRO-FSN-BAS"},"content":{"rendered":"<div style=\"text-align: justify\">\n<div>\n<h3>FISHMAN PEDAL MOD. PRO-FSN-BAS<\/h3>\n<\/div>\n<div>Fission Bass Powerchord Bass Harmonizer Pedal Adds harmonies to bass lines, including an octave higher, 4th and octave higher, octave and fifth and an octave, fifths and a second octave higher combined, uses signal processing from 32-bit and 24-bit audio conversion, LED&#039;s to display selected harmonies, LED&#039;s to indicate signal presence and clipping, includes noise suppressor, saturation, tone, and effect level controls.<\/div>\n<\/div>","protected":false},"excerpt":{"rendered":"<p>Pedal armonizador para bajo, Fission Bass Powerchord, a\u00f1ade armon\u00edas a las l\u00edneas de bajo, incluyendo una octava m\u00e1s alta, cuarta y octava m\u00e1s alta, octava y quinta y una octava, quintas y una segunda octava m\u00e1s alta combinada, utiliza procesamiento de se\u00f1al de 32 bits y conversi\u00f3n de audio de 24 bits, LED&#8217;s para visualizar las armon\u00edas seleccionadas, LED para indicar presencia de se\u00f1al y clipping, incluye un supresor de ruido, saturaci\u00f3n, tono y controles de nivel de efecto.&hellip; <a class=\"kt-excerpt-readmore more-link\" href=\"https:\/\/www.mexicanguitarplayers.com\/en\/tienda\/cuerdas\/efectos\/efectos-individuales\/pedal-fishman-mod-pro-fsn-bas\/\">Read more<\/a><\/p>","protected":false},"featured_media":15897,"comment_status":"open","ping_status":"closed","template":"","meta":{"kt_blocks_editor_width":""},"pwb-brand":[248],"product_brand":[],"product_cat":[224,241,504],"product_tag":[],"class_list":{"0":"post-15898","1":"product","2":"type-product","3":"status-publish","4":"has-post-thumbnail","6":"pwb-brand-fishman","7":"product_cat-cuerdas","8":"product_cat-efectos","9":"product_cat-efectos-individuales","10":"product_shipping_class-0-5-kg","12":"first","13":"outofstock","14":"taxable","15":"shipping-taxable","16":"purchasable","17":"product-type-simple"},"yoast_head":"<!-- This site is optimized with the Yoast SEO plugin v27.5 - https:\/\/yoast.com\/product\/yoast-seo-wordpress\/ -->\n<title>PEDAL FISHMAN MOD. PRO-FSN-BAS - Mexican Guitar Players<\/title>\n<meta name=\"description\" content=\"PEDAL FISHMAN MOD. PRO-FSN-BAS. Pedal armonizador para bajo, Fission Bass Powerchord, a\u00f1ade armon\u00edas a las l\u00edneas de bajo, incluyendo una octava m\u00e1s alta, cuarta y octava m\u00e1s alta, octava y quinta y una octava, quintas y una segunda octava m\u00e1s alta combinada, utiliza procesamiento de se\u00f1al de 32 bits y conversi\u00f3n de audio de 24 bits, LED&#039;s para visualizar las armon\u00edas seleccionadas, LED para indicar presencia de se\u00f1al y clipping, incluye un supresor de ruido, saturaci\u00f3n, tono y controles de nivel de efecto.\" \/>\n<meta name=\"robots\" content=\"index, follow, max-snippet:-1, max-image-preview:large, max-video-preview:-1\" \/>\n<link rel=\"canonical\" href=\"https:\/\/www.mexicanguitarplayers.com\/en\/tienda\/cuerdas\/efectos\/efectos-individuales\/pedal-fishman-mod-pro-fsn-bas\/\" \/>\n<meta property=\"og:locale\" content=\"en_US\" \/>\n<meta property=\"og:type\" content=\"article\" \/>\n<meta property=\"og:title\" content=\"PEDAL FISHMAN MOD. PRO-FSN-BAS - Mexican Guitar Players\" \/>\n<meta property=\"og:description\" content=\"PEDAL FISHMAN MOD. PRO-FSN-BAS. Pedal armonizador para bajo, Fission Bass Powerchord, a\u00f1ade armon\u00edas a las l\u00edneas de bajo, incluyendo una octava m\u00e1s alta, cuarta y octava m\u00e1s alta, octava y quinta y una octava, quintas y una segunda octava m\u00e1s alta combinada, utiliza procesamiento de se\u00f1al de 32 bits y conversi\u00f3n de audio de 24 bits, LED&#039;s para visualizar las armon\u00edas seleccionadas, LED para indicar presencia de se\u00f1al y clipping, incluye un supresor de ruido, saturaci\u00f3n, tono y controles de nivel de efecto.\" \/>\n<meta property=\"og:url\" content=\"https:\/\/www.mexicanguitarplayers.com\/en\/tienda\/cuerdas\/efectos\/efectos-individuales\/pedal-fishman-mod-pro-fsn-bas\/\" \/>\n<meta property=\"og:site_name\" content=\"Mexican Guitar Players\" \/>\n<meta property=\"article:modified_time\" content=\"2026-04-10T11:06:27+00:00\" \/>\n<meta property=\"og:image\" content=\"https:\/\/www.mexicanguitarplayers.com\/wp-content\/uploads\/2022\/08\/VAFISPROFSNBAS.jpg\" \/>\n\t<meta property=\"og:image:width\" content=\"1600\" \/>\n\t<meta property=\"og:image:height\" content=\"799\" \/>\n\t<meta property=\"og:image:type\" content=\"image\/jpeg\" \/>\n<meta name=\"twitter:card\" content=\"summary_large_image\" \/>\n<script type=\"application\/ld+json\" class=\"yoast-schema-graph\">{\"@context\":\"https:\\\/\\\/schema.org\",\"@graph\":[{\"@type\":[\"WebPage\",\"ItemPage\"],\"@id\":\"https:\\\/\\\/www.mexicanguitarplayers.com\\\/tienda\\\/cuerdas\\\/efectos\\\/efectos-individuales\\\/pedal-fishman-mod-pro-fsn-bas\\\/\",\"url\":\"https:\\\/\\\/www.mexicanguitarplayers.com\\\/tienda\\\/cuerdas\\\/efectos\\\/efectos-individuales\\\/pedal-fishman-mod-pro-fsn-bas\\\/\",\"name\":\"PEDAL FISHMAN MOD. PRO-FSN-BAS - Mexican Guitar Players\",\"isPartOf\":{\"@id\":\"https:\\\/\\\/www.mexicanguitarplayers.com\\\/#website\"},\"primaryImageOfPage\":{\"@id\":\"https:\\\/\\\/www.mexicanguitarplayers.com\\\/tienda\\\/cuerdas\\\/efectos\\\/efectos-individuales\\\/pedal-fishman-mod-pro-fsn-bas\\\/#primaryimage\"},\"image\":{\"@id\":\"https:\\\/\\\/www.mexicanguitarplayers.com\\\/tienda\\\/cuerdas\\\/efectos\\\/efectos-individuales\\\/pedal-fishman-mod-pro-fsn-bas\\\/#primaryimage\"},\"thumbnailUrl\":\"https:\\\/\\\/www.mexicanguitarplayers.com\\\/wp-content\\\/uploads\\\/2022\\\/08\\\/VAFISPROFSNBAS.jpg\",\"datePublished\":\"2022-08-18T21:46:12+00:00\",\"dateModified\":\"2026-04-10T11:06:27+00:00\",\"description\":\"PEDAL FISHMAN MOD. PRO-FSN-BAS. Pedal armonizador para bajo, Fission Bass Powerchord, a\u00f1ade armon\u00edas a las l\u00edneas de bajo, incluyendo una octava m\u00e1s alta, cuarta y octava m\u00e1s alta, octava y quinta y una octava, quintas y una segunda octava m\u00e1s alta combinada, utiliza procesamiento de se\u00f1al de 32 bits y conversi\u00f3n de audio de 24 bits, LED's para visualizar las armon\u00edas seleccionadas, LED para indicar presencia de se\u00f1al y clipping, incluye un supresor de ruido, saturaci\u00f3n, tono y controles de nivel de efecto.\",\"breadcrumb\":{\"@id\":\"https:\\\/\\\/www.mexicanguitarplayers.com\\\/tienda\\\/cuerdas\\\/efectos\\\/efectos-individuales\\\/pedal-fishman-mod-pro-fsn-bas\\\/#breadcrumb\"},\"inLanguage\":\"en-US\",\"potentialAction\":[{\"@type\":\"ReadAction\",\"target\":[\"https:\\\/\\\/www.mexicanguitarplayers.com\\\/tienda\\\/cuerdas\\\/efectos\\\/efectos-individuales\\\/pedal-fishman-mod-pro-fsn-bas\\\/\"]}]},{\"@type\":\"ImageObject\",\"inLanguage\":\"en-US\",\"@id\":\"https:\\\/\\\/www.mexicanguitarplayers.com\\\/tienda\\\/cuerdas\\\/efectos\\\/efectos-individuales\\\/pedal-fishman-mod-pro-fsn-bas\\\/#primaryimage\",\"url\":\"https:\\\/\\\/www.mexicanguitarplayers.com\\\/wp-content\\\/uploads\\\/2022\\\/08\\\/VAFISPROFSNBAS.jpg\",\"contentUrl\":\"https:\\\/\\\/www.mexicanguitarplayers.com\\\/wp-content\\\/uploads\\\/2022\\\/08\\\/VAFISPROFSNBAS.jpg\",\"width\":1600,\"height\":799},{\"@type\":\"BreadcrumbList\",\"@id\":\"https:\\\/\\\/www.mexicanguitarplayers.com\\\/tienda\\\/cuerdas\\\/efectos\\\/efectos-individuales\\\/pedal-fishman-mod-pro-fsn-bas\\\/#breadcrumb\",\"itemListElement\":[{\"@type\":\"ListItem\",\"position\":1,\"name\":\"Portada\",\"item\":\"https:\\\/\\\/www.mexicanguitarplayers.com\\\/\"},{\"@type\":\"ListItem\",\"position\":2,\"name\":\"Tienda\",\"item\":\"https:\\\/\\\/www.mexicanguitarplayers.com\\\/tienda\\\/\"},{\"@type\":\"ListItem\",\"position\":3,\"name\":\"PEDAL FISHMAN MOD. PRO-FSN-BAS\"}]},{\"@type\":\"WebSite\",\"@id\":\"https:\\\/\\\/www.mexicanguitarplayers.com\\\/#website\",\"url\":\"https:\\\/\\\/www.mexicanguitarplayers.com\\\/\",\"name\":\"Mexican Guitar Players\",\"description\":\"Website\",\"publisher\":{\"@id\":\"https:\\\/\\\/www.mexicanguitarplayers.com\\\/#organization\"},\"potentialAction\":[{\"@type\":\"SearchAction\",\"target\":{\"@type\":\"EntryPoint\",\"urlTemplate\":\"https:\\\/\\\/www.mexicanguitarplayers.com\\\/?s={search_term_string}\"},\"query-input\":{\"@type\":\"PropertyValueSpecification\",\"valueRequired\":true,\"valueName\":\"search_term_string\"}}],\"inLanguage\":\"en-US\"},{\"@type\":\"Organization\",\"@id\":\"https:\\\/\\\/www.mexicanguitarplayers.com\\\/#organization\",\"name\":\"Mexican Guitar Players\",\"url\":\"https:\\\/\\\/www.mexicanguitarplayers.com\\\/\",\"logo\":{\"@type\":\"ImageObject\",\"inLanguage\":\"en-US\",\"@id\":\"https:\\\/\\\/www.mexicanguitarplayers.com\\\/#\\\/schema\\\/logo\\\/image\\\/\",\"url\":\"\",\"contentUrl\":\"\",\"caption\":\"Mexican Guitar Players\"},\"image\":{\"@id\":\"https:\\\/\\\/www.mexicanguitarplayers.com\\\/#\\\/schema\\\/logo\\\/image\\\/\"}}]}<\/script>\n<!-- \/ Yoast SEO plugin. -->","yoast_head_json":{"title":"PEDAL FISHMAN MOD. PRO-FSN-BAS - Mexican Guitar Players","description":"PEDAL FISHMAN MOD. PRO-FSN-BAS. Pedal armonizador para bajo, Fission Bass Powerchord, a\u00f1ade armon\u00edas a las l\u00edneas de bajo, incluyendo una octava m\u00e1s alta, cuarta y octava m\u00e1s alta, octava y quinta y una octava, quintas y una segunda octava m\u00e1s alta combinada, utiliza procesamiento de se\u00f1al de 32 bits y conversi\u00f3n de audio de 24 bits, LED's para visualizar las armon\u00edas seleccionadas, LED para indicar presencia de se\u00f1al y clipping, incluye un supresor de ruido, saturaci\u00f3n, tono y controles de nivel de efecto.","robots":{"index":"index","follow":"follow","max-snippet":"max-snippet:-1","max-image-preview":"max-image-preview:large","max-video-preview":"max-video-preview:-1"},"canonical":"https:\/\/www.mexicanguitarplayers.com\/en\/tienda\/cuerdas\/efectos\/efectos-individuales\/pedal-fishman-mod-pro-fsn-bas\/","og_locale":"en_US","og_type":"article","og_title":"PEDAL FISHMAN MOD. PRO-FSN-BAS - Mexican Guitar Players","og_description":"PEDAL FISHMAN MOD. PRO-FSN-BAS. Pedal armonizador para bajo, Fission Bass Powerchord, a\u00f1ade armon\u00edas a las l\u00edneas de bajo, incluyendo una octava m\u00e1s alta, cuarta y octava m\u00e1s alta, octava y quinta y una octava, quintas y una segunda octava m\u00e1s alta combinada, utiliza procesamiento de se\u00f1al de 32 bits y conversi\u00f3n de audio de 24 bits, LED's para visualizar las armon\u00edas seleccionadas, LED para indicar presencia de se\u00f1al y clipping, incluye un supresor de ruido, saturaci\u00f3n, tono y controles de nivel de efecto.","og_url":"https:\/\/www.mexicanguitarplayers.com\/en\/tienda\/cuerdas\/efectos\/efectos-individuales\/pedal-fishman-mod-pro-fsn-bas\/","og_site_name":"Mexican Guitar Players","article_modified_time":"2026-04-10T11:06:27+00:00","og_image":[{"width":1600,"height":799,"url":"https:\/\/www.mexicanguitarplayers.com\/wp-content\/uploads\/2022\/08\/VAFISPROFSNBAS.jpg","type":"image\/jpeg"}],"twitter_card":"summary_large_image","schema":{"@context":"https:\/\/schema.org","@graph":[{"@type":["WebPage","ItemPage"],"@id":"https:\/\/www.mexicanguitarplayers.com\/tienda\/cuerdas\/efectos\/efectos-individuales\/pedal-fishman-mod-pro-fsn-bas\/","url":"https:\/\/www.mexicanguitarplayers.com\/tienda\/cuerdas\/efectos\/efectos-individuales\/pedal-fishman-mod-pro-fsn-bas\/","name":"PEDAL FISHMAN MOD. PRO-FSN-BAS - Mexican Guitar Players","isPartOf":{"@id":"https:\/\/www.mexicanguitarplayers.com\/#website"},"primaryImageOfPage":{"@id":"https:\/\/www.mexicanguitarplayers.com\/tienda\/cuerdas\/efectos\/efectos-individuales\/pedal-fishman-mod-pro-fsn-bas\/#primaryimage"},"image":{"@id":"https:\/\/www.mexicanguitarplayers.com\/tienda\/cuerdas\/efectos\/efectos-individuales\/pedal-fishman-mod-pro-fsn-bas\/#primaryimage"},"thumbnailUrl":"https:\/\/www.mexicanguitarplayers.com\/wp-content\/uploads\/2022\/08\/VAFISPROFSNBAS.jpg","datePublished":"2022-08-18T21:46:12+00:00","dateModified":"2026-04-10T11:06:27+00:00","description":"PEDAL FISHMAN MOD. PRO-FSN-BAS. Pedal armonizador para bajo, Fission Bass Powerchord, a\u00f1ade armon\u00edas a las l\u00edneas de bajo, incluyendo una octava m\u00e1s alta, cuarta y octava m\u00e1s alta, octava y quinta y una octava, quintas y una segunda octava m\u00e1s alta combinada, utiliza procesamiento de se\u00f1al de 32 bits y conversi\u00f3n de audio de 24 bits, LED's para visualizar las armon\u00edas seleccionadas, LED para indicar presencia de se\u00f1al y clipping, incluye un supresor de ruido, saturaci\u00f3n, tono y controles de nivel de efecto.","breadcrumb":{"@id":"https:\/\/www.mexicanguitarplayers.com\/tienda\/cuerdas\/efectos\/efectos-individuales\/pedal-fishman-mod-pro-fsn-bas\/#breadcrumb"},"inLanguage":"en-US","potentialAction":[{"@type":"ReadAction","target":["https:\/\/www.mexicanguitarplayers.com\/tienda\/cuerdas\/efectos\/efectos-individuales\/pedal-fishman-mod-pro-fsn-bas\/"]}]},{"@type":"ImageObject","inLanguage":"en-US","@id":"https:\/\/www.mexicanguitarplayers.com\/tienda\/cuerdas\/efectos\/efectos-individuales\/pedal-fishman-mod-pro-fsn-bas\/#primaryimage","url":"https:\/\/www.mexicanguitarplayers.com\/wp-content\/uploads\/2022\/08\/VAFISPROFSNBAS.jpg","contentUrl":"https:\/\/www.mexicanguitarplayers.com\/wp-content\/uploads\/2022\/08\/VAFISPROFSNBAS.jpg","width":1600,"height":799},{"@type":"BreadcrumbList","@id":"https:\/\/www.mexicanguitarplayers.com\/tienda\/cuerdas\/efectos\/efectos-individuales\/pedal-fishman-mod-pro-fsn-bas\/#breadcrumb","itemListElement":[{"@type":"ListItem","position":1,"name":"Portada","item":"https:\/\/www.mexicanguitarplayers.com\/"},{"@type":"ListItem","position":2,"name":"Tienda","item":"https:\/\/www.mexicanguitarplayers.com\/tienda\/"},{"@type":"ListItem","position":3,"name":"PEDAL FISHMAN MOD. PRO-FSN-BAS"}]},{"@type":"WebSite","@id":"https:\/\/www.mexicanguitarplayers.com\/#website","url":"https:\/\/www.mexicanguitarplayers.com\/","name":"Mexican Guitar Players","description":"Website","publisher":{"@id":"https:\/\/www.mexicanguitarplayers.com\/#organization"},"potentialAction":[{"@type":"SearchAction","target":{"@type":"EntryPoint","urlTemplate":"https:\/\/www.mexicanguitarplayers.com\/?s={search_term_string}"},"query-input":{"@type":"PropertyValueSpecification","valueRequired":true,"valueName":"search_term_string"}}],"inLanguage":"en-US"},{"@type":"Organization","@id":"https:\/\/www.mexicanguitarplayers.com\/#organization","name":"Mexican Guitar Players","url":"https:\/\/www.mexicanguitarplayers.com\/","logo":{"@type":"ImageObject","inLanguage":"en-US","@id":"https:\/\/www.mexicanguitarplayers.com\/#\/schema\/logo\/image\/","url":"","contentUrl":"","caption":"Mexican Guitar Players"},"image":{"@id":"https:\/\/www.mexicanguitarplayers.com\/#\/schema\/logo\/image\/"}}]}},"brands":[{"id":248,"name":"FISHMAN","slug":"fishman"}],"_links":{"self":[{"href":"https:\/\/www.mexicanguitarplayers.com\/en\/wp-json\/wp\/v2\/product\/15898","targetHints":{"allow":["GET"]}}],"collection":[{"href":"https:\/\/www.mexicanguitarplayers.com\/en\/wp-json\/wp\/v2\/product"}],"about":[{"href":"https:\/\/www.mexicanguitarplayers.com\/en\/wp-json\/wp\/v2\/types\/product"}],"replies":[{"embeddable":true,"href":"https:\/\/www.mexicanguitarplayers.com\/en\/wp-json\/wp\/v2\/comments?post=15898"}],"wp:featuredmedia":[{"embeddable":true,"href":"https:\/\/www.mexicanguitarplayers.com\/en\/wp-json\/wp\/v2\/media\/15897"}],"wp:attachment":[{"href":"https:\/\/www.mexicanguitarplayers.com\/en\/wp-json\/wp\/v2\/media?parent=15898"}],"wp:term":[{"taxonomy":"pwb-brand","embeddable":true,"href":"https:\/\/www.mexicanguitarplayers.com\/en\/wp-json\/wp\/v2\/pwb-brand?post=15898"},{"taxonomy":"product_brand","embeddable":true,"href":"https:\/\/www.mexicanguitarplayers.com\/en\/wp-json\/wp\/v2\/product_brand?post=15898"},{"taxonomy":"product_cat","embeddable":true,"href":"https:\/\/www.mexicanguitarplayers.com\/en\/wp-json\/wp\/v2\/product_cat?post=15898"},{"taxonomy":"product_tag","embeddable":true,"href":"https:\/\/www.mexicanguitarplayers.com\/en\/wp-json\/wp\/v2\/product_tag?post=15898"}],"curies":[{"name":"wp","href":"https:\/\/api.w.org\/{rel}","templated":true}]}}