{"id":15902,"date":"2022-08-18T16:46:19","date_gmt":"2022-08-18T21:46:19","guid":{"rendered":"https:\/\/www.mexicanguitarplayers.com\/tienda\/sin%20categor\u00eda\/pedal-fishman-platinum-pro-pro-plt-201\/"},"modified":"2026-05-01T07:39:43","modified_gmt":"2026-05-01T13:39:43","slug":"pedal-fishman-platinum-pro-pro-plt-201","status":"publish","type":"product","link":"https:\/\/www.mexicanguitarplayers.com\/en\/tienda\/cuerdas\/efectos\/multiefectos\/pedal-fishman-platinum-pro-pro-plt-201\/","title":{"rendered":"FISHMAN PLATINUM PRO PRO-PLT-201 PEDAL"},"content":{"rendered":"<div style=\"text-align: justify\">\n<div>\n<h3>FISHMAN PLATINUM PRO PRO-PLT-201 PEDAL<\/h3>\n<\/div>\n<div>Discrete, high-headroom 17V Class A analog preamp for acoustic instruments, 5-band tone control with sweep-mid and crossover frequency, EQ mode that tailors the EQ for bass or other instruments, phase control, and precision notch filter reduces feedback, adjustable one-knob compressor smooths playing dynamics, onboard fully chromatic digital tuner, volume boost footswitch with level control (+12 dB), balanced XLR DI with pre\/post EQ adjustment and ground lift, powered by 9V battery (not included) or Fishman 910R power adapter (optional), battery life: 30 hours, dimensions: 158 x 143 x 54 mm, weight: 0.64 kg.<\/div>\n<\/div>","protected":false},"excerpt":{"rendered":"<p>Preamplificador anal\u00f3gico discreto de Clase A de 17V de alto headroom para instrumentos ac\u00fasticos, control de tono de 5 bandas con sweep-mid y filtro de frecuencia, modo EQ que adapta el ecualizador para bajo u otros instrumentos, control de fase y filtro notch de precisi\u00f3n que reduce la retroalimentaci\u00f3n, compresor ajustable de una perilla que suaviza la din\u00e1mica de toque, afinador digital integrado  totalmente crom\u00e1tico, switch de pedal de aumento de volumen con control de nivel (+12 dB), D.I. XLR balanceado con ajuste de EQ pre\/post y ground lift, alimentado por bater\u00eda de 9V (no incluida) o adaptador de corriente Fishman 910R (opcional), vida de la bater\u00eda: 30 horas, dimensiones: 158 x 143 x 54 mm, peso: 0.64 kg.&hellip; <a class=\"kt-excerpt-readmore more-link\" href=\"https:\/\/www.mexicanguitarplayers.com\/en\/tienda\/cuerdas\/efectos\/multiefectos\/pedal-fishman-platinum-pro-pro-plt-201\/\">Read more<\/a><\/p>","protected":false},"featured_media":15899,"comment_status":"open","ping_status":"closed","template":"","meta":{"kt_blocks_editor_width":""},"pwb-brand":[248],"product_brand":[],"product_cat":[224,241,242],"product_tag":[],"class_list":{"0":"post-15902","1":"product","2":"type-product","3":"status-publish","4":"has-post-thumbnail","6":"pwb-brand-fishman","7":"product_cat-cuerdas","8":"product_cat-efectos","9":"product_cat-multiefectos","10":"product_shipping_class-0-5-kg","12":"first","13":"instock","14":"taxable","15":"shipping-taxable","16":"purchasable","17":"product-type-simple"},"yoast_head":"<!-- This site is optimized with the Yoast SEO plugin v27.6 - https:\/\/yoast.com\/product\/yoast-seo-wordpress\/ -->\n<title>PEDAL FISHMAN PLATINUM PRO PRO-PLT-201 - Mexican Guitar Players<\/title>\n<meta name=\"description\" content=\"PEDAL FISHMAN PLATINUM PRO PRO-PLT-201. Preamplificador anal\u00f3gico discreto de Clase A de 17V de alto headroom para instrumentos ac\u00fasticos, control de tono de 5 bandas con sweep-mid y filtro de frecuencia, modo EQ que adapta el ecualizador para bajo u otros instrumentos, control de fase y filtro notch de precisi\u00f3n que reduce la retroalimentaci\u00f3n, compresor ajustable de una perilla que suaviza la din\u00e1mica de toque, afinador digital integrado totalmente crom\u00e1tico, switch de pedal de aumento de volumen con control de nivel (+12 dB), D.I. XLR balanceado con ajuste de EQ pre\/post y ground lift, alimentado por bater\u00eda de 9V (no incluida) o adaptador de corriente Fishman 910R (opcional), vida de la bater\u00eda: 30 horas, dimensiones: 158 x 143 x 54 mm, peso: 0.64 kg.\" \/>\n<meta name=\"robots\" content=\"index, follow, max-snippet:-1, max-image-preview:large, max-video-preview:-1\" \/>\n<link rel=\"canonical\" href=\"https:\/\/www.mexicanguitarplayers.com\/en\/tienda\/cuerdas\/efectos\/multiefectos\/pedal-fishman-platinum-pro-pro-plt-201\/\" \/>\n<meta property=\"og:locale\" content=\"en_US\" \/>\n<meta property=\"og:type\" content=\"article\" \/>\n<meta property=\"og:title\" content=\"PEDAL FISHMAN PLATINUM PRO PRO-PLT-201 - Mexican Guitar Players\" \/>\n<meta property=\"og:description\" content=\"PEDAL FISHMAN PLATINUM PRO PRO-PLT-201. Preamplificador anal\u00f3gico discreto de Clase A de 17V de alto headroom para instrumentos ac\u00fasticos, control de tono de 5 bandas con sweep-mid y filtro de frecuencia, modo EQ que adapta el ecualizador para bajo u otros instrumentos, control de fase y filtro notch de precisi\u00f3n que reduce la retroalimentaci\u00f3n, compresor ajustable de una perilla que suaviza la din\u00e1mica de toque, afinador digital integrado totalmente crom\u00e1tico, switch de pedal de aumento de volumen con control de nivel (+12 dB), D.I. XLR balanceado con ajuste de EQ pre\/post y ground lift, alimentado por bater\u00eda de 9V (no incluida) o adaptador de corriente Fishman 910R (opcional), vida de la bater\u00eda: 30 horas, dimensiones: 158 x 143 x 54 mm, peso: 0.64 kg.\" \/>\n<meta property=\"og:url\" content=\"https:\/\/www.mexicanguitarplayers.com\/en\/tienda\/cuerdas\/efectos\/multiefectos\/pedal-fishman-platinum-pro-pro-plt-201\/\" \/>\n<meta property=\"og:site_name\" content=\"Mexican Guitar Players\" \/>\n<meta property=\"article:modified_time\" content=\"2026-05-01T13:39:43+00:00\" \/>\n<meta property=\"og:image\" content=\"https:\/\/www.mexicanguitarplayers.com\/wp-content\/uploads\/2022\/08\/VAFISPROPLT201.jpg\" \/>\n\t<meta property=\"og:image:width\" content=\"1200\" \/>\n\t<meta property=\"og:image:height\" content=\"1200\" \/>\n\t<meta property=\"og:image:type\" content=\"image\/jpeg\" \/>\n<meta name=\"twitter:card\" content=\"summary_large_image\" \/>\n<meta name=\"twitter:label1\" content=\"Est. reading time\" \/>\n\t<meta name=\"twitter:data1\" content=\"1 minute\" \/>\n<script type=\"application\/ld+json\" class=\"yoast-schema-graph\">{\"@context\":\"https:\\\/\\\/schema.org\",\"@graph\":[{\"@type\":[\"WebPage\",\"ItemPage\"],\"@id\":\"https:\\\/\\\/www.mexicanguitarplayers.com\\\/tienda\\\/cuerdas\\\/efectos\\\/multiefectos\\\/pedal-fishman-platinum-pro-pro-plt-201\\\/\",\"url\":\"https:\\\/\\\/www.mexicanguitarplayers.com\\\/tienda\\\/cuerdas\\\/efectos\\\/multiefectos\\\/pedal-fishman-platinum-pro-pro-plt-201\\\/\",\"name\":\"PEDAL FISHMAN PLATINUM PRO PRO-PLT-201 - Mexican Guitar Players\",\"isPartOf\":{\"@id\":\"https:\\\/\\\/www.mexicanguitarplayers.com\\\/#website\"},\"primaryImageOfPage\":{\"@id\":\"https:\\\/\\\/www.mexicanguitarplayers.com\\\/tienda\\\/cuerdas\\\/efectos\\\/multiefectos\\\/pedal-fishman-platinum-pro-pro-plt-201\\\/#primaryimage\"},\"image\":{\"@id\":\"https:\\\/\\\/www.mexicanguitarplayers.com\\\/tienda\\\/cuerdas\\\/efectos\\\/multiefectos\\\/pedal-fishman-platinum-pro-pro-plt-201\\\/#primaryimage\"},\"thumbnailUrl\":\"https:\\\/\\\/www.mexicanguitarplayers.com\\\/wp-content\\\/uploads\\\/2022\\\/08\\\/VAFISPROPLT201.jpg\",\"datePublished\":\"2022-08-18T21:46:19+00:00\",\"dateModified\":\"2026-05-01T13:39:43+00:00\",\"description\":\"PEDAL FISHMAN PLATINUM PRO PRO-PLT-201. Preamplificador anal\u00f3gico discreto de Clase A de 17V de alto headroom para instrumentos ac\u00fasticos, control de tono de 5 bandas con sweep-mid y filtro de frecuencia, modo EQ que adapta el ecualizador para bajo u otros instrumentos, control de fase y filtro notch de precisi\u00f3n que reduce la retroalimentaci\u00f3n, compresor ajustable de una perilla que suaviza la din\u00e1mica de toque, afinador digital integrado totalmente crom\u00e1tico, switch de pedal de aumento de volumen con control de nivel (+12 dB), D.I. XLR balanceado con ajuste de EQ pre\\\/post y ground lift, alimentado por bater\u00eda de 9V (no incluida) o adaptador de corriente Fishman 910R (opcional), vida de la bater\u00eda: 30 horas, dimensiones: 158 x 143 x 54 mm, peso: 0.64 kg.\",\"breadcrumb\":{\"@id\":\"https:\\\/\\\/www.mexicanguitarplayers.com\\\/tienda\\\/cuerdas\\\/efectos\\\/multiefectos\\\/pedal-fishman-platinum-pro-pro-plt-201\\\/#breadcrumb\"},\"inLanguage\":\"en-US\",\"potentialAction\":[{\"@type\":\"ReadAction\",\"target\":[\"https:\\\/\\\/www.mexicanguitarplayers.com\\\/tienda\\\/cuerdas\\\/efectos\\\/multiefectos\\\/pedal-fishman-platinum-pro-pro-plt-201\\\/\"]}]},{\"@type\":\"ImageObject\",\"inLanguage\":\"en-US\",\"@id\":\"https:\\\/\\\/www.mexicanguitarplayers.com\\\/tienda\\\/cuerdas\\\/efectos\\\/multiefectos\\\/pedal-fishman-platinum-pro-pro-plt-201\\\/#primaryimage\",\"url\":\"https:\\\/\\\/www.mexicanguitarplayers.com\\\/wp-content\\\/uploads\\\/2022\\\/08\\\/VAFISPROPLT201.jpg\",\"contentUrl\":\"https:\\\/\\\/www.mexicanguitarplayers.com\\\/wp-content\\\/uploads\\\/2022\\\/08\\\/VAFISPROPLT201.jpg\",\"width\":1200,\"height\":1200},{\"@type\":\"BreadcrumbList\",\"@id\":\"https:\\\/\\\/www.mexicanguitarplayers.com\\\/tienda\\\/cuerdas\\\/efectos\\\/multiefectos\\\/pedal-fishman-platinum-pro-pro-plt-201\\\/#breadcrumb\",\"itemListElement\":[{\"@type\":\"ListItem\",\"position\":1,\"name\":\"Portada\",\"item\":\"https:\\\/\\\/www.mexicanguitarplayers.com\\\/\"},{\"@type\":\"ListItem\",\"position\":2,\"name\":\"Tienda\",\"item\":\"https:\\\/\\\/www.mexicanguitarplayers.com\\\/tienda\\\/\"},{\"@type\":\"ListItem\",\"position\":3,\"name\":\"PEDAL FISHMAN PLATINUM PRO PRO-PLT-201\"}]},{\"@type\":\"WebSite\",\"@id\":\"https:\\\/\\\/www.mexicanguitarplayers.com\\\/#website\",\"url\":\"https:\\\/\\\/www.mexicanguitarplayers.com\\\/\",\"name\":\"Mexican Guitar Players\",\"description\":\"Website\",\"publisher\":{\"@id\":\"https:\\\/\\\/www.mexicanguitarplayers.com\\\/#organization\"},\"potentialAction\":[{\"@type\":\"SearchAction\",\"target\":{\"@type\":\"EntryPoint\",\"urlTemplate\":\"https:\\\/\\\/www.mexicanguitarplayers.com\\\/?s={search_term_string}\"},\"query-input\":{\"@type\":\"PropertyValueSpecification\",\"valueRequired\":true,\"valueName\":\"search_term_string\"}}],\"inLanguage\":\"en-US\"},{\"@type\":\"Organization\",\"@id\":\"https:\\\/\\\/www.mexicanguitarplayers.com\\\/#organization\",\"name\":\"Mexican Guitar Players\",\"url\":\"https:\\\/\\\/www.mexicanguitarplayers.com\\\/\",\"logo\":{\"@type\":\"ImageObject\",\"inLanguage\":\"en-US\",\"@id\":\"https:\\\/\\\/www.mexicanguitarplayers.com\\\/#\\\/schema\\\/logo\\\/image\\\/\",\"url\":\"\",\"contentUrl\":\"\",\"caption\":\"Mexican Guitar Players\"},\"image\":{\"@id\":\"https:\\\/\\\/www.mexicanguitarplayers.com\\\/#\\\/schema\\\/logo\\\/image\\\/\"}}]}<\/script>\n<!-- \/ Yoast SEO plugin. -->","yoast_head_json":{"title":"PEDAL FISHMAN PLATINUM PRO PRO-PLT-201 - Mexican Guitar Players","description":"PEDAL FISHMAN PLATINUM PRO PRO-PLT-201. Preamplificador anal\u00f3gico discreto de Clase A de 17V de alto headroom para instrumentos ac\u00fasticos, control de tono de 5 bandas con sweep-mid y filtro de frecuencia, modo EQ que adapta el ecualizador para bajo u otros instrumentos, control de fase y filtro notch de precisi\u00f3n que reduce la retroalimentaci\u00f3n, compresor ajustable de una perilla que suaviza la din\u00e1mica de toque, afinador digital integrado totalmente crom\u00e1tico, switch de pedal de aumento de volumen con control de nivel (+12 dB), D.I. XLR balanceado con ajuste de EQ pre\/post y ground lift, alimentado por bater\u00eda de 9V (no incluida) o adaptador de corriente Fishman 910R (opcional), vida de la bater\u00eda: 30 horas, dimensiones: 158 x 143 x 54 mm, peso: 0.64 kg.","robots":{"index":"index","follow":"follow","max-snippet":"max-snippet:-1","max-image-preview":"max-image-preview:large","max-video-preview":"max-video-preview:-1"},"canonical":"https:\/\/www.mexicanguitarplayers.com\/en\/tienda\/cuerdas\/efectos\/multiefectos\/pedal-fishman-platinum-pro-pro-plt-201\/","og_locale":"en_US","og_type":"article","og_title":"PEDAL FISHMAN PLATINUM PRO PRO-PLT-201 - Mexican Guitar Players","og_description":"PEDAL FISHMAN PLATINUM PRO PRO-PLT-201. Preamplificador anal\u00f3gico discreto de Clase A de 17V de alto headroom para instrumentos ac\u00fasticos, control de tono de 5 bandas con sweep-mid y filtro de frecuencia, modo EQ que adapta el ecualizador para bajo u otros instrumentos, control de fase y filtro notch de precisi\u00f3n que reduce la retroalimentaci\u00f3n, compresor ajustable de una perilla que suaviza la din\u00e1mica de toque, afinador digital integrado totalmente crom\u00e1tico, switch de pedal de aumento de volumen con control de nivel (+12 dB), D.I. XLR balanceado con ajuste de EQ pre\/post y ground lift, alimentado por bater\u00eda de 9V (no incluida) o adaptador de corriente Fishman 910R (opcional), vida de la bater\u00eda: 30 horas, dimensiones: 158 x 143 x 54 mm, peso: 0.64 kg.","og_url":"https:\/\/www.mexicanguitarplayers.com\/en\/tienda\/cuerdas\/efectos\/multiefectos\/pedal-fishman-platinum-pro-pro-plt-201\/","og_site_name":"Mexican Guitar Players","article_modified_time":"2026-05-01T13:39:43+00:00","og_image":[{"width":1200,"height":1200,"url":"https:\/\/www.mexicanguitarplayers.com\/wp-content\/uploads\/2022\/08\/VAFISPROPLT201.jpg","type":"image\/jpeg"}],"twitter_card":"summary_large_image","twitter_misc":{"Est. reading time":"1 minute"},"schema":{"@context":"https:\/\/schema.org","@graph":[{"@type":["WebPage","ItemPage"],"@id":"https:\/\/www.mexicanguitarplayers.com\/tienda\/cuerdas\/efectos\/multiefectos\/pedal-fishman-platinum-pro-pro-plt-201\/","url":"https:\/\/www.mexicanguitarplayers.com\/tienda\/cuerdas\/efectos\/multiefectos\/pedal-fishman-platinum-pro-pro-plt-201\/","name":"PEDAL FISHMAN PLATINUM PRO PRO-PLT-201 - Mexican Guitar Players","isPartOf":{"@id":"https:\/\/www.mexicanguitarplayers.com\/#website"},"primaryImageOfPage":{"@id":"https:\/\/www.mexicanguitarplayers.com\/tienda\/cuerdas\/efectos\/multiefectos\/pedal-fishman-platinum-pro-pro-plt-201\/#primaryimage"},"image":{"@id":"https:\/\/www.mexicanguitarplayers.com\/tienda\/cuerdas\/efectos\/multiefectos\/pedal-fishman-platinum-pro-pro-plt-201\/#primaryimage"},"thumbnailUrl":"https:\/\/www.mexicanguitarplayers.com\/wp-content\/uploads\/2022\/08\/VAFISPROPLT201.jpg","datePublished":"2022-08-18T21:46:19+00:00","dateModified":"2026-05-01T13:39:43+00:00","description":"PEDAL FISHMAN PLATINUM PRO PRO-PLT-201. Preamplificador anal\u00f3gico discreto de Clase A de 17V de alto headroom para instrumentos ac\u00fasticos, control de tono de 5 bandas con sweep-mid y filtro de frecuencia, modo EQ que adapta el ecualizador para bajo u otros instrumentos, control de fase y filtro notch de precisi\u00f3n que reduce la retroalimentaci\u00f3n, compresor ajustable de una perilla que suaviza la din\u00e1mica de toque, afinador digital integrado totalmente crom\u00e1tico, switch de pedal de aumento de volumen con control de nivel (+12 dB), D.I. XLR balanceado con ajuste de EQ pre\/post y ground lift, alimentado por bater\u00eda de 9V (no incluida) o adaptador de corriente Fishman 910R (opcional), vida de la bater\u00eda: 30 horas, dimensiones: 158 x 143 x 54 mm, peso: 0.64 kg.","breadcrumb":{"@id":"https:\/\/www.mexicanguitarplayers.com\/tienda\/cuerdas\/efectos\/multiefectos\/pedal-fishman-platinum-pro-pro-plt-201\/#breadcrumb"},"inLanguage":"en-US","potentialAction":[{"@type":"ReadAction","target":["https:\/\/www.mexicanguitarplayers.com\/tienda\/cuerdas\/efectos\/multiefectos\/pedal-fishman-platinum-pro-pro-plt-201\/"]}]},{"@type":"ImageObject","inLanguage":"en-US","@id":"https:\/\/www.mexicanguitarplayers.com\/tienda\/cuerdas\/efectos\/multiefectos\/pedal-fishman-platinum-pro-pro-plt-201\/#primaryimage","url":"https:\/\/www.mexicanguitarplayers.com\/wp-content\/uploads\/2022\/08\/VAFISPROPLT201.jpg","contentUrl":"https:\/\/www.mexicanguitarplayers.com\/wp-content\/uploads\/2022\/08\/VAFISPROPLT201.jpg","width":1200,"height":1200},{"@type":"BreadcrumbList","@id":"https:\/\/www.mexicanguitarplayers.com\/tienda\/cuerdas\/efectos\/multiefectos\/pedal-fishman-platinum-pro-pro-plt-201\/#breadcrumb","itemListElement":[{"@type":"ListItem","position":1,"name":"Portada","item":"https:\/\/www.mexicanguitarplayers.com\/"},{"@type":"ListItem","position":2,"name":"Tienda","item":"https:\/\/www.mexicanguitarplayers.com\/tienda\/"},{"@type":"ListItem","position":3,"name":"PEDAL FISHMAN PLATINUM PRO PRO-PLT-201"}]},{"@type":"WebSite","@id":"https:\/\/www.mexicanguitarplayers.com\/#website","url":"https:\/\/www.mexicanguitarplayers.com\/","name":"Mexican Guitar Players","description":"Website","publisher":{"@id":"https:\/\/www.mexicanguitarplayers.com\/#organization"},"potentialAction":[{"@type":"SearchAction","target":{"@type":"EntryPoint","urlTemplate":"https:\/\/www.mexicanguitarplayers.com\/?s={search_term_string}"},"query-input":{"@type":"PropertyValueSpecification","valueRequired":true,"valueName":"search_term_string"}}],"inLanguage":"en-US"},{"@type":"Organization","@id":"https:\/\/www.mexicanguitarplayers.com\/#organization","name":"Mexican Guitar Players","url":"https:\/\/www.mexicanguitarplayers.com\/","logo":{"@type":"ImageObject","inLanguage":"en-US","@id":"https:\/\/www.mexicanguitarplayers.com\/#\/schema\/logo\/image\/","url":"","contentUrl":"","caption":"Mexican Guitar Players"},"image":{"@id":"https:\/\/www.mexicanguitarplayers.com\/#\/schema\/logo\/image\/"}}]}},"brands":[{"id":248,"name":"FISHMAN","slug":"fishman"}],"_links":{"self":[{"href":"https:\/\/www.mexicanguitarplayers.com\/en\/wp-json\/wp\/v2\/product\/15902","targetHints":{"allow":["GET"]}}],"collection":[{"href":"https:\/\/www.mexicanguitarplayers.com\/en\/wp-json\/wp\/v2\/product"}],"about":[{"href":"https:\/\/www.mexicanguitarplayers.com\/en\/wp-json\/wp\/v2\/types\/product"}],"replies":[{"embeddable":true,"href":"https:\/\/www.mexicanguitarplayers.com\/en\/wp-json\/wp\/v2\/comments?post=15902"}],"wp:featuredmedia":[{"embeddable":true,"href":"https:\/\/www.mexicanguitarplayers.com\/en\/wp-json\/wp\/v2\/media\/15899"}],"wp:attachment":[{"href":"https:\/\/www.mexicanguitarplayers.com\/en\/wp-json\/wp\/v2\/media?parent=15902"}],"wp:term":[{"taxonomy":"pwb-brand","embeddable":true,"href":"https:\/\/www.mexicanguitarplayers.com\/en\/wp-json\/wp\/v2\/pwb-brand?post=15902"},{"taxonomy":"product_brand","embeddable":true,"href":"https:\/\/www.mexicanguitarplayers.com\/en\/wp-json\/wp\/v2\/product_brand?post=15902"},{"taxonomy":"product_cat","embeddable":true,"href":"https:\/\/www.mexicanguitarplayers.com\/en\/wp-json\/wp\/v2\/product_cat?post=15902"},{"taxonomy":"product_tag","embeddable":true,"href":"https:\/\/www.mexicanguitarplayers.com\/en\/wp-json\/wp\/v2\/product_tag?post=15902"}],"curies":[{"name":"wp","href":"https:\/\/api.w.org\/{rel}","templated":true}]}}