{"id":15958,"date":"2022-08-18T16:47:50","date_gmt":"2022-08-18T21:47:50","guid":{"rendered":"https:\/\/www.mexicanguitarplayers.com\/tienda\/sin%20categor\u00eda\/funda-gewa-p-guit-clasica-mod-212-100\/"},"modified":"2023-07-01T14:16:29","modified_gmt":"2023-07-01T19:16:29","slug":"funda-gewa-p-guit-clasica-mod-212-100","status":"publish","type":"product","link":"https:\/\/www.mexicanguitarplayers.com\/en\/tienda\/accesorios\/estuches-y-fundas\/para-guitarra\/para-guitarra-clasica\/funda-gewa-p-guit-clasica-mod-212-100\/","title":{"rendered":"GEWA P\/GUIT COVER. CLASSIC MOD. 212,100"},"content":{"rendered":"<div style=\"text-align: justify\">\n<div>\n<h3>GEWA P\/GUIT COVER. CLASSIC MOD. 212,100<\/h3>\n<\/div>\n<div>Gewa case for classical guitar. Model: 212.100. Economy 12 series. High quality 600 Denier Cordura. Water and tear resistant. All handles and straps with extra-reinforced seams. 12 mm High Density foam padding. Additional protection in the neck and body area. Interior in lint-free velvet, anthracite colour. Additional sewn protection for bridge and headstock. Lined side handle and additional front handle. Lined, adjustable and sewn backpack straps. Large pocket for sheet music and accessories. Shock absorber. GEWA embroidered logo.<\/div>\n<\/div>","protected":false},"excerpt":{"rendered":"<p>Funda Gewa para guitarra cl\u00e1sica. Modelo: 212.100. Serie Economy 12. Cordura 600Denier de alta calidad. Resistente al agua y a roturas. Todas las asas y correas con costuras extra-reforzadas. Acolchado de espuma High Density de 12 mm. Protecci\u00f3n adicional en la zona del m\u00e1stil y del cuerpo. Interior en terciopelo libre de pelusa, color antracita. Protecci\u00f3n adicional cosida para puente y clavijero. Asa lateral forrada y asa frontal adicional. Correas tipo mochila forradas, regulables y cosidas. Amplio bolsillo para partituras y accesorios. Amortiguadorde golpes. Logo bordado GEWA.&hellip; <a class=\"kt-excerpt-readmore more-link\" href=\"https:\/\/www.mexicanguitarplayers.com\/en\/tienda\/accesorios\/estuches-y-fundas\/para-guitarra\/para-guitarra-clasica\/funda-gewa-p-guit-clasica-mod-212-100\/\">Read more<\/a><\/p>","protected":false},"featured_media":15955,"comment_status":"open","ping_status":"closed","template":"","meta":{"kt_blocks_editor_width":""},"pwb-brand":[331],"product_brand":[],"product_cat":[85,517,566,577],"product_tag":[],"class_list":{"0":"post-15958","1":"product","2":"type-product","3":"status-publish","4":"has-post-thumbnail","6":"pwb-brand-gewa","7":"product_cat-accesorios","8":"product_cat-estuches-y-fundas","9":"product_cat-para-guitarra","10":"product_cat-para-guitarra-clasica","11":"product_shipping_class-5-10-kg","13":"first","14":"outofstock","15":"taxable","16":"shipping-taxable","17":"purchasable","18":"product-type-simple"},"yoast_head":"<!-- This site is optimized with the Yoast SEO plugin v27.5 - https:\/\/yoast.com\/product\/yoast-seo-wordpress\/ -->\n<title>FUNDA GEWA P\/GUIT. CLASICA MOD. 212.100 - Mexican Guitar Players<\/title>\n<meta name=\"description\" content=\"FUNDA GEWA P\/GUIT. CLASICA MOD. 212.100. Funda Gewa para guitarra cl\u00e1sica. Modelo: 212.100. Serie Economy 12. Cordura 600Denier de alta calidad. Resistente al agua y a roturas. Todas las asas y correas con costuras extra-reforzadas. Acolchado de espuma High Density de 12 mm. Protecci\u00f3n adicional en la zona del m\u00e1stil y del cuerpo. Interior en terciopelo libre de pelusa, color antracita. Protecci\u00f3n adicional cosida para puente y clavijero. Asa lateral forrada y asa frontal adicional. Correas tipo mochila forradas, regulables y cosidas. Amplio bolsillo para partituras y accesorios. Amortiguadorde golpes. Logo bordado GEWA.\" \/>\n<meta name=\"robots\" content=\"index, follow, max-snippet:-1, max-image-preview:large, max-video-preview:-1\" \/>\n<link rel=\"canonical\" href=\"https:\/\/www.mexicanguitarplayers.com\/en\/tienda\/accesorios\/estuches-y-fundas\/para-guitarra\/para-guitarra-clasica\/funda-gewa-p-guit-clasica-mod-212-100\/\" \/>\n<meta property=\"og:locale\" content=\"en_US\" \/>\n<meta property=\"og:type\" content=\"article\" \/>\n<meta property=\"og:title\" content=\"FUNDA GEWA P\/GUIT. CLASICA MOD. 212.100 - Mexican Guitar Players\" \/>\n<meta property=\"og:description\" content=\"FUNDA GEWA P\/GUIT. CLASICA MOD. 212.100. Funda Gewa para guitarra cl\u00e1sica. Modelo: 212.100. Serie Economy 12. Cordura 600Denier de alta calidad. Resistente al agua y a roturas. Todas las asas y correas con costuras extra-reforzadas. Acolchado de espuma High Density de 12 mm. Protecci\u00f3n adicional en la zona del m\u00e1stil y del cuerpo. Interior en terciopelo libre de pelusa, color antracita. Protecci\u00f3n adicional cosida para puente y clavijero. Asa lateral forrada y asa frontal adicional. Correas tipo mochila forradas, regulables y cosidas. Amplio bolsillo para partituras y accesorios. Amortiguadorde golpes. Logo bordado GEWA.\" \/>\n<meta property=\"og:url\" content=\"https:\/\/www.mexicanguitarplayers.com\/en\/tienda\/accesorios\/estuches-y-fundas\/para-guitarra\/para-guitarra-clasica\/funda-gewa-p-guit-clasica-mod-212-100\/\" \/>\n<meta property=\"og:site_name\" content=\"Mexican Guitar Players\" \/>\n<meta property=\"article:modified_time\" content=\"2023-07-01T19:16:29+00:00\" \/>\n<meta property=\"og:image\" content=\"https:\/\/www.mexicanguitarplayers.com\/wp-content\/uploads\/2022\/08\/VAGEW212100.jpg\" \/>\n\t<meta property=\"og:image:width\" content=\"1200\" \/>\n\t<meta property=\"og:image:height\" content=\"1200\" \/>\n\t<meta property=\"og:image:type\" content=\"image\/jpeg\" \/>\n<meta name=\"twitter:card\" content=\"summary_large_image\" \/>\n<script type=\"application\/ld+json\" class=\"yoast-schema-graph\">{\"@context\":\"https:\\\/\\\/schema.org\",\"@graph\":[{\"@type\":[\"WebPage\",\"ItemPage\"],\"@id\":\"https:\\\/\\\/www.mexicanguitarplayers.com\\\/tienda\\\/accesorios\\\/estuches-y-fundas\\\/para-guitarra\\\/para-guitarra-clasica\\\/funda-gewa-p-guit-clasica-mod-212-100\\\/\",\"url\":\"https:\\\/\\\/www.mexicanguitarplayers.com\\\/tienda\\\/accesorios\\\/estuches-y-fundas\\\/para-guitarra\\\/para-guitarra-clasica\\\/funda-gewa-p-guit-clasica-mod-212-100\\\/\",\"name\":\"FUNDA GEWA P\\\/GUIT. CLASICA MOD. 212.100 - Mexican Guitar Players\",\"isPartOf\":{\"@id\":\"https:\\\/\\\/www.mexicanguitarplayers.com\\\/#website\"},\"primaryImageOfPage\":{\"@id\":\"https:\\\/\\\/www.mexicanguitarplayers.com\\\/tienda\\\/accesorios\\\/estuches-y-fundas\\\/para-guitarra\\\/para-guitarra-clasica\\\/funda-gewa-p-guit-clasica-mod-212-100\\\/#primaryimage\"},\"image\":{\"@id\":\"https:\\\/\\\/www.mexicanguitarplayers.com\\\/tienda\\\/accesorios\\\/estuches-y-fundas\\\/para-guitarra\\\/para-guitarra-clasica\\\/funda-gewa-p-guit-clasica-mod-212-100\\\/#primaryimage\"},\"thumbnailUrl\":\"https:\\\/\\\/www.mexicanguitarplayers.com\\\/wp-content\\\/uploads\\\/2022\\\/08\\\/VAGEW212100.jpg\",\"datePublished\":\"2022-08-18T21:47:50+00:00\",\"dateModified\":\"2023-07-01T19:16:29+00:00\",\"description\":\"FUNDA GEWA P\\\/GUIT. CLASICA MOD. 212.100. Funda Gewa para guitarra cl\u00e1sica. Modelo: 212.100. Serie Economy 12. Cordura 600Denier de alta calidad. Resistente al agua y a roturas. Todas las asas y correas con costuras extra-reforzadas. Acolchado de espuma High Density de 12 mm. Protecci\u00f3n adicional en la zona del m\u00e1stil y del cuerpo. Interior en terciopelo libre de pelusa, color antracita. Protecci\u00f3n adicional cosida para puente y clavijero. Asa lateral forrada y asa frontal adicional. Correas tipo mochila forradas, regulables y cosidas. Amplio bolsillo para partituras y accesorios. Amortiguadorde golpes. Logo bordado GEWA.\",\"breadcrumb\":{\"@id\":\"https:\\\/\\\/www.mexicanguitarplayers.com\\\/tienda\\\/accesorios\\\/estuches-y-fundas\\\/para-guitarra\\\/para-guitarra-clasica\\\/funda-gewa-p-guit-clasica-mod-212-100\\\/#breadcrumb\"},\"inLanguage\":\"en-US\",\"potentialAction\":[{\"@type\":\"ReadAction\",\"target\":[\"https:\\\/\\\/www.mexicanguitarplayers.com\\\/tienda\\\/accesorios\\\/estuches-y-fundas\\\/para-guitarra\\\/para-guitarra-clasica\\\/funda-gewa-p-guit-clasica-mod-212-100\\\/\"]}]},{\"@type\":\"ImageObject\",\"inLanguage\":\"en-US\",\"@id\":\"https:\\\/\\\/www.mexicanguitarplayers.com\\\/tienda\\\/accesorios\\\/estuches-y-fundas\\\/para-guitarra\\\/para-guitarra-clasica\\\/funda-gewa-p-guit-clasica-mod-212-100\\\/#primaryimage\",\"url\":\"https:\\\/\\\/www.mexicanguitarplayers.com\\\/wp-content\\\/uploads\\\/2022\\\/08\\\/VAGEW212100.jpg\",\"contentUrl\":\"https:\\\/\\\/www.mexicanguitarplayers.com\\\/wp-content\\\/uploads\\\/2022\\\/08\\\/VAGEW212100.jpg\",\"width\":1200,\"height\":1200},{\"@type\":\"BreadcrumbList\",\"@id\":\"https:\\\/\\\/www.mexicanguitarplayers.com\\\/tienda\\\/accesorios\\\/estuches-y-fundas\\\/para-guitarra\\\/para-guitarra-clasica\\\/funda-gewa-p-guit-clasica-mod-212-100\\\/#breadcrumb\",\"itemListElement\":[{\"@type\":\"ListItem\",\"position\":1,\"name\":\"Portada\",\"item\":\"https:\\\/\\\/www.mexicanguitarplayers.com\\\/\"},{\"@type\":\"ListItem\",\"position\":2,\"name\":\"Tienda\",\"item\":\"https:\\\/\\\/www.mexicanguitarplayers.com\\\/tienda\\\/\"},{\"@type\":\"ListItem\",\"position\":3,\"name\":\"FUNDA GEWA P\\\/GUIT. CLASICA MOD. 212.100\"}]},{\"@type\":\"WebSite\",\"@id\":\"https:\\\/\\\/www.mexicanguitarplayers.com\\\/#website\",\"url\":\"https:\\\/\\\/www.mexicanguitarplayers.com\\\/\",\"name\":\"Mexican Guitar Players\",\"description\":\"Website\",\"publisher\":{\"@id\":\"https:\\\/\\\/www.mexicanguitarplayers.com\\\/#organization\"},\"potentialAction\":[{\"@type\":\"SearchAction\",\"target\":{\"@type\":\"EntryPoint\",\"urlTemplate\":\"https:\\\/\\\/www.mexicanguitarplayers.com\\\/?s={search_term_string}\"},\"query-input\":{\"@type\":\"PropertyValueSpecification\",\"valueRequired\":true,\"valueName\":\"search_term_string\"}}],\"inLanguage\":\"en-US\"},{\"@type\":\"Organization\",\"@id\":\"https:\\\/\\\/www.mexicanguitarplayers.com\\\/#organization\",\"name\":\"Mexican Guitar Players\",\"url\":\"https:\\\/\\\/www.mexicanguitarplayers.com\\\/\",\"logo\":{\"@type\":\"ImageObject\",\"inLanguage\":\"en-US\",\"@id\":\"https:\\\/\\\/www.mexicanguitarplayers.com\\\/#\\\/schema\\\/logo\\\/image\\\/\",\"url\":\"\",\"contentUrl\":\"\",\"caption\":\"Mexican Guitar Players\"},\"image\":{\"@id\":\"https:\\\/\\\/www.mexicanguitarplayers.com\\\/#\\\/schema\\\/logo\\\/image\\\/\"}}]}<\/script>\n<!-- \/ Yoast SEO plugin. -->","yoast_head_json":{"title":"FUNDA GEWA P\/GUIT. CLASICA MOD. 212.100 - Mexican Guitar Players","description":"FUNDA GEWA P\/GUIT. CLASICA MOD. 212.100. Funda Gewa para guitarra cl\u00e1sica. Modelo: 212.100. Serie Economy 12. Cordura 600Denier de alta calidad. Resistente al agua y a roturas. Todas las asas y correas con costuras extra-reforzadas. Acolchado de espuma High Density de 12 mm. Protecci\u00f3n adicional en la zona del m\u00e1stil y del cuerpo. Interior en terciopelo libre de pelusa, color antracita. Protecci\u00f3n adicional cosida para puente y clavijero. Asa lateral forrada y asa frontal adicional. Correas tipo mochila forradas, regulables y cosidas. Amplio bolsillo para partituras y accesorios. Amortiguadorde golpes. Logo bordado GEWA.","robots":{"index":"index","follow":"follow","max-snippet":"max-snippet:-1","max-image-preview":"max-image-preview:large","max-video-preview":"max-video-preview:-1"},"canonical":"https:\/\/www.mexicanguitarplayers.com\/en\/tienda\/accesorios\/estuches-y-fundas\/para-guitarra\/para-guitarra-clasica\/funda-gewa-p-guit-clasica-mod-212-100\/","og_locale":"en_US","og_type":"article","og_title":"FUNDA GEWA P\/GUIT. CLASICA MOD. 212.100 - Mexican Guitar Players","og_description":"FUNDA GEWA P\/GUIT. CLASICA MOD. 212.100. Funda Gewa para guitarra cl\u00e1sica. Modelo: 212.100. Serie Economy 12. Cordura 600Denier de alta calidad. Resistente al agua y a roturas. Todas las asas y correas con costuras extra-reforzadas. Acolchado de espuma High Density de 12 mm. Protecci\u00f3n adicional en la zona del m\u00e1stil y del cuerpo. Interior en terciopelo libre de pelusa, color antracita. Protecci\u00f3n adicional cosida para puente y clavijero. Asa lateral forrada y asa frontal adicional. Correas tipo mochila forradas, regulables y cosidas. Amplio bolsillo para partituras y accesorios. Amortiguadorde golpes. Logo bordado GEWA.","og_url":"https:\/\/www.mexicanguitarplayers.com\/en\/tienda\/accesorios\/estuches-y-fundas\/para-guitarra\/para-guitarra-clasica\/funda-gewa-p-guit-clasica-mod-212-100\/","og_site_name":"Mexican Guitar Players","article_modified_time":"2023-07-01T19:16:29+00:00","og_image":[{"width":1200,"height":1200,"url":"https:\/\/www.mexicanguitarplayers.com\/wp-content\/uploads\/2022\/08\/VAGEW212100.jpg","type":"image\/jpeg"}],"twitter_card":"summary_large_image","schema":{"@context":"https:\/\/schema.org","@graph":[{"@type":["WebPage","ItemPage"],"@id":"https:\/\/www.mexicanguitarplayers.com\/tienda\/accesorios\/estuches-y-fundas\/para-guitarra\/para-guitarra-clasica\/funda-gewa-p-guit-clasica-mod-212-100\/","url":"https:\/\/www.mexicanguitarplayers.com\/tienda\/accesorios\/estuches-y-fundas\/para-guitarra\/para-guitarra-clasica\/funda-gewa-p-guit-clasica-mod-212-100\/","name":"FUNDA GEWA P\/GUIT. CLASICA MOD. 212.100 - Mexican Guitar Players","isPartOf":{"@id":"https:\/\/www.mexicanguitarplayers.com\/#website"},"primaryImageOfPage":{"@id":"https:\/\/www.mexicanguitarplayers.com\/tienda\/accesorios\/estuches-y-fundas\/para-guitarra\/para-guitarra-clasica\/funda-gewa-p-guit-clasica-mod-212-100\/#primaryimage"},"image":{"@id":"https:\/\/www.mexicanguitarplayers.com\/tienda\/accesorios\/estuches-y-fundas\/para-guitarra\/para-guitarra-clasica\/funda-gewa-p-guit-clasica-mod-212-100\/#primaryimage"},"thumbnailUrl":"https:\/\/www.mexicanguitarplayers.com\/wp-content\/uploads\/2022\/08\/VAGEW212100.jpg","datePublished":"2022-08-18T21:47:50+00:00","dateModified":"2023-07-01T19:16:29+00:00","description":"FUNDA GEWA P\/GUIT. CLASICA MOD. 212.100. Funda Gewa para guitarra cl\u00e1sica. Modelo: 212.100. Serie Economy 12. Cordura 600Denier de alta calidad. Resistente al agua y a roturas. Todas las asas y correas con costuras extra-reforzadas. Acolchado de espuma High Density de 12 mm. Protecci\u00f3n adicional en la zona del m\u00e1stil y del cuerpo. Interior en terciopelo libre de pelusa, color antracita. Protecci\u00f3n adicional cosida para puente y clavijero. Asa lateral forrada y asa frontal adicional. Correas tipo mochila forradas, regulables y cosidas. Amplio bolsillo para partituras y accesorios. Amortiguadorde golpes. Logo bordado GEWA.","breadcrumb":{"@id":"https:\/\/www.mexicanguitarplayers.com\/tienda\/accesorios\/estuches-y-fundas\/para-guitarra\/para-guitarra-clasica\/funda-gewa-p-guit-clasica-mod-212-100\/#breadcrumb"},"inLanguage":"en-US","potentialAction":[{"@type":"ReadAction","target":["https:\/\/www.mexicanguitarplayers.com\/tienda\/accesorios\/estuches-y-fundas\/para-guitarra\/para-guitarra-clasica\/funda-gewa-p-guit-clasica-mod-212-100\/"]}]},{"@type":"ImageObject","inLanguage":"en-US","@id":"https:\/\/www.mexicanguitarplayers.com\/tienda\/accesorios\/estuches-y-fundas\/para-guitarra\/para-guitarra-clasica\/funda-gewa-p-guit-clasica-mod-212-100\/#primaryimage","url":"https:\/\/www.mexicanguitarplayers.com\/wp-content\/uploads\/2022\/08\/VAGEW212100.jpg","contentUrl":"https:\/\/www.mexicanguitarplayers.com\/wp-content\/uploads\/2022\/08\/VAGEW212100.jpg","width":1200,"height":1200},{"@type":"BreadcrumbList","@id":"https:\/\/www.mexicanguitarplayers.com\/tienda\/accesorios\/estuches-y-fundas\/para-guitarra\/para-guitarra-clasica\/funda-gewa-p-guit-clasica-mod-212-100\/#breadcrumb","itemListElement":[{"@type":"ListItem","position":1,"name":"Portada","item":"https:\/\/www.mexicanguitarplayers.com\/"},{"@type":"ListItem","position":2,"name":"Tienda","item":"https:\/\/www.mexicanguitarplayers.com\/tienda\/"},{"@type":"ListItem","position":3,"name":"FUNDA GEWA P\/GUIT. CLASICA MOD. 212.100"}]},{"@type":"WebSite","@id":"https:\/\/www.mexicanguitarplayers.com\/#website","url":"https:\/\/www.mexicanguitarplayers.com\/","name":"Mexican Guitar Players","description":"Website","publisher":{"@id":"https:\/\/www.mexicanguitarplayers.com\/#organization"},"potentialAction":[{"@type":"SearchAction","target":{"@type":"EntryPoint","urlTemplate":"https:\/\/www.mexicanguitarplayers.com\/?s={search_term_string}"},"query-input":{"@type":"PropertyValueSpecification","valueRequired":true,"valueName":"search_term_string"}}],"inLanguage":"en-US"},{"@type":"Organization","@id":"https:\/\/www.mexicanguitarplayers.com\/#organization","name":"Mexican Guitar Players","url":"https:\/\/www.mexicanguitarplayers.com\/","logo":{"@type":"ImageObject","inLanguage":"en-US","@id":"https:\/\/www.mexicanguitarplayers.com\/#\/schema\/logo\/image\/","url":"","contentUrl":"","caption":"Mexican Guitar Players"},"image":{"@id":"https:\/\/www.mexicanguitarplayers.com\/#\/schema\/logo\/image\/"}}]}},"brands":[{"id":331,"name":"GEWA","slug":"gewa"}],"_links":{"self":[{"href":"https:\/\/www.mexicanguitarplayers.com\/en\/wp-json\/wp\/v2\/product\/15958","targetHints":{"allow":["GET"]}}],"collection":[{"href":"https:\/\/www.mexicanguitarplayers.com\/en\/wp-json\/wp\/v2\/product"}],"about":[{"href":"https:\/\/www.mexicanguitarplayers.com\/en\/wp-json\/wp\/v2\/types\/product"}],"replies":[{"embeddable":true,"href":"https:\/\/www.mexicanguitarplayers.com\/en\/wp-json\/wp\/v2\/comments?post=15958"}],"wp:featuredmedia":[{"embeddable":true,"href":"https:\/\/www.mexicanguitarplayers.com\/en\/wp-json\/wp\/v2\/media\/15955"}],"wp:attachment":[{"href":"https:\/\/www.mexicanguitarplayers.com\/en\/wp-json\/wp\/v2\/media?parent=15958"}],"wp:term":[{"taxonomy":"pwb-brand","embeddable":true,"href":"https:\/\/www.mexicanguitarplayers.com\/en\/wp-json\/wp\/v2\/pwb-brand?post=15958"},{"taxonomy":"product_brand","embeddable":true,"href":"https:\/\/www.mexicanguitarplayers.com\/en\/wp-json\/wp\/v2\/product_brand?post=15958"},{"taxonomy":"product_cat","embeddable":true,"href":"https:\/\/www.mexicanguitarplayers.com\/en\/wp-json\/wp\/v2\/product_cat?post=15958"},{"taxonomy":"product_tag","embeddable":true,"href":"https:\/\/www.mexicanguitarplayers.com\/en\/wp-json\/wp\/v2\/product_tag?post=15958"}],"curies":[{"name":"wp","href":"https:\/\/api.w.org\/{rel}","templated":true}]}}