{"id":15976,"date":"2022-08-18T16:48:21","date_gmt":"2022-08-18T21:48:21","guid":{"rendered":"https:\/\/www.mexicanguitarplayers.com\/tienda\/sin%20categor\u00eda\/banco-gibraltar-p-baterista-mod-9608\/"},"modified":"2025-03-26T22:39:40","modified_gmt":"2025-03-27T04:39:40","slug":"banco-gibraltar-p-baterista-mod-9608","status":"publish","type":"product","link":"https:\/\/www.mexicanguitarplayers.com\/en\/tienda\/accesorios\/para-bateria\/hardware-para-bateria\/bancos\/banco-gibraltar-p-baterista-mod-9608\/","title":{"rendered":"GIBRALTAR BANK FOR DRUMMER MOD. 9608"},"content":{"rendered":"<div style=\"text-align: justify\">\n<div>\n<h3>GIBRALTAR BANK FOR DRUMMER MOD. 9608<\/h3>\n<\/div>\n<div>Round vinyl drum bench, top grade foam for maximum comfort, adjusts from 20&quot; to 28&quot; inches in height, solid double-slat legs, super-lock clamping system, super-solid rubber feet, height adjustment with lock memory.<\/div>\n<\/div>","protected":false},"excerpt":{"rendered":"<p>Banco redondo de vinyl para baterista, espuma de grado superior para un m\u00e1ximo confort, se ajusta de 20\u201d a 28\u201d pulgadas de altura, patas s\u00f3lidas de doble solera, sistema de sujeci\u00f3n de s\u00faper bloqueo, patas de goma s\u00faper s\u00f3lidas, regulaci\u00f3nde altura con memoria de bloqueo.&hellip; <a class=\"kt-excerpt-readmore more-link\" href=\"https:\/\/www.mexicanguitarplayers.com\/en\/tienda\/accesorios\/para-bateria\/hardware-para-bateria\/bancos\/banco-gibraltar-p-baterista-mod-9608\/\">Read more<\/a><\/p>","protected":false},"featured_media":15975,"comment_status":"open","ping_status":"closed","template":"","meta":{"kt_blocks_editor_width":""},"pwb-brand":[586],"product_brand":[],"product_cat":[85,582,435,306],"product_tag":[],"class_list":{"0":"post-15976","1":"product","2":"type-product","3":"status-publish","4":"has-post-thumbnail","6":"pwb-brand-gibraltar","7":"product_cat-accesorios","8":"product_cat-bancos","9":"product_cat-hardware-para-bateria","10":"product_cat-para-bateria","11":"product_shipping_class-5-10-kg","13":"first","14":"outofstock","15":"taxable","16":"shipping-taxable","17":"purchasable","18":"product-type-simple"},"yoast_head":"<!-- This site is optimized with the Yoast SEO plugin v27.5 - https:\/\/yoast.com\/product\/yoast-seo-wordpress\/ -->\n<title>BANCO GIBRALTAR P\/BATERISTA MOD. 9608 - Mexican Guitar Players<\/title>\n<meta name=\"description\" content=\"BANCO GIBRALTAR P\/BATERISTA MOD. 9608. Banco redondo de vinyl para baterista, espuma de grado superior para un m\u00e1ximo confort, se ajusta de 20\u201d a 28\u201d pulgadas de altura, patas s\u00f3lidas de doble solera, sistema de sujeci\u00f3n de s\u00faper bloqueo, patas de goma s\u00faper s\u00f3lidas, regulaci\u00f3nde altura con memoria de bloqueo.\" \/>\n<meta name=\"robots\" content=\"index, follow, max-snippet:-1, max-image-preview:large, max-video-preview:-1\" \/>\n<link rel=\"canonical\" href=\"https:\/\/www.mexicanguitarplayers.com\/en\/tienda\/accesorios\/para-bateria\/hardware-para-bateria\/bancos\/banco-gibraltar-p-baterista-mod-9608\/\" \/>\n<meta property=\"og:locale\" content=\"en_US\" \/>\n<meta property=\"og:type\" content=\"article\" \/>\n<meta property=\"og:title\" content=\"BANCO GIBRALTAR P\/BATERISTA MOD. 9608 - Mexican Guitar Players\" \/>\n<meta property=\"og:description\" content=\"BANCO GIBRALTAR P\/BATERISTA MOD. 9608. Banco redondo de vinyl para baterista, espuma de grado superior para un m\u00e1ximo confort, se ajusta de 20\u201d a 28\u201d pulgadas de altura, patas s\u00f3lidas de doble solera, sistema de sujeci\u00f3n de s\u00faper bloqueo, patas de goma s\u00faper s\u00f3lidas, regulaci\u00f3nde altura con memoria de bloqueo.\" \/>\n<meta property=\"og:url\" content=\"https:\/\/www.mexicanguitarplayers.com\/en\/tienda\/accesorios\/para-bateria\/hardware-para-bateria\/bancos\/banco-gibraltar-p-baterista-mod-9608\/\" \/>\n<meta property=\"og:site_name\" content=\"Mexican Guitar Players\" \/>\n<meta property=\"article:modified_time\" content=\"2025-03-27T04:39:40+00:00\" \/>\n<meta property=\"og:image\" content=\"https:\/\/www.mexicanguitarplayers.com\/wp-content\/uploads\/2022\/08\/VAGIR9608.jpg\" \/>\n\t<meta property=\"og:image:width\" content=\"1200\" \/>\n\t<meta property=\"og:image:height\" content=\"1200\" \/>\n\t<meta property=\"og:image:type\" content=\"image\/jpeg\" \/>\n<meta name=\"twitter:card\" content=\"summary_large_image\" \/>\n<script type=\"application\/ld+json\" class=\"yoast-schema-graph\">{\"@context\":\"https:\\\/\\\/schema.org\",\"@graph\":[{\"@type\":[\"WebPage\",\"ItemPage\"],\"@id\":\"https:\\\/\\\/www.mexicanguitarplayers.com\\\/tienda\\\/accesorios\\\/para-bateria\\\/hardware-para-bateria\\\/bancos\\\/banco-gibraltar-p-baterista-mod-9608\\\/\",\"url\":\"https:\\\/\\\/www.mexicanguitarplayers.com\\\/tienda\\\/accesorios\\\/para-bateria\\\/hardware-para-bateria\\\/bancos\\\/banco-gibraltar-p-baterista-mod-9608\\\/\",\"name\":\"BANCO GIBRALTAR P\\\/BATERISTA MOD. 9608 - Mexican Guitar Players\",\"isPartOf\":{\"@id\":\"https:\\\/\\\/www.mexicanguitarplayers.com\\\/#website\"},\"primaryImageOfPage\":{\"@id\":\"https:\\\/\\\/www.mexicanguitarplayers.com\\\/tienda\\\/accesorios\\\/para-bateria\\\/hardware-para-bateria\\\/bancos\\\/banco-gibraltar-p-baterista-mod-9608\\\/#primaryimage\"},\"image\":{\"@id\":\"https:\\\/\\\/www.mexicanguitarplayers.com\\\/tienda\\\/accesorios\\\/para-bateria\\\/hardware-para-bateria\\\/bancos\\\/banco-gibraltar-p-baterista-mod-9608\\\/#primaryimage\"},\"thumbnailUrl\":\"https:\\\/\\\/www.mexicanguitarplayers.com\\\/wp-content\\\/uploads\\\/2022\\\/08\\\/VAGIR9608.jpg\",\"datePublished\":\"2022-08-18T21:48:21+00:00\",\"dateModified\":\"2025-03-27T04:39:40+00:00\",\"description\":\"BANCO GIBRALTAR P\\\/BATERISTA MOD. 9608. Banco redondo de vinyl para baterista, espuma de grado superior para un m\u00e1ximo confort, se ajusta de 20\u201d a 28\u201d pulgadas de altura, patas s\u00f3lidas de doble solera, sistema de sujeci\u00f3n de s\u00faper bloqueo, patas de goma s\u00faper s\u00f3lidas, regulaci\u00f3nde altura con memoria de bloqueo.\",\"breadcrumb\":{\"@id\":\"https:\\\/\\\/www.mexicanguitarplayers.com\\\/tienda\\\/accesorios\\\/para-bateria\\\/hardware-para-bateria\\\/bancos\\\/banco-gibraltar-p-baterista-mod-9608\\\/#breadcrumb\"},\"inLanguage\":\"en-US\",\"potentialAction\":[{\"@type\":\"ReadAction\",\"target\":[\"https:\\\/\\\/www.mexicanguitarplayers.com\\\/tienda\\\/accesorios\\\/para-bateria\\\/hardware-para-bateria\\\/bancos\\\/banco-gibraltar-p-baterista-mod-9608\\\/\"]}]},{\"@type\":\"ImageObject\",\"inLanguage\":\"en-US\",\"@id\":\"https:\\\/\\\/www.mexicanguitarplayers.com\\\/tienda\\\/accesorios\\\/para-bateria\\\/hardware-para-bateria\\\/bancos\\\/banco-gibraltar-p-baterista-mod-9608\\\/#primaryimage\",\"url\":\"https:\\\/\\\/www.mexicanguitarplayers.com\\\/wp-content\\\/uploads\\\/2022\\\/08\\\/VAGIR9608.jpg\",\"contentUrl\":\"https:\\\/\\\/www.mexicanguitarplayers.com\\\/wp-content\\\/uploads\\\/2022\\\/08\\\/VAGIR9608.jpg\",\"width\":1200,\"height\":1200},{\"@type\":\"BreadcrumbList\",\"@id\":\"https:\\\/\\\/www.mexicanguitarplayers.com\\\/tienda\\\/accesorios\\\/para-bateria\\\/hardware-para-bateria\\\/bancos\\\/banco-gibraltar-p-baterista-mod-9608\\\/#breadcrumb\",\"itemListElement\":[{\"@type\":\"ListItem\",\"position\":1,\"name\":\"Portada\",\"item\":\"https:\\\/\\\/www.mexicanguitarplayers.com\\\/\"},{\"@type\":\"ListItem\",\"position\":2,\"name\":\"Tienda\",\"item\":\"https:\\\/\\\/www.mexicanguitarplayers.com\\\/tienda\\\/\"},{\"@type\":\"ListItem\",\"position\":3,\"name\":\"BANCO GIBRALTAR P\\\/BATERISTA MOD. 9608\"}]},{\"@type\":\"WebSite\",\"@id\":\"https:\\\/\\\/www.mexicanguitarplayers.com\\\/#website\",\"url\":\"https:\\\/\\\/www.mexicanguitarplayers.com\\\/\",\"name\":\"Mexican Guitar Players\",\"description\":\"Website\",\"publisher\":{\"@id\":\"https:\\\/\\\/www.mexicanguitarplayers.com\\\/#organization\"},\"potentialAction\":[{\"@type\":\"SearchAction\",\"target\":{\"@type\":\"EntryPoint\",\"urlTemplate\":\"https:\\\/\\\/www.mexicanguitarplayers.com\\\/?s={search_term_string}\"},\"query-input\":{\"@type\":\"PropertyValueSpecification\",\"valueRequired\":true,\"valueName\":\"search_term_string\"}}],\"inLanguage\":\"en-US\"},{\"@type\":\"Organization\",\"@id\":\"https:\\\/\\\/www.mexicanguitarplayers.com\\\/#organization\",\"name\":\"Mexican Guitar Players\",\"url\":\"https:\\\/\\\/www.mexicanguitarplayers.com\\\/\",\"logo\":{\"@type\":\"ImageObject\",\"inLanguage\":\"en-US\",\"@id\":\"https:\\\/\\\/www.mexicanguitarplayers.com\\\/#\\\/schema\\\/logo\\\/image\\\/\",\"url\":\"\",\"contentUrl\":\"\",\"caption\":\"Mexican Guitar Players\"},\"image\":{\"@id\":\"https:\\\/\\\/www.mexicanguitarplayers.com\\\/#\\\/schema\\\/logo\\\/image\\\/\"}}]}<\/script>\n<!-- \/ Yoast SEO plugin. -->","yoast_head_json":{"title":"BANCO GIBRALTAR P\/BATERISTA MOD. 9608 - Mexican Guitar Players","description":"BANCO GIBRALTAR P\/BATERISTA MOD. 9608. Banco redondo de vinyl para baterista, espuma de grado superior para un m\u00e1ximo confort, se ajusta de 20\u201d a 28\u201d pulgadas de altura, patas s\u00f3lidas de doble solera, sistema de sujeci\u00f3n de s\u00faper bloqueo, patas de goma s\u00faper s\u00f3lidas, regulaci\u00f3nde altura con memoria de bloqueo.","robots":{"index":"index","follow":"follow","max-snippet":"max-snippet:-1","max-image-preview":"max-image-preview:large","max-video-preview":"max-video-preview:-1"},"canonical":"https:\/\/www.mexicanguitarplayers.com\/en\/tienda\/accesorios\/para-bateria\/hardware-para-bateria\/bancos\/banco-gibraltar-p-baterista-mod-9608\/","og_locale":"en_US","og_type":"article","og_title":"BANCO GIBRALTAR P\/BATERISTA MOD. 9608 - Mexican Guitar Players","og_description":"BANCO GIBRALTAR P\/BATERISTA MOD. 9608. Banco redondo de vinyl para baterista, espuma de grado superior para un m\u00e1ximo confort, se ajusta de 20\u201d a 28\u201d pulgadas de altura, patas s\u00f3lidas de doble solera, sistema de sujeci\u00f3n de s\u00faper bloqueo, patas de goma s\u00faper s\u00f3lidas, regulaci\u00f3nde altura con memoria de bloqueo.","og_url":"https:\/\/www.mexicanguitarplayers.com\/en\/tienda\/accesorios\/para-bateria\/hardware-para-bateria\/bancos\/banco-gibraltar-p-baterista-mod-9608\/","og_site_name":"Mexican Guitar Players","article_modified_time":"2025-03-27T04:39:40+00:00","og_image":[{"width":1200,"height":1200,"url":"https:\/\/www.mexicanguitarplayers.com\/wp-content\/uploads\/2022\/08\/VAGIR9608.jpg","type":"image\/jpeg"}],"twitter_card":"summary_large_image","schema":{"@context":"https:\/\/schema.org","@graph":[{"@type":["WebPage","ItemPage"],"@id":"https:\/\/www.mexicanguitarplayers.com\/tienda\/accesorios\/para-bateria\/hardware-para-bateria\/bancos\/banco-gibraltar-p-baterista-mod-9608\/","url":"https:\/\/www.mexicanguitarplayers.com\/tienda\/accesorios\/para-bateria\/hardware-para-bateria\/bancos\/banco-gibraltar-p-baterista-mod-9608\/","name":"BANCO GIBRALTAR P\/BATERISTA MOD. 9608 - Mexican Guitar Players","isPartOf":{"@id":"https:\/\/www.mexicanguitarplayers.com\/#website"},"primaryImageOfPage":{"@id":"https:\/\/www.mexicanguitarplayers.com\/tienda\/accesorios\/para-bateria\/hardware-para-bateria\/bancos\/banco-gibraltar-p-baterista-mod-9608\/#primaryimage"},"image":{"@id":"https:\/\/www.mexicanguitarplayers.com\/tienda\/accesorios\/para-bateria\/hardware-para-bateria\/bancos\/banco-gibraltar-p-baterista-mod-9608\/#primaryimage"},"thumbnailUrl":"https:\/\/www.mexicanguitarplayers.com\/wp-content\/uploads\/2022\/08\/VAGIR9608.jpg","datePublished":"2022-08-18T21:48:21+00:00","dateModified":"2025-03-27T04:39:40+00:00","description":"BANCO GIBRALTAR P\/BATERISTA MOD. 9608. Banco redondo de vinyl para baterista, espuma de grado superior para un m\u00e1ximo confort, se ajusta de 20\u201d a 28\u201d pulgadas de altura, patas s\u00f3lidas de doble solera, sistema de sujeci\u00f3n de s\u00faper bloqueo, patas de goma s\u00faper s\u00f3lidas, regulaci\u00f3nde altura con memoria de bloqueo.","breadcrumb":{"@id":"https:\/\/www.mexicanguitarplayers.com\/tienda\/accesorios\/para-bateria\/hardware-para-bateria\/bancos\/banco-gibraltar-p-baterista-mod-9608\/#breadcrumb"},"inLanguage":"en-US","potentialAction":[{"@type":"ReadAction","target":["https:\/\/www.mexicanguitarplayers.com\/tienda\/accesorios\/para-bateria\/hardware-para-bateria\/bancos\/banco-gibraltar-p-baterista-mod-9608\/"]}]},{"@type":"ImageObject","inLanguage":"en-US","@id":"https:\/\/www.mexicanguitarplayers.com\/tienda\/accesorios\/para-bateria\/hardware-para-bateria\/bancos\/banco-gibraltar-p-baterista-mod-9608\/#primaryimage","url":"https:\/\/www.mexicanguitarplayers.com\/wp-content\/uploads\/2022\/08\/VAGIR9608.jpg","contentUrl":"https:\/\/www.mexicanguitarplayers.com\/wp-content\/uploads\/2022\/08\/VAGIR9608.jpg","width":1200,"height":1200},{"@type":"BreadcrumbList","@id":"https:\/\/www.mexicanguitarplayers.com\/tienda\/accesorios\/para-bateria\/hardware-para-bateria\/bancos\/banco-gibraltar-p-baterista-mod-9608\/#breadcrumb","itemListElement":[{"@type":"ListItem","position":1,"name":"Portada","item":"https:\/\/www.mexicanguitarplayers.com\/"},{"@type":"ListItem","position":2,"name":"Tienda","item":"https:\/\/www.mexicanguitarplayers.com\/tienda\/"},{"@type":"ListItem","position":3,"name":"BANCO GIBRALTAR P\/BATERISTA MOD. 9608"}]},{"@type":"WebSite","@id":"https:\/\/www.mexicanguitarplayers.com\/#website","url":"https:\/\/www.mexicanguitarplayers.com\/","name":"Mexican Guitar Players","description":"Website","publisher":{"@id":"https:\/\/www.mexicanguitarplayers.com\/#organization"},"potentialAction":[{"@type":"SearchAction","target":{"@type":"EntryPoint","urlTemplate":"https:\/\/www.mexicanguitarplayers.com\/?s={search_term_string}"},"query-input":{"@type":"PropertyValueSpecification","valueRequired":true,"valueName":"search_term_string"}}],"inLanguage":"en-US"},{"@type":"Organization","@id":"https:\/\/www.mexicanguitarplayers.com\/#organization","name":"Mexican Guitar Players","url":"https:\/\/www.mexicanguitarplayers.com\/","logo":{"@type":"ImageObject","inLanguage":"en-US","@id":"https:\/\/www.mexicanguitarplayers.com\/#\/schema\/logo\/image\/","url":"","contentUrl":"","caption":"Mexican Guitar Players"},"image":{"@id":"https:\/\/www.mexicanguitarplayers.com\/#\/schema\/logo\/image\/"}}]}},"brands":[{"id":586,"name":"GIBRALTAR","slug":"gibraltar"}],"_links":{"self":[{"href":"https:\/\/www.mexicanguitarplayers.com\/en\/wp-json\/wp\/v2\/product\/15976","targetHints":{"allow":["GET"]}}],"collection":[{"href":"https:\/\/www.mexicanguitarplayers.com\/en\/wp-json\/wp\/v2\/product"}],"about":[{"href":"https:\/\/www.mexicanguitarplayers.com\/en\/wp-json\/wp\/v2\/types\/product"}],"replies":[{"embeddable":true,"href":"https:\/\/www.mexicanguitarplayers.com\/en\/wp-json\/wp\/v2\/comments?post=15976"}],"wp:featuredmedia":[{"embeddable":true,"href":"https:\/\/www.mexicanguitarplayers.com\/en\/wp-json\/wp\/v2\/media\/15975"}],"wp:attachment":[{"href":"https:\/\/www.mexicanguitarplayers.com\/en\/wp-json\/wp\/v2\/media?parent=15976"}],"wp:term":[{"taxonomy":"pwb-brand","embeddable":true,"href":"https:\/\/www.mexicanguitarplayers.com\/en\/wp-json\/wp\/v2\/pwb-brand?post=15976"},{"taxonomy":"product_brand","embeddable":true,"href":"https:\/\/www.mexicanguitarplayers.com\/en\/wp-json\/wp\/v2\/product_brand?post=15976"},{"taxonomy":"product_cat","embeddable":true,"href":"https:\/\/www.mexicanguitarplayers.com\/en\/wp-json\/wp\/v2\/product_cat?post=15976"},{"taxonomy":"product_tag","embeddable":true,"href":"https:\/\/www.mexicanguitarplayers.com\/en\/wp-json\/wp\/v2\/product_tag?post=15976"}],"curies":[{"name":"wp","href":"https:\/\/api.w.org\/{rel}","templated":true}]}}