{"id":16025,"date":"2022-08-18T16:50:03","date_gmt":"2022-08-18T21:50:03","guid":{"rendered":"https:\/\/www.mexicanguitarplayers.com\/tienda\/sin%20categor\u00eda\/atril-hercules-p-partitura-bs030bb\/"},"modified":"2026-04-20T19:15:13","modified_gmt":"2026-04-21T01:15:13","slug":"atril-hercules-p-partitura-bs030bb","status":"publish","type":"product","link":"https:\/\/www.mexicanguitarplayers.com\/en\/tienda\/accesorios\/stands\/para-partitura\/atril-hercules-p-partitura-bs030bb\/","title":{"rendered":"HERCULES STAND FOR SHEET BS030BB"},"content":{"rendered":"<div style=\"text-align: justify\">\n<div>\n<h3>HERCULES STAND FOR SHEET BS030BB<\/h3>\n<\/div>\n<div>Sheet music stand, foldable and compact, two page retainers on the sides, strong and sturdy tripod support, durable supports and tubes offer great stability and easily extend to the desired height, fits easily in your backpack, supports up to 2.5 kg , weight: 1.1 kg.<\/div>\n<\/div>","protected":false},"excerpt":{"rendered":"<p>Atril para partituras, plegable y compacto, dos retenedores de p\u00e1gina a los lados, soporte tr\u00edpode fuerte y resistente, soportes y tubos duraderos que ofrecen una gran estabilidad y se extienden f\u00e1cilmente a la altura deseada, cabe f\u00e1cilmente en tu mochila, soporta hasta 2.5 kg, peso: 1.1 kg.&hellip; <a class=\"kt-excerpt-readmore more-link\" href=\"https:\/\/www.mexicanguitarplayers.com\/en\/tienda\/accesorios\/stands\/para-partitura\/atril-hercules-p-partitura-bs030bb\/\">Read more<\/a><\/p>","protected":false},"featured_media":16020,"comment_status":"open","ping_status":"closed","template":"","meta":{"kt_blocks_editor_width":""},"pwb-brand":[587],"product_brand":[],"product_cat":[85,512,416],"product_tag":[],"class_list":{"0":"post-16025","1":"product","2":"type-product","3":"status-publish","4":"has-post-thumbnail","6":"pwb-brand-hercules","7":"product_cat-accesorios","8":"product_cat-para-partitura","9":"product_cat-stands","10":"product_shipping_class-0-5-kg","12":"first","13":"instock","14":"taxable","15":"shipping-taxable","16":"purchasable","17":"product-type-simple"},"yoast_head":"<!-- This site is optimized with the Yoast SEO plugin v27.5 - https:\/\/yoast.com\/product\/yoast-seo-wordpress\/ -->\n<title>ATRIL HERCULES P\/PARTITURA BS030BB - Mexican Guitar Players<\/title>\n<meta name=\"description\" content=\"ATRIL HERCULES P\/PARTITURA BS030BB. Atril para partituras, plegable y compacto, dos retenedores de p\u00e1gina a los lados, soporte tr\u00edpode fuerte y resistente, soportes y tubos duraderos que ofrecen una gran estabilidad y se extienden f\u00e1cilmente a la altura deseada, cabe f\u00e1cilmente en tu mochila, soporta hasta 2.5 kg, peso: 1.1 kg.\" \/>\n<meta name=\"robots\" content=\"index, follow, max-snippet:-1, max-image-preview:large, max-video-preview:-1\" \/>\n<link rel=\"canonical\" href=\"https:\/\/www.mexicanguitarplayers.com\/en\/tienda\/accesorios\/stands\/para-partitura\/atril-hercules-p-partitura-bs030bb\/\" \/>\n<meta property=\"og:locale\" content=\"en_US\" \/>\n<meta property=\"og:type\" content=\"article\" \/>\n<meta property=\"og:title\" content=\"ATRIL HERCULES P\/PARTITURA BS030BB - Mexican Guitar Players\" \/>\n<meta property=\"og:description\" content=\"ATRIL HERCULES P\/PARTITURA BS030BB. Atril para partituras, plegable y compacto, dos retenedores de p\u00e1gina a los lados, soporte tr\u00edpode fuerte y resistente, soportes y tubos duraderos que ofrecen una gran estabilidad y se extienden f\u00e1cilmente a la altura deseada, cabe f\u00e1cilmente en tu mochila, soporta hasta 2.5 kg, peso: 1.1 kg.\" \/>\n<meta property=\"og:url\" content=\"https:\/\/www.mexicanguitarplayers.com\/en\/tienda\/accesorios\/stands\/para-partitura\/atril-hercules-p-partitura-bs030bb\/\" \/>\n<meta property=\"og:site_name\" content=\"Mexican Guitar Players\" \/>\n<meta property=\"article:modified_time\" content=\"2026-04-21T01:15:13+00:00\" \/>\n<meta property=\"og:image\" content=\"https:\/\/www.mexicanguitarplayers.com\/wp-content\/uploads\/2022\/08\/VAHERBS030BB.jpg\" \/>\n\t<meta property=\"og:image:width\" content=\"1200\" \/>\n\t<meta property=\"og:image:height\" content=\"1200\" \/>\n\t<meta property=\"og:image:type\" content=\"image\/jpeg\" \/>\n<meta name=\"twitter:card\" content=\"summary_large_image\" \/>\n<script type=\"application\/ld+json\" class=\"yoast-schema-graph\">{\"@context\":\"https:\\\/\\\/schema.org\",\"@graph\":[{\"@type\":[\"WebPage\",\"ItemPage\"],\"@id\":\"https:\\\/\\\/www.mexicanguitarplayers.com\\\/tienda\\\/accesorios\\\/stands\\\/para-partitura\\\/atril-hercules-p-partitura-bs030bb\\\/\",\"url\":\"https:\\\/\\\/www.mexicanguitarplayers.com\\\/tienda\\\/accesorios\\\/stands\\\/para-partitura\\\/atril-hercules-p-partitura-bs030bb\\\/\",\"name\":\"ATRIL HERCULES P\\\/PARTITURA BS030BB - Mexican Guitar Players\",\"isPartOf\":{\"@id\":\"https:\\\/\\\/www.mexicanguitarplayers.com\\\/#website\"},\"primaryImageOfPage\":{\"@id\":\"https:\\\/\\\/www.mexicanguitarplayers.com\\\/tienda\\\/accesorios\\\/stands\\\/para-partitura\\\/atril-hercules-p-partitura-bs030bb\\\/#primaryimage\"},\"image\":{\"@id\":\"https:\\\/\\\/www.mexicanguitarplayers.com\\\/tienda\\\/accesorios\\\/stands\\\/para-partitura\\\/atril-hercules-p-partitura-bs030bb\\\/#primaryimage\"},\"thumbnailUrl\":\"https:\\\/\\\/www.mexicanguitarplayers.com\\\/wp-content\\\/uploads\\\/2022\\\/08\\\/VAHERBS030BB.jpg\",\"datePublished\":\"2022-08-18T21:50:03+00:00\",\"dateModified\":\"2026-04-21T01:15:13+00:00\",\"description\":\"ATRIL HERCULES P\\\/PARTITURA BS030BB. Atril para partituras, plegable y compacto, dos retenedores de p\u00e1gina a los lados, soporte tr\u00edpode fuerte y resistente, soportes y tubos duraderos que ofrecen una gran estabilidad y se extienden f\u00e1cilmente a la altura deseada, cabe f\u00e1cilmente en tu mochila, soporta hasta 2.5 kg, peso: 1.1 kg.\",\"breadcrumb\":{\"@id\":\"https:\\\/\\\/www.mexicanguitarplayers.com\\\/tienda\\\/accesorios\\\/stands\\\/para-partitura\\\/atril-hercules-p-partitura-bs030bb\\\/#breadcrumb\"},\"inLanguage\":\"en-US\",\"potentialAction\":[{\"@type\":\"ReadAction\",\"target\":[\"https:\\\/\\\/www.mexicanguitarplayers.com\\\/tienda\\\/accesorios\\\/stands\\\/para-partitura\\\/atril-hercules-p-partitura-bs030bb\\\/\"]}]},{\"@type\":\"ImageObject\",\"inLanguage\":\"en-US\",\"@id\":\"https:\\\/\\\/www.mexicanguitarplayers.com\\\/tienda\\\/accesorios\\\/stands\\\/para-partitura\\\/atril-hercules-p-partitura-bs030bb\\\/#primaryimage\",\"url\":\"https:\\\/\\\/www.mexicanguitarplayers.com\\\/wp-content\\\/uploads\\\/2022\\\/08\\\/VAHERBS030BB.jpg\",\"contentUrl\":\"https:\\\/\\\/www.mexicanguitarplayers.com\\\/wp-content\\\/uploads\\\/2022\\\/08\\\/VAHERBS030BB.jpg\",\"width\":1200,\"height\":1200},{\"@type\":\"BreadcrumbList\",\"@id\":\"https:\\\/\\\/www.mexicanguitarplayers.com\\\/tienda\\\/accesorios\\\/stands\\\/para-partitura\\\/atril-hercules-p-partitura-bs030bb\\\/#breadcrumb\",\"itemListElement\":[{\"@type\":\"ListItem\",\"position\":1,\"name\":\"Portada\",\"item\":\"https:\\\/\\\/www.mexicanguitarplayers.com\\\/\"},{\"@type\":\"ListItem\",\"position\":2,\"name\":\"Tienda\",\"item\":\"https:\\\/\\\/www.mexicanguitarplayers.com\\\/tienda\\\/\"},{\"@type\":\"ListItem\",\"position\":3,\"name\":\"ATRIL HERCULES P\\\/PARTITURA BS030BB\"}]},{\"@type\":\"WebSite\",\"@id\":\"https:\\\/\\\/www.mexicanguitarplayers.com\\\/#website\",\"url\":\"https:\\\/\\\/www.mexicanguitarplayers.com\\\/\",\"name\":\"Mexican Guitar Players\",\"description\":\"Website\",\"publisher\":{\"@id\":\"https:\\\/\\\/www.mexicanguitarplayers.com\\\/#organization\"},\"potentialAction\":[{\"@type\":\"SearchAction\",\"target\":{\"@type\":\"EntryPoint\",\"urlTemplate\":\"https:\\\/\\\/www.mexicanguitarplayers.com\\\/?s={search_term_string}\"},\"query-input\":{\"@type\":\"PropertyValueSpecification\",\"valueRequired\":true,\"valueName\":\"search_term_string\"}}],\"inLanguage\":\"en-US\"},{\"@type\":\"Organization\",\"@id\":\"https:\\\/\\\/www.mexicanguitarplayers.com\\\/#organization\",\"name\":\"Mexican Guitar Players\",\"url\":\"https:\\\/\\\/www.mexicanguitarplayers.com\\\/\",\"logo\":{\"@type\":\"ImageObject\",\"inLanguage\":\"en-US\",\"@id\":\"https:\\\/\\\/www.mexicanguitarplayers.com\\\/#\\\/schema\\\/logo\\\/image\\\/\",\"url\":\"\",\"contentUrl\":\"\",\"caption\":\"Mexican Guitar Players\"},\"image\":{\"@id\":\"https:\\\/\\\/www.mexicanguitarplayers.com\\\/#\\\/schema\\\/logo\\\/image\\\/\"}}]}<\/script>\n<!-- \/ Yoast SEO plugin. -->","yoast_head_json":{"title":"ATRIL HERCULES P\/PARTITURA BS030BB - Mexican Guitar Players","description":"ATRIL HERCULES P\/PARTITURA BS030BB. Atril para partituras, plegable y compacto, dos retenedores de p\u00e1gina a los lados, soporte tr\u00edpode fuerte y resistente, soportes y tubos duraderos que ofrecen una gran estabilidad y se extienden f\u00e1cilmente a la altura deseada, cabe f\u00e1cilmente en tu mochila, soporta hasta 2.5 kg, peso: 1.1 kg.","robots":{"index":"index","follow":"follow","max-snippet":"max-snippet:-1","max-image-preview":"max-image-preview:large","max-video-preview":"max-video-preview:-1"},"canonical":"https:\/\/www.mexicanguitarplayers.com\/en\/tienda\/accesorios\/stands\/para-partitura\/atril-hercules-p-partitura-bs030bb\/","og_locale":"en_US","og_type":"article","og_title":"ATRIL HERCULES P\/PARTITURA BS030BB - Mexican Guitar Players","og_description":"ATRIL HERCULES P\/PARTITURA BS030BB. Atril para partituras, plegable y compacto, dos retenedores de p\u00e1gina a los lados, soporte tr\u00edpode fuerte y resistente, soportes y tubos duraderos que ofrecen una gran estabilidad y se extienden f\u00e1cilmente a la altura deseada, cabe f\u00e1cilmente en tu mochila, soporta hasta 2.5 kg, peso: 1.1 kg.","og_url":"https:\/\/www.mexicanguitarplayers.com\/en\/tienda\/accesorios\/stands\/para-partitura\/atril-hercules-p-partitura-bs030bb\/","og_site_name":"Mexican Guitar Players","article_modified_time":"2026-04-21T01:15:13+00:00","og_image":[{"width":1200,"height":1200,"url":"https:\/\/www.mexicanguitarplayers.com\/wp-content\/uploads\/2022\/08\/VAHERBS030BB.jpg","type":"image\/jpeg"}],"twitter_card":"summary_large_image","schema":{"@context":"https:\/\/schema.org","@graph":[{"@type":["WebPage","ItemPage"],"@id":"https:\/\/www.mexicanguitarplayers.com\/tienda\/accesorios\/stands\/para-partitura\/atril-hercules-p-partitura-bs030bb\/","url":"https:\/\/www.mexicanguitarplayers.com\/tienda\/accesorios\/stands\/para-partitura\/atril-hercules-p-partitura-bs030bb\/","name":"ATRIL HERCULES P\/PARTITURA BS030BB - Mexican Guitar Players","isPartOf":{"@id":"https:\/\/www.mexicanguitarplayers.com\/#website"},"primaryImageOfPage":{"@id":"https:\/\/www.mexicanguitarplayers.com\/tienda\/accesorios\/stands\/para-partitura\/atril-hercules-p-partitura-bs030bb\/#primaryimage"},"image":{"@id":"https:\/\/www.mexicanguitarplayers.com\/tienda\/accesorios\/stands\/para-partitura\/atril-hercules-p-partitura-bs030bb\/#primaryimage"},"thumbnailUrl":"https:\/\/www.mexicanguitarplayers.com\/wp-content\/uploads\/2022\/08\/VAHERBS030BB.jpg","datePublished":"2022-08-18T21:50:03+00:00","dateModified":"2026-04-21T01:15:13+00:00","description":"ATRIL HERCULES P\/PARTITURA BS030BB. Atril para partituras, plegable y compacto, dos retenedores de p\u00e1gina a los lados, soporte tr\u00edpode fuerte y resistente, soportes y tubos duraderos que ofrecen una gran estabilidad y se extienden f\u00e1cilmente a la altura deseada, cabe f\u00e1cilmente en tu mochila, soporta hasta 2.5 kg, peso: 1.1 kg.","breadcrumb":{"@id":"https:\/\/www.mexicanguitarplayers.com\/tienda\/accesorios\/stands\/para-partitura\/atril-hercules-p-partitura-bs030bb\/#breadcrumb"},"inLanguage":"en-US","potentialAction":[{"@type":"ReadAction","target":["https:\/\/www.mexicanguitarplayers.com\/tienda\/accesorios\/stands\/para-partitura\/atril-hercules-p-partitura-bs030bb\/"]}]},{"@type":"ImageObject","inLanguage":"en-US","@id":"https:\/\/www.mexicanguitarplayers.com\/tienda\/accesorios\/stands\/para-partitura\/atril-hercules-p-partitura-bs030bb\/#primaryimage","url":"https:\/\/www.mexicanguitarplayers.com\/wp-content\/uploads\/2022\/08\/VAHERBS030BB.jpg","contentUrl":"https:\/\/www.mexicanguitarplayers.com\/wp-content\/uploads\/2022\/08\/VAHERBS030BB.jpg","width":1200,"height":1200},{"@type":"BreadcrumbList","@id":"https:\/\/www.mexicanguitarplayers.com\/tienda\/accesorios\/stands\/para-partitura\/atril-hercules-p-partitura-bs030bb\/#breadcrumb","itemListElement":[{"@type":"ListItem","position":1,"name":"Portada","item":"https:\/\/www.mexicanguitarplayers.com\/"},{"@type":"ListItem","position":2,"name":"Tienda","item":"https:\/\/www.mexicanguitarplayers.com\/tienda\/"},{"@type":"ListItem","position":3,"name":"ATRIL HERCULES P\/PARTITURA BS030BB"}]},{"@type":"WebSite","@id":"https:\/\/www.mexicanguitarplayers.com\/#website","url":"https:\/\/www.mexicanguitarplayers.com\/","name":"Mexican Guitar Players","description":"Website","publisher":{"@id":"https:\/\/www.mexicanguitarplayers.com\/#organization"},"potentialAction":[{"@type":"SearchAction","target":{"@type":"EntryPoint","urlTemplate":"https:\/\/www.mexicanguitarplayers.com\/?s={search_term_string}"},"query-input":{"@type":"PropertyValueSpecification","valueRequired":true,"valueName":"search_term_string"}}],"inLanguage":"en-US"},{"@type":"Organization","@id":"https:\/\/www.mexicanguitarplayers.com\/#organization","name":"Mexican Guitar Players","url":"https:\/\/www.mexicanguitarplayers.com\/","logo":{"@type":"ImageObject","inLanguage":"en-US","@id":"https:\/\/www.mexicanguitarplayers.com\/#\/schema\/logo\/image\/","url":"","contentUrl":"","caption":"Mexican Guitar Players"},"image":{"@id":"https:\/\/www.mexicanguitarplayers.com\/#\/schema\/logo\/image\/"}}]}},"brands":[{"id":587,"name":"HERCULES","slug":"hercules"}],"_links":{"self":[{"href":"https:\/\/www.mexicanguitarplayers.com\/en\/wp-json\/wp\/v2\/product\/16025","targetHints":{"allow":["GET"]}}],"collection":[{"href":"https:\/\/www.mexicanguitarplayers.com\/en\/wp-json\/wp\/v2\/product"}],"about":[{"href":"https:\/\/www.mexicanguitarplayers.com\/en\/wp-json\/wp\/v2\/types\/product"}],"replies":[{"embeddable":true,"href":"https:\/\/www.mexicanguitarplayers.com\/en\/wp-json\/wp\/v2\/comments?post=16025"}],"wp:featuredmedia":[{"embeddable":true,"href":"https:\/\/www.mexicanguitarplayers.com\/en\/wp-json\/wp\/v2\/media\/16020"}],"wp:attachment":[{"href":"https:\/\/www.mexicanguitarplayers.com\/en\/wp-json\/wp\/v2\/media?parent=16025"}],"wp:term":[{"taxonomy":"pwb-brand","embeddable":true,"href":"https:\/\/www.mexicanguitarplayers.com\/en\/wp-json\/wp\/v2\/pwb-brand?post=16025"},{"taxonomy":"product_brand","embeddable":true,"href":"https:\/\/www.mexicanguitarplayers.com\/en\/wp-json\/wp\/v2\/product_brand?post=16025"},{"taxonomy":"product_cat","embeddable":true,"href":"https:\/\/www.mexicanguitarplayers.com\/en\/wp-json\/wp\/v2\/product_cat?post=16025"},{"taxonomy":"product_tag","embeddable":true,"href":"https:\/\/www.mexicanguitarplayers.com\/en\/wp-json\/wp\/v2\/product_tag?post=16025"}],"curies":[{"name":"wp","href":"https:\/\/api.w.org\/{rel}","templated":true}]}}