{"id":16227,"date":"2022-08-18T17:07:20","date_gmt":"2022-08-18T22:07:20","guid":{"rendered":"https:\/\/www.mexicanguitarplayers.com\/tienda\/sin%20categor\u00eda\/pedal-hotone-mod-ad-20-a-station\/"},"modified":"2023-01-12T19:12:41","modified_gmt":"2023-01-13T01:12:41","slug":"pedal-hotone-mod-ad-20-a-station","status":"publish","type":"product","link":"https:\/\/www.mexicanguitarplayers.com\/en\/tienda\/cuerdas\/efectos\/efectos-individuales\/pedal-hotone-mod-ad-20-a-station\/","title":{"rendered":"HOTONE PEDAL MOD. AD-20 A STATION"},"content":{"rendered":"<div style=\"text-align: justify\">\n<div>\n<h3>HOTONE PEDAL MOD. AD-20 A STATION<\/h3>\n<\/div>\n<div>Compact size acoustic preamp pedal, durable aluminum housing, powerful 3-band EQ with pre\/post selection to boost and shape your bass tones, DRIVE channel with a wide tonal range from mild to massive distortion, thoughtfully integrated optical compressor designed, BLEND knob to combine the driven signal and the direct signal, DI output to feed the signal directly to the mixer or for recording, effects loop for extended bass effects, different outputs (XLR output, \u00bc&quot; output, parallel output of \u00bc\u201d) to work with bass amps, audio interfaces, mixers and other equipment, phone jack for quiet practice, Ground-Lift function to eliminate ground noise, works with a 9V power adapter or battery 9V, dimensions: 140 x 120 \u00d7 54mm, weight: 470g.<\/div>\n<\/div>","protected":false},"excerpt":{"rendered":"<p>Pedal preamplificador ac\u00fastico de tama\u00f1o compacto, resistente carcasa de aluminio, potente ecualizador de 3 bandas con selecci\u00f3n pre\/post para realzar y dar forma a tus tonos graves, canal DRIVE con un amplio rango tonal de distorsi\u00f3n leve a distorsi\u00f3n masiva, compresor \u00f3ptico integrado cuidadosamente dise\u00f1ado, perilla BLEND para combinar la se\u00f1al impulsada y la se\u00f1al directa, salida DI para alimentar la se\u00f1al directamente a la mezcladora o para grabar, loop de efectos para efectos de bajo extendidos, diferentes salidas (salida XLR, salida \u00bc\u201d, salida paralela de \u00bc\u201d) para funcionar con amplificadores de bajo, interfaces de audio, mezcladoras y dem\u00e1s equipos, jack de aud\u00edfonos para una pr\u00e1ctica silenciosa, funci\u00f3n Ground-Lift para eliminar el ruido de tierra, funciona con un adaptador de corriente de 9V o una pila de 9V, dimensiones: 140 x 120 \u00d7 54 mm, peso: 470 g.&hellip; <a class=\"kt-excerpt-readmore more-link\" href=\"https:\/\/www.mexicanguitarplayers.com\/en\/tienda\/cuerdas\/efectos\/efectos-individuales\/pedal-hotone-mod-ad-20-a-station\/\">Read more<\/a><\/p>","protected":false},"featured_media":16224,"comment_status":"open","ping_status":"closed","template":"","meta":{"kt_blocks_editor_width":""},"pwb-brand":[183],"product_brand":[],"product_cat":[224,241,504],"product_tag":[],"class_list":{"0":"post-16227","1":"product","2":"type-product","3":"status-publish","4":"has-post-thumbnail","6":"pwb-brand-hotone","7":"product_cat-cuerdas","8":"product_cat-efectos","9":"product_cat-efectos-individuales","10":"product_shipping_class-0-5-kg","12":"first","13":"outofstock","14":"taxable","15":"shipping-taxable","16":"purchasable","17":"product-type-simple"},"yoast_head":"<!-- This site is optimized with the Yoast SEO plugin v27.5 - https:\/\/yoast.com\/product\/yoast-seo-wordpress\/ -->\n<title>PEDAL HOTONE MOD. AD-20 A STATION - Mexican Guitar Players<\/title>\n<meta name=\"description\" content=\"PEDAL HOTONE MOD. AD-20 A STATION. Pedal preamplificador ac\u00fastico de tama\u00f1o compacto, resistente carcasa de aluminio, potente ecualizador de 3 bandas con selecci\u00f3n pre\/post para realzar y dar forma a tus tonos graves, canal DRIVE con un amplio rango tonal de distorsi\u00f3n leve a distorsi\u00f3n masiva, compresor \u00f3ptico integrado cuidadosamente dise\u00f1ado, perilla BLEND para combinar la se\u00f1al impulsada y la se\u00f1al directa, salida DI para alimentar la se\u00f1al directamente a la mezcladora o para grabar, loop de efectos para efectos de bajo extendidos, diferentes salidas (salida XLR, salida \u00bc\u201d, salida paralela de \u00bc\u201d) para funcionar con amplificadores de bajo, interfaces de audio, mezcladoras y dem\u00e1s equipos, jack de aud\u00edfonos para una pr\u00e1ctica silenciosa, funci\u00f3n Ground-Lift para eliminar el ruido de tierra, funciona con un adaptador de corriente de 9V o una pila de 9V, dimensiones: 140 x 120 \u00d7 54 mm, peso: 470 g.\" \/>\n<meta name=\"robots\" content=\"index, follow, max-snippet:-1, max-image-preview:large, max-video-preview:-1\" \/>\n<link rel=\"canonical\" href=\"https:\/\/www.mexicanguitarplayers.com\/en\/tienda\/cuerdas\/efectos\/efectos-individuales\/pedal-hotone-mod-ad-20-a-station\/\" \/>\n<meta property=\"og:locale\" content=\"en_US\" \/>\n<meta property=\"og:type\" content=\"article\" \/>\n<meta property=\"og:title\" content=\"PEDAL HOTONE MOD. AD-20 A STATION - Mexican Guitar Players\" \/>\n<meta property=\"og:description\" content=\"PEDAL HOTONE MOD. AD-20 A STATION. Pedal preamplificador ac\u00fastico de tama\u00f1o compacto, resistente carcasa de aluminio, potente ecualizador de 3 bandas con selecci\u00f3n pre\/post para realzar y dar forma a tus tonos graves, canal DRIVE con un amplio rango tonal de distorsi\u00f3n leve a distorsi\u00f3n masiva, compresor \u00f3ptico integrado cuidadosamente dise\u00f1ado, perilla BLEND para combinar la se\u00f1al impulsada y la se\u00f1al directa, salida DI para alimentar la se\u00f1al directamente a la mezcladora o para grabar, loop de efectos para efectos de bajo extendidos, diferentes salidas (salida XLR, salida \u00bc\u201d, salida paralela de \u00bc\u201d) para funcionar con amplificadores de bajo, interfaces de audio, mezcladoras y dem\u00e1s equipos, jack de aud\u00edfonos para una pr\u00e1ctica silenciosa, funci\u00f3n Ground-Lift para eliminar el ruido de tierra, funciona con un adaptador de corriente de 9V o una pila de 9V, dimensiones: 140 x 120 \u00d7 54 mm, peso: 470 g.\" \/>\n<meta property=\"og:url\" content=\"https:\/\/www.mexicanguitarplayers.com\/en\/tienda\/cuerdas\/efectos\/efectos-individuales\/pedal-hotone-mod-ad-20-a-station\/\" \/>\n<meta property=\"og:site_name\" content=\"Mexican Guitar Players\" \/>\n<meta property=\"article:modified_time\" content=\"2023-01-13T01:12:41+00:00\" \/>\n<meta property=\"og:image\" content=\"https:\/\/www.mexicanguitarplayers.com\/wp-content\/uploads\/2022\/08\/VAHOTAD20.jpg\" \/>\n\t<meta property=\"og:image:width\" content=\"1200\" \/>\n\t<meta property=\"og:image:height\" content=\"1200\" \/>\n\t<meta property=\"og:image:type\" content=\"image\/jpeg\" \/>\n<meta name=\"twitter:card\" content=\"summary_large_image\" \/>\n<meta name=\"twitter:label1\" content=\"Est. reading time\" \/>\n\t<meta name=\"twitter:data1\" content=\"1 minute\" \/>\n<script type=\"application\/ld+json\" class=\"yoast-schema-graph\">{\"@context\":\"https:\\\/\\\/schema.org\",\"@graph\":[{\"@type\":[\"WebPage\",\"ItemPage\"],\"@id\":\"https:\\\/\\\/www.mexicanguitarplayers.com\\\/tienda\\\/cuerdas\\\/efectos\\\/efectos-individuales\\\/pedal-hotone-mod-ad-20-a-station\\\/\",\"url\":\"https:\\\/\\\/www.mexicanguitarplayers.com\\\/tienda\\\/cuerdas\\\/efectos\\\/efectos-individuales\\\/pedal-hotone-mod-ad-20-a-station\\\/\",\"name\":\"PEDAL HOTONE MOD. AD-20 A STATION - Mexican Guitar Players\",\"isPartOf\":{\"@id\":\"https:\\\/\\\/www.mexicanguitarplayers.com\\\/#website\"},\"primaryImageOfPage\":{\"@id\":\"https:\\\/\\\/www.mexicanguitarplayers.com\\\/tienda\\\/cuerdas\\\/efectos\\\/efectos-individuales\\\/pedal-hotone-mod-ad-20-a-station\\\/#primaryimage\"},\"image\":{\"@id\":\"https:\\\/\\\/www.mexicanguitarplayers.com\\\/tienda\\\/cuerdas\\\/efectos\\\/efectos-individuales\\\/pedal-hotone-mod-ad-20-a-station\\\/#primaryimage\"},\"thumbnailUrl\":\"https:\\\/\\\/www.mexicanguitarplayers.com\\\/wp-content\\\/uploads\\\/2022\\\/08\\\/VAHOTAD20.jpg\",\"datePublished\":\"2022-08-18T22:07:20+00:00\",\"dateModified\":\"2023-01-13T01:12:41+00:00\",\"description\":\"PEDAL HOTONE MOD. AD-20 A STATION. Pedal preamplificador ac\u00fastico de tama\u00f1o compacto, resistente carcasa de aluminio, potente ecualizador de 3 bandas con selecci\u00f3n pre\\\/post para realzar y dar forma a tus tonos graves, canal DRIVE con un amplio rango tonal de distorsi\u00f3n leve a distorsi\u00f3n masiva, compresor \u00f3ptico integrado cuidadosamente dise\u00f1ado, perilla BLEND para combinar la se\u00f1al impulsada y la se\u00f1al directa, salida DI para alimentar la se\u00f1al directamente a la mezcladora o para grabar, loop de efectos para efectos de bajo extendidos, diferentes salidas (salida XLR, salida \u00bc\u201d, salida paralela de \u00bc\u201d) para funcionar con amplificadores de bajo, interfaces de audio, mezcladoras y dem\u00e1s equipos, jack de aud\u00edfonos para una pr\u00e1ctica silenciosa, funci\u00f3n Ground-Lift para eliminar el ruido de tierra, funciona con un adaptador de corriente de 9V o una pila de 9V, dimensiones: 140 x 120 \u00d7 54 mm, peso: 470 g.\",\"breadcrumb\":{\"@id\":\"https:\\\/\\\/www.mexicanguitarplayers.com\\\/tienda\\\/cuerdas\\\/efectos\\\/efectos-individuales\\\/pedal-hotone-mod-ad-20-a-station\\\/#breadcrumb\"},\"inLanguage\":\"en-US\",\"potentialAction\":[{\"@type\":\"ReadAction\",\"target\":[\"https:\\\/\\\/www.mexicanguitarplayers.com\\\/tienda\\\/cuerdas\\\/efectos\\\/efectos-individuales\\\/pedal-hotone-mod-ad-20-a-station\\\/\"]}]},{\"@type\":\"ImageObject\",\"inLanguage\":\"en-US\",\"@id\":\"https:\\\/\\\/www.mexicanguitarplayers.com\\\/tienda\\\/cuerdas\\\/efectos\\\/efectos-individuales\\\/pedal-hotone-mod-ad-20-a-station\\\/#primaryimage\",\"url\":\"https:\\\/\\\/www.mexicanguitarplayers.com\\\/wp-content\\\/uploads\\\/2022\\\/08\\\/VAHOTAD20.jpg\",\"contentUrl\":\"https:\\\/\\\/www.mexicanguitarplayers.com\\\/wp-content\\\/uploads\\\/2022\\\/08\\\/VAHOTAD20.jpg\",\"width\":1200,\"height\":1200},{\"@type\":\"BreadcrumbList\",\"@id\":\"https:\\\/\\\/www.mexicanguitarplayers.com\\\/tienda\\\/cuerdas\\\/efectos\\\/efectos-individuales\\\/pedal-hotone-mod-ad-20-a-station\\\/#breadcrumb\",\"itemListElement\":[{\"@type\":\"ListItem\",\"position\":1,\"name\":\"Portada\",\"item\":\"https:\\\/\\\/www.mexicanguitarplayers.com\\\/\"},{\"@type\":\"ListItem\",\"position\":2,\"name\":\"Tienda\",\"item\":\"https:\\\/\\\/www.mexicanguitarplayers.com\\\/tienda\\\/\"},{\"@type\":\"ListItem\",\"position\":3,\"name\":\"PEDAL HOTONE MOD. AD-20 A STATION\"}]},{\"@type\":\"WebSite\",\"@id\":\"https:\\\/\\\/www.mexicanguitarplayers.com\\\/#website\",\"url\":\"https:\\\/\\\/www.mexicanguitarplayers.com\\\/\",\"name\":\"Mexican Guitar Players\",\"description\":\"Website\",\"publisher\":{\"@id\":\"https:\\\/\\\/www.mexicanguitarplayers.com\\\/#organization\"},\"potentialAction\":[{\"@type\":\"SearchAction\",\"target\":{\"@type\":\"EntryPoint\",\"urlTemplate\":\"https:\\\/\\\/www.mexicanguitarplayers.com\\\/?s={search_term_string}\"},\"query-input\":{\"@type\":\"PropertyValueSpecification\",\"valueRequired\":true,\"valueName\":\"search_term_string\"}}],\"inLanguage\":\"en-US\"},{\"@type\":\"Organization\",\"@id\":\"https:\\\/\\\/www.mexicanguitarplayers.com\\\/#organization\",\"name\":\"Mexican Guitar Players\",\"url\":\"https:\\\/\\\/www.mexicanguitarplayers.com\\\/\",\"logo\":{\"@type\":\"ImageObject\",\"inLanguage\":\"en-US\",\"@id\":\"https:\\\/\\\/www.mexicanguitarplayers.com\\\/#\\\/schema\\\/logo\\\/image\\\/\",\"url\":\"\",\"contentUrl\":\"\",\"caption\":\"Mexican Guitar Players\"},\"image\":{\"@id\":\"https:\\\/\\\/www.mexicanguitarplayers.com\\\/#\\\/schema\\\/logo\\\/image\\\/\"}}]}<\/script>\n<!-- \/ Yoast SEO plugin. -->","yoast_head_json":{"title":"PEDAL HOTONE MOD. AD-20 A STATION - Mexican Guitar Players","description":"PEDAL HOTONE MOD. AD-20 A STATION. Pedal preamplificador ac\u00fastico de tama\u00f1o compacto, resistente carcasa de aluminio, potente ecualizador de 3 bandas con selecci\u00f3n pre\/post para realzar y dar forma a tus tonos graves, canal DRIVE con un amplio rango tonal de distorsi\u00f3n leve a distorsi\u00f3n masiva, compresor \u00f3ptico integrado cuidadosamente dise\u00f1ado, perilla BLEND para combinar la se\u00f1al impulsada y la se\u00f1al directa, salida DI para alimentar la se\u00f1al directamente a la mezcladora o para grabar, loop de efectos para efectos de bajo extendidos, diferentes salidas (salida XLR, salida \u00bc\u201d, salida paralela de \u00bc\u201d) para funcionar con amplificadores de bajo, interfaces de audio, mezcladoras y dem\u00e1s equipos, jack de aud\u00edfonos para una pr\u00e1ctica silenciosa, funci\u00f3n Ground-Lift para eliminar el ruido de tierra, funciona con un adaptador de corriente de 9V o una pila de 9V, dimensiones: 140 x 120 \u00d7 54 mm, peso: 470 g.","robots":{"index":"index","follow":"follow","max-snippet":"max-snippet:-1","max-image-preview":"max-image-preview:large","max-video-preview":"max-video-preview:-1"},"canonical":"https:\/\/www.mexicanguitarplayers.com\/en\/tienda\/cuerdas\/efectos\/efectos-individuales\/pedal-hotone-mod-ad-20-a-station\/","og_locale":"en_US","og_type":"article","og_title":"PEDAL HOTONE MOD. AD-20 A STATION - Mexican Guitar Players","og_description":"PEDAL HOTONE MOD. AD-20 A STATION. Pedal preamplificador ac\u00fastico de tama\u00f1o compacto, resistente carcasa de aluminio, potente ecualizador de 3 bandas con selecci\u00f3n pre\/post para realzar y dar forma a tus tonos graves, canal DRIVE con un amplio rango tonal de distorsi\u00f3n leve a distorsi\u00f3n masiva, compresor \u00f3ptico integrado cuidadosamente dise\u00f1ado, perilla BLEND para combinar la se\u00f1al impulsada y la se\u00f1al directa, salida DI para alimentar la se\u00f1al directamente a la mezcladora o para grabar, loop de efectos para efectos de bajo extendidos, diferentes salidas (salida XLR, salida \u00bc\u201d, salida paralela de \u00bc\u201d) para funcionar con amplificadores de bajo, interfaces de audio, mezcladoras y dem\u00e1s equipos, jack de aud\u00edfonos para una pr\u00e1ctica silenciosa, funci\u00f3n Ground-Lift para eliminar el ruido de tierra, funciona con un adaptador de corriente de 9V o una pila de 9V, dimensiones: 140 x 120 \u00d7 54 mm, peso: 470 g.","og_url":"https:\/\/www.mexicanguitarplayers.com\/en\/tienda\/cuerdas\/efectos\/efectos-individuales\/pedal-hotone-mod-ad-20-a-station\/","og_site_name":"Mexican Guitar Players","article_modified_time":"2023-01-13T01:12:41+00:00","og_image":[{"width":1200,"height":1200,"url":"https:\/\/www.mexicanguitarplayers.com\/wp-content\/uploads\/2022\/08\/VAHOTAD20.jpg","type":"image\/jpeg"}],"twitter_card":"summary_large_image","twitter_misc":{"Est. reading time":"1 minute"},"schema":{"@context":"https:\/\/schema.org","@graph":[{"@type":["WebPage","ItemPage"],"@id":"https:\/\/www.mexicanguitarplayers.com\/tienda\/cuerdas\/efectos\/efectos-individuales\/pedal-hotone-mod-ad-20-a-station\/","url":"https:\/\/www.mexicanguitarplayers.com\/tienda\/cuerdas\/efectos\/efectos-individuales\/pedal-hotone-mod-ad-20-a-station\/","name":"PEDAL HOTONE MOD. AD-20 A STATION - Mexican Guitar Players","isPartOf":{"@id":"https:\/\/www.mexicanguitarplayers.com\/#website"},"primaryImageOfPage":{"@id":"https:\/\/www.mexicanguitarplayers.com\/tienda\/cuerdas\/efectos\/efectos-individuales\/pedal-hotone-mod-ad-20-a-station\/#primaryimage"},"image":{"@id":"https:\/\/www.mexicanguitarplayers.com\/tienda\/cuerdas\/efectos\/efectos-individuales\/pedal-hotone-mod-ad-20-a-station\/#primaryimage"},"thumbnailUrl":"https:\/\/www.mexicanguitarplayers.com\/wp-content\/uploads\/2022\/08\/VAHOTAD20.jpg","datePublished":"2022-08-18T22:07:20+00:00","dateModified":"2023-01-13T01:12:41+00:00","description":"PEDAL HOTONE MOD. AD-20 A STATION. Pedal preamplificador ac\u00fastico de tama\u00f1o compacto, resistente carcasa de aluminio, potente ecualizador de 3 bandas con selecci\u00f3n pre\/post para realzar y dar forma a tus tonos graves, canal DRIVE con un amplio rango tonal de distorsi\u00f3n leve a distorsi\u00f3n masiva, compresor \u00f3ptico integrado cuidadosamente dise\u00f1ado, perilla BLEND para combinar la se\u00f1al impulsada y la se\u00f1al directa, salida DI para alimentar la se\u00f1al directamente a la mezcladora o para grabar, loop de efectos para efectos de bajo extendidos, diferentes salidas (salida XLR, salida \u00bc\u201d, salida paralela de \u00bc\u201d) para funcionar con amplificadores de bajo, interfaces de audio, mezcladoras y dem\u00e1s equipos, jack de aud\u00edfonos para una pr\u00e1ctica silenciosa, funci\u00f3n Ground-Lift para eliminar el ruido de tierra, funciona con un adaptador de corriente de 9V o una pila de 9V, dimensiones: 140 x 120 \u00d7 54 mm, peso: 470 g.","breadcrumb":{"@id":"https:\/\/www.mexicanguitarplayers.com\/tienda\/cuerdas\/efectos\/efectos-individuales\/pedal-hotone-mod-ad-20-a-station\/#breadcrumb"},"inLanguage":"en-US","potentialAction":[{"@type":"ReadAction","target":["https:\/\/www.mexicanguitarplayers.com\/tienda\/cuerdas\/efectos\/efectos-individuales\/pedal-hotone-mod-ad-20-a-station\/"]}]},{"@type":"ImageObject","inLanguage":"en-US","@id":"https:\/\/www.mexicanguitarplayers.com\/tienda\/cuerdas\/efectos\/efectos-individuales\/pedal-hotone-mod-ad-20-a-station\/#primaryimage","url":"https:\/\/www.mexicanguitarplayers.com\/wp-content\/uploads\/2022\/08\/VAHOTAD20.jpg","contentUrl":"https:\/\/www.mexicanguitarplayers.com\/wp-content\/uploads\/2022\/08\/VAHOTAD20.jpg","width":1200,"height":1200},{"@type":"BreadcrumbList","@id":"https:\/\/www.mexicanguitarplayers.com\/tienda\/cuerdas\/efectos\/efectos-individuales\/pedal-hotone-mod-ad-20-a-station\/#breadcrumb","itemListElement":[{"@type":"ListItem","position":1,"name":"Portada","item":"https:\/\/www.mexicanguitarplayers.com\/"},{"@type":"ListItem","position":2,"name":"Tienda","item":"https:\/\/www.mexicanguitarplayers.com\/tienda\/"},{"@type":"ListItem","position":3,"name":"PEDAL HOTONE MOD. AD-20 A STATION"}]},{"@type":"WebSite","@id":"https:\/\/www.mexicanguitarplayers.com\/#website","url":"https:\/\/www.mexicanguitarplayers.com\/","name":"Mexican Guitar Players","description":"Website","publisher":{"@id":"https:\/\/www.mexicanguitarplayers.com\/#organization"},"potentialAction":[{"@type":"SearchAction","target":{"@type":"EntryPoint","urlTemplate":"https:\/\/www.mexicanguitarplayers.com\/?s={search_term_string}"},"query-input":{"@type":"PropertyValueSpecification","valueRequired":true,"valueName":"search_term_string"}}],"inLanguage":"en-US"},{"@type":"Organization","@id":"https:\/\/www.mexicanguitarplayers.com\/#organization","name":"Mexican Guitar Players","url":"https:\/\/www.mexicanguitarplayers.com\/","logo":{"@type":"ImageObject","inLanguage":"en-US","@id":"https:\/\/www.mexicanguitarplayers.com\/#\/schema\/logo\/image\/","url":"","contentUrl":"","caption":"Mexican Guitar Players"},"image":{"@id":"https:\/\/www.mexicanguitarplayers.com\/#\/schema\/logo\/image\/"}}]}},"brands":[{"id":183,"name":"HOTONE","slug":"hotone"}],"_links":{"self":[{"href":"https:\/\/www.mexicanguitarplayers.com\/en\/wp-json\/wp\/v2\/product\/16227","targetHints":{"allow":["GET"]}}],"collection":[{"href":"https:\/\/www.mexicanguitarplayers.com\/en\/wp-json\/wp\/v2\/product"}],"about":[{"href":"https:\/\/www.mexicanguitarplayers.com\/en\/wp-json\/wp\/v2\/types\/product"}],"replies":[{"embeddable":true,"href":"https:\/\/www.mexicanguitarplayers.com\/en\/wp-json\/wp\/v2\/comments?post=16227"}],"wp:featuredmedia":[{"embeddable":true,"href":"https:\/\/www.mexicanguitarplayers.com\/en\/wp-json\/wp\/v2\/media\/16224"}],"wp:attachment":[{"href":"https:\/\/www.mexicanguitarplayers.com\/en\/wp-json\/wp\/v2\/media?parent=16227"}],"wp:term":[{"taxonomy":"pwb-brand","embeddable":true,"href":"https:\/\/www.mexicanguitarplayers.com\/en\/wp-json\/wp\/v2\/pwb-brand?post=16227"},{"taxonomy":"product_brand","embeddable":true,"href":"https:\/\/www.mexicanguitarplayers.com\/en\/wp-json\/wp\/v2\/product_brand?post=16227"},{"taxonomy":"product_cat","embeddable":true,"href":"https:\/\/www.mexicanguitarplayers.com\/en\/wp-json\/wp\/v2\/product_cat?post=16227"},{"taxonomy":"product_tag","embeddable":true,"href":"https:\/\/www.mexicanguitarplayers.com\/en\/wp-json\/wp\/v2\/product_tag?post=16227"}],"curies":[{"name":"wp","href":"https:\/\/api.w.org\/{rel}","templated":true}]}}