{"id":16229,"date":"2022-08-18T17:07:22","date_gmt":"2022-08-18T22:07:22","guid":{"rendered":"https:\/\/www.mexicanguitarplayers.com\/tienda\/sin%20categor\u00eda\/controlador-hotone-ec-4-ampero-control\/"},"modified":"2026-04-10T05:05:37","modified_gmt":"2026-04-10T11:05:37","slug":"controlador-hotone-ec-4-ampero-control","status":"publish","type":"product","link":"https:\/\/www.mexicanguitarplayers.com\/en\/tienda\/accesorios\/para-guitarras\/varios-para-guitarras\/controlador-hotone-ec-4-ampero-control\/","title":{"rendered":"HOTONE EC-4 CONTROLLER AMPERO CONTROL"},"content":{"rendered":"<div style=\"text-align: justify\">\n<div>\n<h3>HOTONE EC-4 CONTROLLER AMPERO CONTROL<\/h3>\n<\/div>\n<div>Compact and intelligent 4-footswitch Bluetooth MIDI controller, supports standard MIDI input and output, USB, MIDI, and Bluetooth MIDI input\/output\/thru, send and transfer MIDI messages to separate or combined MIDI outputs, send maximum 16 MIDI messages per pedal (32 for A\/B groups), 100 banks (each bank includes 4 footswitch settings, 2 CTRL\/EXP jack settings and more), different footswitch trigger actions for flexible switching and various uses, dedicated mobile app lets you allows you to easily set up your controller on the fly, 2 TRS CTRL\/EXP jacks for adapting footswitches or expression pedals, 3-digit LED for MIDI message information and Bluetooth connection status display, DC 9-18V or 5V power supply USB, dimensions: 258.5 x 55.5 x 49 mm, weight: 440 g.<\/div>\n<\/div>","protected":false},"excerpt":{"rendered":"<p>Controlador MIDI Bluetooth compacto e inteligente de 4 footswitches, admite entrada y salida MIDI est\u00e1ndar, USB, MIDI y Bluetooth MIDI input\/output\/thru, env\u00edo y transferencia de mensajes MIDI a salidas MIDI separadas o combinadas, env\u00edo m\u00e1ximo de 16 mensajes MIDI por pedal (32 para grupos A\/B), 100 bancos (cada banco incluye 4 ajustes de footswitches, 2 ajustes de jack CTRL\/EXP y m\u00e1s), diferentes acciones de activaci\u00f3n del footswitch para una conmutaci\u00f3n flexible y varios usos, la aplicaci\u00f3n m\u00f3vil dedicada te permite configurar f\u00e1cilmente tu controlador sobre la marcha, 2 jacks TRS CTRL\/EXP para adaptar footswitches o pedales de expresi\u00f3n, LED de 3 d\u00edgitos para informaci\u00f3n de mensajes MIDI y visualizaci\u00f3n del estado de la conexi\u00f3n Bluetooth, fuente de alimentaci\u00f3n DC 9-18V o 5V USB, dimensiones: 258.5 x 55.5 x 49 mm, peso: 440 g.&hellip; <a class=\"kt-excerpt-readmore more-link\" href=\"https:\/\/www.mexicanguitarplayers.com\/en\/tienda\/accesorios\/para-guitarras\/varios-para-guitarras\/controlador-hotone-ec-4-ampero-control\/\">Read more<\/a><\/p>","protected":false},"featured_media":16228,"comment_status":"open","ping_status":"closed","template":"","meta":{"kt_blocks_editor_width":""},"pwb-brand":[183],"product_brand":[],"product_cat":[85,336,362],"product_tag":[],"class_list":{"0":"post-16229","1":"product","2":"type-product","3":"status-publish","4":"has-post-thumbnail","6":"pwb-brand-hotone","7":"product_cat-accesorios","8":"product_cat-para-guitarras","9":"product_cat-varios-para-guitarras","10":"product_shipping_class-0-5-kg","12":"first","13":"outofstock","14":"taxable","15":"shipping-taxable","16":"purchasable","17":"product-type-simple"},"yoast_head":"<!-- This site is optimized with the Yoast SEO plugin v27.5 - https:\/\/yoast.com\/product\/yoast-seo-wordpress\/ -->\n<title>CONTROLADOR HOTONE EC-4 AMPERO CONTROL - Mexican Guitar Players<\/title>\n<meta name=\"description\" content=\"CONTROLADOR HOTONE EC-4 AMPERO CONTROL. Controlador MIDI Bluetooth compacto e inteligente de 4 footswitches, admite entrada y salida MIDI est\u00e1ndar, USB, MIDI y Bluetooth MIDI input\/output\/thru, env\u00edo y transferencia de mensajes MIDI a salidas MIDI separadas o combinadas, env\u00edo m\u00e1ximo de 16 mensajes MIDI por pedal (32 para grupos A\/B), 100 bancos (cada banco incluye 4 ajustes de footswitches, 2 ajustes de jack CTRL\/EXP y m\u00e1s), diferentes acciones de activaci\u00f3n del footswitch para una conmutaci\u00f3n flexible y varios usos, la aplicaci\u00f3n m\u00f3vil dedicada te permite configurar f\u00e1cilmente tu controlador sobre la marcha, 2 jacks TRS CTRL\/EXP para adaptar footswitches o pedales de expresi\u00f3n, LED de 3 d\u00edgitos para informaci\u00f3n de mensajes MIDI y visualizaci\u00f3n del estado de la conexi\u00f3n Bluetooth, fuente de alimentaci\u00f3n DC 9-18V o 5V USB, dimensiones: 258.5 x 55.5 x 49 mm, peso: 440 g.\" \/>\n<meta name=\"robots\" content=\"index, follow, max-snippet:-1, max-image-preview:large, max-video-preview:-1\" \/>\n<link rel=\"canonical\" href=\"https:\/\/www.mexicanguitarplayers.com\/en\/tienda\/accesorios\/para-guitarras\/varios-para-guitarras\/controlador-hotone-ec-4-ampero-control\/\" \/>\n<meta property=\"og:locale\" content=\"en_US\" \/>\n<meta property=\"og:type\" content=\"article\" \/>\n<meta property=\"og:title\" content=\"CONTROLADOR HOTONE EC-4 AMPERO CONTROL - Mexican Guitar Players\" \/>\n<meta property=\"og:description\" content=\"CONTROLADOR HOTONE EC-4 AMPERO CONTROL. Controlador MIDI Bluetooth compacto e inteligente de 4 footswitches, admite entrada y salida MIDI est\u00e1ndar, USB, MIDI y Bluetooth MIDI input\/output\/thru, env\u00edo y transferencia de mensajes MIDI a salidas MIDI separadas o combinadas, env\u00edo m\u00e1ximo de 16 mensajes MIDI por pedal (32 para grupos A\/B), 100 bancos (cada banco incluye 4 ajustes de footswitches, 2 ajustes de jack CTRL\/EXP y m\u00e1s), diferentes acciones de activaci\u00f3n del footswitch para una conmutaci\u00f3n flexible y varios usos, la aplicaci\u00f3n m\u00f3vil dedicada te permite configurar f\u00e1cilmente tu controlador sobre la marcha, 2 jacks TRS CTRL\/EXP para adaptar footswitches o pedales de expresi\u00f3n, LED de 3 d\u00edgitos para informaci\u00f3n de mensajes MIDI y visualizaci\u00f3n del estado de la conexi\u00f3n Bluetooth, fuente de alimentaci\u00f3n DC 9-18V o 5V USB, dimensiones: 258.5 x 55.5 x 49 mm, peso: 440 g.\" \/>\n<meta property=\"og:url\" content=\"https:\/\/www.mexicanguitarplayers.com\/en\/tienda\/accesorios\/para-guitarras\/varios-para-guitarras\/controlador-hotone-ec-4-ampero-control\/\" \/>\n<meta property=\"og:site_name\" content=\"Mexican Guitar Players\" \/>\n<meta property=\"article:modified_time\" content=\"2026-04-10T11:05:37+00:00\" \/>\n<meta property=\"og:image\" content=\"https:\/\/www.mexicanguitarplayers.com\/wp-content\/uploads\/2022\/08\/VAHOTEC4.jpg\" \/>\n\t<meta property=\"og:image:width\" content=\"1600\" \/>\n\t<meta property=\"og:image:height\" content=\"800\" \/>\n\t<meta property=\"og:image:type\" content=\"image\/jpeg\" \/>\n<meta name=\"twitter:card\" content=\"summary_large_image\" \/>\n<meta name=\"twitter:label1\" content=\"Est. reading time\" \/>\n\t<meta name=\"twitter:data1\" content=\"1 minute\" \/>\n<script type=\"application\/ld+json\" class=\"yoast-schema-graph\">{\"@context\":\"https:\\\/\\\/schema.org\",\"@graph\":[{\"@type\":[\"WebPage\",\"ItemPage\"],\"@id\":\"https:\\\/\\\/www.mexicanguitarplayers.com\\\/tienda\\\/accesorios\\\/para-guitarras\\\/varios-para-guitarras\\\/controlador-hotone-ec-4-ampero-control\\\/\",\"url\":\"https:\\\/\\\/www.mexicanguitarplayers.com\\\/tienda\\\/accesorios\\\/para-guitarras\\\/varios-para-guitarras\\\/controlador-hotone-ec-4-ampero-control\\\/\",\"name\":\"CONTROLADOR HOTONE EC-4 AMPERO CONTROL - Mexican Guitar Players\",\"isPartOf\":{\"@id\":\"https:\\\/\\\/www.mexicanguitarplayers.com\\\/#website\"},\"primaryImageOfPage\":{\"@id\":\"https:\\\/\\\/www.mexicanguitarplayers.com\\\/tienda\\\/accesorios\\\/para-guitarras\\\/varios-para-guitarras\\\/controlador-hotone-ec-4-ampero-control\\\/#primaryimage\"},\"image\":{\"@id\":\"https:\\\/\\\/www.mexicanguitarplayers.com\\\/tienda\\\/accesorios\\\/para-guitarras\\\/varios-para-guitarras\\\/controlador-hotone-ec-4-ampero-control\\\/#primaryimage\"},\"thumbnailUrl\":\"https:\\\/\\\/www.mexicanguitarplayers.com\\\/wp-content\\\/uploads\\\/2022\\\/08\\\/VAHOTEC4.jpg\",\"datePublished\":\"2022-08-18T22:07:22+00:00\",\"dateModified\":\"2026-04-10T11:05:37+00:00\",\"description\":\"CONTROLADOR HOTONE EC-4 AMPERO CONTROL. Controlador MIDI Bluetooth compacto e inteligente de 4 footswitches, admite entrada y salida MIDI est\u00e1ndar, USB, MIDI y Bluetooth MIDI input\\\/output\\\/thru, env\u00edo y transferencia de mensajes MIDI a salidas MIDI separadas o combinadas, env\u00edo m\u00e1ximo de 16 mensajes MIDI por pedal (32 para grupos A\\\/B), 100 bancos (cada banco incluye 4 ajustes de footswitches, 2 ajustes de jack CTRL\\\/EXP y m\u00e1s), diferentes acciones de activaci\u00f3n del footswitch para una conmutaci\u00f3n flexible y varios usos, la aplicaci\u00f3n m\u00f3vil dedicada te permite configurar f\u00e1cilmente tu controlador sobre la marcha, 2 jacks TRS CTRL\\\/EXP para adaptar footswitches o pedales de expresi\u00f3n, LED de 3 d\u00edgitos para informaci\u00f3n de mensajes MIDI y visualizaci\u00f3n del estado de la conexi\u00f3n Bluetooth, fuente de alimentaci\u00f3n DC 9-18V o 5V USB, dimensiones: 258.5 x 55.5 x 49 mm, peso: 440 g.\",\"breadcrumb\":{\"@id\":\"https:\\\/\\\/www.mexicanguitarplayers.com\\\/tienda\\\/accesorios\\\/para-guitarras\\\/varios-para-guitarras\\\/controlador-hotone-ec-4-ampero-control\\\/#breadcrumb\"},\"inLanguage\":\"en-US\",\"potentialAction\":[{\"@type\":\"ReadAction\",\"target\":[\"https:\\\/\\\/www.mexicanguitarplayers.com\\\/tienda\\\/accesorios\\\/para-guitarras\\\/varios-para-guitarras\\\/controlador-hotone-ec-4-ampero-control\\\/\"]}]},{\"@type\":\"ImageObject\",\"inLanguage\":\"en-US\",\"@id\":\"https:\\\/\\\/www.mexicanguitarplayers.com\\\/tienda\\\/accesorios\\\/para-guitarras\\\/varios-para-guitarras\\\/controlador-hotone-ec-4-ampero-control\\\/#primaryimage\",\"url\":\"https:\\\/\\\/www.mexicanguitarplayers.com\\\/wp-content\\\/uploads\\\/2022\\\/08\\\/VAHOTEC4.jpg\",\"contentUrl\":\"https:\\\/\\\/www.mexicanguitarplayers.com\\\/wp-content\\\/uploads\\\/2022\\\/08\\\/VAHOTEC4.jpg\",\"width\":1600,\"height\":800},{\"@type\":\"BreadcrumbList\",\"@id\":\"https:\\\/\\\/www.mexicanguitarplayers.com\\\/tienda\\\/accesorios\\\/para-guitarras\\\/varios-para-guitarras\\\/controlador-hotone-ec-4-ampero-control\\\/#breadcrumb\",\"itemListElement\":[{\"@type\":\"ListItem\",\"position\":1,\"name\":\"Portada\",\"item\":\"https:\\\/\\\/www.mexicanguitarplayers.com\\\/\"},{\"@type\":\"ListItem\",\"position\":2,\"name\":\"Tienda\",\"item\":\"https:\\\/\\\/www.mexicanguitarplayers.com\\\/tienda\\\/\"},{\"@type\":\"ListItem\",\"position\":3,\"name\":\"CONTROLADOR HOTONE EC-4 AMPERO CONTROL\"}]},{\"@type\":\"WebSite\",\"@id\":\"https:\\\/\\\/www.mexicanguitarplayers.com\\\/#website\",\"url\":\"https:\\\/\\\/www.mexicanguitarplayers.com\\\/\",\"name\":\"Mexican Guitar Players\",\"description\":\"Website\",\"publisher\":{\"@id\":\"https:\\\/\\\/www.mexicanguitarplayers.com\\\/#organization\"},\"potentialAction\":[{\"@type\":\"SearchAction\",\"target\":{\"@type\":\"EntryPoint\",\"urlTemplate\":\"https:\\\/\\\/www.mexicanguitarplayers.com\\\/?s={search_term_string}\"},\"query-input\":{\"@type\":\"PropertyValueSpecification\",\"valueRequired\":true,\"valueName\":\"search_term_string\"}}],\"inLanguage\":\"en-US\"},{\"@type\":\"Organization\",\"@id\":\"https:\\\/\\\/www.mexicanguitarplayers.com\\\/#organization\",\"name\":\"Mexican Guitar Players\",\"url\":\"https:\\\/\\\/www.mexicanguitarplayers.com\\\/\",\"logo\":{\"@type\":\"ImageObject\",\"inLanguage\":\"en-US\",\"@id\":\"https:\\\/\\\/www.mexicanguitarplayers.com\\\/#\\\/schema\\\/logo\\\/image\\\/\",\"url\":\"\",\"contentUrl\":\"\",\"caption\":\"Mexican Guitar Players\"},\"image\":{\"@id\":\"https:\\\/\\\/www.mexicanguitarplayers.com\\\/#\\\/schema\\\/logo\\\/image\\\/\"}}]}<\/script>\n<!-- \/ Yoast SEO plugin. -->","yoast_head_json":{"title":"CONTROLADOR HOTONE EC-4 AMPERO CONTROL - Mexican Guitar Players","description":"CONTROLADOR HOTONE EC-4 AMPERO CONTROL. Controlador MIDI Bluetooth compacto e inteligente de 4 footswitches, admite entrada y salida MIDI est\u00e1ndar, USB, MIDI y Bluetooth MIDI input\/output\/thru, env\u00edo y transferencia de mensajes MIDI a salidas MIDI separadas o combinadas, env\u00edo m\u00e1ximo de 16 mensajes MIDI por pedal (32 para grupos A\/B), 100 bancos (cada banco incluye 4 ajustes de footswitches, 2 ajustes de jack CTRL\/EXP y m\u00e1s), diferentes acciones de activaci\u00f3n del footswitch para una conmutaci\u00f3n flexible y varios usos, la aplicaci\u00f3n m\u00f3vil dedicada te permite configurar f\u00e1cilmente tu controlador sobre la marcha, 2 jacks TRS CTRL\/EXP para adaptar footswitches o pedales de expresi\u00f3n, LED de 3 d\u00edgitos para informaci\u00f3n de mensajes MIDI y visualizaci\u00f3n del estado de la conexi\u00f3n Bluetooth, fuente de alimentaci\u00f3n DC 9-18V o 5V USB, dimensiones: 258.5 x 55.5 x 49 mm, peso: 440 g.","robots":{"index":"index","follow":"follow","max-snippet":"max-snippet:-1","max-image-preview":"max-image-preview:large","max-video-preview":"max-video-preview:-1"},"canonical":"https:\/\/www.mexicanguitarplayers.com\/en\/tienda\/accesorios\/para-guitarras\/varios-para-guitarras\/controlador-hotone-ec-4-ampero-control\/","og_locale":"en_US","og_type":"article","og_title":"CONTROLADOR HOTONE EC-4 AMPERO CONTROL - Mexican Guitar Players","og_description":"CONTROLADOR HOTONE EC-4 AMPERO CONTROL. Controlador MIDI Bluetooth compacto e inteligente de 4 footswitches, admite entrada y salida MIDI est\u00e1ndar, USB, MIDI y Bluetooth MIDI input\/output\/thru, env\u00edo y transferencia de mensajes MIDI a salidas MIDI separadas o combinadas, env\u00edo m\u00e1ximo de 16 mensajes MIDI por pedal (32 para grupos A\/B), 100 bancos (cada banco incluye 4 ajustes de footswitches, 2 ajustes de jack CTRL\/EXP y m\u00e1s), diferentes acciones de activaci\u00f3n del footswitch para una conmutaci\u00f3n flexible y varios usos, la aplicaci\u00f3n m\u00f3vil dedicada te permite configurar f\u00e1cilmente tu controlador sobre la marcha, 2 jacks TRS CTRL\/EXP para adaptar footswitches o pedales de expresi\u00f3n, LED de 3 d\u00edgitos para informaci\u00f3n de mensajes MIDI y visualizaci\u00f3n del estado de la conexi\u00f3n Bluetooth, fuente de alimentaci\u00f3n DC 9-18V o 5V USB, dimensiones: 258.5 x 55.5 x 49 mm, peso: 440 g.","og_url":"https:\/\/www.mexicanguitarplayers.com\/en\/tienda\/accesorios\/para-guitarras\/varios-para-guitarras\/controlador-hotone-ec-4-ampero-control\/","og_site_name":"Mexican Guitar Players","article_modified_time":"2026-04-10T11:05:37+00:00","og_image":[{"width":1600,"height":800,"url":"https:\/\/www.mexicanguitarplayers.com\/wp-content\/uploads\/2022\/08\/VAHOTEC4.jpg","type":"image\/jpeg"}],"twitter_card":"summary_large_image","twitter_misc":{"Est. reading time":"1 minute"},"schema":{"@context":"https:\/\/schema.org","@graph":[{"@type":["WebPage","ItemPage"],"@id":"https:\/\/www.mexicanguitarplayers.com\/tienda\/accesorios\/para-guitarras\/varios-para-guitarras\/controlador-hotone-ec-4-ampero-control\/","url":"https:\/\/www.mexicanguitarplayers.com\/tienda\/accesorios\/para-guitarras\/varios-para-guitarras\/controlador-hotone-ec-4-ampero-control\/","name":"CONTROLADOR HOTONE EC-4 AMPERO CONTROL - Mexican Guitar Players","isPartOf":{"@id":"https:\/\/www.mexicanguitarplayers.com\/#website"},"primaryImageOfPage":{"@id":"https:\/\/www.mexicanguitarplayers.com\/tienda\/accesorios\/para-guitarras\/varios-para-guitarras\/controlador-hotone-ec-4-ampero-control\/#primaryimage"},"image":{"@id":"https:\/\/www.mexicanguitarplayers.com\/tienda\/accesorios\/para-guitarras\/varios-para-guitarras\/controlador-hotone-ec-4-ampero-control\/#primaryimage"},"thumbnailUrl":"https:\/\/www.mexicanguitarplayers.com\/wp-content\/uploads\/2022\/08\/VAHOTEC4.jpg","datePublished":"2022-08-18T22:07:22+00:00","dateModified":"2026-04-10T11:05:37+00:00","description":"CONTROLADOR HOTONE EC-4 AMPERO CONTROL. Controlador MIDI Bluetooth compacto e inteligente de 4 footswitches, admite entrada y salida MIDI est\u00e1ndar, USB, MIDI y Bluetooth MIDI input\/output\/thru, env\u00edo y transferencia de mensajes MIDI a salidas MIDI separadas o combinadas, env\u00edo m\u00e1ximo de 16 mensajes MIDI por pedal (32 para grupos A\/B), 100 bancos (cada banco incluye 4 ajustes de footswitches, 2 ajustes de jack CTRL\/EXP y m\u00e1s), diferentes acciones de activaci\u00f3n del footswitch para una conmutaci\u00f3n flexible y varios usos, la aplicaci\u00f3n m\u00f3vil dedicada te permite configurar f\u00e1cilmente tu controlador sobre la marcha, 2 jacks TRS CTRL\/EXP para adaptar footswitches o pedales de expresi\u00f3n, LED de 3 d\u00edgitos para informaci\u00f3n de mensajes MIDI y visualizaci\u00f3n del estado de la conexi\u00f3n Bluetooth, fuente de alimentaci\u00f3n DC 9-18V o 5V USB, dimensiones: 258.5 x 55.5 x 49 mm, peso: 440 g.","breadcrumb":{"@id":"https:\/\/www.mexicanguitarplayers.com\/tienda\/accesorios\/para-guitarras\/varios-para-guitarras\/controlador-hotone-ec-4-ampero-control\/#breadcrumb"},"inLanguage":"en-US","potentialAction":[{"@type":"ReadAction","target":["https:\/\/www.mexicanguitarplayers.com\/tienda\/accesorios\/para-guitarras\/varios-para-guitarras\/controlador-hotone-ec-4-ampero-control\/"]}]},{"@type":"ImageObject","inLanguage":"en-US","@id":"https:\/\/www.mexicanguitarplayers.com\/tienda\/accesorios\/para-guitarras\/varios-para-guitarras\/controlador-hotone-ec-4-ampero-control\/#primaryimage","url":"https:\/\/www.mexicanguitarplayers.com\/wp-content\/uploads\/2022\/08\/VAHOTEC4.jpg","contentUrl":"https:\/\/www.mexicanguitarplayers.com\/wp-content\/uploads\/2022\/08\/VAHOTEC4.jpg","width":1600,"height":800},{"@type":"BreadcrumbList","@id":"https:\/\/www.mexicanguitarplayers.com\/tienda\/accesorios\/para-guitarras\/varios-para-guitarras\/controlador-hotone-ec-4-ampero-control\/#breadcrumb","itemListElement":[{"@type":"ListItem","position":1,"name":"Portada","item":"https:\/\/www.mexicanguitarplayers.com\/"},{"@type":"ListItem","position":2,"name":"Tienda","item":"https:\/\/www.mexicanguitarplayers.com\/tienda\/"},{"@type":"ListItem","position":3,"name":"CONTROLADOR HOTONE EC-4 AMPERO CONTROL"}]},{"@type":"WebSite","@id":"https:\/\/www.mexicanguitarplayers.com\/#website","url":"https:\/\/www.mexicanguitarplayers.com\/","name":"Mexican Guitar Players","description":"Website","publisher":{"@id":"https:\/\/www.mexicanguitarplayers.com\/#organization"},"potentialAction":[{"@type":"SearchAction","target":{"@type":"EntryPoint","urlTemplate":"https:\/\/www.mexicanguitarplayers.com\/?s={search_term_string}"},"query-input":{"@type":"PropertyValueSpecification","valueRequired":true,"valueName":"search_term_string"}}],"inLanguage":"en-US"},{"@type":"Organization","@id":"https:\/\/www.mexicanguitarplayers.com\/#organization","name":"Mexican Guitar Players","url":"https:\/\/www.mexicanguitarplayers.com\/","logo":{"@type":"ImageObject","inLanguage":"en-US","@id":"https:\/\/www.mexicanguitarplayers.com\/#\/schema\/logo\/image\/","url":"","contentUrl":"","caption":"Mexican Guitar Players"},"image":{"@id":"https:\/\/www.mexicanguitarplayers.com\/#\/schema\/logo\/image\/"}}]}},"brands":[{"id":183,"name":"HOTONE","slug":"hotone"}],"_links":{"self":[{"href":"https:\/\/www.mexicanguitarplayers.com\/en\/wp-json\/wp\/v2\/product\/16229","targetHints":{"allow":["GET"]}}],"collection":[{"href":"https:\/\/www.mexicanguitarplayers.com\/en\/wp-json\/wp\/v2\/product"}],"about":[{"href":"https:\/\/www.mexicanguitarplayers.com\/en\/wp-json\/wp\/v2\/types\/product"}],"replies":[{"embeddable":true,"href":"https:\/\/www.mexicanguitarplayers.com\/en\/wp-json\/wp\/v2\/comments?post=16229"}],"wp:featuredmedia":[{"embeddable":true,"href":"https:\/\/www.mexicanguitarplayers.com\/en\/wp-json\/wp\/v2\/media\/16228"}],"wp:attachment":[{"href":"https:\/\/www.mexicanguitarplayers.com\/en\/wp-json\/wp\/v2\/media?parent=16229"}],"wp:term":[{"taxonomy":"pwb-brand","embeddable":true,"href":"https:\/\/www.mexicanguitarplayers.com\/en\/wp-json\/wp\/v2\/pwb-brand?post=16229"},{"taxonomy":"product_brand","embeddable":true,"href":"https:\/\/www.mexicanguitarplayers.com\/en\/wp-json\/wp\/v2\/product_brand?post=16229"},{"taxonomy":"product_cat","embeddable":true,"href":"https:\/\/www.mexicanguitarplayers.com\/en\/wp-json\/wp\/v2\/product_cat?post=16229"},{"taxonomy":"product_tag","embeddable":true,"href":"https:\/\/www.mexicanguitarplayers.com\/en\/wp-json\/wp\/v2\/product_tag?post=16229"}],"curies":[{"name":"wp","href":"https:\/\/api.w.org\/{rel}","templated":true}]}}