{"id":16239,"date":"2022-08-18T17:07:37","date_gmt":"2022-08-18T22:07:37","guid":{"rendered":"https:\/\/www.mexicanguitarplayers.com\/tienda\/sin%20categor\u00eda\/pedal-hotone-mod-xp-10-xtomp\/"},"modified":"2026-04-10T05:05:36","modified_gmt":"2026-04-10T11:05:36","slug":"pedal-hotone-mod-xp-10-xtomp","status":"publish","type":"product","link":"https:\/\/www.mexicanguitarplayers.com\/en\/tienda\/cuerdas\/efectos\/efectos-individuales\/pedal-hotone-mod-xp-10-xtomp\/","title":{"rendered":"HOTONE PEDAL MOD. XP-10 XTOMP"},"content":{"rendered":"<div style=\"text-align: justify\">\n<div>\n<h3>HOTONE PEDAL MOD. XP-10 XTOMP<\/h3>\n<\/div>\n<div>Multi-Effects Controller Pedal, Simulates all kinds of iconic vintage sounds, vintage tracks, and modern pedals through its growing effects library of over 300 models, Ultra Slim Design, True Bypass Footswitch with Halo LED, 6 Knobs with Halo LED, Stereo I\/O: L \u2013 Relay True Bypass, R \u2013 Buffered Bypass (analog), free iOS or Android app for loading effects, DC 9V power supply.<\/div>\n<\/div>","protected":false},"excerpt":{"rendered":"<p>Pedal controlador multi efectos, simula todo tipo de sonido cl\u00e1sico ic\u00f3nico de,temas cl\u00e1sicos y pedales modernos a trav\u00e9s de su creciente biblioteca de efectosde m\u00e1s de 300 modelos, dise\u00f1o ultra delgado, true bypass footswitch con halo LED, 6 perillas con halo LED, est\u00e9reo I\/O: L \u2013 Relay True Bypass, R \u2013 Buffered Bypass (an\u00e1logo), aplicaci\u00f3n iOS o Android gratuita para cargar efectos, fuente dealimentaci\u00f3n DC 9V.&hellip; <a class=\"kt-excerpt-readmore more-link\" href=\"https:\/\/www.mexicanguitarplayers.com\/en\/tienda\/cuerdas\/efectos\/efectos-individuales\/pedal-hotone-mod-xp-10-xtomp\/\">Read more<\/a><\/p>","protected":false},"featured_media":16237,"comment_status":"open","ping_status":"closed","template":"","meta":{"kt_blocks_editor_width":""},"pwb-brand":[183],"product_brand":[],"product_cat":[224,241,504],"product_tag":[],"class_list":{"0":"post-16239","1":"product","2":"type-product","3":"status-publish","4":"has-post-thumbnail","6":"pwb-brand-hotone","7":"product_cat-cuerdas","8":"product_cat-efectos","9":"product_cat-efectos-individuales","10":"product_shipping_class-0-5-kg","12":"first","13":"outofstock","14":"taxable","15":"shipping-taxable","16":"purchasable","17":"product-type-simple"},"yoast_head":"<!-- This site is optimized with the Yoast SEO plugin v27.5 - https:\/\/yoast.com\/product\/yoast-seo-wordpress\/ -->\n<title>PEDAL HOTONE MOD. XP-10 XTOMP - Mexican Guitar Players<\/title>\n<meta name=\"description\" content=\"PEDAL HOTONE MOD. XP-10 XTOMP. Pedal controlador multi efectos, simula todo tipo de sonido cl\u00e1sico ic\u00f3nico de,temas cl\u00e1sicos y pedales modernos a trav\u00e9s de su creciente biblioteca de efectosde m\u00e1s de 300 modelos, dise\u00f1o ultra delgado, true bypass footswitch con halo LED, 6 perillas con halo LED, est\u00e9reo I\/O: L \u2013 Relay True Bypass, R \u2013 Buffered Bypass (an\u00e1logo), aplicaci\u00f3n iOS o Android gratuita para cargar efectos, fuente dealimentaci\u00f3n DC 9V.\" \/>\n<meta name=\"robots\" content=\"index, follow, max-snippet:-1, max-image-preview:large, max-video-preview:-1\" \/>\n<link rel=\"canonical\" href=\"https:\/\/www.mexicanguitarplayers.com\/en\/tienda\/cuerdas\/efectos\/efectos-individuales\/pedal-hotone-mod-xp-10-xtomp\/\" \/>\n<meta property=\"og:locale\" content=\"en_US\" \/>\n<meta property=\"og:type\" content=\"article\" \/>\n<meta property=\"og:title\" content=\"PEDAL HOTONE MOD. XP-10 XTOMP - Mexican Guitar Players\" \/>\n<meta property=\"og:description\" content=\"PEDAL HOTONE MOD. XP-10 XTOMP. Pedal controlador multi efectos, simula todo tipo de sonido cl\u00e1sico ic\u00f3nico de,temas cl\u00e1sicos y pedales modernos a trav\u00e9s de su creciente biblioteca de efectosde m\u00e1s de 300 modelos, dise\u00f1o ultra delgado, true bypass footswitch con halo LED, 6 perillas con halo LED, est\u00e9reo I\/O: L \u2013 Relay True Bypass, R \u2013 Buffered Bypass (an\u00e1logo), aplicaci\u00f3n iOS o Android gratuita para cargar efectos, fuente dealimentaci\u00f3n DC 9V.\" \/>\n<meta property=\"og:url\" content=\"https:\/\/www.mexicanguitarplayers.com\/en\/tienda\/cuerdas\/efectos\/efectos-individuales\/pedal-hotone-mod-xp-10-xtomp\/\" \/>\n<meta property=\"og:site_name\" content=\"Mexican Guitar Players\" \/>\n<meta property=\"article:modified_time\" content=\"2026-04-10T11:05:36+00:00\" \/>\n<meta property=\"og:image\" content=\"https:\/\/www.mexicanguitarplayers.com\/wp-content\/uploads\/2022\/08\/VAHOTXP10.jpg\" \/>\n\t<meta property=\"og:image:width\" content=\"1600\" \/>\n\t<meta property=\"og:image:height\" content=\"800\" \/>\n\t<meta property=\"og:image:type\" content=\"image\/jpeg\" \/>\n<meta name=\"twitter:card\" content=\"summary_large_image\" \/>\n<script type=\"application\/ld+json\" class=\"yoast-schema-graph\">{\"@context\":\"https:\\\/\\\/schema.org\",\"@graph\":[{\"@type\":[\"WebPage\",\"ItemPage\"],\"@id\":\"https:\\\/\\\/www.mexicanguitarplayers.com\\\/tienda\\\/cuerdas\\\/efectos\\\/efectos-individuales\\\/pedal-hotone-mod-xp-10-xtomp\\\/\",\"url\":\"https:\\\/\\\/www.mexicanguitarplayers.com\\\/tienda\\\/cuerdas\\\/efectos\\\/efectos-individuales\\\/pedal-hotone-mod-xp-10-xtomp\\\/\",\"name\":\"PEDAL HOTONE MOD. XP-10 XTOMP - Mexican Guitar Players\",\"isPartOf\":{\"@id\":\"https:\\\/\\\/www.mexicanguitarplayers.com\\\/#website\"},\"primaryImageOfPage\":{\"@id\":\"https:\\\/\\\/www.mexicanguitarplayers.com\\\/tienda\\\/cuerdas\\\/efectos\\\/efectos-individuales\\\/pedal-hotone-mod-xp-10-xtomp\\\/#primaryimage\"},\"image\":{\"@id\":\"https:\\\/\\\/www.mexicanguitarplayers.com\\\/tienda\\\/cuerdas\\\/efectos\\\/efectos-individuales\\\/pedal-hotone-mod-xp-10-xtomp\\\/#primaryimage\"},\"thumbnailUrl\":\"https:\\\/\\\/www.mexicanguitarplayers.com\\\/wp-content\\\/uploads\\\/2022\\\/08\\\/VAHOTXP10.jpg\",\"datePublished\":\"2022-08-18T22:07:37+00:00\",\"dateModified\":\"2026-04-10T11:05:36+00:00\",\"description\":\"PEDAL HOTONE MOD. XP-10 XTOMP. Pedal controlador multi efectos, simula todo tipo de sonido cl\u00e1sico ic\u00f3nico de,temas cl\u00e1sicos y pedales modernos a trav\u00e9s de su creciente biblioteca de efectosde m\u00e1s de 300 modelos, dise\u00f1o ultra delgado, true bypass footswitch con halo LED, 6 perillas con halo LED, est\u00e9reo I\\\/O: L \u2013 Relay True Bypass, R \u2013 Buffered Bypass (an\u00e1logo), aplicaci\u00f3n iOS o Android gratuita para cargar efectos, fuente dealimentaci\u00f3n DC 9V.\",\"breadcrumb\":{\"@id\":\"https:\\\/\\\/www.mexicanguitarplayers.com\\\/tienda\\\/cuerdas\\\/efectos\\\/efectos-individuales\\\/pedal-hotone-mod-xp-10-xtomp\\\/#breadcrumb\"},\"inLanguage\":\"en-US\",\"potentialAction\":[{\"@type\":\"ReadAction\",\"target\":[\"https:\\\/\\\/www.mexicanguitarplayers.com\\\/tienda\\\/cuerdas\\\/efectos\\\/efectos-individuales\\\/pedal-hotone-mod-xp-10-xtomp\\\/\"]}]},{\"@type\":\"ImageObject\",\"inLanguage\":\"en-US\",\"@id\":\"https:\\\/\\\/www.mexicanguitarplayers.com\\\/tienda\\\/cuerdas\\\/efectos\\\/efectos-individuales\\\/pedal-hotone-mod-xp-10-xtomp\\\/#primaryimage\",\"url\":\"https:\\\/\\\/www.mexicanguitarplayers.com\\\/wp-content\\\/uploads\\\/2022\\\/08\\\/VAHOTXP10.jpg\",\"contentUrl\":\"https:\\\/\\\/www.mexicanguitarplayers.com\\\/wp-content\\\/uploads\\\/2022\\\/08\\\/VAHOTXP10.jpg\",\"width\":1600,\"height\":800},{\"@type\":\"BreadcrumbList\",\"@id\":\"https:\\\/\\\/www.mexicanguitarplayers.com\\\/tienda\\\/cuerdas\\\/efectos\\\/efectos-individuales\\\/pedal-hotone-mod-xp-10-xtomp\\\/#breadcrumb\",\"itemListElement\":[{\"@type\":\"ListItem\",\"position\":1,\"name\":\"Portada\",\"item\":\"https:\\\/\\\/www.mexicanguitarplayers.com\\\/\"},{\"@type\":\"ListItem\",\"position\":2,\"name\":\"Tienda\",\"item\":\"https:\\\/\\\/www.mexicanguitarplayers.com\\\/tienda\\\/\"},{\"@type\":\"ListItem\",\"position\":3,\"name\":\"PEDAL HOTONE MOD. XP-10 XTOMP\"}]},{\"@type\":\"WebSite\",\"@id\":\"https:\\\/\\\/www.mexicanguitarplayers.com\\\/#website\",\"url\":\"https:\\\/\\\/www.mexicanguitarplayers.com\\\/\",\"name\":\"Mexican Guitar Players\",\"description\":\"Website\",\"publisher\":{\"@id\":\"https:\\\/\\\/www.mexicanguitarplayers.com\\\/#organization\"},\"potentialAction\":[{\"@type\":\"SearchAction\",\"target\":{\"@type\":\"EntryPoint\",\"urlTemplate\":\"https:\\\/\\\/www.mexicanguitarplayers.com\\\/?s={search_term_string}\"},\"query-input\":{\"@type\":\"PropertyValueSpecification\",\"valueRequired\":true,\"valueName\":\"search_term_string\"}}],\"inLanguage\":\"en-US\"},{\"@type\":\"Organization\",\"@id\":\"https:\\\/\\\/www.mexicanguitarplayers.com\\\/#organization\",\"name\":\"Mexican Guitar Players\",\"url\":\"https:\\\/\\\/www.mexicanguitarplayers.com\\\/\",\"logo\":{\"@type\":\"ImageObject\",\"inLanguage\":\"en-US\",\"@id\":\"https:\\\/\\\/www.mexicanguitarplayers.com\\\/#\\\/schema\\\/logo\\\/image\\\/\",\"url\":\"\",\"contentUrl\":\"\",\"caption\":\"Mexican Guitar Players\"},\"image\":{\"@id\":\"https:\\\/\\\/www.mexicanguitarplayers.com\\\/#\\\/schema\\\/logo\\\/image\\\/\"}}]}<\/script>\n<!-- \/ Yoast SEO plugin. -->","yoast_head_json":{"title":"PEDAL HOTONE MOD. XP-10 XTOMP - Mexican Guitar Players","description":"PEDAL HOTONE MOD. XP-10 XTOMP. Pedal controlador multi efectos, simula todo tipo de sonido cl\u00e1sico ic\u00f3nico de,temas cl\u00e1sicos y pedales modernos a trav\u00e9s de su creciente biblioteca de efectosde m\u00e1s de 300 modelos, dise\u00f1o ultra delgado, true bypass footswitch con halo LED, 6 perillas con halo LED, est\u00e9reo I\/O: L \u2013 Relay True Bypass, R \u2013 Buffered Bypass (an\u00e1logo), aplicaci\u00f3n iOS o Android gratuita para cargar efectos, fuente dealimentaci\u00f3n DC 9V.","robots":{"index":"index","follow":"follow","max-snippet":"max-snippet:-1","max-image-preview":"max-image-preview:large","max-video-preview":"max-video-preview:-1"},"canonical":"https:\/\/www.mexicanguitarplayers.com\/en\/tienda\/cuerdas\/efectos\/efectos-individuales\/pedal-hotone-mod-xp-10-xtomp\/","og_locale":"en_US","og_type":"article","og_title":"PEDAL HOTONE MOD. XP-10 XTOMP - Mexican Guitar Players","og_description":"PEDAL HOTONE MOD. XP-10 XTOMP. Pedal controlador multi efectos, simula todo tipo de sonido cl\u00e1sico ic\u00f3nico de,temas cl\u00e1sicos y pedales modernos a trav\u00e9s de su creciente biblioteca de efectosde m\u00e1s de 300 modelos, dise\u00f1o ultra delgado, true bypass footswitch con halo LED, 6 perillas con halo LED, est\u00e9reo I\/O: L \u2013 Relay True Bypass, R \u2013 Buffered Bypass (an\u00e1logo), aplicaci\u00f3n iOS o Android gratuita para cargar efectos, fuente dealimentaci\u00f3n DC 9V.","og_url":"https:\/\/www.mexicanguitarplayers.com\/en\/tienda\/cuerdas\/efectos\/efectos-individuales\/pedal-hotone-mod-xp-10-xtomp\/","og_site_name":"Mexican Guitar Players","article_modified_time":"2026-04-10T11:05:36+00:00","og_image":[{"width":1600,"height":800,"url":"https:\/\/www.mexicanguitarplayers.com\/wp-content\/uploads\/2022\/08\/VAHOTXP10.jpg","type":"image\/jpeg"}],"twitter_card":"summary_large_image","schema":{"@context":"https:\/\/schema.org","@graph":[{"@type":["WebPage","ItemPage"],"@id":"https:\/\/www.mexicanguitarplayers.com\/tienda\/cuerdas\/efectos\/efectos-individuales\/pedal-hotone-mod-xp-10-xtomp\/","url":"https:\/\/www.mexicanguitarplayers.com\/tienda\/cuerdas\/efectos\/efectos-individuales\/pedal-hotone-mod-xp-10-xtomp\/","name":"PEDAL HOTONE MOD. XP-10 XTOMP - Mexican Guitar Players","isPartOf":{"@id":"https:\/\/www.mexicanguitarplayers.com\/#website"},"primaryImageOfPage":{"@id":"https:\/\/www.mexicanguitarplayers.com\/tienda\/cuerdas\/efectos\/efectos-individuales\/pedal-hotone-mod-xp-10-xtomp\/#primaryimage"},"image":{"@id":"https:\/\/www.mexicanguitarplayers.com\/tienda\/cuerdas\/efectos\/efectos-individuales\/pedal-hotone-mod-xp-10-xtomp\/#primaryimage"},"thumbnailUrl":"https:\/\/www.mexicanguitarplayers.com\/wp-content\/uploads\/2022\/08\/VAHOTXP10.jpg","datePublished":"2022-08-18T22:07:37+00:00","dateModified":"2026-04-10T11:05:36+00:00","description":"PEDAL HOTONE MOD. XP-10 XTOMP. Pedal controlador multi efectos, simula todo tipo de sonido cl\u00e1sico ic\u00f3nico de,temas cl\u00e1sicos y pedales modernos a trav\u00e9s de su creciente biblioteca de efectosde m\u00e1s de 300 modelos, dise\u00f1o ultra delgado, true bypass footswitch con halo LED, 6 perillas con halo LED, est\u00e9reo I\/O: L \u2013 Relay True Bypass, R \u2013 Buffered Bypass (an\u00e1logo), aplicaci\u00f3n iOS o Android gratuita para cargar efectos, fuente dealimentaci\u00f3n DC 9V.","breadcrumb":{"@id":"https:\/\/www.mexicanguitarplayers.com\/tienda\/cuerdas\/efectos\/efectos-individuales\/pedal-hotone-mod-xp-10-xtomp\/#breadcrumb"},"inLanguage":"en-US","potentialAction":[{"@type":"ReadAction","target":["https:\/\/www.mexicanguitarplayers.com\/tienda\/cuerdas\/efectos\/efectos-individuales\/pedal-hotone-mod-xp-10-xtomp\/"]}]},{"@type":"ImageObject","inLanguage":"en-US","@id":"https:\/\/www.mexicanguitarplayers.com\/tienda\/cuerdas\/efectos\/efectos-individuales\/pedal-hotone-mod-xp-10-xtomp\/#primaryimage","url":"https:\/\/www.mexicanguitarplayers.com\/wp-content\/uploads\/2022\/08\/VAHOTXP10.jpg","contentUrl":"https:\/\/www.mexicanguitarplayers.com\/wp-content\/uploads\/2022\/08\/VAHOTXP10.jpg","width":1600,"height":800},{"@type":"BreadcrumbList","@id":"https:\/\/www.mexicanguitarplayers.com\/tienda\/cuerdas\/efectos\/efectos-individuales\/pedal-hotone-mod-xp-10-xtomp\/#breadcrumb","itemListElement":[{"@type":"ListItem","position":1,"name":"Portada","item":"https:\/\/www.mexicanguitarplayers.com\/"},{"@type":"ListItem","position":2,"name":"Tienda","item":"https:\/\/www.mexicanguitarplayers.com\/tienda\/"},{"@type":"ListItem","position":3,"name":"PEDAL HOTONE MOD. XP-10 XTOMP"}]},{"@type":"WebSite","@id":"https:\/\/www.mexicanguitarplayers.com\/#website","url":"https:\/\/www.mexicanguitarplayers.com\/","name":"Mexican Guitar Players","description":"Website","publisher":{"@id":"https:\/\/www.mexicanguitarplayers.com\/#organization"},"potentialAction":[{"@type":"SearchAction","target":{"@type":"EntryPoint","urlTemplate":"https:\/\/www.mexicanguitarplayers.com\/?s={search_term_string}"},"query-input":{"@type":"PropertyValueSpecification","valueRequired":true,"valueName":"search_term_string"}}],"inLanguage":"en-US"},{"@type":"Organization","@id":"https:\/\/www.mexicanguitarplayers.com\/#organization","name":"Mexican Guitar Players","url":"https:\/\/www.mexicanguitarplayers.com\/","logo":{"@type":"ImageObject","inLanguage":"en-US","@id":"https:\/\/www.mexicanguitarplayers.com\/#\/schema\/logo\/image\/","url":"","contentUrl":"","caption":"Mexican Guitar Players"},"image":{"@id":"https:\/\/www.mexicanguitarplayers.com\/#\/schema\/logo\/image\/"}}]}},"brands":[{"id":183,"name":"HOTONE","slug":"hotone"}],"_links":{"self":[{"href":"https:\/\/www.mexicanguitarplayers.com\/en\/wp-json\/wp\/v2\/product\/16239","targetHints":{"allow":["GET"]}}],"collection":[{"href":"https:\/\/www.mexicanguitarplayers.com\/en\/wp-json\/wp\/v2\/product"}],"about":[{"href":"https:\/\/www.mexicanguitarplayers.com\/en\/wp-json\/wp\/v2\/types\/product"}],"replies":[{"embeddable":true,"href":"https:\/\/www.mexicanguitarplayers.com\/en\/wp-json\/wp\/v2\/comments?post=16239"}],"wp:featuredmedia":[{"embeddable":true,"href":"https:\/\/www.mexicanguitarplayers.com\/en\/wp-json\/wp\/v2\/media\/16237"}],"wp:attachment":[{"href":"https:\/\/www.mexicanguitarplayers.com\/en\/wp-json\/wp\/v2\/media?parent=16239"}],"wp:term":[{"taxonomy":"pwb-brand","embeddable":true,"href":"https:\/\/www.mexicanguitarplayers.com\/en\/wp-json\/wp\/v2\/pwb-brand?post=16239"},{"taxonomy":"product_brand","embeddable":true,"href":"https:\/\/www.mexicanguitarplayers.com\/en\/wp-json\/wp\/v2\/product_brand?post=16239"},{"taxonomy":"product_cat","embeddable":true,"href":"https:\/\/www.mexicanguitarplayers.com\/en\/wp-json\/wp\/v2\/product_cat?post=16239"},{"taxonomy":"product_tag","embeddable":true,"href":"https:\/\/www.mexicanguitarplayers.com\/en\/wp-json\/wp\/v2\/product_tag?post=16239"}],"curies":[{"name":"wp","href":"https:\/\/api.w.org\/{rel}","templated":true}]}}