{"id":16383,"date":"2022-08-18T17:11:26","date_gmt":"2022-08-18T22:11:26","guid":{"rendered":"https:\/\/www.mexicanguitarplayers.com\/tienda\/sin%20categor\u00eda\/funda-meinl-p-baquetas-mssb\/"},"modified":"2026-05-01T07:39:07","modified_gmt":"2026-05-01T13:39:07","slug":"funda-meinl-p-baquetas-mssb","status":"publish","type":"product","link":"https:\/\/www.mexicanguitarplayers.com\/en\/tienda\/accesorios\/estuches-y-fundas\/para-bateria-estuches-y-fundas\/funda-meinl-p-baquetas-mssb\/","title":{"rendered":"MEINL BAG FOR STICKS MSSB"},"content":{"rendered":"<div style=\"text-align: justify\">\n<div>\n<h3>MEINL BAG FOR STICKS MSSB<\/h3>\n<\/div>\n<div>Meinl drumstick bag, larger version of the traditional Meinl drumstick bag, eleven internal pockets of different sizes for any type of drumstick, drumstick, rod, brush or accessory, large external pocket that fits books, sheet music, practice pads or metronomes , adjustable body strap to hang the holster across the torso, made of strong nylon for durability, weight: 74 g, size long.<\/div>\n<\/div>","protected":false},"excerpt":{"rendered":"<p>Baquetero Meinl, versi\u00f3n m\u00e1s amplia del baquetero tradicional de Meinl, once bolsillos internos de diferentes tama\u00f1os para cualquier tipo de baqueta, baquet\u00f3n, rod, escobilla o accesorio, bolsillo exterior de gran tama\u00f1o que se adapta a libros, partituras, pads de pr\u00e1ctica o metr\u00f3nomos, correa de cuerpo ajustable para colgar la funda a trav\u00e9s de torso, fabricado con resistente nylon para mayor durabilidad, peso: 74 g, tama\u00f1o largo.&hellip; <a class=\"kt-excerpt-readmore more-link\" href=\"https:\/\/www.mexicanguitarplayers.com\/en\/tienda\/accesorios\/estuches-y-fundas\/para-bateria-estuches-y-fundas\/funda-meinl-p-baquetas-mssb\/\">Read more<\/a><\/p>","protected":false},"featured_media":16378,"comment_status":"open","ping_status":"closed","template":"","meta":{"kt_blocks_editor_width":""},"pwb-brand":[290],"product_brand":[],"product_cat":[85,517,583],"product_tag":[],"class_list":{"0":"post-16383","1":"product","2":"type-product","3":"status-publish","4":"has-post-thumbnail","6":"pwb-brand-meinl","7":"product_cat-accesorios","8":"product_cat-estuches-y-fundas","9":"product_cat-para-bateria-estuches-y-fundas","10":"product_shipping_class-0-5-kg","12":"first","13":"instock","14":"taxable","15":"shipping-taxable","16":"purchasable","17":"product-type-simple"},"yoast_head":"<!-- This site is optimized with the Yoast SEO plugin v27.5 - https:\/\/yoast.com\/product\/yoast-seo-wordpress\/ -->\n<title>FUNDA MEINL P\/BAQUETAS MSSB - Mexican Guitar Players<\/title>\n<meta name=\"description\" content=\"FUNDA MEINL P\/BAQUETAS MSSB. Baquetero Meinl, versi\u00f3n m\u00e1s amplia del baquetero tradicional de Meinl, once bolsillos internos de diferentes tama\u00f1os para cualquier tipo de baqueta, baquet\u00f3n, rod, escobilla o accesorio, bolsillo exterior de gran tama\u00f1o que se adapta a libros, partituras, pads de pr\u00e1ctica o metr\u00f3nomos, correa de cuerpo ajustable para colgar la funda a trav\u00e9s de torso, fabricado con resistente nylon para mayor durabilidad, peso: 74 g, tama\u00f1o largo.\" \/>\n<meta name=\"robots\" content=\"index, follow, max-snippet:-1, max-image-preview:large, max-video-preview:-1\" \/>\n<link rel=\"canonical\" href=\"https:\/\/www.mexicanguitarplayers.com\/en\/tienda\/accesorios\/estuches-y-fundas\/para-bateria-estuches-y-fundas\/funda-meinl-p-baquetas-mssb\/\" \/>\n<meta property=\"og:locale\" content=\"en_US\" \/>\n<meta property=\"og:type\" content=\"article\" \/>\n<meta property=\"og:title\" content=\"FUNDA MEINL P\/BAQUETAS MSSB - Mexican Guitar Players\" \/>\n<meta property=\"og:description\" content=\"FUNDA MEINL P\/BAQUETAS MSSB. Baquetero Meinl, versi\u00f3n m\u00e1s amplia del baquetero tradicional de Meinl, once bolsillos internos de diferentes tama\u00f1os para cualquier tipo de baqueta, baquet\u00f3n, rod, escobilla o accesorio, bolsillo exterior de gran tama\u00f1o que se adapta a libros, partituras, pads de pr\u00e1ctica o metr\u00f3nomos, correa de cuerpo ajustable para colgar la funda a trav\u00e9s de torso, fabricado con resistente nylon para mayor durabilidad, peso: 74 g, tama\u00f1o largo.\" \/>\n<meta property=\"og:url\" content=\"https:\/\/www.mexicanguitarplayers.com\/en\/tienda\/accesorios\/estuches-y-fundas\/para-bateria-estuches-y-fundas\/funda-meinl-p-baquetas-mssb\/\" \/>\n<meta property=\"og:site_name\" content=\"Mexican Guitar Players\" \/>\n<meta property=\"article:modified_time\" content=\"2026-05-01T13:39:07+00:00\" \/>\n<meta property=\"og:image\" content=\"https:\/\/www.mexicanguitarplayers.com\/wp-content\/uploads\/2022\/08\/VAMEIMSSB.jpg\" \/>\n\t<meta property=\"og:image:width\" content=\"1200\" \/>\n\t<meta property=\"og:image:height\" content=\"1200\" \/>\n\t<meta property=\"og:image:type\" content=\"image\/jpeg\" \/>\n<meta name=\"twitter:card\" content=\"summary_large_image\" \/>\n<script type=\"application\/ld+json\" class=\"yoast-schema-graph\">{\"@context\":\"https:\\\/\\\/schema.org\",\"@graph\":[{\"@type\":[\"WebPage\",\"ItemPage\"],\"@id\":\"https:\\\/\\\/www.mexicanguitarplayers.com\\\/tienda\\\/accesorios\\\/estuches-y-fundas\\\/para-bateria-estuches-y-fundas\\\/funda-meinl-p-baquetas-mssb\\\/\",\"url\":\"https:\\\/\\\/www.mexicanguitarplayers.com\\\/tienda\\\/accesorios\\\/estuches-y-fundas\\\/para-bateria-estuches-y-fundas\\\/funda-meinl-p-baquetas-mssb\\\/\",\"name\":\"FUNDA MEINL P\\\/BAQUETAS MSSB - Mexican Guitar Players\",\"isPartOf\":{\"@id\":\"https:\\\/\\\/www.mexicanguitarplayers.com\\\/#website\"},\"primaryImageOfPage\":{\"@id\":\"https:\\\/\\\/www.mexicanguitarplayers.com\\\/tienda\\\/accesorios\\\/estuches-y-fundas\\\/para-bateria-estuches-y-fundas\\\/funda-meinl-p-baquetas-mssb\\\/#primaryimage\"},\"image\":{\"@id\":\"https:\\\/\\\/www.mexicanguitarplayers.com\\\/tienda\\\/accesorios\\\/estuches-y-fundas\\\/para-bateria-estuches-y-fundas\\\/funda-meinl-p-baquetas-mssb\\\/#primaryimage\"},\"thumbnailUrl\":\"https:\\\/\\\/www.mexicanguitarplayers.com\\\/wp-content\\\/uploads\\\/2022\\\/08\\\/VAMEIMSSB.jpg\",\"datePublished\":\"2022-08-18T22:11:26+00:00\",\"dateModified\":\"2026-05-01T13:39:07+00:00\",\"description\":\"FUNDA MEINL P\\\/BAQUETAS MSSB. Baquetero Meinl, versi\u00f3n m\u00e1s amplia del baquetero tradicional de Meinl, once bolsillos internos de diferentes tama\u00f1os para cualquier tipo de baqueta, baquet\u00f3n, rod, escobilla o accesorio, bolsillo exterior de gran tama\u00f1o que se adapta a libros, partituras, pads de pr\u00e1ctica o metr\u00f3nomos, correa de cuerpo ajustable para colgar la funda a trav\u00e9s de torso, fabricado con resistente nylon para mayor durabilidad, peso: 74 g, tama\u00f1o largo.\",\"breadcrumb\":{\"@id\":\"https:\\\/\\\/www.mexicanguitarplayers.com\\\/tienda\\\/accesorios\\\/estuches-y-fundas\\\/para-bateria-estuches-y-fundas\\\/funda-meinl-p-baquetas-mssb\\\/#breadcrumb\"},\"inLanguage\":\"en-US\",\"potentialAction\":[{\"@type\":\"ReadAction\",\"target\":[\"https:\\\/\\\/www.mexicanguitarplayers.com\\\/tienda\\\/accesorios\\\/estuches-y-fundas\\\/para-bateria-estuches-y-fundas\\\/funda-meinl-p-baquetas-mssb\\\/\"]}]},{\"@type\":\"ImageObject\",\"inLanguage\":\"en-US\",\"@id\":\"https:\\\/\\\/www.mexicanguitarplayers.com\\\/tienda\\\/accesorios\\\/estuches-y-fundas\\\/para-bateria-estuches-y-fundas\\\/funda-meinl-p-baquetas-mssb\\\/#primaryimage\",\"url\":\"https:\\\/\\\/www.mexicanguitarplayers.com\\\/wp-content\\\/uploads\\\/2022\\\/08\\\/VAMEIMSSB.jpg\",\"contentUrl\":\"https:\\\/\\\/www.mexicanguitarplayers.com\\\/wp-content\\\/uploads\\\/2022\\\/08\\\/VAMEIMSSB.jpg\",\"width\":1200,\"height\":1200},{\"@type\":\"BreadcrumbList\",\"@id\":\"https:\\\/\\\/www.mexicanguitarplayers.com\\\/tienda\\\/accesorios\\\/estuches-y-fundas\\\/para-bateria-estuches-y-fundas\\\/funda-meinl-p-baquetas-mssb\\\/#breadcrumb\",\"itemListElement\":[{\"@type\":\"ListItem\",\"position\":1,\"name\":\"Portada\",\"item\":\"https:\\\/\\\/www.mexicanguitarplayers.com\\\/\"},{\"@type\":\"ListItem\",\"position\":2,\"name\":\"Tienda\",\"item\":\"https:\\\/\\\/www.mexicanguitarplayers.com\\\/tienda\\\/\"},{\"@type\":\"ListItem\",\"position\":3,\"name\":\"FUNDA MEINL P\\\/BAQUETAS MSSB\"}]},{\"@type\":\"WebSite\",\"@id\":\"https:\\\/\\\/www.mexicanguitarplayers.com\\\/#website\",\"url\":\"https:\\\/\\\/www.mexicanguitarplayers.com\\\/\",\"name\":\"Mexican Guitar Players\",\"description\":\"Website\",\"publisher\":{\"@id\":\"https:\\\/\\\/www.mexicanguitarplayers.com\\\/#organization\"},\"potentialAction\":[{\"@type\":\"SearchAction\",\"target\":{\"@type\":\"EntryPoint\",\"urlTemplate\":\"https:\\\/\\\/www.mexicanguitarplayers.com\\\/?s={search_term_string}\"},\"query-input\":{\"@type\":\"PropertyValueSpecification\",\"valueRequired\":true,\"valueName\":\"search_term_string\"}}],\"inLanguage\":\"en-US\"},{\"@type\":\"Organization\",\"@id\":\"https:\\\/\\\/www.mexicanguitarplayers.com\\\/#organization\",\"name\":\"Mexican Guitar Players\",\"url\":\"https:\\\/\\\/www.mexicanguitarplayers.com\\\/\",\"logo\":{\"@type\":\"ImageObject\",\"inLanguage\":\"en-US\",\"@id\":\"https:\\\/\\\/www.mexicanguitarplayers.com\\\/#\\\/schema\\\/logo\\\/image\\\/\",\"url\":\"\",\"contentUrl\":\"\",\"caption\":\"Mexican Guitar Players\"},\"image\":{\"@id\":\"https:\\\/\\\/www.mexicanguitarplayers.com\\\/#\\\/schema\\\/logo\\\/image\\\/\"}}]}<\/script>\n<!-- \/ Yoast SEO plugin. -->","yoast_head_json":{"title":"FUNDA MEINL P\/BAQUETAS MSSB - Mexican Guitar Players","description":"FUNDA MEINL P\/BAQUETAS MSSB. Baquetero Meinl, versi\u00f3n m\u00e1s amplia del baquetero tradicional de Meinl, once bolsillos internos de diferentes tama\u00f1os para cualquier tipo de baqueta, baquet\u00f3n, rod, escobilla o accesorio, bolsillo exterior de gran tama\u00f1o que se adapta a libros, partituras, pads de pr\u00e1ctica o metr\u00f3nomos, correa de cuerpo ajustable para colgar la funda a trav\u00e9s de torso, fabricado con resistente nylon para mayor durabilidad, peso: 74 g, tama\u00f1o largo.","robots":{"index":"index","follow":"follow","max-snippet":"max-snippet:-1","max-image-preview":"max-image-preview:large","max-video-preview":"max-video-preview:-1"},"canonical":"https:\/\/www.mexicanguitarplayers.com\/en\/tienda\/accesorios\/estuches-y-fundas\/para-bateria-estuches-y-fundas\/funda-meinl-p-baquetas-mssb\/","og_locale":"en_US","og_type":"article","og_title":"FUNDA MEINL P\/BAQUETAS MSSB - Mexican Guitar Players","og_description":"FUNDA MEINL P\/BAQUETAS MSSB. Baquetero Meinl, versi\u00f3n m\u00e1s amplia del baquetero tradicional de Meinl, once bolsillos internos de diferentes tama\u00f1os para cualquier tipo de baqueta, baquet\u00f3n, rod, escobilla o accesorio, bolsillo exterior de gran tama\u00f1o que se adapta a libros, partituras, pads de pr\u00e1ctica o metr\u00f3nomos, correa de cuerpo ajustable para colgar la funda a trav\u00e9s de torso, fabricado con resistente nylon para mayor durabilidad, peso: 74 g, tama\u00f1o largo.","og_url":"https:\/\/www.mexicanguitarplayers.com\/en\/tienda\/accesorios\/estuches-y-fundas\/para-bateria-estuches-y-fundas\/funda-meinl-p-baquetas-mssb\/","og_site_name":"Mexican Guitar Players","article_modified_time":"2026-05-01T13:39:07+00:00","og_image":[{"width":1200,"height":1200,"url":"https:\/\/www.mexicanguitarplayers.com\/wp-content\/uploads\/2022\/08\/VAMEIMSSB.jpg","type":"image\/jpeg"}],"twitter_card":"summary_large_image","schema":{"@context":"https:\/\/schema.org","@graph":[{"@type":["WebPage","ItemPage"],"@id":"https:\/\/www.mexicanguitarplayers.com\/tienda\/accesorios\/estuches-y-fundas\/para-bateria-estuches-y-fundas\/funda-meinl-p-baquetas-mssb\/","url":"https:\/\/www.mexicanguitarplayers.com\/tienda\/accesorios\/estuches-y-fundas\/para-bateria-estuches-y-fundas\/funda-meinl-p-baquetas-mssb\/","name":"FUNDA MEINL P\/BAQUETAS MSSB - Mexican Guitar Players","isPartOf":{"@id":"https:\/\/www.mexicanguitarplayers.com\/#website"},"primaryImageOfPage":{"@id":"https:\/\/www.mexicanguitarplayers.com\/tienda\/accesorios\/estuches-y-fundas\/para-bateria-estuches-y-fundas\/funda-meinl-p-baquetas-mssb\/#primaryimage"},"image":{"@id":"https:\/\/www.mexicanguitarplayers.com\/tienda\/accesorios\/estuches-y-fundas\/para-bateria-estuches-y-fundas\/funda-meinl-p-baquetas-mssb\/#primaryimage"},"thumbnailUrl":"https:\/\/www.mexicanguitarplayers.com\/wp-content\/uploads\/2022\/08\/VAMEIMSSB.jpg","datePublished":"2022-08-18T22:11:26+00:00","dateModified":"2026-05-01T13:39:07+00:00","description":"FUNDA MEINL P\/BAQUETAS MSSB. Baquetero Meinl, versi\u00f3n m\u00e1s amplia del baquetero tradicional de Meinl, once bolsillos internos de diferentes tama\u00f1os para cualquier tipo de baqueta, baquet\u00f3n, rod, escobilla o accesorio, bolsillo exterior de gran tama\u00f1o que se adapta a libros, partituras, pads de pr\u00e1ctica o metr\u00f3nomos, correa de cuerpo ajustable para colgar la funda a trav\u00e9s de torso, fabricado con resistente nylon para mayor durabilidad, peso: 74 g, tama\u00f1o largo.","breadcrumb":{"@id":"https:\/\/www.mexicanguitarplayers.com\/tienda\/accesorios\/estuches-y-fundas\/para-bateria-estuches-y-fundas\/funda-meinl-p-baquetas-mssb\/#breadcrumb"},"inLanguage":"en-US","potentialAction":[{"@type":"ReadAction","target":["https:\/\/www.mexicanguitarplayers.com\/tienda\/accesorios\/estuches-y-fundas\/para-bateria-estuches-y-fundas\/funda-meinl-p-baquetas-mssb\/"]}]},{"@type":"ImageObject","inLanguage":"en-US","@id":"https:\/\/www.mexicanguitarplayers.com\/tienda\/accesorios\/estuches-y-fundas\/para-bateria-estuches-y-fundas\/funda-meinl-p-baquetas-mssb\/#primaryimage","url":"https:\/\/www.mexicanguitarplayers.com\/wp-content\/uploads\/2022\/08\/VAMEIMSSB.jpg","contentUrl":"https:\/\/www.mexicanguitarplayers.com\/wp-content\/uploads\/2022\/08\/VAMEIMSSB.jpg","width":1200,"height":1200},{"@type":"BreadcrumbList","@id":"https:\/\/www.mexicanguitarplayers.com\/tienda\/accesorios\/estuches-y-fundas\/para-bateria-estuches-y-fundas\/funda-meinl-p-baquetas-mssb\/#breadcrumb","itemListElement":[{"@type":"ListItem","position":1,"name":"Portada","item":"https:\/\/www.mexicanguitarplayers.com\/"},{"@type":"ListItem","position":2,"name":"Tienda","item":"https:\/\/www.mexicanguitarplayers.com\/tienda\/"},{"@type":"ListItem","position":3,"name":"FUNDA MEINL P\/BAQUETAS MSSB"}]},{"@type":"WebSite","@id":"https:\/\/www.mexicanguitarplayers.com\/#website","url":"https:\/\/www.mexicanguitarplayers.com\/","name":"Mexican Guitar Players","description":"Website","publisher":{"@id":"https:\/\/www.mexicanguitarplayers.com\/#organization"},"potentialAction":[{"@type":"SearchAction","target":{"@type":"EntryPoint","urlTemplate":"https:\/\/www.mexicanguitarplayers.com\/?s={search_term_string}"},"query-input":{"@type":"PropertyValueSpecification","valueRequired":true,"valueName":"search_term_string"}}],"inLanguage":"en-US"},{"@type":"Organization","@id":"https:\/\/www.mexicanguitarplayers.com\/#organization","name":"Mexican Guitar Players","url":"https:\/\/www.mexicanguitarplayers.com\/","logo":{"@type":"ImageObject","inLanguage":"en-US","@id":"https:\/\/www.mexicanguitarplayers.com\/#\/schema\/logo\/image\/","url":"","contentUrl":"","caption":"Mexican Guitar Players"},"image":{"@id":"https:\/\/www.mexicanguitarplayers.com\/#\/schema\/logo\/image\/"}}]}},"brands":[{"id":290,"name":"MEINL","slug":"meinl"}],"_links":{"self":[{"href":"https:\/\/www.mexicanguitarplayers.com\/en\/wp-json\/wp\/v2\/product\/16383","targetHints":{"allow":["GET"]}}],"collection":[{"href":"https:\/\/www.mexicanguitarplayers.com\/en\/wp-json\/wp\/v2\/product"}],"about":[{"href":"https:\/\/www.mexicanguitarplayers.com\/en\/wp-json\/wp\/v2\/types\/product"}],"replies":[{"embeddable":true,"href":"https:\/\/www.mexicanguitarplayers.com\/en\/wp-json\/wp\/v2\/comments?post=16383"}],"wp:featuredmedia":[{"embeddable":true,"href":"https:\/\/www.mexicanguitarplayers.com\/en\/wp-json\/wp\/v2\/media\/16378"}],"wp:attachment":[{"href":"https:\/\/www.mexicanguitarplayers.com\/en\/wp-json\/wp\/v2\/media?parent=16383"}],"wp:term":[{"taxonomy":"pwb-brand","embeddable":true,"href":"https:\/\/www.mexicanguitarplayers.com\/en\/wp-json\/wp\/v2\/pwb-brand?post=16383"},{"taxonomy":"product_brand","embeddable":true,"href":"https:\/\/www.mexicanguitarplayers.com\/en\/wp-json\/wp\/v2\/product_brand?post=16383"},{"taxonomy":"product_cat","embeddable":true,"href":"https:\/\/www.mexicanguitarplayers.com\/en\/wp-json\/wp\/v2\/product_cat?post=16383"},{"taxonomy":"product_tag","embeddable":true,"href":"https:\/\/www.mexicanguitarplayers.com\/en\/wp-json\/wp\/v2\/product_tag?post=16383"}],"curies":[{"name":"wp","href":"https:\/\/api.w.org\/{rel}","templated":true}]}}