{"id":16417,"date":"2022-08-18T17:12:07","date_gmt":"2022-08-18T22:12:07","guid":{"rendered":"https:\/\/www.mexicanguitarplayers.com\/tienda\/sin%20categor\u00eda\/soporte-meinl-p-bongo-mod-thbs-s-bk\/"},"modified":"2026-04-10T05:05:02","modified_gmt":"2026-04-10T11:05:02","slug":"soporte-meinl-p-bongo-mod-thbs-s-bk","status":"publish","type":"product","link":"https:\/\/www.mexicanguitarplayers.com\/en\/tienda\/accesorios\/para-percusion\/hardware-para-percusion\/soporte-meinl-p-bongo-mod-thbs-s-bk\/","title":{"rendered":"MEINL SUPPORT FOR BONGO MOD. THBS-S-BK"},"content":{"rendered":"<div style=\"text-align: justify\">\n<div>\n<h3>MEINL SUPPORT FOR BONGO MOD. THBS-S-BK<\/h3>\n<\/div>\n<div>Bongo stand, adjustable height perfect for incorporating any size bongo, very easy to use, quick setup, adjustable angle, made of steel, finished in elegant black color, adjustable height from 58 to 75 centimeters, convenient in size and quality, extremely stable, reinforced arms.<\/div>\n<\/div>","protected":false},"excerpt":{"rendered":"<p>Soporte para bongo, altura ajustable perfecta para incorporar cualquier tama\u00f1o de bongo, muy f\u00e1cil de utilizar, configuraci\u00f3n r\u00e1pida, \u00e1ngulo ajustable, fabricado con acero, terminado en elegante color negro, altura ajustable de 58 a 75 cent\u00edmetros, conveniente en tama\u00f1o y calidad, extremadamente estable, brazos reforzados.&hellip; <a class=\"kt-excerpt-readmore more-link\" href=\"https:\/\/www.mexicanguitarplayers.com\/en\/tienda\/accesorios\/para-percusion\/hardware-para-percusion\/soporte-meinl-p-bongo-mod-thbs-s-bk\/\">Read more<\/a><\/p>","protected":false},"featured_media":16416,"comment_status":"open","ping_status":"closed","template":"","meta":{"kt_blocks_editor_width":""},"pwb-brand":[290],"product_brand":[],"product_cat":[85,458,432],"product_tag":[],"class_list":{"0":"post-16417","1":"product","2":"type-product","3":"status-publish","4":"has-post-thumbnail","6":"pwb-brand-meinl","7":"product_cat-accesorios","8":"product_cat-hardware-para-percusion","9":"product_cat-para-percusion","10":"product_shipping_class-0-5-kg","12":"first","13":"outofstock","14":"taxable","15":"shipping-taxable","16":"purchasable","17":"product-type-simple"},"yoast_head":"<!-- This site is optimized with the Yoast SEO plugin v27.5 - https:\/\/yoast.com\/product\/yoast-seo-wordpress\/ -->\n<title>SOPORTE MEINL P\/BONGO MOD. THBS-S-BK - Mexican Guitar Players<\/title>\n<meta name=\"description\" content=\"SOPORTE MEINL P\/BONGO MOD. THBS-S-BK. Soporte para bongo, altura ajustable perfecta para incorporar cualquier tama\u00f1o de bongo, muy f\u00e1cil de utilizar, configuraci\u00f3n r\u00e1pida, \u00e1ngulo ajustable, fabricado con acero, terminado en elegante color negro, altura ajustable de 58 a 75 cent\u00edmetros, conveniente en tama\u00f1o y calidad, extremadamente estable, brazos reforzados.\" \/>\n<meta name=\"robots\" content=\"index, follow, max-snippet:-1, max-image-preview:large, max-video-preview:-1\" \/>\n<link rel=\"canonical\" href=\"https:\/\/www.mexicanguitarplayers.com\/en\/tienda\/accesorios\/para-percusion\/hardware-para-percusion\/soporte-meinl-p-bongo-mod-thbs-s-bk\/\" \/>\n<meta property=\"og:locale\" content=\"en_US\" \/>\n<meta property=\"og:type\" content=\"article\" \/>\n<meta property=\"og:title\" content=\"SOPORTE MEINL P\/BONGO MOD. THBS-S-BK - Mexican Guitar Players\" \/>\n<meta property=\"og:description\" content=\"SOPORTE MEINL P\/BONGO MOD. THBS-S-BK. Soporte para bongo, altura ajustable perfecta para incorporar cualquier tama\u00f1o de bongo, muy f\u00e1cil de utilizar, configuraci\u00f3n r\u00e1pida, \u00e1ngulo ajustable, fabricado con acero, terminado en elegante color negro, altura ajustable de 58 a 75 cent\u00edmetros, conveniente en tama\u00f1o y calidad, extremadamente estable, brazos reforzados.\" \/>\n<meta property=\"og:url\" content=\"https:\/\/www.mexicanguitarplayers.com\/en\/tienda\/accesorios\/para-percusion\/hardware-para-percusion\/soporte-meinl-p-bongo-mod-thbs-s-bk\/\" \/>\n<meta property=\"og:site_name\" content=\"Mexican Guitar Players\" \/>\n<meta property=\"article:modified_time\" content=\"2026-04-10T11:05:02+00:00\" \/>\n<meta property=\"og:image\" content=\"https:\/\/www.mexicanguitarplayers.com\/wp-content\/uploads\/2022\/08\/VAMEITHBSSBK.jpg\" \/>\n\t<meta property=\"og:image:width\" content=\"800\" \/>\n\t<meta property=\"og:image:height\" content=\"1600\" \/>\n\t<meta property=\"og:image:type\" content=\"image\/jpeg\" \/>\n<meta name=\"twitter:card\" content=\"summary_large_image\" \/>\n<script type=\"application\/ld+json\" class=\"yoast-schema-graph\">{\"@context\":\"https:\\\/\\\/schema.org\",\"@graph\":[{\"@type\":[\"WebPage\",\"ItemPage\"],\"@id\":\"https:\\\/\\\/www.mexicanguitarplayers.com\\\/tienda\\\/accesorios\\\/para-percusion\\\/hardware-para-percusion\\\/soporte-meinl-p-bongo-mod-thbs-s-bk\\\/\",\"url\":\"https:\\\/\\\/www.mexicanguitarplayers.com\\\/tienda\\\/accesorios\\\/para-percusion\\\/hardware-para-percusion\\\/soporte-meinl-p-bongo-mod-thbs-s-bk\\\/\",\"name\":\"SOPORTE MEINL P\\\/BONGO MOD. THBS-S-BK - Mexican Guitar Players\",\"isPartOf\":{\"@id\":\"https:\\\/\\\/www.mexicanguitarplayers.com\\\/#website\"},\"primaryImageOfPage\":{\"@id\":\"https:\\\/\\\/www.mexicanguitarplayers.com\\\/tienda\\\/accesorios\\\/para-percusion\\\/hardware-para-percusion\\\/soporte-meinl-p-bongo-mod-thbs-s-bk\\\/#primaryimage\"},\"image\":{\"@id\":\"https:\\\/\\\/www.mexicanguitarplayers.com\\\/tienda\\\/accesorios\\\/para-percusion\\\/hardware-para-percusion\\\/soporte-meinl-p-bongo-mod-thbs-s-bk\\\/#primaryimage\"},\"thumbnailUrl\":\"https:\\\/\\\/www.mexicanguitarplayers.com\\\/wp-content\\\/uploads\\\/2022\\\/08\\\/VAMEITHBSSBK.jpg\",\"datePublished\":\"2022-08-18T22:12:07+00:00\",\"dateModified\":\"2026-04-10T11:05:02+00:00\",\"description\":\"SOPORTE MEINL P\\\/BONGO MOD. THBS-S-BK. Soporte para bongo, altura ajustable perfecta para incorporar cualquier tama\u00f1o de bongo, muy f\u00e1cil de utilizar, configuraci\u00f3n r\u00e1pida, \u00e1ngulo ajustable, fabricado con acero, terminado en elegante color negro, altura ajustable de 58 a 75 cent\u00edmetros, conveniente en tama\u00f1o y calidad, extremadamente estable, brazos reforzados.\",\"breadcrumb\":{\"@id\":\"https:\\\/\\\/www.mexicanguitarplayers.com\\\/tienda\\\/accesorios\\\/para-percusion\\\/hardware-para-percusion\\\/soporte-meinl-p-bongo-mod-thbs-s-bk\\\/#breadcrumb\"},\"inLanguage\":\"en-US\",\"potentialAction\":[{\"@type\":\"ReadAction\",\"target\":[\"https:\\\/\\\/www.mexicanguitarplayers.com\\\/tienda\\\/accesorios\\\/para-percusion\\\/hardware-para-percusion\\\/soporte-meinl-p-bongo-mod-thbs-s-bk\\\/\"]}]},{\"@type\":\"ImageObject\",\"inLanguage\":\"en-US\",\"@id\":\"https:\\\/\\\/www.mexicanguitarplayers.com\\\/tienda\\\/accesorios\\\/para-percusion\\\/hardware-para-percusion\\\/soporte-meinl-p-bongo-mod-thbs-s-bk\\\/#primaryimage\",\"url\":\"https:\\\/\\\/www.mexicanguitarplayers.com\\\/wp-content\\\/uploads\\\/2022\\\/08\\\/VAMEITHBSSBK.jpg\",\"contentUrl\":\"https:\\\/\\\/www.mexicanguitarplayers.com\\\/wp-content\\\/uploads\\\/2022\\\/08\\\/VAMEITHBSSBK.jpg\",\"width\":800,\"height\":1600},{\"@type\":\"BreadcrumbList\",\"@id\":\"https:\\\/\\\/www.mexicanguitarplayers.com\\\/tienda\\\/accesorios\\\/para-percusion\\\/hardware-para-percusion\\\/soporte-meinl-p-bongo-mod-thbs-s-bk\\\/#breadcrumb\",\"itemListElement\":[{\"@type\":\"ListItem\",\"position\":1,\"name\":\"Portada\",\"item\":\"https:\\\/\\\/www.mexicanguitarplayers.com\\\/\"},{\"@type\":\"ListItem\",\"position\":2,\"name\":\"Tienda\",\"item\":\"https:\\\/\\\/www.mexicanguitarplayers.com\\\/tienda\\\/\"},{\"@type\":\"ListItem\",\"position\":3,\"name\":\"SOPORTE MEINL P\\\/BONGO MOD. THBS-S-BK\"}]},{\"@type\":\"WebSite\",\"@id\":\"https:\\\/\\\/www.mexicanguitarplayers.com\\\/#website\",\"url\":\"https:\\\/\\\/www.mexicanguitarplayers.com\\\/\",\"name\":\"Mexican Guitar Players\",\"description\":\"Website\",\"publisher\":{\"@id\":\"https:\\\/\\\/www.mexicanguitarplayers.com\\\/#organization\"},\"potentialAction\":[{\"@type\":\"SearchAction\",\"target\":{\"@type\":\"EntryPoint\",\"urlTemplate\":\"https:\\\/\\\/www.mexicanguitarplayers.com\\\/?s={search_term_string}\"},\"query-input\":{\"@type\":\"PropertyValueSpecification\",\"valueRequired\":true,\"valueName\":\"search_term_string\"}}],\"inLanguage\":\"en-US\"},{\"@type\":\"Organization\",\"@id\":\"https:\\\/\\\/www.mexicanguitarplayers.com\\\/#organization\",\"name\":\"Mexican Guitar Players\",\"url\":\"https:\\\/\\\/www.mexicanguitarplayers.com\\\/\",\"logo\":{\"@type\":\"ImageObject\",\"inLanguage\":\"en-US\",\"@id\":\"https:\\\/\\\/www.mexicanguitarplayers.com\\\/#\\\/schema\\\/logo\\\/image\\\/\",\"url\":\"\",\"contentUrl\":\"\",\"caption\":\"Mexican Guitar Players\"},\"image\":{\"@id\":\"https:\\\/\\\/www.mexicanguitarplayers.com\\\/#\\\/schema\\\/logo\\\/image\\\/\"}}]}<\/script>\n<!-- \/ Yoast SEO plugin. -->","yoast_head_json":{"title":"SOPORTE MEINL P\/BONGO MOD. THBS-S-BK - Mexican Guitar Players","description":"SOPORTE MEINL P\/BONGO MOD. THBS-S-BK. Soporte para bongo, altura ajustable perfecta para incorporar cualquier tama\u00f1o de bongo, muy f\u00e1cil de utilizar, configuraci\u00f3n r\u00e1pida, \u00e1ngulo ajustable, fabricado con acero, terminado en elegante color negro, altura ajustable de 58 a 75 cent\u00edmetros, conveniente en tama\u00f1o y calidad, extremadamente estable, brazos reforzados.","robots":{"index":"index","follow":"follow","max-snippet":"max-snippet:-1","max-image-preview":"max-image-preview:large","max-video-preview":"max-video-preview:-1"},"canonical":"https:\/\/www.mexicanguitarplayers.com\/en\/tienda\/accesorios\/para-percusion\/hardware-para-percusion\/soporte-meinl-p-bongo-mod-thbs-s-bk\/","og_locale":"en_US","og_type":"article","og_title":"SOPORTE MEINL P\/BONGO MOD. THBS-S-BK - Mexican Guitar Players","og_description":"SOPORTE MEINL P\/BONGO MOD. THBS-S-BK. Soporte para bongo, altura ajustable perfecta para incorporar cualquier tama\u00f1o de bongo, muy f\u00e1cil de utilizar, configuraci\u00f3n r\u00e1pida, \u00e1ngulo ajustable, fabricado con acero, terminado en elegante color negro, altura ajustable de 58 a 75 cent\u00edmetros, conveniente en tama\u00f1o y calidad, extremadamente estable, brazos reforzados.","og_url":"https:\/\/www.mexicanguitarplayers.com\/en\/tienda\/accesorios\/para-percusion\/hardware-para-percusion\/soporte-meinl-p-bongo-mod-thbs-s-bk\/","og_site_name":"Mexican Guitar Players","article_modified_time":"2026-04-10T11:05:02+00:00","og_image":[{"width":800,"height":1600,"url":"https:\/\/www.mexicanguitarplayers.com\/wp-content\/uploads\/2022\/08\/VAMEITHBSSBK.jpg","type":"image\/jpeg"}],"twitter_card":"summary_large_image","schema":{"@context":"https:\/\/schema.org","@graph":[{"@type":["WebPage","ItemPage"],"@id":"https:\/\/www.mexicanguitarplayers.com\/tienda\/accesorios\/para-percusion\/hardware-para-percusion\/soporte-meinl-p-bongo-mod-thbs-s-bk\/","url":"https:\/\/www.mexicanguitarplayers.com\/tienda\/accesorios\/para-percusion\/hardware-para-percusion\/soporte-meinl-p-bongo-mod-thbs-s-bk\/","name":"SOPORTE MEINL P\/BONGO MOD. THBS-S-BK - Mexican Guitar Players","isPartOf":{"@id":"https:\/\/www.mexicanguitarplayers.com\/#website"},"primaryImageOfPage":{"@id":"https:\/\/www.mexicanguitarplayers.com\/tienda\/accesorios\/para-percusion\/hardware-para-percusion\/soporte-meinl-p-bongo-mod-thbs-s-bk\/#primaryimage"},"image":{"@id":"https:\/\/www.mexicanguitarplayers.com\/tienda\/accesorios\/para-percusion\/hardware-para-percusion\/soporte-meinl-p-bongo-mod-thbs-s-bk\/#primaryimage"},"thumbnailUrl":"https:\/\/www.mexicanguitarplayers.com\/wp-content\/uploads\/2022\/08\/VAMEITHBSSBK.jpg","datePublished":"2022-08-18T22:12:07+00:00","dateModified":"2026-04-10T11:05:02+00:00","description":"SOPORTE MEINL P\/BONGO MOD. THBS-S-BK. Soporte para bongo, altura ajustable perfecta para incorporar cualquier tama\u00f1o de bongo, muy f\u00e1cil de utilizar, configuraci\u00f3n r\u00e1pida, \u00e1ngulo ajustable, fabricado con acero, terminado en elegante color negro, altura ajustable de 58 a 75 cent\u00edmetros, conveniente en tama\u00f1o y calidad, extremadamente estable, brazos reforzados.","breadcrumb":{"@id":"https:\/\/www.mexicanguitarplayers.com\/tienda\/accesorios\/para-percusion\/hardware-para-percusion\/soporte-meinl-p-bongo-mod-thbs-s-bk\/#breadcrumb"},"inLanguage":"en-US","potentialAction":[{"@type":"ReadAction","target":["https:\/\/www.mexicanguitarplayers.com\/tienda\/accesorios\/para-percusion\/hardware-para-percusion\/soporte-meinl-p-bongo-mod-thbs-s-bk\/"]}]},{"@type":"ImageObject","inLanguage":"en-US","@id":"https:\/\/www.mexicanguitarplayers.com\/tienda\/accesorios\/para-percusion\/hardware-para-percusion\/soporte-meinl-p-bongo-mod-thbs-s-bk\/#primaryimage","url":"https:\/\/www.mexicanguitarplayers.com\/wp-content\/uploads\/2022\/08\/VAMEITHBSSBK.jpg","contentUrl":"https:\/\/www.mexicanguitarplayers.com\/wp-content\/uploads\/2022\/08\/VAMEITHBSSBK.jpg","width":800,"height":1600},{"@type":"BreadcrumbList","@id":"https:\/\/www.mexicanguitarplayers.com\/tienda\/accesorios\/para-percusion\/hardware-para-percusion\/soporte-meinl-p-bongo-mod-thbs-s-bk\/#breadcrumb","itemListElement":[{"@type":"ListItem","position":1,"name":"Portada","item":"https:\/\/www.mexicanguitarplayers.com\/"},{"@type":"ListItem","position":2,"name":"Tienda","item":"https:\/\/www.mexicanguitarplayers.com\/tienda\/"},{"@type":"ListItem","position":3,"name":"SOPORTE MEINL P\/BONGO MOD. THBS-S-BK"}]},{"@type":"WebSite","@id":"https:\/\/www.mexicanguitarplayers.com\/#website","url":"https:\/\/www.mexicanguitarplayers.com\/","name":"Mexican Guitar Players","description":"Website","publisher":{"@id":"https:\/\/www.mexicanguitarplayers.com\/#organization"},"potentialAction":[{"@type":"SearchAction","target":{"@type":"EntryPoint","urlTemplate":"https:\/\/www.mexicanguitarplayers.com\/?s={search_term_string}"},"query-input":{"@type":"PropertyValueSpecification","valueRequired":true,"valueName":"search_term_string"}}],"inLanguage":"en-US"},{"@type":"Organization","@id":"https:\/\/www.mexicanguitarplayers.com\/#organization","name":"Mexican Guitar Players","url":"https:\/\/www.mexicanguitarplayers.com\/","logo":{"@type":"ImageObject","inLanguage":"en-US","@id":"https:\/\/www.mexicanguitarplayers.com\/#\/schema\/logo\/image\/","url":"","contentUrl":"","caption":"Mexican Guitar Players"},"image":{"@id":"https:\/\/www.mexicanguitarplayers.com\/#\/schema\/logo\/image\/"}}]}},"brands":[{"id":290,"name":"MEINL","slug":"meinl"}],"_links":{"self":[{"href":"https:\/\/www.mexicanguitarplayers.com\/en\/wp-json\/wp\/v2\/product\/16417","targetHints":{"allow":["GET"]}}],"collection":[{"href":"https:\/\/www.mexicanguitarplayers.com\/en\/wp-json\/wp\/v2\/product"}],"about":[{"href":"https:\/\/www.mexicanguitarplayers.com\/en\/wp-json\/wp\/v2\/types\/product"}],"replies":[{"embeddable":true,"href":"https:\/\/www.mexicanguitarplayers.com\/en\/wp-json\/wp\/v2\/comments?post=16417"}],"wp:featuredmedia":[{"embeddable":true,"href":"https:\/\/www.mexicanguitarplayers.com\/en\/wp-json\/wp\/v2\/media\/16416"}],"wp:attachment":[{"href":"https:\/\/www.mexicanguitarplayers.com\/en\/wp-json\/wp\/v2\/media?parent=16417"}],"wp:term":[{"taxonomy":"pwb-brand","embeddable":true,"href":"https:\/\/www.mexicanguitarplayers.com\/en\/wp-json\/wp\/v2\/pwb-brand?post=16417"},{"taxonomy":"product_brand","embeddable":true,"href":"https:\/\/www.mexicanguitarplayers.com\/en\/wp-json\/wp\/v2\/product_brand?post=16417"},{"taxonomy":"product_cat","embeddable":true,"href":"https:\/\/www.mexicanguitarplayers.com\/en\/wp-json\/wp\/v2\/product_cat?post=16417"},{"taxonomy":"product_tag","embeddable":true,"href":"https:\/\/www.mexicanguitarplayers.com\/en\/wp-json\/wp\/v2\/product_tag?post=16417"}],"curies":[{"name":"wp","href":"https:\/\/api.w.org\/{rel}","templated":true}]}}