{"id":16439,"date":"2022-08-18T17:12:40","date_gmt":"2022-08-18T22:12:40","guid":{"rendered":"https:\/\/www.mexicanguitarplayers.com\/tienda\/sin%20categor\u00eda\/soporte-meinl-p-platillo-de-choque-tmhcs\/"},"modified":"2026-04-10T05:04:57","modified_gmt":"2026-04-10T11:04:57","slug":"soporte-meinl-p-platillo-de-choque-tmhcs","status":"publish","type":"product","link":"https:\/\/www.mexicanguitarplayers.com\/en\/tienda\/accesorios\/para-bateria\/hardware-para-bateria\/atriles\/soporte-meinl-p-platillo-de-choque-tmhcs\/","title":{"rendered":"MEINL SUPPORT FOR TMHCS CRASHING CYMBAL"},"content":{"rendered":"<div style=\"text-align: justify\">\n<div>\n<h3>MEINL SUPPORT FOR TMHCS CRASHING CYMBAL<\/h3>\n<\/div>\n<div>Crash Cymbal Stand, strong and solid design, three double-braced legs, two padded cymbal bases that easily adjust with a standard drum wrench, includes a shelf between the two cymbal cradles for various accessories.<\/div>\n<\/div>","protected":false},"excerpt":{"rendered":"<p>Soporte para platillos de choque, fuerte y s\u00f3lido dise\u00f1o, tres patas de doble solera, dos bases acolchadas para platillo que se ajustan f\u00e1cilmente con una llave est\u00e1ndar de bater\u00eda, incluye un estante entre las dos cunas de platillos para diferentes accesorios.&hellip; <a class=\"kt-excerpt-readmore more-link\" href=\"https:\/\/www.mexicanguitarplayers.com\/en\/tienda\/accesorios\/para-bateria\/hardware-para-bateria\/atriles\/soporte-meinl-p-platillo-de-choque-tmhcs\/\">Read more<\/a><\/p>","protected":false},"featured_media":16438,"comment_status":"open","ping_status":"closed","template":"","meta":{"kt_blocks_editor_width":""},"pwb-brand":[290],"product_brand":[],"product_cat":[85,515,435,306],"product_tag":[],"class_list":{"0":"post-16439","1":"product","2":"type-product","3":"status-publish","4":"has-post-thumbnail","6":"pwb-brand-meinl","7":"product_cat-accesorios","8":"product_cat-atriles","9":"product_cat-hardware-para-bateria","10":"product_cat-para-bateria","11":"product_shipping_class-15-20-kg","13":"first","14":"outofstock","15":"taxable","16":"shipping-taxable","17":"purchasable","18":"product-type-simple"},"yoast_head":"<!-- This site is optimized with the Yoast SEO plugin v27.5 - https:\/\/yoast.com\/product\/yoast-seo-wordpress\/ -->\n<title>SOPORTE MEINL P\/PLATILLO DE CHOQUE TMHCS - Mexican Guitar Players<\/title>\n<meta name=\"description\" content=\"SOPORTE MEINL P\/PLATILLO DE CHOQUE TMHCS. Soporte para platillos de choque, fuerte y s\u00f3lido dise\u00f1o, tres patas de doble solera, dos bases acolchadas para platillo que se ajustan f\u00e1cilmente con una llave est\u00e1ndar de bater\u00eda, incluye un estante entre las dos cunas de platillos para diferentes accesorios.\" \/>\n<meta name=\"robots\" content=\"index, follow, max-snippet:-1, max-image-preview:large, max-video-preview:-1\" \/>\n<link rel=\"canonical\" href=\"https:\/\/www.mexicanguitarplayers.com\/en\/tienda\/accesorios\/para-bateria\/hardware-para-bateria\/atriles\/soporte-meinl-p-platillo-de-choque-tmhcs\/\" \/>\n<meta property=\"og:locale\" content=\"en_US\" \/>\n<meta property=\"og:type\" content=\"article\" \/>\n<meta property=\"og:title\" content=\"SOPORTE MEINL P\/PLATILLO DE CHOQUE TMHCS - Mexican Guitar Players\" \/>\n<meta property=\"og:description\" content=\"SOPORTE MEINL P\/PLATILLO DE CHOQUE TMHCS. Soporte para platillos de choque, fuerte y s\u00f3lido dise\u00f1o, tres patas de doble solera, dos bases acolchadas para platillo que se ajustan f\u00e1cilmente con una llave est\u00e1ndar de bater\u00eda, incluye un estante entre las dos cunas de platillos para diferentes accesorios.\" \/>\n<meta property=\"og:url\" content=\"https:\/\/www.mexicanguitarplayers.com\/en\/tienda\/accesorios\/para-bateria\/hardware-para-bateria\/atriles\/soporte-meinl-p-platillo-de-choque-tmhcs\/\" \/>\n<meta property=\"og:site_name\" content=\"Mexican Guitar Players\" \/>\n<meta property=\"article:modified_time\" content=\"2026-04-10T11:04:57+00:00\" \/>\n<meta property=\"og:image\" content=\"https:\/\/www.mexicanguitarplayers.com\/wp-content\/uploads\/2022\/08\/VAMEITMHCS.jpg\" \/>\n\t<meta property=\"og:image:width\" content=\"800\" \/>\n\t<meta property=\"og:image:height\" content=\"1600\" \/>\n\t<meta property=\"og:image:type\" content=\"image\/jpeg\" \/>\n<meta name=\"twitter:card\" content=\"summary_large_image\" \/>\n<script type=\"application\/ld+json\" class=\"yoast-schema-graph\">{\"@context\":\"https:\\\/\\\/schema.org\",\"@graph\":[{\"@type\":[\"WebPage\",\"ItemPage\"],\"@id\":\"https:\\\/\\\/www.mexicanguitarplayers.com\\\/tienda\\\/accesorios\\\/para-bateria\\\/hardware-para-bateria\\\/atriles\\\/soporte-meinl-p-platillo-de-choque-tmhcs\\\/\",\"url\":\"https:\\\/\\\/www.mexicanguitarplayers.com\\\/tienda\\\/accesorios\\\/para-bateria\\\/hardware-para-bateria\\\/atriles\\\/soporte-meinl-p-platillo-de-choque-tmhcs\\\/\",\"name\":\"SOPORTE MEINL P\\\/PLATILLO DE CHOQUE TMHCS - Mexican Guitar Players\",\"isPartOf\":{\"@id\":\"https:\\\/\\\/www.mexicanguitarplayers.com\\\/#website\"},\"primaryImageOfPage\":{\"@id\":\"https:\\\/\\\/www.mexicanguitarplayers.com\\\/tienda\\\/accesorios\\\/para-bateria\\\/hardware-para-bateria\\\/atriles\\\/soporte-meinl-p-platillo-de-choque-tmhcs\\\/#primaryimage\"},\"image\":{\"@id\":\"https:\\\/\\\/www.mexicanguitarplayers.com\\\/tienda\\\/accesorios\\\/para-bateria\\\/hardware-para-bateria\\\/atriles\\\/soporte-meinl-p-platillo-de-choque-tmhcs\\\/#primaryimage\"},\"thumbnailUrl\":\"https:\\\/\\\/www.mexicanguitarplayers.com\\\/wp-content\\\/uploads\\\/2022\\\/08\\\/VAMEITMHCS.jpg\",\"datePublished\":\"2022-08-18T22:12:40+00:00\",\"dateModified\":\"2026-04-10T11:04:57+00:00\",\"description\":\"SOPORTE MEINL P\\\/PLATILLO DE CHOQUE TMHCS. Soporte para platillos de choque, fuerte y s\u00f3lido dise\u00f1o, tres patas de doble solera, dos bases acolchadas para platillo que se ajustan f\u00e1cilmente con una llave est\u00e1ndar de bater\u00eda, incluye un estante entre las dos cunas de platillos para diferentes accesorios.\",\"breadcrumb\":{\"@id\":\"https:\\\/\\\/www.mexicanguitarplayers.com\\\/tienda\\\/accesorios\\\/para-bateria\\\/hardware-para-bateria\\\/atriles\\\/soporte-meinl-p-platillo-de-choque-tmhcs\\\/#breadcrumb\"},\"inLanguage\":\"en-US\",\"potentialAction\":[{\"@type\":\"ReadAction\",\"target\":[\"https:\\\/\\\/www.mexicanguitarplayers.com\\\/tienda\\\/accesorios\\\/para-bateria\\\/hardware-para-bateria\\\/atriles\\\/soporte-meinl-p-platillo-de-choque-tmhcs\\\/\"]}]},{\"@type\":\"ImageObject\",\"inLanguage\":\"en-US\",\"@id\":\"https:\\\/\\\/www.mexicanguitarplayers.com\\\/tienda\\\/accesorios\\\/para-bateria\\\/hardware-para-bateria\\\/atriles\\\/soporte-meinl-p-platillo-de-choque-tmhcs\\\/#primaryimage\",\"url\":\"https:\\\/\\\/www.mexicanguitarplayers.com\\\/wp-content\\\/uploads\\\/2022\\\/08\\\/VAMEITMHCS.jpg\",\"contentUrl\":\"https:\\\/\\\/www.mexicanguitarplayers.com\\\/wp-content\\\/uploads\\\/2022\\\/08\\\/VAMEITMHCS.jpg\",\"width\":800,\"height\":1600},{\"@type\":\"BreadcrumbList\",\"@id\":\"https:\\\/\\\/www.mexicanguitarplayers.com\\\/tienda\\\/accesorios\\\/para-bateria\\\/hardware-para-bateria\\\/atriles\\\/soporte-meinl-p-platillo-de-choque-tmhcs\\\/#breadcrumb\",\"itemListElement\":[{\"@type\":\"ListItem\",\"position\":1,\"name\":\"Portada\",\"item\":\"https:\\\/\\\/www.mexicanguitarplayers.com\\\/\"},{\"@type\":\"ListItem\",\"position\":2,\"name\":\"Tienda\",\"item\":\"https:\\\/\\\/www.mexicanguitarplayers.com\\\/tienda\\\/\"},{\"@type\":\"ListItem\",\"position\":3,\"name\":\"SOPORTE MEINL P\\\/PLATILLO DE CHOQUE TMHCS\"}]},{\"@type\":\"WebSite\",\"@id\":\"https:\\\/\\\/www.mexicanguitarplayers.com\\\/#website\",\"url\":\"https:\\\/\\\/www.mexicanguitarplayers.com\\\/\",\"name\":\"Mexican Guitar Players\",\"description\":\"Website\",\"publisher\":{\"@id\":\"https:\\\/\\\/www.mexicanguitarplayers.com\\\/#organization\"},\"potentialAction\":[{\"@type\":\"SearchAction\",\"target\":{\"@type\":\"EntryPoint\",\"urlTemplate\":\"https:\\\/\\\/www.mexicanguitarplayers.com\\\/?s={search_term_string}\"},\"query-input\":{\"@type\":\"PropertyValueSpecification\",\"valueRequired\":true,\"valueName\":\"search_term_string\"}}],\"inLanguage\":\"en-US\"},{\"@type\":\"Organization\",\"@id\":\"https:\\\/\\\/www.mexicanguitarplayers.com\\\/#organization\",\"name\":\"Mexican Guitar Players\",\"url\":\"https:\\\/\\\/www.mexicanguitarplayers.com\\\/\",\"logo\":{\"@type\":\"ImageObject\",\"inLanguage\":\"en-US\",\"@id\":\"https:\\\/\\\/www.mexicanguitarplayers.com\\\/#\\\/schema\\\/logo\\\/image\\\/\",\"url\":\"\",\"contentUrl\":\"\",\"caption\":\"Mexican Guitar Players\"},\"image\":{\"@id\":\"https:\\\/\\\/www.mexicanguitarplayers.com\\\/#\\\/schema\\\/logo\\\/image\\\/\"}}]}<\/script>\n<!-- \/ Yoast SEO plugin. -->","yoast_head_json":{"title":"SOPORTE MEINL P\/PLATILLO DE CHOQUE TMHCS - Mexican Guitar Players","description":"SOPORTE MEINL P\/PLATILLO DE CHOQUE TMHCS. Soporte para platillos de choque, fuerte y s\u00f3lido dise\u00f1o, tres patas de doble solera, dos bases acolchadas para platillo que se ajustan f\u00e1cilmente con una llave est\u00e1ndar de bater\u00eda, incluye un estante entre las dos cunas de platillos para diferentes accesorios.","robots":{"index":"index","follow":"follow","max-snippet":"max-snippet:-1","max-image-preview":"max-image-preview:large","max-video-preview":"max-video-preview:-1"},"canonical":"https:\/\/www.mexicanguitarplayers.com\/en\/tienda\/accesorios\/para-bateria\/hardware-para-bateria\/atriles\/soporte-meinl-p-platillo-de-choque-tmhcs\/","og_locale":"en_US","og_type":"article","og_title":"SOPORTE MEINL P\/PLATILLO DE CHOQUE TMHCS - Mexican Guitar Players","og_description":"SOPORTE MEINL P\/PLATILLO DE CHOQUE TMHCS. Soporte para platillos de choque, fuerte y s\u00f3lido dise\u00f1o, tres patas de doble solera, dos bases acolchadas para platillo que se ajustan f\u00e1cilmente con una llave est\u00e1ndar de bater\u00eda, incluye un estante entre las dos cunas de platillos para diferentes accesorios.","og_url":"https:\/\/www.mexicanguitarplayers.com\/en\/tienda\/accesorios\/para-bateria\/hardware-para-bateria\/atriles\/soporte-meinl-p-platillo-de-choque-tmhcs\/","og_site_name":"Mexican Guitar Players","article_modified_time":"2026-04-10T11:04:57+00:00","og_image":[{"width":800,"height":1600,"url":"https:\/\/www.mexicanguitarplayers.com\/wp-content\/uploads\/2022\/08\/VAMEITMHCS.jpg","type":"image\/jpeg"}],"twitter_card":"summary_large_image","schema":{"@context":"https:\/\/schema.org","@graph":[{"@type":["WebPage","ItemPage"],"@id":"https:\/\/www.mexicanguitarplayers.com\/tienda\/accesorios\/para-bateria\/hardware-para-bateria\/atriles\/soporte-meinl-p-platillo-de-choque-tmhcs\/","url":"https:\/\/www.mexicanguitarplayers.com\/tienda\/accesorios\/para-bateria\/hardware-para-bateria\/atriles\/soporte-meinl-p-platillo-de-choque-tmhcs\/","name":"SOPORTE MEINL P\/PLATILLO DE CHOQUE TMHCS - Mexican Guitar Players","isPartOf":{"@id":"https:\/\/www.mexicanguitarplayers.com\/#website"},"primaryImageOfPage":{"@id":"https:\/\/www.mexicanguitarplayers.com\/tienda\/accesorios\/para-bateria\/hardware-para-bateria\/atriles\/soporte-meinl-p-platillo-de-choque-tmhcs\/#primaryimage"},"image":{"@id":"https:\/\/www.mexicanguitarplayers.com\/tienda\/accesorios\/para-bateria\/hardware-para-bateria\/atriles\/soporte-meinl-p-platillo-de-choque-tmhcs\/#primaryimage"},"thumbnailUrl":"https:\/\/www.mexicanguitarplayers.com\/wp-content\/uploads\/2022\/08\/VAMEITMHCS.jpg","datePublished":"2022-08-18T22:12:40+00:00","dateModified":"2026-04-10T11:04:57+00:00","description":"SOPORTE MEINL P\/PLATILLO DE CHOQUE TMHCS. Soporte para platillos de choque, fuerte y s\u00f3lido dise\u00f1o, tres patas de doble solera, dos bases acolchadas para platillo que se ajustan f\u00e1cilmente con una llave est\u00e1ndar de bater\u00eda, incluye un estante entre las dos cunas de platillos para diferentes accesorios.","breadcrumb":{"@id":"https:\/\/www.mexicanguitarplayers.com\/tienda\/accesorios\/para-bateria\/hardware-para-bateria\/atriles\/soporte-meinl-p-platillo-de-choque-tmhcs\/#breadcrumb"},"inLanguage":"en-US","potentialAction":[{"@type":"ReadAction","target":["https:\/\/www.mexicanguitarplayers.com\/tienda\/accesorios\/para-bateria\/hardware-para-bateria\/atriles\/soporte-meinl-p-platillo-de-choque-tmhcs\/"]}]},{"@type":"ImageObject","inLanguage":"en-US","@id":"https:\/\/www.mexicanguitarplayers.com\/tienda\/accesorios\/para-bateria\/hardware-para-bateria\/atriles\/soporte-meinl-p-platillo-de-choque-tmhcs\/#primaryimage","url":"https:\/\/www.mexicanguitarplayers.com\/wp-content\/uploads\/2022\/08\/VAMEITMHCS.jpg","contentUrl":"https:\/\/www.mexicanguitarplayers.com\/wp-content\/uploads\/2022\/08\/VAMEITMHCS.jpg","width":800,"height":1600},{"@type":"BreadcrumbList","@id":"https:\/\/www.mexicanguitarplayers.com\/tienda\/accesorios\/para-bateria\/hardware-para-bateria\/atriles\/soporte-meinl-p-platillo-de-choque-tmhcs\/#breadcrumb","itemListElement":[{"@type":"ListItem","position":1,"name":"Portada","item":"https:\/\/www.mexicanguitarplayers.com\/"},{"@type":"ListItem","position":2,"name":"Tienda","item":"https:\/\/www.mexicanguitarplayers.com\/tienda\/"},{"@type":"ListItem","position":3,"name":"SOPORTE MEINL P\/PLATILLO DE CHOQUE TMHCS"}]},{"@type":"WebSite","@id":"https:\/\/www.mexicanguitarplayers.com\/#website","url":"https:\/\/www.mexicanguitarplayers.com\/","name":"Mexican Guitar Players","description":"Website","publisher":{"@id":"https:\/\/www.mexicanguitarplayers.com\/#organization"},"potentialAction":[{"@type":"SearchAction","target":{"@type":"EntryPoint","urlTemplate":"https:\/\/www.mexicanguitarplayers.com\/?s={search_term_string}"},"query-input":{"@type":"PropertyValueSpecification","valueRequired":true,"valueName":"search_term_string"}}],"inLanguage":"en-US"},{"@type":"Organization","@id":"https:\/\/www.mexicanguitarplayers.com\/#organization","name":"Mexican Guitar Players","url":"https:\/\/www.mexicanguitarplayers.com\/","logo":{"@type":"ImageObject","inLanguage":"en-US","@id":"https:\/\/www.mexicanguitarplayers.com\/#\/schema\/logo\/image\/","url":"","contentUrl":"","caption":"Mexican Guitar Players"},"image":{"@id":"https:\/\/www.mexicanguitarplayers.com\/#\/schema\/logo\/image\/"}}]}},"brands":[{"id":290,"name":"MEINL","slug":"meinl"}],"_links":{"self":[{"href":"https:\/\/www.mexicanguitarplayers.com\/en\/wp-json\/wp\/v2\/product\/16439","targetHints":{"allow":["GET"]}}],"collection":[{"href":"https:\/\/www.mexicanguitarplayers.com\/en\/wp-json\/wp\/v2\/product"}],"about":[{"href":"https:\/\/www.mexicanguitarplayers.com\/en\/wp-json\/wp\/v2\/types\/product"}],"replies":[{"embeddable":true,"href":"https:\/\/www.mexicanguitarplayers.com\/en\/wp-json\/wp\/v2\/comments?post=16439"}],"wp:featuredmedia":[{"embeddable":true,"href":"https:\/\/www.mexicanguitarplayers.com\/en\/wp-json\/wp\/v2\/media\/16438"}],"wp:attachment":[{"href":"https:\/\/www.mexicanguitarplayers.com\/en\/wp-json\/wp\/v2\/media?parent=16439"}],"wp:term":[{"taxonomy":"pwb-brand","embeddable":true,"href":"https:\/\/www.mexicanguitarplayers.com\/en\/wp-json\/wp\/v2\/pwb-brand?post=16439"},{"taxonomy":"product_brand","embeddable":true,"href":"https:\/\/www.mexicanguitarplayers.com\/en\/wp-json\/wp\/v2\/product_brand?post=16439"},{"taxonomy":"product_cat","embeddable":true,"href":"https:\/\/www.mexicanguitarplayers.com\/en\/wp-json\/wp\/v2\/product_cat?post=16439"},{"taxonomy":"product_tag","embeddable":true,"href":"https:\/\/www.mexicanguitarplayers.com\/en\/wp-json\/wp\/v2\/product_tag?post=16439"}],"curies":[{"name":"wp","href":"https:\/\/api.w.org\/{rel}","templated":true}]}}