{"id":16458,"date":"2022-08-18T17:13:06","date_gmt":"2022-08-18T22:13:06","guid":{"rendered":"https:\/\/www.mexicanguitarplayers.com\/tienda\/sin%20categor\u00eda\/pedal-meinl-p-cajon-mod-tmstcp-2\/"},"modified":"2026-04-10T05:04:52","modified_gmt":"2026-04-10T11:04:52","slug":"pedal-meinl-p-cajon-mod-tmstcp-2","status":"publish","type":"product","link":"https:\/\/www.mexicanguitarplayers.com\/en\/tienda\/accesorios\/para-bateria\/hardware-para-bateria\/pedales\/pedal-meinl-p-cajon-mod-tmstcp-2\/","title":{"rendered":"MEINL PEDAL FOR DRAWER MOD. TMSTCP-2"},"content":{"rendered":"<div style=\"text-align: justify\">\n<div>\n<h3>MEINL PEDAL FOR DRAWER MOD. TMSTCP-2<\/h3>\n<\/div>\n<div>Direct Drive Cajon Pedal with Heel Activated, Cradle Mount, Playable with Heel but Also Foot Operated, Ideal for Maintaining Steady Beats on Kick Drum, Made with Heavy-Duty Metal Plate and Metal Foot Bar, soft foam beater.<\/div>\n<\/div>","protected":false},"excerpt":{"rendered":"<p>Pedal para caj\u00f3n de manejo directo con tal\u00f3n activado, montura de tipo cuna, se puede tocar con el tal\u00f3n, pero tambi\u00e9n funciona con los pies, ideal para mantener ritmos constantes en el bombo, fabricado con una placa met\u00e1lica resistente y barra met\u00e1lica de pie, baquet\u00f3n de espuma suave.&hellip; <a class=\"kt-excerpt-readmore more-link\" href=\"https:\/\/www.mexicanguitarplayers.com\/en\/tienda\/accesorios\/para-bateria\/hardware-para-bateria\/pedales\/pedal-meinl-p-cajon-mod-tmstcp-2\/\">Read more<\/a><\/p>","protected":false},"featured_media":16457,"comment_status":"open","ping_status":"closed","template":"","meta":{"kt_blocks_editor_width":""},"pwb-brand":[290],"product_brand":[],"product_cat":[85,435,306,445],"product_tag":[],"class_list":{"0":"post-16458","1":"product","2":"type-product","3":"status-publish","4":"has-post-thumbnail","6":"pwb-brand-meinl","7":"product_cat-accesorios","8":"product_cat-hardware-para-bateria","9":"product_cat-para-bateria","10":"product_cat-pedales","11":"product_shipping_class-0-5-kg","13":"first","14":"outofstock","15":"taxable","16":"shipping-taxable","17":"purchasable","18":"product-type-simple"},"yoast_head":"<!-- This site is optimized with the Yoast SEO plugin v27.5 - https:\/\/yoast.com\/product\/yoast-seo-wordpress\/ -->\n<title>PEDAL MEINL P\/CAJON MOD. TMSTCP-2 - Mexican Guitar Players<\/title>\n<meta name=\"description\" content=\"PEDAL MEINL P\/CAJON MOD. TMSTCP-2. Pedal para caj\u00f3n de manejo directo con tal\u00f3n activado, montura de tipo cuna, se puede tocar con el tal\u00f3n, pero tambi\u00e9n funciona con los pies, ideal para mantener ritmos constantes en el bombo, fabricado con una placa met\u00e1lica resistente y barra met\u00e1lica de pie, baquet\u00f3n de espuma suave.\" \/>\n<meta name=\"robots\" content=\"index, follow, max-snippet:-1, max-image-preview:large, max-video-preview:-1\" \/>\n<link rel=\"canonical\" href=\"https:\/\/www.mexicanguitarplayers.com\/en\/tienda\/accesorios\/para-bateria\/hardware-para-bateria\/pedales\/pedal-meinl-p-cajon-mod-tmstcp-2\/\" \/>\n<meta property=\"og:locale\" content=\"en_US\" \/>\n<meta property=\"og:type\" content=\"article\" \/>\n<meta property=\"og:title\" content=\"PEDAL MEINL P\/CAJON MOD. TMSTCP-2 - Mexican Guitar Players\" \/>\n<meta property=\"og:description\" content=\"PEDAL MEINL P\/CAJON MOD. TMSTCP-2. Pedal para caj\u00f3n de manejo directo con tal\u00f3n activado, montura de tipo cuna, se puede tocar con el tal\u00f3n, pero tambi\u00e9n funciona con los pies, ideal para mantener ritmos constantes en el bombo, fabricado con una placa met\u00e1lica resistente y barra met\u00e1lica de pie, baquet\u00f3n de espuma suave.\" \/>\n<meta property=\"og:url\" content=\"https:\/\/www.mexicanguitarplayers.com\/en\/tienda\/accesorios\/para-bateria\/hardware-para-bateria\/pedales\/pedal-meinl-p-cajon-mod-tmstcp-2\/\" \/>\n<meta property=\"og:site_name\" content=\"Mexican Guitar Players\" \/>\n<meta property=\"article:modified_time\" content=\"2026-04-10T11:04:52+00:00\" \/>\n<meta property=\"og:image\" content=\"https:\/\/www.mexicanguitarplayers.com\/wp-content\/uploads\/2022\/08\/VAMEITMSTCP2.jpg\" \/>\n\t<meta property=\"og:image:width\" content=\"1200\" \/>\n\t<meta property=\"og:image:height\" content=\"1200\" \/>\n\t<meta property=\"og:image:type\" content=\"image\/jpeg\" \/>\n<meta name=\"twitter:card\" content=\"summary_large_image\" \/>\n<script type=\"application\/ld+json\" class=\"yoast-schema-graph\">{\"@context\":\"https:\\\/\\\/schema.org\",\"@graph\":[{\"@type\":[\"WebPage\",\"ItemPage\"],\"@id\":\"https:\\\/\\\/www.mexicanguitarplayers.com\\\/tienda\\\/accesorios\\\/para-bateria\\\/hardware-para-bateria\\\/pedales\\\/pedal-meinl-p-cajon-mod-tmstcp-2\\\/\",\"url\":\"https:\\\/\\\/www.mexicanguitarplayers.com\\\/tienda\\\/accesorios\\\/para-bateria\\\/hardware-para-bateria\\\/pedales\\\/pedal-meinl-p-cajon-mod-tmstcp-2\\\/\",\"name\":\"PEDAL MEINL P\\\/CAJON MOD. TMSTCP-2 - Mexican Guitar Players\",\"isPartOf\":{\"@id\":\"https:\\\/\\\/www.mexicanguitarplayers.com\\\/#website\"},\"primaryImageOfPage\":{\"@id\":\"https:\\\/\\\/www.mexicanguitarplayers.com\\\/tienda\\\/accesorios\\\/para-bateria\\\/hardware-para-bateria\\\/pedales\\\/pedal-meinl-p-cajon-mod-tmstcp-2\\\/#primaryimage\"},\"image\":{\"@id\":\"https:\\\/\\\/www.mexicanguitarplayers.com\\\/tienda\\\/accesorios\\\/para-bateria\\\/hardware-para-bateria\\\/pedales\\\/pedal-meinl-p-cajon-mod-tmstcp-2\\\/#primaryimage\"},\"thumbnailUrl\":\"https:\\\/\\\/www.mexicanguitarplayers.com\\\/wp-content\\\/uploads\\\/2022\\\/08\\\/VAMEITMSTCP2.jpg\",\"datePublished\":\"2022-08-18T22:13:06+00:00\",\"dateModified\":\"2026-04-10T11:04:52+00:00\",\"description\":\"PEDAL MEINL P\\\/CAJON MOD. TMSTCP-2. Pedal para caj\u00f3n de manejo directo con tal\u00f3n activado, montura de tipo cuna, se puede tocar con el tal\u00f3n, pero tambi\u00e9n funciona con los pies, ideal para mantener ritmos constantes en el bombo, fabricado con una placa met\u00e1lica resistente y barra met\u00e1lica de pie, baquet\u00f3n de espuma suave.\",\"breadcrumb\":{\"@id\":\"https:\\\/\\\/www.mexicanguitarplayers.com\\\/tienda\\\/accesorios\\\/para-bateria\\\/hardware-para-bateria\\\/pedales\\\/pedal-meinl-p-cajon-mod-tmstcp-2\\\/#breadcrumb\"},\"inLanguage\":\"en-US\",\"potentialAction\":[{\"@type\":\"ReadAction\",\"target\":[\"https:\\\/\\\/www.mexicanguitarplayers.com\\\/tienda\\\/accesorios\\\/para-bateria\\\/hardware-para-bateria\\\/pedales\\\/pedal-meinl-p-cajon-mod-tmstcp-2\\\/\"]}]},{\"@type\":\"ImageObject\",\"inLanguage\":\"en-US\",\"@id\":\"https:\\\/\\\/www.mexicanguitarplayers.com\\\/tienda\\\/accesorios\\\/para-bateria\\\/hardware-para-bateria\\\/pedales\\\/pedal-meinl-p-cajon-mod-tmstcp-2\\\/#primaryimage\",\"url\":\"https:\\\/\\\/www.mexicanguitarplayers.com\\\/wp-content\\\/uploads\\\/2022\\\/08\\\/VAMEITMSTCP2.jpg\",\"contentUrl\":\"https:\\\/\\\/www.mexicanguitarplayers.com\\\/wp-content\\\/uploads\\\/2022\\\/08\\\/VAMEITMSTCP2.jpg\",\"width\":1200,\"height\":1200},{\"@type\":\"BreadcrumbList\",\"@id\":\"https:\\\/\\\/www.mexicanguitarplayers.com\\\/tienda\\\/accesorios\\\/para-bateria\\\/hardware-para-bateria\\\/pedales\\\/pedal-meinl-p-cajon-mod-tmstcp-2\\\/#breadcrumb\",\"itemListElement\":[{\"@type\":\"ListItem\",\"position\":1,\"name\":\"Portada\",\"item\":\"https:\\\/\\\/www.mexicanguitarplayers.com\\\/\"},{\"@type\":\"ListItem\",\"position\":2,\"name\":\"Tienda\",\"item\":\"https:\\\/\\\/www.mexicanguitarplayers.com\\\/tienda\\\/\"},{\"@type\":\"ListItem\",\"position\":3,\"name\":\"PEDAL MEINL P\\\/CAJON MOD. TMSTCP-2\"}]},{\"@type\":\"WebSite\",\"@id\":\"https:\\\/\\\/www.mexicanguitarplayers.com\\\/#website\",\"url\":\"https:\\\/\\\/www.mexicanguitarplayers.com\\\/\",\"name\":\"Mexican Guitar Players\",\"description\":\"Website\",\"publisher\":{\"@id\":\"https:\\\/\\\/www.mexicanguitarplayers.com\\\/#organization\"},\"potentialAction\":[{\"@type\":\"SearchAction\",\"target\":{\"@type\":\"EntryPoint\",\"urlTemplate\":\"https:\\\/\\\/www.mexicanguitarplayers.com\\\/?s={search_term_string}\"},\"query-input\":{\"@type\":\"PropertyValueSpecification\",\"valueRequired\":true,\"valueName\":\"search_term_string\"}}],\"inLanguage\":\"en-US\"},{\"@type\":\"Organization\",\"@id\":\"https:\\\/\\\/www.mexicanguitarplayers.com\\\/#organization\",\"name\":\"Mexican Guitar Players\",\"url\":\"https:\\\/\\\/www.mexicanguitarplayers.com\\\/\",\"logo\":{\"@type\":\"ImageObject\",\"inLanguage\":\"en-US\",\"@id\":\"https:\\\/\\\/www.mexicanguitarplayers.com\\\/#\\\/schema\\\/logo\\\/image\\\/\",\"url\":\"\",\"contentUrl\":\"\",\"caption\":\"Mexican Guitar Players\"},\"image\":{\"@id\":\"https:\\\/\\\/www.mexicanguitarplayers.com\\\/#\\\/schema\\\/logo\\\/image\\\/\"}}]}<\/script>\n<!-- \/ Yoast SEO plugin. -->","yoast_head_json":{"title":"PEDAL MEINL P\/CAJON MOD. TMSTCP-2 - Mexican Guitar Players","description":"PEDAL MEINL P\/CAJON MOD. TMSTCP-2. Pedal para caj\u00f3n de manejo directo con tal\u00f3n activado, montura de tipo cuna, se puede tocar con el tal\u00f3n, pero tambi\u00e9n funciona con los pies, ideal para mantener ritmos constantes en el bombo, fabricado con una placa met\u00e1lica resistente y barra met\u00e1lica de pie, baquet\u00f3n de espuma suave.","robots":{"index":"index","follow":"follow","max-snippet":"max-snippet:-1","max-image-preview":"max-image-preview:large","max-video-preview":"max-video-preview:-1"},"canonical":"https:\/\/www.mexicanguitarplayers.com\/en\/tienda\/accesorios\/para-bateria\/hardware-para-bateria\/pedales\/pedal-meinl-p-cajon-mod-tmstcp-2\/","og_locale":"en_US","og_type":"article","og_title":"PEDAL MEINL P\/CAJON MOD. TMSTCP-2 - Mexican Guitar Players","og_description":"PEDAL MEINL P\/CAJON MOD. TMSTCP-2. Pedal para caj\u00f3n de manejo directo con tal\u00f3n activado, montura de tipo cuna, se puede tocar con el tal\u00f3n, pero tambi\u00e9n funciona con los pies, ideal para mantener ritmos constantes en el bombo, fabricado con una placa met\u00e1lica resistente y barra met\u00e1lica de pie, baquet\u00f3n de espuma suave.","og_url":"https:\/\/www.mexicanguitarplayers.com\/en\/tienda\/accesorios\/para-bateria\/hardware-para-bateria\/pedales\/pedal-meinl-p-cajon-mod-tmstcp-2\/","og_site_name":"Mexican Guitar Players","article_modified_time":"2026-04-10T11:04:52+00:00","og_image":[{"width":1200,"height":1200,"url":"https:\/\/www.mexicanguitarplayers.com\/wp-content\/uploads\/2022\/08\/VAMEITMSTCP2.jpg","type":"image\/jpeg"}],"twitter_card":"summary_large_image","schema":{"@context":"https:\/\/schema.org","@graph":[{"@type":["WebPage","ItemPage"],"@id":"https:\/\/www.mexicanguitarplayers.com\/tienda\/accesorios\/para-bateria\/hardware-para-bateria\/pedales\/pedal-meinl-p-cajon-mod-tmstcp-2\/","url":"https:\/\/www.mexicanguitarplayers.com\/tienda\/accesorios\/para-bateria\/hardware-para-bateria\/pedales\/pedal-meinl-p-cajon-mod-tmstcp-2\/","name":"PEDAL MEINL P\/CAJON MOD. TMSTCP-2 - Mexican Guitar Players","isPartOf":{"@id":"https:\/\/www.mexicanguitarplayers.com\/#website"},"primaryImageOfPage":{"@id":"https:\/\/www.mexicanguitarplayers.com\/tienda\/accesorios\/para-bateria\/hardware-para-bateria\/pedales\/pedal-meinl-p-cajon-mod-tmstcp-2\/#primaryimage"},"image":{"@id":"https:\/\/www.mexicanguitarplayers.com\/tienda\/accesorios\/para-bateria\/hardware-para-bateria\/pedales\/pedal-meinl-p-cajon-mod-tmstcp-2\/#primaryimage"},"thumbnailUrl":"https:\/\/www.mexicanguitarplayers.com\/wp-content\/uploads\/2022\/08\/VAMEITMSTCP2.jpg","datePublished":"2022-08-18T22:13:06+00:00","dateModified":"2026-04-10T11:04:52+00:00","description":"PEDAL MEINL P\/CAJON MOD. TMSTCP-2. Pedal para caj\u00f3n de manejo directo con tal\u00f3n activado, montura de tipo cuna, se puede tocar con el tal\u00f3n, pero tambi\u00e9n funciona con los pies, ideal para mantener ritmos constantes en el bombo, fabricado con una placa met\u00e1lica resistente y barra met\u00e1lica de pie, baquet\u00f3n de espuma suave.","breadcrumb":{"@id":"https:\/\/www.mexicanguitarplayers.com\/tienda\/accesorios\/para-bateria\/hardware-para-bateria\/pedales\/pedal-meinl-p-cajon-mod-tmstcp-2\/#breadcrumb"},"inLanguage":"en-US","potentialAction":[{"@type":"ReadAction","target":["https:\/\/www.mexicanguitarplayers.com\/tienda\/accesorios\/para-bateria\/hardware-para-bateria\/pedales\/pedal-meinl-p-cajon-mod-tmstcp-2\/"]}]},{"@type":"ImageObject","inLanguage":"en-US","@id":"https:\/\/www.mexicanguitarplayers.com\/tienda\/accesorios\/para-bateria\/hardware-para-bateria\/pedales\/pedal-meinl-p-cajon-mod-tmstcp-2\/#primaryimage","url":"https:\/\/www.mexicanguitarplayers.com\/wp-content\/uploads\/2022\/08\/VAMEITMSTCP2.jpg","contentUrl":"https:\/\/www.mexicanguitarplayers.com\/wp-content\/uploads\/2022\/08\/VAMEITMSTCP2.jpg","width":1200,"height":1200},{"@type":"BreadcrumbList","@id":"https:\/\/www.mexicanguitarplayers.com\/tienda\/accesorios\/para-bateria\/hardware-para-bateria\/pedales\/pedal-meinl-p-cajon-mod-tmstcp-2\/#breadcrumb","itemListElement":[{"@type":"ListItem","position":1,"name":"Portada","item":"https:\/\/www.mexicanguitarplayers.com\/"},{"@type":"ListItem","position":2,"name":"Tienda","item":"https:\/\/www.mexicanguitarplayers.com\/tienda\/"},{"@type":"ListItem","position":3,"name":"PEDAL MEINL P\/CAJON MOD. TMSTCP-2"}]},{"@type":"WebSite","@id":"https:\/\/www.mexicanguitarplayers.com\/#website","url":"https:\/\/www.mexicanguitarplayers.com\/","name":"Mexican Guitar Players","description":"Website","publisher":{"@id":"https:\/\/www.mexicanguitarplayers.com\/#organization"},"potentialAction":[{"@type":"SearchAction","target":{"@type":"EntryPoint","urlTemplate":"https:\/\/www.mexicanguitarplayers.com\/?s={search_term_string}"},"query-input":{"@type":"PropertyValueSpecification","valueRequired":true,"valueName":"search_term_string"}}],"inLanguage":"en-US"},{"@type":"Organization","@id":"https:\/\/www.mexicanguitarplayers.com\/#organization","name":"Mexican Guitar Players","url":"https:\/\/www.mexicanguitarplayers.com\/","logo":{"@type":"ImageObject","inLanguage":"en-US","@id":"https:\/\/www.mexicanguitarplayers.com\/#\/schema\/logo\/image\/","url":"","contentUrl":"","caption":"Mexican Guitar Players"},"image":{"@id":"https:\/\/www.mexicanguitarplayers.com\/#\/schema\/logo\/image\/"}}]}},"brands":[{"id":290,"name":"MEINL","slug":"meinl"}],"_links":{"self":[{"href":"https:\/\/www.mexicanguitarplayers.com\/en\/wp-json\/wp\/v2\/product\/16458","targetHints":{"allow":["GET"]}}],"collection":[{"href":"https:\/\/www.mexicanguitarplayers.com\/en\/wp-json\/wp\/v2\/product"}],"about":[{"href":"https:\/\/www.mexicanguitarplayers.com\/en\/wp-json\/wp\/v2\/types\/product"}],"replies":[{"embeddable":true,"href":"https:\/\/www.mexicanguitarplayers.com\/en\/wp-json\/wp\/v2\/comments?post=16458"}],"wp:featuredmedia":[{"embeddable":true,"href":"https:\/\/www.mexicanguitarplayers.com\/en\/wp-json\/wp\/v2\/media\/16457"}],"wp:attachment":[{"href":"https:\/\/www.mexicanguitarplayers.com\/en\/wp-json\/wp\/v2\/media?parent=16458"}],"wp:term":[{"taxonomy":"pwb-brand","embeddable":true,"href":"https:\/\/www.mexicanguitarplayers.com\/en\/wp-json\/wp\/v2\/pwb-brand?post=16458"},{"taxonomy":"product_brand","embeddable":true,"href":"https:\/\/www.mexicanguitarplayers.com\/en\/wp-json\/wp\/v2\/product_brand?post=16458"},{"taxonomy":"product_cat","embeddable":true,"href":"https:\/\/www.mexicanguitarplayers.com\/en\/wp-json\/wp\/v2\/product_cat?post=16458"},{"taxonomy":"product_tag","embeddable":true,"href":"https:\/\/www.mexicanguitarplayers.com\/en\/wp-json\/wp\/v2\/product_tag?post=16458"}],"curies":[{"name":"wp","href":"https:\/\/api.w.org\/{rel}","templated":true}]}}