{"id":16558,"date":"2022-08-18T17:15:57","date_gmt":"2022-08-18T22:15:57","guid":{"rendered":"https:\/\/www.mexicanguitarplayers.com\/tienda\/sin%20categor\u00eda\/pedal-nux-ndd-6-duo-time\/"},"modified":"2026-05-01T07:38:56","modified_gmt":"2026-05-01T13:38:56","slug":"pedal-nux-ndd-6-duo-time","status":"publish","type":"product","link":"https:\/\/www.mexicanguitarplayers.com\/en\/tienda\/cuerdas\/efectos\/efectos-individuales\/pedal-nux-ndd-6-duo-time\/","title":{"rendered":"PEDAL NUX NDD-6 DUO TIME"},"content":{"rendered":"<div style=\"text-align: justify\">\n<div>\n<h3>PEDAL NUX NDD-6 DUO TIME<\/h3>\n<\/div>\n<div>Duotime delay pedal, ultra musical and easy to operate, analog delay, tape echo, modulation delay and verb delay, controls: LEVEL knob, DELAY knob, TIME 1 knob, TIME 2 knob, REPEAT 1 knob, REPEAT 2 knob, knob PARAMETER, OLED display, ON LED indicator, TAP LED indicator, footswitch ON, footswitch TAP, sampling rate: 48 kHz, A\/D converter: 32 bits, signal processing: 32 bits, maximum input level: 10 dBu\/2.8Vrms , input impedance: 5 milli-ohms, maximum output level: 10 dBu\/2.8Vrms, output impedance: 1 kilo-ohm, dynamic range: 102 dBu. dimensions: 105 x 115 x 58 mm, weight: 440 g, Does not include power adapter.<\/div>\n<\/div>","protected":false},"excerpt":{"rendered":"<p>Pedal de delay Duotime, ultra musical y f\u00e1cil de operar, delay anal\u00f3gico, tape echo, delay de modulaci\u00f3n y verb delay, controles: perilla LEVEL, perilla DELAY, perilla TIME 1, perilla TIME 2, perilla REPEAT 1, perilla REPEAT 2, perilla PARAMETER, display OLED, indicador ON LED, indicador TAP LED, footswitch ON, footswitch TAP, sampling rate: 48 kHz, convertidor A\/D: 32 bits, procesamiento de se\u00f1al: 32 bits, nivel de entrada m\u00e1ximo: 10 dBu\/2.8Vrms, impedancia de entrada: 5 mili-ohms, nivel de salida m\u00e1ximo: 10 dBu\/2.8Vrms, impedancia de salida: 1 kilo-ohm, rango din\u00e1mico: 102 dBu.dmensiones: 105 x 115 x 58 mm, peso: 440 g, no incluye adaptador de corriente.&hellip; <a class=\"kt-excerpt-readmore more-link\" href=\"https:\/\/www.mexicanguitarplayers.com\/en\/tienda\/cuerdas\/efectos\/efectos-individuales\/pedal-nux-ndd-6-duo-time\/\">Read more<\/a><\/p>","protected":false},"featured_media":16557,"comment_status":"open","ping_status":"closed","template":"","meta":{"kt_blocks_editor_width":""},"pwb-brand":[177],"product_brand":[],"product_cat":[224,241,504],"product_tag":[],"class_list":{"0":"post-16558","1":"product","2":"type-product","3":"status-publish","4":"has-post-thumbnail","6":"pwb-brand-nux","7":"product_cat-cuerdas","8":"product_cat-efectos","9":"product_cat-efectos-individuales","10":"product_shipping_class-0-5-kg","12":"first","13":"instock","14":"taxable","15":"shipping-taxable","16":"purchasable","17":"product-type-simple"},"yoast_head":"<!-- This site is optimized with the Yoast SEO plugin v27.5 - https:\/\/yoast.com\/product\/yoast-seo-wordpress\/ -->\n<title>PEDAL NUX NDD-6 DUO TIME - Mexican Guitar Players<\/title>\n<meta name=\"description\" content=\"PEDAL NUX NDD-6 DUO TIME. Pedal de delay Duotime, ultra musical y f\u00e1cil de operar, delay anal\u00f3gico, tape echo, delay de modulaci\u00f3n y verb delay, controles: perilla LEVEL, perilla DELAY, perilla TIME 1, perilla TIME 2, perilla REPEAT 1, perilla REPEAT 2, perilla PARAMETER, display OLED, indicador ON LED, indicador TAP LED, footswitch ON, footswitch TAP, sampling rate: 48 kHz, convertidor A\/D: 32 bits, procesamiento de se\u00f1al: 32 bits, nivel de entrada m\u00e1ximo: 10 dBu\/2.8Vrms, impedancia de entrada: 5 mili-ohms, nivel de salida m\u00e1ximo: 10 dBu\/2.8Vrms, impedancia de salida: 1 kilo-ohm, rango din\u00e1mico: 102 dBu.dmensiones: 105 x 115 x 58 mm, peso: 440 g, no incluye adaptador de corriente.\" \/>\n<meta name=\"robots\" content=\"index, follow, max-snippet:-1, max-image-preview:large, max-video-preview:-1\" \/>\n<link rel=\"canonical\" href=\"https:\/\/www.mexicanguitarplayers.com\/en\/tienda\/cuerdas\/efectos\/efectos-individuales\/pedal-nux-ndd-6-duo-time\/\" \/>\n<meta property=\"og:locale\" content=\"en_US\" \/>\n<meta property=\"og:type\" content=\"article\" \/>\n<meta property=\"og:title\" content=\"PEDAL NUX NDD-6 DUO TIME - Mexican Guitar Players\" \/>\n<meta property=\"og:description\" content=\"PEDAL NUX NDD-6 DUO TIME. Pedal de delay Duotime, ultra musical y f\u00e1cil de operar, delay anal\u00f3gico, tape echo, delay de modulaci\u00f3n y verb delay, controles: perilla LEVEL, perilla DELAY, perilla TIME 1, perilla TIME 2, perilla REPEAT 1, perilla REPEAT 2, perilla PARAMETER, display OLED, indicador ON LED, indicador TAP LED, footswitch ON, footswitch TAP, sampling rate: 48 kHz, convertidor A\/D: 32 bits, procesamiento de se\u00f1al: 32 bits, nivel de entrada m\u00e1ximo: 10 dBu\/2.8Vrms, impedancia de entrada: 5 mili-ohms, nivel de salida m\u00e1ximo: 10 dBu\/2.8Vrms, impedancia de salida: 1 kilo-ohm, rango din\u00e1mico: 102 dBu.dmensiones: 105 x 115 x 58 mm, peso: 440 g, no incluye adaptador de corriente.\" \/>\n<meta property=\"og:url\" content=\"https:\/\/www.mexicanguitarplayers.com\/en\/tienda\/cuerdas\/efectos\/efectos-individuales\/pedal-nux-ndd-6-duo-time\/\" \/>\n<meta property=\"og:site_name\" content=\"Mexican Guitar Players\" \/>\n<meta property=\"article:modified_time\" content=\"2026-05-01T13:38:56+00:00\" \/>\n<meta property=\"og:image\" content=\"https:\/\/www.mexicanguitarplayers.com\/wp-content\/uploads\/2022\/08\/VANUXNDD6.jpg\" \/>\n\t<meta property=\"og:image:width\" content=\"1200\" \/>\n\t<meta property=\"og:image:height\" content=\"1200\" \/>\n\t<meta property=\"og:image:type\" content=\"image\/jpeg\" \/>\n<meta name=\"twitter:card\" content=\"summary_large_image\" \/>\n<meta name=\"twitter:label1\" content=\"Est. reading time\" \/>\n\t<meta name=\"twitter:data1\" content=\"1 minute\" \/>\n<script type=\"application\/ld+json\" class=\"yoast-schema-graph\">{\"@context\":\"https:\\\/\\\/schema.org\",\"@graph\":[{\"@type\":[\"WebPage\",\"ItemPage\"],\"@id\":\"https:\\\/\\\/www.mexicanguitarplayers.com\\\/tienda\\\/cuerdas\\\/efectos\\\/efectos-individuales\\\/pedal-nux-ndd-6-duo-time\\\/\",\"url\":\"https:\\\/\\\/www.mexicanguitarplayers.com\\\/tienda\\\/cuerdas\\\/efectos\\\/efectos-individuales\\\/pedal-nux-ndd-6-duo-time\\\/\",\"name\":\"PEDAL NUX NDD-6 DUO TIME - Mexican Guitar Players\",\"isPartOf\":{\"@id\":\"https:\\\/\\\/www.mexicanguitarplayers.com\\\/#website\"},\"primaryImageOfPage\":{\"@id\":\"https:\\\/\\\/www.mexicanguitarplayers.com\\\/tienda\\\/cuerdas\\\/efectos\\\/efectos-individuales\\\/pedal-nux-ndd-6-duo-time\\\/#primaryimage\"},\"image\":{\"@id\":\"https:\\\/\\\/www.mexicanguitarplayers.com\\\/tienda\\\/cuerdas\\\/efectos\\\/efectos-individuales\\\/pedal-nux-ndd-6-duo-time\\\/#primaryimage\"},\"thumbnailUrl\":\"https:\\\/\\\/www.mexicanguitarplayers.com\\\/wp-content\\\/uploads\\\/2022\\\/08\\\/VANUXNDD6.jpg\",\"datePublished\":\"2022-08-18T22:15:57+00:00\",\"dateModified\":\"2026-05-01T13:38:56+00:00\",\"description\":\"PEDAL NUX NDD-6 DUO TIME. Pedal de delay Duotime, ultra musical y f\u00e1cil de operar, delay anal\u00f3gico, tape echo, delay de modulaci\u00f3n y verb delay, controles: perilla LEVEL, perilla DELAY, perilla TIME 1, perilla TIME 2, perilla REPEAT 1, perilla REPEAT 2, perilla PARAMETER, display OLED, indicador ON LED, indicador TAP LED, footswitch ON, footswitch TAP, sampling rate: 48 kHz, convertidor A\\\/D: 32 bits, procesamiento de se\u00f1al: 32 bits, nivel de entrada m\u00e1ximo: 10 dBu\\\/2.8Vrms, impedancia de entrada: 5 mili-ohms, nivel de salida m\u00e1ximo: 10 dBu\\\/2.8Vrms, impedancia de salida: 1 kilo-ohm, rango din\u00e1mico: 102 dBu.dmensiones: 105 x 115 x 58 mm, peso: 440 g, no incluye adaptador de corriente.\",\"breadcrumb\":{\"@id\":\"https:\\\/\\\/www.mexicanguitarplayers.com\\\/tienda\\\/cuerdas\\\/efectos\\\/efectos-individuales\\\/pedal-nux-ndd-6-duo-time\\\/#breadcrumb\"},\"inLanguage\":\"en-US\",\"potentialAction\":[{\"@type\":\"ReadAction\",\"target\":[\"https:\\\/\\\/www.mexicanguitarplayers.com\\\/tienda\\\/cuerdas\\\/efectos\\\/efectos-individuales\\\/pedal-nux-ndd-6-duo-time\\\/\"]}]},{\"@type\":\"ImageObject\",\"inLanguage\":\"en-US\",\"@id\":\"https:\\\/\\\/www.mexicanguitarplayers.com\\\/tienda\\\/cuerdas\\\/efectos\\\/efectos-individuales\\\/pedal-nux-ndd-6-duo-time\\\/#primaryimage\",\"url\":\"https:\\\/\\\/www.mexicanguitarplayers.com\\\/wp-content\\\/uploads\\\/2022\\\/08\\\/VANUXNDD6.jpg\",\"contentUrl\":\"https:\\\/\\\/www.mexicanguitarplayers.com\\\/wp-content\\\/uploads\\\/2022\\\/08\\\/VANUXNDD6.jpg\",\"width\":1200,\"height\":1200},{\"@type\":\"BreadcrumbList\",\"@id\":\"https:\\\/\\\/www.mexicanguitarplayers.com\\\/tienda\\\/cuerdas\\\/efectos\\\/efectos-individuales\\\/pedal-nux-ndd-6-duo-time\\\/#breadcrumb\",\"itemListElement\":[{\"@type\":\"ListItem\",\"position\":1,\"name\":\"Portada\",\"item\":\"https:\\\/\\\/www.mexicanguitarplayers.com\\\/\"},{\"@type\":\"ListItem\",\"position\":2,\"name\":\"Tienda\",\"item\":\"https:\\\/\\\/www.mexicanguitarplayers.com\\\/tienda\\\/\"},{\"@type\":\"ListItem\",\"position\":3,\"name\":\"PEDAL NUX NDD-6 DUO TIME\"}]},{\"@type\":\"WebSite\",\"@id\":\"https:\\\/\\\/www.mexicanguitarplayers.com\\\/#website\",\"url\":\"https:\\\/\\\/www.mexicanguitarplayers.com\\\/\",\"name\":\"Mexican Guitar Players\",\"description\":\"Website\",\"publisher\":{\"@id\":\"https:\\\/\\\/www.mexicanguitarplayers.com\\\/#organization\"},\"potentialAction\":[{\"@type\":\"SearchAction\",\"target\":{\"@type\":\"EntryPoint\",\"urlTemplate\":\"https:\\\/\\\/www.mexicanguitarplayers.com\\\/?s={search_term_string}\"},\"query-input\":{\"@type\":\"PropertyValueSpecification\",\"valueRequired\":true,\"valueName\":\"search_term_string\"}}],\"inLanguage\":\"en-US\"},{\"@type\":\"Organization\",\"@id\":\"https:\\\/\\\/www.mexicanguitarplayers.com\\\/#organization\",\"name\":\"Mexican Guitar Players\",\"url\":\"https:\\\/\\\/www.mexicanguitarplayers.com\\\/\",\"logo\":{\"@type\":\"ImageObject\",\"inLanguage\":\"en-US\",\"@id\":\"https:\\\/\\\/www.mexicanguitarplayers.com\\\/#\\\/schema\\\/logo\\\/image\\\/\",\"url\":\"\",\"contentUrl\":\"\",\"caption\":\"Mexican Guitar Players\"},\"image\":{\"@id\":\"https:\\\/\\\/www.mexicanguitarplayers.com\\\/#\\\/schema\\\/logo\\\/image\\\/\"}}]}<\/script>\n<!-- \/ Yoast SEO plugin. -->","yoast_head_json":{"title":"PEDAL NUX NDD-6 DUO TIME - Mexican Guitar Players","description":"PEDAL NUX NDD-6 DUO TIME. Pedal de delay Duotime, ultra musical y f\u00e1cil de operar, delay anal\u00f3gico, tape echo, delay de modulaci\u00f3n y verb delay, controles: perilla LEVEL, perilla DELAY, perilla TIME 1, perilla TIME 2, perilla REPEAT 1, perilla REPEAT 2, perilla PARAMETER, display OLED, indicador ON LED, indicador TAP LED, footswitch ON, footswitch TAP, sampling rate: 48 kHz, convertidor A\/D: 32 bits, procesamiento de se\u00f1al: 32 bits, nivel de entrada m\u00e1ximo: 10 dBu\/2.8Vrms, impedancia de entrada: 5 mili-ohms, nivel de salida m\u00e1ximo: 10 dBu\/2.8Vrms, impedancia de salida: 1 kilo-ohm, rango din\u00e1mico: 102 dBu.dmensiones: 105 x 115 x 58 mm, peso: 440 g, no incluye adaptador de corriente.","robots":{"index":"index","follow":"follow","max-snippet":"max-snippet:-1","max-image-preview":"max-image-preview:large","max-video-preview":"max-video-preview:-1"},"canonical":"https:\/\/www.mexicanguitarplayers.com\/en\/tienda\/cuerdas\/efectos\/efectos-individuales\/pedal-nux-ndd-6-duo-time\/","og_locale":"en_US","og_type":"article","og_title":"PEDAL NUX NDD-6 DUO TIME - Mexican Guitar Players","og_description":"PEDAL NUX NDD-6 DUO TIME. Pedal de delay Duotime, ultra musical y f\u00e1cil de operar, delay anal\u00f3gico, tape echo, delay de modulaci\u00f3n y verb delay, controles: perilla LEVEL, perilla DELAY, perilla TIME 1, perilla TIME 2, perilla REPEAT 1, perilla REPEAT 2, perilla PARAMETER, display OLED, indicador ON LED, indicador TAP LED, footswitch ON, footswitch TAP, sampling rate: 48 kHz, convertidor A\/D: 32 bits, procesamiento de se\u00f1al: 32 bits, nivel de entrada m\u00e1ximo: 10 dBu\/2.8Vrms, impedancia de entrada: 5 mili-ohms, nivel de salida m\u00e1ximo: 10 dBu\/2.8Vrms, impedancia de salida: 1 kilo-ohm, rango din\u00e1mico: 102 dBu.dmensiones: 105 x 115 x 58 mm, peso: 440 g, no incluye adaptador de corriente.","og_url":"https:\/\/www.mexicanguitarplayers.com\/en\/tienda\/cuerdas\/efectos\/efectos-individuales\/pedal-nux-ndd-6-duo-time\/","og_site_name":"Mexican Guitar Players","article_modified_time":"2026-05-01T13:38:56+00:00","og_image":[{"width":1200,"height":1200,"url":"https:\/\/www.mexicanguitarplayers.com\/wp-content\/uploads\/2022\/08\/VANUXNDD6.jpg","type":"image\/jpeg"}],"twitter_card":"summary_large_image","twitter_misc":{"Est. reading time":"1 minute"},"schema":{"@context":"https:\/\/schema.org","@graph":[{"@type":["WebPage","ItemPage"],"@id":"https:\/\/www.mexicanguitarplayers.com\/tienda\/cuerdas\/efectos\/efectos-individuales\/pedal-nux-ndd-6-duo-time\/","url":"https:\/\/www.mexicanguitarplayers.com\/tienda\/cuerdas\/efectos\/efectos-individuales\/pedal-nux-ndd-6-duo-time\/","name":"PEDAL NUX NDD-6 DUO TIME - Mexican Guitar Players","isPartOf":{"@id":"https:\/\/www.mexicanguitarplayers.com\/#website"},"primaryImageOfPage":{"@id":"https:\/\/www.mexicanguitarplayers.com\/tienda\/cuerdas\/efectos\/efectos-individuales\/pedal-nux-ndd-6-duo-time\/#primaryimage"},"image":{"@id":"https:\/\/www.mexicanguitarplayers.com\/tienda\/cuerdas\/efectos\/efectos-individuales\/pedal-nux-ndd-6-duo-time\/#primaryimage"},"thumbnailUrl":"https:\/\/www.mexicanguitarplayers.com\/wp-content\/uploads\/2022\/08\/VANUXNDD6.jpg","datePublished":"2022-08-18T22:15:57+00:00","dateModified":"2026-05-01T13:38:56+00:00","description":"PEDAL NUX NDD-6 DUO TIME. Pedal de delay Duotime, ultra musical y f\u00e1cil de operar, delay anal\u00f3gico, tape echo, delay de modulaci\u00f3n y verb delay, controles: perilla LEVEL, perilla DELAY, perilla TIME 1, perilla TIME 2, perilla REPEAT 1, perilla REPEAT 2, perilla PARAMETER, display OLED, indicador ON LED, indicador TAP LED, footswitch ON, footswitch TAP, sampling rate: 48 kHz, convertidor A\/D: 32 bits, procesamiento de se\u00f1al: 32 bits, nivel de entrada m\u00e1ximo: 10 dBu\/2.8Vrms, impedancia de entrada: 5 mili-ohms, nivel de salida m\u00e1ximo: 10 dBu\/2.8Vrms, impedancia de salida: 1 kilo-ohm, rango din\u00e1mico: 102 dBu.dmensiones: 105 x 115 x 58 mm, peso: 440 g, no incluye adaptador de corriente.","breadcrumb":{"@id":"https:\/\/www.mexicanguitarplayers.com\/tienda\/cuerdas\/efectos\/efectos-individuales\/pedal-nux-ndd-6-duo-time\/#breadcrumb"},"inLanguage":"en-US","potentialAction":[{"@type":"ReadAction","target":["https:\/\/www.mexicanguitarplayers.com\/tienda\/cuerdas\/efectos\/efectos-individuales\/pedal-nux-ndd-6-duo-time\/"]}]},{"@type":"ImageObject","inLanguage":"en-US","@id":"https:\/\/www.mexicanguitarplayers.com\/tienda\/cuerdas\/efectos\/efectos-individuales\/pedal-nux-ndd-6-duo-time\/#primaryimage","url":"https:\/\/www.mexicanguitarplayers.com\/wp-content\/uploads\/2022\/08\/VANUXNDD6.jpg","contentUrl":"https:\/\/www.mexicanguitarplayers.com\/wp-content\/uploads\/2022\/08\/VANUXNDD6.jpg","width":1200,"height":1200},{"@type":"BreadcrumbList","@id":"https:\/\/www.mexicanguitarplayers.com\/tienda\/cuerdas\/efectos\/efectos-individuales\/pedal-nux-ndd-6-duo-time\/#breadcrumb","itemListElement":[{"@type":"ListItem","position":1,"name":"Portada","item":"https:\/\/www.mexicanguitarplayers.com\/"},{"@type":"ListItem","position":2,"name":"Tienda","item":"https:\/\/www.mexicanguitarplayers.com\/tienda\/"},{"@type":"ListItem","position":3,"name":"PEDAL NUX NDD-6 DUO TIME"}]},{"@type":"WebSite","@id":"https:\/\/www.mexicanguitarplayers.com\/#website","url":"https:\/\/www.mexicanguitarplayers.com\/","name":"Mexican Guitar Players","description":"Website","publisher":{"@id":"https:\/\/www.mexicanguitarplayers.com\/#organization"},"potentialAction":[{"@type":"SearchAction","target":{"@type":"EntryPoint","urlTemplate":"https:\/\/www.mexicanguitarplayers.com\/?s={search_term_string}"},"query-input":{"@type":"PropertyValueSpecification","valueRequired":true,"valueName":"search_term_string"}}],"inLanguage":"en-US"},{"@type":"Organization","@id":"https:\/\/www.mexicanguitarplayers.com\/#organization","name":"Mexican Guitar Players","url":"https:\/\/www.mexicanguitarplayers.com\/","logo":{"@type":"ImageObject","inLanguage":"en-US","@id":"https:\/\/www.mexicanguitarplayers.com\/#\/schema\/logo\/image\/","url":"","contentUrl":"","caption":"Mexican Guitar Players"},"image":{"@id":"https:\/\/www.mexicanguitarplayers.com\/#\/schema\/logo\/image\/"}}]}},"brands":[{"id":177,"name":"NUX","slug":"nux"}],"_links":{"self":[{"href":"https:\/\/www.mexicanguitarplayers.com\/en\/wp-json\/wp\/v2\/product\/16558","targetHints":{"allow":["GET"]}}],"collection":[{"href":"https:\/\/www.mexicanguitarplayers.com\/en\/wp-json\/wp\/v2\/product"}],"about":[{"href":"https:\/\/www.mexicanguitarplayers.com\/en\/wp-json\/wp\/v2\/types\/product"}],"replies":[{"embeddable":true,"href":"https:\/\/www.mexicanguitarplayers.com\/en\/wp-json\/wp\/v2\/comments?post=16558"}],"wp:featuredmedia":[{"embeddable":true,"href":"https:\/\/www.mexicanguitarplayers.com\/en\/wp-json\/wp\/v2\/media\/16557"}],"wp:attachment":[{"href":"https:\/\/www.mexicanguitarplayers.com\/en\/wp-json\/wp\/v2\/media?parent=16558"}],"wp:term":[{"taxonomy":"pwb-brand","embeddable":true,"href":"https:\/\/www.mexicanguitarplayers.com\/en\/wp-json\/wp\/v2\/pwb-brand?post=16558"},{"taxonomy":"product_brand","embeddable":true,"href":"https:\/\/www.mexicanguitarplayers.com\/en\/wp-json\/wp\/v2\/product_brand?post=16558"},{"taxonomy":"product_cat","embeddable":true,"href":"https:\/\/www.mexicanguitarplayers.com\/en\/wp-json\/wp\/v2\/product_cat?post=16558"},{"taxonomy":"product_tag","embeddable":true,"href":"https:\/\/www.mexicanguitarplayers.com\/en\/wp-json\/wp\/v2\/product_tag?post=16558"}],"curies":[{"name":"wp","href":"https:\/\/api.w.org\/{rel}","templated":true}]}}