{"id":16595,"date":"2022-08-18T17:17:06","date_gmt":"2022-08-18T22:17:06","guid":{"rendered":"https:\/\/www.mexicanguitarplayers.com\/tienda\/sin%20categor\u00eda\/afinador-nux-electronico-pt-6\/"},"modified":"2023-09-26T20:38:15","modified_gmt":"2023-09-27T01:38:15","slug":"afinador-nux-electronico-pt-6","status":"publish","type":"product","link":"https:\/\/www.mexicanguitarplayers.com\/en\/tienda\/accesorios\/afinadores-y-metronomos\/afinadores\/para-guitarra-afinadores\/afinador-nux-electronico-pt-6\/","title":{"rendered":"NUX ELECTRONIC TUNER PT-6"},"content":{"rendered":"<div style=\"text-align: justify\">\n<div>\n<h3>NUX ELECTRONIC TUNER PT-6<\/h3>\n<\/div>\n<div>Pedal Chromatic Tuner, tuning range: A0 (27.5Hz) ~ C8 (4186Hz), A4 range: 435 ~ 445Hz, tuning accuracy: \u00b11 cent, detection method: audio signal input, display mode : LED, automatic tuning method, works with 9V battery or 9V DC adapter, dimensions: 122 x 72 x 47 mm, weight: 235 g.<\/div>\n<\/div>","protected":false},"excerpt":{"rendered":"<p>Afinador crom\u00e1tico de pedal, rango de afinaci\u00f3n: A0 (27.5 Hz) ~ C8 (4186 Hz), rango A4: 435 ~ 445 Hz, precisi\u00f3n de afinaci\u00f3n: \u00b11 cent, m\u00e9todo de detecci\u00f3n: entrada de se\u00f1al de audio, modo de visualizaci\u00f3n: LED, m\u00e9todo de afinaci\u00f3n autom\u00e1tica, funciona con pila de 9V o adaptador 9V DC, dimensiones: 122 x 72 x 47 mm, peso: 235 g.&hellip; <a class=\"kt-excerpt-readmore more-link\" href=\"https:\/\/www.mexicanguitarplayers.com\/en\/tienda\/accesorios\/afinadores-y-metronomos\/afinadores\/para-guitarra-afinadores\/afinador-nux-electronico-pt-6\/\">Read more<\/a><\/p>","protected":false},"featured_media":16593,"comment_status":"open","ping_status":"closed","template":"","meta":{"kt_blocks_editor_width":""},"pwb-brand":[177],"product_brand":[],"product_cat":[85,423,422,593],"product_tag":[],"class_list":{"0":"post-16595","1":"product","2":"type-product","3":"status-publish","4":"has-post-thumbnail","6":"pwb-brand-nux","7":"product_cat-accesorios","8":"product_cat-afinadores","9":"product_cat-afinadores-y-metronomos","10":"product_cat-para-guitarra-afinadores","11":"product_shipping_class-0-5-kg","13":"first","14":"outofstock","15":"taxable","16":"shipping-taxable","17":"purchasable","18":"product-type-simple"},"yoast_head":"<!-- This site is optimized with the Yoast SEO plugin v27.5 - https:\/\/yoast.com\/product\/yoast-seo-wordpress\/ -->\n<title>AFINADOR NUX ELECTRONICO PT-6 - Mexican Guitar Players<\/title>\n<meta name=\"description\" content=\"AFINADOR NUX ELECTRONICO PT-6. Afinador crom\u00e1tico de pedal, rango de afinaci\u00f3n: A0 (27.5 Hz) ~ C8 (4186 Hz), rango A4: 435 ~ 445 Hz, precisi\u00f3n de afinaci\u00f3n: \u00b11 cent, m\u00e9todo de detecci\u00f3n: entrada de se\u00f1al de audio, modo de visualizaci\u00f3n: LED, m\u00e9todo de afinaci\u00f3n autom\u00e1tica, funciona con pila de 9V o adaptador 9V DC, dimensiones: 122 x 72 x 47 mm, peso: 235 g.\" \/>\n<meta name=\"robots\" content=\"index, follow, max-snippet:-1, max-image-preview:large, max-video-preview:-1\" \/>\n<link rel=\"canonical\" href=\"https:\/\/www.mexicanguitarplayers.com\/en\/tienda\/accesorios\/afinadores-y-metronomos\/afinadores\/para-guitarra-afinadores\/afinador-nux-electronico-pt-6\/\" \/>\n<meta property=\"og:locale\" content=\"en_US\" \/>\n<meta property=\"og:type\" content=\"article\" \/>\n<meta property=\"og:title\" content=\"AFINADOR NUX ELECTRONICO PT-6 - Mexican Guitar Players\" \/>\n<meta property=\"og:description\" content=\"AFINADOR NUX ELECTRONICO PT-6. Afinador crom\u00e1tico de pedal, rango de afinaci\u00f3n: A0 (27.5 Hz) ~ C8 (4186 Hz), rango A4: 435 ~ 445 Hz, precisi\u00f3n de afinaci\u00f3n: \u00b11 cent, m\u00e9todo de detecci\u00f3n: entrada de se\u00f1al de audio, modo de visualizaci\u00f3n: LED, m\u00e9todo de afinaci\u00f3n autom\u00e1tica, funciona con pila de 9V o adaptador 9V DC, dimensiones: 122 x 72 x 47 mm, peso: 235 g.\" \/>\n<meta property=\"og:url\" content=\"https:\/\/www.mexicanguitarplayers.com\/en\/tienda\/accesorios\/afinadores-y-metronomos\/afinadores\/para-guitarra-afinadores\/afinador-nux-electronico-pt-6\/\" \/>\n<meta property=\"og:site_name\" content=\"Mexican Guitar Players\" \/>\n<meta property=\"article:modified_time\" content=\"2023-09-27T01:38:15+00:00\" \/>\n<meta property=\"og:image\" content=\"https:\/\/www.mexicanguitarplayers.com\/wp-content\/uploads\/2022\/08\/VANUXPT6.jpg\" \/>\n\t<meta property=\"og:image:width\" content=\"1200\" \/>\n\t<meta property=\"og:image:height\" content=\"1200\" \/>\n\t<meta property=\"og:image:type\" content=\"image\/jpeg\" \/>\n<meta name=\"twitter:card\" content=\"summary_large_image\" \/>\n<script type=\"application\/ld+json\" class=\"yoast-schema-graph\">{\"@context\":\"https:\\\/\\\/schema.org\",\"@graph\":[{\"@type\":[\"WebPage\",\"ItemPage\"],\"@id\":\"https:\\\/\\\/www.mexicanguitarplayers.com\\\/tienda\\\/accesorios\\\/afinadores-y-metronomos\\\/afinadores\\\/para-guitarra-afinadores\\\/afinador-nux-electronico-pt-6\\\/\",\"url\":\"https:\\\/\\\/www.mexicanguitarplayers.com\\\/tienda\\\/accesorios\\\/afinadores-y-metronomos\\\/afinadores\\\/para-guitarra-afinadores\\\/afinador-nux-electronico-pt-6\\\/\",\"name\":\"AFINADOR NUX ELECTRONICO PT-6 - Mexican Guitar Players\",\"isPartOf\":{\"@id\":\"https:\\\/\\\/www.mexicanguitarplayers.com\\\/#website\"},\"primaryImageOfPage\":{\"@id\":\"https:\\\/\\\/www.mexicanguitarplayers.com\\\/tienda\\\/accesorios\\\/afinadores-y-metronomos\\\/afinadores\\\/para-guitarra-afinadores\\\/afinador-nux-electronico-pt-6\\\/#primaryimage\"},\"image\":{\"@id\":\"https:\\\/\\\/www.mexicanguitarplayers.com\\\/tienda\\\/accesorios\\\/afinadores-y-metronomos\\\/afinadores\\\/para-guitarra-afinadores\\\/afinador-nux-electronico-pt-6\\\/#primaryimage\"},\"thumbnailUrl\":\"https:\\\/\\\/www.mexicanguitarplayers.com\\\/wp-content\\\/uploads\\\/2022\\\/08\\\/VANUXPT6.jpg\",\"datePublished\":\"2022-08-18T22:17:06+00:00\",\"dateModified\":\"2023-09-27T01:38:15+00:00\",\"description\":\"AFINADOR NUX ELECTRONICO PT-6. Afinador crom\u00e1tico de pedal, rango de afinaci\u00f3n: A0 (27.5 Hz) ~ C8 (4186 Hz), rango A4: 435 ~ 445 Hz, precisi\u00f3n de afinaci\u00f3n: \u00b11 cent, m\u00e9todo de detecci\u00f3n: entrada de se\u00f1al de audio, modo de visualizaci\u00f3n: LED, m\u00e9todo de afinaci\u00f3n autom\u00e1tica, funciona con pila de 9V o adaptador 9V DC, dimensiones: 122 x 72 x 47 mm, peso: 235 g.\",\"breadcrumb\":{\"@id\":\"https:\\\/\\\/www.mexicanguitarplayers.com\\\/tienda\\\/accesorios\\\/afinadores-y-metronomos\\\/afinadores\\\/para-guitarra-afinadores\\\/afinador-nux-electronico-pt-6\\\/#breadcrumb\"},\"inLanguage\":\"en-US\",\"potentialAction\":[{\"@type\":\"ReadAction\",\"target\":[\"https:\\\/\\\/www.mexicanguitarplayers.com\\\/tienda\\\/accesorios\\\/afinadores-y-metronomos\\\/afinadores\\\/para-guitarra-afinadores\\\/afinador-nux-electronico-pt-6\\\/\"]}]},{\"@type\":\"ImageObject\",\"inLanguage\":\"en-US\",\"@id\":\"https:\\\/\\\/www.mexicanguitarplayers.com\\\/tienda\\\/accesorios\\\/afinadores-y-metronomos\\\/afinadores\\\/para-guitarra-afinadores\\\/afinador-nux-electronico-pt-6\\\/#primaryimage\",\"url\":\"https:\\\/\\\/www.mexicanguitarplayers.com\\\/wp-content\\\/uploads\\\/2022\\\/08\\\/VANUXPT6.jpg\",\"contentUrl\":\"https:\\\/\\\/www.mexicanguitarplayers.com\\\/wp-content\\\/uploads\\\/2022\\\/08\\\/VANUXPT6.jpg\",\"width\":1200,\"height\":1200},{\"@type\":\"BreadcrumbList\",\"@id\":\"https:\\\/\\\/www.mexicanguitarplayers.com\\\/tienda\\\/accesorios\\\/afinadores-y-metronomos\\\/afinadores\\\/para-guitarra-afinadores\\\/afinador-nux-electronico-pt-6\\\/#breadcrumb\",\"itemListElement\":[{\"@type\":\"ListItem\",\"position\":1,\"name\":\"Portada\",\"item\":\"https:\\\/\\\/www.mexicanguitarplayers.com\\\/\"},{\"@type\":\"ListItem\",\"position\":2,\"name\":\"Tienda\",\"item\":\"https:\\\/\\\/www.mexicanguitarplayers.com\\\/tienda\\\/\"},{\"@type\":\"ListItem\",\"position\":3,\"name\":\"AFINADOR NUX ELECTRONICO PT-6\"}]},{\"@type\":\"WebSite\",\"@id\":\"https:\\\/\\\/www.mexicanguitarplayers.com\\\/#website\",\"url\":\"https:\\\/\\\/www.mexicanguitarplayers.com\\\/\",\"name\":\"Mexican Guitar Players\",\"description\":\"Website\",\"publisher\":{\"@id\":\"https:\\\/\\\/www.mexicanguitarplayers.com\\\/#organization\"},\"potentialAction\":[{\"@type\":\"SearchAction\",\"target\":{\"@type\":\"EntryPoint\",\"urlTemplate\":\"https:\\\/\\\/www.mexicanguitarplayers.com\\\/?s={search_term_string}\"},\"query-input\":{\"@type\":\"PropertyValueSpecification\",\"valueRequired\":true,\"valueName\":\"search_term_string\"}}],\"inLanguage\":\"en-US\"},{\"@type\":\"Organization\",\"@id\":\"https:\\\/\\\/www.mexicanguitarplayers.com\\\/#organization\",\"name\":\"Mexican Guitar Players\",\"url\":\"https:\\\/\\\/www.mexicanguitarplayers.com\\\/\",\"logo\":{\"@type\":\"ImageObject\",\"inLanguage\":\"en-US\",\"@id\":\"https:\\\/\\\/www.mexicanguitarplayers.com\\\/#\\\/schema\\\/logo\\\/image\\\/\",\"url\":\"\",\"contentUrl\":\"\",\"caption\":\"Mexican Guitar Players\"},\"image\":{\"@id\":\"https:\\\/\\\/www.mexicanguitarplayers.com\\\/#\\\/schema\\\/logo\\\/image\\\/\"}}]}<\/script>\n<!-- \/ Yoast SEO plugin. -->","yoast_head_json":{"title":"AFINADOR NUX ELECTRONICO PT-6 - Mexican Guitar Players","description":"AFINADOR NUX ELECTRONICO PT-6. Afinador crom\u00e1tico de pedal, rango de afinaci\u00f3n: A0 (27.5 Hz) ~ C8 (4186 Hz), rango A4: 435 ~ 445 Hz, precisi\u00f3n de afinaci\u00f3n: \u00b11 cent, m\u00e9todo de detecci\u00f3n: entrada de se\u00f1al de audio, modo de visualizaci\u00f3n: LED, m\u00e9todo de afinaci\u00f3n autom\u00e1tica, funciona con pila de 9V o adaptador 9V DC, dimensiones: 122 x 72 x 47 mm, peso: 235 g.","robots":{"index":"index","follow":"follow","max-snippet":"max-snippet:-1","max-image-preview":"max-image-preview:large","max-video-preview":"max-video-preview:-1"},"canonical":"https:\/\/www.mexicanguitarplayers.com\/en\/tienda\/accesorios\/afinadores-y-metronomos\/afinadores\/para-guitarra-afinadores\/afinador-nux-electronico-pt-6\/","og_locale":"en_US","og_type":"article","og_title":"AFINADOR NUX ELECTRONICO PT-6 - Mexican Guitar Players","og_description":"AFINADOR NUX ELECTRONICO PT-6. Afinador crom\u00e1tico de pedal, rango de afinaci\u00f3n: A0 (27.5 Hz) ~ C8 (4186 Hz), rango A4: 435 ~ 445 Hz, precisi\u00f3n de afinaci\u00f3n: \u00b11 cent, m\u00e9todo de detecci\u00f3n: entrada de se\u00f1al de audio, modo de visualizaci\u00f3n: LED, m\u00e9todo de afinaci\u00f3n autom\u00e1tica, funciona con pila de 9V o adaptador 9V DC, dimensiones: 122 x 72 x 47 mm, peso: 235 g.","og_url":"https:\/\/www.mexicanguitarplayers.com\/en\/tienda\/accesorios\/afinadores-y-metronomos\/afinadores\/para-guitarra-afinadores\/afinador-nux-electronico-pt-6\/","og_site_name":"Mexican Guitar Players","article_modified_time":"2023-09-27T01:38:15+00:00","og_image":[{"width":1200,"height":1200,"url":"https:\/\/www.mexicanguitarplayers.com\/wp-content\/uploads\/2022\/08\/VANUXPT6.jpg","type":"image\/jpeg"}],"twitter_card":"summary_large_image","schema":{"@context":"https:\/\/schema.org","@graph":[{"@type":["WebPage","ItemPage"],"@id":"https:\/\/www.mexicanguitarplayers.com\/tienda\/accesorios\/afinadores-y-metronomos\/afinadores\/para-guitarra-afinadores\/afinador-nux-electronico-pt-6\/","url":"https:\/\/www.mexicanguitarplayers.com\/tienda\/accesorios\/afinadores-y-metronomos\/afinadores\/para-guitarra-afinadores\/afinador-nux-electronico-pt-6\/","name":"AFINADOR NUX ELECTRONICO PT-6 - Mexican Guitar Players","isPartOf":{"@id":"https:\/\/www.mexicanguitarplayers.com\/#website"},"primaryImageOfPage":{"@id":"https:\/\/www.mexicanguitarplayers.com\/tienda\/accesorios\/afinadores-y-metronomos\/afinadores\/para-guitarra-afinadores\/afinador-nux-electronico-pt-6\/#primaryimage"},"image":{"@id":"https:\/\/www.mexicanguitarplayers.com\/tienda\/accesorios\/afinadores-y-metronomos\/afinadores\/para-guitarra-afinadores\/afinador-nux-electronico-pt-6\/#primaryimage"},"thumbnailUrl":"https:\/\/www.mexicanguitarplayers.com\/wp-content\/uploads\/2022\/08\/VANUXPT6.jpg","datePublished":"2022-08-18T22:17:06+00:00","dateModified":"2023-09-27T01:38:15+00:00","description":"AFINADOR NUX ELECTRONICO PT-6. Afinador crom\u00e1tico de pedal, rango de afinaci\u00f3n: A0 (27.5 Hz) ~ C8 (4186 Hz), rango A4: 435 ~ 445 Hz, precisi\u00f3n de afinaci\u00f3n: \u00b11 cent, m\u00e9todo de detecci\u00f3n: entrada de se\u00f1al de audio, modo de visualizaci\u00f3n: LED, m\u00e9todo de afinaci\u00f3n autom\u00e1tica, funciona con pila de 9V o adaptador 9V DC, dimensiones: 122 x 72 x 47 mm, peso: 235 g.","breadcrumb":{"@id":"https:\/\/www.mexicanguitarplayers.com\/tienda\/accesorios\/afinadores-y-metronomos\/afinadores\/para-guitarra-afinadores\/afinador-nux-electronico-pt-6\/#breadcrumb"},"inLanguage":"en-US","potentialAction":[{"@type":"ReadAction","target":["https:\/\/www.mexicanguitarplayers.com\/tienda\/accesorios\/afinadores-y-metronomos\/afinadores\/para-guitarra-afinadores\/afinador-nux-electronico-pt-6\/"]}]},{"@type":"ImageObject","inLanguage":"en-US","@id":"https:\/\/www.mexicanguitarplayers.com\/tienda\/accesorios\/afinadores-y-metronomos\/afinadores\/para-guitarra-afinadores\/afinador-nux-electronico-pt-6\/#primaryimage","url":"https:\/\/www.mexicanguitarplayers.com\/wp-content\/uploads\/2022\/08\/VANUXPT6.jpg","contentUrl":"https:\/\/www.mexicanguitarplayers.com\/wp-content\/uploads\/2022\/08\/VANUXPT6.jpg","width":1200,"height":1200},{"@type":"BreadcrumbList","@id":"https:\/\/www.mexicanguitarplayers.com\/tienda\/accesorios\/afinadores-y-metronomos\/afinadores\/para-guitarra-afinadores\/afinador-nux-electronico-pt-6\/#breadcrumb","itemListElement":[{"@type":"ListItem","position":1,"name":"Portada","item":"https:\/\/www.mexicanguitarplayers.com\/"},{"@type":"ListItem","position":2,"name":"Tienda","item":"https:\/\/www.mexicanguitarplayers.com\/tienda\/"},{"@type":"ListItem","position":3,"name":"AFINADOR NUX ELECTRONICO PT-6"}]},{"@type":"WebSite","@id":"https:\/\/www.mexicanguitarplayers.com\/#website","url":"https:\/\/www.mexicanguitarplayers.com\/","name":"Mexican Guitar Players","description":"Website","publisher":{"@id":"https:\/\/www.mexicanguitarplayers.com\/#organization"},"potentialAction":[{"@type":"SearchAction","target":{"@type":"EntryPoint","urlTemplate":"https:\/\/www.mexicanguitarplayers.com\/?s={search_term_string}"},"query-input":{"@type":"PropertyValueSpecification","valueRequired":true,"valueName":"search_term_string"}}],"inLanguage":"en-US"},{"@type":"Organization","@id":"https:\/\/www.mexicanguitarplayers.com\/#organization","name":"Mexican Guitar Players","url":"https:\/\/www.mexicanguitarplayers.com\/","logo":{"@type":"ImageObject","inLanguage":"en-US","@id":"https:\/\/www.mexicanguitarplayers.com\/#\/schema\/logo\/image\/","url":"","contentUrl":"","caption":"Mexican Guitar Players"},"image":{"@id":"https:\/\/www.mexicanguitarplayers.com\/#\/schema\/logo\/image\/"}}]}},"brands":[{"id":177,"name":"NUX","slug":"nux"}],"_links":{"self":[{"href":"https:\/\/www.mexicanguitarplayers.com\/en\/wp-json\/wp\/v2\/product\/16595","targetHints":{"allow":["GET"]}}],"collection":[{"href":"https:\/\/www.mexicanguitarplayers.com\/en\/wp-json\/wp\/v2\/product"}],"about":[{"href":"https:\/\/www.mexicanguitarplayers.com\/en\/wp-json\/wp\/v2\/types\/product"}],"replies":[{"embeddable":true,"href":"https:\/\/www.mexicanguitarplayers.com\/en\/wp-json\/wp\/v2\/comments?post=16595"}],"wp:featuredmedia":[{"embeddable":true,"href":"https:\/\/www.mexicanguitarplayers.com\/en\/wp-json\/wp\/v2\/media\/16593"}],"wp:attachment":[{"href":"https:\/\/www.mexicanguitarplayers.com\/en\/wp-json\/wp\/v2\/media?parent=16595"}],"wp:term":[{"taxonomy":"pwb-brand","embeddable":true,"href":"https:\/\/www.mexicanguitarplayers.com\/en\/wp-json\/wp\/v2\/pwb-brand?post=16595"},{"taxonomy":"product_brand","embeddable":true,"href":"https:\/\/www.mexicanguitarplayers.com\/en\/wp-json\/wp\/v2\/product_brand?post=16595"},{"taxonomy":"product_cat","embeddable":true,"href":"https:\/\/www.mexicanguitarplayers.com\/en\/wp-json\/wp\/v2\/product_cat?post=16595"},{"taxonomy":"product_tag","embeddable":true,"href":"https:\/\/www.mexicanguitarplayers.com\/en\/wp-json\/wp\/v2\/product_tag?post=16595"}],"curies":[{"name":"wp","href":"https:\/\/api.w.org\/{rel}","templated":true}]}}