{"id":16601,"date":"2022-08-18T17:17:16","date_gmt":"2022-08-18T22:17:16","guid":{"rendered":"https:\/\/www.mexicanguitarplayers.com\/tienda\/sin%20categor\u00eda\/pedal-nux-recto-distortion\/"},"modified":"2026-04-10T05:04:32","modified_gmt":"2026-04-10T11:04:32","slug":"pedal-nux-recto-distortion","status":"publish","type":"product","link":"https:\/\/www.mexicanguitarplayers.com\/en\/tienda\/cuerdas\/efectos\/efectos-individuales\/pedal-nux-recto-distortion\/","title":{"rendered":"PEDAL NUX STRAIGHT DISTORTION"},"content":{"rendered":"<div style=\"text-align: justify\">\n<div>\n<h3>PEDAL NUX STRAIGHT DISTORTION<\/h3>\n<\/div>\n<div>Distortion pedal for electric guitar, heavy distortion for hard rock and metal, additional amount of gain boost at the highest frequency for a more direct distortion effect, passive bass and treble equalizer, true-bypass hardware, input impedance: 1 milli-ohm, output impedance: 10 kilo-ohms, dimensions: 121 x 77 x 48 mm, weight: 230 g.<\/div>\n<\/div>","protected":false},"excerpt":{"rendered":"<p>Pedal de distorsi\u00f3n para guitarra el\u00e9ctrica, distorsi\u00f3n fuerte para hard rock y metal, cantidad adicional de aumento de ganancia a la frecuencia m\u00e1s alta para un efecto de distorsi\u00f3n m\u00e1s directo, ecualizador pasivo de graves y agudos, True-bypass hardware, impedancia de entrada: 1 mili-ohm, impedancia de salida: 10 kilo-ohms, dimensiones: 121 x 77 x 48 mm, peso: 230 g.&hellip; <a class=\"kt-excerpt-readmore more-link\" href=\"https:\/\/www.mexicanguitarplayers.com\/en\/tienda\/cuerdas\/efectos\/efectos-individuales\/pedal-nux-recto-distortion\/\">Read more<\/a><\/p>","protected":false},"featured_media":16596,"comment_status":"open","ping_status":"closed","template":"","meta":{"kt_blocks_editor_width":""},"pwb-brand":[177],"product_brand":[],"product_cat":[224,241,504],"product_tag":[],"class_list":{"0":"post-16601","1":"product","2":"type-product","3":"status-publish","4":"has-post-thumbnail","6":"pwb-brand-nux","7":"product_cat-cuerdas","8":"product_cat-efectos","9":"product_cat-efectos-individuales","10":"product_shipping_class-0-5-kg","12":"first","13":"outofstock","14":"taxable","15":"shipping-taxable","16":"purchasable","17":"product-type-simple"},"yoast_head":"<!-- This site is optimized with the Yoast SEO plugin v27.5 - https:\/\/yoast.com\/product\/yoast-seo-wordpress\/ -->\n<title>PEDAL NUX RECTO DISTORTION - Mexican Guitar Players<\/title>\n<meta name=\"description\" content=\"PEDAL NUX RECTO DISTORTION. Pedal de distorsi\u00f3n para guitarra el\u00e9ctrica, distorsi\u00f3n fuerte para hard rock y metal, cantidad adicional de aumento de ganancia a la frecuencia m\u00e1s alta para un efecto de distorsi\u00f3n m\u00e1s directo, ecualizador pasivo de graves y agudos, True-bypass hardware, impedancia de entrada: 1 mili-ohm, impedancia de salida: 10 kilo-ohms, dimensiones: 121 x 77 x 48 mm, peso: 230 g.\" \/>\n<meta name=\"robots\" content=\"index, follow, max-snippet:-1, max-image-preview:large, max-video-preview:-1\" \/>\n<link rel=\"canonical\" href=\"https:\/\/www.mexicanguitarplayers.com\/en\/tienda\/cuerdas\/efectos\/efectos-individuales\/pedal-nux-recto-distortion\/\" \/>\n<meta property=\"og:locale\" content=\"en_US\" \/>\n<meta property=\"og:type\" content=\"article\" \/>\n<meta property=\"og:title\" content=\"PEDAL NUX RECTO DISTORTION - Mexican Guitar Players\" \/>\n<meta property=\"og:description\" content=\"PEDAL NUX RECTO DISTORTION. Pedal de distorsi\u00f3n para guitarra el\u00e9ctrica, distorsi\u00f3n fuerte para hard rock y metal, cantidad adicional de aumento de ganancia a la frecuencia m\u00e1s alta para un efecto de distorsi\u00f3n m\u00e1s directo, ecualizador pasivo de graves y agudos, True-bypass hardware, impedancia de entrada: 1 mili-ohm, impedancia de salida: 10 kilo-ohms, dimensiones: 121 x 77 x 48 mm, peso: 230 g.\" \/>\n<meta property=\"og:url\" content=\"https:\/\/www.mexicanguitarplayers.com\/en\/tienda\/cuerdas\/efectos\/efectos-individuales\/pedal-nux-recto-distortion\/\" \/>\n<meta property=\"og:site_name\" content=\"Mexican Guitar Players\" \/>\n<meta property=\"article:modified_time\" content=\"2026-04-10T11:04:32+00:00\" \/>\n<meta property=\"og:image\" content=\"https:\/\/www.mexicanguitarplayers.com\/wp-content\/uploads\/2022\/08\/VANUXRECTODIST.jpg\" \/>\n\t<meta property=\"og:image:width\" content=\"1200\" \/>\n\t<meta property=\"og:image:height\" content=\"1200\" \/>\n\t<meta property=\"og:image:type\" content=\"image\/jpeg\" \/>\n<meta name=\"twitter:card\" content=\"summary_large_image\" \/>\n<script type=\"application\/ld+json\" class=\"yoast-schema-graph\">{\"@context\":\"https:\\\/\\\/schema.org\",\"@graph\":[{\"@type\":[\"WebPage\",\"ItemPage\"],\"@id\":\"https:\\\/\\\/www.mexicanguitarplayers.com\\\/tienda\\\/cuerdas\\\/efectos\\\/efectos-individuales\\\/pedal-nux-recto-distortion\\\/\",\"url\":\"https:\\\/\\\/www.mexicanguitarplayers.com\\\/tienda\\\/cuerdas\\\/efectos\\\/efectos-individuales\\\/pedal-nux-recto-distortion\\\/\",\"name\":\"PEDAL NUX RECTO DISTORTION - Mexican Guitar Players\",\"isPartOf\":{\"@id\":\"https:\\\/\\\/www.mexicanguitarplayers.com\\\/#website\"},\"primaryImageOfPage\":{\"@id\":\"https:\\\/\\\/www.mexicanguitarplayers.com\\\/tienda\\\/cuerdas\\\/efectos\\\/efectos-individuales\\\/pedal-nux-recto-distortion\\\/#primaryimage\"},\"image\":{\"@id\":\"https:\\\/\\\/www.mexicanguitarplayers.com\\\/tienda\\\/cuerdas\\\/efectos\\\/efectos-individuales\\\/pedal-nux-recto-distortion\\\/#primaryimage\"},\"thumbnailUrl\":\"https:\\\/\\\/www.mexicanguitarplayers.com\\\/wp-content\\\/uploads\\\/2022\\\/08\\\/VANUXRECTODIST.jpg\",\"datePublished\":\"2022-08-18T22:17:16+00:00\",\"dateModified\":\"2026-04-10T11:04:32+00:00\",\"description\":\"PEDAL NUX RECTO DISTORTION. Pedal de distorsi\u00f3n para guitarra el\u00e9ctrica, distorsi\u00f3n fuerte para hard rock y metal, cantidad adicional de aumento de ganancia a la frecuencia m\u00e1s alta para un efecto de distorsi\u00f3n m\u00e1s directo, ecualizador pasivo de graves y agudos, True-bypass hardware, impedancia de entrada: 1 mili-ohm, impedancia de salida: 10 kilo-ohms, dimensiones: 121 x 77 x 48 mm, peso: 230 g.\",\"breadcrumb\":{\"@id\":\"https:\\\/\\\/www.mexicanguitarplayers.com\\\/tienda\\\/cuerdas\\\/efectos\\\/efectos-individuales\\\/pedal-nux-recto-distortion\\\/#breadcrumb\"},\"inLanguage\":\"en-US\",\"potentialAction\":[{\"@type\":\"ReadAction\",\"target\":[\"https:\\\/\\\/www.mexicanguitarplayers.com\\\/tienda\\\/cuerdas\\\/efectos\\\/efectos-individuales\\\/pedal-nux-recto-distortion\\\/\"]}]},{\"@type\":\"ImageObject\",\"inLanguage\":\"en-US\",\"@id\":\"https:\\\/\\\/www.mexicanguitarplayers.com\\\/tienda\\\/cuerdas\\\/efectos\\\/efectos-individuales\\\/pedal-nux-recto-distortion\\\/#primaryimage\",\"url\":\"https:\\\/\\\/www.mexicanguitarplayers.com\\\/wp-content\\\/uploads\\\/2022\\\/08\\\/VANUXRECTODIST.jpg\",\"contentUrl\":\"https:\\\/\\\/www.mexicanguitarplayers.com\\\/wp-content\\\/uploads\\\/2022\\\/08\\\/VANUXRECTODIST.jpg\",\"width\":1200,\"height\":1200},{\"@type\":\"BreadcrumbList\",\"@id\":\"https:\\\/\\\/www.mexicanguitarplayers.com\\\/tienda\\\/cuerdas\\\/efectos\\\/efectos-individuales\\\/pedal-nux-recto-distortion\\\/#breadcrumb\",\"itemListElement\":[{\"@type\":\"ListItem\",\"position\":1,\"name\":\"Portada\",\"item\":\"https:\\\/\\\/www.mexicanguitarplayers.com\\\/\"},{\"@type\":\"ListItem\",\"position\":2,\"name\":\"Tienda\",\"item\":\"https:\\\/\\\/www.mexicanguitarplayers.com\\\/tienda\\\/\"},{\"@type\":\"ListItem\",\"position\":3,\"name\":\"PEDAL NUX RECTO DISTORTION\"}]},{\"@type\":\"WebSite\",\"@id\":\"https:\\\/\\\/www.mexicanguitarplayers.com\\\/#website\",\"url\":\"https:\\\/\\\/www.mexicanguitarplayers.com\\\/\",\"name\":\"Mexican Guitar Players\",\"description\":\"Website\",\"publisher\":{\"@id\":\"https:\\\/\\\/www.mexicanguitarplayers.com\\\/#organization\"},\"potentialAction\":[{\"@type\":\"SearchAction\",\"target\":{\"@type\":\"EntryPoint\",\"urlTemplate\":\"https:\\\/\\\/www.mexicanguitarplayers.com\\\/?s={search_term_string}\"},\"query-input\":{\"@type\":\"PropertyValueSpecification\",\"valueRequired\":true,\"valueName\":\"search_term_string\"}}],\"inLanguage\":\"en-US\"},{\"@type\":\"Organization\",\"@id\":\"https:\\\/\\\/www.mexicanguitarplayers.com\\\/#organization\",\"name\":\"Mexican Guitar Players\",\"url\":\"https:\\\/\\\/www.mexicanguitarplayers.com\\\/\",\"logo\":{\"@type\":\"ImageObject\",\"inLanguage\":\"en-US\",\"@id\":\"https:\\\/\\\/www.mexicanguitarplayers.com\\\/#\\\/schema\\\/logo\\\/image\\\/\",\"url\":\"\",\"contentUrl\":\"\",\"caption\":\"Mexican Guitar Players\"},\"image\":{\"@id\":\"https:\\\/\\\/www.mexicanguitarplayers.com\\\/#\\\/schema\\\/logo\\\/image\\\/\"}}]}<\/script>\n<!-- \/ Yoast SEO plugin. -->","yoast_head_json":{"title":"PEDAL NUX RECTO DISTORTION - Mexican Guitar Players","description":"PEDAL NUX RECTO DISTORTION. Pedal de distorsi\u00f3n para guitarra el\u00e9ctrica, distorsi\u00f3n fuerte para hard rock y metal, cantidad adicional de aumento de ganancia a la frecuencia m\u00e1s alta para un efecto de distorsi\u00f3n m\u00e1s directo, ecualizador pasivo de graves y agudos, True-bypass hardware, impedancia de entrada: 1 mili-ohm, impedancia de salida: 10 kilo-ohms, dimensiones: 121 x 77 x 48 mm, peso: 230 g.","robots":{"index":"index","follow":"follow","max-snippet":"max-snippet:-1","max-image-preview":"max-image-preview:large","max-video-preview":"max-video-preview:-1"},"canonical":"https:\/\/www.mexicanguitarplayers.com\/en\/tienda\/cuerdas\/efectos\/efectos-individuales\/pedal-nux-recto-distortion\/","og_locale":"en_US","og_type":"article","og_title":"PEDAL NUX RECTO DISTORTION - Mexican Guitar Players","og_description":"PEDAL NUX RECTO DISTORTION. Pedal de distorsi\u00f3n para guitarra el\u00e9ctrica, distorsi\u00f3n fuerte para hard rock y metal, cantidad adicional de aumento de ganancia a la frecuencia m\u00e1s alta para un efecto de distorsi\u00f3n m\u00e1s directo, ecualizador pasivo de graves y agudos, True-bypass hardware, impedancia de entrada: 1 mili-ohm, impedancia de salida: 10 kilo-ohms, dimensiones: 121 x 77 x 48 mm, peso: 230 g.","og_url":"https:\/\/www.mexicanguitarplayers.com\/en\/tienda\/cuerdas\/efectos\/efectos-individuales\/pedal-nux-recto-distortion\/","og_site_name":"Mexican Guitar Players","article_modified_time":"2026-04-10T11:04:32+00:00","og_image":[{"width":1200,"height":1200,"url":"https:\/\/www.mexicanguitarplayers.com\/wp-content\/uploads\/2022\/08\/VANUXRECTODIST.jpg","type":"image\/jpeg"}],"twitter_card":"summary_large_image","schema":{"@context":"https:\/\/schema.org","@graph":[{"@type":["WebPage","ItemPage"],"@id":"https:\/\/www.mexicanguitarplayers.com\/tienda\/cuerdas\/efectos\/efectos-individuales\/pedal-nux-recto-distortion\/","url":"https:\/\/www.mexicanguitarplayers.com\/tienda\/cuerdas\/efectos\/efectos-individuales\/pedal-nux-recto-distortion\/","name":"PEDAL NUX RECTO DISTORTION - Mexican Guitar Players","isPartOf":{"@id":"https:\/\/www.mexicanguitarplayers.com\/#website"},"primaryImageOfPage":{"@id":"https:\/\/www.mexicanguitarplayers.com\/tienda\/cuerdas\/efectos\/efectos-individuales\/pedal-nux-recto-distortion\/#primaryimage"},"image":{"@id":"https:\/\/www.mexicanguitarplayers.com\/tienda\/cuerdas\/efectos\/efectos-individuales\/pedal-nux-recto-distortion\/#primaryimage"},"thumbnailUrl":"https:\/\/www.mexicanguitarplayers.com\/wp-content\/uploads\/2022\/08\/VANUXRECTODIST.jpg","datePublished":"2022-08-18T22:17:16+00:00","dateModified":"2026-04-10T11:04:32+00:00","description":"PEDAL NUX RECTO DISTORTION. Pedal de distorsi\u00f3n para guitarra el\u00e9ctrica, distorsi\u00f3n fuerte para hard rock y metal, cantidad adicional de aumento de ganancia a la frecuencia m\u00e1s alta para un efecto de distorsi\u00f3n m\u00e1s directo, ecualizador pasivo de graves y agudos, True-bypass hardware, impedancia de entrada: 1 mili-ohm, impedancia de salida: 10 kilo-ohms, dimensiones: 121 x 77 x 48 mm, peso: 230 g.","breadcrumb":{"@id":"https:\/\/www.mexicanguitarplayers.com\/tienda\/cuerdas\/efectos\/efectos-individuales\/pedal-nux-recto-distortion\/#breadcrumb"},"inLanguage":"en-US","potentialAction":[{"@type":"ReadAction","target":["https:\/\/www.mexicanguitarplayers.com\/tienda\/cuerdas\/efectos\/efectos-individuales\/pedal-nux-recto-distortion\/"]}]},{"@type":"ImageObject","inLanguage":"en-US","@id":"https:\/\/www.mexicanguitarplayers.com\/tienda\/cuerdas\/efectos\/efectos-individuales\/pedal-nux-recto-distortion\/#primaryimage","url":"https:\/\/www.mexicanguitarplayers.com\/wp-content\/uploads\/2022\/08\/VANUXRECTODIST.jpg","contentUrl":"https:\/\/www.mexicanguitarplayers.com\/wp-content\/uploads\/2022\/08\/VANUXRECTODIST.jpg","width":1200,"height":1200},{"@type":"BreadcrumbList","@id":"https:\/\/www.mexicanguitarplayers.com\/tienda\/cuerdas\/efectos\/efectos-individuales\/pedal-nux-recto-distortion\/#breadcrumb","itemListElement":[{"@type":"ListItem","position":1,"name":"Portada","item":"https:\/\/www.mexicanguitarplayers.com\/"},{"@type":"ListItem","position":2,"name":"Tienda","item":"https:\/\/www.mexicanguitarplayers.com\/tienda\/"},{"@type":"ListItem","position":3,"name":"PEDAL NUX RECTO DISTORTION"}]},{"@type":"WebSite","@id":"https:\/\/www.mexicanguitarplayers.com\/#website","url":"https:\/\/www.mexicanguitarplayers.com\/","name":"Mexican Guitar Players","description":"Website","publisher":{"@id":"https:\/\/www.mexicanguitarplayers.com\/#organization"},"potentialAction":[{"@type":"SearchAction","target":{"@type":"EntryPoint","urlTemplate":"https:\/\/www.mexicanguitarplayers.com\/?s={search_term_string}"},"query-input":{"@type":"PropertyValueSpecification","valueRequired":true,"valueName":"search_term_string"}}],"inLanguage":"en-US"},{"@type":"Organization","@id":"https:\/\/www.mexicanguitarplayers.com\/#organization","name":"Mexican Guitar Players","url":"https:\/\/www.mexicanguitarplayers.com\/","logo":{"@type":"ImageObject","inLanguage":"en-US","@id":"https:\/\/www.mexicanguitarplayers.com\/#\/schema\/logo\/image\/","url":"","contentUrl":"","caption":"Mexican Guitar Players"},"image":{"@id":"https:\/\/www.mexicanguitarplayers.com\/#\/schema\/logo\/image\/"}}]}},"brands":[{"id":177,"name":"NUX","slug":"nux"}],"_links":{"self":[{"href":"https:\/\/www.mexicanguitarplayers.com\/en\/wp-json\/wp\/v2\/product\/16601","targetHints":{"allow":["GET"]}}],"collection":[{"href":"https:\/\/www.mexicanguitarplayers.com\/en\/wp-json\/wp\/v2\/product"}],"about":[{"href":"https:\/\/www.mexicanguitarplayers.com\/en\/wp-json\/wp\/v2\/types\/product"}],"replies":[{"embeddable":true,"href":"https:\/\/www.mexicanguitarplayers.com\/en\/wp-json\/wp\/v2\/comments?post=16601"}],"wp:featuredmedia":[{"embeddable":true,"href":"https:\/\/www.mexicanguitarplayers.com\/en\/wp-json\/wp\/v2\/media\/16596"}],"wp:attachment":[{"href":"https:\/\/www.mexicanguitarplayers.com\/en\/wp-json\/wp\/v2\/media?parent=16601"}],"wp:term":[{"taxonomy":"pwb-brand","embeddable":true,"href":"https:\/\/www.mexicanguitarplayers.com\/en\/wp-json\/wp\/v2\/pwb-brand?post=16601"},{"taxonomy":"product_brand","embeddable":true,"href":"https:\/\/www.mexicanguitarplayers.com\/en\/wp-json\/wp\/v2\/product_brand?post=16601"},{"taxonomy":"product_cat","embeddable":true,"href":"https:\/\/www.mexicanguitarplayers.com\/en\/wp-json\/wp\/v2\/product_cat?post=16601"},{"taxonomy":"product_tag","embeddable":true,"href":"https:\/\/www.mexicanguitarplayers.com\/en\/wp-json\/wp\/v2\/product_tag?post=16601"}],"curies":[{"name":"wp","href":"https:\/\/api.w.org\/{rel}","templated":true}]}}