{"id":16661,"date":"2022-08-18T17:18:44","date_gmt":"2022-08-18T22:18:44","guid":{"rendered":"https:\/\/www.mexicanguitarplayers.com\/tienda\/sin%20categor\u00eda\/soporte-proel-p-teclado-doble-dhks10bk\/"},"modified":"2026-05-01T07:38:53","modified_gmt":"2026-05-01T13:38:53","slug":"soporte-proel-p-teclado-doble-dhks10bk","status":"publish","type":"product","link":"https:\/\/www.mexicanguitarplayers.com\/en\/tienda\/accesorios\/stands\/para-instrumento-stands\/soporte-proel-p-teclado-doble-dhks10bk\/","title":{"rendered":"PROEL SUPPORT FOR DOUBLE KEYBOARD DHKS10BK"},"content":{"rendered":"<div style=\"text-align: justify\">\n<div>\n<h3>PROEL SUPPORT FOR DOUBLE KEYBOARD DHKS10BK<\/h3>\n<\/div>\n<div>Proel support for double keyboard. Model: DHKS10BK. Constructed from robust steel tubes and aluminum profile. Supplied with retractable legs and dual height adjustment and folding arms. The legs are retractable within the structure and the folding arms allow easy transport with the included transport bag. Height 1040 mm, Weight: 7.5 Kg. Construction materials: Aluminum and steel.<\/div>\n<\/div>","protected":false},"excerpt":{"rendered":"<p>Soporte Proel para teclado doble. Modelo: DHKS10BK. Construido a partir de tubosde acero robustos y perfil de aluminio. Se suministra con patas retr\u00e1ctiles y ajuste de altura doble y brazos plegables. Las patas son retr\u00e1ctiles dentro de laestructura y los brazos plegables permiten un f\u00e1cil transporte con bolsa de transporte incluida. Altura 1040 mm,  Peso: 7.5 Kg. Materiales de construcci\u00f3n: Aluminio y acero.&hellip; <a class=\"kt-excerpt-readmore more-link\" href=\"https:\/\/www.mexicanguitarplayers.com\/en\/tienda\/accesorios\/stands\/para-instrumento-stands\/soporte-proel-p-teclado-doble-dhks10bk\/\">Read more<\/a><\/p>","protected":false},"featured_media":16658,"comment_status":"open","ping_status":"closed","template":"","meta":{"kt_blocks_editor_width":""},"pwb-brand":[252],"product_brand":[],"product_cat":[85,510,416],"product_tag":[],"class_list":{"0":"post-16661","1":"product","2":"type-product","3":"status-publish","4":"has-post-thumbnail","6":"pwb-brand-proel","7":"product_cat-accesorios","8":"product_cat-para-instrumento-stands","9":"product_cat-stands","10":"product_shipping_class-5-10-kg","12":"first","13":"instock","14":"taxable","15":"shipping-taxable","16":"purchasable","17":"product-type-simple"},"yoast_head":"<!-- This site is optimized with the Yoast SEO plugin v27.5 - https:\/\/yoast.com\/product\/yoast-seo-wordpress\/ -->\n<title>SOPORTE PROEL P\/TECLADO DOBLE DHKS10BK - Mexican Guitar Players<\/title>\n<meta name=\"description\" content=\"SOPORTE PROEL P\/TECLADO DOBLE DHKS10BK. Soporte Proel para teclado doble. Modelo: DHKS10BK. Construido a partir de tubosde acero robustos y perfil de aluminio. Se suministra con patas retr\u00e1ctiles y ajuste de altura doble y brazos plegables. Las patas son retr\u00e1ctiles dentro de laestructura y los brazos plegables permiten un f\u00e1cil transporte con bolsa de transporte incluida. Altura 1040 mm, Peso: 7.5 Kg. Materiales de construcci\u00f3n: Aluminio y acero.\" \/>\n<meta name=\"robots\" content=\"index, follow, max-snippet:-1, max-image-preview:large, max-video-preview:-1\" \/>\n<link rel=\"canonical\" href=\"https:\/\/www.mexicanguitarplayers.com\/en\/tienda\/accesorios\/stands\/para-instrumento-stands\/soporte-proel-p-teclado-doble-dhks10bk\/\" \/>\n<meta property=\"og:locale\" content=\"en_US\" \/>\n<meta property=\"og:type\" content=\"article\" \/>\n<meta property=\"og:title\" content=\"SOPORTE PROEL P\/TECLADO DOBLE DHKS10BK - Mexican Guitar Players\" \/>\n<meta property=\"og:description\" content=\"SOPORTE PROEL P\/TECLADO DOBLE DHKS10BK. Soporte Proel para teclado doble. Modelo: DHKS10BK. Construido a partir de tubosde acero robustos y perfil de aluminio. Se suministra con patas retr\u00e1ctiles y ajuste de altura doble y brazos plegables. Las patas son retr\u00e1ctiles dentro de laestructura y los brazos plegables permiten un f\u00e1cil transporte con bolsa de transporte incluida. Altura 1040 mm, Peso: 7.5 Kg. Materiales de construcci\u00f3n: Aluminio y acero.\" \/>\n<meta property=\"og:url\" content=\"https:\/\/www.mexicanguitarplayers.com\/en\/tienda\/accesorios\/stands\/para-instrumento-stands\/soporte-proel-p-teclado-doble-dhks10bk\/\" \/>\n<meta property=\"og:site_name\" content=\"Mexican Guitar Players\" \/>\n<meta property=\"article:modified_time\" content=\"2026-05-01T13:38:53+00:00\" \/>\n<meta property=\"og:image\" content=\"https:\/\/www.mexicanguitarplayers.com\/wp-content\/uploads\/2022\/08\/VAPREDHKS10BK.jpg\" \/>\n\t<meta property=\"og:image:width\" content=\"1200\" \/>\n\t<meta property=\"og:image:height\" content=\"1200\" \/>\n\t<meta property=\"og:image:type\" content=\"image\/jpeg\" \/>\n<meta name=\"twitter:card\" content=\"summary_large_image\" \/>\n<script type=\"application\/ld+json\" class=\"yoast-schema-graph\">{\"@context\":\"https:\\\/\\\/schema.org\",\"@graph\":[{\"@type\":[\"WebPage\",\"ItemPage\"],\"@id\":\"https:\\\/\\\/www.mexicanguitarplayers.com\\\/tienda\\\/accesorios\\\/stands\\\/para-instrumento-stands\\\/soporte-proel-p-teclado-doble-dhks10bk\\\/\",\"url\":\"https:\\\/\\\/www.mexicanguitarplayers.com\\\/tienda\\\/accesorios\\\/stands\\\/para-instrumento-stands\\\/soporte-proel-p-teclado-doble-dhks10bk\\\/\",\"name\":\"SOPORTE PROEL P\\\/TECLADO DOBLE DHKS10BK - Mexican Guitar Players\",\"isPartOf\":{\"@id\":\"https:\\\/\\\/www.mexicanguitarplayers.com\\\/#website\"},\"primaryImageOfPage\":{\"@id\":\"https:\\\/\\\/www.mexicanguitarplayers.com\\\/tienda\\\/accesorios\\\/stands\\\/para-instrumento-stands\\\/soporte-proel-p-teclado-doble-dhks10bk\\\/#primaryimage\"},\"image\":{\"@id\":\"https:\\\/\\\/www.mexicanguitarplayers.com\\\/tienda\\\/accesorios\\\/stands\\\/para-instrumento-stands\\\/soporte-proel-p-teclado-doble-dhks10bk\\\/#primaryimage\"},\"thumbnailUrl\":\"https:\\\/\\\/www.mexicanguitarplayers.com\\\/wp-content\\\/uploads\\\/2022\\\/08\\\/VAPREDHKS10BK.jpg\",\"datePublished\":\"2022-08-18T22:18:44+00:00\",\"dateModified\":\"2026-05-01T13:38:53+00:00\",\"description\":\"SOPORTE PROEL P\\\/TECLADO DOBLE DHKS10BK. Soporte Proel para teclado doble. Modelo: DHKS10BK. Construido a partir de tubosde acero robustos y perfil de aluminio. Se suministra con patas retr\u00e1ctiles y ajuste de altura doble y brazos plegables. Las patas son retr\u00e1ctiles dentro de laestructura y los brazos plegables permiten un f\u00e1cil transporte con bolsa de transporte incluida. Altura 1040 mm, Peso: 7.5 Kg. Materiales de construcci\u00f3n: Aluminio y acero.\",\"breadcrumb\":{\"@id\":\"https:\\\/\\\/www.mexicanguitarplayers.com\\\/tienda\\\/accesorios\\\/stands\\\/para-instrumento-stands\\\/soporte-proel-p-teclado-doble-dhks10bk\\\/#breadcrumb\"},\"inLanguage\":\"en-US\",\"potentialAction\":[{\"@type\":\"ReadAction\",\"target\":[\"https:\\\/\\\/www.mexicanguitarplayers.com\\\/tienda\\\/accesorios\\\/stands\\\/para-instrumento-stands\\\/soporte-proel-p-teclado-doble-dhks10bk\\\/\"]}]},{\"@type\":\"ImageObject\",\"inLanguage\":\"en-US\",\"@id\":\"https:\\\/\\\/www.mexicanguitarplayers.com\\\/tienda\\\/accesorios\\\/stands\\\/para-instrumento-stands\\\/soporte-proel-p-teclado-doble-dhks10bk\\\/#primaryimage\",\"url\":\"https:\\\/\\\/www.mexicanguitarplayers.com\\\/wp-content\\\/uploads\\\/2022\\\/08\\\/VAPREDHKS10BK.jpg\",\"contentUrl\":\"https:\\\/\\\/www.mexicanguitarplayers.com\\\/wp-content\\\/uploads\\\/2022\\\/08\\\/VAPREDHKS10BK.jpg\",\"width\":1200,\"height\":1200},{\"@type\":\"BreadcrumbList\",\"@id\":\"https:\\\/\\\/www.mexicanguitarplayers.com\\\/tienda\\\/accesorios\\\/stands\\\/para-instrumento-stands\\\/soporte-proel-p-teclado-doble-dhks10bk\\\/#breadcrumb\",\"itemListElement\":[{\"@type\":\"ListItem\",\"position\":1,\"name\":\"Portada\",\"item\":\"https:\\\/\\\/www.mexicanguitarplayers.com\\\/\"},{\"@type\":\"ListItem\",\"position\":2,\"name\":\"Tienda\",\"item\":\"https:\\\/\\\/www.mexicanguitarplayers.com\\\/tienda\\\/\"},{\"@type\":\"ListItem\",\"position\":3,\"name\":\"SOPORTE PROEL P\\\/TECLADO DOBLE DHKS10BK\"}]},{\"@type\":\"WebSite\",\"@id\":\"https:\\\/\\\/www.mexicanguitarplayers.com\\\/#website\",\"url\":\"https:\\\/\\\/www.mexicanguitarplayers.com\\\/\",\"name\":\"Mexican Guitar Players\",\"description\":\"Website\",\"publisher\":{\"@id\":\"https:\\\/\\\/www.mexicanguitarplayers.com\\\/#organization\"},\"potentialAction\":[{\"@type\":\"SearchAction\",\"target\":{\"@type\":\"EntryPoint\",\"urlTemplate\":\"https:\\\/\\\/www.mexicanguitarplayers.com\\\/?s={search_term_string}\"},\"query-input\":{\"@type\":\"PropertyValueSpecification\",\"valueRequired\":true,\"valueName\":\"search_term_string\"}}],\"inLanguage\":\"en-US\"},{\"@type\":\"Organization\",\"@id\":\"https:\\\/\\\/www.mexicanguitarplayers.com\\\/#organization\",\"name\":\"Mexican Guitar Players\",\"url\":\"https:\\\/\\\/www.mexicanguitarplayers.com\\\/\",\"logo\":{\"@type\":\"ImageObject\",\"inLanguage\":\"en-US\",\"@id\":\"https:\\\/\\\/www.mexicanguitarplayers.com\\\/#\\\/schema\\\/logo\\\/image\\\/\",\"url\":\"\",\"contentUrl\":\"\",\"caption\":\"Mexican Guitar Players\"},\"image\":{\"@id\":\"https:\\\/\\\/www.mexicanguitarplayers.com\\\/#\\\/schema\\\/logo\\\/image\\\/\"}}]}<\/script>\n<!-- \/ Yoast SEO plugin. -->","yoast_head_json":{"title":"SOPORTE PROEL P\/TECLADO DOBLE DHKS10BK - Mexican Guitar Players","description":"SOPORTE PROEL P\/TECLADO DOBLE DHKS10BK. Soporte Proel para teclado doble. Modelo: DHKS10BK. Construido a partir de tubosde acero robustos y perfil de aluminio. Se suministra con patas retr\u00e1ctiles y ajuste de altura doble y brazos plegables. Las patas son retr\u00e1ctiles dentro de laestructura y los brazos plegables permiten un f\u00e1cil transporte con bolsa de transporte incluida. Altura 1040 mm, Peso: 7.5 Kg. Materiales de construcci\u00f3n: Aluminio y acero.","robots":{"index":"index","follow":"follow","max-snippet":"max-snippet:-1","max-image-preview":"max-image-preview:large","max-video-preview":"max-video-preview:-1"},"canonical":"https:\/\/www.mexicanguitarplayers.com\/en\/tienda\/accesorios\/stands\/para-instrumento-stands\/soporte-proel-p-teclado-doble-dhks10bk\/","og_locale":"en_US","og_type":"article","og_title":"SOPORTE PROEL P\/TECLADO DOBLE DHKS10BK - Mexican Guitar Players","og_description":"SOPORTE PROEL P\/TECLADO DOBLE DHKS10BK. Soporte Proel para teclado doble. Modelo: DHKS10BK. Construido a partir de tubosde acero robustos y perfil de aluminio. Se suministra con patas retr\u00e1ctiles y ajuste de altura doble y brazos plegables. Las patas son retr\u00e1ctiles dentro de laestructura y los brazos plegables permiten un f\u00e1cil transporte con bolsa de transporte incluida. Altura 1040 mm, Peso: 7.5 Kg. Materiales de construcci\u00f3n: Aluminio y acero.","og_url":"https:\/\/www.mexicanguitarplayers.com\/en\/tienda\/accesorios\/stands\/para-instrumento-stands\/soporte-proel-p-teclado-doble-dhks10bk\/","og_site_name":"Mexican Guitar Players","article_modified_time":"2026-05-01T13:38:53+00:00","og_image":[{"width":1200,"height":1200,"url":"https:\/\/www.mexicanguitarplayers.com\/wp-content\/uploads\/2022\/08\/VAPREDHKS10BK.jpg","type":"image\/jpeg"}],"twitter_card":"summary_large_image","schema":{"@context":"https:\/\/schema.org","@graph":[{"@type":["WebPage","ItemPage"],"@id":"https:\/\/www.mexicanguitarplayers.com\/tienda\/accesorios\/stands\/para-instrumento-stands\/soporte-proel-p-teclado-doble-dhks10bk\/","url":"https:\/\/www.mexicanguitarplayers.com\/tienda\/accesorios\/stands\/para-instrumento-stands\/soporte-proel-p-teclado-doble-dhks10bk\/","name":"SOPORTE PROEL P\/TECLADO DOBLE DHKS10BK - Mexican Guitar Players","isPartOf":{"@id":"https:\/\/www.mexicanguitarplayers.com\/#website"},"primaryImageOfPage":{"@id":"https:\/\/www.mexicanguitarplayers.com\/tienda\/accesorios\/stands\/para-instrumento-stands\/soporte-proel-p-teclado-doble-dhks10bk\/#primaryimage"},"image":{"@id":"https:\/\/www.mexicanguitarplayers.com\/tienda\/accesorios\/stands\/para-instrumento-stands\/soporte-proel-p-teclado-doble-dhks10bk\/#primaryimage"},"thumbnailUrl":"https:\/\/www.mexicanguitarplayers.com\/wp-content\/uploads\/2022\/08\/VAPREDHKS10BK.jpg","datePublished":"2022-08-18T22:18:44+00:00","dateModified":"2026-05-01T13:38:53+00:00","description":"SOPORTE PROEL P\/TECLADO DOBLE DHKS10BK. Soporte Proel para teclado doble. Modelo: DHKS10BK. Construido a partir de tubosde acero robustos y perfil de aluminio. Se suministra con patas retr\u00e1ctiles y ajuste de altura doble y brazos plegables. Las patas son retr\u00e1ctiles dentro de laestructura y los brazos plegables permiten un f\u00e1cil transporte con bolsa de transporte incluida. Altura 1040 mm, Peso: 7.5 Kg. Materiales de construcci\u00f3n: Aluminio y acero.","breadcrumb":{"@id":"https:\/\/www.mexicanguitarplayers.com\/tienda\/accesorios\/stands\/para-instrumento-stands\/soporte-proel-p-teclado-doble-dhks10bk\/#breadcrumb"},"inLanguage":"en-US","potentialAction":[{"@type":"ReadAction","target":["https:\/\/www.mexicanguitarplayers.com\/tienda\/accesorios\/stands\/para-instrumento-stands\/soporte-proel-p-teclado-doble-dhks10bk\/"]}]},{"@type":"ImageObject","inLanguage":"en-US","@id":"https:\/\/www.mexicanguitarplayers.com\/tienda\/accesorios\/stands\/para-instrumento-stands\/soporte-proel-p-teclado-doble-dhks10bk\/#primaryimage","url":"https:\/\/www.mexicanguitarplayers.com\/wp-content\/uploads\/2022\/08\/VAPREDHKS10BK.jpg","contentUrl":"https:\/\/www.mexicanguitarplayers.com\/wp-content\/uploads\/2022\/08\/VAPREDHKS10BK.jpg","width":1200,"height":1200},{"@type":"BreadcrumbList","@id":"https:\/\/www.mexicanguitarplayers.com\/tienda\/accesorios\/stands\/para-instrumento-stands\/soporte-proel-p-teclado-doble-dhks10bk\/#breadcrumb","itemListElement":[{"@type":"ListItem","position":1,"name":"Portada","item":"https:\/\/www.mexicanguitarplayers.com\/"},{"@type":"ListItem","position":2,"name":"Tienda","item":"https:\/\/www.mexicanguitarplayers.com\/tienda\/"},{"@type":"ListItem","position":3,"name":"SOPORTE PROEL P\/TECLADO DOBLE DHKS10BK"}]},{"@type":"WebSite","@id":"https:\/\/www.mexicanguitarplayers.com\/#website","url":"https:\/\/www.mexicanguitarplayers.com\/","name":"Mexican Guitar Players","description":"Website","publisher":{"@id":"https:\/\/www.mexicanguitarplayers.com\/#organization"},"potentialAction":[{"@type":"SearchAction","target":{"@type":"EntryPoint","urlTemplate":"https:\/\/www.mexicanguitarplayers.com\/?s={search_term_string}"},"query-input":{"@type":"PropertyValueSpecification","valueRequired":true,"valueName":"search_term_string"}}],"inLanguage":"en-US"},{"@type":"Organization","@id":"https:\/\/www.mexicanguitarplayers.com\/#organization","name":"Mexican Guitar Players","url":"https:\/\/www.mexicanguitarplayers.com\/","logo":{"@type":"ImageObject","inLanguage":"en-US","@id":"https:\/\/www.mexicanguitarplayers.com\/#\/schema\/logo\/image\/","url":"","contentUrl":"","caption":"Mexican Guitar Players"},"image":{"@id":"https:\/\/www.mexicanguitarplayers.com\/#\/schema\/logo\/image\/"}}]}},"brands":[{"id":252,"name":"PROEL","slug":"proel"}],"_links":{"self":[{"href":"https:\/\/www.mexicanguitarplayers.com\/en\/wp-json\/wp\/v2\/product\/16661","targetHints":{"allow":["GET"]}}],"collection":[{"href":"https:\/\/www.mexicanguitarplayers.com\/en\/wp-json\/wp\/v2\/product"}],"about":[{"href":"https:\/\/www.mexicanguitarplayers.com\/en\/wp-json\/wp\/v2\/types\/product"}],"replies":[{"embeddable":true,"href":"https:\/\/www.mexicanguitarplayers.com\/en\/wp-json\/wp\/v2\/comments?post=16661"}],"wp:featuredmedia":[{"embeddable":true,"href":"https:\/\/www.mexicanguitarplayers.com\/en\/wp-json\/wp\/v2\/media\/16658"}],"wp:attachment":[{"href":"https:\/\/www.mexicanguitarplayers.com\/en\/wp-json\/wp\/v2\/media?parent=16661"}],"wp:term":[{"taxonomy":"pwb-brand","embeddable":true,"href":"https:\/\/www.mexicanguitarplayers.com\/en\/wp-json\/wp\/v2\/pwb-brand?post=16661"},{"taxonomy":"product_brand","embeddable":true,"href":"https:\/\/www.mexicanguitarplayers.com\/en\/wp-json\/wp\/v2\/product_brand?post=16661"},{"taxonomy":"product_cat","embeddable":true,"href":"https:\/\/www.mexicanguitarplayers.com\/en\/wp-json\/wp\/v2\/product_cat?post=16661"},{"taxonomy":"product_tag","embeddable":true,"href":"https:\/\/www.mexicanguitarplayers.com\/en\/wp-json\/wp\/v2\/product_tag?post=16661"}],"curies":[{"name":"wp","href":"https:\/\/api.w.org\/{rel}","templated":true}]}}