{"id":16703,"date":"2022-08-18T17:19:58","date_gmt":"2022-08-18T22:19:58","guid":{"rendered":"https:\/\/www.mexicanguitarplayers.com\/tienda\/sin%20categor\u00eda\/soporte-proel-p-bafle-mod-dhss60\/"},"modified":"2026-04-10T05:04:14","modified_gmt":"2026-04-10T11:04:14","slug":"soporte-proel-p-bafle-mod-dhss60","status":"publish","type":"product","link":"https:\/\/www.mexicanguitarplayers.com\/en\/tienda\/accesorios\/stands\/para-bocina\/soporte-proel-p-bafle-mod-dhss60\/","title":{"rendered":"SOPORTE PROEL P\/BAFLE MOD. DHSS60"},"content":{"rendered":"<div style=\"text-align: justify\">\n<div>\n<h3>SOPORTE PROEL P\/BAFLE MOD. DHSS60<\/h3>\n<\/div>\n<div>Soporte profesional de alta resistencia para bafle, fabricado con acero tubular, piezas de aluminio fundido, mecanismo de elevaci\u00f3n autom\u00e1tico alimentado por sistema interno de aire comprimido, altura ajustable: 1280 &#8211; 2000 mm, carga m\u00e1xima: 50 kg, base: 1200 mm, tubo terminal: 35 mm, peso: 5 kg.<\/div>\n<\/div>","protected":false},"excerpt":{"rendered":"<p>Soporte profesional de alta resistencia para bafle, fabricado con acero tubular, piezas de aluminio fundido, mecanismo de elevaci\u00f3n autom\u00e1tico alimentado por sistema interno de aire comprimido, altura ajustable: 1280 &#8211; 2000 mm, carga m\u00e1xima: 50 kg, base: 1200 mm, tubo terminal: 35 mm, peso: 5 kg.&hellip; <a class=\"kt-excerpt-readmore more-link\" href=\"https:\/\/www.mexicanguitarplayers.com\/en\/tienda\/accesorios\/stands\/para-bocina\/soporte-proel-p-bafle-mod-dhss60\/\">Read more<\/a><\/p>","protected":false},"featured_media":16699,"comment_status":"open","ping_status":"closed","template":"","meta":{"kt_blocks_editor_width":""},"pwb-brand":[252],"product_brand":[],"product_cat":[85,417,416],"product_tag":[],"class_list":{"0":"post-16703","1":"product","2":"type-product","3":"status-publish","4":"has-post-thumbnail","6":"pwb-brand-proel","7":"product_cat-accesorios","8":"product_cat-para-bocina","9":"product_cat-stands","10":"product_shipping_class-5-10-kg","12":"first","13":"outofstock","14":"taxable","15":"shipping-taxable","16":"purchasable","17":"product-type-simple"},"yoast_head":"<!-- This site is optimized with the Yoast SEO plugin v27.5 - https:\/\/yoast.com\/product\/yoast-seo-wordpress\/ -->\n<title>SOPORTE PROEL P\/BAFLE MOD. DHSS60 - Mexican Guitar Players<\/title>\n<meta name=\"description\" content=\"SOPORTE PROEL P\/BAFLE MOD. DHSS60. Soporte profesional de alta resistencia para bafle, fabricado con acero tubular, piezas de aluminio fundido, mecanismo de elevaci\u00f3n autom\u00e1tico alimentado por sistema interno de aire comprimido, altura ajustable: 1280 - 2000 mm, carga m\u00e1xima: 50 kg, base: 1200 mm, tubo terminal: 35 mm, peso: 5 kg.\" \/>\n<meta name=\"robots\" content=\"index, follow, max-snippet:-1, max-image-preview:large, max-video-preview:-1\" \/>\n<link rel=\"canonical\" href=\"https:\/\/www.mexicanguitarplayers.com\/en\/tienda\/accesorios\/stands\/para-bocina\/soporte-proel-p-bafle-mod-dhss60\/\" \/>\n<meta property=\"og:locale\" content=\"en_US\" \/>\n<meta property=\"og:type\" content=\"article\" \/>\n<meta property=\"og:title\" content=\"SOPORTE PROEL P\/BAFLE MOD. DHSS60 - Mexican Guitar Players\" \/>\n<meta property=\"og:description\" content=\"SOPORTE PROEL P\/BAFLE MOD. DHSS60. Soporte profesional de alta resistencia para bafle, fabricado con acero tubular, piezas de aluminio fundido, mecanismo de elevaci\u00f3n autom\u00e1tico alimentado por sistema interno de aire comprimido, altura ajustable: 1280 - 2000 mm, carga m\u00e1xima: 50 kg, base: 1200 mm, tubo terminal: 35 mm, peso: 5 kg.\" \/>\n<meta property=\"og:url\" content=\"https:\/\/www.mexicanguitarplayers.com\/en\/tienda\/accesorios\/stands\/para-bocina\/soporte-proel-p-bafle-mod-dhss60\/\" \/>\n<meta property=\"og:site_name\" content=\"Mexican Guitar Players\" \/>\n<meta property=\"article:modified_time\" content=\"2026-04-10T11:04:14+00:00\" \/>\n<meta property=\"og:image\" content=\"https:\/\/www.mexicanguitarplayers.com\/wp-content\/uploads\/2022\/08\/VAPREDHSS60.jpg\" \/>\n\t<meta property=\"og:image:width\" content=\"800\" \/>\n\t<meta property=\"og:image:height\" content=\"1600\" \/>\n\t<meta property=\"og:image:type\" content=\"image\/jpeg\" \/>\n<meta name=\"twitter:card\" content=\"summary_large_image\" \/>\n<script type=\"application\/ld+json\" class=\"yoast-schema-graph\">{\"@context\":\"https:\\\/\\\/schema.org\",\"@graph\":[{\"@type\":[\"WebPage\",\"ItemPage\"],\"@id\":\"https:\\\/\\\/www.mexicanguitarplayers.com\\\/tienda\\\/accesorios\\\/stands\\\/para-bocina\\\/soporte-proel-p-bafle-mod-dhss60\\\/\",\"url\":\"https:\\\/\\\/www.mexicanguitarplayers.com\\\/tienda\\\/accesorios\\\/stands\\\/para-bocina\\\/soporte-proel-p-bafle-mod-dhss60\\\/\",\"name\":\"SOPORTE PROEL P\\\/BAFLE MOD. DHSS60 - Mexican Guitar Players\",\"isPartOf\":{\"@id\":\"https:\\\/\\\/www.mexicanguitarplayers.com\\\/#website\"},\"primaryImageOfPage\":{\"@id\":\"https:\\\/\\\/www.mexicanguitarplayers.com\\\/tienda\\\/accesorios\\\/stands\\\/para-bocina\\\/soporte-proel-p-bafle-mod-dhss60\\\/#primaryimage\"},\"image\":{\"@id\":\"https:\\\/\\\/www.mexicanguitarplayers.com\\\/tienda\\\/accesorios\\\/stands\\\/para-bocina\\\/soporte-proel-p-bafle-mod-dhss60\\\/#primaryimage\"},\"thumbnailUrl\":\"https:\\\/\\\/www.mexicanguitarplayers.com\\\/wp-content\\\/uploads\\\/2022\\\/08\\\/VAPREDHSS60.jpg\",\"datePublished\":\"2022-08-18T22:19:58+00:00\",\"dateModified\":\"2026-04-10T11:04:14+00:00\",\"description\":\"SOPORTE PROEL P\\\/BAFLE MOD. DHSS60. Soporte profesional de alta resistencia para bafle, fabricado con acero tubular, piezas de aluminio fundido, mecanismo de elevaci\u00f3n autom\u00e1tico alimentado por sistema interno de aire comprimido, altura ajustable: 1280 - 2000 mm, carga m\u00e1xima: 50 kg, base: 1200 mm, tubo terminal: 35 mm, peso: 5 kg.\",\"breadcrumb\":{\"@id\":\"https:\\\/\\\/www.mexicanguitarplayers.com\\\/tienda\\\/accesorios\\\/stands\\\/para-bocina\\\/soporte-proel-p-bafle-mod-dhss60\\\/#breadcrumb\"},\"inLanguage\":\"en-US\",\"potentialAction\":[{\"@type\":\"ReadAction\",\"target\":[\"https:\\\/\\\/www.mexicanguitarplayers.com\\\/tienda\\\/accesorios\\\/stands\\\/para-bocina\\\/soporte-proel-p-bafle-mod-dhss60\\\/\"]}]},{\"@type\":\"ImageObject\",\"inLanguage\":\"en-US\",\"@id\":\"https:\\\/\\\/www.mexicanguitarplayers.com\\\/tienda\\\/accesorios\\\/stands\\\/para-bocina\\\/soporte-proel-p-bafle-mod-dhss60\\\/#primaryimage\",\"url\":\"https:\\\/\\\/www.mexicanguitarplayers.com\\\/wp-content\\\/uploads\\\/2022\\\/08\\\/VAPREDHSS60.jpg\",\"contentUrl\":\"https:\\\/\\\/www.mexicanguitarplayers.com\\\/wp-content\\\/uploads\\\/2022\\\/08\\\/VAPREDHSS60.jpg\",\"width\":800,\"height\":1600},{\"@type\":\"BreadcrumbList\",\"@id\":\"https:\\\/\\\/www.mexicanguitarplayers.com\\\/tienda\\\/accesorios\\\/stands\\\/para-bocina\\\/soporte-proel-p-bafle-mod-dhss60\\\/#breadcrumb\",\"itemListElement\":[{\"@type\":\"ListItem\",\"position\":1,\"name\":\"Portada\",\"item\":\"https:\\\/\\\/www.mexicanguitarplayers.com\\\/\"},{\"@type\":\"ListItem\",\"position\":2,\"name\":\"Tienda\",\"item\":\"https:\\\/\\\/www.mexicanguitarplayers.com\\\/tienda\\\/\"},{\"@type\":\"ListItem\",\"position\":3,\"name\":\"SOPORTE PROEL P\\\/BAFLE MOD. DHSS60\"}]},{\"@type\":\"WebSite\",\"@id\":\"https:\\\/\\\/www.mexicanguitarplayers.com\\\/#website\",\"url\":\"https:\\\/\\\/www.mexicanguitarplayers.com\\\/\",\"name\":\"Mexican Guitar Players\",\"description\":\"Website\",\"publisher\":{\"@id\":\"https:\\\/\\\/www.mexicanguitarplayers.com\\\/#organization\"},\"potentialAction\":[{\"@type\":\"SearchAction\",\"target\":{\"@type\":\"EntryPoint\",\"urlTemplate\":\"https:\\\/\\\/www.mexicanguitarplayers.com\\\/?s={search_term_string}\"},\"query-input\":{\"@type\":\"PropertyValueSpecification\",\"valueRequired\":true,\"valueName\":\"search_term_string\"}}],\"inLanguage\":\"en-US\"},{\"@type\":\"Organization\",\"@id\":\"https:\\\/\\\/www.mexicanguitarplayers.com\\\/#organization\",\"name\":\"Mexican Guitar Players\",\"url\":\"https:\\\/\\\/www.mexicanguitarplayers.com\\\/\",\"logo\":{\"@type\":\"ImageObject\",\"inLanguage\":\"en-US\",\"@id\":\"https:\\\/\\\/www.mexicanguitarplayers.com\\\/#\\\/schema\\\/logo\\\/image\\\/\",\"url\":\"\",\"contentUrl\":\"\",\"caption\":\"Mexican Guitar Players\"},\"image\":{\"@id\":\"https:\\\/\\\/www.mexicanguitarplayers.com\\\/#\\\/schema\\\/logo\\\/image\\\/\"}}]}<\/script>\n<!-- \/ Yoast SEO plugin. -->","yoast_head_json":{"title":"SOPORTE PROEL P\/BAFLE MOD. DHSS60 - Mexican Guitar Players","description":"SOPORTE PROEL P\/BAFLE MOD. DHSS60. Soporte profesional de alta resistencia para bafle, fabricado con acero tubular, piezas de aluminio fundido, mecanismo de elevaci\u00f3n autom\u00e1tico alimentado por sistema interno de aire comprimido, altura ajustable: 1280 - 2000 mm, carga m\u00e1xima: 50 kg, base: 1200 mm, tubo terminal: 35 mm, peso: 5 kg.","robots":{"index":"index","follow":"follow","max-snippet":"max-snippet:-1","max-image-preview":"max-image-preview:large","max-video-preview":"max-video-preview:-1"},"canonical":"https:\/\/www.mexicanguitarplayers.com\/en\/tienda\/accesorios\/stands\/para-bocina\/soporte-proel-p-bafle-mod-dhss60\/","og_locale":"en_US","og_type":"article","og_title":"SOPORTE PROEL P\/BAFLE MOD. DHSS60 - Mexican Guitar Players","og_description":"SOPORTE PROEL P\/BAFLE MOD. DHSS60. Soporte profesional de alta resistencia para bafle, fabricado con acero tubular, piezas de aluminio fundido, mecanismo de elevaci\u00f3n autom\u00e1tico alimentado por sistema interno de aire comprimido, altura ajustable: 1280 - 2000 mm, carga m\u00e1xima: 50 kg, base: 1200 mm, tubo terminal: 35 mm, peso: 5 kg.","og_url":"https:\/\/www.mexicanguitarplayers.com\/en\/tienda\/accesorios\/stands\/para-bocina\/soporte-proel-p-bafle-mod-dhss60\/","og_site_name":"Mexican Guitar Players","article_modified_time":"2026-04-10T11:04:14+00:00","og_image":[{"width":800,"height":1600,"url":"https:\/\/www.mexicanguitarplayers.com\/wp-content\/uploads\/2022\/08\/VAPREDHSS60.jpg","type":"image\/jpeg"}],"twitter_card":"summary_large_image","schema":{"@context":"https:\/\/schema.org","@graph":[{"@type":["WebPage","ItemPage"],"@id":"https:\/\/www.mexicanguitarplayers.com\/tienda\/accesorios\/stands\/para-bocina\/soporte-proel-p-bafle-mod-dhss60\/","url":"https:\/\/www.mexicanguitarplayers.com\/tienda\/accesorios\/stands\/para-bocina\/soporte-proel-p-bafle-mod-dhss60\/","name":"SOPORTE PROEL P\/BAFLE MOD. DHSS60 - Mexican Guitar Players","isPartOf":{"@id":"https:\/\/www.mexicanguitarplayers.com\/#website"},"primaryImageOfPage":{"@id":"https:\/\/www.mexicanguitarplayers.com\/tienda\/accesorios\/stands\/para-bocina\/soporte-proel-p-bafle-mod-dhss60\/#primaryimage"},"image":{"@id":"https:\/\/www.mexicanguitarplayers.com\/tienda\/accesorios\/stands\/para-bocina\/soporte-proel-p-bafle-mod-dhss60\/#primaryimage"},"thumbnailUrl":"https:\/\/www.mexicanguitarplayers.com\/wp-content\/uploads\/2022\/08\/VAPREDHSS60.jpg","datePublished":"2022-08-18T22:19:58+00:00","dateModified":"2026-04-10T11:04:14+00:00","description":"SOPORTE PROEL P\/BAFLE MOD. DHSS60. Soporte profesional de alta resistencia para bafle, fabricado con acero tubular, piezas de aluminio fundido, mecanismo de elevaci\u00f3n autom\u00e1tico alimentado por sistema interno de aire comprimido, altura ajustable: 1280 - 2000 mm, carga m\u00e1xima: 50 kg, base: 1200 mm, tubo terminal: 35 mm, peso: 5 kg.","breadcrumb":{"@id":"https:\/\/www.mexicanguitarplayers.com\/tienda\/accesorios\/stands\/para-bocina\/soporte-proel-p-bafle-mod-dhss60\/#breadcrumb"},"inLanguage":"en-US","potentialAction":[{"@type":"ReadAction","target":["https:\/\/www.mexicanguitarplayers.com\/tienda\/accesorios\/stands\/para-bocina\/soporte-proel-p-bafle-mod-dhss60\/"]}]},{"@type":"ImageObject","inLanguage":"en-US","@id":"https:\/\/www.mexicanguitarplayers.com\/tienda\/accesorios\/stands\/para-bocina\/soporte-proel-p-bafle-mod-dhss60\/#primaryimage","url":"https:\/\/www.mexicanguitarplayers.com\/wp-content\/uploads\/2022\/08\/VAPREDHSS60.jpg","contentUrl":"https:\/\/www.mexicanguitarplayers.com\/wp-content\/uploads\/2022\/08\/VAPREDHSS60.jpg","width":800,"height":1600},{"@type":"BreadcrumbList","@id":"https:\/\/www.mexicanguitarplayers.com\/tienda\/accesorios\/stands\/para-bocina\/soporte-proel-p-bafle-mod-dhss60\/#breadcrumb","itemListElement":[{"@type":"ListItem","position":1,"name":"Portada","item":"https:\/\/www.mexicanguitarplayers.com\/"},{"@type":"ListItem","position":2,"name":"Tienda","item":"https:\/\/www.mexicanguitarplayers.com\/tienda\/"},{"@type":"ListItem","position":3,"name":"SOPORTE PROEL P\/BAFLE MOD. DHSS60"}]},{"@type":"WebSite","@id":"https:\/\/www.mexicanguitarplayers.com\/#website","url":"https:\/\/www.mexicanguitarplayers.com\/","name":"Mexican Guitar Players","description":"Website","publisher":{"@id":"https:\/\/www.mexicanguitarplayers.com\/#organization"},"potentialAction":[{"@type":"SearchAction","target":{"@type":"EntryPoint","urlTemplate":"https:\/\/www.mexicanguitarplayers.com\/?s={search_term_string}"},"query-input":{"@type":"PropertyValueSpecification","valueRequired":true,"valueName":"search_term_string"}}],"inLanguage":"en-US"},{"@type":"Organization","@id":"https:\/\/www.mexicanguitarplayers.com\/#organization","name":"Mexican Guitar Players","url":"https:\/\/www.mexicanguitarplayers.com\/","logo":{"@type":"ImageObject","inLanguage":"en-US","@id":"https:\/\/www.mexicanguitarplayers.com\/#\/schema\/logo\/image\/","url":"","contentUrl":"","caption":"Mexican Guitar Players"},"image":{"@id":"https:\/\/www.mexicanguitarplayers.com\/#\/schema\/logo\/image\/"}}]}},"brands":[{"id":252,"name":"PROEL","slug":"proel"}],"_links":{"self":[{"href":"https:\/\/www.mexicanguitarplayers.com\/en\/wp-json\/wp\/v2\/product\/16703","targetHints":{"allow":["GET"]}}],"collection":[{"href":"https:\/\/www.mexicanguitarplayers.com\/en\/wp-json\/wp\/v2\/product"}],"about":[{"href":"https:\/\/www.mexicanguitarplayers.com\/en\/wp-json\/wp\/v2\/types\/product"}],"replies":[{"embeddable":true,"href":"https:\/\/www.mexicanguitarplayers.com\/en\/wp-json\/wp\/v2\/comments?post=16703"}],"wp:featuredmedia":[{"embeddable":true,"href":"https:\/\/www.mexicanguitarplayers.com\/en\/wp-json\/wp\/v2\/media\/16699"}],"wp:attachment":[{"href":"https:\/\/www.mexicanguitarplayers.com\/en\/wp-json\/wp\/v2\/media?parent=16703"}],"wp:term":[{"taxonomy":"pwb-brand","embeddable":true,"href":"https:\/\/www.mexicanguitarplayers.com\/en\/wp-json\/wp\/v2\/pwb-brand?post=16703"},{"taxonomy":"product_brand","embeddable":true,"href":"https:\/\/www.mexicanguitarplayers.com\/en\/wp-json\/wp\/v2\/product_brand?post=16703"},{"taxonomy":"product_cat","embeddable":true,"href":"https:\/\/www.mexicanguitarplayers.com\/en\/wp-json\/wp\/v2\/product_cat?post=16703"},{"taxonomy":"product_tag","embeddable":true,"href":"https:\/\/www.mexicanguitarplayers.com\/en\/wp-json\/wp\/v2\/product_tag?post=16703"}],"curies":[{"name":"wp","href":"https:\/\/api.w.org\/{rel}","templated":true}]}}