{"id":16711,"date":"2022-08-18T17:20:19","date_gmt":"2022-08-18T22:20:19","guid":{"rendered":"https:\/\/www.mexicanguitarplayers.com\/tienda\/sin%20categor\u00eda\/estuche-proel-p-bajo-electrico-dhzebb\/"},"modified":"2026-04-10T05:04:12","modified_gmt":"2026-04-10T11:04:12","slug":"estuche-proel-p-bajo-electrico-dhzebb","status":"publish","type":"product","link":"https:\/\/www.mexicanguitarplayers.com\/en\/tienda\/accesorios\/estuches-y-fundas\/para-guitarra\/para-guitarra-clasica\/estuche-proel-p-bajo-electrico-dhzebb\/","title":{"rendered":"PROEL CASE FOR DHZEBB ELECTRIC BASS"},"content":{"rendered":"<div style=\"text-align: justify\">\n<div>\n<h3>PROEL CASE FOR DHZEBB ELECTRIC BASS<\/h3>\n<\/div>\n<div>Gig Bag for Electric Bass, ARMOR series, made of water-resistant 1680D nylon, adjustable retractable padded back straps with metal hooks, comfortable foam mesh handle, soft velvet inner lining with additional stitched protection for bridge and mechanics, large front pockets with multiple compartments for music books, tablets, cables and accessories, reinforced cast aluminum DH zipper pulls, 35mm DHFOAM padding.<\/div>\n<\/div>","protected":false},"excerpt":{"rendered":"<p>Funda para bajo el\u00e9ctrico, serie ARMOR, fabricada con nylon 1680D resistente al agua, correas traseras acolchadas y retr\u00e1ctiles ajustables con ganchos met\u00e1licos, c\u00f3modo mango de malla de espuma, suave forro interior de terciopelo con protecci\u00f3n adicional cosida para puente y mec\u00e1nica, grandes bolsillos frontales con varios compartimentos para libros de m\u00fasica, tablets, cables y accesorios, tiradores de cierre DH de aluminio fundido reforzado, acolchado DHFOAM de 35 mm.&hellip; <a class=\"kt-excerpt-readmore more-link\" href=\"https:\/\/www.mexicanguitarplayers.com\/en\/tienda\/accesorios\/estuches-y-fundas\/para-guitarra\/para-guitarra-clasica\/estuche-proel-p-bajo-electrico-dhzebb\/\">Read more<\/a><\/p>","protected":false},"featured_media":16708,"comment_status":"open","ping_status":"closed","template":"","meta":{"kt_blocks_editor_width":""},"pwb-brand":[252],"product_brand":[],"product_cat":[85,517,566,577],"product_tag":[],"class_list":{"0":"post-16711","1":"product","2":"type-product","3":"status-publish","4":"has-post-thumbnail","6":"pwb-brand-proel","7":"product_cat-accesorios","8":"product_cat-estuches-y-fundas","9":"product_cat-para-guitarra","10":"product_cat-para-guitarra-clasica","11":"product_shipping_class-0-5-kg","13":"first","14":"outofstock","15":"taxable","16":"shipping-taxable","17":"purchasable","18":"product-type-simple"},"yoast_head":"<!-- This site is optimized with the Yoast SEO plugin v27.6 - https:\/\/yoast.com\/product\/yoast-seo-wordpress\/ -->\n<title>ESTUCHE PROEL P\/BAJO ELECTRICO DHZEBB - Mexican Guitar Players<\/title>\n<meta name=\"description\" content=\"ESTUCHE PROEL P\/BAJO ELECTRICO DHZEBB. Funda para bajo el\u00e9ctrico, serie ARMOR, fabricada con nylon 1680D resistente al agua, correas traseras acolchadas y retr\u00e1ctiles ajustables con ganchos met\u00e1licos, c\u00f3modo mango de malla de espuma, suave forro interior de terciopelo con protecci\u00f3n adicional cosida para puente y mec\u00e1nica, grandes bolsillos frontales con varios compartimentos para libros de m\u00fasica, tablets, cables y accesorios, tiradores de cierre DH de aluminio fundido reforzado, acolchado DHFOAM de 35 mm.\" \/>\n<meta name=\"robots\" content=\"index, follow, max-snippet:-1, max-image-preview:large, max-video-preview:-1\" \/>\n<link rel=\"canonical\" href=\"https:\/\/www.mexicanguitarplayers.com\/en\/tienda\/accesorios\/estuches-y-fundas\/para-guitarra\/para-guitarra-clasica\/estuche-proel-p-bajo-electrico-dhzebb\/\" \/>\n<meta property=\"og:locale\" content=\"en_US\" \/>\n<meta property=\"og:type\" content=\"article\" \/>\n<meta property=\"og:title\" content=\"ESTUCHE PROEL P\/BAJO ELECTRICO DHZEBB - Mexican Guitar Players\" \/>\n<meta property=\"og:description\" content=\"ESTUCHE PROEL P\/BAJO ELECTRICO DHZEBB. Funda para bajo el\u00e9ctrico, serie ARMOR, fabricada con nylon 1680D resistente al agua, correas traseras acolchadas y retr\u00e1ctiles ajustables con ganchos met\u00e1licos, c\u00f3modo mango de malla de espuma, suave forro interior de terciopelo con protecci\u00f3n adicional cosida para puente y mec\u00e1nica, grandes bolsillos frontales con varios compartimentos para libros de m\u00fasica, tablets, cables y accesorios, tiradores de cierre DH de aluminio fundido reforzado, acolchado DHFOAM de 35 mm.\" \/>\n<meta property=\"og:url\" content=\"https:\/\/www.mexicanguitarplayers.com\/en\/tienda\/accesorios\/estuches-y-fundas\/para-guitarra\/para-guitarra-clasica\/estuche-proel-p-bajo-electrico-dhzebb\/\" \/>\n<meta property=\"og:site_name\" content=\"Mexican Guitar Players\" \/>\n<meta property=\"article:modified_time\" content=\"2026-04-10T11:04:12+00:00\" \/>\n<meta property=\"og:image\" content=\"https:\/\/www.mexicanguitarplayers.com\/wp-content\/uploads\/2022\/08\/VAPREDHZEBB.jpg\" \/>\n\t<meta property=\"og:image:width\" content=\"800\" \/>\n\t<meta property=\"og:image:height\" content=\"1600\" \/>\n\t<meta property=\"og:image:type\" content=\"image\/jpeg\" \/>\n<meta name=\"twitter:card\" content=\"summary_large_image\" \/>\n<script type=\"application\/ld+json\" class=\"yoast-schema-graph\">{\"@context\":\"https:\\\/\\\/schema.org\",\"@graph\":[{\"@type\":[\"WebPage\",\"ItemPage\"],\"@id\":\"https:\\\/\\\/www.mexicanguitarplayers.com\\\/tienda\\\/accesorios\\\/estuches-y-fundas\\\/para-guitarra\\\/para-guitarra-clasica\\\/estuche-proel-p-bajo-electrico-dhzebb\\\/\",\"url\":\"https:\\\/\\\/www.mexicanguitarplayers.com\\\/tienda\\\/accesorios\\\/estuches-y-fundas\\\/para-guitarra\\\/para-guitarra-clasica\\\/estuche-proel-p-bajo-electrico-dhzebb\\\/\",\"name\":\"ESTUCHE PROEL P\\\/BAJO ELECTRICO DHZEBB - Mexican Guitar Players\",\"isPartOf\":{\"@id\":\"https:\\\/\\\/www.mexicanguitarplayers.com\\\/#website\"},\"primaryImageOfPage\":{\"@id\":\"https:\\\/\\\/www.mexicanguitarplayers.com\\\/tienda\\\/accesorios\\\/estuches-y-fundas\\\/para-guitarra\\\/para-guitarra-clasica\\\/estuche-proel-p-bajo-electrico-dhzebb\\\/#primaryimage\"},\"image\":{\"@id\":\"https:\\\/\\\/www.mexicanguitarplayers.com\\\/tienda\\\/accesorios\\\/estuches-y-fundas\\\/para-guitarra\\\/para-guitarra-clasica\\\/estuche-proel-p-bajo-electrico-dhzebb\\\/#primaryimage\"},\"thumbnailUrl\":\"https:\\\/\\\/www.mexicanguitarplayers.com\\\/wp-content\\\/uploads\\\/2022\\\/08\\\/VAPREDHZEBB.jpg\",\"datePublished\":\"2022-08-18T22:20:19+00:00\",\"dateModified\":\"2026-04-10T11:04:12+00:00\",\"description\":\"ESTUCHE PROEL P\\\/BAJO ELECTRICO DHZEBB. Funda para bajo el\u00e9ctrico, serie ARMOR, fabricada con nylon 1680D resistente al agua, correas traseras acolchadas y retr\u00e1ctiles ajustables con ganchos met\u00e1licos, c\u00f3modo mango de malla de espuma, suave forro interior de terciopelo con protecci\u00f3n adicional cosida para puente y mec\u00e1nica, grandes bolsillos frontales con varios compartimentos para libros de m\u00fasica, tablets, cables y accesorios, tiradores de cierre DH de aluminio fundido reforzado, acolchado DHFOAM de 35 mm.\",\"breadcrumb\":{\"@id\":\"https:\\\/\\\/www.mexicanguitarplayers.com\\\/tienda\\\/accesorios\\\/estuches-y-fundas\\\/para-guitarra\\\/para-guitarra-clasica\\\/estuche-proel-p-bajo-electrico-dhzebb\\\/#breadcrumb\"},\"inLanguage\":\"en-US\",\"potentialAction\":[{\"@type\":\"ReadAction\",\"target\":[\"https:\\\/\\\/www.mexicanguitarplayers.com\\\/tienda\\\/accesorios\\\/estuches-y-fundas\\\/para-guitarra\\\/para-guitarra-clasica\\\/estuche-proel-p-bajo-electrico-dhzebb\\\/\"]}]},{\"@type\":\"ImageObject\",\"inLanguage\":\"en-US\",\"@id\":\"https:\\\/\\\/www.mexicanguitarplayers.com\\\/tienda\\\/accesorios\\\/estuches-y-fundas\\\/para-guitarra\\\/para-guitarra-clasica\\\/estuche-proel-p-bajo-electrico-dhzebb\\\/#primaryimage\",\"url\":\"https:\\\/\\\/www.mexicanguitarplayers.com\\\/wp-content\\\/uploads\\\/2022\\\/08\\\/VAPREDHZEBB.jpg\",\"contentUrl\":\"https:\\\/\\\/www.mexicanguitarplayers.com\\\/wp-content\\\/uploads\\\/2022\\\/08\\\/VAPREDHZEBB.jpg\",\"width\":800,\"height\":1600},{\"@type\":\"BreadcrumbList\",\"@id\":\"https:\\\/\\\/www.mexicanguitarplayers.com\\\/tienda\\\/accesorios\\\/estuches-y-fundas\\\/para-guitarra\\\/para-guitarra-clasica\\\/estuche-proel-p-bajo-electrico-dhzebb\\\/#breadcrumb\",\"itemListElement\":[{\"@type\":\"ListItem\",\"position\":1,\"name\":\"Portada\",\"item\":\"https:\\\/\\\/www.mexicanguitarplayers.com\\\/\"},{\"@type\":\"ListItem\",\"position\":2,\"name\":\"Tienda\",\"item\":\"https:\\\/\\\/www.mexicanguitarplayers.com\\\/tienda\\\/\"},{\"@type\":\"ListItem\",\"position\":3,\"name\":\"ESTUCHE PROEL P\\\/BAJO ELECTRICO DHZEBB\"}]},{\"@type\":\"WebSite\",\"@id\":\"https:\\\/\\\/www.mexicanguitarplayers.com\\\/#website\",\"url\":\"https:\\\/\\\/www.mexicanguitarplayers.com\\\/\",\"name\":\"Mexican Guitar Players\",\"description\":\"Website\",\"publisher\":{\"@id\":\"https:\\\/\\\/www.mexicanguitarplayers.com\\\/#organization\"},\"potentialAction\":[{\"@type\":\"SearchAction\",\"target\":{\"@type\":\"EntryPoint\",\"urlTemplate\":\"https:\\\/\\\/www.mexicanguitarplayers.com\\\/?s={search_term_string}\"},\"query-input\":{\"@type\":\"PropertyValueSpecification\",\"valueRequired\":true,\"valueName\":\"search_term_string\"}}],\"inLanguage\":\"en-US\"},{\"@type\":\"Organization\",\"@id\":\"https:\\\/\\\/www.mexicanguitarplayers.com\\\/#organization\",\"name\":\"Mexican Guitar Players\",\"url\":\"https:\\\/\\\/www.mexicanguitarplayers.com\\\/\",\"logo\":{\"@type\":\"ImageObject\",\"inLanguage\":\"en-US\",\"@id\":\"https:\\\/\\\/www.mexicanguitarplayers.com\\\/#\\\/schema\\\/logo\\\/image\\\/\",\"url\":\"\",\"contentUrl\":\"\",\"caption\":\"Mexican Guitar Players\"},\"image\":{\"@id\":\"https:\\\/\\\/www.mexicanguitarplayers.com\\\/#\\\/schema\\\/logo\\\/image\\\/\"}}]}<\/script>\n<!-- \/ Yoast SEO plugin. -->","yoast_head_json":{"title":"ESTUCHE PROEL P\/BAJO ELECTRICO DHZEBB - Mexican Guitar Players","description":"ESTUCHE PROEL P\/BAJO ELECTRICO DHZEBB. Funda para bajo el\u00e9ctrico, serie ARMOR, fabricada con nylon 1680D resistente al agua, correas traseras acolchadas y retr\u00e1ctiles ajustables con ganchos met\u00e1licos, c\u00f3modo mango de malla de espuma, suave forro interior de terciopelo con protecci\u00f3n adicional cosida para puente y mec\u00e1nica, grandes bolsillos frontales con varios compartimentos para libros de m\u00fasica, tablets, cables y accesorios, tiradores de cierre DH de aluminio fundido reforzado, acolchado DHFOAM de 35 mm.","robots":{"index":"index","follow":"follow","max-snippet":"max-snippet:-1","max-image-preview":"max-image-preview:large","max-video-preview":"max-video-preview:-1"},"canonical":"https:\/\/www.mexicanguitarplayers.com\/en\/tienda\/accesorios\/estuches-y-fundas\/para-guitarra\/para-guitarra-clasica\/estuche-proel-p-bajo-electrico-dhzebb\/","og_locale":"en_US","og_type":"article","og_title":"ESTUCHE PROEL P\/BAJO ELECTRICO DHZEBB - Mexican Guitar Players","og_description":"ESTUCHE PROEL P\/BAJO ELECTRICO DHZEBB. Funda para bajo el\u00e9ctrico, serie ARMOR, fabricada con nylon 1680D resistente al agua, correas traseras acolchadas y retr\u00e1ctiles ajustables con ganchos met\u00e1licos, c\u00f3modo mango de malla de espuma, suave forro interior de terciopelo con protecci\u00f3n adicional cosida para puente y mec\u00e1nica, grandes bolsillos frontales con varios compartimentos para libros de m\u00fasica, tablets, cables y accesorios, tiradores de cierre DH de aluminio fundido reforzado, acolchado DHFOAM de 35 mm.","og_url":"https:\/\/www.mexicanguitarplayers.com\/en\/tienda\/accesorios\/estuches-y-fundas\/para-guitarra\/para-guitarra-clasica\/estuche-proel-p-bajo-electrico-dhzebb\/","og_site_name":"Mexican Guitar Players","article_modified_time":"2026-04-10T11:04:12+00:00","og_image":[{"width":800,"height":1600,"url":"https:\/\/www.mexicanguitarplayers.com\/wp-content\/uploads\/2022\/08\/VAPREDHZEBB.jpg","type":"image\/jpeg"}],"twitter_card":"summary_large_image","schema":{"@context":"https:\/\/schema.org","@graph":[{"@type":["WebPage","ItemPage"],"@id":"https:\/\/www.mexicanguitarplayers.com\/tienda\/accesorios\/estuches-y-fundas\/para-guitarra\/para-guitarra-clasica\/estuche-proel-p-bajo-electrico-dhzebb\/","url":"https:\/\/www.mexicanguitarplayers.com\/tienda\/accesorios\/estuches-y-fundas\/para-guitarra\/para-guitarra-clasica\/estuche-proel-p-bajo-electrico-dhzebb\/","name":"ESTUCHE PROEL P\/BAJO ELECTRICO DHZEBB - Mexican Guitar Players","isPartOf":{"@id":"https:\/\/www.mexicanguitarplayers.com\/#website"},"primaryImageOfPage":{"@id":"https:\/\/www.mexicanguitarplayers.com\/tienda\/accesorios\/estuches-y-fundas\/para-guitarra\/para-guitarra-clasica\/estuche-proel-p-bajo-electrico-dhzebb\/#primaryimage"},"image":{"@id":"https:\/\/www.mexicanguitarplayers.com\/tienda\/accesorios\/estuches-y-fundas\/para-guitarra\/para-guitarra-clasica\/estuche-proel-p-bajo-electrico-dhzebb\/#primaryimage"},"thumbnailUrl":"https:\/\/www.mexicanguitarplayers.com\/wp-content\/uploads\/2022\/08\/VAPREDHZEBB.jpg","datePublished":"2022-08-18T22:20:19+00:00","dateModified":"2026-04-10T11:04:12+00:00","description":"ESTUCHE PROEL P\/BAJO ELECTRICO DHZEBB. Funda para bajo el\u00e9ctrico, serie ARMOR, fabricada con nylon 1680D resistente al agua, correas traseras acolchadas y retr\u00e1ctiles ajustables con ganchos met\u00e1licos, c\u00f3modo mango de malla de espuma, suave forro interior de terciopelo con protecci\u00f3n adicional cosida para puente y mec\u00e1nica, grandes bolsillos frontales con varios compartimentos para libros de m\u00fasica, tablets, cables y accesorios, tiradores de cierre DH de aluminio fundido reforzado, acolchado DHFOAM de 35 mm.","breadcrumb":{"@id":"https:\/\/www.mexicanguitarplayers.com\/tienda\/accesorios\/estuches-y-fundas\/para-guitarra\/para-guitarra-clasica\/estuche-proel-p-bajo-electrico-dhzebb\/#breadcrumb"},"inLanguage":"en-US","potentialAction":[{"@type":"ReadAction","target":["https:\/\/www.mexicanguitarplayers.com\/tienda\/accesorios\/estuches-y-fundas\/para-guitarra\/para-guitarra-clasica\/estuche-proel-p-bajo-electrico-dhzebb\/"]}]},{"@type":"ImageObject","inLanguage":"en-US","@id":"https:\/\/www.mexicanguitarplayers.com\/tienda\/accesorios\/estuches-y-fundas\/para-guitarra\/para-guitarra-clasica\/estuche-proel-p-bajo-electrico-dhzebb\/#primaryimage","url":"https:\/\/www.mexicanguitarplayers.com\/wp-content\/uploads\/2022\/08\/VAPREDHZEBB.jpg","contentUrl":"https:\/\/www.mexicanguitarplayers.com\/wp-content\/uploads\/2022\/08\/VAPREDHZEBB.jpg","width":800,"height":1600},{"@type":"BreadcrumbList","@id":"https:\/\/www.mexicanguitarplayers.com\/tienda\/accesorios\/estuches-y-fundas\/para-guitarra\/para-guitarra-clasica\/estuche-proel-p-bajo-electrico-dhzebb\/#breadcrumb","itemListElement":[{"@type":"ListItem","position":1,"name":"Portada","item":"https:\/\/www.mexicanguitarplayers.com\/"},{"@type":"ListItem","position":2,"name":"Tienda","item":"https:\/\/www.mexicanguitarplayers.com\/tienda\/"},{"@type":"ListItem","position":3,"name":"ESTUCHE PROEL P\/BAJO ELECTRICO DHZEBB"}]},{"@type":"WebSite","@id":"https:\/\/www.mexicanguitarplayers.com\/#website","url":"https:\/\/www.mexicanguitarplayers.com\/","name":"Mexican Guitar Players","description":"Website","publisher":{"@id":"https:\/\/www.mexicanguitarplayers.com\/#organization"},"potentialAction":[{"@type":"SearchAction","target":{"@type":"EntryPoint","urlTemplate":"https:\/\/www.mexicanguitarplayers.com\/?s={search_term_string}"},"query-input":{"@type":"PropertyValueSpecification","valueRequired":true,"valueName":"search_term_string"}}],"inLanguage":"en-US"},{"@type":"Organization","@id":"https:\/\/www.mexicanguitarplayers.com\/#organization","name":"Mexican Guitar Players","url":"https:\/\/www.mexicanguitarplayers.com\/","logo":{"@type":"ImageObject","inLanguage":"en-US","@id":"https:\/\/www.mexicanguitarplayers.com\/#\/schema\/logo\/image\/","url":"","contentUrl":"","caption":"Mexican Guitar Players"},"image":{"@id":"https:\/\/www.mexicanguitarplayers.com\/#\/schema\/logo\/image\/"}}]}},"brands":[{"id":252,"name":"PROEL","slug":"proel"}],"_links":{"self":[{"href":"https:\/\/www.mexicanguitarplayers.com\/en\/wp-json\/wp\/v2\/product\/16711","targetHints":{"allow":["GET"]}}],"collection":[{"href":"https:\/\/www.mexicanguitarplayers.com\/en\/wp-json\/wp\/v2\/product"}],"about":[{"href":"https:\/\/www.mexicanguitarplayers.com\/en\/wp-json\/wp\/v2\/types\/product"}],"replies":[{"embeddable":true,"href":"https:\/\/www.mexicanguitarplayers.com\/en\/wp-json\/wp\/v2\/comments?post=16711"}],"wp:featuredmedia":[{"embeddable":true,"href":"https:\/\/www.mexicanguitarplayers.com\/en\/wp-json\/wp\/v2\/media\/16708"}],"wp:attachment":[{"href":"https:\/\/www.mexicanguitarplayers.com\/en\/wp-json\/wp\/v2\/media?parent=16711"}],"wp:term":[{"taxonomy":"pwb-brand","embeddable":true,"href":"https:\/\/www.mexicanguitarplayers.com\/en\/wp-json\/wp\/v2\/pwb-brand?post=16711"},{"taxonomy":"product_brand","embeddable":true,"href":"https:\/\/www.mexicanguitarplayers.com\/en\/wp-json\/wp\/v2\/product_brand?post=16711"},{"taxonomy":"product_cat","embeddable":true,"href":"https:\/\/www.mexicanguitarplayers.com\/en\/wp-json\/wp\/v2\/product_cat?post=16711"},{"taxonomy":"product_tag","embeddable":true,"href":"https:\/\/www.mexicanguitarplayers.com\/en\/wp-json\/wp\/v2\/product_tag?post=16711"}],"curies":[{"name":"wp","href":"https:\/\/api.w.org\/{rel}","templated":true}]}}