{"id":16737,"date":"2022-08-18T17:21:01","date_gmt":"2022-08-18T22:21:01","guid":{"rendered":"https:\/\/www.mexicanguitarplayers.com\/tienda\/sin%20categor\u00eda\/banco-proel-p-tecladista-mod-el30\/"},"modified":"2026-01-17T05:29:16","modified_gmt":"2026-01-17T11:29:16","slug":"banco-proel-p-tecladista-mod-el30","status":"publish","type":"product","link":"https:\/\/www.mexicanguitarplayers.com\/en\/tienda\/accesorios\/para-teclados\/bancos-para-teclados\/banco-proel-p-tecladista-mod-el30\/","title":{"rendered":"PROEL BENCH FOR KEYBOARD PLAYER MOD. THE 30TH"},"content":{"rendered":"<div style=\"text-align: justify\">\n<div>\n<h3>PROEL BENCH FOR KEYBOARD PLAYER MOD. THE 30TH<\/h3>\n<\/div>\n<div>Keyboard bench, height adjustable, 3 positions, base: 450 mm, minimum height: 490 mm, maximum height: 560 mm, seat: 400 x 300 mm, weight: 3 kg, maximum load: 100 kg.<\/div>\n<\/div>","protected":false},"excerpt":{"rendered":"<p>Banco para tecladista, altura ajustable, 3 posiciones, base: 450 mm, altura m\u00ednima: 490 mm, altura m\u00e1xima: 560 mm, asiento: 400 x 300 mm, peso: 3 kg, carga m\u00e1xima: 100 kg.&hellip; <a class=\"kt-excerpt-readmore more-link\" href=\"https:\/\/www.mexicanguitarplayers.com\/en\/tienda\/accesorios\/para-teclados\/bancos-para-teclados\/banco-proel-p-tecladista-mod-el30\/\">Read more<\/a><\/p>","protected":false},"featured_media":16736,"comment_status":"open","ping_status":"closed","template":"","meta":{"kt_blocks_editor_width":""},"pwb-brand":[252],"product_brand":[],"product_cat":[85,596,412],"product_tag":[],"class_list":{"0":"post-16737","1":"product","2":"type-product","3":"status-publish","4":"has-post-thumbnail","6":"pwb-brand-proel","7":"product_cat-accesorios","8":"product_cat-bancos-para-teclados","9":"product_cat-para-teclados","10":"product_shipping_class-0-5-kg","12":"first","13":"instock","14":"taxable","15":"shipping-taxable","16":"purchasable","17":"product-type-simple"},"yoast_head":"<!-- This site is optimized with the Yoast SEO plugin v27.3 - https:\/\/yoast.com\/product\/yoast-seo-wordpress\/ -->\n<title>BANCO PROEL P\/TECLADISTA MOD. EL30 - Mexican Guitar Players<\/title>\n<meta name=\"description\" content=\"BANCO PROEL P\/TECLADISTA MOD. EL30. Banco para tecladista, altura ajustable, 3 posiciones, base: 450 mm, altura m\u00ednima: 490 mm, altura m\u00e1xima: 560 mm, asiento: 400 x 300 mm, peso: 3 kg, carga m\u00e1xima: 100 kg.\" \/>\n<meta name=\"robots\" content=\"index, follow, max-snippet:-1, max-image-preview:large, max-video-preview:-1\" \/>\n<link rel=\"canonical\" href=\"https:\/\/www.mexicanguitarplayers.com\/en\/tienda\/accesorios\/para-teclados\/bancos-para-teclados\/banco-proel-p-tecladista-mod-el30\/\" \/>\n<meta property=\"og:locale\" content=\"en_US\" \/>\n<meta property=\"og:type\" content=\"article\" \/>\n<meta property=\"og:title\" content=\"BANCO PROEL P\/TECLADISTA MOD. EL30 - Mexican Guitar Players\" \/>\n<meta property=\"og:description\" content=\"BANCO PROEL P\/TECLADISTA MOD. EL30. Banco para tecladista, altura ajustable, 3 posiciones, base: 450 mm, altura m\u00ednima: 490 mm, altura m\u00e1xima: 560 mm, asiento: 400 x 300 mm, peso: 3 kg, carga m\u00e1xima: 100 kg.\" \/>\n<meta property=\"og:url\" content=\"https:\/\/www.mexicanguitarplayers.com\/en\/tienda\/accesorios\/para-teclados\/bancos-para-teclados\/banco-proel-p-tecladista-mod-el30\/\" \/>\n<meta property=\"og:site_name\" content=\"Mexican Guitar Players\" \/>\n<meta property=\"article:modified_time\" content=\"2026-01-17T11:29:16+00:00\" \/>\n<meta property=\"og:image\" content=\"https:\/\/www.mexicanguitarplayers.com\/wp-content\/uploads\/2022\/08\/VAPREEL30.jpg\" \/>\n\t<meta property=\"og:image:width\" content=\"1200\" \/>\n\t<meta property=\"og:image:height\" content=\"1200\" \/>\n\t<meta property=\"og:image:type\" content=\"image\/jpeg\" \/>\n<meta name=\"twitter:card\" content=\"summary_large_image\" \/>\n<script type=\"application\/ld+json\" class=\"yoast-schema-graph\">{\"@context\":\"https:\\\/\\\/schema.org\",\"@graph\":[{\"@type\":[\"WebPage\",\"ItemPage\"],\"@id\":\"https:\\\/\\\/www.mexicanguitarplayers.com\\\/tienda\\\/accesorios\\\/para-teclados\\\/bancos-para-teclados\\\/banco-proel-p-tecladista-mod-el30\\\/\",\"url\":\"https:\\\/\\\/www.mexicanguitarplayers.com\\\/tienda\\\/accesorios\\\/para-teclados\\\/bancos-para-teclados\\\/banco-proel-p-tecladista-mod-el30\\\/\",\"name\":\"BANCO PROEL P\\\/TECLADISTA MOD. EL30 - Mexican Guitar Players\",\"isPartOf\":{\"@id\":\"https:\\\/\\\/www.mexicanguitarplayers.com\\\/#website\"},\"primaryImageOfPage\":{\"@id\":\"https:\\\/\\\/www.mexicanguitarplayers.com\\\/tienda\\\/accesorios\\\/para-teclados\\\/bancos-para-teclados\\\/banco-proel-p-tecladista-mod-el30\\\/#primaryimage\"},\"image\":{\"@id\":\"https:\\\/\\\/www.mexicanguitarplayers.com\\\/tienda\\\/accesorios\\\/para-teclados\\\/bancos-para-teclados\\\/banco-proel-p-tecladista-mod-el30\\\/#primaryimage\"},\"thumbnailUrl\":\"https:\\\/\\\/www.mexicanguitarplayers.com\\\/wp-content\\\/uploads\\\/2022\\\/08\\\/VAPREEL30.jpg\",\"datePublished\":\"2022-08-18T22:21:01+00:00\",\"dateModified\":\"2026-01-17T11:29:16+00:00\",\"description\":\"BANCO PROEL P\\\/TECLADISTA MOD. EL30. Banco para tecladista, altura ajustable, 3 posiciones, base: 450 mm, altura m\u00ednima: 490 mm, altura m\u00e1xima: 560 mm, asiento: 400 x 300 mm, peso: 3 kg, carga m\u00e1xima: 100 kg.\",\"breadcrumb\":{\"@id\":\"https:\\\/\\\/www.mexicanguitarplayers.com\\\/tienda\\\/accesorios\\\/para-teclados\\\/bancos-para-teclados\\\/banco-proel-p-tecladista-mod-el30\\\/#breadcrumb\"},\"inLanguage\":\"en-US\",\"potentialAction\":[{\"@type\":\"ReadAction\",\"target\":[\"https:\\\/\\\/www.mexicanguitarplayers.com\\\/tienda\\\/accesorios\\\/para-teclados\\\/bancos-para-teclados\\\/banco-proel-p-tecladista-mod-el30\\\/\"]}]},{\"@type\":\"ImageObject\",\"inLanguage\":\"en-US\",\"@id\":\"https:\\\/\\\/www.mexicanguitarplayers.com\\\/tienda\\\/accesorios\\\/para-teclados\\\/bancos-para-teclados\\\/banco-proel-p-tecladista-mod-el30\\\/#primaryimage\",\"url\":\"https:\\\/\\\/www.mexicanguitarplayers.com\\\/wp-content\\\/uploads\\\/2022\\\/08\\\/VAPREEL30.jpg\",\"contentUrl\":\"https:\\\/\\\/www.mexicanguitarplayers.com\\\/wp-content\\\/uploads\\\/2022\\\/08\\\/VAPREEL30.jpg\",\"width\":1200,\"height\":1200},{\"@type\":\"BreadcrumbList\",\"@id\":\"https:\\\/\\\/www.mexicanguitarplayers.com\\\/tienda\\\/accesorios\\\/para-teclados\\\/bancos-para-teclados\\\/banco-proel-p-tecladista-mod-el30\\\/#breadcrumb\",\"itemListElement\":[{\"@type\":\"ListItem\",\"position\":1,\"name\":\"Portada\",\"item\":\"https:\\\/\\\/www.mexicanguitarplayers.com\\\/\"},{\"@type\":\"ListItem\",\"position\":2,\"name\":\"Tienda\",\"item\":\"https:\\\/\\\/www.mexicanguitarplayers.com\\\/tienda\\\/\"},{\"@type\":\"ListItem\",\"position\":3,\"name\":\"BANCO PROEL P\\\/TECLADISTA MOD. EL30\"}]},{\"@type\":\"WebSite\",\"@id\":\"https:\\\/\\\/www.mexicanguitarplayers.com\\\/#website\",\"url\":\"https:\\\/\\\/www.mexicanguitarplayers.com\\\/\",\"name\":\"Mexican Guitar Players\",\"description\":\"Website\",\"publisher\":{\"@id\":\"https:\\\/\\\/www.mexicanguitarplayers.com\\\/#organization\"},\"potentialAction\":[{\"@type\":\"SearchAction\",\"target\":{\"@type\":\"EntryPoint\",\"urlTemplate\":\"https:\\\/\\\/www.mexicanguitarplayers.com\\\/?s={search_term_string}\"},\"query-input\":{\"@type\":\"PropertyValueSpecification\",\"valueRequired\":true,\"valueName\":\"search_term_string\"}}],\"inLanguage\":\"en-US\"},{\"@type\":\"Organization\",\"@id\":\"https:\\\/\\\/www.mexicanguitarplayers.com\\\/#organization\",\"name\":\"Mexican Guitar Players\",\"url\":\"https:\\\/\\\/www.mexicanguitarplayers.com\\\/\",\"logo\":{\"@type\":\"ImageObject\",\"inLanguage\":\"en-US\",\"@id\":\"https:\\\/\\\/www.mexicanguitarplayers.com\\\/#\\\/schema\\\/logo\\\/image\\\/\",\"url\":\"\",\"contentUrl\":\"\",\"caption\":\"Mexican Guitar Players\"},\"image\":{\"@id\":\"https:\\\/\\\/www.mexicanguitarplayers.com\\\/#\\\/schema\\\/logo\\\/image\\\/\"}}]}<\/script>\n<!-- \/ Yoast SEO plugin. -->","yoast_head_json":{"title":"BANCO PROEL P\/TECLADISTA MOD. EL30 - Mexican Guitar Players","description":"BANCO PROEL P\/TECLADISTA MOD. EL30. Banco para tecladista, altura ajustable, 3 posiciones, base: 450 mm, altura m\u00ednima: 490 mm, altura m\u00e1xima: 560 mm, asiento: 400 x 300 mm, peso: 3 kg, carga m\u00e1xima: 100 kg.","robots":{"index":"index","follow":"follow","max-snippet":"max-snippet:-1","max-image-preview":"max-image-preview:large","max-video-preview":"max-video-preview:-1"},"canonical":"https:\/\/www.mexicanguitarplayers.com\/en\/tienda\/accesorios\/para-teclados\/bancos-para-teclados\/banco-proel-p-tecladista-mod-el30\/","og_locale":"en_US","og_type":"article","og_title":"BANCO PROEL P\/TECLADISTA MOD. EL30 - Mexican Guitar Players","og_description":"BANCO PROEL P\/TECLADISTA MOD. EL30. Banco para tecladista, altura ajustable, 3 posiciones, base: 450 mm, altura m\u00ednima: 490 mm, altura m\u00e1xima: 560 mm, asiento: 400 x 300 mm, peso: 3 kg, carga m\u00e1xima: 100 kg.","og_url":"https:\/\/www.mexicanguitarplayers.com\/en\/tienda\/accesorios\/para-teclados\/bancos-para-teclados\/banco-proel-p-tecladista-mod-el30\/","og_site_name":"Mexican Guitar Players","article_modified_time":"2026-01-17T11:29:16+00:00","og_image":[{"width":1200,"height":1200,"url":"https:\/\/www.mexicanguitarplayers.com\/wp-content\/uploads\/2022\/08\/VAPREEL30.jpg","type":"image\/jpeg"}],"twitter_card":"summary_large_image","schema":{"@context":"https:\/\/schema.org","@graph":[{"@type":["WebPage","ItemPage"],"@id":"https:\/\/www.mexicanguitarplayers.com\/tienda\/accesorios\/para-teclados\/bancos-para-teclados\/banco-proel-p-tecladista-mod-el30\/","url":"https:\/\/www.mexicanguitarplayers.com\/tienda\/accesorios\/para-teclados\/bancos-para-teclados\/banco-proel-p-tecladista-mod-el30\/","name":"BANCO PROEL P\/TECLADISTA MOD. EL30 - Mexican Guitar Players","isPartOf":{"@id":"https:\/\/www.mexicanguitarplayers.com\/#website"},"primaryImageOfPage":{"@id":"https:\/\/www.mexicanguitarplayers.com\/tienda\/accesorios\/para-teclados\/bancos-para-teclados\/banco-proel-p-tecladista-mod-el30\/#primaryimage"},"image":{"@id":"https:\/\/www.mexicanguitarplayers.com\/tienda\/accesorios\/para-teclados\/bancos-para-teclados\/banco-proel-p-tecladista-mod-el30\/#primaryimage"},"thumbnailUrl":"https:\/\/www.mexicanguitarplayers.com\/wp-content\/uploads\/2022\/08\/VAPREEL30.jpg","datePublished":"2022-08-18T22:21:01+00:00","dateModified":"2026-01-17T11:29:16+00:00","description":"BANCO PROEL P\/TECLADISTA MOD. EL30. Banco para tecladista, altura ajustable, 3 posiciones, base: 450 mm, altura m\u00ednima: 490 mm, altura m\u00e1xima: 560 mm, asiento: 400 x 300 mm, peso: 3 kg, carga m\u00e1xima: 100 kg.","breadcrumb":{"@id":"https:\/\/www.mexicanguitarplayers.com\/tienda\/accesorios\/para-teclados\/bancos-para-teclados\/banco-proel-p-tecladista-mod-el30\/#breadcrumb"},"inLanguage":"en-US","potentialAction":[{"@type":"ReadAction","target":["https:\/\/www.mexicanguitarplayers.com\/tienda\/accesorios\/para-teclados\/bancos-para-teclados\/banco-proel-p-tecladista-mod-el30\/"]}]},{"@type":"ImageObject","inLanguage":"en-US","@id":"https:\/\/www.mexicanguitarplayers.com\/tienda\/accesorios\/para-teclados\/bancos-para-teclados\/banco-proel-p-tecladista-mod-el30\/#primaryimage","url":"https:\/\/www.mexicanguitarplayers.com\/wp-content\/uploads\/2022\/08\/VAPREEL30.jpg","contentUrl":"https:\/\/www.mexicanguitarplayers.com\/wp-content\/uploads\/2022\/08\/VAPREEL30.jpg","width":1200,"height":1200},{"@type":"BreadcrumbList","@id":"https:\/\/www.mexicanguitarplayers.com\/tienda\/accesorios\/para-teclados\/bancos-para-teclados\/banco-proel-p-tecladista-mod-el30\/#breadcrumb","itemListElement":[{"@type":"ListItem","position":1,"name":"Portada","item":"https:\/\/www.mexicanguitarplayers.com\/"},{"@type":"ListItem","position":2,"name":"Tienda","item":"https:\/\/www.mexicanguitarplayers.com\/tienda\/"},{"@type":"ListItem","position":3,"name":"BANCO PROEL P\/TECLADISTA MOD. EL30"}]},{"@type":"WebSite","@id":"https:\/\/www.mexicanguitarplayers.com\/#website","url":"https:\/\/www.mexicanguitarplayers.com\/","name":"Mexican Guitar Players","description":"Website","publisher":{"@id":"https:\/\/www.mexicanguitarplayers.com\/#organization"},"potentialAction":[{"@type":"SearchAction","target":{"@type":"EntryPoint","urlTemplate":"https:\/\/www.mexicanguitarplayers.com\/?s={search_term_string}"},"query-input":{"@type":"PropertyValueSpecification","valueRequired":true,"valueName":"search_term_string"}}],"inLanguage":"en-US"},{"@type":"Organization","@id":"https:\/\/www.mexicanguitarplayers.com\/#organization","name":"Mexican Guitar Players","url":"https:\/\/www.mexicanguitarplayers.com\/","logo":{"@type":"ImageObject","inLanguage":"en-US","@id":"https:\/\/www.mexicanguitarplayers.com\/#\/schema\/logo\/image\/","url":"","contentUrl":"","caption":"Mexican Guitar Players"},"image":{"@id":"https:\/\/www.mexicanguitarplayers.com\/#\/schema\/logo\/image\/"}}]}},"brands":[{"id":252,"name":"PROEL","slug":"proel"}],"_links":{"self":[{"href":"https:\/\/www.mexicanguitarplayers.com\/en\/wp-json\/wp\/v2\/product\/16737","targetHints":{"allow":["GET"]}}],"collection":[{"href":"https:\/\/www.mexicanguitarplayers.com\/en\/wp-json\/wp\/v2\/product"}],"about":[{"href":"https:\/\/www.mexicanguitarplayers.com\/en\/wp-json\/wp\/v2\/types\/product"}],"replies":[{"embeddable":true,"href":"https:\/\/www.mexicanguitarplayers.com\/en\/wp-json\/wp\/v2\/comments?post=16737"}],"wp:featuredmedia":[{"embeddable":true,"href":"https:\/\/www.mexicanguitarplayers.com\/en\/wp-json\/wp\/v2\/media\/16736"}],"wp:attachment":[{"href":"https:\/\/www.mexicanguitarplayers.com\/en\/wp-json\/wp\/v2\/media?parent=16737"}],"wp:term":[{"taxonomy":"pwb-brand","embeddable":true,"href":"https:\/\/www.mexicanguitarplayers.com\/en\/wp-json\/wp\/v2\/pwb-brand?post=16737"},{"taxonomy":"product_brand","embeddable":true,"href":"https:\/\/www.mexicanguitarplayers.com\/en\/wp-json\/wp\/v2\/product_brand?post=16737"},{"taxonomy":"product_cat","embeddable":true,"href":"https:\/\/www.mexicanguitarplayers.com\/en\/wp-json\/wp\/v2\/product_cat?post=16737"},{"taxonomy":"product_tag","embeddable":true,"href":"https:\/\/www.mexicanguitarplayers.com\/en\/wp-json\/wp\/v2\/product_tag?post=16737"}],"curies":[{"name":"wp","href":"https:\/\/api.w.org\/{rel}","templated":true}]}}