{"id":16769,"date":"2022-08-18T17:21:51","date_gmt":"2022-08-18T22:21:51","guid":{"rendered":"https:\/\/www.mexicanguitarplayers.com\/tienda\/sin%20categor\u00eda\/funda-proel-p-guit-clasica-focgbag\/"},"modified":"2026-04-10T05:03:58","modified_gmt":"2026-04-10T11:03:58","slug":"funda-proel-p-guit-clasica-focgbag","status":"publish","type":"product","link":"https:\/\/www.mexicanguitarplayers.com\/en\/tienda\/accesorios\/estuches-y-fundas\/para-guitarra\/para-guitarra-clasica\/funda-proel-p-guit-clasica-focgbag\/","title":{"rendered":"PROEL P\/GUIT COVER. CLASSIC FOCGBAG"},"content":{"rendered":"<div style=\"text-align: justify\">\n<div>\n<h3>PROEL P\/GUIT COVER. CLASSIC FOCGBAG<\/h3>\n<\/div>\n<div>Proel case for classical guitar. Model: FOCGBAG. Made of high-resistance nylon with lightweight, high-density padding to protect your guitar from the common damage caused by the daily transportation of your instrument. External waterproof 1680D polyester. 15 mm high density foam padding. Padded adjustable straps. Internal reinforcements in the headstock and bridge areas. High quality hinges.<\/div>\n<\/div>","protected":false},"excerpt":{"rendered":"<p>Funda Proel para guitarra cl\u00e1sica. Modelo: FOCGBAG. Fabricada con nylon de altaresistencia con acojinamiento ligero y de alta densidad para proteger tu guitarra de los da\u00f1os comunes ocasionados por la transportaci\u00f3n diaria de tu instrumento. Poli\u00e9ster externo 1680D a prueba de agua. Relleno de espuma de 15 mm de altadensidad. Correas ajustables acolchadas. Refuerzos internos en las \u00e1reas del clavijero y el puente. Bisagras de alta calidad.&hellip; <a class=\"kt-excerpt-readmore more-link\" href=\"https:\/\/www.mexicanguitarplayers.com\/en\/tienda\/accesorios\/estuches-y-fundas\/para-guitarra\/para-guitarra-clasica\/funda-proel-p-guit-clasica-focgbag\/\">Read more<\/a><\/p>","protected":false},"featured_media":16768,"comment_status":"open","ping_status":"closed","template":"","meta":{"kt_blocks_editor_width":""},"pwb-brand":[252],"product_brand":[],"product_cat":[85,517,566,577],"product_tag":[],"class_list":{"0":"post-16769","1":"product","2":"type-product","3":"status-publish","4":"has-post-thumbnail","6":"pwb-brand-proel","7":"product_cat-accesorios","8":"product_cat-estuches-y-fundas","9":"product_cat-para-guitarra","10":"product_cat-para-guitarra-clasica","11":"product_shipping_class-5-10-kg","13":"first","14":"outofstock","15":"taxable","16":"shipping-taxable","17":"purchasable","18":"product-type-simple"},"yoast_head":"<!-- This site is optimized with the Yoast SEO plugin v27.5 - https:\/\/yoast.com\/product\/yoast-seo-wordpress\/ -->\n<title>FUNDA PROEL P\/GUIT. CLASICA FOCGBAG - Mexican Guitar Players<\/title>\n<meta name=\"description\" content=\"FUNDA PROEL P\/GUIT. CLASICA FOCGBAG. Funda Proel para guitarra cl\u00e1sica. Modelo: FOCGBAG. Fabricada con nylon de altaresistencia con acojinamiento ligero y de alta densidad para proteger tu guitarra de los da\u00f1os comunes ocasionados por la transportaci\u00f3n diaria de tu instrumento. Poli\u00e9ster externo 1680D a prueba de agua. Relleno de espuma de 15 mm de altadensidad. Correas ajustables acolchadas. Refuerzos internos en las \u00e1reas del clavijero y el puente. Bisagras de alta calidad.\" \/>\n<meta name=\"robots\" content=\"index, follow, max-snippet:-1, max-image-preview:large, max-video-preview:-1\" \/>\n<link rel=\"canonical\" href=\"https:\/\/www.mexicanguitarplayers.com\/en\/tienda\/accesorios\/estuches-y-fundas\/para-guitarra\/para-guitarra-clasica\/funda-proel-p-guit-clasica-focgbag\/\" \/>\n<meta property=\"og:locale\" content=\"en_US\" \/>\n<meta property=\"og:type\" content=\"article\" \/>\n<meta property=\"og:title\" content=\"FUNDA PROEL P\/GUIT. CLASICA FOCGBAG - Mexican Guitar Players\" \/>\n<meta property=\"og:description\" content=\"FUNDA PROEL P\/GUIT. CLASICA FOCGBAG. Funda Proel para guitarra cl\u00e1sica. Modelo: FOCGBAG. Fabricada con nylon de altaresistencia con acojinamiento ligero y de alta densidad para proteger tu guitarra de los da\u00f1os comunes ocasionados por la transportaci\u00f3n diaria de tu instrumento. Poli\u00e9ster externo 1680D a prueba de agua. Relleno de espuma de 15 mm de altadensidad. Correas ajustables acolchadas. Refuerzos internos en las \u00e1reas del clavijero y el puente. Bisagras de alta calidad.\" \/>\n<meta property=\"og:url\" content=\"https:\/\/www.mexicanguitarplayers.com\/en\/tienda\/accesorios\/estuches-y-fundas\/para-guitarra\/para-guitarra-clasica\/funda-proel-p-guit-clasica-focgbag\/\" \/>\n<meta property=\"og:site_name\" content=\"Mexican Guitar Players\" \/>\n<meta property=\"article:modified_time\" content=\"2026-04-10T11:03:58+00:00\" \/>\n<meta property=\"og:image\" content=\"https:\/\/www.mexicanguitarplayers.com\/wp-content\/uploads\/2022\/08\/VAPREFOCGBAG.jpg\" \/>\n\t<meta property=\"og:image:width\" content=\"1200\" \/>\n\t<meta property=\"og:image:height\" content=\"1200\" \/>\n\t<meta property=\"og:image:type\" content=\"image\/jpeg\" \/>\n<meta name=\"twitter:card\" content=\"summary_large_image\" \/>\n<script type=\"application\/ld+json\" class=\"yoast-schema-graph\">{\"@context\":\"https:\\\/\\\/schema.org\",\"@graph\":[{\"@type\":[\"WebPage\",\"ItemPage\"],\"@id\":\"https:\\\/\\\/www.mexicanguitarplayers.com\\\/tienda\\\/accesorios\\\/estuches-y-fundas\\\/para-guitarra\\\/para-guitarra-clasica\\\/funda-proel-p-guit-clasica-focgbag\\\/\",\"url\":\"https:\\\/\\\/www.mexicanguitarplayers.com\\\/tienda\\\/accesorios\\\/estuches-y-fundas\\\/para-guitarra\\\/para-guitarra-clasica\\\/funda-proel-p-guit-clasica-focgbag\\\/\",\"name\":\"FUNDA PROEL P\\\/GUIT. CLASICA FOCGBAG - Mexican Guitar Players\",\"isPartOf\":{\"@id\":\"https:\\\/\\\/www.mexicanguitarplayers.com\\\/#website\"},\"primaryImageOfPage\":{\"@id\":\"https:\\\/\\\/www.mexicanguitarplayers.com\\\/tienda\\\/accesorios\\\/estuches-y-fundas\\\/para-guitarra\\\/para-guitarra-clasica\\\/funda-proel-p-guit-clasica-focgbag\\\/#primaryimage\"},\"image\":{\"@id\":\"https:\\\/\\\/www.mexicanguitarplayers.com\\\/tienda\\\/accesorios\\\/estuches-y-fundas\\\/para-guitarra\\\/para-guitarra-clasica\\\/funda-proel-p-guit-clasica-focgbag\\\/#primaryimage\"},\"thumbnailUrl\":\"https:\\\/\\\/www.mexicanguitarplayers.com\\\/wp-content\\\/uploads\\\/2022\\\/08\\\/VAPREFOCGBAG.jpg\",\"datePublished\":\"2022-08-18T22:21:51+00:00\",\"dateModified\":\"2026-04-10T11:03:58+00:00\",\"description\":\"FUNDA PROEL P\\\/GUIT. CLASICA FOCGBAG. Funda Proel para guitarra cl\u00e1sica. Modelo: FOCGBAG. Fabricada con nylon de altaresistencia con acojinamiento ligero y de alta densidad para proteger tu guitarra de los da\u00f1os comunes ocasionados por la transportaci\u00f3n diaria de tu instrumento. Poli\u00e9ster externo 1680D a prueba de agua. Relleno de espuma de 15 mm de altadensidad. Correas ajustables acolchadas. Refuerzos internos en las \u00e1reas del clavijero y el puente. Bisagras de alta calidad.\",\"breadcrumb\":{\"@id\":\"https:\\\/\\\/www.mexicanguitarplayers.com\\\/tienda\\\/accesorios\\\/estuches-y-fundas\\\/para-guitarra\\\/para-guitarra-clasica\\\/funda-proel-p-guit-clasica-focgbag\\\/#breadcrumb\"},\"inLanguage\":\"en-US\",\"potentialAction\":[{\"@type\":\"ReadAction\",\"target\":[\"https:\\\/\\\/www.mexicanguitarplayers.com\\\/tienda\\\/accesorios\\\/estuches-y-fundas\\\/para-guitarra\\\/para-guitarra-clasica\\\/funda-proel-p-guit-clasica-focgbag\\\/\"]}]},{\"@type\":\"ImageObject\",\"inLanguage\":\"en-US\",\"@id\":\"https:\\\/\\\/www.mexicanguitarplayers.com\\\/tienda\\\/accesorios\\\/estuches-y-fundas\\\/para-guitarra\\\/para-guitarra-clasica\\\/funda-proel-p-guit-clasica-focgbag\\\/#primaryimage\",\"url\":\"https:\\\/\\\/www.mexicanguitarplayers.com\\\/wp-content\\\/uploads\\\/2022\\\/08\\\/VAPREFOCGBAG.jpg\",\"contentUrl\":\"https:\\\/\\\/www.mexicanguitarplayers.com\\\/wp-content\\\/uploads\\\/2022\\\/08\\\/VAPREFOCGBAG.jpg\",\"width\":1200,\"height\":1200},{\"@type\":\"BreadcrumbList\",\"@id\":\"https:\\\/\\\/www.mexicanguitarplayers.com\\\/tienda\\\/accesorios\\\/estuches-y-fundas\\\/para-guitarra\\\/para-guitarra-clasica\\\/funda-proel-p-guit-clasica-focgbag\\\/#breadcrumb\",\"itemListElement\":[{\"@type\":\"ListItem\",\"position\":1,\"name\":\"Portada\",\"item\":\"https:\\\/\\\/www.mexicanguitarplayers.com\\\/\"},{\"@type\":\"ListItem\",\"position\":2,\"name\":\"Tienda\",\"item\":\"https:\\\/\\\/www.mexicanguitarplayers.com\\\/tienda\\\/\"},{\"@type\":\"ListItem\",\"position\":3,\"name\":\"FUNDA PROEL P\\\/GUIT. CLASICA FOCGBAG\"}]},{\"@type\":\"WebSite\",\"@id\":\"https:\\\/\\\/www.mexicanguitarplayers.com\\\/#website\",\"url\":\"https:\\\/\\\/www.mexicanguitarplayers.com\\\/\",\"name\":\"Mexican Guitar Players\",\"description\":\"Website\",\"publisher\":{\"@id\":\"https:\\\/\\\/www.mexicanguitarplayers.com\\\/#organization\"},\"potentialAction\":[{\"@type\":\"SearchAction\",\"target\":{\"@type\":\"EntryPoint\",\"urlTemplate\":\"https:\\\/\\\/www.mexicanguitarplayers.com\\\/?s={search_term_string}\"},\"query-input\":{\"@type\":\"PropertyValueSpecification\",\"valueRequired\":true,\"valueName\":\"search_term_string\"}}],\"inLanguage\":\"en-US\"},{\"@type\":\"Organization\",\"@id\":\"https:\\\/\\\/www.mexicanguitarplayers.com\\\/#organization\",\"name\":\"Mexican Guitar Players\",\"url\":\"https:\\\/\\\/www.mexicanguitarplayers.com\\\/\",\"logo\":{\"@type\":\"ImageObject\",\"inLanguage\":\"en-US\",\"@id\":\"https:\\\/\\\/www.mexicanguitarplayers.com\\\/#\\\/schema\\\/logo\\\/image\\\/\",\"url\":\"\",\"contentUrl\":\"\",\"caption\":\"Mexican Guitar Players\"},\"image\":{\"@id\":\"https:\\\/\\\/www.mexicanguitarplayers.com\\\/#\\\/schema\\\/logo\\\/image\\\/\"}}]}<\/script>\n<!-- \/ Yoast SEO plugin. -->","yoast_head_json":{"title":"FUNDA PROEL P\/GUIT. CLASICA FOCGBAG - Mexican Guitar Players","description":"FUNDA PROEL P\/GUIT. CLASICA FOCGBAG. Funda Proel para guitarra cl\u00e1sica. Modelo: FOCGBAG. Fabricada con nylon de altaresistencia con acojinamiento ligero y de alta densidad para proteger tu guitarra de los da\u00f1os comunes ocasionados por la transportaci\u00f3n diaria de tu instrumento. Poli\u00e9ster externo 1680D a prueba de agua. Relleno de espuma de 15 mm de altadensidad. Correas ajustables acolchadas. Refuerzos internos en las \u00e1reas del clavijero y el puente. Bisagras de alta calidad.","robots":{"index":"index","follow":"follow","max-snippet":"max-snippet:-1","max-image-preview":"max-image-preview:large","max-video-preview":"max-video-preview:-1"},"canonical":"https:\/\/www.mexicanguitarplayers.com\/en\/tienda\/accesorios\/estuches-y-fundas\/para-guitarra\/para-guitarra-clasica\/funda-proel-p-guit-clasica-focgbag\/","og_locale":"en_US","og_type":"article","og_title":"FUNDA PROEL P\/GUIT. CLASICA FOCGBAG - Mexican Guitar Players","og_description":"FUNDA PROEL P\/GUIT. CLASICA FOCGBAG. Funda Proel para guitarra cl\u00e1sica. Modelo: FOCGBAG. Fabricada con nylon de altaresistencia con acojinamiento ligero y de alta densidad para proteger tu guitarra de los da\u00f1os comunes ocasionados por la transportaci\u00f3n diaria de tu instrumento. Poli\u00e9ster externo 1680D a prueba de agua. Relleno de espuma de 15 mm de altadensidad. Correas ajustables acolchadas. Refuerzos internos en las \u00e1reas del clavijero y el puente. Bisagras de alta calidad.","og_url":"https:\/\/www.mexicanguitarplayers.com\/en\/tienda\/accesorios\/estuches-y-fundas\/para-guitarra\/para-guitarra-clasica\/funda-proel-p-guit-clasica-focgbag\/","og_site_name":"Mexican Guitar Players","article_modified_time":"2026-04-10T11:03:58+00:00","og_image":[{"width":1200,"height":1200,"url":"https:\/\/www.mexicanguitarplayers.com\/wp-content\/uploads\/2022\/08\/VAPREFOCGBAG.jpg","type":"image\/jpeg"}],"twitter_card":"summary_large_image","schema":{"@context":"https:\/\/schema.org","@graph":[{"@type":["WebPage","ItemPage"],"@id":"https:\/\/www.mexicanguitarplayers.com\/tienda\/accesorios\/estuches-y-fundas\/para-guitarra\/para-guitarra-clasica\/funda-proel-p-guit-clasica-focgbag\/","url":"https:\/\/www.mexicanguitarplayers.com\/tienda\/accesorios\/estuches-y-fundas\/para-guitarra\/para-guitarra-clasica\/funda-proel-p-guit-clasica-focgbag\/","name":"FUNDA PROEL P\/GUIT. CLASICA FOCGBAG - Mexican Guitar Players","isPartOf":{"@id":"https:\/\/www.mexicanguitarplayers.com\/#website"},"primaryImageOfPage":{"@id":"https:\/\/www.mexicanguitarplayers.com\/tienda\/accesorios\/estuches-y-fundas\/para-guitarra\/para-guitarra-clasica\/funda-proel-p-guit-clasica-focgbag\/#primaryimage"},"image":{"@id":"https:\/\/www.mexicanguitarplayers.com\/tienda\/accesorios\/estuches-y-fundas\/para-guitarra\/para-guitarra-clasica\/funda-proel-p-guit-clasica-focgbag\/#primaryimage"},"thumbnailUrl":"https:\/\/www.mexicanguitarplayers.com\/wp-content\/uploads\/2022\/08\/VAPREFOCGBAG.jpg","datePublished":"2022-08-18T22:21:51+00:00","dateModified":"2026-04-10T11:03:58+00:00","description":"FUNDA PROEL P\/GUIT. CLASICA FOCGBAG. Funda Proel para guitarra cl\u00e1sica. Modelo: FOCGBAG. Fabricada con nylon de altaresistencia con acojinamiento ligero y de alta densidad para proteger tu guitarra de los da\u00f1os comunes ocasionados por la transportaci\u00f3n diaria de tu instrumento. Poli\u00e9ster externo 1680D a prueba de agua. Relleno de espuma de 15 mm de altadensidad. Correas ajustables acolchadas. Refuerzos internos en las \u00e1reas del clavijero y el puente. Bisagras de alta calidad.","breadcrumb":{"@id":"https:\/\/www.mexicanguitarplayers.com\/tienda\/accesorios\/estuches-y-fundas\/para-guitarra\/para-guitarra-clasica\/funda-proel-p-guit-clasica-focgbag\/#breadcrumb"},"inLanguage":"en-US","potentialAction":[{"@type":"ReadAction","target":["https:\/\/www.mexicanguitarplayers.com\/tienda\/accesorios\/estuches-y-fundas\/para-guitarra\/para-guitarra-clasica\/funda-proel-p-guit-clasica-focgbag\/"]}]},{"@type":"ImageObject","inLanguage":"en-US","@id":"https:\/\/www.mexicanguitarplayers.com\/tienda\/accesorios\/estuches-y-fundas\/para-guitarra\/para-guitarra-clasica\/funda-proel-p-guit-clasica-focgbag\/#primaryimage","url":"https:\/\/www.mexicanguitarplayers.com\/wp-content\/uploads\/2022\/08\/VAPREFOCGBAG.jpg","contentUrl":"https:\/\/www.mexicanguitarplayers.com\/wp-content\/uploads\/2022\/08\/VAPREFOCGBAG.jpg","width":1200,"height":1200},{"@type":"BreadcrumbList","@id":"https:\/\/www.mexicanguitarplayers.com\/tienda\/accesorios\/estuches-y-fundas\/para-guitarra\/para-guitarra-clasica\/funda-proel-p-guit-clasica-focgbag\/#breadcrumb","itemListElement":[{"@type":"ListItem","position":1,"name":"Portada","item":"https:\/\/www.mexicanguitarplayers.com\/"},{"@type":"ListItem","position":2,"name":"Tienda","item":"https:\/\/www.mexicanguitarplayers.com\/tienda\/"},{"@type":"ListItem","position":3,"name":"FUNDA PROEL P\/GUIT. CLASICA FOCGBAG"}]},{"@type":"WebSite","@id":"https:\/\/www.mexicanguitarplayers.com\/#website","url":"https:\/\/www.mexicanguitarplayers.com\/","name":"Mexican Guitar Players","description":"Website","publisher":{"@id":"https:\/\/www.mexicanguitarplayers.com\/#organization"},"potentialAction":[{"@type":"SearchAction","target":{"@type":"EntryPoint","urlTemplate":"https:\/\/www.mexicanguitarplayers.com\/?s={search_term_string}"},"query-input":{"@type":"PropertyValueSpecification","valueRequired":true,"valueName":"search_term_string"}}],"inLanguage":"en-US"},{"@type":"Organization","@id":"https:\/\/www.mexicanguitarplayers.com\/#organization","name":"Mexican Guitar Players","url":"https:\/\/www.mexicanguitarplayers.com\/","logo":{"@type":"ImageObject","inLanguage":"en-US","@id":"https:\/\/www.mexicanguitarplayers.com\/#\/schema\/logo\/image\/","url":"","contentUrl":"","caption":"Mexican Guitar Players"},"image":{"@id":"https:\/\/www.mexicanguitarplayers.com\/#\/schema\/logo\/image\/"}}]}},"brands":[{"id":252,"name":"PROEL","slug":"proel"}],"_links":{"self":[{"href":"https:\/\/www.mexicanguitarplayers.com\/en\/wp-json\/wp\/v2\/product\/16769","targetHints":{"allow":["GET"]}}],"collection":[{"href":"https:\/\/www.mexicanguitarplayers.com\/en\/wp-json\/wp\/v2\/product"}],"about":[{"href":"https:\/\/www.mexicanguitarplayers.com\/en\/wp-json\/wp\/v2\/types\/product"}],"replies":[{"embeddable":true,"href":"https:\/\/www.mexicanguitarplayers.com\/en\/wp-json\/wp\/v2\/comments?post=16769"}],"wp:featuredmedia":[{"embeddable":true,"href":"https:\/\/www.mexicanguitarplayers.com\/en\/wp-json\/wp\/v2\/media\/16768"}],"wp:attachment":[{"href":"https:\/\/www.mexicanguitarplayers.com\/en\/wp-json\/wp\/v2\/media?parent=16769"}],"wp:term":[{"taxonomy":"pwb-brand","embeddable":true,"href":"https:\/\/www.mexicanguitarplayers.com\/en\/wp-json\/wp\/v2\/pwb-brand?post=16769"},{"taxonomy":"product_brand","embeddable":true,"href":"https:\/\/www.mexicanguitarplayers.com\/en\/wp-json\/wp\/v2\/product_brand?post=16769"},{"taxonomy":"product_cat","embeddable":true,"href":"https:\/\/www.mexicanguitarplayers.com\/en\/wp-json\/wp\/v2\/product_cat?post=16769"},{"taxonomy":"product_tag","embeddable":true,"href":"https:\/\/www.mexicanguitarplayers.com\/en\/wp-json\/wp\/v2\/product_tag?post=16769"}],"curies":[{"name":"wp","href":"https:\/\/api.w.org\/{rel}","templated":true}]}}