{"id":16787,"date":"2022-08-18T17:22:15","date_gmt":"2022-08-18T22:22:15","guid":{"rendered":"https:\/\/www.mexicanguitarplayers.com\/tienda\/sin%20categor\u00eda\/pedal-proel-encendido-mod-gf-22\/"},"modified":"2026-05-01T07:38:40","modified_gmt":"2026-05-01T13:38:40","slug":"pedal-proel-encendido-mod-gf-22","status":"publish","type":"product","link":"https:\/\/www.mexicanguitarplayers.com\/en\/tienda\/cuerdas\/efectos\/efectos-individuales\/pedal-proel-encendido-mod-gf-22\/","title":{"rendered":"PROEL IGNITION PEDAL MOD. GF-22"},"content":{"rendered":"<div style=\"text-align: justify\">\n<div>\n<h3>PROEL IGNITION PEDAL MOD. GF-22<\/h3>\n<\/div>\n<div>Proel on\/off guitar pedal. Model: GF-20. Golden Feet series. Self-gliding feet and recessed slots. Materials of construction: ABS thermoplastic and aluminum. Width: 98mm. Height: 45mm. Depth: 90mm. Weight: 0.16 Kg. Color: Black. Power supply: 0.3A\/30V DC or 9 volt battery (not included). Current consumption: &lt; 10mA (LED). Outputs_ NR.1 1\/4 female mono jack. Controls: LED diode.<\/div>\n<\/div>","protected":false},"excerpt":{"rendered":"<p>Pedal Proel de encendido y apagado para guitarra. Modelo: GF-20. Serie Golden Feet. Pies auto deslizantes y ranuras empotradas. Materiales de construcci\u00f3n: Termopl\u00e1stico ABS y aluminio. Ancho: 98 mm. Alto: 45 mm. Profundidad: 90 mm. Peso: 0.16 Kg. Color: Negro. Fuente de alimentaci\u00f3n: 0.3A\/30V DC o bater\u00eda de 9 volts (no incluida). Consumo de corriente: &lt; 10 mA (LED). Salidas_ NR.1 jack mono hembra de 1\/4. Controles: LED diodo.&hellip; <a class=\"kt-excerpt-readmore more-link\" href=\"https:\/\/www.mexicanguitarplayers.com\/en\/tienda\/cuerdas\/efectos\/efectos-individuales\/pedal-proel-encendido-mod-gf-22\/\">Read more<\/a><\/p>","protected":false},"featured_media":16783,"comment_status":"open","ping_status":"closed","template":"","meta":{"kt_blocks_editor_width":""},"pwb-brand":[252],"product_brand":[],"product_cat":[224,241,504],"product_tag":[],"class_list":{"0":"post-16787","1":"product","2":"type-product","3":"status-publish","4":"has-post-thumbnail","6":"pwb-brand-proel","7":"product_cat-cuerdas","8":"product_cat-efectos","9":"product_cat-efectos-individuales","10":"product_shipping_class-0-5-kg","12":"first","13":"instock","14":"taxable","15":"shipping-taxable","16":"purchasable","17":"product-type-simple"},"yoast_head":"<!-- This site is optimized with the Yoast SEO plugin v27.5 - https:\/\/yoast.com\/product\/yoast-seo-wordpress\/ -->\n<title>PEDAL PROEL ENCENDIDO MOD. GF-22 - Mexican Guitar Players<\/title>\n<meta name=\"description\" content=\"PEDAL PROEL ENCENDIDO MOD. GF-22. Pedal Proel de encendido y apagado para guitarra. Modelo: GF-20. Serie Golden Feet. Pies auto deslizantes y ranuras empotradas. Materiales de construcci\u00f3n: Termopl\u00e1stico ABS y aluminio. Ancho: 98 mm. Alto: 45 mm. Profundidad: 90 mm. Peso: 0.16 Kg. Color: Negro. Fuente de alimentaci\u00f3n: 0.3A\/30V DC o bater\u00eda de 9 volts (no incluida). Consumo de corriente: &lt; 10 mA (LED). Salidas_ NR.1 jack mono hembra de 1\/4. Controles: LED diodo.\" \/>\n<meta name=\"robots\" content=\"index, follow, max-snippet:-1, max-image-preview:large, max-video-preview:-1\" \/>\n<link rel=\"canonical\" href=\"https:\/\/www.mexicanguitarplayers.com\/en\/tienda\/cuerdas\/efectos\/efectos-individuales\/pedal-proel-encendido-mod-gf-22\/\" \/>\n<meta property=\"og:locale\" content=\"en_US\" \/>\n<meta property=\"og:type\" content=\"article\" \/>\n<meta property=\"og:title\" content=\"PEDAL PROEL ENCENDIDO MOD. GF-22 - Mexican Guitar Players\" \/>\n<meta property=\"og:description\" content=\"PEDAL PROEL ENCENDIDO MOD. GF-22. Pedal Proel de encendido y apagado para guitarra. Modelo: GF-20. Serie Golden Feet. Pies auto deslizantes y ranuras empotradas. Materiales de construcci\u00f3n: Termopl\u00e1stico ABS y aluminio. Ancho: 98 mm. Alto: 45 mm. Profundidad: 90 mm. Peso: 0.16 Kg. Color: Negro. Fuente de alimentaci\u00f3n: 0.3A\/30V DC o bater\u00eda de 9 volts (no incluida). Consumo de corriente: &lt; 10 mA (LED). Salidas_ NR.1 jack mono hembra de 1\/4. Controles: LED diodo.\" \/>\n<meta property=\"og:url\" content=\"https:\/\/www.mexicanguitarplayers.com\/en\/tienda\/cuerdas\/efectos\/efectos-individuales\/pedal-proel-encendido-mod-gf-22\/\" \/>\n<meta property=\"og:site_name\" content=\"Mexican Guitar Players\" \/>\n<meta property=\"article:modified_time\" content=\"2026-05-01T13:38:40+00:00\" \/>\n<meta property=\"og:image\" content=\"https:\/\/www.mexicanguitarplayers.com\/wp-content\/uploads\/2022\/08\/VAPREGF22.jpg\" \/>\n\t<meta property=\"og:image:width\" content=\"1600\" \/>\n\t<meta property=\"og:image:height\" content=\"800\" \/>\n\t<meta property=\"og:image:type\" content=\"image\/jpeg\" \/>\n<meta name=\"twitter:card\" content=\"summary_large_image\" \/>\n<script type=\"application\/ld+json\" class=\"yoast-schema-graph\">{\"@context\":\"https:\\\/\\\/schema.org\",\"@graph\":[{\"@type\":[\"WebPage\",\"ItemPage\"],\"@id\":\"https:\\\/\\\/www.mexicanguitarplayers.com\\\/tienda\\\/cuerdas\\\/efectos\\\/efectos-individuales\\\/pedal-proel-encendido-mod-gf-22\\\/\",\"url\":\"https:\\\/\\\/www.mexicanguitarplayers.com\\\/tienda\\\/cuerdas\\\/efectos\\\/efectos-individuales\\\/pedal-proel-encendido-mod-gf-22\\\/\",\"name\":\"PEDAL PROEL ENCENDIDO MOD. GF-22 - Mexican Guitar Players\",\"isPartOf\":{\"@id\":\"https:\\\/\\\/www.mexicanguitarplayers.com\\\/#website\"},\"primaryImageOfPage\":{\"@id\":\"https:\\\/\\\/www.mexicanguitarplayers.com\\\/tienda\\\/cuerdas\\\/efectos\\\/efectos-individuales\\\/pedal-proel-encendido-mod-gf-22\\\/#primaryimage\"},\"image\":{\"@id\":\"https:\\\/\\\/www.mexicanguitarplayers.com\\\/tienda\\\/cuerdas\\\/efectos\\\/efectos-individuales\\\/pedal-proel-encendido-mod-gf-22\\\/#primaryimage\"},\"thumbnailUrl\":\"https:\\\/\\\/www.mexicanguitarplayers.com\\\/wp-content\\\/uploads\\\/2022\\\/08\\\/VAPREGF22.jpg\",\"datePublished\":\"2022-08-18T22:22:15+00:00\",\"dateModified\":\"2026-05-01T13:38:40+00:00\",\"description\":\"PEDAL PROEL ENCENDIDO MOD. GF-22. Pedal Proel de encendido y apagado para guitarra. Modelo: GF-20. Serie Golden Feet. Pies auto deslizantes y ranuras empotradas. Materiales de construcci\u00f3n: Termopl\u00e1stico ABS y aluminio. Ancho: 98 mm. Alto: 45 mm. Profundidad: 90 mm. Peso: 0.16 Kg. Color: Negro. Fuente de alimentaci\u00f3n: 0.3A\\\/30V DC o bater\u00eda de 9 volts (no incluida). Consumo de corriente: &lt; 10 mA (LED). Salidas_ NR.1 jack mono hembra de 1\\\/4. Controles: LED diodo.\",\"breadcrumb\":{\"@id\":\"https:\\\/\\\/www.mexicanguitarplayers.com\\\/tienda\\\/cuerdas\\\/efectos\\\/efectos-individuales\\\/pedal-proel-encendido-mod-gf-22\\\/#breadcrumb\"},\"inLanguage\":\"en-US\",\"potentialAction\":[{\"@type\":\"ReadAction\",\"target\":[\"https:\\\/\\\/www.mexicanguitarplayers.com\\\/tienda\\\/cuerdas\\\/efectos\\\/efectos-individuales\\\/pedal-proel-encendido-mod-gf-22\\\/\"]}]},{\"@type\":\"ImageObject\",\"inLanguage\":\"en-US\",\"@id\":\"https:\\\/\\\/www.mexicanguitarplayers.com\\\/tienda\\\/cuerdas\\\/efectos\\\/efectos-individuales\\\/pedal-proel-encendido-mod-gf-22\\\/#primaryimage\",\"url\":\"https:\\\/\\\/www.mexicanguitarplayers.com\\\/wp-content\\\/uploads\\\/2022\\\/08\\\/VAPREGF22.jpg\",\"contentUrl\":\"https:\\\/\\\/www.mexicanguitarplayers.com\\\/wp-content\\\/uploads\\\/2022\\\/08\\\/VAPREGF22.jpg\",\"width\":1600,\"height\":800},{\"@type\":\"BreadcrumbList\",\"@id\":\"https:\\\/\\\/www.mexicanguitarplayers.com\\\/tienda\\\/cuerdas\\\/efectos\\\/efectos-individuales\\\/pedal-proel-encendido-mod-gf-22\\\/#breadcrumb\",\"itemListElement\":[{\"@type\":\"ListItem\",\"position\":1,\"name\":\"Portada\",\"item\":\"https:\\\/\\\/www.mexicanguitarplayers.com\\\/\"},{\"@type\":\"ListItem\",\"position\":2,\"name\":\"Tienda\",\"item\":\"https:\\\/\\\/www.mexicanguitarplayers.com\\\/tienda\\\/\"},{\"@type\":\"ListItem\",\"position\":3,\"name\":\"PEDAL PROEL ENCENDIDO MOD. GF-22\"}]},{\"@type\":\"WebSite\",\"@id\":\"https:\\\/\\\/www.mexicanguitarplayers.com\\\/#website\",\"url\":\"https:\\\/\\\/www.mexicanguitarplayers.com\\\/\",\"name\":\"Mexican Guitar Players\",\"description\":\"Website\",\"publisher\":{\"@id\":\"https:\\\/\\\/www.mexicanguitarplayers.com\\\/#organization\"},\"potentialAction\":[{\"@type\":\"SearchAction\",\"target\":{\"@type\":\"EntryPoint\",\"urlTemplate\":\"https:\\\/\\\/www.mexicanguitarplayers.com\\\/?s={search_term_string}\"},\"query-input\":{\"@type\":\"PropertyValueSpecification\",\"valueRequired\":true,\"valueName\":\"search_term_string\"}}],\"inLanguage\":\"en-US\"},{\"@type\":\"Organization\",\"@id\":\"https:\\\/\\\/www.mexicanguitarplayers.com\\\/#organization\",\"name\":\"Mexican Guitar Players\",\"url\":\"https:\\\/\\\/www.mexicanguitarplayers.com\\\/\",\"logo\":{\"@type\":\"ImageObject\",\"inLanguage\":\"en-US\",\"@id\":\"https:\\\/\\\/www.mexicanguitarplayers.com\\\/#\\\/schema\\\/logo\\\/image\\\/\",\"url\":\"\",\"contentUrl\":\"\",\"caption\":\"Mexican Guitar Players\"},\"image\":{\"@id\":\"https:\\\/\\\/www.mexicanguitarplayers.com\\\/#\\\/schema\\\/logo\\\/image\\\/\"}}]}<\/script>\n<!-- \/ Yoast SEO plugin. -->","yoast_head_json":{"title":"PEDAL PROEL ENCENDIDO MOD. GF-22 - Mexican Guitar Players","description":"PEDAL PROEL ENCENDIDO MOD. GF-22. Pedal Proel de encendido y apagado para guitarra. Modelo: GF-20. Serie Golden Feet. Pies auto deslizantes y ranuras empotradas. Materiales de construcci\u00f3n: Termopl\u00e1stico ABS y aluminio. Ancho: 98 mm. Alto: 45 mm. Profundidad: 90 mm. Peso: 0.16 Kg. Color: Negro. Fuente de alimentaci\u00f3n: 0.3A\/30V DC o bater\u00eda de 9 volts (no incluida). Consumo de corriente: &lt; 10 mA (LED). Salidas_ NR.1 jack mono hembra de 1\/4. Controles: LED diodo.","robots":{"index":"index","follow":"follow","max-snippet":"max-snippet:-1","max-image-preview":"max-image-preview:large","max-video-preview":"max-video-preview:-1"},"canonical":"https:\/\/www.mexicanguitarplayers.com\/en\/tienda\/cuerdas\/efectos\/efectos-individuales\/pedal-proel-encendido-mod-gf-22\/","og_locale":"en_US","og_type":"article","og_title":"PEDAL PROEL ENCENDIDO MOD. GF-22 - Mexican Guitar Players","og_description":"PEDAL PROEL ENCENDIDO MOD. GF-22. Pedal Proel de encendido y apagado para guitarra. Modelo: GF-20. Serie Golden Feet. Pies auto deslizantes y ranuras empotradas. Materiales de construcci\u00f3n: Termopl\u00e1stico ABS y aluminio. Ancho: 98 mm. Alto: 45 mm. Profundidad: 90 mm. Peso: 0.16 Kg. Color: Negro. Fuente de alimentaci\u00f3n: 0.3A\/30V DC o bater\u00eda de 9 volts (no incluida). Consumo de corriente: &lt; 10 mA (LED). Salidas_ NR.1 jack mono hembra de 1\/4. Controles: LED diodo.","og_url":"https:\/\/www.mexicanguitarplayers.com\/en\/tienda\/cuerdas\/efectos\/efectos-individuales\/pedal-proel-encendido-mod-gf-22\/","og_site_name":"Mexican Guitar Players","article_modified_time":"2026-05-01T13:38:40+00:00","og_image":[{"width":1600,"height":800,"url":"https:\/\/www.mexicanguitarplayers.com\/wp-content\/uploads\/2022\/08\/VAPREGF22.jpg","type":"image\/jpeg"}],"twitter_card":"summary_large_image","schema":{"@context":"https:\/\/schema.org","@graph":[{"@type":["WebPage","ItemPage"],"@id":"https:\/\/www.mexicanguitarplayers.com\/tienda\/cuerdas\/efectos\/efectos-individuales\/pedal-proel-encendido-mod-gf-22\/","url":"https:\/\/www.mexicanguitarplayers.com\/tienda\/cuerdas\/efectos\/efectos-individuales\/pedal-proel-encendido-mod-gf-22\/","name":"PEDAL PROEL ENCENDIDO MOD. GF-22 - Mexican Guitar Players","isPartOf":{"@id":"https:\/\/www.mexicanguitarplayers.com\/#website"},"primaryImageOfPage":{"@id":"https:\/\/www.mexicanguitarplayers.com\/tienda\/cuerdas\/efectos\/efectos-individuales\/pedal-proel-encendido-mod-gf-22\/#primaryimage"},"image":{"@id":"https:\/\/www.mexicanguitarplayers.com\/tienda\/cuerdas\/efectos\/efectos-individuales\/pedal-proel-encendido-mod-gf-22\/#primaryimage"},"thumbnailUrl":"https:\/\/www.mexicanguitarplayers.com\/wp-content\/uploads\/2022\/08\/VAPREGF22.jpg","datePublished":"2022-08-18T22:22:15+00:00","dateModified":"2026-05-01T13:38:40+00:00","description":"PEDAL PROEL ENCENDIDO MOD. GF-22. Pedal Proel de encendido y apagado para guitarra. Modelo: GF-20. Serie Golden Feet. Pies auto deslizantes y ranuras empotradas. Materiales de construcci\u00f3n: Termopl\u00e1stico ABS y aluminio. Ancho: 98 mm. Alto: 45 mm. Profundidad: 90 mm. Peso: 0.16 Kg. Color: Negro. Fuente de alimentaci\u00f3n: 0.3A\/30V DC o bater\u00eda de 9 volts (no incluida). Consumo de corriente: &lt; 10 mA (LED). Salidas_ NR.1 jack mono hembra de 1\/4. Controles: LED diodo.","breadcrumb":{"@id":"https:\/\/www.mexicanguitarplayers.com\/tienda\/cuerdas\/efectos\/efectos-individuales\/pedal-proel-encendido-mod-gf-22\/#breadcrumb"},"inLanguage":"en-US","potentialAction":[{"@type":"ReadAction","target":["https:\/\/www.mexicanguitarplayers.com\/tienda\/cuerdas\/efectos\/efectos-individuales\/pedal-proel-encendido-mod-gf-22\/"]}]},{"@type":"ImageObject","inLanguage":"en-US","@id":"https:\/\/www.mexicanguitarplayers.com\/tienda\/cuerdas\/efectos\/efectos-individuales\/pedal-proel-encendido-mod-gf-22\/#primaryimage","url":"https:\/\/www.mexicanguitarplayers.com\/wp-content\/uploads\/2022\/08\/VAPREGF22.jpg","contentUrl":"https:\/\/www.mexicanguitarplayers.com\/wp-content\/uploads\/2022\/08\/VAPREGF22.jpg","width":1600,"height":800},{"@type":"BreadcrumbList","@id":"https:\/\/www.mexicanguitarplayers.com\/tienda\/cuerdas\/efectos\/efectos-individuales\/pedal-proel-encendido-mod-gf-22\/#breadcrumb","itemListElement":[{"@type":"ListItem","position":1,"name":"Portada","item":"https:\/\/www.mexicanguitarplayers.com\/"},{"@type":"ListItem","position":2,"name":"Tienda","item":"https:\/\/www.mexicanguitarplayers.com\/tienda\/"},{"@type":"ListItem","position":3,"name":"PEDAL PROEL ENCENDIDO MOD. GF-22"}]},{"@type":"WebSite","@id":"https:\/\/www.mexicanguitarplayers.com\/#website","url":"https:\/\/www.mexicanguitarplayers.com\/","name":"Mexican Guitar Players","description":"Website","publisher":{"@id":"https:\/\/www.mexicanguitarplayers.com\/#organization"},"potentialAction":[{"@type":"SearchAction","target":{"@type":"EntryPoint","urlTemplate":"https:\/\/www.mexicanguitarplayers.com\/?s={search_term_string}"},"query-input":{"@type":"PropertyValueSpecification","valueRequired":true,"valueName":"search_term_string"}}],"inLanguage":"en-US"},{"@type":"Organization","@id":"https:\/\/www.mexicanguitarplayers.com\/#organization","name":"Mexican Guitar Players","url":"https:\/\/www.mexicanguitarplayers.com\/","logo":{"@type":"ImageObject","inLanguage":"en-US","@id":"https:\/\/www.mexicanguitarplayers.com\/#\/schema\/logo\/image\/","url":"","contentUrl":"","caption":"Mexican Guitar Players"},"image":{"@id":"https:\/\/www.mexicanguitarplayers.com\/#\/schema\/logo\/image\/"}}]}},"brands":[{"id":252,"name":"PROEL","slug":"proel"}],"_links":{"self":[{"href":"https:\/\/www.mexicanguitarplayers.com\/en\/wp-json\/wp\/v2\/product\/16787","targetHints":{"allow":["GET"]}}],"collection":[{"href":"https:\/\/www.mexicanguitarplayers.com\/en\/wp-json\/wp\/v2\/product"}],"about":[{"href":"https:\/\/www.mexicanguitarplayers.com\/en\/wp-json\/wp\/v2\/types\/product"}],"replies":[{"embeddable":true,"href":"https:\/\/www.mexicanguitarplayers.com\/en\/wp-json\/wp\/v2\/comments?post=16787"}],"wp:featuredmedia":[{"embeddable":true,"href":"https:\/\/www.mexicanguitarplayers.com\/en\/wp-json\/wp\/v2\/media\/16783"}],"wp:attachment":[{"href":"https:\/\/www.mexicanguitarplayers.com\/en\/wp-json\/wp\/v2\/media?parent=16787"}],"wp:term":[{"taxonomy":"pwb-brand","embeddable":true,"href":"https:\/\/www.mexicanguitarplayers.com\/en\/wp-json\/wp\/v2\/pwb-brand?post=16787"},{"taxonomy":"product_brand","embeddable":true,"href":"https:\/\/www.mexicanguitarplayers.com\/en\/wp-json\/wp\/v2\/product_brand?post=16787"},{"taxonomy":"product_cat","embeddable":true,"href":"https:\/\/www.mexicanguitarplayers.com\/en\/wp-json\/wp\/v2\/product_cat?post=16787"},{"taxonomy":"product_tag","embeddable":true,"href":"https:\/\/www.mexicanguitarplayers.com\/en\/wp-json\/wp\/v2\/product_tag?post=16787"}],"curies":[{"name":"wp","href":"https:\/\/api.w.org\/{rel}","templated":true}]}}