{"id":16996,"date":"2022-08-18T17:28:09","date_gmt":"2022-08-18T22:28:09","guid":{"rendered":"https:\/\/www.mexicanguitarplayers.com\/tienda\/sin%20categor\u00eda\/exhibidor-planetwave-mod-std\/"},"modified":"2025-03-26T22:16:54","modified_gmt":"2025-03-27T04:16:54","slug":"exhibidor-planetwave-mod-std","status":"publish","type":"product","link":"https:\/\/www.mexicanguitarplayers.com\/en\/tienda\/exhibidores\/para-accesorios\/exhibidor-planetwave-mod-std\/","title":{"rendered":"DISPLAY PLANETWAVE MOD. STDs"},"content":{"rendered":"<div style=\"text-align: justify\">\n<div>\n<h3>DISPLAY PLANETWAVE MOD. STDs<\/h3>\n<\/div>\n<div>Baldric display, designed to take up little space, giving 360\u00b0 visibility, each display has 16 hooks for folded baldrics and 4 hooks for unfolded leather baldrics, holds up to 84 baldrics.<\/div>\n<\/div>","protected":false},"excerpt":{"rendered":"<p>Exhibidor para tahal\u00edes, dise\u00f1ado para ocupar poco espacio, dando una visibilidad de 360\u00b0 grados, cada display tiene 16 ganchos para tahal\u00edes doblados y 4 ganchos para tahal\u00edes de piel desplegados, aloja hasta 84 tahal\u00edes.&hellip; <a class=\"kt-excerpt-readmore more-link\" href=\"https:\/\/www.mexicanguitarplayers.com\/en\/tienda\/exhibidores\/para-accesorios\/exhibidor-planetwave-mod-std\/\">Read more<\/a><\/p>","protected":false},"featured_media":16995,"comment_status":"open","ping_status":"closed","template":"","meta":{"kt_blocks_editor_width":""},"pwb-brand":[604],"product_brand":[],"product_cat":[575,600],"product_tag":[],"class_list":{"0":"post-16996","1":"product","2":"type-product","3":"status-publish","4":"has-post-thumbnail","6":"pwb-brand-planet-waves","7":"product_cat-exhibidores","8":"product_cat-para-accesorios","9":"product_shipping_class-10-15-kg","11":"first","12":"outofstock","13":"taxable","14":"shipping-taxable","15":"purchasable","16":"product-type-simple"},"yoast_head":"<!-- This site is optimized with the Yoast SEO plugin v27.3 - https:\/\/yoast.com\/product\/yoast-seo-wordpress\/ -->\n<title>EXHIBIDOR PLANETWAVE MOD. STD - Mexican Guitar Players<\/title>\n<meta name=\"description\" content=\"EXHIBIDOR PLANETWAVE MOD. STD. Exhibidor para tahal\u00edes, dise\u00f1ado para ocupar poco espacio, dando una visibilidad de 360\u00b0 grados, cada display tiene 16 ganchos para tahal\u00edes doblados y 4 ganchos para tahal\u00edes de piel desplegados, aloja hasta 84 tahal\u00edes.\" \/>\n<meta name=\"robots\" content=\"index, follow, max-snippet:-1, max-image-preview:large, max-video-preview:-1\" \/>\n<link rel=\"canonical\" href=\"https:\/\/www.mexicanguitarplayers.com\/en\/tienda\/exhibidores\/para-accesorios\/exhibidor-planetwave-mod-std\/\" \/>\n<meta property=\"og:locale\" content=\"en_US\" \/>\n<meta property=\"og:type\" content=\"article\" \/>\n<meta property=\"og:title\" content=\"EXHIBIDOR PLANETWAVE MOD. STD - Mexican Guitar Players\" \/>\n<meta property=\"og:description\" content=\"EXHIBIDOR PLANETWAVE MOD. STD. Exhibidor para tahal\u00edes, dise\u00f1ado para ocupar poco espacio, dando una visibilidad de 360\u00b0 grados, cada display tiene 16 ganchos para tahal\u00edes doblados y 4 ganchos para tahal\u00edes de piel desplegados, aloja hasta 84 tahal\u00edes.\" \/>\n<meta property=\"og:url\" content=\"https:\/\/www.mexicanguitarplayers.com\/en\/tienda\/exhibidores\/para-accesorios\/exhibidor-planetwave-mod-std\/\" \/>\n<meta property=\"og:site_name\" content=\"Mexican Guitar Players\" \/>\n<meta property=\"article:modified_time\" content=\"2025-03-27T04:16:54+00:00\" \/>\n<meta property=\"og:image\" content=\"https:\/\/www.mexicanguitarplayers.com\/wp-content\/uploads\/2022\/08\/VAPWASTD.jpg\" \/>\n\t<meta property=\"og:image:width\" content=\"800\" \/>\n\t<meta property=\"og:image:height\" content=\"1600\" \/>\n\t<meta property=\"og:image:type\" content=\"image\/jpeg\" \/>\n<meta name=\"twitter:card\" content=\"summary_large_image\" \/>\n<script type=\"application\/ld+json\" class=\"yoast-schema-graph\">{\"@context\":\"https:\\\/\\\/schema.org\",\"@graph\":[{\"@type\":[\"WebPage\",\"ItemPage\"],\"@id\":\"https:\\\/\\\/www.mexicanguitarplayers.com\\\/tienda\\\/exhibidores\\\/para-accesorios\\\/exhibidor-planetwave-mod-std\\\/\",\"url\":\"https:\\\/\\\/www.mexicanguitarplayers.com\\\/tienda\\\/exhibidores\\\/para-accesorios\\\/exhibidor-planetwave-mod-std\\\/\",\"name\":\"EXHIBIDOR PLANETWAVE MOD. STD - Mexican Guitar Players\",\"isPartOf\":{\"@id\":\"https:\\\/\\\/www.mexicanguitarplayers.com\\\/#website\"},\"primaryImageOfPage\":{\"@id\":\"https:\\\/\\\/www.mexicanguitarplayers.com\\\/tienda\\\/exhibidores\\\/para-accesorios\\\/exhibidor-planetwave-mod-std\\\/#primaryimage\"},\"image\":{\"@id\":\"https:\\\/\\\/www.mexicanguitarplayers.com\\\/tienda\\\/exhibidores\\\/para-accesorios\\\/exhibidor-planetwave-mod-std\\\/#primaryimage\"},\"thumbnailUrl\":\"https:\\\/\\\/www.mexicanguitarplayers.com\\\/wp-content\\\/uploads\\\/2022\\\/08\\\/VAPWASTD.jpg\",\"datePublished\":\"2022-08-18T22:28:09+00:00\",\"dateModified\":\"2025-03-27T04:16:54+00:00\",\"description\":\"EXHIBIDOR PLANETWAVE MOD. STD. Exhibidor para tahal\u00edes, dise\u00f1ado para ocupar poco espacio, dando una visibilidad de 360\u00b0 grados, cada display tiene 16 ganchos para tahal\u00edes doblados y 4 ganchos para tahal\u00edes de piel desplegados, aloja hasta 84 tahal\u00edes.\",\"breadcrumb\":{\"@id\":\"https:\\\/\\\/www.mexicanguitarplayers.com\\\/tienda\\\/exhibidores\\\/para-accesorios\\\/exhibidor-planetwave-mod-std\\\/#breadcrumb\"},\"inLanguage\":\"en-US\",\"potentialAction\":[{\"@type\":\"ReadAction\",\"target\":[\"https:\\\/\\\/www.mexicanguitarplayers.com\\\/tienda\\\/exhibidores\\\/para-accesorios\\\/exhibidor-planetwave-mod-std\\\/\"]}]},{\"@type\":\"ImageObject\",\"inLanguage\":\"en-US\",\"@id\":\"https:\\\/\\\/www.mexicanguitarplayers.com\\\/tienda\\\/exhibidores\\\/para-accesorios\\\/exhibidor-planetwave-mod-std\\\/#primaryimage\",\"url\":\"https:\\\/\\\/www.mexicanguitarplayers.com\\\/wp-content\\\/uploads\\\/2022\\\/08\\\/VAPWASTD.jpg\",\"contentUrl\":\"https:\\\/\\\/www.mexicanguitarplayers.com\\\/wp-content\\\/uploads\\\/2022\\\/08\\\/VAPWASTD.jpg\",\"width\":800,\"height\":1600},{\"@type\":\"BreadcrumbList\",\"@id\":\"https:\\\/\\\/www.mexicanguitarplayers.com\\\/tienda\\\/exhibidores\\\/para-accesorios\\\/exhibidor-planetwave-mod-std\\\/#breadcrumb\",\"itemListElement\":[{\"@type\":\"ListItem\",\"position\":1,\"name\":\"Portada\",\"item\":\"https:\\\/\\\/www.mexicanguitarplayers.com\\\/\"},{\"@type\":\"ListItem\",\"position\":2,\"name\":\"Tienda\",\"item\":\"https:\\\/\\\/www.mexicanguitarplayers.com\\\/tienda\\\/\"},{\"@type\":\"ListItem\",\"position\":3,\"name\":\"EXHIBIDOR PLANETWAVE MOD. STD\"}]},{\"@type\":\"WebSite\",\"@id\":\"https:\\\/\\\/www.mexicanguitarplayers.com\\\/#website\",\"url\":\"https:\\\/\\\/www.mexicanguitarplayers.com\\\/\",\"name\":\"Mexican Guitar Players\",\"description\":\"Website\",\"publisher\":{\"@id\":\"https:\\\/\\\/www.mexicanguitarplayers.com\\\/#organization\"},\"potentialAction\":[{\"@type\":\"SearchAction\",\"target\":{\"@type\":\"EntryPoint\",\"urlTemplate\":\"https:\\\/\\\/www.mexicanguitarplayers.com\\\/?s={search_term_string}\"},\"query-input\":{\"@type\":\"PropertyValueSpecification\",\"valueRequired\":true,\"valueName\":\"search_term_string\"}}],\"inLanguage\":\"en-US\"},{\"@type\":\"Organization\",\"@id\":\"https:\\\/\\\/www.mexicanguitarplayers.com\\\/#organization\",\"name\":\"Mexican Guitar Players\",\"url\":\"https:\\\/\\\/www.mexicanguitarplayers.com\\\/\",\"logo\":{\"@type\":\"ImageObject\",\"inLanguage\":\"en-US\",\"@id\":\"https:\\\/\\\/www.mexicanguitarplayers.com\\\/#\\\/schema\\\/logo\\\/image\\\/\",\"url\":\"\",\"contentUrl\":\"\",\"caption\":\"Mexican Guitar Players\"},\"image\":{\"@id\":\"https:\\\/\\\/www.mexicanguitarplayers.com\\\/#\\\/schema\\\/logo\\\/image\\\/\"}}]}<\/script>\n<!-- \/ Yoast SEO plugin. -->","yoast_head_json":{"title":"EXHIBIDOR PLANETWAVE MOD. STD - Mexican Guitar Players","description":"EXHIBIDOR PLANETWAVE MOD. STD. Exhibidor para tahal\u00edes, dise\u00f1ado para ocupar poco espacio, dando una visibilidad de 360\u00b0 grados, cada display tiene 16 ganchos para tahal\u00edes doblados y 4 ganchos para tahal\u00edes de piel desplegados, aloja hasta 84 tahal\u00edes.","robots":{"index":"index","follow":"follow","max-snippet":"max-snippet:-1","max-image-preview":"max-image-preview:large","max-video-preview":"max-video-preview:-1"},"canonical":"https:\/\/www.mexicanguitarplayers.com\/en\/tienda\/exhibidores\/para-accesorios\/exhibidor-planetwave-mod-std\/","og_locale":"en_US","og_type":"article","og_title":"EXHIBIDOR PLANETWAVE MOD. STD - Mexican Guitar Players","og_description":"EXHIBIDOR PLANETWAVE MOD. STD. Exhibidor para tahal\u00edes, dise\u00f1ado para ocupar poco espacio, dando una visibilidad de 360\u00b0 grados, cada display tiene 16 ganchos para tahal\u00edes doblados y 4 ganchos para tahal\u00edes de piel desplegados, aloja hasta 84 tahal\u00edes.","og_url":"https:\/\/www.mexicanguitarplayers.com\/en\/tienda\/exhibidores\/para-accesorios\/exhibidor-planetwave-mod-std\/","og_site_name":"Mexican Guitar Players","article_modified_time":"2025-03-27T04:16:54+00:00","og_image":[{"width":800,"height":1600,"url":"https:\/\/www.mexicanguitarplayers.com\/wp-content\/uploads\/2022\/08\/VAPWASTD.jpg","type":"image\/jpeg"}],"twitter_card":"summary_large_image","schema":{"@context":"https:\/\/schema.org","@graph":[{"@type":["WebPage","ItemPage"],"@id":"https:\/\/www.mexicanguitarplayers.com\/tienda\/exhibidores\/para-accesorios\/exhibidor-planetwave-mod-std\/","url":"https:\/\/www.mexicanguitarplayers.com\/tienda\/exhibidores\/para-accesorios\/exhibidor-planetwave-mod-std\/","name":"EXHIBIDOR PLANETWAVE MOD. STD - Mexican Guitar Players","isPartOf":{"@id":"https:\/\/www.mexicanguitarplayers.com\/#website"},"primaryImageOfPage":{"@id":"https:\/\/www.mexicanguitarplayers.com\/tienda\/exhibidores\/para-accesorios\/exhibidor-planetwave-mod-std\/#primaryimage"},"image":{"@id":"https:\/\/www.mexicanguitarplayers.com\/tienda\/exhibidores\/para-accesorios\/exhibidor-planetwave-mod-std\/#primaryimage"},"thumbnailUrl":"https:\/\/www.mexicanguitarplayers.com\/wp-content\/uploads\/2022\/08\/VAPWASTD.jpg","datePublished":"2022-08-18T22:28:09+00:00","dateModified":"2025-03-27T04:16:54+00:00","description":"EXHIBIDOR PLANETWAVE MOD. STD. Exhibidor para tahal\u00edes, dise\u00f1ado para ocupar poco espacio, dando una visibilidad de 360\u00b0 grados, cada display tiene 16 ganchos para tahal\u00edes doblados y 4 ganchos para tahal\u00edes de piel desplegados, aloja hasta 84 tahal\u00edes.","breadcrumb":{"@id":"https:\/\/www.mexicanguitarplayers.com\/tienda\/exhibidores\/para-accesorios\/exhibidor-planetwave-mod-std\/#breadcrumb"},"inLanguage":"en-US","potentialAction":[{"@type":"ReadAction","target":["https:\/\/www.mexicanguitarplayers.com\/tienda\/exhibidores\/para-accesorios\/exhibidor-planetwave-mod-std\/"]}]},{"@type":"ImageObject","inLanguage":"en-US","@id":"https:\/\/www.mexicanguitarplayers.com\/tienda\/exhibidores\/para-accesorios\/exhibidor-planetwave-mod-std\/#primaryimage","url":"https:\/\/www.mexicanguitarplayers.com\/wp-content\/uploads\/2022\/08\/VAPWASTD.jpg","contentUrl":"https:\/\/www.mexicanguitarplayers.com\/wp-content\/uploads\/2022\/08\/VAPWASTD.jpg","width":800,"height":1600},{"@type":"BreadcrumbList","@id":"https:\/\/www.mexicanguitarplayers.com\/tienda\/exhibidores\/para-accesorios\/exhibidor-planetwave-mod-std\/#breadcrumb","itemListElement":[{"@type":"ListItem","position":1,"name":"Portada","item":"https:\/\/www.mexicanguitarplayers.com\/"},{"@type":"ListItem","position":2,"name":"Tienda","item":"https:\/\/www.mexicanguitarplayers.com\/tienda\/"},{"@type":"ListItem","position":3,"name":"EXHIBIDOR PLANETWAVE MOD. STD"}]},{"@type":"WebSite","@id":"https:\/\/www.mexicanguitarplayers.com\/#website","url":"https:\/\/www.mexicanguitarplayers.com\/","name":"Mexican Guitar Players","description":"Website","publisher":{"@id":"https:\/\/www.mexicanguitarplayers.com\/#organization"},"potentialAction":[{"@type":"SearchAction","target":{"@type":"EntryPoint","urlTemplate":"https:\/\/www.mexicanguitarplayers.com\/?s={search_term_string}"},"query-input":{"@type":"PropertyValueSpecification","valueRequired":true,"valueName":"search_term_string"}}],"inLanguage":"en-US"},{"@type":"Organization","@id":"https:\/\/www.mexicanguitarplayers.com\/#organization","name":"Mexican Guitar Players","url":"https:\/\/www.mexicanguitarplayers.com\/","logo":{"@type":"ImageObject","inLanguage":"en-US","@id":"https:\/\/www.mexicanguitarplayers.com\/#\/schema\/logo\/image\/","url":"","contentUrl":"","caption":"Mexican Guitar Players"},"image":{"@id":"https:\/\/www.mexicanguitarplayers.com\/#\/schema\/logo\/image\/"}}]}},"brands":[{"id":604,"name":"PLANET WAVES","slug":"planet-waves"}],"_links":{"self":[{"href":"https:\/\/www.mexicanguitarplayers.com\/en\/wp-json\/wp\/v2\/product\/16996","targetHints":{"allow":["GET"]}}],"collection":[{"href":"https:\/\/www.mexicanguitarplayers.com\/en\/wp-json\/wp\/v2\/product"}],"about":[{"href":"https:\/\/www.mexicanguitarplayers.com\/en\/wp-json\/wp\/v2\/types\/product"}],"replies":[{"embeddable":true,"href":"https:\/\/www.mexicanguitarplayers.com\/en\/wp-json\/wp\/v2\/comments?post=16996"}],"wp:featuredmedia":[{"embeddable":true,"href":"https:\/\/www.mexicanguitarplayers.com\/en\/wp-json\/wp\/v2\/media\/16995"}],"wp:attachment":[{"href":"https:\/\/www.mexicanguitarplayers.com\/en\/wp-json\/wp\/v2\/media?parent=16996"}],"wp:term":[{"taxonomy":"pwb-brand","embeddable":true,"href":"https:\/\/www.mexicanguitarplayers.com\/en\/wp-json\/wp\/v2\/pwb-brand?post=16996"},{"taxonomy":"product_brand","embeddable":true,"href":"https:\/\/www.mexicanguitarplayers.com\/en\/wp-json\/wp\/v2\/product_brand?post=16996"},{"taxonomy":"product_cat","embeddable":true,"href":"https:\/\/www.mexicanguitarplayers.com\/en\/wp-json\/wp\/v2\/product_cat?post=16996"},{"taxonomy":"product_tag","embeddable":true,"href":"https:\/\/www.mexicanguitarplayers.com\/en\/wp-json\/wp\/v2\/product_tag?post=16996"}],"curies":[{"name":"wp","href":"https:\/\/api.w.org\/{rel}","templated":true}]}}