{"id":16999,"date":"2022-08-18T17:28:13","date_gmt":"2022-08-18T22:28:13","guid":{"rendered":"https:\/\/www.mexicanguitarplayers.com\/tienda\/sin%20categor\u00eda\/metronomo-qwik-time-electronico-qt-3\/"},"modified":"2026-04-10T05:03:22","modified_gmt":"2026-04-10T11:03:22","slug":"metronomo-qwik-time-electronico-qt-3","status":"publish","type":"product","link":"https:\/\/www.mexicanguitarplayers.com\/en\/tienda\/accesorios\/afinadores-y-metronomos\/metronomo\/digital\/metronomo-qwik-time-electronico-qt-3\/","title":{"rendered":"QWIK-TIME ELECTRONIC METRONOME QT-3"},"content":{"rendered":"<div style=\"text-align: justify\">\n<div>\n<h3>QWIK-TIME ELECTRONIC METRONOME QT-3<\/h3>\n<\/div>\n<div>Electronic Metronome, Loud Speaker, Over 200 Velocity Settings (Others Have Only 39), Distinctive Click Sound, A440 Tuning, Low Battery Indicator, Headphone Jack, Unparalleled Accuracy, Recommended By Music Masters, Battery Not Included.<\/div>\n<\/div>","protected":false},"excerpt":{"rendered":"<p>Metr\u00f3nomo electr\u00f3nico, altavoz fuerte, m\u00e1s de 200 ajustes de velocidad (otros tienen s\u00f3lo 39, sonido distintivo de click, afinaci\u00f3n A440, indicador de bater\u00eda baja, jack de aud\u00edfono, precisi\u00f3n sin igual, recomendado por maestros de m\u00fasica,no incluye bater\u00eda.&hellip; <a class=\"kt-excerpt-readmore more-link\" href=\"https:\/\/www.mexicanguitarplayers.com\/en\/tienda\/accesorios\/afinadores-y-metronomos\/metronomo\/digital\/metronomo-qwik-time-electronico-qt-3\/\">Read more<\/a><\/p>","protected":false},"featured_media":16997,"comment_status":"open","ping_status":"closed","template":"","meta":{"kt_blocks_editor_width":""},"pwb-brand":[605],"product_brand":[],"product_cat":[85,422,602,601],"product_tag":[],"class_list":{"0":"post-16999","1":"product","2":"type-product","3":"status-publish","4":"has-post-thumbnail","6":"pwb-brand-qwik-time","7":"product_cat-accesorios","8":"product_cat-afinadores-y-metronomos","9":"product_cat-digital","10":"product_cat-metronomo","11":"product_shipping_class-0-5-kg","13":"first","14":"outofstock","15":"taxable","16":"shipping-taxable","17":"purchasable","18":"product-type-simple"},"yoast_head":"<!-- This site is optimized with the Yoast SEO plugin v27.4 - https:\/\/yoast.com\/product\/yoast-seo-wordpress\/ -->\n<title>METRONOMO QWIK-TIME ELECTRONICO QT-3 - Mexican Guitar Players<\/title>\n<meta name=\"description\" content=\"METRONOMO QWIK-TIME ELECTRONICO QT-3. Metr\u00f3nomo electr\u00f3nico, altavoz fuerte, m\u00e1s de 200 ajustes de velocidad (otros tienen s\u00f3lo 39, sonido distintivo de click, afinaci\u00f3n A440, indicador de bater\u00eda baja, jack de aud\u00edfono, precisi\u00f3n sin igual, recomendado por maestros de m\u00fasica,no incluye bater\u00eda.\" \/>\n<meta name=\"robots\" content=\"index, follow, max-snippet:-1, max-image-preview:large, max-video-preview:-1\" \/>\n<link rel=\"canonical\" href=\"https:\/\/www.mexicanguitarplayers.com\/en\/tienda\/accesorios\/afinadores-y-metronomos\/metronomo\/digital\/metronomo-qwik-time-electronico-qt-3\/\" \/>\n<meta property=\"og:locale\" content=\"en_US\" \/>\n<meta property=\"og:type\" content=\"article\" \/>\n<meta property=\"og:title\" content=\"METRONOMO QWIK-TIME ELECTRONICO QT-3 - Mexican Guitar Players\" \/>\n<meta property=\"og:description\" content=\"METRONOMO QWIK-TIME ELECTRONICO QT-3. Metr\u00f3nomo electr\u00f3nico, altavoz fuerte, m\u00e1s de 200 ajustes de velocidad (otros tienen s\u00f3lo 39, sonido distintivo de click, afinaci\u00f3n A440, indicador de bater\u00eda baja, jack de aud\u00edfono, precisi\u00f3n sin igual, recomendado por maestros de m\u00fasica,no incluye bater\u00eda.\" \/>\n<meta property=\"og:url\" content=\"https:\/\/www.mexicanguitarplayers.com\/en\/tienda\/accesorios\/afinadores-y-metronomos\/metronomo\/digital\/metronomo-qwik-time-electronico-qt-3\/\" \/>\n<meta property=\"og:site_name\" content=\"Mexican Guitar Players\" \/>\n<meta property=\"article:modified_time\" content=\"2026-04-10T11:03:22+00:00\" \/>\n<meta property=\"og:image\" content=\"https:\/\/www.mexicanguitarplayers.com\/wp-content\/uploads\/2022\/08\/VAQWTQT3.jpg\" \/>\n\t<meta property=\"og:image:width\" content=\"1200\" \/>\n\t<meta property=\"og:image:height\" content=\"1200\" \/>\n\t<meta property=\"og:image:type\" content=\"image\/jpeg\" \/>\n<meta name=\"twitter:card\" content=\"summary_large_image\" \/>\n<script type=\"application\/ld+json\" class=\"yoast-schema-graph\">{\"@context\":\"https:\\\/\\\/schema.org\",\"@graph\":[{\"@type\":[\"WebPage\",\"ItemPage\"],\"@id\":\"https:\\\/\\\/www.mexicanguitarplayers.com\\\/tienda\\\/accesorios\\\/afinadores-y-metronomos\\\/metronomo\\\/digital\\\/metronomo-qwik-time-electronico-qt-3\\\/\",\"url\":\"https:\\\/\\\/www.mexicanguitarplayers.com\\\/tienda\\\/accesorios\\\/afinadores-y-metronomos\\\/metronomo\\\/digital\\\/metronomo-qwik-time-electronico-qt-3\\\/\",\"name\":\"METRONOMO QWIK-TIME ELECTRONICO QT-3 - Mexican Guitar Players\",\"isPartOf\":{\"@id\":\"https:\\\/\\\/www.mexicanguitarplayers.com\\\/#website\"},\"primaryImageOfPage\":{\"@id\":\"https:\\\/\\\/www.mexicanguitarplayers.com\\\/tienda\\\/accesorios\\\/afinadores-y-metronomos\\\/metronomo\\\/digital\\\/metronomo-qwik-time-electronico-qt-3\\\/#primaryimage\"},\"image\":{\"@id\":\"https:\\\/\\\/www.mexicanguitarplayers.com\\\/tienda\\\/accesorios\\\/afinadores-y-metronomos\\\/metronomo\\\/digital\\\/metronomo-qwik-time-electronico-qt-3\\\/#primaryimage\"},\"thumbnailUrl\":\"https:\\\/\\\/www.mexicanguitarplayers.com\\\/wp-content\\\/uploads\\\/2022\\\/08\\\/VAQWTQT3.jpg\",\"datePublished\":\"2022-08-18T22:28:13+00:00\",\"dateModified\":\"2026-04-10T11:03:22+00:00\",\"description\":\"METRONOMO QWIK-TIME ELECTRONICO QT-3. Metr\u00f3nomo electr\u00f3nico, altavoz fuerte, m\u00e1s de 200 ajustes de velocidad (otros tienen s\u00f3lo 39, sonido distintivo de click, afinaci\u00f3n A440, indicador de bater\u00eda baja, jack de aud\u00edfono, precisi\u00f3n sin igual, recomendado por maestros de m\u00fasica,no incluye bater\u00eda.\",\"breadcrumb\":{\"@id\":\"https:\\\/\\\/www.mexicanguitarplayers.com\\\/tienda\\\/accesorios\\\/afinadores-y-metronomos\\\/metronomo\\\/digital\\\/metronomo-qwik-time-electronico-qt-3\\\/#breadcrumb\"},\"inLanguage\":\"en-US\",\"potentialAction\":[{\"@type\":\"ReadAction\",\"target\":[\"https:\\\/\\\/www.mexicanguitarplayers.com\\\/tienda\\\/accesorios\\\/afinadores-y-metronomos\\\/metronomo\\\/digital\\\/metronomo-qwik-time-electronico-qt-3\\\/\"]}]},{\"@type\":\"ImageObject\",\"inLanguage\":\"en-US\",\"@id\":\"https:\\\/\\\/www.mexicanguitarplayers.com\\\/tienda\\\/accesorios\\\/afinadores-y-metronomos\\\/metronomo\\\/digital\\\/metronomo-qwik-time-electronico-qt-3\\\/#primaryimage\",\"url\":\"https:\\\/\\\/www.mexicanguitarplayers.com\\\/wp-content\\\/uploads\\\/2022\\\/08\\\/VAQWTQT3.jpg\",\"contentUrl\":\"https:\\\/\\\/www.mexicanguitarplayers.com\\\/wp-content\\\/uploads\\\/2022\\\/08\\\/VAQWTQT3.jpg\",\"width\":1200,\"height\":1200},{\"@type\":\"BreadcrumbList\",\"@id\":\"https:\\\/\\\/www.mexicanguitarplayers.com\\\/tienda\\\/accesorios\\\/afinadores-y-metronomos\\\/metronomo\\\/digital\\\/metronomo-qwik-time-electronico-qt-3\\\/#breadcrumb\",\"itemListElement\":[{\"@type\":\"ListItem\",\"position\":1,\"name\":\"Portada\",\"item\":\"https:\\\/\\\/www.mexicanguitarplayers.com\\\/\"},{\"@type\":\"ListItem\",\"position\":2,\"name\":\"Tienda\",\"item\":\"https:\\\/\\\/www.mexicanguitarplayers.com\\\/tienda\\\/\"},{\"@type\":\"ListItem\",\"position\":3,\"name\":\"METRONOMO QWIK-TIME ELECTRONICO QT-3\"}]},{\"@type\":\"WebSite\",\"@id\":\"https:\\\/\\\/www.mexicanguitarplayers.com\\\/#website\",\"url\":\"https:\\\/\\\/www.mexicanguitarplayers.com\\\/\",\"name\":\"Mexican Guitar Players\",\"description\":\"Website\",\"publisher\":{\"@id\":\"https:\\\/\\\/www.mexicanguitarplayers.com\\\/#organization\"},\"potentialAction\":[{\"@type\":\"SearchAction\",\"target\":{\"@type\":\"EntryPoint\",\"urlTemplate\":\"https:\\\/\\\/www.mexicanguitarplayers.com\\\/?s={search_term_string}\"},\"query-input\":{\"@type\":\"PropertyValueSpecification\",\"valueRequired\":true,\"valueName\":\"search_term_string\"}}],\"inLanguage\":\"en-US\"},{\"@type\":\"Organization\",\"@id\":\"https:\\\/\\\/www.mexicanguitarplayers.com\\\/#organization\",\"name\":\"Mexican Guitar Players\",\"url\":\"https:\\\/\\\/www.mexicanguitarplayers.com\\\/\",\"logo\":{\"@type\":\"ImageObject\",\"inLanguage\":\"en-US\",\"@id\":\"https:\\\/\\\/www.mexicanguitarplayers.com\\\/#\\\/schema\\\/logo\\\/image\\\/\",\"url\":\"\",\"contentUrl\":\"\",\"caption\":\"Mexican Guitar Players\"},\"image\":{\"@id\":\"https:\\\/\\\/www.mexicanguitarplayers.com\\\/#\\\/schema\\\/logo\\\/image\\\/\"}}]}<\/script>\n<!-- \/ Yoast SEO plugin. -->","yoast_head_json":{"title":"METRONOMO QWIK-TIME ELECTRONICO QT-3 - Mexican Guitar Players","description":"METRONOMO QWIK-TIME ELECTRONICO QT-3. Metr\u00f3nomo electr\u00f3nico, altavoz fuerte, m\u00e1s de 200 ajustes de velocidad (otros tienen s\u00f3lo 39, sonido distintivo de click, afinaci\u00f3n A440, indicador de bater\u00eda baja, jack de aud\u00edfono, precisi\u00f3n sin igual, recomendado por maestros de m\u00fasica,no incluye bater\u00eda.","robots":{"index":"index","follow":"follow","max-snippet":"max-snippet:-1","max-image-preview":"max-image-preview:large","max-video-preview":"max-video-preview:-1"},"canonical":"https:\/\/www.mexicanguitarplayers.com\/en\/tienda\/accesorios\/afinadores-y-metronomos\/metronomo\/digital\/metronomo-qwik-time-electronico-qt-3\/","og_locale":"en_US","og_type":"article","og_title":"METRONOMO QWIK-TIME ELECTRONICO QT-3 - Mexican Guitar Players","og_description":"METRONOMO QWIK-TIME ELECTRONICO QT-3. Metr\u00f3nomo electr\u00f3nico, altavoz fuerte, m\u00e1s de 200 ajustes de velocidad (otros tienen s\u00f3lo 39, sonido distintivo de click, afinaci\u00f3n A440, indicador de bater\u00eda baja, jack de aud\u00edfono, precisi\u00f3n sin igual, recomendado por maestros de m\u00fasica,no incluye bater\u00eda.","og_url":"https:\/\/www.mexicanguitarplayers.com\/en\/tienda\/accesorios\/afinadores-y-metronomos\/metronomo\/digital\/metronomo-qwik-time-electronico-qt-3\/","og_site_name":"Mexican Guitar Players","article_modified_time":"2026-04-10T11:03:22+00:00","og_image":[{"width":1200,"height":1200,"url":"https:\/\/www.mexicanguitarplayers.com\/wp-content\/uploads\/2022\/08\/VAQWTQT3.jpg","type":"image\/jpeg"}],"twitter_card":"summary_large_image","schema":{"@context":"https:\/\/schema.org","@graph":[{"@type":["WebPage","ItemPage"],"@id":"https:\/\/www.mexicanguitarplayers.com\/tienda\/accesorios\/afinadores-y-metronomos\/metronomo\/digital\/metronomo-qwik-time-electronico-qt-3\/","url":"https:\/\/www.mexicanguitarplayers.com\/tienda\/accesorios\/afinadores-y-metronomos\/metronomo\/digital\/metronomo-qwik-time-electronico-qt-3\/","name":"METRONOMO QWIK-TIME ELECTRONICO QT-3 - Mexican Guitar Players","isPartOf":{"@id":"https:\/\/www.mexicanguitarplayers.com\/#website"},"primaryImageOfPage":{"@id":"https:\/\/www.mexicanguitarplayers.com\/tienda\/accesorios\/afinadores-y-metronomos\/metronomo\/digital\/metronomo-qwik-time-electronico-qt-3\/#primaryimage"},"image":{"@id":"https:\/\/www.mexicanguitarplayers.com\/tienda\/accesorios\/afinadores-y-metronomos\/metronomo\/digital\/metronomo-qwik-time-electronico-qt-3\/#primaryimage"},"thumbnailUrl":"https:\/\/www.mexicanguitarplayers.com\/wp-content\/uploads\/2022\/08\/VAQWTQT3.jpg","datePublished":"2022-08-18T22:28:13+00:00","dateModified":"2026-04-10T11:03:22+00:00","description":"METRONOMO QWIK-TIME ELECTRONICO QT-3. Metr\u00f3nomo electr\u00f3nico, altavoz fuerte, m\u00e1s de 200 ajustes de velocidad (otros tienen s\u00f3lo 39, sonido distintivo de click, afinaci\u00f3n A440, indicador de bater\u00eda baja, jack de aud\u00edfono, precisi\u00f3n sin igual, recomendado por maestros de m\u00fasica,no incluye bater\u00eda.","breadcrumb":{"@id":"https:\/\/www.mexicanguitarplayers.com\/tienda\/accesorios\/afinadores-y-metronomos\/metronomo\/digital\/metronomo-qwik-time-electronico-qt-3\/#breadcrumb"},"inLanguage":"en-US","potentialAction":[{"@type":"ReadAction","target":["https:\/\/www.mexicanguitarplayers.com\/tienda\/accesorios\/afinadores-y-metronomos\/metronomo\/digital\/metronomo-qwik-time-electronico-qt-3\/"]}]},{"@type":"ImageObject","inLanguage":"en-US","@id":"https:\/\/www.mexicanguitarplayers.com\/tienda\/accesorios\/afinadores-y-metronomos\/metronomo\/digital\/metronomo-qwik-time-electronico-qt-3\/#primaryimage","url":"https:\/\/www.mexicanguitarplayers.com\/wp-content\/uploads\/2022\/08\/VAQWTQT3.jpg","contentUrl":"https:\/\/www.mexicanguitarplayers.com\/wp-content\/uploads\/2022\/08\/VAQWTQT3.jpg","width":1200,"height":1200},{"@type":"BreadcrumbList","@id":"https:\/\/www.mexicanguitarplayers.com\/tienda\/accesorios\/afinadores-y-metronomos\/metronomo\/digital\/metronomo-qwik-time-electronico-qt-3\/#breadcrumb","itemListElement":[{"@type":"ListItem","position":1,"name":"Portada","item":"https:\/\/www.mexicanguitarplayers.com\/"},{"@type":"ListItem","position":2,"name":"Tienda","item":"https:\/\/www.mexicanguitarplayers.com\/tienda\/"},{"@type":"ListItem","position":3,"name":"METRONOMO QWIK-TIME ELECTRONICO QT-3"}]},{"@type":"WebSite","@id":"https:\/\/www.mexicanguitarplayers.com\/#website","url":"https:\/\/www.mexicanguitarplayers.com\/","name":"Mexican Guitar Players","description":"Website","publisher":{"@id":"https:\/\/www.mexicanguitarplayers.com\/#organization"},"potentialAction":[{"@type":"SearchAction","target":{"@type":"EntryPoint","urlTemplate":"https:\/\/www.mexicanguitarplayers.com\/?s={search_term_string}"},"query-input":{"@type":"PropertyValueSpecification","valueRequired":true,"valueName":"search_term_string"}}],"inLanguage":"en-US"},{"@type":"Organization","@id":"https:\/\/www.mexicanguitarplayers.com\/#organization","name":"Mexican Guitar Players","url":"https:\/\/www.mexicanguitarplayers.com\/","logo":{"@type":"ImageObject","inLanguage":"en-US","@id":"https:\/\/www.mexicanguitarplayers.com\/#\/schema\/logo\/image\/","url":"","contentUrl":"","caption":"Mexican Guitar Players"},"image":{"@id":"https:\/\/www.mexicanguitarplayers.com\/#\/schema\/logo\/image\/"}}]}},"brands":[{"id":605,"name":"QWIK TIME","slug":"qwik-time"}],"_links":{"self":[{"href":"https:\/\/www.mexicanguitarplayers.com\/en\/wp-json\/wp\/v2\/product\/16999","targetHints":{"allow":["GET"]}}],"collection":[{"href":"https:\/\/www.mexicanguitarplayers.com\/en\/wp-json\/wp\/v2\/product"}],"about":[{"href":"https:\/\/www.mexicanguitarplayers.com\/en\/wp-json\/wp\/v2\/types\/product"}],"replies":[{"embeddable":true,"href":"https:\/\/www.mexicanguitarplayers.com\/en\/wp-json\/wp\/v2\/comments?post=16999"}],"wp:featuredmedia":[{"embeddable":true,"href":"https:\/\/www.mexicanguitarplayers.com\/en\/wp-json\/wp\/v2\/media\/16997"}],"wp:attachment":[{"href":"https:\/\/www.mexicanguitarplayers.com\/en\/wp-json\/wp\/v2\/media?parent=16999"}],"wp:term":[{"taxonomy":"pwb-brand","embeddable":true,"href":"https:\/\/www.mexicanguitarplayers.com\/en\/wp-json\/wp\/v2\/pwb-brand?post=16999"},{"taxonomy":"product_brand","embeddable":true,"href":"https:\/\/www.mexicanguitarplayers.com\/en\/wp-json\/wp\/v2\/product_brand?post=16999"},{"taxonomy":"product_cat","embeddable":true,"href":"https:\/\/www.mexicanguitarplayers.com\/en\/wp-json\/wp\/v2\/product_cat?post=16999"},{"taxonomy":"product_tag","embeddable":true,"href":"https:\/\/www.mexicanguitarplayers.com\/en\/wp-json\/wp\/v2\/product_tag?post=16999"}],"curies":[{"name":"wp","href":"https:\/\/api.w.org\/{rel}","templated":true}]}}