{"id":17010,"date":"2022-08-18T17:28:29","date_gmt":"2022-08-18T22:28:29","guid":{"rendered":"https:\/\/www.mexicanguitarplayers.com\/tienda\/sin%20categor\u00eda\/pedal-source-audio-interruptor-tap-tempo\/"},"modified":"2023-07-01T14:20:26","modified_gmt":"2023-07-01T19:20:26","slug":"pedal-source-audio-interruptor-tap-tempo","status":"publish","type":"product","link":"https:\/\/www.mexicanguitarplayers.com\/en\/tienda\/cuerdas\/efectos\/efectos-individuales\/pedal-source-audio-interruptor-tap-tempo\/","title":{"rendered":"PEDAL SOURCE AUDIO SWITCH TAP TEMPO"},"content":{"rendered":"<div style=\"text-align: justify\">\n<div>\n<h3>PEDAL SOURCE AUDIO SWITCH TAP TEMPO<\/h3>\n<\/div>\n<div>Footswitch pedal that adds significant functionality to each One Series pedal, offering instant tap-tempo control over the modulation rates of the Vertigo Tremolo, Lunar Phaser, Gemini Chorus, and Mercury Flanger, as well as delay times on the Nemesis Delay, also makes it possible to externally scroll through presets on the Nemesis Delay, toggle between the LA Overdrive, Kingmaker Fuzz and AfterShock Bass Distortion engines or do virtual knob changes on each One Series pedal, it has a standard \u00bc\u201d outlet for use with compatible third-party products.<\/div>\n<\/div>","protected":false},"excerpt":{"rendered":"<p>Pedal footswitch que a\u00f1ade una funcionalidad significativa a cada pedal de la serie One, ofrece control instant\u00e1neo de tap-tempo sobre las tasas de modulaci\u00f3n del Vertigo Tremolo, Lunar Phaser, Gemini Chorus y Mercury Flanger, as\u00ed como tiempos de delay en el Nemesis Delay, tambi\u00e9n hace posible desplazarse de manera externa a trav\u00e9s de los pre-ajustes en el Nemesis Delay, alternar entre los motores de distorsi\u00f3n del L.A. Overdrive, Kingmaker Fuzz y AfterShock Bass Distortion o hacer cambios de perilla virtual en cada pedal de la serie One, tiene una salida est\u00e1ndar de \u00bc\u201d para su uso con productos compatibles de terceros.&hellip; <a class=\"kt-excerpt-readmore more-link\" href=\"https:\/\/www.mexicanguitarplayers.com\/en\/tienda\/cuerdas\/efectos\/efectos-individuales\/pedal-source-audio-interruptor-tap-tempo\/\">Read more<\/a><\/p>","protected":false},"featured_media":17009,"comment_status":"open","ping_status":"closed","template":"","meta":{"kt_blocks_editor_width":""},"pwb-brand":[608],"product_brand":[],"product_cat":[224,241,504],"product_tag":[],"class_list":{"0":"post-17010","1":"product","2":"type-product","3":"status-publish","4":"has-post-thumbnail","6":"pwb-brand-source-audio","7":"product_cat-cuerdas","8":"product_cat-efectos","9":"product_cat-efectos-individuales","10":"product_shipping_class-0-5-kg","12":"first","13":"outofstock","14":"taxable","15":"shipping-taxable","16":"purchasable","17":"product-type-simple"},"yoast_head":"<!-- This site is optimized with the Yoast SEO plugin v27.5 - https:\/\/yoast.com\/product\/yoast-seo-wordpress\/ -->\n<title>PEDAL SOURCE AUDIO INTERRUPTOR TAP TEMPO - Mexican Guitar Players<\/title>\n<meta name=\"description\" content=\"PEDAL SOURCE AUDIO INTERRUPTOR TAP TEMPO. Pedal footswitch que a\u00f1ade una funcionalidad significativa a cada pedal de la serie One, ofrece control instant\u00e1neo de tap-tempo sobre las tasas de modulaci\u00f3n del Vertigo Tremolo, Lunar Phaser, Gemini Chorus y Mercury Flanger, as\u00ed como tiempos de delay en el Nemesis Delay, tambi\u00e9n hace posible desplazarse de manera externa a trav\u00e9s de los pre-ajustes en el Nemesis Delay, alternar entre los motores de distorsi\u00f3n del L.A. Overdrive, Kingmaker Fuzz y AfterShock Bass Distortion o hacer cambios de perilla virtual en cada pedal de la serie One, tiene una salida est\u00e1ndar de \u00bc\u201d para su uso con productos compatibles de terceros.\" \/>\n<meta name=\"robots\" content=\"index, follow, max-snippet:-1, max-image-preview:large, max-video-preview:-1\" \/>\n<link rel=\"canonical\" href=\"https:\/\/www.mexicanguitarplayers.com\/en\/tienda\/cuerdas\/efectos\/efectos-individuales\/pedal-source-audio-interruptor-tap-tempo\/\" \/>\n<meta property=\"og:locale\" content=\"en_US\" \/>\n<meta property=\"og:type\" content=\"article\" \/>\n<meta property=\"og:title\" content=\"PEDAL SOURCE AUDIO INTERRUPTOR TAP TEMPO - Mexican Guitar Players\" \/>\n<meta property=\"og:description\" content=\"PEDAL SOURCE AUDIO INTERRUPTOR TAP TEMPO. Pedal footswitch que a\u00f1ade una funcionalidad significativa a cada pedal de la serie One, ofrece control instant\u00e1neo de tap-tempo sobre las tasas de modulaci\u00f3n del Vertigo Tremolo, Lunar Phaser, Gemini Chorus y Mercury Flanger, as\u00ed como tiempos de delay en el Nemesis Delay, tambi\u00e9n hace posible desplazarse de manera externa a trav\u00e9s de los pre-ajustes en el Nemesis Delay, alternar entre los motores de distorsi\u00f3n del L.A. Overdrive, Kingmaker Fuzz y AfterShock Bass Distortion o hacer cambios de perilla virtual en cada pedal de la serie One, tiene una salida est\u00e1ndar de \u00bc\u201d para su uso con productos compatibles de terceros.\" \/>\n<meta property=\"og:url\" content=\"https:\/\/www.mexicanguitarplayers.com\/en\/tienda\/cuerdas\/efectos\/efectos-individuales\/pedal-source-audio-interruptor-tap-tempo\/\" \/>\n<meta property=\"og:site_name\" content=\"Mexican Guitar Players\" \/>\n<meta property=\"article:modified_time\" content=\"2023-07-01T19:20:26+00:00\" \/>\n<meta property=\"og:image\" content=\"https:\/\/www.mexicanguitarplayers.com\/wp-content\/uploads\/2022\/08\/VASIOSA167.jpg\" \/>\n\t<meta property=\"og:image:width\" content=\"1200\" \/>\n\t<meta property=\"og:image:height\" content=\"1200\" \/>\n\t<meta property=\"og:image:type\" content=\"image\/jpeg\" \/>\n<meta name=\"twitter:card\" content=\"summary_large_image\" \/>\n<meta name=\"twitter:label1\" content=\"Est. reading time\" \/>\n\t<meta name=\"twitter:data1\" content=\"1 minute\" \/>\n<script type=\"application\/ld+json\" class=\"yoast-schema-graph\">{\"@context\":\"https:\\\/\\\/schema.org\",\"@graph\":[{\"@type\":[\"WebPage\",\"ItemPage\"],\"@id\":\"https:\\\/\\\/www.mexicanguitarplayers.com\\\/tienda\\\/cuerdas\\\/efectos\\\/efectos-individuales\\\/pedal-source-audio-interruptor-tap-tempo\\\/\",\"url\":\"https:\\\/\\\/www.mexicanguitarplayers.com\\\/tienda\\\/cuerdas\\\/efectos\\\/efectos-individuales\\\/pedal-source-audio-interruptor-tap-tempo\\\/\",\"name\":\"PEDAL SOURCE AUDIO INTERRUPTOR TAP TEMPO - Mexican Guitar Players\",\"isPartOf\":{\"@id\":\"https:\\\/\\\/www.mexicanguitarplayers.com\\\/#website\"},\"primaryImageOfPage\":{\"@id\":\"https:\\\/\\\/www.mexicanguitarplayers.com\\\/tienda\\\/cuerdas\\\/efectos\\\/efectos-individuales\\\/pedal-source-audio-interruptor-tap-tempo\\\/#primaryimage\"},\"image\":{\"@id\":\"https:\\\/\\\/www.mexicanguitarplayers.com\\\/tienda\\\/cuerdas\\\/efectos\\\/efectos-individuales\\\/pedal-source-audio-interruptor-tap-tempo\\\/#primaryimage\"},\"thumbnailUrl\":\"https:\\\/\\\/www.mexicanguitarplayers.com\\\/wp-content\\\/uploads\\\/2022\\\/08\\\/VASIOSA167.jpg\",\"datePublished\":\"2022-08-18T22:28:29+00:00\",\"dateModified\":\"2023-07-01T19:20:26+00:00\",\"description\":\"PEDAL SOURCE AUDIO INTERRUPTOR TAP TEMPO. Pedal footswitch que a\u00f1ade una funcionalidad significativa a cada pedal de la serie One, ofrece control instant\u00e1neo de tap-tempo sobre las tasas de modulaci\u00f3n del Vertigo Tremolo, Lunar Phaser, Gemini Chorus y Mercury Flanger, as\u00ed como tiempos de delay en el Nemesis Delay, tambi\u00e9n hace posible desplazarse de manera externa a trav\u00e9s de los pre-ajustes en el Nemesis Delay, alternar entre los motores de distorsi\u00f3n del L.A. Overdrive, Kingmaker Fuzz y AfterShock Bass Distortion o hacer cambios de perilla virtual en cada pedal de la serie One, tiene una salida est\u00e1ndar de \u00bc\u201d para su uso con productos compatibles de terceros.\",\"breadcrumb\":{\"@id\":\"https:\\\/\\\/www.mexicanguitarplayers.com\\\/tienda\\\/cuerdas\\\/efectos\\\/efectos-individuales\\\/pedal-source-audio-interruptor-tap-tempo\\\/#breadcrumb\"},\"inLanguage\":\"en-US\",\"potentialAction\":[{\"@type\":\"ReadAction\",\"target\":[\"https:\\\/\\\/www.mexicanguitarplayers.com\\\/tienda\\\/cuerdas\\\/efectos\\\/efectos-individuales\\\/pedal-source-audio-interruptor-tap-tempo\\\/\"]}]},{\"@type\":\"ImageObject\",\"inLanguage\":\"en-US\",\"@id\":\"https:\\\/\\\/www.mexicanguitarplayers.com\\\/tienda\\\/cuerdas\\\/efectos\\\/efectos-individuales\\\/pedal-source-audio-interruptor-tap-tempo\\\/#primaryimage\",\"url\":\"https:\\\/\\\/www.mexicanguitarplayers.com\\\/wp-content\\\/uploads\\\/2022\\\/08\\\/VASIOSA167.jpg\",\"contentUrl\":\"https:\\\/\\\/www.mexicanguitarplayers.com\\\/wp-content\\\/uploads\\\/2022\\\/08\\\/VASIOSA167.jpg\",\"width\":1200,\"height\":1200},{\"@type\":\"BreadcrumbList\",\"@id\":\"https:\\\/\\\/www.mexicanguitarplayers.com\\\/tienda\\\/cuerdas\\\/efectos\\\/efectos-individuales\\\/pedal-source-audio-interruptor-tap-tempo\\\/#breadcrumb\",\"itemListElement\":[{\"@type\":\"ListItem\",\"position\":1,\"name\":\"Portada\",\"item\":\"https:\\\/\\\/www.mexicanguitarplayers.com\\\/\"},{\"@type\":\"ListItem\",\"position\":2,\"name\":\"Tienda\",\"item\":\"https:\\\/\\\/www.mexicanguitarplayers.com\\\/tienda\\\/\"},{\"@type\":\"ListItem\",\"position\":3,\"name\":\"PEDAL SOURCE AUDIO INTERRUPTOR TAP TEMPO\"}]},{\"@type\":\"WebSite\",\"@id\":\"https:\\\/\\\/www.mexicanguitarplayers.com\\\/#website\",\"url\":\"https:\\\/\\\/www.mexicanguitarplayers.com\\\/\",\"name\":\"Mexican Guitar Players\",\"description\":\"Website\",\"publisher\":{\"@id\":\"https:\\\/\\\/www.mexicanguitarplayers.com\\\/#organization\"},\"potentialAction\":[{\"@type\":\"SearchAction\",\"target\":{\"@type\":\"EntryPoint\",\"urlTemplate\":\"https:\\\/\\\/www.mexicanguitarplayers.com\\\/?s={search_term_string}\"},\"query-input\":{\"@type\":\"PropertyValueSpecification\",\"valueRequired\":true,\"valueName\":\"search_term_string\"}}],\"inLanguage\":\"en-US\"},{\"@type\":\"Organization\",\"@id\":\"https:\\\/\\\/www.mexicanguitarplayers.com\\\/#organization\",\"name\":\"Mexican Guitar Players\",\"url\":\"https:\\\/\\\/www.mexicanguitarplayers.com\\\/\",\"logo\":{\"@type\":\"ImageObject\",\"inLanguage\":\"en-US\",\"@id\":\"https:\\\/\\\/www.mexicanguitarplayers.com\\\/#\\\/schema\\\/logo\\\/image\\\/\",\"url\":\"\",\"contentUrl\":\"\",\"caption\":\"Mexican Guitar Players\"},\"image\":{\"@id\":\"https:\\\/\\\/www.mexicanguitarplayers.com\\\/#\\\/schema\\\/logo\\\/image\\\/\"}}]}<\/script>\n<!-- \/ Yoast SEO plugin. -->","yoast_head_json":{"title":"PEDAL SOURCE AUDIO INTERRUPTOR TAP TEMPO - Mexican Guitar Players","description":"PEDAL SOURCE AUDIO INTERRUPTOR TAP TEMPO. Pedal footswitch que a\u00f1ade una funcionalidad significativa a cada pedal de la serie One, ofrece control instant\u00e1neo de tap-tempo sobre las tasas de modulaci\u00f3n del Vertigo Tremolo, Lunar Phaser, Gemini Chorus y Mercury Flanger, as\u00ed como tiempos de delay en el Nemesis Delay, tambi\u00e9n hace posible desplazarse de manera externa a trav\u00e9s de los pre-ajustes en el Nemesis Delay, alternar entre los motores de distorsi\u00f3n del L.A. Overdrive, Kingmaker Fuzz y AfterShock Bass Distortion o hacer cambios de perilla virtual en cada pedal de la serie One, tiene una salida est\u00e1ndar de \u00bc\u201d para su uso con productos compatibles de terceros.","robots":{"index":"index","follow":"follow","max-snippet":"max-snippet:-1","max-image-preview":"max-image-preview:large","max-video-preview":"max-video-preview:-1"},"canonical":"https:\/\/www.mexicanguitarplayers.com\/en\/tienda\/cuerdas\/efectos\/efectos-individuales\/pedal-source-audio-interruptor-tap-tempo\/","og_locale":"en_US","og_type":"article","og_title":"PEDAL SOURCE AUDIO INTERRUPTOR TAP TEMPO - Mexican Guitar Players","og_description":"PEDAL SOURCE AUDIO INTERRUPTOR TAP TEMPO. Pedal footswitch que a\u00f1ade una funcionalidad significativa a cada pedal de la serie One, ofrece control instant\u00e1neo de tap-tempo sobre las tasas de modulaci\u00f3n del Vertigo Tremolo, Lunar Phaser, Gemini Chorus y Mercury Flanger, as\u00ed como tiempos de delay en el Nemesis Delay, tambi\u00e9n hace posible desplazarse de manera externa a trav\u00e9s de los pre-ajustes en el Nemesis Delay, alternar entre los motores de distorsi\u00f3n del L.A. Overdrive, Kingmaker Fuzz y AfterShock Bass Distortion o hacer cambios de perilla virtual en cada pedal de la serie One, tiene una salida est\u00e1ndar de \u00bc\u201d para su uso con productos compatibles de terceros.","og_url":"https:\/\/www.mexicanguitarplayers.com\/en\/tienda\/cuerdas\/efectos\/efectos-individuales\/pedal-source-audio-interruptor-tap-tempo\/","og_site_name":"Mexican Guitar Players","article_modified_time":"2023-07-01T19:20:26+00:00","og_image":[{"width":1200,"height":1200,"url":"https:\/\/www.mexicanguitarplayers.com\/wp-content\/uploads\/2022\/08\/VASIOSA167.jpg","type":"image\/jpeg"}],"twitter_card":"summary_large_image","twitter_misc":{"Est. reading time":"1 minute"},"schema":{"@context":"https:\/\/schema.org","@graph":[{"@type":["WebPage","ItemPage"],"@id":"https:\/\/www.mexicanguitarplayers.com\/tienda\/cuerdas\/efectos\/efectos-individuales\/pedal-source-audio-interruptor-tap-tempo\/","url":"https:\/\/www.mexicanguitarplayers.com\/tienda\/cuerdas\/efectos\/efectos-individuales\/pedal-source-audio-interruptor-tap-tempo\/","name":"PEDAL SOURCE AUDIO INTERRUPTOR TAP TEMPO - Mexican Guitar Players","isPartOf":{"@id":"https:\/\/www.mexicanguitarplayers.com\/#website"},"primaryImageOfPage":{"@id":"https:\/\/www.mexicanguitarplayers.com\/tienda\/cuerdas\/efectos\/efectos-individuales\/pedal-source-audio-interruptor-tap-tempo\/#primaryimage"},"image":{"@id":"https:\/\/www.mexicanguitarplayers.com\/tienda\/cuerdas\/efectos\/efectos-individuales\/pedal-source-audio-interruptor-tap-tempo\/#primaryimage"},"thumbnailUrl":"https:\/\/www.mexicanguitarplayers.com\/wp-content\/uploads\/2022\/08\/VASIOSA167.jpg","datePublished":"2022-08-18T22:28:29+00:00","dateModified":"2023-07-01T19:20:26+00:00","description":"PEDAL SOURCE AUDIO INTERRUPTOR TAP TEMPO. Pedal footswitch que a\u00f1ade una funcionalidad significativa a cada pedal de la serie One, ofrece control instant\u00e1neo de tap-tempo sobre las tasas de modulaci\u00f3n del Vertigo Tremolo, Lunar Phaser, Gemini Chorus y Mercury Flanger, as\u00ed como tiempos de delay en el Nemesis Delay, tambi\u00e9n hace posible desplazarse de manera externa a trav\u00e9s de los pre-ajustes en el Nemesis Delay, alternar entre los motores de distorsi\u00f3n del L.A. Overdrive, Kingmaker Fuzz y AfterShock Bass Distortion o hacer cambios de perilla virtual en cada pedal de la serie One, tiene una salida est\u00e1ndar de \u00bc\u201d para su uso con productos compatibles de terceros.","breadcrumb":{"@id":"https:\/\/www.mexicanguitarplayers.com\/tienda\/cuerdas\/efectos\/efectos-individuales\/pedal-source-audio-interruptor-tap-tempo\/#breadcrumb"},"inLanguage":"en-US","potentialAction":[{"@type":"ReadAction","target":["https:\/\/www.mexicanguitarplayers.com\/tienda\/cuerdas\/efectos\/efectos-individuales\/pedal-source-audio-interruptor-tap-tempo\/"]}]},{"@type":"ImageObject","inLanguage":"en-US","@id":"https:\/\/www.mexicanguitarplayers.com\/tienda\/cuerdas\/efectos\/efectos-individuales\/pedal-source-audio-interruptor-tap-tempo\/#primaryimage","url":"https:\/\/www.mexicanguitarplayers.com\/wp-content\/uploads\/2022\/08\/VASIOSA167.jpg","contentUrl":"https:\/\/www.mexicanguitarplayers.com\/wp-content\/uploads\/2022\/08\/VASIOSA167.jpg","width":1200,"height":1200},{"@type":"BreadcrumbList","@id":"https:\/\/www.mexicanguitarplayers.com\/tienda\/cuerdas\/efectos\/efectos-individuales\/pedal-source-audio-interruptor-tap-tempo\/#breadcrumb","itemListElement":[{"@type":"ListItem","position":1,"name":"Portada","item":"https:\/\/www.mexicanguitarplayers.com\/"},{"@type":"ListItem","position":2,"name":"Tienda","item":"https:\/\/www.mexicanguitarplayers.com\/tienda\/"},{"@type":"ListItem","position":3,"name":"PEDAL SOURCE AUDIO INTERRUPTOR TAP TEMPO"}]},{"@type":"WebSite","@id":"https:\/\/www.mexicanguitarplayers.com\/#website","url":"https:\/\/www.mexicanguitarplayers.com\/","name":"Mexican Guitar Players","description":"Website","publisher":{"@id":"https:\/\/www.mexicanguitarplayers.com\/#organization"},"potentialAction":[{"@type":"SearchAction","target":{"@type":"EntryPoint","urlTemplate":"https:\/\/www.mexicanguitarplayers.com\/?s={search_term_string}"},"query-input":{"@type":"PropertyValueSpecification","valueRequired":true,"valueName":"search_term_string"}}],"inLanguage":"en-US"},{"@type":"Organization","@id":"https:\/\/www.mexicanguitarplayers.com\/#organization","name":"Mexican Guitar Players","url":"https:\/\/www.mexicanguitarplayers.com\/","logo":{"@type":"ImageObject","inLanguage":"en-US","@id":"https:\/\/www.mexicanguitarplayers.com\/#\/schema\/logo\/image\/","url":"","contentUrl":"","caption":"Mexican Guitar Players"},"image":{"@id":"https:\/\/www.mexicanguitarplayers.com\/#\/schema\/logo\/image\/"}}]}},"brands":[{"id":608,"name":"AUDIO SOURCE","slug":"source-audio"}],"_links":{"self":[{"href":"https:\/\/www.mexicanguitarplayers.com\/en\/wp-json\/wp\/v2\/product\/17010","targetHints":{"allow":["GET"]}}],"collection":[{"href":"https:\/\/www.mexicanguitarplayers.com\/en\/wp-json\/wp\/v2\/product"}],"about":[{"href":"https:\/\/www.mexicanguitarplayers.com\/en\/wp-json\/wp\/v2\/types\/product"}],"replies":[{"embeddable":true,"href":"https:\/\/www.mexicanguitarplayers.com\/en\/wp-json\/wp\/v2\/comments?post=17010"}],"wp:featuredmedia":[{"embeddable":true,"href":"https:\/\/www.mexicanguitarplayers.com\/en\/wp-json\/wp\/v2\/media\/17009"}],"wp:attachment":[{"href":"https:\/\/www.mexicanguitarplayers.com\/en\/wp-json\/wp\/v2\/media?parent=17010"}],"wp:term":[{"taxonomy":"pwb-brand","embeddable":true,"href":"https:\/\/www.mexicanguitarplayers.com\/en\/wp-json\/wp\/v2\/pwb-brand?post=17010"},{"taxonomy":"product_brand","embeddable":true,"href":"https:\/\/www.mexicanguitarplayers.com\/en\/wp-json\/wp\/v2\/product_brand?post=17010"},{"taxonomy":"product_cat","embeddable":true,"href":"https:\/\/www.mexicanguitarplayers.com\/en\/wp-json\/wp\/v2\/product_cat?post=17010"},{"taxonomy":"product_tag","embeddable":true,"href":"https:\/\/www.mexicanguitarplayers.com\/en\/wp-json\/wp\/v2\/product_tag?post=17010"}],"curies":[{"name":"wp","href":"https:\/\/api.w.org\/{rel}","templated":true}]}}