{"id":17012,"date":"2022-08-18T17:28:32","date_gmt":"2022-08-18T22:28:32","guid":{"rendered":"https:\/\/www.mexicanguitarplayers.com\/tienda\/sin%20categor\u00eda\/pedal-source-audio-ultra-wave\/"},"modified":"2026-04-10T05:03:19","modified_gmt":"2026-04-10T11:03:19","slug":"pedal-source-audio-ultra-wave","status":"publish","type":"product","link":"https:\/\/www.mexicanguitarplayers.com\/en\/tienda\/cuerdas\/efectos\/efectos-individuales\/pedal-source-audio-ultra-wave\/","title":{"rendered":"PEDAL SOURCE AUDIO ULTRA WAVE"},"content":{"rendered":"<div style=\"text-align: justify\">\n<div>\n<h3>PEDAL SOURCE AUDIO ULTRA WAVE<\/h3>\n<\/div>\n<div>Multi-Band Ultrawave Guitar Processor Compact Design 378 Band Split Options Including Single, 2, 3, 4, 8 and 10 Bands 44 Overdrive and Fuzz Distortion Types Including Tube, Diode, Foldback, Negative Flip Diode, Octave Up and more, Compressor\/Expander, Stereo Inputs and Outputs, Detailed LFO controls to control Tremolo, Morphing or Ring Mod functions, 8-Band Graphic EQ, Adjustable Noise Gate, Assignable Knobs for quick on-stage changes, Make Changes Simultaneous On-the-Fly Up to Three Parameters with an External Expression Pedal, 6 Toggle Switch Accessible Presets, Select Between Buffered or Relay-Based Analog True Bypass, MIDI Compatible, USB Port, Durable Anodized Aluminum Housing, Access quickly and easily to a vast collection of published presets created by the Source Audio team and the growing Ultrawave Neuro community, Drive, Level, Sustai knobs n Bass and Treble Mid, dimensions: 11.4 x 7 x 5.1 cm (including knobs).<\/div>\n<\/div>","protected":false},"excerpt":{"rendered":"<p>Procesador ultrawave multibanda para guitarra, dise\u00f1o compacto, 378 opciones de divisi\u00f3n de banda que incluyen bandas simples, 2, 3, 4, 8 y 10 bandas, 44 tipos de distorsi\u00f3n overdrive y fuzz que incluyen Tube, Diode, Foldback, Negative Flip Diode, Octave Up y m\u00e1s, compresor\/expansor, entradas y salidas est\u00e9reo, controles LFO detallados para controlar las funciones Tremolo, Morphing o Ring Mod, ecualizador gr\u00e1fico de 8 bandas, noise gate ajustable, perillas asignables para realizar cambios r\u00e1pidos en el escenario, realiza cambios simult\u00e1neos y sobre la marcha de hasta tres par\u00e1metros con un pedal de expresi\u00f3n externo, 6 ajustes prestablecidos accesibles por toogle switch, selecciona entre True Bypass anal\u00f3gico con b\u00fafer o basado en rel\u00e9, compatibilidad con MIDI, puerto USB, carcasa duradera de aluminio anodizado, acceso r\u00e1pido y f\u00e1cil a una amplia colecci\u00f3n de presets publicados creados por el equipo de Source Audio y la creciente comunidad Ultrawave Neuro, perillas Drive, Level, Sustain Bass y Treble Mid, dimensiones: 11.4 x 7 x 5.1 cm (incluyendo perillas).&hellip; <a class=\"kt-excerpt-readmore more-link\" href=\"https:\/\/www.mexicanguitarplayers.com\/en\/tienda\/cuerdas\/efectos\/efectos-individuales\/pedal-source-audio-ultra-wave\/\">Read more<\/a><\/p>","protected":false},"featured_media":17011,"comment_status":"open","ping_status":"closed","template":"","meta":{"kt_blocks_editor_width":""},"pwb-brand":[608],"product_brand":[],"product_cat":[224,241,504],"product_tag":[],"class_list":{"0":"post-17012","1":"product","2":"type-product","3":"status-publish","4":"has-post-thumbnail","6":"pwb-brand-source-audio","7":"product_cat-cuerdas","8":"product_cat-efectos","9":"product_cat-efectos-individuales","10":"product_shipping_class-0-5-kg","12":"first","13":"outofstock","14":"featured","15":"taxable","16":"shipping-taxable","17":"purchasable","18":"product-type-simple"},"yoast_head":"<!-- This site is optimized with the Yoast SEO plugin v27.5 - https:\/\/yoast.com\/product\/yoast-seo-wordpress\/ -->\n<title>PEDAL SOURCE AUDIO ULTRA WAVE - Mexican Guitar Players<\/title>\n<meta name=\"description\" content=\"PEDAL SOURCE AUDIO ULTRA WAVE. Procesador ultrawave multibanda para guitarra, dise\u00f1o compacto, 378 opciones de divisi\u00f3n de banda que incluyen bandas simples, 2, 3, 4, 8 y 10 bandas, 44 tipos de distorsi\u00f3n overdrive y fuzz que incluyen Tube, Diode, Foldback, Negative Flip Diode, Octave Up y m\u00e1s, compresor\/expansor, entradas y salidas est\u00e9reo, controles LFO detallados para controlar las funciones Tremolo, Morphing o Ring Mod, ecualizador gr\u00e1fico de 8 bandas, noise gate ajustable, perillas asignables para realizar cambios r\u00e1pidos en el escenario, realiza cambios simult\u00e1neos y sobre la marcha de hasta tres par\u00e1metros con un pedal de expresi\u00f3n externo, 6 ajustes prestablecidos accesibles por toogle switch, selecciona entre True Bypass anal\u00f3gico con b\u00fafer o basado en rel\u00e9, compatibilidad con MIDI, puerto USB, carcasa duradera de aluminio anodizado, acceso r\u00e1pido y f\u00e1cil a una amplia colecci\u00f3n de presets publicados creados por el equipo de Source Audio y la creciente comunidad Ultrawave Neuro, perillas Drive, Level, Sustain Bass y Treble Mid, dimensiones: 11.4 x 7 x 5.1 cm (incluyendo perillas).\" \/>\n<meta name=\"robots\" content=\"index, follow, max-snippet:-1, max-image-preview:large, max-video-preview:-1\" \/>\n<link rel=\"canonical\" href=\"https:\/\/www.mexicanguitarplayers.com\/en\/tienda\/cuerdas\/efectos\/efectos-individuales\/pedal-source-audio-ultra-wave\/\" \/>\n<meta property=\"og:locale\" content=\"en_US\" \/>\n<meta property=\"og:type\" content=\"article\" \/>\n<meta property=\"og:title\" content=\"PEDAL SOURCE AUDIO ULTRA WAVE - Mexican Guitar Players\" \/>\n<meta property=\"og:description\" content=\"PEDAL SOURCE AUDIO ULTRA WAVE. Procesador ultrawave multibanda para guitarra, dise\u00f1o compacto, 378 opciones de divisi\u00f3n de banda que incluyen bandas simples, 2, 3, 4, 8 y 10 bandas, 44 tipos de distorsi\u00f3n overdrive y fuzz que incluyen Tube, Diode, Foldback, Negative Flip Diode, Octave Up y m\u00e1s, compresor\/expansor, entradas y salidas est\u00e9reo, controles LFO detallados para controlar las funciones Tremolo, Morphing o Ring Mod, ecualizador gr\u00e1fico de 8 bandas, noise gate ajustable, perillas asignables para realizar cambios r\u00e1pidos en el escenario, realiza cambios simult\u00e1neos y sobre la marcha de hasta tres par\u00e1metros con un pedal de expresi\u00f3n externo, 6 ajustes prestablecidos accesibles por toogle switch, selecciona entre True Bypass anal\u00f3gico con b\u00fafer o basado en rel\u00e9, compatibilidad con MIDI, puerto USB, carcasa duradera de aluminio anodizado, acceso r\u00e1pido y f\u00e1cil a una amplia colecci\u00f3n de presets publicados creados por el equipo de Source Audio y la creciente comunidad Ultrawave Neuro, perillas Drive, Level, Sustain Bass y Treble Mid, dimensiones: 11.4 x 7 x 5.1 cm (incluyendo perillas).\" \/>\n<meta property=\"og:url\" content=\"https:\/\/www.mexicanguitarplayers.com\/en\/tienda\/cuerdas\/efectos\/efectos-individuales\/pedal-source-audio-ultra-wave\/\" \/>\n<meta property=\"og:site_name\" content=\"Mexican Guitar Players\" \/>\n<meta property=\"article:modified_time\" content=\"2026-04-10T11:03:19+00:00\" \/>\n<meta property=\"og:image\" content=\"https:\/\/www.mexicanguitarplayers.com\/wp-content\/uploads\/2022\/08\/VASIOSA250.jpg\" \/>\n\t<meta property=\"og:image:width\" content=\"1200\" \/>\n\t<meta property=\"og:image:height\" content=\"1200\" \/>\n\t<meta property=\"og:image:type\" content=\"image\/jpeg\" \/>\n<meta name=\"twitter:card\" content=\"summary_large_image\" \/>\n<meta name=\"twitter:label1\" content=\"Est. reading time\" \/>\n\t<meta name=\"twitter:data1\" content=\"1 minute\" \/>\n<script type=\"application\/ld+json\" class=\"yoast-schema-graph\">{\"@context\":\"https:\\\/\\\/schema.org\",\"@graph\":[{\"@type\":[\"WebPage\",\"ItemPage\"],\"@id\":\"https:\\\/\\\/www.mexicanguitarplayers.com\\\/tienda\\\/cuerdas\\\/efectos\\\/efectos-individuales\\\/pedal-source-audio-ultra-wave\\\/\",\"url\":\"https:\\\/\\\/www.mexicanguitarplayers.com\\\/tienda\\\/cuerdas\\\/efectos\\\/efectos-individuales\\\/pedal-source-audio-ultra-wave\\\/\",\"name\":\"PEDAL SOURCE AUDIO ULTRA WAVE - Mexican Guitar Players\",\"isPartOf\":{\"@id\":\"https:\\\/\\\/www.mexicanguitarplayers.com\\\/#website\"},\"primaryImageOfPage\":{\"@id\":\"https:\\\/\\\/www.mexicanguitarplayers.com\\\/tienda\\\/cuerdas\\\/efectos\\\/efectos-individuales\\\/pedal-source-audio-ultra-wave\\\/#primaryimage\"},\"image\":{\"@id\":\"https:\\\/\\\/www.mexicanguitarplayers.com\\\/tienda\\\/cuerdas\\\/efectos\\\/efectos-individuales\\\/pedal-source-audio-ultra-wave\\\/#primaryimage\"},\"thumbnailUrl\":\"https:\\\/\\\/www.mexicanguitarplayers.com\\\/wp-content\\\/uploads\\\/2022\\\/08\\\/VASIOSA250.jpg\",\"datePublished\":\"2022-08-18T22:28:32+00:00\",\"dateModified\":\"2026-04-10T11:03:19+00:00\",\"description\":\"PEDAL SOURCE AUDIO ULTRA WAVE. Procesador ultrawave multibanda para guitarra, dise\u00f1o compacto, 378 opciones de divisi\u00f3n de banda que incluyen bandas simples, 2, 3, 4, 8 y 10 bandas, 44 tipos de distorsi\u00f3n overdrive y fuzz que incluyen Tube, Diode, Foldback, Negative Flip Diode, Octave Up y m\u00e1s, compresor\\\/expansor, entradas y salidas est\u00e9reo, controles LFO detallados para controlar las funciones Tremolo, Morphing o Ring Mod, ecualizador gr\u00e1fico de 8 bandas, noise gate ajustable, perillas asignables para realizar cambios r\u00e1pidos en el escenario, realiza cambios simult\u00e1neos y sobre la marcha de hasta tres par\u00e1metros con un pedal de expresi\u00f3n externo, 6 ajustes prestablecidos accesibles por toogle switch, selecciona entre True Bypass anal\u00f3gico con b\u00fafer o basado en rel\u00e9, compatibilidad con MIDI, puerto USB, carcasa duradera de aluminio anodizado, acceso r\u00e1pido y f\u00e1cil a una amplia colecci\u00f3n de presets publicados creados por el equipo de Source Audio y la creciente comunidad Ultrawave Neuro, perillas Drive, Level, Sustain Bass y Treble Mid, dimensiones: 11.4 x 7 x 5.1 cm (incluyendo perillas).\",\"breadcrumb\":{\"@id\":\"https:\\\/\\\/www.mexicanguitarplayers.com\\\/tienda\\\/cuerdas\\\/efectos\\\/efectos-individuales\\\/pedal-source-audio-ultra-wave\\\/#breadcrumb\"},\"inLanguage\":\"en-US\",\"potentialAction\":[{\"@type\":\"ReadAction\",\"target\":[\"https:\\\/\\\/www.mexicanguitarplayers.com\\\/tienda\\\/cuerdas\\\/efectos\\\/efectos-individuales\\\/pedal-source-audio-ultra-wave\\\/\"]}]},{\"@type\":\"ImageObject\",\"inLanguage\":\"en-US\",\"@id\":\"https:\\\/\\\/www.mexicanguitarplayers.com\\\/tienda\\\/cuerdas\\\/efectos\\\/efectos-individuales\\\/pedal-source-audio-ultra-wave\\\/#primaryimage\",\"url\":\"https:\\\/\\\/www.mexicanguitarplayers.com\\\/wp-content\\\/uploads\\\/2022\\\/08\\\/VASIOSA250.jpg\",\"contentUrl\":\"https:\\\/\\\/www.mexicanguitarplayers.com\\\/wp-content\\\/uploads\\\/2022\\\/08\\\/VASIOSA250.jpg\",\"width\":1200,\"height\":1200},{\"@type\":\"BreadcrumbList\",\"@id\":\"https:\\\/\\\/www.mexicanguitarplayers.com\\\/tienda\\\/cuerdas\\\/efectos\\\/efectos-individuales\\\/pedal-source-audio-ultra-wave\\\/#breadcrumb\",\"itemListElement\":[{\"@type\":\"ListItem\",\"position\":1,\"name\":\"Portada\",\"item\":\"https:\\\/\\\/www.mexicanguitarplayers.com\\\/\"},{\"@type\":\"ListItem\",\"position\":2,\"name\":\"Tienda\",\"item\":\"https:\\\/\\\/www.mexicanguitarplayers.com\\\/tienda\\\/\"},{\"@type\":\"ListItem\",\"position\":3,\"name\":\"PEDAL SOURCE AUDIO ULTRA WAVE\"}]},{\"@type\":\"WebSite\",\"@id\":\"https:\\\/\\\/www.mexicanguitarplayers.com\\\/#website\",\"url\":\"https:\\\/\\\/www.mexicanguitarplayers.com\\\/\",\"name\":\"Mexican Guitar Players\",\"description\":\"Website\",\"publisher\":{\"@id\":\"https:\\\/\\\/www.mexicanguitarplayers.com\\\/#organization\"},\"potentialAction\":[{\"@type\":\"SearchAction\",\"target\":{\"@type\":\"EntryPoint\",\"urlTemplate\":\"https:\\\/\\\/www.mexicanguitarplayers.com\\\/?s={search_term_string}\"},\"query-input\":{\"@type\":\"PropertyValueSpecification\",\"valueRequired\":true,\"valueName\":\"search_term_string\"}}],\"inLanguage\":\"en-US\"},{\"@type\":\"Organization\",\"@id\":\"https:\\\/\\\/www.mexicanguitarplayers.com\\\/#organization\",\"name\":\"Mexican Guitar Players\",\"url\":\"https:\\\/\\\/www.mexicanguitarplayers.com\\\/\",\"logo\":{\"@type\":\"ImageObject\",\"inLanguage\":\"en-US\",\"@id\":\"https:\\\/\\\/www.mexicanguitarplayers.com\\\/#\\\/schema\\\/logo\\\/image\\\/\",\"url\":\"\",\"contentUrl\":\"\",\"caption\":\"Mexican Guitar Players\"},\"image\":{\"@id\":\"https:\\\/\\\/www.mexicanguitarplayers.com\\\/#\\\/schema\\\/logo\\\/image\\\/\"}}]}<\/script>\n<!-- \/ Yoast SEO plugin. -->","yoast_head_json":{"title":"PEDAL SOURCE AUDIO ULTRA WAVE - Mexican Guitar Players","description":"PEDAL SOURCE AUDIO ULTRA WAVE. Procesador ultrawave multibanda para guitarra, dise\u00f1o compacto, 378 opciones de divisi\u00f3n de banda que incluyen bandas simples, 2, 3, 4, 8 y 10 bandas, 44 tipos de distorsi\u00f3n overdrive y fuzz que incluyen Tube, Diode, Foldback, Negative Flip Diode, Octave Up y m\u00e1s, compresor\/expansor, entradas y salidas est\u00e9reo, controles LFO detallados para controlar las funciones Tremolo, Morphing o Ring Mod, ecualizador gr\u00e1fico de 8 bandas, noise gate ajustable, perillas asignables para realizar cambios r\u00e1pidos en el escenario, realiza cambios simult\u00e1neos y sobre la marcha de hasta tres par\u00e1metros con un pedal de expresi\u00f3n externo, 6 ajustes prestablecidos accesibles por toogle switch, selecciona entre True Bypass anal\u00f3gico con b\u00fafer o basado en rel\u00e9, compatibilidad con MIDI, puerto USB, carcasa duradera de aluminio anodizado, acceso r\u00e1pido y f\u00e1cil a una amplia colecci\u00f3n de presets publicados creados por el equipo de Source Audio y la creciente comunidad Ultrawave Neuro, perillas Drive, Level, Sustain Bass y Treble Mid, dimensiones: 11.4 x 7 x 5.1 cm (incluyendo perillas).","robots":{"index":"index","follow":"follow","max-snippet":"max-snippet:-1","max-image-preview":"max-image-preview:large","max-video-preview":"max-video-preview:-1"},"canonical":"https:\/\/www.mexicanguitarplayers.com\/en\/tienda\/cuerdas\/efectos\/efectos-individuales\/pedal-source-audio-ultra-wave\/","og_locale":"en_US","og_type":"article","og_title":"PEDAL SOURCE AUDIO ULTRA WAVE - Mexican Guitar Players","og_description":"PEDAL SOURCE AUDIO ULTRA WAVE. Procesador ultrawave multibanda para guitarra, dise\u00f1o compacto, 378 opciones de divisi\u00f3n de banda que incluyen bandas simples, 2, 3, 4, 8 y 10 bandas, 44 tipos de distorsi\u00f3n overdrive y fuzz que incluyen Tube, Diode, Foldback, Negative Flip Diode, Octave Up y m\u00e1s, compresor\/expansor, entradas y salidas est\u00e9reo, controles LFO detallados para controlar las funciones Tremolo, Morphing o Ring Mod, ecualizador gr\u00e1fico de 8 bandas, noise gate ajustable, perillas asignables para realizar cambios r\u00e1pidos en el escenario, realiza cambios simult\u00e1neos y sobre la marcha de hasta tres par\u00e1metros con un pedal de expresi\u00f3n externo, 6 ajustes prestablecidos accesibles por toogle switch, selecciona entre True Bypass anal\u00f3gico con b\u00fafer o basado en rel\u00e9, compatibilidad con MIDI, puerto USB, carcasa duradera de aluminio anodizado, acceso r\u00e1pido y f\u00e1cil a una amplia colecci\u00f3n de presets publicados creados por el equipo de Source Audio y la creciente comunidad Ultrawave Neuro, perillas Drive, Level, Sustain Bass y Treble Mid, dimensiones: 11.4 x 7 x 5.1 cm (incluyendo perillas).","og_url":"https:\/\/www.mexicanguitarplayers.com\/en\/tienda\/cuerdas\/efectos\/efectos-individuales\/pedal-source-audio-ultra-wave\/","og_site_name":"Mexican Guitar Players","article_modified_time":"2026-04-10T11:03:19+00:00","og_image":[{"width":1200,"height":1200,"url":"https:\/\/www.mexicanguitarplayers.com\/wp-content\/uploads\/2022\/08\/VASIOSA250.jpg","type":"image\/jpeg"}],"twitter_card":"summary_large_image","twitter_misc":{"Est. reading time":"1 minute"},"schema":{"@context":"https:\/\/schema.org","@graph":[{"@type":["WebPage","ItemPage"],"@id":"https:\/\/www.mexicanguitarplayers.com\/tienda\/cuerdas\/efectos\/efectos-individuales\/pedal-source-audio-ultra-wave\/","url":"https:\/\/www.mexicanguitarplayers.com\/tienda\/cuerdas\/efectos\/efectos-individuales\/pedal-source-audio-ultra-wave\/","name":"PEDAL SOURCE AUDIO ULTRA WAVE - Mexican Guitar Players","isPartOf":{"@id":"https:\/\/www.mexicanguitarplayers.com\/#website"},"primaryImageOfPage":{"@id":"https:\/\/www.mexicanguitarplayers.com\/tienda\/cuerdas\/efectos\/efectos-individuales\/pedal-source-audio-ultra-wave\/#primaryimage"},"image":{"@id":"https:\/\/www.mexicanguitarplayers.com\/tienda\/cuerdas\/efectos\/efectos-individuales\/pedal-source-audio-ultra-wave\/#primaryimage"},"thumbnailUrl":"https:\/\/www.mexicanguitarplayers.com\/wp-content\/uploads\/2022\/08\/VASIOSA250.jpg","datePublished":"2022-08-18T22:28:32+00:00","dateModified":"2026-04-10T11:03:19+00:00","description":"PEDAL SOURCE AUDIO ULTRA WAVE. Procesador ultrawave multibanda para guitarra, dise\u00f1o compacto, 378 opciones de divisi\u00f3n de banda que incluyen bandas simples, 2, 3, 4, 8 y 10 bandas, 44 tipos de distorsi\u00f3n overdrive y fuzz que incluyen Tube, Diode, Foldback, Negative Flip Diode, Octave Up y m\u00e1s, compresor\/expansor, entradas y salidas est\u00e9reo, controles LFO detallados para controlar las funciones Tremolo, Morphing o Ring Mod, ecualizador gr\u00e1fico de 8 bandas, noise gate ajustable, perillas asignables para realizar cambios r\u00e1pidos en el escenario, realiza cambios simult\u00e1neos y sobre la marcha de hasta tres par\u00e1metros con un pedal de expresi\u00f3n externo, 6 ajustes prestablecidos accesibles por toogle switch, selecciona entre True Bypass anal\u00f3gico con b\u00fafer o basado en rel\u00e9, compatibilidad con MIDI, puerto USB, carcasa duradera de aluminio anodizado, acceso r\u00e1pido y f\u00e1cil a una amplia colecci\u00f3n de presets publicados creados por el equipo de Source Audio y la creciente comunidad Ultrawave Neuro, perillas Drive, Level, Sustain Bass y Treble Mid, dimensiones: 11.4 x 7 x 5.1 cm (incluyendo perillas).","breadcrumb":{"@id":"https:\/\/www.mexicanguitarplayers.com\/tienda\/cuerdas\/efectos\/efectos-individuales\/pedal-source-audio-ultra-wave\/#breadcrumb"},"inLanguage":"en-US","potentialAction":[{"@type":"ReadAction","target":["https:\/\/www.mexicanguitarplayers.com\/tienda\/cuerdas\/efectos\/efectos-individuales\/pedal-source-audio-ultra-wave\/"]}]},{"@type":"ImageObject","inLanguage":"en-US","@id":"https:\/\/www.mexicanguitarplayers.com\/tienda\/cuerdas\/efectos\/efectos-individuales\/pedal-source-audio-ultra-wave\/#primaryimage","url":"https:\/\/www.mexicanguitarplayers.com\/wp-content\/uploads\/2022\/08\/VASIOSA250.jpg","contentUrl":"https:\/\/www.mexicanguitarplayers.com\/wp-content\/uploads\/2022\/08\/VASIOSA250.jpg","width":1200,"height":1200},{"@type":"BreadcrumbList","@id":"https:\/\/www.mexicanguitarplayers.com\/tienda\/cuerdas\/efectos\/efectos-individuales\/pedal-source-audio-ultra-wave\/#breadcrumb","itemListElement":[{"@type":"ListItem","position":1,"name":"Portada","item":"https:\/\/www.mexicanguitarplayers.com\/"},{"@type":"ListItem","position":2,"name":"Tienda","item":"https:\/\/www.mexicanguitarplayers.com\/tienda\/"},{"@type":"ListItem","position":3,"name":"PEDAL SOURCE AUDIO ULTRA WAVE"}]},{"@type":"WebSite","@id":"https:\/\/www.mexicanguitarplayers.com\/#website","url":"https:\/\/www.mexicanguitarplayers.com\/","name":"Mexican Guitar Players","description":"Website","publisher":{"@id":"https:\/\/www.mexicanguitarplayers.com\/#organization"},"potentialAction":[{"@type":"SearchAction","target":{"@type":"EntryPoint","urlTemplate":"https:\/\/www.mexicanguitarplayers.com\/?s={search_term_string}"},"query-input":{"@type":"PropertyValueSpecification","valueRequired":true,"valueName":"search_term_string"}}],"inLanguage":"en-US"},{"@type":"Organization","@id":"https:\/\/www.mexicanguitarplayers.com\/#organization","name":"Mexican Guitar Players","url":"https:\/\/www.mexicanguitarplayers.com\/","logo":{"@type":"ImageObject","inLanguage":"en-US","@id":"https:\/\/www.mexicanguitarplayers.com\/#\/schema\/logo\/image\/","url":"","contentUrl":"","caption":"Mexican Guitar Players"},"image":{"@id":"https:\/\/www.mexicanguitarplayers.com\/#\/schema\/logo\/image\/"}}]}},"brands":[{"id":608,"name":"AUDIO SOURCE","slug":"source-audio"}],"_links":{"self":[{"href":"https:\/\/www.mexicanguitarplayers.com\/en\/wp-json\/wp\/v2\/product\/17012","targetHints":{"allow":["GET"]}}],"collection":[{"href":"https:\/\/www.mexicanguitarplayers.com\/en\/wp-json\/wp\/v2\/product"}],"about":[{"href":"https:\/\/www.mexicanguitarplayers.com\/en\/wp-json\/wp\/v2\/types\/product"}],"replies":[{"embeddable":true,"href":"https:\/\/www.mexicanguitarplayers.com\/en\/wp-json\/wp\/v2\/comments?post=17012"}],"wp:featuredmedia":[{"embeddable":true,"href":"https:\/\/www.mexicanguitarplayers.com\/en\/wp-json\/wp\/v2\/media\/17011"}],"wp:attachment":[{"href":"https:\/\/www.mexicanguitarplayers.com\/en\/wp-json\/wp\/v2\/media?parent=17012"}],"wp:term":[{"taxonomy":"pwb-brand","embeddable":true,"href":"https:\/\/www.mexicanguitarplayers.com\/en\/wp-json\/wp\/v2\/pwb-brand?post=17012"},{"taxonomy":"product_brand","embeddable":true,"href":"https:\/\/www.mexicanguitarplayers.com\/en\/wp-json\/wp\/v2\/product_brand?post=17012"},{"taxonomy":"product_cat","embeddable":true,"href":"https:\/\/www.mexicanguitarplayers.com\/en\/wp-json\/wp\/v2\/product_cat?post=17012"},{"taxonomy":"product_tag","embeddable":true,"href":"https:\/\/www.mexicanguitarplayers.com\/en\/wp-json\/wp\/v2\/product_tag?post=17012"}],"curies":[{"name":"wp","href":"https:\/\/api.w.org\/{rel}","templated":true}]}}