{"id":17019,"date":"2022-08-18T17:28:43","date_gmt":"2022-08-18T22:28:43","guid":{"rendered":"https:\/\/www.mexicanguitarplayers.com\/tienda\/sin%20categor\u00eda\/pedal-source-audio-collider\/"},"modified":"2024-11-21T23:18:32","modified_gmt":"2024-11-22T05:18:32","slug":"pedal-source-audio-collider","status":"publish","type":"product","link":"https:\/\/www.mexicanguitarplayers.com\/en\/tienda\/cuerdas\/efectos\/multiefectos\/pedal-source-audio-collider\/","title":{"rendered":"PEDAL SOURCE AUDIO COLLIDER"},"content":{"rendered":"<div style=\"text-align: justify\">\n<div>\n<h3>PEDAL SOURCE AUDIO COLLIDER<\/h3>\n<\/div>\n<div>Delay and Reverb Effects Pedal for Electric Guitar, Create a Lush Stereo Extension with True Stereo Inputs and Outputs, Two Completely Independent Processors That Essentially Provide Two High-Powered Pedals in One Housing, Whether You Use Delay or Reverb Your Signal Still Has analog dry through routing, selectable between true bypass or buffered bypass, compact design, extruded anodized aluminum housing and slim profile, 8 presets recallable with onboard controls on the footswitch and a total of 128 presets recallable with an external MIDI controller, the app Neuro Mobil and the Desktop Neuro Editor provide \u201cunlock\u201d access to both sides of the pedal, giving you access to the opposite side regardless of switch position. which means it is possible to use this pedal as dual delay pedal and dual reverb pedal and to change the order of effects, Tap Tempo, Reverb Hold mode to hold or freeze your reverb trail, Knob Lock switch to avoid losing accidents that could lose settings, full MIDI functionality, expression control, functionality to discover previous knob positions, includes 9V DC power adapter and 1\/8\u201d to 1\/4\u201d cable for Neuro app connection Mobil, power consumption: 300 mA, USB port, dimensions: 11.4 x 11.4 cm (including knobs), weight: 0.45 kg.<\/div>\n<\/div>","protected":false},"excerpt":{"rendered":"<p>Pedal de efectos delay y reverb para guitarra el\u00e9ctrica, crea una extensi\u00f3n est\u00e9reo exuberante con verdaderas entradas y salidas est\u00e9reo, dos procesadores completamente independientes que proporcionan esencialmente dos pedales de alta potencia en una sola carcasa, ya sea que utilices delay o reverb tu se\u00f1al a\u00fan tiene ruta an\u00e1loga dry through, selecci\u00f3n entre true bypass o buffered bypass, dise\u00f1o compacto, carcasa de aluminio anodizado extruido y perfil delgado, 8 preajustes recuperables con los controles integrados en el pedal y un total de 128 preajustes recuperables con un controlador MIDI externo, la app Neuro Mobil y el Desktop Neuro Editor proporcionan acceso para \u201ddesbloquear\u201d a ambos lados del pedal, lo que te da acceso al lado opuesto independientemente de la posici\u00f3n del switch. lo que significa que es posible usar este pedal como pedal delay dual y pedal reverb dual y para cambiar el orden de los efectos,  Tap Tempo, reverb modo Hold para mantener o congelar tu rastro de reverb, switch de bloqueo de las perillas para evitar perder accidentes que puedan perder la configuraci\u00f3n, funcionalidad MIDI completa, control de expresi\u00f3n, funcionalidad para descubrir las posiciones anteriores de las perillas, incluye adaptador de corriente 9V DC y cable de 1\/8\u201d a 1\/4\u201d para la conexi\u00f3n de la app Neuro Mobil, consumo de energ\u00eda: 300 mA, puerto USB,  dimensiones: 11.4 x 11.4 cm (incluyendo perillas), peso: 0.45 kg.&hellip; <a class=\"kt-excerpt-readmore more-link\" href=\"https:\/\/www.mexicanguitarplayers.com\/en\/tienda\/cuerdas\/efectos\/multiefectos\/pedal-source-audio-collider\/\">Read more<\/a><\/p>","protected":false},"featured_media":17015,"comment_status":"open","ping_status":"closed","template":"","meta":{"kt_blocks_editor_width":""},"pwb-brand":[608],"product_brand":[],"product_cat":[224,241,242],"product_tag":[],"class_list":{"0":"post-17019","1":"product","2":"type-product","3":"status-publish","4":"has-post-thumbnail","6":"pwb-brand-source-audio","7":"product_cat-cuerdas","8":"product_cat-efectos","9":"product_cat-multiefectos","10":"product_shipping_class-0-5-kg","12":"first","13":"outofstock","14":"featured","15":"taxable","16":"shipping-taxable","17":"purchasable","18":"product-type-simple"},"yoast_head":"<!-- This site is optimized with the Yoast SEO plugin v27.5 - https:\/\/yoast.com\/product\/yoast-seo-wordpress\/ -->\n<title>PEDAL SOURCE AUDIO COLLIDER - Mexican Guitar Players<\/title>\n<meta name=\"description\" content=\"PEDAL SOURCE AUDIO COLLIDER. Pedal de efectos delay y reverb para guitarra el\u00e9ctrica, crea una extensi\u00f3n est\u00e9reo exuberante con verdaderas entradas y salidas est\u00e9reo, dos procesadores completamente independientes que proporcionan esencialmente dos pedales de alta potencia en una sola carcasa, ya sea que utilices delay o reverb tu se\u00f1al a\u00fan tiene ruta an\u00e1loga dry through, selecci\u00f3n entre true bypass o buffered bypass, dise\u00f1o compacto, carcasa de aluminio anodizado extruido y perfil delgado, 8 preajustes recuperables con los controles integrados en el pedal y un total de 128 preajustes recuperables con un controlador MIDI externo, la app Neuro Mobil y el Desktop Neuro Editor proporcionan acceso para \u201ddesbloquear\u201d a ambos lados del pedal, lo que te da acceso al lado opuesto independientemente de la posici\u00f3n del switch. lo que significa que es posible usar este pedal como pedal delay dual y pedal reverb dual y para cambiar el orden de los efectos, Tap Tempo, reverb modo Hold para mantener o congelar tu rastro de reverb, switch de bloqueo de las perillas para evitar perder accidentes que puedan perder la configuraci\u00f3n, funcionalidad MIDI completa, control de expresi\u00f3n, funcionalidad para descubrir las posiciones anteriores de las perillas, incluye adaptador de corriente 9V DC y cable de 1\/8\u201d a 1\/4\u201d para la conexi\u00f3n de la app Neuro Mobil, consumo de energ\u00eda: 300 mA, puerto USB, dimensiones: 11.4 x 11.4 cm (incluyendo perillas), peso: 0.45 kg.\" \/>\n<meta name=\"robots\" content=\"index, follow, max-snippet:-1, max-image-preview:large, max-video-preview:-1\" \/>\n<link rel=\"canonical\" href=\"https:\/\/www.mexicanguitarplayers.com\/en\/tienda\/cuerdas\/efectos\/multiefectos\/pedal-source-audio-collider\/\" \/>\n<meta property=\"og:locale\" content=\"en_US\" \/>\n<meta property=\"og:type\" content=\"article\" \/>\n<meta property=\"og:title\" content=\"PEDAL SOURCE AUDIO COLLIDER - Mexican Guitar Players\" \/>\n<meta property=\"og:description\" content=\"PEDAL SOURCE AUDIO COLLIDER. Pedal de efectos delay y reverb para guitarra el\u00e9ctrica, crea una extensi\u00f3n est\u00e9reo exuberante con verdaderas entradas y salidas est\u00e9reo, dos procesadores completamente independientes que proporcionan esencialmente dos pedales de alta potencia en una sola carcasa, ya sea que utilices delay o reverb tu se\u00f1al a\u00fan tiene ruta an\u00e1loga dry through, selecci\u00f3n entre true bypass o buffered bypass, dise\u00f1o compacto, carcasa de aluminio anodizado extruido y perfil delgado, 8 preajustes recuperables con los controles integrados en el pedal y un total de 128 preajustes recuperables con un controlador MIDI externo, la app Neuro Mobil y el Desktop Neuro Editor proporcionan acceso para \u201ddesbloquear\u201d a ambos lados del pedal, lo que te da acceso al lado opuesto independientemente de la posici\u00f3n del switch. lo que significa que es posible usar este pedal como pedal delay dual y pedal reverb dual y para cambiar el orden de los efectos, Tap Tempo, reverb modo Hold para mantener o congelar tu rastro de reverb, switch de bloqueo de las perillas para evitar perder accidentes que puedan perder la configuraci\u00f3n, funcionalidad MIDI completa, control de expresi\u00f3n, funcionalidad para descubrir las posiciones anteriores de las perillas, incluye adaptador de corriente 9V DC y cable de 1\/8\u201d a 1\/4\u201d para la conexi\u00f3n de la app Neuro Mobil, consumo de energ\u00eda: 300 mA, puerto USB, dimensiones: 11.4 x 11.4 cm (incluyendo perillas), peso: 0.45 kg.\" \/>\n<meta property=\"og:url\" content=\"https:\/\/www.mexicanguitarplayers.com\/en\/tienda\/cuerdas\/efectos\/multiefectos\/pedal-source-audio-collider\/\" \/>\n<meta property=\"og:site_name\" content=\"Mexican Guitar Players\" \/>\n<meta property=\"article:modified_time\" content=\"2024-11-22T05:18:32+00:00\" \/>\n<meta property=\"og:image\" content=\"https:\/\/www.mexicanguitarplayers.com\/wp-content\/uploads\/2022\/08\/VASIOSA263.jpg\" \/>\n\t<meta property=\"og:image:width\" content=\"1200\" \/>\n\t<meta property=\"og:image:height\" content=\"1200\" \/>\n\t<meta property=\"og:image:type\" content=\"image\/jpeg\" \/>\n<meta name=\"twitter:card\" content=\"summary_large_image\" \/>\n<meta name=\"twitter:label1\" content=\"Est. reading time\" \/>\n\t<meta name=\"twitter:data1\" content=\"1 minute\" \/>\n<script type=\"application\/ld+json\" class=\"yoast-schema-graph\">{\"@context\":\"https:\\\/\\\/schema.org\",\"@graph\":[{\"@type\":[\"WebPage\",\"ItemPage\"],\"@id\":\"https:\\\/\\\/www.mexicanguitarplayers.com\\\/tienda\\\/cuerdas\\\/efectos\\\/multiefectos\\\/pedal-source-audio-collider\\\/\",\"url\":\"https:\\\/\\\/www.mexicanguitarplayers.com\\\/tienda\\\/cuerdas\\\/efectos\\\/multiefectos\\\/pedal-source-audio-collider\\\/\",\"name\":\"PEDAL SOURCE AUDIO COLLIDER - Mexican Guitar Players\",\"isPartOf\":{\"@id\":\"https:\\\/\\\/www.mexicanguitarplayers.com\\\/#website\"},\"primaryImageOfPage\":{\"@id\":\"https:\\\/\\\/www.mexicanguitarplayers.com\\\/tienda\\\/cuerdas\\\/efectos\\\/multiefectos\\\/pedal-source-audio-collider\\\/#primaryimage\"},\"image\":{\"@id\":\"https:\\\/\\\/www.mexicanguitarplayers.com\\\/tienda\\\/cuerdas\\\/efectos\\\/multiefectos\\\/pedal-source-audio-collider\\\/#primaryimage\"},\"thumbnailUrl\":\"https:\\\/\\\/www.mexicanguitarplayers.com\\\/wp-content\\\/uploads\\\/2022\\\/08\\\/VASIOSA263.jpg\",\"datePublished\":\"2022-08-18T22:28:43+00:00\",\"dateModified\":\"2024-11-22T05:18:32+00:00\",\"description\":\"PEDAL SOURCE AUDIO COLLIDER. Pedal de efectos delay y reverb para guitarra el\u00e9ctrica, crea una extensi\u00f3n est\u00e9reo exuberante con verdaderas entradas y salidas est\u00e9reo, dos procesadores completamente independientes que proporcionan esencialmente dos pedales de alta potencia en una sola carcasa, ya sea que utilices delay o reverb tu se\u00f1al a\u00fan tiene ruta an\u00e1loga dry through, selecci\u00f3n entre true bypass o buffered bypass, dise\u00f1o compacto, carcasa de aluminio anodizado extruido y perfil delgado, 8 preajustes recuperables con los controles integrados en el pedal y un total de 128 preajustes recuperables con un controlador MIDI externo, la app Neuro Mobil y el Desktop Neuro Editor proporcionan acceso para \u201ddesbloquear\u201d a ambos lados del pedal, lo que te da acceso al lado opuesto independientemente de la posici\u00f3n del switch. lo que significa que es posible usar este pedal como pedal delay dual y pedal reverb dual y para cambiar el orden de los efectos, Tap Tempo, reverb modo Hold para mantener o congelar tu rastro de reverb, switch de bloqueo de las perillas para evitar perder accidentes que puedan perder la configuraci\u00f3n, funcionalidad MIDI completa, control de expresi\u00f3n, funcionalidad para descubrir las posiciones anteriores de las perillas, incluye adaptador de corriente 9V DC y cable de 1\\\/8\u201d a 1\\\/4\u201d para la conexi\u00f3n de la app Neuro Mobil, consumo de energ\u00eda: 300 mA, puerto USB, dimensiones: 11.4 x 11.4 cm (incluyendo perillas), peso: 0.45 kg.\",\"breadcrumb\":{\"@id\":\"https:\\\/\\\/www.mexicanguitarplayers.com\\\/tienda\\\/cuerdas\\\/efectos\\\/multiefectos\\\/pedal-source-audio-collider\\\/#breadcrumb\"},\"inLanguage\":\"en-US\",\"potentialAction\":[{\"@type\":\"ReadAction\",\"target\":[\"https:\\\/\\\/www.mexicanguitarplayers.com\\\/tienda\\\/cuerdas\\\/efectos\\\/multiefectos\\\/pedal-source-audio-collider\\\/\"]}]},{\"@type\":\"ImageObject\",\"inLanguage\":\"en-US\",\"@id\":\"https:\\\/\\\/www.mexicanguitarplayers.com\\\/tienda\\\/cuerdas\\\/efectos\\\/multiefectos\\\/pedal-source-audio-collider\\\/#primaryimage\",\"url\":\"https:\\\/\\\/www.mexicanguitarplayers.com\\\/wp-content\\\/uploads\\\/2022\\\/08\\\/VASIOSA263.jpg\",\"contentUrl\":\"https:\\\/\\\/www.mexicanguitarplayers.com\\\/wp-content\\\/uploads\\\/2022\\\/08\\\/VASIOSA263.jpg\",\"width\":1200,\"height\":1200},{\"@type\":\"BreadcrumbList\",\"@id\":\"https:\\\/\\\/www.mexicanguitarplayers.com\\\/tienda\\\/cuerdas\\\/efectos\\\/multiefectos\\\/pedal-source-audio-collider\\\/#breadcrumb\",\"itemListElement\":[{\"@type\":\"ListItem\",\"position\":1,\"name\":\"Portada\",\"item\":\"https:\\\/\\\/www.mexicanguitarplayers.com\\\/\"},{\"@type\":\"ListItem\",\"position\":2,\"name\":\"Tienda\",\"item\":\"https:\\\/\\\/www.mexicanguitarplayers.com\\\/tienda\\\/\"},{\"@type\":\"ListItem\",\"position\":3,\"name\":\"PEDAL SOURCE AUDIO COLLIDER\"}]},{\"@type\":\"WebSite\",\"@id\":\"https:\\\/\\\/www.mexicanguitarplayers.com\\\/#website\",\"url\":\"https:\\\/\\\/www.mexicanguitarplayers.com\\\/\",\"name\":\"Mexican Guitar Players\",\"description\":\"Website\",\"publisher\":{\"@id\":\"https:\\\/\\\/www.mexicanguitarplayers.com\\\/#organization\"},\"potentialAction\":[{\"@type\":\"SearchAction\",\"target\":{\"@type\":\"EntryPoint\",\"urlTemplate\":\"https:\\\/\\\/www.mexicanguitarplayers.com\\\/?s={search_term_string}\"},\"query-input\":{\"@type\":\"PropertyValueSpecification\",\"valueRequired\":true,\"valueName\":\"search_term_string\"}}],\"inLanguage\":\"en-US\"},{\"@type\":\"Organization\",\"@id\":\"https:\\\/\\\/www.mexicanguitarplayers.com\\\/#organization\",\"name\":\"Mexican Guitar Players\",\"url\":\"https:\\\/\\\/www.mexicanguitarplayers.com\\\/\",\"logo\":{\"@type\":\"ImageObject\",\"inLanguage\":\"en-US\",\"@id\":\"https:\\\/\\\/www.mexicanguitarplayers.com\\\/#\\\/schema\\\/logo\\\/image\\\/\",\"url\":\"\",\"contentUrl\":\"\",\"caption\":\"Mexican Guitar Players\"},\"image\":{\"@id\":\"https:\\\/\\\/www.mexicanguitarplayers.com\\\/#\\\/schema\\\/logo\\\/image\\\/\"}}]}<\/script>\n<!-- \/ Yoast SEO plugin. -->","yoast_head_json":{"title":"PEDAL SOURCE AUDIO COLLIDER - Mexican Guitar Players","description":"PEDAL SOURCE AUDIO COLLIDER. Pedal de efectos delay y reverb para guitarra el\u00e9ctrica, crea una extensi\u00f3n est\u00e9reo exuberante con verdaderas entradas y salidas est\u00e9reo, dos procesadores completamente independientes que proporcionan esencialmente dos pedales de alta potencia en una sola carcasa, ya sea que utilices delay o reverb tu se\u00f1al a\u00fan tiene ruta an\u00e1loga dry through, selecci\u00f3n entre true bypass o buffered bypass, dise\u00f1o compacto, carcasa de aluminio anodizado extruido y perfil delgado, 8 preajustes recuperables con los controles integrados en el pedal y un total de 128 preajustes recuperables con un controlador MIDI externo, la app Neuro Mobil y el Desktop Neuro Editor proporcionan acceso para \u201ddesbloquear\u201d a ambos lados del pedal, lo que te da acceso al lado opuesto independientemente de la posici\u00f3n del switch. lo que significa que es posible usar este pedal como pedal delay dual y pedal reverb dual y para cambiar el orden de los efectos, Tap Tempo, reverb modo Hold para mantener o congelar tu rastro de reverb, switch de bloqueo de las perillas para evitar perder accidentes que puedan perder la configuraci\u00f3n, funcionalidad MIDI completa, control de expresi\u00f3n, funcionalidad para descubrir las posiciones anteriores de las perillas, incluye adaptador de corriente 9V DC y cable de 1\/8\u201d a 1\/4\u201d para la conexi\u00f3n de la app Neuro Mobil, consumo de energ\u00eda: 300 mA, puerto USB, dimensiones: 11.4 x 11.4 cm (incluyendo perillas), peso: 0.45 kg.","robots":{"index":"index","follow":"follow","max-snippet":"max-snippet:-1","max-image-preview":"max-image-preview:large","max-video-preview":"max-video-preview:-1"},"canonical":"https:\/\/www.mexicanguitarplayers.com\/en\/tienda\/cuerdas\/efectos\/multiefectos\/pedal-source-audio-collider\/","og_locale":"en_US","og_type":"article","og_title":"PEDAL SOURCE AUDIO COLLIDER - Mexican Guitar Players","og_description":"PEDAL SOURCE AUDIO COLLIDER. Pedal de efectos delay y reverb para guitarra el\u00e9ctrica, crea una extensi\u00f3n est\u00e9reo exuberante con verdaderas entradas y salidas est\u00e9reo, dos procesadores completamente independientes que proporcionan esencialmente dos pedales de alta potencia en una sola carcasa, ya sea que utilices delay o reverb tu se\u00f1al a\u00fan tiene ruta an\u00e1loga dry through, selecci\u00f3n entre true bypass o buffered bypass, dise\u00f1o compacto, carcasa de aluminio anodizado extruido y perfil delgado, 8 preajustes recuperables con los controles integrados en el pedal y un total de 128 preajustes recuperables con un controlador MIDI externo, la app Neuro Mobil y el Desktop Neuro Editor proporcionan acceso para \u201ddesbloquear\u201d a ambos lados del pedal, lo que te da acceso al lado opuesto independientemente de la posici\u00f3n del switch. lo que significa que es posible usar este pedal como pedal delay dual y pedal reverb dual y para cambiar el orden de los efectos, Tap Tempo, reverb modo Hold para mantener o congelar tu rastro de reverb, switch de bloqueo de las perillas para evitar perder accidentes que puedan perder la configuraci\u00f3n, funcionalidad MIDI completa, control de expresi\u00f3n, funcionalidad para descubrir las posiciones anteriores de las perillas, incluye adaptador de corriente 9V DC y cable de 1\/8\u201d a 1\/4\u201d para la conexi\u00f3n de la app Neuro Mobil, consumo de energ\u00eda: 300 mA, puerto USB, dimensiones: 11.4 x 11.4 cm (incluyendo perillas), peso: 0.45 kg.","og_url":"https:\/\/www.mexicanguitarplayers.com\/en\/tienda\/cuerdas\/efectos\/multiefectos\/pedal-source-audio-collider\/","og_site_name":"Mexican Guitar Players","article_modified_time":"2024-11-22T05:18:32+00:00","og_image":[{"width":1200,"height":1200,"url":"https:\/\/www.mexicanguitarplayers.com\/wp-content\/uploads\/2022\/08\/VASIOSA263.jpg","type":"image\/jpeg"}],"twitter_card":"summary_large_image","twitter_misc":{"Est. reading time":"1 minute"},"schema":{"@context":"https:\/\/schema.org","@graph":[{"@type":["WebPage","ItemPage"],"@id":"https:\/\/www.mexicanguitarplayers.com\/tienda\/cuerdas\/efectos\/multiefectos\/pedal-source-audio-collider\/","url":"https:\/\/www.mexicanguitarplayers.com\/tienda\/cuerdas\/efectos\/multiefectos\/pedal-source-audio-collider\/","name":"PEDAL SOURCE AUDIO COLLIDER - Mexican Guitar Players","isPartOf":{"@id":"https:\/\/www.mexicanguitarplayers.com\/#website"},"primaryImageOfPage":{"@id":"https:\/\/www.mexicanguitarplayers.com\/tienda\/cuerdas\/efectos\/multiefectos\/pedal-source-audio-collider\/#primaryimage"},"image":{"@id":"https:\/\/www.mexicanguitarplayers.com\/tienda\/cuerdas\/efectos\/multiefectos\/pedal-source-audio-collider\/#primaryimage"},"thumbnailUrl":"https:\/\/www.mexicanguitarplayers.com\/wp-content\/uploads\/2022\/08\/VASIOSA263.jpg","datePublished":"2022-08-18T22:28:43+00:00","dateModified":"2024-11-22T05:18:32+00:00","description":"PEDAL SOURCE AUDIO COLLIDER. Pedal de efectos delay y reverb para guitarra el\u00e9ctrica, crea una extensi\u00f3n est\u00e9reo exuberante con verdaderas entradas y salidas est\u00e9reo, dos procesadores completamente independientes que proporcionan esencialmente dos pedales de alta potencia en una sola carcasa, ya sea que utilices delay o reverb tu se\u00f1al a\u00fan tiene ruta an\u00e1loga dry through, selecci\u00f3n entre true bypass o buffered bypass, dise\u00f1o compacto, carcasa de aluminio anodizado extruido y perfil delgado, 8 preajustes recuperables con los controles integrados en el pedal y un total de 128 preajustes recuperables con un controlador MIDI externo, la app Neuro Mobil y el Desktop Neuro Editor proporcionan acceso para \u201ddesbloquear\u201d a ambos lados del pedal, lo que te da acceso al lado opuesto independientemente de la posici\u00f3n del switch. lo que significa que es posible usar este pedal como pedal delay dual y pedal reverb dual y para cambiar el orden de los efectos, Tap Tempo, reverb modo Hold para mantener o congelar tu rastro de reverb, switch de bloqueo de las perillas para evitar perder accidentes que puedan perder la configuraci\u00f3n, funcionalidad MIDI completa, control de expresi\u00f3n, funcionalidad para descubrir las posiciones anteriores de las perillas, incluye adaptador de corriente 9V DC y cable de 1\/8\u201d a 1\/4\u201d para la conexi\u00f3n de la app Neuro Mobil, consumo de energ\u00eda: 300 mA, puerto USB, dimensiones: 11.4 x 11.4 cm (incluyendo perillas), peso: 0.45 kg.","breadcrumb":{"@id":"https:\/\/www.mexicanguitarplayers.com\/tienda\/cuerdas\/efectos\/multiefectos\/pedal-source-audio-collider\/#breadcrumb"},"inLanguage":"en-US","potentialAction":[{"@type":"ReadAction","target":["https:\/\/www.mexicanguitarplayers.com\/tienda\/cuerdas\/efectos\/multiefectos\/pedal-source-audio-collider\/"]}]},{"@type":"ImageObject","inLanguage":"en-US","@id":"https:\/\/www.mexicanguitarplayers.com\/tienda\/cuerdas\/efectos\/multiefectos\/pedal-source-audio-collider\/#primaryimage","url":"https:\/\/www.mexicanguitarplayers.com\/wp-content\/uploads\/2022\/08\/VASIOSA263.jpg","contentUrl":"https:\/\/www.mexicanguitarplayers.com\/wp-content\/uploads\/2022\/08\/VASIOSA263.jpg","width":1200,"height":1200},{"@type":"BreadcrumbList","@id":"https:\/\/www.mexicanguitarplayers.com\/tienda\/cuerdas\/efectos\/multiefectos\/pedal-source-audio-collider\/#breadcrumb","itemListElement":[{"@type":"ListItem","position":1,"name":"Portada","item":"https:\/\/www.mexicanguitarplayers.com\/"},{"@type":"ListItem","position":2,"name":"Tienda","item":"https:\/\/www.mexicanguitarplayers.com\/tienda\/"},{"@type":"ListItem","position":3,"name":"PEDAL SOURCE AUDIO COLLIDER"}]},{"@type":"WebSite","@id":"https:\/\/www.mexicanguitarplayers.com\/#website","url":"https:\/\/www.mexicanguitarplayers.com\/","name":"Mexican Guitar Players","description":"Website","publisher":{"@id":"https:\/\/www.mexicanguitarplayers.com\/#organization"},"potentialAction":[{"@type":"SearchAction","target":{"@type":"EntryPoint","urlTemplate":"https:\/\/www.mexicanguitarplayers.com\/?s={search_term_string}"},"query-input":{"@type":"PropertyValueSpecification","valueRequired":true,"valueName":"search_term_string"}}],"inLanguage":"en-US"},{"@type":"Organization","@id":"https:\/\/www.mexicanguitarplayers.com\/#organization","name":"Mexican Guitar Players","url":"https:\/\/www.mexicanguitarplayers.com\/","logo":{"@type":"ImageObject","inLanguage":"en-US","@id":"https:\/\/www.mexicanguitarplayers.com\/#\/schema\/logo\/image\/","url":"","contentUrl":"","caption":"Mexican Guitar Players"},"image":{"@id":"https:\/\/www.mexicanguitarplayers.com\/#\/schema\/logo\/image\/"}}]}},"brands":[{"id":608,"name":"AUDIO SOURCE","slug":"source-audio"}],"_links":{"self":[{"href":"https:\/\/www.mexicanguitarplayers.com\/en\/wp-json\/wp\/v2\/product\/17019","targetHints":{"allow":["GET"]}}],"collection":[{"href":"https:\/\/www.mexicanguitarplayers.com\/en\/wp-json\/wp\/v2\/product"}],"about":[{"href":"https:\/\/www.mexicanguitarplayers.com\/en\/wp-json\/wp\/v2\/types\/product"}],"replies":[{"embeddable":true,"href":"https:\/\/www.mexicanguitarplayers.com\/en\/wp-json\/wp\/v2\/comments?post=17019"}],"wp:featuredmedia":[{"embeddable":true,"href":"https:\/\/www.mexicanguitarplayers.com\/en\/wp-json\/wp\/v2\/media\/17015"}],"wp:attachment":[{"href":"https:\/\/www.mexicanguitarplayers.com\/en\/wp-json\/wp\/v2\/media?parent=17019"}],"wp:term":[{"taxonomy":"pwb-brand","embeddable":true,"href":"https:\/\/www.mexicanguitarplayers.com\/en\/wp-json\/wp\/v2\/pwb-brand?post=17019"},{"taxonomy":"product_brand","embeddable":true,"href":"https:\/\/www.mexicanguitarplayers.com\/en\/wp-json\/wp\/v2\/product_brand?post=17019"},{"taxonomy":"product_cat","embeddable":true,"href":"https:\/\/www.mexicanguitarplayers.com\/en\/wp-json\/wp\/v2\/product_cat?post=17019"},{"taxonomy":"product_tag","embeddable":true,"href":"https:\/\/www.mexicanguitarplayers.com\/en\/wp-json\/wp\/v2\/product_tag?post=17019"}],"curies":[{"name":"wp","href":"https:\/\/api.w.org\/{rel}","templated":true}]}}