{"id":17267,"date":"2022-08-18T18:58:22","date_gmt":"2022-08-18T23:58:22","guid":{"rendered":"https:\/\/www.mexicanguitarplayers.com\/tienda\/sin%20categor\u00eda\/parche-evans-14-mod-tt14g14\/"},"modified":"2022-11-05T21:26:09","modified_gmt":"2022-11-06T03:26:09","slug":"parche-evans-14-mod-tt14g14","status":"publish","type":"product","link":"https:\/\/www.mexicanguitarplayers.com\/en\/tienda\/accesorios\/para-bateria\/parches\/para-tom\/parche-evans-14-mod-tt14g14\/","title":{"rendered":"PATCH EVANS 14 MOD. TT14G14"},"content":{"rendered":"<div style=\"text-align: justify\">\n<div>\n<h3>PATCH EVANS 14 MOD. TT14G14<\/h3>\n<\/div>\n<div>G14 series 14&quot; snare or tom head, handcrafted with a single ply of premium 14 mil film, clear finish, durable, ideal for use in high volume performance situations, offers a full and aggressive sound, made in the USA.<\/div>\n<\/div>","protected":false},"excerpt":{"rendered":"<p>Parche de golpe para tarola o tom de 14\u201d pulgadas, serie G14, fabricado a mano con una sola capa de pel\u00edcula de primera calidad de 14 mil\u00e9simas de pulgada, terminado transparente, durable, ideal para su uso en situaciones de desempe\u00f1o de alto volumen, ofrece un sonido completo y agresivo, hecho en USA.&hellip; <a class=\"kt-excerpt-readmore more-link\" href=\"https:\/\/www.mexicanguitarplayers.com\/en\/tienda\/accesorios\/para-bateria\/parches\/para-tom\/parche-evans-14-mod-tt14g14\/\">Read more<\/a><\/p>","protected":false},"featured_media":17266,"comment_status":"open","ping_status":"closed","template":"","meta":{"kt_blocks_editor_width":""},"pwb-brand":[366],"product_brand":[],"product_cat":[85,306,364,363],"product_tag":[],"class_list":{"0":"post-17267","1":"product","2":"type-product","3":"status-publish","4":"has-post-thumbnail","6":"pwb-brand-evans","7":"product_cat-accesorios","8":"product_cat-para-bateria","9":"product_cat-para-tom","10":"product_cat-parches","11":"product_shipping_class-0-5-kg","13":"first","14":"outofstock","15":"taxable","16":"shipping-taxable","17":"purchasable","18":"product-type-simple"},"yoast_head":"<!-- This site is optimized with the Yoast SEO plugin v27.5 - https:\/\/yoast.com\/product\/yoast-seo-wordpress\/ -->\n<title>PARCHE EVANS 14 MOD. TT14G14 - Mexican Guitar Players<\/title>\n<meta name=\"description\" content=\"PARCHE EVANS 14 MOD. TT14G14. Parche de golpe para tarola o tom de 14\u201d pulgadas, serie G14, fabricado a mano con una sola capa de pel\u00edcula de primera calidad de 14 mil\u00e9simas de pulgada, terminado transparente, durable, ideal para su uso en situaciones de desempe\u00f1o de alto volumen, ofrece un sonido completo y agresivo, hecho en USA.\" \/>\n<meta name=\"robots\" content=\"index, follow, max-snippet:-1, max-image-preview:large, max-video-preview:-1\" \/>\n<link rel=\"canonical\" href=\"https:\/\/www.mexicanguitarplayers.com\/en\/tienda\/accesorios\/para-bateria\/parches\/para-tom\/parche-evans-14-mod-tt14g14\/\" \/>\n<meta property=\"og:locale\" content=\"en_US\" \/>\n<meta property=\"og:type\" content=\"article\" \/>\n<meta property=\"og:title\" content=\"PARCHE EVANS 14 MOD. TT14G14 - Mexican Guitar Players\" \/>\n<meta property=\"og:description\" content=\"PARCHE EVANS 14 MOD. TT14G14. Parche de golpe para tarola o tom de 14\u201d pulgadas, serie G14, fabricado a mano con una sola capa de pel\u00edcula de primera calidad de 14 mil\u00e9simas de pulgada, terminado transparente, durable, ideal para su uso en situaciones de desempe\u00f1o de alto volumen, ofrece un sonido completo y agresivo, hecho en USA.\" \/>\n<meta property=\"og:url\" content=\"https:\/\/www.mexicanguitarplayers.com\/en\/tienda\/accesorios\/para-bateria\/parches\/para-tom\/parche-evans-14-mod-tt14g14\/\" \/>\n<meta property=\"og:site_name\" content=\"Mexican Guitar Players\" \/>\n<meta property=\"article:modified_time\" content=\"2022-11-06T03:26:09+00:00\" \/>\n<meta property=\"og:image\" content=\"https:\/\/www.mexicanguitarplayers.com\/wp-content\/uploads\/2022\/08\/RAEVATT14G14.jpg\" \/>\n\t<meta property=\"og:image:width\" content=\"1200\" \/>\n\t<meta property=\"og:image:height\" content=\"1200\" \/>\n\t<meta property=\"og:image:type\" content=\"image\/jpeg\" \/>\n<meta name=\"twitter:card\" content=\"summary_large_image\" \/>\n<script type=\"application\/ld+json\" class=\"yoast-schema-graph\">{\"@context\":\"https:\\\/\\\/schema.org\",\"@graph\":[{\"@type\":[\"WebPage\",\"ItemPage\"],\"@id\":\"https:\\\/\\\/www.mexicanguitarplayers.com\\\/tienda\\\/accesorios\\\/para-bateria\\\/parches\\\/para-tom\\\/parche-evans-14-mod-tt14g14\\\/\",\"url\":\"https:\\\/\\\/www.mexicanguitarplayers.com\\\/tienda\\\/accesorios\\\/para-bateria\\\/parches\\\/para-tom\\\/parche-evans-14-mod-tt14g14\\\/\",\"name\":\"PARCHE EVANS 14 MOD. TT14G14 - Mexican Guitar Players\",\"isPartOf\":{\"@id\":\"https:\\\/\\\/www.mexicanguitarplayers.com\\\/#website\"},\"primaryImageOfPage\":{\"@id\":\"https:\\\/\\\/www.mexicanguitarplayers.com\\\/tienda\\\/accesorios\\\/para-bateria\\\/parches\\\/para-tom\\\/parche-evans-14-mod-tt14g14\\\/#primaryimage\"},\"image\":{\"@id\":\"https:\\\/\\\/www.mexicanguitarplayers.com\\\/tienda\\\/accesorios\\\/para-bateria\\\/parches\\\/para-tom\\\/parche-evans-14-mod-tt14g14\\\/#primaryimage\"},\"thumbnailUrl\":\"https:\\\/\\\/www.mexicanguitarplayers.com\\\/wp-content\\\/uploads\\\/2022\\\/08\\\/RAEVATT14G14.jpg\",\"datePublished\":\"2022-08-18T23:58:22+00:00\",\"dateModified\":\"2022-11-06T03:26:09+00:00\",\"description\":\"PARCHE EVANS 14 MOD. TT14G14. Parche de golpe para tarola o tom de 14\u201d pulgadas, serie G14, fabricado a mano con una sola capa de pel\u00edcula de primera calidad de 14 mil\u00e9simas de pulgada, terminado transparente, durable, ideal para su uso en situaciones de desempe\u00f1o de alto volumen, ofrece un sonido completo y agresivo, hecho en USA.\",\"breadcrumb\":{\"@id\":\"https:\\\/\\\/www.mexicanguitarplayers.com\\\/tienda\\\/accesorios\\\/para-bateria\\\/parches\\\/para-tom\\\/parche-evans-14-mod-tt14g14\\\/#breadcrumb\"},\"inLanguage\":\"en-US\",\"potentialAction\":[{\"@type\":\"ReadAction\",\"target\":[\"https:\\\/\\\/www.mexicanguitarplayers.com\\\/tienda\\\/accesorios\\\/para-bateria\\\/parches\\\/para-tom\\\/parche-evans-14-mod-tt14g14\\\/\"]}]},{\"@type\":\"ImageObject\",\"inLanguage\":\"en-US\",\"@id\":\"https:\\\/\\\/www.mexicanguitarplayers.com\\\/tienda\\\/accesorios\\\/para-bateria\\\/parches\\\/para-tom\\\/parche-evans-14-mod-tt14g14\\\/#primaryimage\",\"url\":\"https:\\\/\\\/www.mexicanguitarplayers.com\\\/wp-content\\\/uploads\\\/2022\\\/08\\\/RAEVATT14G14.jpg\",\"contentUrl\":\"https:\\\/\\\/www.mexicanguitarplayers.com\\\/wp-content\\\/uploads\\\/2022\\\/08\\\/RAEVATT14G14.jpg\",\"width\":1200,\"height\":1200},{\"@type\":\"BreadcrumbList\",\"@id\":\"https:\\\/\\\/www.mexicanguitarplayers.com\\\/tienda\\\/accesorios\\\/para-bateria\\\/parches\\\/para-tom\\\/parche-evans-14-mod-tt14g14\\\/#breadcrumb\",\"itemListElement\":[{\"@type\":\"ListItem\",\"position\":1,\"name\":\"Portada\",\"item\":\"https:\\\/\\\/www.mexicanguitarplayers.com\\\/\"},{\"@type\":\"ListItem\",\"position\":2,\"name\":\"Tienda\",\"item\":\"https:\\\/\\\/www.mexicanguitarplayers.com\\\/tienda\\\/\"},{\"@type\":\"ListItem\",\"position\":3,\"name\":\"PARCHE EVANS 14 MOD. TT14G14\"}]},{\"@type\":\"WebSite\",\"@id\":\"https:\\\/\\\/www.mexicanguitarplayers.com\\\/#website\",\"url\":\"https:\\\/\\\/www.mexicanguitarplayers.com\\\/\",\"name\":\"Mexican Guitar Players\",\"description\":\"Website\",\"publisher\":{\"@id\":\"https:\\\/\\\/www.mexicanguitarplayers.com\\\/#organization\"},\"potentialAction\":[{\"@type\":\"SearchAction\",\"target\":{\"@type\":\"EntryPoint\",\"urlTemplate\":\"https:\\\/\\\/www.mexicanguitarplayers.com\\\/?s={search_term_string}\"},\"query-input\":{\"@type\":\"PropertyValueSpecification\",\"valueRequired\":true,\"valueName\":\"search_term_string\"}}],\"inLanguage\":\"en-US\"},{\"@type\":\"Organization\",\"@id\":\"https:\\\/\\\/www.mexicanguitarplayers.com\\\/#organization\",\"name\":\"Mexican Guitar Players\",\"url\":\"https:\\\/\\\/www.mexicanguitarplayers.com\\\/\",\"logo\":{\"@type\":\"ImageObject\",\"inLanguage\":\"en-US\",\"@id\":\"https:\\\/\\\/www.mexicanguitarplayers.com\\\/#\\\/schema\\\/logo\\\/image\\\/\",\"url\":\"\",\"contentUrl\":\"\",\"caption\":\"Mexican Guitar Players\"},\"image\":{\"@id\":\"https:\\\/\\\/www.mexicanguitarplayers.com\\\/#\\\/schema\\\/logo\\\/image\\\/\"}}]}<\/script>\n<!-- \/ Yoast SEO plugin. -->","yoast_head_json":{"title":"PARCHE EVANS 14 MOD. TT14G14 - Mexican Guitar Players","description":"PARCHE EVANS 14 MOD. TT14G14. Parche de golpe para tarola o tom de 14\u201d pulgadas, serie G14, fabricado a mano con una sola capa de pel\u00edcula de primera calidad de 14 mil\u00e9simas de pulgada, terminado transparente, durable, ideal para su uso en situaciones de desempe\u00f1o de alto volumen, ofrece un sonido completo y agresivo, hecho en USA.","robots":{"index":"index","follow":"follow","max-snippet":"max-snippet:-1","max-image-preview":"max-image-preview:large","max-video-preview":"max-video-preview:-1"},"canonical":"https:\/\/www.mexicanguitarplayers.com\/en\/tienda\/accesorios\/para-bateria\/parches\/para-tom\/parche-evans-14-mod-tt14g14\/","og_locale":"en_US","og_type":"article","og_title":"PARCHE EVANS 14 MOD. TT14G14 - Mexican Guitar Players","og_description":"PARCHE EVANS 14 MOD. TT14G14. Parche de golpe para tarola o tom de 14\u201d pulgadas, serie G14, fabricado a mano con una sola capa de pel\u00edcula de primera calidad de 14 mil\u00e9simas de pulgada, terminado transparente, durable, ideal para su uso en situaciones de desempe\u00f1o de alto volumen, ofrece un sonido completo y agresivo, hecho en USA.","og_url":"https:\/\/www.mexicanguitarplayers.com\/en\/tienda\/accesorios\/para-bateria\/parches\/para-tom\/parche-evans-14-mod-tt14g14\/","og_site_name":"Mexican Guitar Players","article_modified_time":"2022-11-06T03:26:09+00:00","og_image":[{"width":1200,"height":1200,"url":"https:\/\/www.mexicanguitarplayers.com\/wp-content\/uploads\/2022\/08\/RAEVATT14G14.jpg","type":"image\/jpeg"}],"twitter_card":"summary_large_image","schema":{"@context":"https:\/\/schema.org","@graph":[{"@type":["WebPage","ItemPage"],"@id":"https:\/\/www.mexicanguitarplayers.com\/tienda\/accesorios\/para-bateria\/parches\/para-tom\/parche-evans-14-mod-tt14g14\/","url":"https:\/\/www.mexicanguitarplayers.com\/tienda\/accesorios\/para-bateria\/parches\/para-tom\/parche-evans-14-mod-tt14g14\/","name":"PARCHE EVANS 14 MOD. TT14G14 - Mexican Guitar Players","isPartOf":{"@id":"https:\/\/www.mexicanguitarplayers.com\/#website"},"primaryImageOfPage":{"@id":"https:\/\/www.mexicanguitarplayers.com\/tienda\/accesorios\/para-bateria\/parches\/para-tom\/parche-evans-14-mod-tt14g14\/#primaryimage"},"image":{"@id":"https:\/\/www.mexicanguitarplayers.com\/tienda\/accesorios\/para-bateria\/parches\/para-tom\/parche-evans-14-mod-tt14g14\/#primaryimage"},"thumbnailUrl":"https:\/\/www.mexicanguitarplayers.com\/wp-content\/uploads\/2022\/08\/RAEVATT14G14.jpg","datePublished":"2022-08-18T23:58:22+00:00","dateModified":"2022-11-06T03:26:09+00:00","description":"PARCHE EVANS 14 MOD. TT14G14. Parche de golpe para tarola o tom de 14\u201d pulgadas, serie G14, fabricado a mano con una sola capa de pel\u00edcula de primera calidad de 14 mil\u00e9simas de pulgada, terminado transparente, durable, ideal para su uso en situaciones de desempe\u00f1o de alto volumen, ofrece un sonido completo y agresivo, hecho en USA.","breadcrumb":{"@id":"https:\/\/www.mexicanguitarplayers.com\/tienda\/accesorios\/para-bateria\/parches\/para-tom\/parche-evans-14-mod-tt14g14\/#breadcrumb"},"inLanguage":"en-US","potentialAction":[{"@type":"ReadAction","target":["https:\/\/www.mexicanguitarplayers.com\/tienda\/accesorios\/para-bateria\/parches\/para-tom\/parche-evans-14-mod-tt14g14\/"]}]},{"@type":"ImageObject","inLanguage":"en-US","@id":"https:\/\/www.mexicanguitarplayers.com\/tienda\/accesorios\/para-bateria\/parches\/para-tom\/parche-evans-14-mod-tt14g14\/#primaryimage","url":"https:\/\/www.mexicanguitarplayers.com\/wp-content\/uploads\/2022\/08\/RAEVATT14G14.jpg","contentUrl":"https:\/\/www.mexicanguitarplayers.com\/wp-content\/uploads\/2022\/08\/RAEVATT14G14.jpg","width":1200,"height":1200},{"@type":"BreadcrumbList","@id":"https:\/\/www.mexicanguitarplayers.com\/tienda\/accesorios\/para-bateria\/parches\/para-tom\/parche-evans-14-mod-tt14g14\/#breadcrumb","itemListElement":[{"@type":"ListItem","position":1,"name":"Portada","item":"https:\/\/www.mexicanguitarplayers.com\/"},{"@type":"ListItem","position":2,"name":"Tienda","item":"https:\/\/www.mexicanguitarplayers.com\/tienda\/"},{"@type":"ListItem","position":3,"name":"PARCHE EVANS 14 MOD. TT14G14"}]},{"@type":"WebSite","@id":"https:\/\/www.mexicanguitarplayers.com\/#website","url":"https:\/\/www.mexicanguitarplayers.com\/","name":"Mexican Guitar Players","description":"Website","publisher":{"@id":"https:\/\/www.mexicanguitarplayers.com\/#organization"},"potentialAction":[{"@type":"SearchAction","target":{"@type":"EntryPoint","urlTemplate":"https:\/\/www.mexicanguitarplayers.com\/?s={search_term_string}"},"query-input":{"@type":"PropertyValueSpecification","valueRequired":true,"valueName":"search_term_string"}}],"inLanguage":"en-US"},{"@type":"Organization","@id":"https:\/\/www.mexicanguitarplayers.com\/#organization","name":"Mexican Guitar Players","url":"https:\/\/www.mexicanguitarplayers.com\/","logo":{"@type":"ImageObject","inLanguage":"en-US","@id":"https:\/\/www.mexicanguitarplayers.com\/#\/schema\/logo\/image\/","url":"","contentUrl":"","caption":"Mexican Guitar Players"},"image":{"@id":"https:\/\/www.mexicanguitarplayers.com\/#\/schema\/logo\/image\/"}}]}},"brands":[{"id":366,"name":"EVANS","slug":"evans"}],"_links":{"self":[{"href":"https:\/\/www.mexicanguitarplayers.com\/en\/wp-json\/wp\/v2\/product\/17267","targetHints":{"allow":["GET"]}}],"collection":[{"href":"https:\/\/www.mexicanguitarplayers.com\/en\/wp-json\/wp\/v2\/product"}],"about":[{"href":"https:\/\/www.mexicanguitarplayers.com\/en\/wp-json\/wp\/v2\/types\/product"}],"replies":[{"embeddable":true,"href":"https:\/\/www.mexicanguitarplayers.com\/en\/wp-json\/wp\/v2\/comments?post=17267"}],"wp:featuredmedia":[{"embeddable":true,"href":"https:\/\/www.mexicanguitarplayers.com\/en\/wp-json\/wp\/v2\/media\/17266"}],"wp:attachment":[{"href":"https:\/\/www.mexicanguitarplayers.com\/en\/wp-json\/wp\/v2\/media?parent=17267"}],"wp:term":[{"taxonomy":"pwb-brand","embeddable":true,"href":"https:\/\/www.mexicanguitarplayers.com\/en\/wp-json\/wp\/v2\/pwb-brand?post=17267"},{"taxonomy":"product_brand","embeddable":true,"href":"https:\/\/www.mexicanguitarplayers.com\/en\/wp-json\/wp\/v2\/product_brand?post=17267"},{"taxonomy":"product_cat","embeddable":true,"href":"https:\/\/www.mexicanguitarplayers.com\/en\/wp-json\/wp\/v2\/product_cat?post=17267"},{"taxonomy":"product_tag","embeddable":true,"href":"https:\/\/www.mexicanguitarplayers.com\/en\/wp-json\/wp\/v2\/product_tag?post=17267"}],"curies":[{"name":"wp","href":"https:\/\/api.w.org\/{rel}","templated":true}]}}