{"id":17406,"date":"2022-08-18T19:39:42","date_gmt":"2022-08-19T00:39:42","guid":{"rendered":"https:\/\/www.mexicanguitarplayers.com\/tienda\/sin%20categor\u00eda\/pastilla-fishman-p-12-cdas-oem-agx-094\/"},"modified":"2026-05-01T07:37:49","modified_gmt":"2026-05-01T13:37:49","slug":"pastilla-fishman-p-12-cdas-oem-agx-094","status":"publish","type":"product","link":"https:\/\/www.mexicanguitarplayers.com\/en\/tienda\/accesorios\/para-guitarras\/pastillas-para-guitarra-acustica\/pastilla-fishman-p-12-cdas-oem-agx-094\/","title":{"rendered":"FISHMAN TABLET P\/12 Tbsp. OEM-AGX-094"},"content":{"rendered":"<div style=\"text-align: justify\">\n<div>\n<h3>FISHMAN TABLET P\/12 Tbsp. OEM-AGX-094<\/h3>\n<\/div>\n<div>Passive Undersaddle Pickup for 12-String Acoustic Guitar, Piezoelectric Crystal, Impedance Matched Preamp Recommended (But Not Required), Professional Installation Recommended, Also Powerjack Active Endpin Jack or Powerjack Onboard Preamp Available as Optional Accessories.<\/div>\n<\/div>","protected":false},"excerpt":{"rendered":"<p>Pastilla pasiva undersaddle para guitarra ac\u00fastica de 12 cuerdas, cristal piezoel\u00e9ctrico, se recomienda (pero no es obligatorio) un preamplificador de impedancia coincidente, se recomienda instalaci\u00f3n profesional, tambi\u00e9n se puede encontrar preamp Powerjack Active Endpin Jack o Powerjack Onboard disponibles como accesorios opcionales.&hellip; <a class=\"kt-excerpt-readmore more-link\" href=\"https:\/\/www.mexicanguitarplayers.com\/en\/tienda\/accesorios\/para-guitarras\/pastillas-para-guitarra-acustica\/pastilla-fishman-p-12-cdas-oem-agx-094\/\">Read more<\/a><\/p>","protected":false},"featured_media":17403,"comment_status":"open","ping_status":"closed","template":"","meta":{"kt_blocks_editor_width":""},"pwb-brand":[248],"product_brand":[],"product_cat":[85,336,357],"product_tag":[],"class_list":{"0":"post-17406","1":"product","2":"type-product","3":"status-publish","4":"has-post-thumbnail","6":"pwb-brand-fishman","7":"product_cat-accesorios","8":"product_cat-para-guitarras","9":"product_cat-pastillas-para-guitarra-acustica","10":"product_shipping_class-0-5-kg","12":"first","13":"instock","14":"taxable","15":"shipping-taxable","16":"purchasable","17":"product-type-simple"},"yoast_head":"<!-- This site is optimized with the Yoast SEO plugin v27.5 - https:\/\/yoast.com\/product\/yoast-seo-wordpress\/ -->\n<title>PASTILLA FISHMAN P\/12 CDAS. OEM-AGX-094 - Mexican Guitar Players<\/title>\n<meta name=\"description\" content=\"PASTILLA FISHMAN P\/12 CDAS. OEM-AGX-094. Pastilla pasiva undersaddle para guitarra ac\u00fastica de 12 cuerdas, cristal piezoel\u00e9ctrico, se recomienda (pero no es obligatorio) un preamplificador de impedancia coincidente, se recomienda instalaci\u00f3n profesional, tambi\u00e9n se puede encontrar preamp Powerjack Active Endpin Jack o Powerjack Onboard disponibles como accesorios opcionales.\" \/>\n<meta name=\"robots\" content=\"index, follow, max-snippet:-1, max-image-preview:large, max-video-preview:-1\" \/>\n<link rel=\"canonical\" href=\"https:\/\/www.mexicanguitarplayers.com\/en\/tienda\/accesorios\/para-guitarras\/pastillas-para-guitarra-acustica\/pastilla-fishman-p-12-cdas-oem-agx-094\/\" \/>\n<meta property=\"og:locale\" content=\"en_US\" \/>\n<meta property=\"og:type\" content=\"article\" \/>\n<meta property=\"og:title\" content=\"PASTILLA FISHMAN P\/12 CDAS. OEM-AGX-094 - Mexican Guitar Players\" \/>\n<meta property=\"og:description\" content=\"PASTILLA FISHMAN P\/12 CDAS. OEM-AGX-094. Pastilla pasiva undersaddle para guitarra ac\u00fastica de 12 cuerdas, cristal piezoel\u00e9ctrico, se recomienda (pero no es obligatorio) un preamplificador de impedancia coincidente, se recomienda instalaci\u00f3n profesional, tambi\u00e9n se puede encontrar preamp Powerjack Active Endpin Jack o Powerjack Onboard disponibles como accesorios opcionales.\" \/>\n<meta property=\"og:url\" content=\"https:\/\/www.mexicanguitarplayers.com\/en\/tienda\/accesorios\/para-guitarras\/pastillas-para-guitarra-acustica\/pastilla-fishman-p-12-cdas-oem-agx-094\/\" \/>\n<meta property=\"og:site_name\" content=\"Mexican Guitar Players\" \/>\n<meta property=\"article:modified_time\" content=\"2026-05-01T13:37:49+00:00\" \/>\n<meta property=\"og:image\" content=\"https:\/\/www.mexicanguitarplayers.com\/wp-content\/uploads\/2022\/08\/RAFISOEMAGX094.jpg\" \/>\n\t<meta property=\"og:image:width\" content=\"1200\" \/>\n\t<meta property=\"og:image:height\" content=\"1200\" \/>\n\t<meta property=\"og:image:type\" content=\"image\/jpeg\" \/>\n<meta name=\"twitter:card\" content=\"summary_large_image\" \/>\n<script type=\"application\/ld+json\" class=\"yoast-schema-graph\">{\"@context\":\"https:\\\/\\\/schema.org\",\"@graph\":[{\"@type\":[\"WebPage\",\"ItemPage\"],\"@id\":\"https:\\\/\\\/www.mexicanguitarplayers.com\\\/tienda\\\/accesorios\\\/para-guitarras\\\/pastillas-para-guitarra-acustica\\\/pastilla-fishman-p-12-cdas-oem-agx-094\\\/\",\"url\":\"https:\\\/\\\/www.mexicanguitarplayers.com\\\/tienda\\\/accesorios\\\/para-guitarras\\\/pastillas-para-guitarra-acustica\\\/pastilla-fishman-p-12-cdas-oem-agx-094\\\/\",\"name\":\"PASTILLA FISHMAN P\\\/12 CDAS. OEM-AGX-094 - Mexican Guitar Players\",\"isPartOf\":{\"@id\":\"https:\\\/\\\/www.mexicanguitarplayers.com\\\/#website\"},\"primaryImageOfPage\":{\"@id\":\"https:\\\/\\\/www.mexicanguitarplayers.com\\\/tienda\\\/accesorios\\\/para-guitarras\\\/pastillas-para-guitarra-acustica\\\/pastilla-fishman-p-12-cdas-oem-agx-094\\\/#primaryimage\"},\"image\":{\"@id\":\"https:\\\/\\\/www.mexicanguitarplayers.com\\\/tienda\\\/accesorios\\\/para-guitarras\\\/pastillas-para-guitarra-acustica\\\/pastilla-fishman-p-12-cdas-oem-agx-094\\\/#primaryimage\"},\"thumbnailUrl\":\"https:\\\/\\\/www.mexicanguitarplayers.com\\\/wp-content\\\/uploads\\\/2022\\\/08\\\/RAFISOEMAGX094.jpg\",\"datePublished\":\"2022-08-19T00:39:42+00:00\",\"dateModified\":\"2026-05-01T13:37:49+00:00\",\"description\":\"PASTILLA FISHMAN P\\\/12 CDAS. OEM-AGX-094. Pastilla pasiva undersaddle para guitarra ac\u00fastica de 12 cuerdas, cristal piezoel\u00e9ctrico, se recomienda (pero no es obligatorio) un preamplificador de impedancia coincidente, se recomienda instalaci\u00f3n profesional, tambi\u00e9n se puede encontrar preamp Powerjack Active Endpin Jack o Powerjack Onboard disponibles como accesorios opcionales.\",\"breadcrumb\":{\"@id\":\"https:\\\/\\\/www.mexicanguitarplayers.com\\\/tienda\\\/accesorios\\\/para-guitarras\\\/pastillas-para-guitarra-acustica\\\/pastilla-fishman-p-12-cdas-oem-agx-094\\\/#breadcrumb\"},\"inLanguage\":\"en-US\",\"potentialAction\":[{\"@type\":\"ReadAction\",\"target\":[\"https:\\\/\\\/www.mexicanguitarplayers.com\\\/tienda\\\/accesorios\\\/para-guitarras\\\/pastillas-para-guitarra-acustica\\\/pastilla-fishman-p-12-cdas-oem-agx-094\\\/\"]}]},{\"@type\":\"ImageObject\",\"inLanguage\":\"en-US\",\"@id\":\"https:\\\/\\\/www.mexicanguitarplayers.com\\\/tienda\\\/accesorios\\\/para-guitarras\\\/pastillas-para-guitarra-acustica\\\/pastilla-fishman-p-12-cdas-oem-agx-094\\\/#primaryimage\",\"url\":\"https:\\\/\\\/www.mexicanguitarplayers.com\\\/wp-content\\\/uploads\\\/2022\\\/08\\\/RAFISOEMAGX094.jpg\",\"contentUrl\":\"https:\\\/\\\/www.mexicanguitarplayers.com\\\/wp-content\\\/uploads\\\/2022\\\/08\\\/RAFISOEMAGX094.jpg\",\"width\":1200,\"height\":1200},{\"@type\":\"BreadcrumbList\",\"@id\":\"https:\\\/\\\/www.mexicanguitarplayers.com\\\/tienda\\\/accesorios\\\/para-guitarras\\\/pastillas-para-guitarra-acustica\\\/pastilla-fishman-p-12-cdas-oem-agx-094\\\/#breadcrumb\",\"itemListElement\":[{\"@type\":\"ListItem\",\"position\":1,\"name\":\"Portada\",\"item\":\"https:\\\/\\\/www.mexicanguitarplayers.com\\\/\"},{\"@type\":\"ListItem\",\"position\":2,\"name\":\"Tienda\",\"item\":\"https:\\\/\\\/www.mexicanguitarplayers.com\\\/tienda\\\/\"},{\"@type\":\"ListItem\",\"position\":3,\"name\":\"PASTILLA FISHMAN P\\\/12 CDAS. OEM-AGX-094\"}]},{\"@type\":\"WebSite\",\"@id\":\"https:\\\/\\\/www.mexicanguitarplayers.com\\\/#website\",\"url\":\"https:\\\/\\\/www.mexicanguitarplayers.com\\\/\",\"name\":\"Mexican Guitar Players\",\"description\":\"Website\",\"publisher\":{\"@id\":\"https:\\\/\\\/www.mexicanguitarplayers.com\\\/#organization\"},\"potentialAction\":[{\"@type\":\"SearchAction\",\"target\":{\"@type\":\"EntryPoint\",\"urlTemplate\":\"https:\\\/\\\/www.mexicanguitarplayers.com\\\/?s={search_term_string}\"},\"query-input\":{\"@type\":\"PropertyValueSpecification\",\"valueRequired\":true,\"valueName\":\"search_term_string\"}}],\"inLanguage\":\"en-US\"},{\"@type\":\"Organization\",\"@id\":\"https:\\\/\\\/www.mexicanguitarplayers.com\\\/#organization\",\"name\":\"Mexican Guitar Players\",\"url\":\"https:\\\/\\\/www.mexicanguitarplayers.com\\\/\",\"logo\":{\"@type\":\"ImageObject\",\"inLanguage\":\"en-US\",\"@id\":\"https:\\\/\\\/www.mexicanguitarplayers.com\\\/#\\\/schema\\\/logo\\\/image\\\/\",\"url\":\"\",\"contentUrl\":\"\",\"caption\":\"Mexican Guitar Players\"},\"image\":{\"@id\":\"https:\\\/\\\/www.mexicanguitarplayers.com\\\/#\\\/schema\\\/logo\\\/image\\\/\"}}]}<\/script>\n<!-- \/ Yoast SEO plugin. -->","yoast_head_json":{"title":"PASTILLA FISHMAN P\/12 CDAS. OEM-AGX-094 - Mexican Guitar Players","description":"PASTILLA FISHMAN P\/12 CDAS. OEM-AGX-094. Pastilla pasiva undersaddle para guitarra ac\u00fastica de 12 cuerdas, cristal piezoel\u00e9ctrico, se recomienda (pero no es obligatorio) un preamplificador de impedancia coincidente, se recomienda instalaci\u00f3n profesional, tambi\u00e9n se puede encontrar preamp Powerjack Active Endpin Jack o Powerjack Onboard disponibles como accesorios opcionales.","robots":{"index":"index","follow":"follow","max-snippet":"max-snippet:-1","max-image-preview":"max-image-preview:large","max-video-preview":"max-video-preview:-1"},"canonical":"https:\/\/www.mexicanguitarplayers.com\/en\/tienda\/accesorios\/para-guitarras\/pastillas-para-guitarra-acustica\/pastilla-fishman-p-12-cdas-oem-agx-094\/","og_locale":"en_US","og_type":"article","og_title":"PASTILLA FISHMAN P\/12 CDAS. OEM-AGX-094 - Mexican Guitar Players","og_description":"PASTILLA FISHMAN P\/12 CDAS. OEM-AGX-094. Pastilla pasiva undersaddle para guitarra ac\u00fastica de 12 cuerdas, cristal piezoel\u00e9ctrico, se recomienda (pero no es obligatorio) un preamplificador de impedancia coincidente, se recomienda instalaci\u00f3n profesional, tambi\u00e9n se puede encontrar preamp Powerjack Active Endpin Jack o Powerjack Onboard disponibles como accesorios opcionales.","og_url":"https:\/\/www.mexicanguitarplayers.com\/en\/tienda\/accesorios\/para-guitarras\/pastillas-para-guitarra-acustica\/pastilla-fishman-p-12-cdas-oem-agx-094\/","og_site_name":"Mexican Guitar Players","article_modified_time":"2026-05-01T13:37:49+00:00","og_image":[{"width":1200,"height":1200,"url":"https:\/\/www.mexicanguitarplayers.com\/wp-content\/uploads\/2022\/08\/RAFISOEMAGX094.jpg","type":"image\/jpeg"}],"twitter_card":"summary_large_image","schema":{"@context":"https:\/\/schema.org","@graph":[{"@type":["WebPage","ItemPage"],"@id":"https:\/\/www.mexicanguitarplayers.com\/tienda\/accesorios\/para-guitarras\/pastillas-para-guitarra-acustica\/pastilla-fishman-p-12-cdas-oem-agx-094\/","url":"https:\/\/www.mexicanguitarplayers.com\/tienda\/accesorios\/para-guitarras\/pastillas-para-guitarra-acustica\/pastilla-fishman-p-12-cdas-oem-agx-094\/","name":"PASTILLA FISHMAN P\/12 CDAS. OEM-AGX-094 - Mexican Guitar Players","isPartOf":{"@id":"https:\/\/www.mexicanguitarplayers.com\/#website"},"primaryImageOfPage":{"@id":"https:\/\/www.mexicanguitarplayers.com\/tienda\/accesorios\/para-guitarras\/pastillas-para-guitarra-acustica\/pastilla-fishman-p-12-cdas-oem-agx-094\/#primaryimage"},"image":{"@id":"https:\/\/www.mexicanguitarplayers.com\/tienda\/accesorios\/para-guitarras\/pastillas-para-guitarra-acustica\/pastilla-fishman-p-12-cdas-oem-agx-094\/#primaryimage"},"thumbnailUrl":"https:\/\/www.mexicanguitarplayers.com\/wp-content\/uploads\/2022\/08\/RAFISOEMAGX094.jpg","datePublished":"2022-08-19T00:39:42+00:00","dateModified":"2026-05-01T13:37:49+00:00","description":"PASTILLA FISHMAN P\/12 CDAS. OEM-AGX-094. Pastilla pasiva undersaddle para guitarra ac\u00fastica de 12 cuerdas, cristal piezoel\u00e9ctrico, se recomienda (pero no es obligatorio) un preamplificador de impedancia coincidente, se recomienda instalaci\u00f3n profesional, tambi\u00e9n se puede encontrar preamp Powerjack Active Endpin Jack o Powerjack Onboard disponibles como accesorios opcionales.","breadcrumb":{"@id":"https:\/\/www.mexicanguitarplayers.com\/tienda\/accesorios\/para-guitarras\/pastillas-para-guitarra-acustica\/pastilla-fishman-p-12-cdas-oem-agx-094\/#breadcrumb"},"inLanguage":"en-US","potentialAction":[{"@type":"ReadAction","target":["https:\/\/www.mexicanguitarplayers.com\/tienda\/accesorios\/para-guitarras\/pastillas-para-guitarra-acustica\/pastilla-fishman-p-12-cdas-oem-agx-094\/"]}]},{"@type":"ImageObject","inLanguage":"en-US","@id":"https:\/\/www.mexicanguitarplayers.com\/tienda\/accesorios\/para-guitarras\/pastillas-para-guitarra-acustica\/pastilla-fishman-p-12-cdas-oem-agx-094\/#primaryimage","url":"https:\/\/www.mexicanguitarplayers.com\/wp-content\/uploads\/2022\/08\/RAFISOEMAGX094.jpg","contentUrl":"https:\/\/www.mexicanguitarplayers.com\/wp-content\/uploads\/2022\/08\/RAFISOEMAGX094.jpg","width":1200,"height":1200},{"@type":"BreadcrumbList","@id":"https:\/\/www.mexicanguitarplayers.com\/tienda\/accesorios\/para-guitarras\/pastillas-para-guitarra-acustica\/pastilla-fishman-p-12-cdas-oem-agx-094\/#breadcrumb","itemListElement":[{"@type":"ListItem","position":1,"name":"Portada","item":"https:\/\/www.mexicanguitarplayers.com\/"},{"@type":"ListItem","position":2,"name":"Tienda","item":"https:\/\/www.mexicanguitarplayers.com\/tienda\/"},{"@type":"ListItem","position":3,"name":"PASTILLA FISHMAN P\/12 CDAS. OEM-AGX-094"}]},{"@type":"WebSite","@id":"https:\/\/www.mexicanguitarplayers.com\/#website","url":"https:\/\/www.mexicanguitarplayers.com\/","name":"Mexican Guitar Players","description":"Website","publisher":{"@id":"https:\/\/www.mexicanguitarplayers.com\/#organization"},"potentialAction":[{"@type":"SearchAction","target":{"@type":"EntryPoint","urlTemplate":"https:\/\/www.mexicanguitarplayers.com\/?s={search_term_string}"},"query-input":{"@type":"PropertyValueSpecification","valueRequired":true,"valueName":"search_term_string"}}],"inLanguage":"en-US"},{"@type":"Organization","@id":"https:\/\/www.mexicanguitarplayers.com\/#organization","name":"Mexican Guitar Players","url":"https:\/\/www.mexicanguitarplayers.com\/","logo":{"@type":"ImageObject","inLanguage":"en-US","@id":"https:\/\/www.mexicanguitarplayers.com\/#\/schema\/logo\/image\/","url":"","contentUrl":"","caption":"Mexican Guitar Players"},"image":{"@id":"https:\/\/www.mexicanguitarplayers.com\/#\/schema\/logo\/image\/"}}]}},"brands":[{"id":248,"name":"FISHMAN","slug":"fishman"}],"_links":{"self":[{"href":"https:\/\/www.mexicanguitarplayers.com\/en\/wp-json\/wp\/v2\/product\/17406","targetHints":{"allow":["GET"]}}],"collection":[{"href":"https:\/\/www.mexicanguitarplayers.com\/en\/wp-json\/wp\/v2\/product"}],"about":[{"href":"https:\/\/www.mexicanguitarplayers.com\/en\/wp-json\/wp\/v2\/types\/product"}],"replies":[{"embeddable":true,"href":"https:\/\/www.mexicanguitarplayers.com\/en\/wp-json\/wp\/v2\/comments?post=17406"}],"wp:featuredmedia":[{"embeddable":true,"href":"https:\/\/www.mexicanguitarplayers.com\/en\/wp-json\/wp\/v2\/media\/17403"}],"wp:attachment":[{"href":"https:\/\/www.mexicanguitarplayers.com\/en\/wp-json\/wp\/v2\/media?parent=17406"}],"wp:term":[{"taxonomy":"pwb-brand","embeddable":true,"href":"https:\/\/www.mexicanguitarplayers.com\/en\/wp-json\/wp\/v2\/pwb-brand?post=17406"},{"taxonomy":"product_brand","embeddable":true,"href":"https:\/\/www.mexicanguitarplayers.com\/en\/wp-json\/wp\/v2\/product_brand?post=17406"},{"taxonomy":"product_cat","embeddable":true,"href":"https:\/\/www.mexicanguitarplayers.com\/en\/wp-json\/wp\/v2\/product_cat?post=17406"},{"taxonomy":"product_tag","embeddable":true,"href":"https:\/\/www.mexicanguitarplayers.com\/en\/wp-json\/wp\/v2\/product_tag?post=17406"}],"curies":[{"name":"wp","href":"https:\/\/api.w.org\/{rel}","templated":true}]}}