{"id":17427,"date":"2022-08-18T19:40:11","date_gmt":"2022-08-19T00:40:11","guid":{"rendered":"https:\/\/www.mexicanguitarplayers.com\/tienda\/sin%20categor\u00eda\/pastilla-fishman-p-guitarra-pro-man-nfv\/"},"modified":"2026-05-01T07:37:46","modified_gmt":"2026-05-01T13:37:46","slug":"pastilla-fishman-p-guitarra-pro-man-nfv","status":"publish","type":"product","link":"https:\/\/www.mexicanguitarplayers.com\/en\/tienda\/accesorios\/para-guitarras\/pastillas-para-guitarra-acustica\/pastilla-fishman-p-guitarra-pro-man-nfv\/","title":{"rendered":"FISHMAN PICKUP FOR PRO-MAN-NFV GUITAR"},"content":{"rendered":"<div style=\"text-align: justify\">\n<div>\n<h3>FISHMAN PICKUP FOR PRO-MAN-NFV GUITAR<\/h3>\n<\/div>\n<div>Guitar Pickup, Matrix Infinity VT Pickup &amp; Preamp System, Wide Format, Endpin Jack Mounted Preamp in Newly Designed Soft Touch Housing, Soundhole Mounted Volume and Tone Control Enclosure, Exclusive Tone Control Scoop that cuts the mids while boosting the highs and lows, accessible and relocated voicing switch to accommodate all guitar body sizes and live situations, built-in low battery LED indicator located on the internal preamp, includes Steel String and Nylon String Control, Chrome Baldric Button and Mounting Hardware, Solderless Connections, Professional Installation Recommended, Standard 2.65\u201d (67.3mm) Pickup Length Will Fit Most Guitars with Spacing between 2.5\u201d (63.5 mm) strings, uses a 9V battery, battery life: 160 hours.<\/div>\n<\/div>","protected":false},"excerpt":{"rendered":"<p>Pastilla para guitarra, Matrix Infinity VT Pickup &amp; Preamp System, formato ancho, preamplificador montado en jack Endpin en una carcasa de tacto suave de nuevo dise\u00f1o, recinto dise\u00f1ado para controles de volumen y tono montados en la boca de la guitarra, exclusivo control de tono Scoop que corta los medios mientras aumenta los agudos y los graves, interruptor de voz accesible y reubicado que se adapta a todos los tama\u00f1os de cuerpo de guitarra y situaciones en vivo, indicador LED de bater\u00eda baja integrado ubicado en el preamplificador interno, incluye m\u00f3dulos de control de cuerdas de acero y cuerdas de nylon, herrajes de montaje y bot\u00f3n de tahal\u00ed cromado, conexiones sin soldadura, se recomienda instalaci\u00f3n profesional, longitud est\u00e1ndar de la pastilla de 2.65\u201d (67.3 mm) se ajustar\u00e1 a la mayor\u00eda de las guitarras con espaciado entre cuerdas de 2.5\u201d (63.5 mm), utiliza una pila de 9V, vida de la bater\u00eda: 160 horas.&hellip; <a class=\"kt-excerpt-readmore more-link\" href=\"https:\/\/www.mexicanguitarplayers.com\/en\/tienda\/accesorios\/para-guitarras\/pastillas-para-guitarra-acustica\/pastilla-fishman-p-guitarra-pro-man-nfv\/\">Read more<\/a><\/p>","protected":false},"featured_media":17423,"comment_status":"open","ping_status":"closed","template":"","meta":{"kt_blocks_editor_width":""},"pwb-brand":[248],"product_brand":[],"product_cat":[85,336,357],"product_tag":[],"class_list":{"0":"post-17427","1":"product","2":"type-product","3":"status-publish","4":"has-post-thumbnail","6":"pwb-brand-fishman","7":"product_cat-accesorios","8":"product_cat-para-guitarras","9":"product_cat-pastillas-para-guitarra-acustica","10":"product_shipping_class-0-5-kg","12":"first","13":"instock","14":"taxable","15":"shipping-taxable","16":"purchasable","17":"product-type-simple"},"yoast_head":"<!-- This site is optimized with the Yoast SEO plugin v27.5 - https:\/\/yoast.com\/product\/yoast-seo-wordpress\/ -->\n<title>PASTILLA FISHMAN P\/GUITARRA PRO-MAN-NFV - Mexican Guitar Players<\/title>\n<meta name=\"description\" content=\"PASTILLA FISHMAN P\/GUITARRA PRO-MAN-NFV. Pastilla para guitarra, Matrix Infinity VT Pickup &amp; Preamp System, formato ancho, preamplificador montado en jack Endpin en una carcasa de tacto suave de nuevo dise\u00f1o, recinto dise\u00f1ado para controles de volumen y tono montados en la boca de la guitarra, exclusivo control de tono Scoop que corta los medios mientras aumenta los agudos y los graves, interruptor de voz accesible y reubicado que se adapta a todos los tama\u00f1os de cuerpo de guitarra y situaciones en vivo, indicador LED de bater\u00eda baja integrado ubicado en el preamplificador interno, incluye m\u00f3dulos de control de cuerdas de acero y cuerdas de nylon, herrajes de montaje y bot\u00f3n de tahal\u00ed cromado, conexiones sin soldadura, se recomienda instalaci\u00f3n profesional, longitud est\u00e1ndar de la pastilla de 2.65\u201d (67.3 mm) se ajustar\u00e1 a la mayor\u00eda de las guitarras con espaciado entre cuerdas de 2.5\u201d (63.5 mm), utiliza una pila de 9V, vida de la bater\u00eda: 160 horas.\" \/>\n<meta name=\"robots\" content=\"index, follow, max-snippet:-1, max-image-preview:large, max-video-preview:-1\" \/>\n<link rel=\"canonical\" href=\"https:\/\/www.mexicanguitarplayers.com\/en\/tienda\/accesorios\/para-guitarras\/pastillas-para-guitarra-acustica\/pastilla-fishman-p-guitarra-pro-man-nfv\/\" \/>\n<meta property=\"og:locale\" content=\"en_US\" \/>\n<meta property=\"og:type\" content=\"article\" \/>\n<meta property=\"og:title\" content=\"PASTILLA FISHMAN P\/GUITARRA PRO-MAN-NFV - Mexican Guitar Players\" \/>\n<meta property=\"og:description\" content=\"PASTILLA FISHMAN P\/GUITARRA PRO-MAN-NFV. Pastilla para guitarra, Matrix Infinity VT Pickup &amp; Preamp System, formato ancho, preamplificador montado en jack Endpin en una carcasa de tacto suave de nuevo dise\u00f1o, recinto dise\u00f1ado para controles de volumen y tono montados en la boca de la guitarra, exclusivo control de tono Scoop que corta los medios mientras aumenta los agudos y los graves, interruptor de voz accesible y reubicado que se adapta a todos los tama\u00f1os de cuerpo de guitarra y situaciones en vivo, indicador LED de bater\u00eda baja integrado ubicado en el preamplificador interno, incluye m\u00f3dulos de control de cuerdas de acero y cuerdas de nylon, herrajes de montaje y bot\u00f3n de tahal\u00ed cromado, conexiones sin soldadura, se recomienda instalaci\u00f3n profesional, longitud est\u00e1ndar de la pastilla de 2.65\u201d (67.3 mm) se ajustar\u00e1 a la mayor\u00eda de las guitarras con espaciado entre cuerdas de 2.5\u201d (63.5 mm), utiliza una pila de 9V, vida de la bater\u00eda: 160 horas.\" \/>\n<meta property=\"og:url\" content=\"https:\/\/www.mexicanguitarplayers.com\/en\/tienda\/accesorios\/para-guitarras\/pastillas-para-guitarra-acustica\/pastilla-fishman-p-guitarra-pro-man-nfv\/\" \/>\n<meta property=\"og:site_name\" content=\"Mexican Guitar Players\" \/>\n<meta property=\"article:modified_time\" content=\"2026-05-01T13:37:46+00:00\" \/>\n<meta property=\"og:image\" content=\"https:\/\/www.mexicanguitarplayers.com\/wp-content\/uploads\/2022\/08\/RAFISPROMANNFV.jpg\" \/>\n\t<meta property=\"og:image:width\" content=\"1600\" \/>\n\t<meta property=\"og:image:height\" content=\"800\" \/>\n\t<meta property=\"og:image:type\" content=\"image\/jpeg\" \/>\n<meta name=\"twitter:card\" content=\"summary_large_image\" \/>\n<meta name=\"twitter:label1\" content=\"Est. reading time\" \/>\n\t<meta name=\"twitter:data1\" content=\"1 minute\" \/>\n<script type=\"application\/ld+json\" class=\"yoast-schema-graph\">{\"@context\":\"https:\\\/\\\/schema.org\",\"@graph\":[{\"@type\":[\"WebPage\",\"ItemPage\"],\"@id\":\"https:\\\/\\\/www.mexicanguitarplayers.com\\\/tienda\\\/accesorios\\\/para-guitarras\\\/pastillas-para-guitarra-acustica\\\/pastilla-fishman-p-guitarra-pro-man-nfv\\\/\",\"url\":\"https:\\\/\\\/www.mexicanguitarplayers.com\\\/tienda\\\/accesorios\\\/para-guitarras\\\/pastillas-para-guitarra-acustica\\\/pastilla-fishman-p-guitarra-pro-man-nfv\\\/\",\"name\":\"PASTILLA FISHMAN P\\\/GUITARRA PRO-MAN-NFV - Mexican Guitar Players\",\"isPartOf\":{\"@id\":\"https:\\\/\\\/www.mexicanguitarplayers.com\\\/#website\"},\"primaryImageOfPage\":{\"@id\":\"https:\\\/\\\/www.mexicanguitarplayers.com\\\/tienda\\\/accesorios\\\/para-guitarras\\\/pastillas-para-guitarra-acustica\\\/pastilla-fishman-p-guitarra-pro-man-nfv\\\/#primaryimage\"},\"image\":{\"@id\":\"https:\\\/\\\/www.mexicanguitarplayers.com\\\/tienda\\\/accesorios\\\/para-guitarras\\\/pastillas-para-guitarra-acustica\\\/pastilla-fishman-p-guitarra-pro-man-nfv\\\/#primaryimage\"},\"thumbnailUrl\":\"https:\\\/\\\/www.mexicanguitarplayers.com\\\/wp-content\\\/uploads\\\/2022\\\/08\\\/RAFISPROMANNFV.jpg\",\"datePublished\":\"2022-08-19T00:40:11+00:00\",\"dateModified\":\"2026-05-01T13:37:46+00:00\",\"description\":\"PASTILLA FISHMAN P\\\/GUITARRA PRO-MAN-NFV. Pastilla para guitarra, Matrix Infinity VT Pickup &amp; Preamp System, formato ancho, preamplificador montado en jack Endpin en una carcasa de tacto suave de nuevo dise\u00f1o, recinto dise\u00f1ado para controles de volumen y tono montados en la boca de la guitarra, exclusivo control de tono Scoop que corta los medios mientras aumenta los agudos y los graves, interruptor de voz accesible y reubicado que se adapta a todos los tama\u00f1os de cuerpo de guitarra y situaciones en vivo, indicador LED de bater\u00eda baja integrado ubicado en el preamplificador interno, incluye m\u00f3dulos de control de cuerdas de acero y cuerdas de nylon, herrajes de montaje y bot\u00f3n de tahal\u00ed cromado, conexiones sin soldadura, se recomienda instalaci\u00f3n profesional, longitud est\u00e1ndar de la pastilla de 2.65\u201d (67.3 mm) se ajustar\u00e1 a la mayor\u00eda de las guitarras con espaciado entre cuerdas de 2.5\u201d (63.5 mm), utiliza una pila de 9V, vida de la bater\u00eda: 160 horas.\",\"breadcrumb\":{\"@id\":\"https:\\\/\\\/www.mexicanguitarplayers.com\\\/tienda\\\/accesorios\\\/para-guitarras\\\/pastillas-para-guitarra-acustica\\\/pastilla-fishman-p-guitarra-pro-man-nfv\\\/#breadcrumb\"},\"inLanguage\":\"en-US\",\"potentialAction\":[{\"@type\":\"ReadAction\",\"target\":[\"https:\\\/\\\/www.mexicanguitarplayers.com\\\/tienda\\\/accesorios\\\/para-guitarras\\\/pastillas-para-guitarra-acustica\\\/pastilla-fishman-p-guitarra-pro-man-nfv\\\/\"]}]},{\"@type\":\"ImageObject\",\"inLanguage\":\"en-US\",\"@id\":\"https:\\\/\\\/www.mexicanguitarplayers.com\\\/tienda\\\/accesorios\\\/para-guitarras\\\/pastillas-para-guitarra-acustica\\\/pastilla-fishman-p-guitarra-pro-man-nfv\\\/#primaryimage\",\"url\":\"https:\\\/\\\/www.mexicanguitarplayers.com\\\/wp-content\\\/uploads\\\/2022\\\/08\\\/RAFISPROMANNFV.jpg\",\"contentUrl\":\"https:\\\/\\\/www.mexicanguitarplayers.com\\\/wp-content\\\/uploads\\\/2022\\\/08\\\/RAFISPROMANNFV.jpg\",\"width\":1600,\"height\":800},{\"@type\":\"BreadcrumbList\",\"@id\":\"https:\\\/\\\/www.mexicanguitarplayers.com\\\/tienda\\\/accesorios\\\/para-guitarras\\\/pastillas-para-guitarra-acustica\\\/pastilla-fishman-p-guitarra-pro-man-nfv\\\/#breadcrumb\",\"itemListElement\":[{\"@type\":\"ListItem\",\"position\":1,\"name\":\"Portada\",\"item\":\"https:\\\/\\\/www.mexicanguitarplayers.com\\\/\"},{\"@type\":\"ListItem\",\"position\":2,\"name\":\"Tienda\",\"item\":\"https:\\\/\\\/www.mexicanguitarplayers.com\\\/tienda\\\/\"},{\"@type\":\"ListItem\",\"position\":3,\"name\":\"PASTILLA FISHMAN P\\\/GUITARRA PRO-MAN-NFV\"}]},{\"@type\":\"WebSite\",\"@id\":\"https:\\\/\\\/www.mexicanguitarplayers.com\\\/#website\",\"url\":\"https:\\\/\\\/www.mexicanguitarplayers.com\\\/\",\"name\":\"Mexican Guitar Players\",\"description\":\"Website\",\"publisher\":{\"@id\":\"https:\\\/\\\/www.mexicanguitarplayers.com\\\/#organization\"},\"potentialAction\":[{\"@type\":\"SearchAction\",\"target\":{\"@type\":\"EntryPoint\",\"urlTemplate\":\"https:\\\/\\\/www.mexicanguitarplayers.com\\\/?s={search_term_string}\"},\"query-input\":{\"@type\":\"PropertyValueSpecification\",\"valueRequired\":true,\"valueName\":\"search_term_string\"}}],\"inLanguage\":\"en-US\"},{\"@type\":\"Organization\",\"@id\":\"https:\\\/\\\/www.mexicanguitarplayers.com\\\/#organization\",\"name\":\"Mexican Guitar Players\",\"url\":\"https:\\\/\\\/www.mexicanguitarplayers.com\\\/\",\"logo\":{\"@type\":\"ImageObject\",\"inLanguage\":\"en-US\",\"@id\":\"https:\\\/\\\/www.mexicanguitarplayers.com\\\/#\\\/schema\\\/logo\\\/image\\\/\",\"url\":\"\",\"contentUrl\":\"\",\"caption\":\"Mexican Guitar Players\"},\"image\":{\"@id\":\"https:\\\/\\\/www.mexicanguitarplayers.com\\\/#\\\/schema\\\/logo\\\/image\\\/\"}}]}<\/script>\n<!-- \/ Yoast SEO plugin. -->","yoast_head_json":{"title":"PASTILLA FISHMAN P\/GUITARRA PRO-MAN-NFV - Mexican Guitar Players","description":"PASTILLA FISHMAN P\/GUITARRA PRO-MAN-NFV. Pastilla para guitarra, Matrix Infinity VT Pickup &amp; Preamp System, formato ancho, preamplificador montado en jack Endpin en una carcasa de tacto suave de nuevo dise\u00f1o, recinto dise\u00f1ado para controles de volumen y tono montados en la boca de la guitarra, exclusivo control de tono Scoop que corta los medios mientras aumenta los agudos y los graves, interruptor de voz accesible y reubicado que se adapta a todos los tama\u00f1os de cuerpo de guitarra y situaciones en vivo, indicador LED de bater\u00eda baja integrado ubicado en el preamplificador interno, incluye m\u00f3dulos de control de cuerdas de acero y cuerdas de nylon, herrajes de montaje y bot\u00f3n de tahal\u00ed cromado, conexiones sin soldadura, se recomienda instalaci\u00f3n profesional, longitud est\u00e1ndar de la pastilla de 2.65\u201d (67.3 mm) se ajustar\u00e1 a la mayor\u00eda de las guitarras con espaciado entre cuerdas de 2.5\u201d (63.5 mm), utiliza una pila de 9V, vida de la bater\u00eda: 160 horas.","robots":{"index":"index","follow":"follow","max-snippet":"max-snippet:-1","max-image-preview":"max-image-preview:large","max-video-preview":"max-video-preview:-1"},"canonical":"https:\/\/www.mexicanguitarplayers.com\/en\/tienda\/accesorios\/para-guitarras\/pastillas-para-guitarra-acustica\/pastilla-fishman-p-guitarra-pro-man-nfv\/","og_locale":"en_US","og_type":"article","og_title":"PASTILLA FISHMAN P\/GUITARRA PRO-MAN-NFV - Mexican Guitar Players","og_description":"PASTILLA FISHMAN P\/GUITARRA PRO-MAN-NFV. Pastilla para guitarra, Matrix Infinity VT Pickup &amp; Preamp System, formato ancho, preamplificador montado en jack Endpin en una carcasa de tacto suave de nuevo dise\u00f1o, recinto dise\u00f1ado para controles de volumen y tono montados en la boca de la guitarra, exclusivo control de tono Scoop que corta los medios mientras aumenta los agudos y los graves, interruptor de voz accesible y reubicado que se adapta a todos los tama\u00f1os de cuerpo de guitarra y situaciones en vivo, indicador LED de bater\u00eda baja integrado ubicado en el preamplificador interno, incluye m\u00f3dulos de control de cuerdas de acero y cuerdas de nylon, herrajes de montaje y bot\u00f3n de tahal\u00ed cromado, conexiones sin soldadura, se recomienda instalaci\u00f3n profesional, longitud est\u00e1ndar de la pastilla de 2.65\u201d (67.3 mm) se ajustar\u00e1 a la mayor\u00eda de las guitarras con espaciado entre cuerdas de 2.5\u201d (63.5 mm), utiliza una pila de 9V, vida de la bater\u00eda: 160 horas.","og_url":"https:\/\/www.mexicanguitarplayers.com\/en\/tienda\/accesorios\/para-guitarras\/pastillas-para-guitarra-acustica\/pastilla-fishman-p-guitarra-pro-man-nfv\/","og_site_name":"Mexican Guitar Players","article_modified_time":"2026-05-01T13:37:46+00:00","og_image":[{"width":1600,"height":800,"url":"https:\/\/www.mexicanguitarplayers.com\/wp-content\/uploads\/2022\/08\/RAFISPROMANNFV.jpg","type":"image\/jpeg"}],"twitter_card":"summary_large_image","twitter_misc":{"Est. reading time":"1 minute"},"schema":{"@context":"https:\/\/schema.org","@graph":[{"@type":["WebPage","ItemPage"],"@id":"https:\/\/www.mexicanguitarplayers.com\/tienda\/accesorios\/para-guitarras\/pastillas-para-guitarra-acustica\/pastilla-fishman-p-guitarra-pro-man-nfv\/","url":"https:\/\/www.mexicanguitarplayers.com\/tienda\/accesorios\/para-guitarras\/pastillas-para-guitarra-acustica\/pastilla-fishman-p-guitarra-pro-man-nfv\/","name":"PASTILLA FISHMAN P\/GUITARRA PRO-MAN-NFV - Mexican Guitar Players","isPartOf":{"@id":"https:\/\/www.mexicanguitarplayers.com\/#website"},"primaryImageOfPage":{"@id":"https:\/\/www.mexicanguitarplayers.com\/tienda\/accesorios\/para-guitarras\/pastillas-para-guitarra-acustica\/pastilla-fishman-p-guitarra-pro-man-nfv\/#primaryimage"},"image":{"@id":"https:\/\/www.mexicanguitarplayers.com\/tienda\/accesorios\/para-guitarras\/pastillas-para-guitarra-acustica\/pastilla-fishman-p-guitarra-pro-man-nfv\/#primaryimage"},"thumbnailUrl":"https:\/\/www.mexicanguitarplayers.com\/wp-content\/uploads\/2022\/08\/RAFISPROMANNFV.jpg","datePublished":"2022-08-19T00:40:11+00:00","dateModified":"2026-05-01T13:37:46+00:00","description":"PASTILLA FISHMAN P\/GUITARRA PRO-MAN-NFV. Pastilla para guitarra, Matrix Infinity VT Pickup &amp; Preamp System, formato ancho, preamplificador montado en jack Endpin en una carcasa de tacto suave de nuevo dise\u00f1o, recinto dise\u00f1ado para controles de volumen y tono montados en la boca de la guitarra, exclusivo control de tono Scoop que corta los medios mientras aumenta los agudos y los graves, interruptor de voz accesible y reubicado que se adapta a todos los tama\u00f1os de cuerpo de guitarra y situaciones en vivo, indicador LED de bater\u00eda baja integrado ubicado en el preamplificador interno, incluye m\u00f3dulos de control de cuerdas de acero y cuerdas de nylon, herrajes de montaje y bot\u00f3n de tahal\u00ed cromado, conexiones sin soldadura, se recomienda instalaci\u00f3n profesional, longitud est\u00e1ndar de la pastilla de 2.65\u201d (67.3 mm) se ajustar\u00e1 a la mayor\u00eda de las guitarras con espaciado entre cuerdas de 2.5\u201d (63.5 mm), utiliza una pila de 9V, vida de la bater\u00eda: 160 horas.","breadcrumb":{"@id":"https:\/\/www.mexicanguitarplayers.com\/tienda\/accesorios\/para-guitarras\/pastillas-para-guitarra-acustica\/pastilla-fishman-p-guitarra-pro-man-nfv\/#breadcrumb"},"inLanguage":"en-US","potentialAction":[{"@type":"ReadAction","target":["https:\/\/www.mexicanguitarplayers.com\/tienda\/accesorios\/para-guitarras\/pastillas-para-guitarra-acustica\/pastilla-fishman-p-guitarra-pro-man-nfv\/"]}]},{"@type":"ImageObject","inLanguage":"en-US","@id":"https:\/\/www.mexicanguitarplayers.com\/tienda\/accesorios\/para-guitarras\/pastillas-para-guitarra-acustica\/pastilla-fishman-p-guitarra-pro-man-nfv\/#primaryimage","url":"https:\/\/www.mexicanguitarplayers.com\/wp-content\/uploads\/2022\/08\/RAFISPROMANNFV.jpg","contentUrl":"https:\/\/www.mexicanguitarplayers.com\/wp-content\/uploads\/2022\/08\/RAFISPROMANNFV.jpg","width":1600,"height":800},{"@type":"BreadcrumbList","@id":"https:\/\/www.mexicanguitarplayers.com\/tienda\/accesorios\/para-guitarras\/pastillas-para-guitarra-acustica\/pastilla-fishman-p-guitarra-pro-man-nfv\/#breadcrumb","itemListElement":[{"@type":"ListItem","position":1,"name":"Portada","item":"https:\/\/www.mexicanguitarplayers.com\/"},{"@type":"ListItem","position":2,"name":"Tienda","item":"https:\/\/www.mexicanguitarplayers.com\/tienda\/"},{"@type":"ListItem","position":3,"name":"PASTILLA FISHMAN P\/GUITARRA PRO-MAN-NFV"}]},{"@type":"WebSite","@id":"https:\/\/www.mexicanguitarplayers.com\/#website","url":"https:\/\/www.mexicanguitarplayers.com\/","name":"Mexican Guitar Players","description":"Website","publisher":{"@id":"https:\/\/www.mexicanguitarplayers.com\/#organization"},"potentialAction":[{"@type":"SearchAction","target":{"@type":"EntryPoint","urlTemplate":"https:\/\/www.mexicanguitarplayers.com\/?s={search_term_string}"},"query-input":{"@type":"PropertyValueSpecification","valueRequired":true,"valueName":"search_term_string"}}],"inLanguage":"en-US"},{"@type":"Organization","@id":"https:\/\/www.mexicanguitarplayers.com\/#organization","name":"Mexican Guitar Players","url":"https:\/\/www.mexicanguitarplayers.com\/","logo":{"@type":"ImageObject","inLanguage":"en-US","@id":"https:\/\/www.mexicanguitarplayers.com\/#\/schema\/logo\/image\/","url":"","contentUrl":"","caption":"Mexican Guitar Players"},"image":{"@id":"https:\/\/www.mexicanguitarplayers.com\/#\/schema\/logo\/image\/"}}]}},"brands":[{"id":248,"name":"FISHMAN","slug":"fishman"}],"_links":{"self":[{"href":"https:\/\/www.mexicanguitarplayers.com\/en\/wp-json\/wp\/v2\/product\/17427","targetHints":{"allow":["GET"]}}],"collection":[{"href":"https:\/\/www.mexicanguitarplayers.com\/en\/wp-json\/wp\/v2\/product"}],"about":[{"href":"https:\/\/www.mexicanguitarplayers.com\/en\/wp-json\/wp\/v2\/types\/product"}],"replies":[{"embeddable":true,"href":"https:\/\/www.mexicanguitarplayers.com\/en\/wp-json\/wp\/v2\/comments?post=17427"}],"wp:featuredmedia":[{"embeddable":true,"href":"https:\/\/www.mexicanguitarplayers.com\/en\/wp-json\/wp\/v2\/media\/17423"}],"wp:attachment":[{"href":"https:\/\/www.mexicanguitarplayers.com\/en\/wp-json\/wp\/v2\/media?parent=17427"}],"wp:term":[{"taxonomy":"pwb-brand","embeddable":true,"href":"https:\/\/www.mexicanguitarplayers.com\/en\/wp-json\/wp\/v2\/pwb-brand?post=17427"},{"taxonomy":"product_brand","embeddable":true,"href":"https:\/\/www.mexicanguitarplayers.com\/en\/wp-json\/wp\/v2\/product_brand?post=17427"},{"taxonomy":"product_cat","embeddable":true,"href":"https:\/\/www.mexicanguitarplayers.com\/en\/wp-json\/wp\/v2\/product_cat?post=17427"},{"taxonomy":"product_tag","embeddable":true,"href":"https:\/\/www.mexicanguitarplayers.com\/en\/wp-json\/wp\/v2\/product_tag?post=17427"}],"curies":[{"name":"wp","href":"https:\/\/api.w.org\/{rel}","templated":true}]}}