{"id":17456,"date":"2022-08-18T19:41:18","date_gmt":"2022-08-19T00:41:18","guid":{"rendered":"https:\/\/www.mexicanguitarplayers.com\/tienda\/sin%20categor\u00eda\/circuito-fishman-activo-pro-pch-002\/"},"modified":"2026-04-10T05:02:03","modified_gmt":"2026-04-10T11:02:03","slug":"circuito-fishman-activo-pro-pch-002","status":"publish","type":"product","link":"https:\/\/www.mexicanguitarplayers.com\/en\/tienda\/accesorios\/para-guitarras\/pastillas-para-guitarra-electrica\/circuito-fishman-activo-pro-pch-002\/","title":{"rendered":"ACTIVE FISHMAN CIRCUIT PRO-PCH-002"},"content":{"rendered":"<div style=\"text-align: justify\">\n<div>\n<h3>ACTIVE FISHMAN CIRCUIT PRO-PCH-002<\/h3>\n<\/div>\n<div>Fishman active circuitry that mixes powerbridge and magnetic pickups, piezo volume control that works in conjunction with an exclusive \u201cSmart Switch\u201d that automatically splits your piezo and magnetic outputs to stereo or mixes them to mono, up to 200 hours of operation between switching drums, exclusive model for Les Paul type guitars.<\/div>\n<\/div>","protected":false},"excerpt":{"rendered":"<p>Circuito activo Fishman que mezcla powerbridge y pastillas magn\u00e9ticas, control de volumen piezo que trabaja en conjunto con un \u201cSmart Switch\u201d exclusivo, que divide autom\u00e1ticamente tu piezo y salidas magn\u00e9ticas a est\u00e9reo o las mezcla a mono, hasta 200 horas de funcionamiento entre cambio de bater\u00eda, modelo exclusivo para guitarras tipo Les Paul.&hellip; <a class=\"kt-excerpt-readmore more-link\" href=\"https:\/\/www.mexicanguitarplayers.com\/en\/tienda\/accesorios\/para-guitarras\/pastillas-para-guitarra-electrica\/circuito-fishman-activo-pro-pch-002\/\">Read more<\/a><\/p>","protected":false},"featured_media":17452,"comment_status":"open","ping_status":"closed","template":"","meta":{"kt_blocks_editor_width":""},"pwb-brand":[248],"product_brand":[],"product_cat":[85,336,353],"product_tag":[],"class_list":{"0":"post-17456","1":"product","2":"type-product","3":"status-publish","4":"has-post-thumbnail","6":"pwb-brand-fishman","7":"product_cat-accesorios","8":"product_cat-para-guitarras","9":"product_cat-pastillas-para-guitarra-electrica","10":"product_shipping_class-10-15-kg","12":"first","13":"outofstock","14":"taxable","15":"shipping-taxable","16":"purchasable","17":"product-type-simple"},"yoast_head":"<!-- This site is optimized with the Yoast SEO plugin v27.6 - https:\/\/yoast.com\/product\/yoast-seo-wordpress\/ -->\n<title>CIRCUITO FISHMAN ACTIVO PRO-PCH-002 - Mexican Guitar Players<\/title>\n<meta name=\"description\" content=\"CIRCUITO FISHMAN ACTIVO PRO-PCH-002. Circuito activo Fishman que mezcla powerbridge y pastillas magn\u00e9ticas, control de volumen piezo que trabaja en conjunto con un \u201cSmart Switch\u201d exclusivo, que divide autom\u00e1ticamente tu piezo y salidas magn\u00e9ticas a est\u00e9reo o las mezcla a mono, hasta 200 horas de funcionamiento entre cambio de bater\u00eda, modelo exclusivo para guitarras tipo Les Paul.\" \/>\n<meta name=\"robots\" content=\"index, follow, max-snippet:-1, max-image-preview:large, max-video-preview:-1\" \/>\n<link rel=\"canonical\" href=\"https:\/\/www.mexicanguitarplayers.com\/en\/tienda\/accesorios\/para-guitarras\/pastillas-para-guitarra-electrica\/circuito-fishman-activo-pro-pch-002\/\" \/>\n<meta property=\"og:locale\" content=\"en_US\" \/>\n<meta property=\"og:type\" content=\"article\" \/>\n<meta property=\"og:title\" content=\"CIRCUITO FISHMAN ACTIVO PRO-PCH-002 - Mexican Guitar Players\" \/>\n<meta property=\"og:description\" content=\"CIRCUITO FISHMAN ACTIVO PRO-PCH-002. Circuito activo Fishman que mezcla powerbridge y pastillas magn\u00e9ticas, control de volumen piezo que trabaja en conjunto con un \u201cSmart Switch\u201d exclusivo, que divide autom\u00e1ticamente tu piezo y salidas magn\u00e9ticas a est\u00e9reo o las mezcla a mono, hasta 200 horas de funcionamiento entre cambio de bater\u00eda, modelo exclusivo para guitarras tipo Les Paul.\" \/>\n<meta property=\"og:url\" content=\"https:\/\/www.mexicanguitarplayers.com\/en\/tienda\/accesorios\/para-guitarras\/pastillas-para-guitarra-electrica\/circuito-fishman-activo-pro-pch-002\/\" \/>\n<meta property=\"og:site_name\" content=\"Mexican Guitar Players\" \/>\n<meta property=\"article:modified_time\" content=\"2026-04-10T11:02:03+00:00\" \/>\n<meta property=\"og:image\" content=\"https:\/\/www.mexicanguitarplayers.com\/wp-content\/uploads\/2022\/08\/RAFISPROPCH002.jpg\" \/>\n\t<meta property=\"og:image:width\" content=\"1200\" \/>\n\t<meta property=\"og:image:height\" content=\"1200\" \/>\n\t<meta property=\"og:image:type\" content=\"image\/jpeg\" \/>\n<meta name=\"twitter:card\" content=\"summary_large_image\" \/>\n<script type=\"application\/ld+json\" class=\"yoast-schema-graph\">{\"@context\":\"https:\\\/\\\/schema.org\",\"@graph\":[{\"@type\":[\"WebPage\",\"ItemPage\"],\"@id\":\"https:\\\/\\\/www.mexicanguitarplayers.com\\\/tienda\\\/accesorios\\\/para-guitarras\\\/pastillas-para-guitarra-electrica\\\/circuito-fishman-activo-pro-pch-002\\\/\",\"url\":\"https:\\\/\\\/www.mexicanguitarplayers.com\\\/tienda\\\/accesorios\\\/para-guitarras\\\/pastillas-para-guitarra-electrica\\\/circuito-fishman-activo-pro-pch-002\\\/\",\"name\":\"CIRCUITO FISHMAN ACTIVO PRO-PCH-002 - Mexican Guitar Players\",\"isPartOf\":{\"@id\":\"https:\\\/\\\/www.mexicanguitarplayers.com\\\/#website\"},\"primaryImageOfPage\":{\"@id\":\"https:\\\/\\\/www.mexicanguitarplayers.com\\\/tienda\\\/accesorios\\\/para-guitarras\\\/pastillas-para-guitarra-electrica\\\/circuito-fishman-activo-pro-pch-002\\\/#primaryimage\"},\"image\":{\"@id\":\"https:\\\/\\\/www.mexicanguitarplayers.com\\\/tienda\\\/accesorios\\\/para-guitarras\\\/pastillas-para-guitarra-electrica\\\/circuito-fishman-activo-pro-pch-002\\\/#primaryimage\"},\"thumbnailUrl\":\"https:\\\/\\\/www.mexicanguitarplayers.com\\\/wp-content\\\/uploads\\\/2022\\\/08\\\/RAFISPROPCH002.jpg\",\"datePublished\":\"2022-08-19T00:41:18+00:00\",\"dateModified\":\"2026-04-10T11:02:03+00:00\",\"description\":\"CIRCUITO FISHMAN ACTIVO PRO-PCH-002. Circuito activo Fishman que mezcla powerbridge y pastillas magn\u00e9ticas, control de volumen piezo que trabaja en conjunto con un \u201cSmart Switch\u201d exclusivo, que divide autom\u00e1ticamente tu piezo y salidas magn\u00e9ticas a est\u00e9reo o las mezcla a mono, hasta 200 horas de funcionamiento entre cambio de bater\u00eda, modelo exclusivo para guitarras tipo Les Paul.\",\"breadcrumb\":{\"@id\":\"https:\\\/\\\/www.mexicanguitarplayers.com\\\/tienda\\\/accesorios\\\/para-guitarras\\\/pastillas-para-guitarra-electrica\\\/circuito-fishman-activo-pro-pch-002\\\/#breadcrumb\"},\"inLanguage\":\"en-US\",\"potentialAction\":[{\"@type\":\"ReadAction\",\"target\":[\"https:\\\/\\\/www.mexicanguitarplayers.com\\\/tienda\\\/accesorios\\\/para-guitarras\\\/pastillas-para-guitarra-electrica\\\/circuito-fishman-activo-pro-pch-002\\\/\"]}]},{\"@type\":\"ImageObject\",\"inLanguage\":\"en-US\",\"@id\":\"https:\\\/\\\/www.mexicanguitarplayers.com\\\/tienda\\\/accesorios\\\/para-guitarras\\\/pastillas-para-guitarra-electrica\\\/circuito-fishman-activo-pro-pch-002\\\/#primaryimage\",\"url\":\"https:\\\/\\\/www.mexicanguitarplayers.com\\\/wp-content\\\/uploads\\\/2022\\\/08\\\/RAFISPROPCH002.jpg\",\"contentUrl\":\"https:\\\/\\\/www.mexicanguitarplayers.com\\\/wp-content\\\/uploads\\\/2022\\\/08\\\/RAFISPROPCH002.jpg\",\"width\":1200,\"height\":1200},{\"@type\":\"BreadcrumbList\",\"@id\":\"https:\\\/\\\/www.mexicanguitarplayers.com\\\/tienda\\\/accesorios\\\/para-guitarras\\\/pastillas-para-guitarra-electrica\\\/circuito-fishman-activo-pro-pch-002\\\/#breadcrumb\",\"itemListElement\":[{\"@type\":\"ListItem\",\"position\":1,\"name\":\"Portada\",\"item\":\"https:\\\/\\\/www.mexicanguitarplayers.com\\\/\"},{\"@type\":\"ListItem\",\"position\":2,\"name\":\"Tienda\",\"item\":\"https:\\\/\\\/www.mexicanguitarplayers.com\\\/tienda\\\/\"},{\"@type\":\"ListItem\",\"position\":3,\"name\":\"CIRCUITO FISHMAN ACTIVO PRO-PCH-002\"}]},{\"@type\":\"WebSite\",\"@id\":\"https:\\\/\\\/www.mexicanguitarplayers.com\\\/#website\",\"url\":\"https:\\\/\\\/www.mexicanguitarplayers.com\\\/\",\"name\":\"Mexican Guitar Players\",\"description\":\"Website\",\"publisher\":{\"@id\":\"https:\\\/\\\/www.mexicanguitarplayers.com\\\/#organization\"},\"potentialAction\":[{\"@type\":\"SearchAction\",\"target\":{\"@type\":\"EntryPoint\",\"urlTemplate\":\"https:\\\/\\\/www.mexicanguitarplayers.com\\\/?s={search_term_string}\"},\"query-input\":{\"@type\":\"PropertyValueSpecification\",\"valueRequired\":true,\"valueName\":\"search_term_string\"}}],\"inLanguage\":\"en-US\"},{\"@type\":\"Organization\",\"@id\":\"https:\\\/\\\/www.mexicanguitarplayers.com\\\/#organization\",\"name\":\"Mexican Guitar Players\",\"url\":\"https:\\\/\\\/www.mexicanguitarplayers.com\\\/\",\"logo\":{\"@type\":\"ImageObject\",\"inLanguage\":\"en-US\",\"@id\":\"https:\\\/\\\/www.mexicanguitarplayers.com\\\/#\\\/schema\\\/logo\\\/image\\\/\",\"url\":\"\",\"contentUrl\":\"\",\"caption\":\"Mexican Guitar Players\"},\"image\":{\"@id\":\"https:\\\/\\\/www.mexicanguitarplayers.com\\\/#\\\/schema\\\/logo\\\/image\\\/\"}}]}<\/script>\n<!-- \/ Yoast SEO plugin. -->","yoast_head_json":{"title":"CIRCUITO FISHMAN ACTIVO PRO-PCH-002 - Mexican Guitar Players","description":"CIRCUITO FISHMAN ACTIVO PRO-PCH-002. Circuito activo Fishman que mezcla powerbridge y pastillas magn\u00e9ticas, control de volumen piezo que trabaja en conjunto con un \u201cSmart Switch\u201d exclusivo, que divide autom\u00e1ticamente tu piezo y salidas magn\u00e9ticas a est\u00e9reo o las mezcla a mono, hasta 200 horas de funcionamiento entre cambio de bater\u00eda, modelo exclusivo para guitarras tipo Les Paul.","robots":{"index":"index","follow":"follow","max-snippet":"max-snippet:-1","max-image-preview":"max-image-preview:large","max-video-preview":"max-video-preview:-1"},"canonical":"https:\/\/www.mexicanguitarplayers.com\/en\/tienda\/accesorios\/para-guitarras\/pastillas-para-guitarra-electrica\/circuito-fishman-activo-pro-pch-002\/","og_locale":"en_US","og_type":"article","og_title":"CIRCUITO FISHMAN ACTIVO PRO-PCH-002 - Mexican Guitar Players","og_description":"CIRCUITO FISHMAN ACTIVO PRO-PCH-002. Circuito activo Fishman que mezcla powerbridge y pastillas magn\u00e9ticas, control de volumen piezo que trabaja en conjunto con un \u201cSmart Switch\u201d exclusivo, que divide autom\u00e1ticamente tu piezo y salidas magn\u00e9ticas a est\u00e9reo o las mezcla a mono, hasta 200 horas de funcionamiento entre cambio de bater\u00eda, modelo exclusivo para guitarras tipo Les Paul.","og_url":"https:\/\/www.mexicanguitarplayers.com\/en\/tienda\/accesorios\/para-guitarras\/pastillas-para-guitarra-electrica\/circuito-fishman-activo-pro-pch-002\/","og_site_name":"Mexican Guitar Players","article_modified_time":"2026-04-10T11:02:03+00:00","og_image":[{"width":1200,"height":1200,"url":"https:\/\/www.mexicanguitarplayers.com\/wp-content\/uploads\/2022\/08\/RAFISPROPCH002.jpg","type":"image\/jpeg"}],"twitter_card":"summary_large_image","schema":{"@context":"https:\/\/schema.org","@graph":[{"@type":["WebPage","ItemPage"],"@id":"https:\/\/www.mexicanguitarplayers.com\/tienda\/accesorios\/para-guitarras\/pastillas-para-guitarra-electrica\/circuito-fishman-activo-pro-pch-002\/","url":"https:\/\/www.mexicanguitarplayers.com\/tienda\/accesorios\/para-guitarras\/pastillas-para-guitarra-electrica\/circuito-fishman-activo-pro-pch-002\/","name":"CIRCUITO FISHMAN ACTIVO PRO-PCH-002 - Mexican Guitar Players","isPartOf":{"@id":"https:\/\/www.mexicanguitarplayers.com\/#website"},"primaryImageOfPage":{"@id":"https:\/\/www.mexicanguitarplayers.com\/tienda\/accesorios\/para-guitarras\/pastillas-para-guitarra-electrica\/circuito-fishman-activo-pro-pch-002\/#primaryimage"},"image":{"@id":"https:\/\/www.mexicanguitarplayers.com\/tienda\/accesorios\/para-guitarras\/pastillas-para-guitarra-electrica\/circuito-fishman-activo-pro-pch-002\/#primaryimage"},"thumbnailUrl":"https:\/\/www.mexicanguitarplayers.com\/wp-content\/uploads\/2022\/08\/RAFISPROPCH002.jpg","datePublished":"2022-08-19T00:41:18+00:00","dateModified":"2026-04-10T11:02:03+00:00","description":"CIRCUITO FISHMAN ACTIVO PRO-PCH-002. Circuito activo Fishman que mezcla powerbridge y pastillas magn\u00e9ticas, control de volumen piezo que trabaja en conjunto con un \u201cSmart Switch\u201d exclusivo, que divide autom\u00e1ticamente tu piezo y salidas magn\u00e9ticas a est\u00e9reo o las mezcla a mono, hasta 200 horas de funcionamiento entre cambio de bater\u00eda, modelo exclusivo para guitarras tipo Les Paul.","breadcrumb":{"@id":"https:\/\/www.mexicanguitarplayers.com\/tienda\/accesorios\/para-guitarras\/pastillas-para-guitarra-electrica\/circuito-fishman-activo-pro-pch-002\/#breadcrumb"},"inLanguage":"en-US","potentialAction":[{"@type":"ReadAction","target":["https:\/\/www.mexicanguitarplayers.com\/tienda\/accesorios\/para-guitarras\/pastillas-para-guitarra-electrica\/circuito-fishman-activo-pro-pch-002\/"]}]},{"@type":"ImageObject","inLanguage":"en-US","@id":"https:\/\/www.mexicanguitarplayers.com\/tienda\/accesorios\/para-guitarras\/pastillas-para-guitarra-electrica\/circuito-fishman-activo-pro-pch-002\/#primaryimage","url":"https:\/\/www.mexicanguitarplayers.com\/wp-content\/uploads\/2022\/08\/RAFISPROPCH002.jpg","contentUrl":"https:\/\/www.mexicanguitarplayers.com\/wp-content\/uploads\/2022\/08\/RAFISPROPCH002.jpg","width":1200,"height":1200},{"@type":"BreadcrumbList","@id":"https:\/\/www.mexicanguitarplayers.com\/tienda\/accesorios\/para-guitarras\/pastillas-para-guitarra-electrica\/circuito-fishman-activo-pro-pch-002\/#breadcrumb","itemListElement":[{"@type":"ListItem","position":1,"name":"Portada","item":"https:\/\/www.mexicanguitarplayers.com\/"},{"@type":"ListItem","position":2,"name":"Tienda","item":"https:\/\/www.mexicanguitarplayers.com\/tienda\/"},{"@type":"ListItem","position":3,"name":"CIRCUITO FISHMAN ACTIVO PRO-PCH-002"}]},{"@type":"WebSite","@id":"https:\/\/www.mexicanguitarplayers.com\/#website","url":"https:\/\/www.mexicanguitarplayers.com\/","name":"Mexican Guitar Players","description":"Website","publisher":{"@id":"https:\/\/www.mexicanguitarplayers.com\/#organization"},"potentialAction":[{"@type":"SearchAction","target":{"@type":"EntryPoint","urlTemplate":"https:\/\/www.mexicanguitarplayers.com\/?s={search_term_string}"},"query-input":{"@type":"PropertyValueSpecification","valueRequired":true,"valueName":"search_term_string"}}],"inLanguage":"en-US"},{"@type":"Organization","@id":"https:\/\/www.mexicanguitarplayers.com\/#organization","name":"Mexican Guitar Players","url":"https:\/\/www.mexicanguitarplayers.com\/","logo":{"@type":"ImageObject","inLanguage":"en-US","@id":"https:\/\/www.mexicanguitarplayers.com\/#\/schema\/logo\/image\/","url":"","contentUrl":"","caption":"Mexican Guitar Players"},"image":{"@id":"https:\/\/www.mexicanguitarplayers.com\/#\/schema\/logo\/image\/"}}]}},"brands":[{"id":248,"name":"FISHMAN","slug":"fishman"}],"_links":{"self":[{"href":"https:\/\/www.mexicanguitarplayers.com\/en\/wp-json\/wp\/v2\/product\/17456","targetHints":{"allow":["GET"]}}],"collection":[{"href":"https:\/\/www.mexicanguitarplayers.com\/en\/wp-json\/wp\/v2\/product"}],"about":[{"href":"https:\/\/www.mexicanguitarplayers.com\/en\/wp-json\/wp\/v2\/types\/product"}],"replies":[{"embeddable":true,"href":"https:\/\/www.mexicanguitarplayers.com\/en\/wp-json\/wp\/v2\/comments?post=17456"}],"wp:featuredmedia":[{"embeddable":true,"href":"https:\/\/www.mexicanguitarplayers.com\/en\/wp-json\/wp\/v2\/media\/17452"}],"wp:attachment":[{"href":"https:\/\/www.mexicanguitarplayers.com\/en\/wp-json\/wp\/v2\/media?parent=17456"}],"wp:term":[{"taxonomy":"pwb-brand","embeddable":true,"href":"https:\/\/www.mexicanguitarplayers.com\/en\/wp-json\/wp\/v2\/pwb-brand?post=17456"},{"taxonomy":"product_brand","embeddable":true,"href":"https:\/\/www.mexicanguitarplayers.com\/en\/wp-json\/wp\/v2\/product_brand?post=17456"},{"taxonomy":"product_cat","embeddable":true,"href":"https:\/\/www.mexicanguitarplayers.com\/en\/wp-json\/wp\/v2\/product_cat?post=17456"},{"taxonomy":"product_tag","embeddable":true,"href":"https:\/\/www.mexicanguitarplayers.com\/en\/wp-json\/wp\/v2\/product_tag?post=17456"}],"curies":[{"name":"wp","href":"https:\/\/api.w.org\/{rel}","templated":true}]}}