{"id":17472,"date":"2022-08-18T19:45:14","date_gmt":"2022-08-19T00:45:14","guid":{"rendered":"https:\/\/www.mexicanguitarplayers.com\/tienda\/sin%20categor\u00eda\/pastilla-fishman-bajo-quinto-pro-rep-bq1\/"},"modified":"2026-05-01T07:37:43","modified_gmt":"2026-05-01T13:37:43","slug":"pastilla-fishman-bajo-quinto-pro-rep-bq1","status":"publish","type":"product","link":"https:\/\/www.mexicanguitarplayers.com\/en\/tienda\/accesorios\/para-inst-folkloricos\/pastillas-para-inst-folkloricos\/pastilla-fishman-bajo-quinto-pro-rep-bq1\/","title":{"rendered":"PICKUP FISHMAN BAJO QUINTO PRO-REP-BQ1"},"content":{"rendered":"<div style=\"text-align: justify\">\n<div>\n<h3>PICKUP FISHMAN BAJO QUINTO PRO-REP-BQ1<\/h3>\n<\/div>\n<div>Fishman&#039;s Rare Earth Pickup, Designed and Voiced Specifically for Bajo Quinto, Warm Full Humbucking Sound, Volume Control Wheel, Active Electronics, and Neodymium Magnet Structure for Exceptional String and String Balance and Brilliant Acoustic Clarity, Low-Bass Preamp Design current allows up to 240 hours between battery changes, pre-wired output jack can also be endpin mounted, easy no-alter installation, plug-and-play right out of the box, fits soundholes as small as 3 5\/ 8\u201d (92mm) in diameter, uses 2 x 1.5V silver oxide batteries or one 3V battery.<\/div>\n<\/div>","protected":false},"excerpt":{"rendered":"<p>Pastilla Rare Earth de Fishman, dise\u00f1ada y expresada espec\u00edficamente para bajo quinto, sonido humbucking c\u00e1lido y completo, rueda de control de volumen, electr\u00f3nica activa y estructura de im\u00e1n de neodimio para un equilibrio excepcional y cuerdas y claridad ac\u00fastica brillante, dise\u00f1o de preamplificador de baja corriente que permite hasta 240 horas entre cambios de bater\u00eda, jack de salida precableado que tambi\u00e9n se puede montar con endpin, instalaci\u00f3n f\u00e1cil sin alteraci\u00f3n, plug-and-play desde el primer momento, se ajusta a bocas de sonido tan peque\u00f1as como 3 5\/8\u201d (92 mm) de di\u00e1metro, utiliza 2 bater\u00edas de 1.5V de \u00f3xido de plata o una bater\u00eda de 3V.&hellip; <a class=\"kt-excerpt-readmore more-link\" href=\"https:\/\/www.mexicanguitarplayers.com\/en\/tienda\/accesorios\/para-inst-folkloricos\/pastillas-para-inst-folkloricos\/pastilla-fishman-bajo-quinto-pro-rep-bq1\/\">Read more<\/a><\/p>","protected":false},"featured_media":17468,"comment_status":"open","ping_status":"closed","template":"","meta":{"kt_blocks_editor_width":""},"pwb-brand":[248],"product_brand":[],"product_cat":[85,611,612],"product_tag":[],"class_list":{"0":"post-17472","1":"product","2":"type-product","3":"status-publish","4":"has-post-thumbnail","6":"pwb-brand-fishman","7":"product_cat-accesorios","8":"product_cat-para-inst-folkloricos","9":"product_cat-pastillas-para-inst-folkloricos","10":"product_shipping_class-0-5-kg","12":"first","13":"instock","14":"taxable","15":"shipping-taxable","16":"purchasable","17":"product-type-simple"},"yoast_head":"<!-- This site is optimized with the Yoast SEO plugin v27.6 - https:\/\/yoast.com\/product\/yoast-seo-wordpress\/ -->\n<title>PASTILLA FISHMAN BAJO QUINTO PRO-REP-BQ1 - Mexican Guitar Players<\/title>\n<meta name=\"description\" content=\"PASTILLA FISHMAN BAJO QUINTO PRO-REP-BQ1. Pastilla Rare Earth de Fishman, dise\u00f1ada y expresada espec\u00edficamente para bajo quinto, sonido humbucking c\u00e1lido y completo, rueda de control de volumen, electr\u00f3nica activa y estructura de im\u00e1n de neodimio para un equilibrio excepcional y cuerdas y claridad ac\u00fastica brillante, dise\u00f1o de preamplificador de baja corriente que permite hasta 240 horas entre cambios de bater\u00eda, jack de salida precableado que tambi\u00e9n se puede montar con endpin, instalaci\u00f3n f\u00e1cil sin alteraci\u00f3n, plug-and-play desde el primer momento, se ajusta a bocas de sonido tan peque\u00f1as como 3 5\/8\u201d (92 mm) de di\u00e1metro, utiliza 2 bater\u00edas de 1.5V de \u00f3xido de plata o una bater\u00eda de 3V.\" \/>\n<meta name=\"robots\" content=\"index, follow, max-snippet:-1, max-image-preview:large, max-video-preview:-1\" \/>\n<link rel=\"canonical\" href=\"https:\/\/www.mexicanguitarplayers.com\/en\/tienda\/accesorios\/para-inst-folkloricos\/pastillas-para-inst-folkloricos\/pastilla-fishman-bajo-quinto-pro-rep-bq1\/\" \/>\n<meta property=\"og:locale\" content=\"en_US\" \/>\n<meta property=\"og:type\" content=\"article\" \/>\n<meta property=\"og:title\" content=\"PASTILLA FISHMAN BAJO QUINTO PRO-REP-BQ1 - Mexican Guitar Players\" \/>\n<meta property=\"og:description\" content=\"PASTILLA FISHMAN BAJO QUINTO PRO-REP-BQ1. Pastilla Rare Earth de Fishman, dise\u00f1ada y expresada espec\u00edficamente para bajo quinto, sonido humbucking c\u00e1lido y completo, rueda de control de volumen, electr\u00f3nica activa y estructura de im\u00e1n de neodimio para un equilibrio excepcional y cuerdas y claridad ac\u00fastica brillante, dise\u00f1o de preamplificador de baja corriente que permite hasta 240 horas entre cambios de bater\u00eda, jack de salida precableado que tambi\u00e9n se puede montar con endpin, instalaci\u00f3n f\u00e1cil sin alteraci\u00f3n, plug-and-play desde el primer momento, se ajusta a bocas de sonido tan peque\u00f1as como 3 5\/8\u201d (92 mm) de di\u00e1metro, utiliza 2 bater\u00edas de 1.5V de \u00f3xido de plata o una bater\u00eda de 3V.\" \/>\n<meta property=\"og:url\" content=\"https:\/\/www.mexicanguitarplayers.com\/en\/tienda\/accesorios\/para-inst-folkloricos\/pastillas-para-inst-folkloricos\/pastilla-fishman-bajo-quinto-pro-rep-bq1\/\" \/>\n<meta property=\"og:site_name\" content=\"Mexican Guitar Players\" \/>\n<meta property=\"article:modified_time\" content=\"2026-05-01T13:37:43+00:00\" \/>\n<meta property=\"og:image\" content=\"https:\/\/www.mexicanguitarplayers.com\/wp-content\/uploads\/2022\/08\/RAFISPROREPBQ1.jpg\" \/>\n\t<meta property=\"og:image:width\" content=\"1200\" \/>\n\t<meta property=\"og:image:height\" content=\"1200\" \/>\n\t<meta property=\"og:image:type\" content=\"image\/jpeg\" \/>\n<meta name=\"twitter:card\" content=\"summary_large_image\" \/>\n<meta name=\"twitter:label1\" content=\"Est. reading time\" \/>\n\t<meta name=\"twitter:data1\" content=\"1 minute\" \/>\n<script type=\"application\/ld+json\" class=\"yoast-schema-graph\">{\"@context\":\"https:\\\/\\\/schema.org\",\"@graph\":[{\"@type\":[\"WebPage\",\"ItemPage\"],\"@id\":\"https:\\\/\\\/www.mexicanguitarplayers.com\\\/tienda\\\/accesorios\\\/para-inst-folkloricos\\\/pastillas-para-inst-folkloricos\\\/pastilla-fishman-bajo-quinto-pro-rep-bq1\\\/\",\"url\":\"https:\\\/\\\/www.mexicanguitarplayers.com\\\/tienda\\\/accesorios\\\/para-inst-folkloricos\\\/pastillas-para-inst-folkloricos\\\/pastilla-fishman-bajo-quinto-pro-rep-bq1\\\/\",\"name\":\"PASTILLA FISHMAN BAJO QUINTO PRO-REP-BQ1 - Mexican Guitar Players\",\"isPartOf\":{\"@id\":\"https:\\\/\\\/www.mexicanguitarplayers.com\\\/#website\"},\"primaryImageOfPage\":{\"@id\":\"https:\\\/\\\/www.mexicanguitarplayers.com\\\/tienda\\\/accesorios\\\/para-inst-folkloricos\\\/pastillas-para-inst-folkloricos\\\/pastilla-fishman-bajo-quinto-pro-rep-bq1\\\/#primaryimage\"},\"image\":{\"@id\":\"https:\\\/\\\/www.mexicanguitarplayers.com\\\/tienda\\\/accesorios\\\/para-inst-folkloricos\\\/pastillas-para-inst-folkloricos\\\/pastilla-fishman-bajo-quinto-pro-rep-bq1\\\/#primaryimage\"},\"thumbnailUrl\":\"https:\\\/\\\/www.mexicanguitarplayers.com\\\/wp-content\\\/uploads\\\/2022\\\/08\\\/RAFISPROREPBQ1.jpg\",\"datePublished\":\"2022-08-19T00:45:14+00:00\",\"dateModified\":\"2026-05-01T13:37:43+00:00\",\"description\":\"PASTILLA FISHMAN BAJO QUINTO PRO-REP-BQ1. Pastilla Rare Earth de Fishman, dise\u00f1ada y expresada espec\u00edficamente para bajo quinto, sonido humbucking c\u00e1lido y completo, rueda de control de volumen, electr\u00f3nica activa y estructura de im\u00e1n de neodimio para un equilibrio excepcional y cuerdas y claridad ac\u00fastica brillante, dise\u00f1o de preamplificador de baja corriente que permite hasta 240 horas entre cambios de bater\u00eda, jack de salida precableado que tambi\u00e9n se puede montar con endpin, instalaci\u00f3n f\u00e1cil sin alteraci\u00f3n, plug-and-play desde el primer momento, se ajusta a bocas de sonido tan peque\u00f1as como 3 5\\\/8\u201d (92 mm) de di\u00e1metro, utiliza 2 bater\u00edas de 1.5V de \u00f3xido de plata o una bater\u00eda de 3V.\",\"breadcrumb\":{\"@id\":\"https:\\\/\\\/www.mexicanguitarplayers.com\\\/tienda\\\/accesorios\\\/para-inst-folkloricos\\\/pastillas-para-inst-folkloricos\\\/pastilla-fishman-bajo-quinto-pro-rep-bq1\\\/#breadcrumb\"},\"inLanguage\":\"en-US\",\"potentialAction\":[{\"@type\":\"ReadAction\",\"target\":[\"https:\\\/\\\/www.mexicanguitarplayers.com\\\/tienda\\\/accesorios\\\/para-inst-folkloricos\\\/pastillas-para-inst-folkloricos\\\/pastilla-fishman-bajo-quinto-pro-rep-bq1\\\/\"]}]},{\"@type\":\"ImageObject\",\"inLanguage\":\"en-US\",\"@id\":\"https:\\\/\\\/www.mexicanguitarplayers.com\\\/tienda\\\/accesorios\\\/para-inst-folkloricos\\\/pastillas-para-inst-folkloricos\\\/pastilla-fishman-bajo-quinto-pro-rep-bq1\\\/#primaryimage\",\"url\":\"https:\\\/\\\/www.mexicanguitarplayers.com\\\/wp-content\\\/uploads\\\/2022\\\/08\\\/RAFISPROREPBQ1.jpg\",\"contentUrl\":\"https:\\\/\\\/www.mexicanguitarplayers.com\\\/wp-content\\\/uploads\\\/2022\\\/08\\\/RAFISPROREPBQ1.jpg\",\"width\":1200,\"height\":1200},{\"@type\":\"BreadcrumbList\",\"@id\":\"https:\\\/\\\/www.mexicanguitarplayers.com\\\/tienda\\\/accesorios\\\/para-inst-folkloricos\\\/pastillas-para-inst-folkloricos\\\/pastilla-fishman-bajo-quinto-pro-rep-bq1\\\/#breadcrumb\",\"itemListElement\":[{\"@type\":\"ListItem\",\"position\":1,\"name\":\"Portada\",\"item\":\"https:\\\/\\\/www.mexicanguitarplayers.com\\\/\"},{\"@type\":\"ListItem\",\"position\":2,\"name\":\"Tienda\",\"item\":\"https:\\\/\\\/www.mexicanguitarplayers.com\\\/tienda\\\/\"},{\"@type\":\"ListItem\",\"position\":3,\"name\":\"PASTILLA FISHMAN BAJO QUINTO PRO-REP-BQ1\"}]},{\"@type\":\"WebSite\",\"@id\":\"https:\\\/\\\/www.mexicanguitarplayers.com\\\/#website\",\"url\":\"https:\\\/\\\/www.mexicanguitarplayers.com\\\/\",\"name\":\"Mexican Guitar Players\",\"description\":\"Website\",\"publisher\":{\"@id\":\"https:\\\/\\\/www.mexicanguitarplayers.com\\\/#organization\"},\"potentialAction\":[{\"@type\":\"SearchAction\",\"target\":{\"@type\":\"EntryPoint\",\"urlTemplate\":\"https:\\\/\\\/www.mexicanguitarplayers.com\\\/?s={search_term_string}\"},\"query-input\":{\"@type\":\"PropertyValueSpecification\",\"valueRequired\":true,\"valueName\":\"search_term_string\"}}],\"inLanguage\":\"en-US\"},{\"@type\":\"Organization\",\"@id\":\"https:\\\/\\\/www.mexicanguitarplayers.com\\\/#organization\",\"name\":\"Mexican Guitar Players\",\"url\":\"https:\\\/\\\/www.mexicanguitarplayers.com\\\/\",\"logo\":{\"@type\":\"ImageObject\",\"inLanguage\":\"en-US\",\"@id\":\"https:\\\/\\\/www.mexicanguitarplayers.com\\\/#\\\/schema\\\/logo\\\/image\\\/\",\"url\":\"\",\"contentUrl\":\"\",\"caption\":\"Mexican Guitar Players\"},\"image\":{\"@id\":\"https:\\\/\\\/www.mexicanguitarplayers.com\\\/#\\\/schema\\\/logo\\\/image\\\/\"}}]}<\/script>\n<!-- \/ Yoast SEO plugin. -->","yoast_head_json":{"title":"PASTILLA FISHMAN BAJO QUINTO PRO-REP-BQ1 - Mexican Guitar Players","description":"PASTILLA FISHMAN BAJO QUINTO PRO-REP-BQ1. Pastilla Rare Earth de Fishman, dise\u00f1ada y expresada espec\u00edficamente para bajo quinto, sonido humbucking c\u00e1lido y completo, rueda de control de volumen, electr\u00f3nica activa y estructura de im\u00e1n de neodimio para un equilibrio excepcional y cuerdas y claridad ac\u00fastica brillante, dise\u00f1o de preamplificador de baja corriente que permite hasta 240 horas entre cambios de bater\u00eda, jack de salida precableado que tambi\u00e9n se puede montar con endpin, instalaci\u00f3n f\u00e1cil sin alteraci\u00f3n, plug-and-play desde el primer momento, se ajusta a bocas de sonido tan peque\u00f1as como 3 5\/8\u201d (92 mm) de di\u00e1metro, utiliza 2 bater\u00edas de 1.5V de \u00f3xido de plata o una bater\u00eda de 3V.","robots":{"index":"index","follow":"follow","max-snippet":"max-snippet:-1","max-image-preview":"max-image-preview:large","max-video-preview":"max-video-preview:-1"},"canonical":"https:\/\/www.mexicanguitarplayers.com\/en\/tienda\/accesorios\/para-inst-folkloricos\/pastillas-para-inst-folkloricos\/pastilla-fishman-bajo-quinto-pro-rep-bq1\/","og_locale":"en_US","og_type":"article","og_title":"PASTILLA FISHMAN BAJO QUINTO PRO-REP-BQ1 - Mexican Guitar Players","og_description":"PASTILLA FISHMAN BAJO QUINTO PRO-REP-BQ1. Pastilla Rare Earth de Fishman, dise\u00f1ada y expresada espec\u00edficamente para bajo quinto, sonido humbucking c\u00e1lido y completo, rueda de control de volumen, electr\u00f3nica activa y estructura de im\u00e1n de neodimio para un equilibrio excepcional y cuerdas y claridad ac\u00fastica brillante, dise\u00f1o de preamplificador de baja corriente que permite hasta 240 horas entre cambios de bater\u00eda, jack de salida precableado que tambi\u00e9n se puede montar con endpin, instalaci\u00f3n f\u00e1cil sin alteraci\u00f3n, plug-and-play desde el primer momento, se ajusta a bocas de sonido tan peque\u00f1as como 3 5\/8\u201d (92 mm) de di\u00e1metro, utiliza 2 bater\u00edas de 1.5V de \u00f3xido de plata o una bater\u00eda de 3V.","og_url":"https:\/\/www.mexicanguitarplayers.com\/en\/tienda\/accesorios\/para-inst-folkloricos\/pastillas-para-inst-folkloricos\/pastilla-fishman-bajo-quinto-pro-rep-bq1\/","og_site_name":"Mexican Guitar Players","article_modified_time":"2026-05-01T13:37:43+00:00","og_image":[{"width":1200,"height":1200,"url":"https:\/\/www.mexicanguitarplayers.com\/wp-content\/uploads\/2022\/08\/RAFISPROREPBQ1.jpg","type":"image\/jpeg"}],"twitter_card":"summary_large_image","twitter_misc":{"Est. reading time":"1 minute"},"schema":{"@context":"https:\/\/schema.org","@graph":[{"@type":["WebPage","ItemPage"],"@id":"https:\/\/www.mexicanguitarplayers.com\/tienda\/accesorios\/para-inst-folkloricos\/pastillas-para-inst-folkloricos\/pastilla-fishman-bajo-quinto-pro-rep-bq1\/","url":"https:\/\/www.mexicanguitarplayers.com\/tienda\/accesorios\/para-inst-folkloricos\/pastillas-para-inst-folkloricos\/pastilla-fishman-bajo-quinto-pro-rep-bq1\/","name":"PASTILLA FISHMAN BAJO QUINTO PRO-REP-BQ1 - Mexican Guitar Players","isPartOf":{"@id":"https:\/\/www.mexicanguitarplayers.com\/#website"},"primaryImageOfPage":{"@id":"https:\/\/www.mexicanguitarplayers.com\/tienda\/accesorios\/para-inst-folkloricos\/pastillas-para-inst-folkloricos\/pastilla-fishman-bajo-quinto-pro-rep-bq1\/#primaryimage"},"image":{"@id":"https:\/\/www.mexicanguitarplayers.com\/tienda\/accesorios\/para-inst-folkloricos\/pastillas-para-inst-folkloricos\/pastilla-fishman-bajo-quinto-pro-rep-bq1\/#primaryimage"},"thumbnailUrl":"https:\/\/www.mexicanguitarplayers.com\/wp-content\/uploads\/2022\/08\/RAFISPROREPBQ1.jpg","datePublished":"2022-08-19T00:45:14+00:00","dateModified":"2026-05-01T13:37:43+00:00","description":"PASTILLA FISHMAN BAJO QUINTO PRO-REP-BQ1. Pastilla Rare Earth de Fishman, dise\u00f1ada y expresada espec\u00edficamente para bajo quinto, sonido humbucking c\u00e1lido y completo, rueda de control de volumen, electr\u00f3nica activa y estructura de im\u00e1n de neodimio para un equilibrio excepcional y cuerdas y claridad ac\u00fastica brillante, dise\u00f1o de preamplificador de baja corriente que permite hasta 240 horas entre cambios de bater\u00eda, jack de salida precableado que tambi\u00e9n se puede montar con endpin, instalaci\u00f3n f\u00e1cil sin alteraci\u00f3n, plug-and-play desde el primer momento, se ajusta a bocas de sonido tan peque\u00f1as como 3 5\/8\u201d (92 mm) de di\u00e1metro, utiliza 2 bater\u00edas de 1.5V de \u00f3xido de plata o una bater\u00eda de 3V.","breadcrumb":{"@id":"https:\/\/www.mexicanguitarplayers.com\/tienda\/accesorios\/para-inst-folkloricos\/pastillas-para-inst-folkloricos\/pastilla-fishman-bajo-quinto-pro-rep-bq1\/#breadcrumb"},"inLanguage":"en-US","potentialAction":[{"@type":"ReadAction","target":["https:\/\/www.mexicanguitarplayers.com\/tienda\/accesorios\/para-inst-folkloricos\/pastillas-para-inst-folkloricos\/pastilla-fishman-bajo-quinto-pro-rep-bq1\/"]}]},{"@type":"ImageObject","inLanguage":"en-US","@id":"https:\/\/www.mexicanguitarplayers.com\/tienda\/accesorios\/para-inst-folkloricos\/pastillas-para-inst-folkloricos\/pastilla-fishman-bajo-quinto-pro-rep-bq1\/#primaryimage","url":"https:\/\/www.mexicanguitarplayers.com\/wp-content\/uploads\/2022\/08\/RAFISPROREPBQ1.jpg","contentUrl":"https:\/\/www.mexicanguitarplayers.com\/wp-content\/uploads\/2022\/08\/RAFISPROREPBQ1.jpg","width":1200,"height":1200},{"@type":"BreadcrumbList","@id":"https:\/\/www.mexicanguitarplayers.com\/tienda\/accesorios\/para-inst-folkloricos\/pastillas-para-inst-folkloricos\/pastilla-fishman-bajo-quinto-pro-rep-bq1\/#breadcrumb","itemListElement":[{"@type":"ListItem","position":1,"name":"Portada","item":"https:\/\/www.mexicanguitarplayers.com\/"},{"@type":"ListItem","position":2,"name":"Tienda","item":"https:\/\/www.mexicanguitarplayers.com\/tienda\/"},{"@type":"ListItem","position":3,"name":"PASTILLA FISHMAN BAJO QUINTO PRO-REP-BQ1"}]},{"@type":"WebSite","@id":"https:\/\/www.mexicanguitarplayers.com\/#website","url":"https:\/\/www.mexicanguitarplayers.com\/","name":"Mexican Guitar Players","description":"Website","publisher":{"@id":"https:\/\/www.mexicanguitarplayers.com\/#organization"},"potentialAction":[{"@type":"SearchAction","target":{"@type":"EntryPoint","urlTemplate":"https:\/\/www.mexicanguitarplayers.com\/?s={search_term_string}"},"query-input":{"@type":"PropertyValueSpecification","valueRequired":true,"valueName":"search_term_string"}}],"inLanguage":"en-US"},{"@type":"Organization","@id":"https:\/\/www.mexicanguitarplayers.com\/#organization","name":"Mexican Guitar Players","url":"https:\/\/www.mexicanguitarplayers.com\/","logo":{"@type":"ImageObject","inLanguage":"en-US","@id":"https:\/\/www.mexicanguitarplayers.com\/#\/schema\/logo\/image\/","url":"","contentUrl":"","caption":"Mexican Guitar Players"},"image":{"@id":"https:\/\/www.mexicanguitarplayers.com\/#\/schema\/logo\/image\/"}}]}},"brands":[{"id":248,"name":"FISHMAN","slug":"fishman"}],"_links":{"self":[{"href":"https:\/\/www.mexicanguitarplayers.com\/en\/wp-json\/wp\/v2\/product\/17472","targetHints":{"allow":["GET"]}}],"collection":[{"href":"https:\/\/www.mexicanguitarplayers.com\/en\/wp-json\/wp\/v2\/product"}],"about":[{"href":"https:\/\/www.mexicanguitarplayers.com\/en\/wp-json\/wp\/v2\/types\/product"}],"replies":[{"embeddable":true,"href":"https:\/\/www.mexicanguitarplayers.com\/en\/wp-json\/wp\/v2\/comments?post=17472"}],"wp:featuredmedia":[{"embeddable":true,"href":"https:\/\/www.mexicanguitarplayers.com\/en\/wp-json\/wp\/v2\/media\/17468"}],"wp:attachment":[{"href":"https:\/\/www.mexicanguitarplayers.com\/en\/wp-json\/wp\/v2\/media?parent=17472"}],"wp:term":[{"taxonomy":"pwb-brand","embeddable":true,"href":"https:\/\/www.mexicanguitarplayers.com\/en\/wp-json\/wp\/v2\/pwb-brand?post=17472"},{"taxonomy":"product_brand","embeddable":true,"href":"https:\/\/www.mexicanguitarplayers.com\/en\/wp-json\/wp\/v2\/product_brand?post=17472"},{"taxonomy":"product_cat","embeddable":true,"href":"https:\/\/www.mexicanguitarplayers.com\/en\/wp-json\/wp\/v2\/product_cat?post=17472"},{"taxonomy":"product_tag","embeddable":true,"href":"https:\/\/www.mexicanguitarplayers.com\/en\/wp-json\/wp\/v2\/product_tag?post=17472"}],"curies":[{"name":"wp","href":"https:\/\/api.w.org\/{rel}","templated":true}]}}