{"id":17548,"date":"2022-08-18T19:47:09","date_gmt":"2022-08-19T00:47:09","guid":{"rendered":"https:\/\/www.mexicanguitarplayers.com\/tienda\/sin%20categor\u00eda\/soporte-hercules-p-guit-mod-gs414blt\/"},"modified":"2026-04-10T05:01:47","modified_gmt":"2026-04-10T11:01:47","slug":"soporte-hercules-p-guit-mod-gs414blt","status":"publish","type":"product","link":"https:\/\/www.mexicanguitarplayers.com\/en\/tienda\/accesorios\/stands\/para-instrumento-stands\/soporte-hercules-p-guit-mod-gs414blt\/","title":{"rendered":"HERCULES SUPPORT FOR GUIT MOD. GS414BLT"},"content":{"rendered":"<div style=\"text-align: justify\">\n<div>\n<h3>HERCULES SUPPORT FOR GUIT MOD. GS414BLT<\/h3>\n<\/div>\n<div>Guitar support, Plexi AGS structure with polycarbonate reinforcement that reinforces maximum resistance to pressure and is resistant to breakage, adapts to more arm sizes from 40 mm to 52 mm (1.57 &quot;to 2.05&quot;), the NINA attachment ( HA301 narrow instrument neck adjustment) specially designed to increase the thickness of AGS arms to accommodate narrow neck instruments from 28mm (1.10\u201d) such as banjos and mandolins, instant height adjustment clutch with height adjusting locking pin from the support quickly, easily and safely, height: 950 mm \u2013 1150 mm, weight: 1.8 kg, base radius: 310 mm, load capacity: 15 kg, folded size: 710 x 155 x 110 mm.<\/div>\n<\/div>","protected":false},"excerpt":{"rendered":"<p>Soporte para guitarra, estructura Plexi AGS con refuerzo de policarbonato que refuerza la m\u00e1xima resistencia a la presi\u00f3n y es resistente a roturas, se adapta a m\u00e1s tama\u00f1os de brazo de 40 mm a 52 mm (1.57\u201d a 2.05\u201d), el adjunto N.I.N.A. (ajuste de brazo de instrumento angosto HA301) especialmente dise\u00f1ado para aumentar el grosor de los brazos AGS para acomodar instrumentos de brazo estrecho desde 28 mm (1.10\u201d) como banjos y mandolinas, embrague de ajuste de altura instant\u00e1neo con pasador de bloqueo que ajusta la altura del soporte de forma r\u00e1pida, f\u00e1cil y segura, altura: 950 mm &#8211; 1150 mm, peso: 1.8 kg, radio base: 310 mm, capacidad de carga: 15 kg, tama\u00f1o plegado: 710 x 155 x 110 mm.&hellip; <a class=\"kt-excerpt-readmore more-link\" href=\"https:\/\/www.mexicanguitarplayers.com\/en\/tienda\/accesorios\/stands\/para-instrumento-stands\/soporte-hercules-p-guit-mod-gs414blt\/\">Read more<\/a><\/p>","protected":false},"featured_media":17546,"comment_status":"open","ping_status":"closed","template":"","meta":{"kt_blocks_editor_width":""},"pwb-brand":[587],"product_brand":[],"product_cat":[85,510,416],"product_tag":[],"class_list":{"0":"post-17548","1":"product","2":"type-product","3":"status-publish","4":"has-post-thumbnail","6":"pwb-brand-hercules","7":"product_cat-accesorios","8":"product_cat-para-instrumento-stands","9":"product_cat-stands","10":"product_shipping_class-0-5-kg","12":"first","13":"outofstock","14":"taxable","15":"shipping-taxable","16":"purchasable","17":"product-type-simple"},"yoast_head":"<!-- This site is optimized with the Yoast SEO plugin v27.5 - https:\/\/yoast.com\/product\/yoast-seo-wordpress\/ -->\n<title>SOPORTE HERCULES P\/GUIT MOD. GS414BLT - Mexican Guitar Players<\/title>\n<meta name=\"description\" content=\"SOPORTE HERCULES P\/GUIT MOD. GS414BLT. Soporte para guitarra, estructura Plexi AGS con refuerzo de policarbonato que refuerza la m\u00e1xima resistencia a la presi\u00f3n y es resistente a roturas, se adapta a m\u00e1s tama\u00f1os de brazo de 40 mm a 52 mm (1.57\u201d a 2.05\u201d), el adjunto N.I.N.A. (ajuste de brazo de instrumento angosto HA301) especialmente dise\u00f1ado para aumentar el grosor de los brazos AGS para acomodar instrumentos de brazo estrecho desde 28 mm (1.10\u201d) como banjos y mandolinas, embrague de ajuste de altura instant\u00e1neo con pasador de bloqueo que ajusta la altura del soporte de forma r\u00e1pida, f\u00e1cil y segura, altura: 950 mm - 1150 mm, peso: 1.8 kg, radio base: 310 mm, capacidad de carga: 15 kg, tama\u00f1o plegado: 710 x 155 x 110 mm.\" \/>\n<meta name=\"robots\" content=\"index, follow, max-snippet:-1, max-image-preview:large, max-video-preview:-1\" \/>\n<link rel=\"canonical\" href=\"https:\/\/www.mexicanguitarplayers.com\/en\/tienda\/accesorios\/stands\/para-instrumento-stands\/soporte-hercules-p-guit-mod-gs414blt\/\" \/>\n<meta property=\"og:locale\" content=\"en_US\" \/>\n<meta property=\"og:type\" content=\"article\" \/>\n<meta property=\"og:title\" content=\"SOPORTE HERCULES P\/GUIT MOD. GS414BLT - Mexican Guitar Players\" \/>\n<meta property=\"og:description\" content=\"SOPORTE HERCULES P\/GUIT MOD. GS414BLT. Soporte para guitarra, estructura Plexi AGS con refuerzo de policarbonato que refuerza la m\u00e1xima resistencia a la presi\u00f3n y es resistente a roturas, se adapta a m\u00e1s tama\u00f1os de brazo de 40 mm a 52 mm (1.57\u201d a 2.05\u201d), el adjunto N.I.N.A. (ajuste de brazo de instrumento angosto HA301) especialmente dise\u00f1ado para aumentar el grosor de los brazos AGS para acomodar instrumentos de brazo estrecho desde 28 mm (1.10\u201d) como banjos y mandolinas, embrague de ajuste de altura instant\u00e1neo con pasador de bloqueo que ajusta la altura del soporte de forma r\u00e1pida, f\u00e1cil y segura, altura: 950 mm - 1150 mm, peso: 1.8 kg, radio base: 310 mm, capacidad de carga: 15 kg, tama\u00f1o plegado: 710 x 155 x 110 mm.\" \/>\n<meta property=\"og:url\" content=\"https:\/\/www.mexicanguitarplayers.com\/en\/tienda\/accesorios\/stands\/para-instrumento-stands\/soporte-hercules-p-guit-mod-gs414blt\/\" \/>\n<meta property=\"og:site_name\" content=\"Mexican Guitar Players\" \/>\n<meta property=\"article:modified_time\" content=\"2026-04-10T11:01:47+00:00\" \/>\n<meta property=\"og:image\" content=\"https:\/\/www.mexicanguitarplayers.com\/wp-content\/uploads\/2022\/08\/RAHERGS414BLT.jpg\" \/>\n\t<meta property=\"og:image:width\" content=\"800\" \/>\n\t<meta property=\"og:image:height\" content=\"1600\" \/>\n\t<meta property=\"og:image:type\" content=\"image\/jpeg\" \/>\n<meta name=\"twitter:card\" content=\"summary_large_image\" \/>\n<meta name=\"twitter:label1\" content=\"Est. reading time\" \/>\n\t<meta name=\"twitter:data1\" content=\"1 minute\" \/>\n<script type=\"application\/ld+json\" class=\"yoast-schema-graph\">{\"@context\":\"https:\\\/\\\/schema.org\",\"@graph\":[{\"@type\":[\"WebPage\",\"ItemPage\"],\"@id\":\"https:\\\/\\\/www.mexicanguitarplayers.com\\\/tienda\\\/accesorios\\\/stands\\\/para-instrumento-stands\\\/soporte-hercules-p-guit-mod-gs414blt\\\/\",\"url\":\"https:\\\/\\\/www.mexicanguitarplayers.com\\\/tienda\\\/accesorios\\\/stands\\\/para-instrumento-stands\\\/soporte-hercules-p-guit-mod-gs414blt\\\/\",\"name\":\"SOPORTE HERCULES P\\\/GUIT MOD. GS414BLT - Mexican Guitar Players\",\"isPartOf\":{\"@id\":\"https:\\\/\\\/www.mexicanguitarplayers.com\\\/#website\"},\"primaryImageOfPage\":{\"@id\":\"https:\\\/\\\/www.mexicanguitarplayers.com\\\/tienda\\\/accesorios\\\/stands\\\/para-instrumento-stands\\\/soporte-hercules-p-guit-mod-gs414blt\\\/#primaryimage\"},\"image\":{\"@id\":\"https:\\\/\\\/www.mexicanguitarplayers.com\\\/tienda\\\/accesorios\\\/stands\\\/para-instrumento-stands\\\/soporte-hercules-p-guit-mod-gs414blt\\\/#primaryimage\"},\"thumbnailUrl\":\"https:\\\/\\\/www.mexicanguitarplayers.com\\\/wp-content\\\/uploads\\\/2022\\\/08\\\/RAHERGS414BLT.jpg\",\"datePublished\":\"2022-08-19T00:47:09+00:00\",\"dateModified\":\"2026-04-10T11:01:47+00:00\",\"description\":\"SOPORTE HERCULES P\\\/GUIT MOD. GS414BLT. Soporte para guitarra, estructura Plexi AGS con refuerzo de policarbonato que refuerza la m\u00e1xima resistencia a la presi\u00f3n y es resistente a roturas, se adapta a m\u00e1s tama\u00f1os de brazo de 40 mm a 52 mm (1.57\u201d a 2.05\u201d), el adjunto N.I.N.A. (ajuste de brazo de instrumento angosto HA301) especialmente dise\u00f1ado para aumentar el grosor de los brazos AGS para acomodar instrumentos de brazo estrecho desde 28 mm (1.10\u201d) como banjos y mandolinas, embrague de ajuste de altura instant\u00e1neo con pasador de bloqueo que ajusta la altura del soporte de forma r\u00e1pida, f\u00e1cil y segura, altura: 950 mm - 1150 mm, peso: 1.8 kg, radio base: 310 mm, capacidad de carga: 15 kg, tama\u00f1o plegado: 710 x 155 x 110 mm.\",\"breadcrumb\":{\"@id\":\"https:\\\/\\\/www.mexicanguitarplayers.com\\\/tienda\\\/accesorios\\\/stands\\\/para-instrumento-stands\\\/soporte-hercules-p-guit-mod-gs414blt\\\/#breadcrumb\"},\"inLanguage\":\"en-US\",\"potentialAction\":[{\"@type\":\"ReadAction\",\"target\":[\"https:\\\/\\\/www.mexicanguitarplayers.com\\\/tienda\\\/accesorios\\\/stands\\\/para-instrumento-stands\\\/soporte-hercules-p-guit-mod-gs414blt\\\/\"]}]},{\"@type\":\"ImageObject\",\"inLanguage\":\"en-US\",\"@id\":\"https:\\\/\\\/www.mexicanguitarplayers.com\\\/tienda\\\/accesorios\\\/stands\\\/para-instrumento-stands\\\/soporte-hercules-p-guit-mod-gs414blt\\\/#primaryimage\",\"url\":\"https:\\\/\\\/www.mexicanguitarplayers.com\\\/wp-content\\\/uploads\\\/2022\\\/08\\\/RAHERGS414BLT.jpg\",\"contentUrl\":\"https:\\\/\\\/www.mexicanguitarplayers.com\\\/wp-content\\\/uploads\\\/2022\\\/08\\\/RAHERGS414BLT.jpg\",\"width\":800,\"height\":1600},{\"@type\":\"BreadcrumbList\",\"@id\":\"https:\\\/\\\/www.mexicanguitarplayers.com\\\/tienda\\\/accesorios\\\/stands\\\/para-instrumento-stands\\\/soporte-hercules-p-guit-mod-gs414blt\\\/#breadcrumb\",\"itemListElement\":[{\"@type\":\"ListItem\",\"position\":1,\"name\":\"Portada\",\"item\":\"https:\\\/\\\/www.mexicanguitarplayers.com\\\/\"},{\"@type\":\"ListItem\",\"position\":2,\"name\":\"Tienda\",\"item\":\"https:\\\/\\\/www.mexicanguitarplayers.com\\\/tienda\\\/\"},{\"@type\":\"ListItem\",\"position\":3,\"name\":\"SOPORTE HERCULES P\\\/GUIT MOD. GS414BLT\"}]},{\"@type\":\"WebSite\",\"@id\":\"https:\\\/\\\/www.mexicanguitarplayers.com\\\/#website\",\"url\":\"https:\\\/\\\/www.mexicanguitarplayers.com\\\/\",\"name\":\"Mexican Guitar Players\",\"description\":\"Website\",\"publisher\":{\"@id\":\"https:\\\/\\\/www.mexicanguitarplayers.com\\\/#organization\"},\"potentialAction\":[{\"@type\":\"SearchAction\",\"target\":{\"@type\":\"EntryPoint\",\"urlTemplate\":\"https:\\\/\\\/www.mexicanguitarplayers.com\\\/?s={search_term_string}\"},\"query-input\":{\"@type\":\"PropertyValueSpecification\",\"valueRequired\":true,\"valueName\":\"search_term_string\"}}],\"inLanguage\":\"en-US\"},{\"@type\":\"Organization\",\"@id\":\"https:\\\/\\\/www.mexicanguitarplayers.com\\\/#organization\",\"name\":\"Mexican Guitar Players\",\"url\":\"https:\\\/\\\/www.mexicanguitarplayers.com\\\/\",\"logo\":{\"@type\":\"ImageObject\",\"inLanguage\":\"en-US\",\"@id\":\"https:\\\/\\\/www.mexicanguitarplayers.com\\\/#\\\/schema\\\/logo\\\/image\\\/\",\"url\":\"\",\"contentUrl\":\"\",\"caption\":\"Mexican Guitar Players\"},\"image\":{\"@id\":\"https:\\\/\\\/www.mexicanguitarplayers.com\\\/#\\\/schema\\\/logo\\\/image\\\/\"}}]}<\/script>\n<!-- \/ Yoast SEO plugin. -->","yoast_head_json":{"title":"SOPORTE HERCULES P\/GUIT MOD. GS414BLT - Mexican Guitar Players","description":"SOPORTE HERCULES P\/GUIT MOD. GS414BLT. Soporte para guitarra, estructura Plexi AGS con refuerzo de policarbonato que refuerza la m\u00e1xima resistencia a la presi\u00f3n y es resistente a roturas, se adapta a m\u00e1s tama\u00f1os de brazo de 40 mm a 52 mm (1.57\u201d a 2.05\u201d), el adjunto N.I.N.A. (ajuste de brazo de instrumento angosto HA301) especialmente dise\u00f1ado para aumentar el grosor de los brazos AGS para acomodar instrumentos de brazo estrecho desde 28 mm (1.10\u201d) como banjos y mandolinas, embrague de ajuste de altura instant\u00e1neo con pasador de bloqueo que ajusta la altura del soporte de forma r\u00e1pida, f\u00e1cil y segura, altura: 950 mm - 1150 mm, peso: 1.8 kg, radio base: 310 mm, capacidad de carga: 15 kg, tama\u00f1o plegado: 710 x 155 x 110 mm.","robots":{"index":"index","follow":"follow","max-snippet":"max-snippet:-1","max-image-preview":"max-image-preview:large","max-video-preview":"max-video-preview:-1"},"canonical":"https:\/\/www.mexicanguitarplayers.com\/en\/tienda\/accesorios\/stands\/para-instrumento-stands\/soporte-hercules-p-guit-mod-gs414blt\/","og_locale":"en_US","og_type":"article","og_title":"SOPORTE HERCULES P\/GUIT MOD. GS414BLT - Mexican Guitar Players","og_description":"SOPORTE HERCULES P\/GUIT MOD. GS414BLT. Soporte para guitarra, estructura Plexi AGS con refuerzo de policarbonato que refuerza la m\u00e1xima resistencia a la presi\u00f3n y es resistente a roturas, se adapta a m\u00e1s tama\u00f1os de brazo de 40 mm a 52 mm (1.57\u201d a 2.05\u201d), el adjunto N.I.N.A. (ajuste de brazo de instrumento angosto HA301) especialmente dise\u00f1ado para aumentar el grosor de los brazos AGS para acomodar instrumentos de brazo estrecho desde 28 mm (1.10\u201d) como banjos y mandolinas, embrague de ajuste de altura instant\u00e1neo con pasador de bloqueo que ajusta la altura del soporte de forma r\u00e1pida, f\u00e1cil y segura, altura: 950 mm - 1150 mm, peso: 1.8 kg, radio base: 310 mm, capacidad de carga: 15 kg, tama\u00f1o plegado: 710 x 155 x 110 mm.","og_url":"https:\/\/www.mexicanguitarplayers.com\/en\/tienda\/accesorios\/stands\/para-instrumento-stands\/soporte-hercules-p-guit-mod-gs414blt\/","og_site_name":"Mexican Guitar Players","article_modified_time":"2026-04-10T11:01:47+00:00","og_image":[{"width":800,"height":1600,"url":"https:\/\/www.mexicanguitarplayers.com\/wp-content\/uploads\/2022\/08\/RAHERGS414BLT.jpg","type":"image\/jpeg"}],"twitter_card":"summary_large_image","twitter_misc":{"Est. reading time":"1 minute"},"schema":{"@context":"https:\/\/schema.org","@graph":[{"@type":["WebPage","ItemPage"],"@id":"https:\/\/www.mexicanguitarplayers.com\/tienda\/accesorios\/stands\/para-instrumento-stands\/soporte-hercules-p-guit-mod-gs414blt\/","url":"https:\/\/www.mexicanguitarplayers.com\/tienda\/accesorios\/stands\/para-instrumento-stands\/soporte-hercules-p-guit-mod-gs414blt\/","name":"SOPORTE HERCULES P\/GUIT MOD. GS414BLT - Mexican Guitar Players","isPartOf":{"@id":"https:\/\/www.mexicanguitarplayers.com\/#website"},"primaryImageOfPage":{"@id":"https:\/\/www.mexicanguitarplayers.com\/tienda\/accesorios\/stands\/para-instrumento-stands\/soporte-hercules-p-guit-mod-gs414blt\/#primaryimage"},"image":{"@id":"https:\/\/www.mexicanguitarplayers.com\/tienda\/accesorios\/stands\/para-instrumento-stands\/soporte-hercules-p-guit-mod-gs414blt\/#primaryimage"},"thumbnailUrl":"https:\/\/www.mexicanguitarplayers.com\/wp-content\/uploads\/2022\/08\/RAHERGS414BLT.jpg","datePublished":"2022-08-19T00:47:09+00:00","dateModified":"2026-04-10T11:01:47+00:00","description":"SOPORTE HERCULES P\/GUIT MOD. GS414BLT. Soporte para guitarra, estructura Plexi AGS con refuerzo de policarbonato que refuerza la m\u00e1xima resistencia a la presi\u00f3n y es resistente a roturas, se adapta a m\u00e1s tama\u00f1os de brazo de 40 mm a 52 mm (1.57\u201d a 2.05\u201d), el adjunto N.I.N.A. (ajuste de brazo de instrumento angosto HA301) especialmente dise\u00f1ado para aumentar el grosor de los brazos AGS para acomodar instrumentos de brazo estrecho desde 28 mm (1.10\u201d) como banjos y mandolinas, embrague de ajuste de altura instant\u00e1neo con pasador de bloqueo que ajusta la altura del soporte de forma r\u00e1pida, f\u00e1cil y segura, altura: 950 mm - 1150 mm, peso: 1.8 kg, radio base: 310 mm, capacidad de carga: 15 kg, tama\u00f1o plegado: 710 x 155 x 110 mm.","breadcrumb":{"@id":"https:\/\/www.mexicanguitarplayers.com\/tienda\/accesorios\/stands\/para-instrumento-stands\/soporte-hercules-p-guit-mod-gs414blt\/#breadcrumb"},"inLanguage":"en-US","potentialAction":[{"@type":"ReadAction","target":["https:\/\/www.mexicanguitarplayers.com\/tienda\/accesorios\/stands\/para-instrumento-stands\/soporte-hercules-p-guit-mod-gs414blt\/"]}]},{"@type":"ImageObject","inLanguage":"en-US","@id":"https:\/\/www.mexicanguitarplayers.com\/tienda\/accesorios\/stands\/para-instrumento-stands\/soporte-hercules-p-guit-mod-gs414blt\/#primaryimage","url":"https:\/\/www.mexicanguitarplayers.com\/wp-content\/uploads\/2022\/08\/RAHERGS414BLT.jpg","contentUrl":"https:\/\/www.mexicanguitarplayers.com\/wp-content\/uploads\/2022\/08\/RAHERGS414BLT.jpg","width":800,"height":1600},{"@type":"BreadcrumbList","@id":"https:\/\/www.mexicanguitarplayers.com\/tienda\/accesorios\/stands\/para-instrumento-stands\/soporte-hercules-p-guit-mod-gs414blt\/#breadcrumb","itemListElement":[{"@type":"ListItem","position":1,"name":"Portada","item":"https:\/\/www.mexicanguitarplayers.com\/"},{"@type":"ListItem","position":2,"name":"Tienda","item":"https:\/\/www.mexicanguitarplayers.com\/tienda\/"},{"@type":"ListItem","position":3,"name":"SOPORTE HERCULES P\/GUIT MOD. GS414BLT"}]},{"@type":"WebSite","@id":"https:\/\/www.mexicanguitarplayers.com\/#website","url":"https:\/\/www.mexicanguitarplayers.com\/","name":"Mexican Guitar Players","description":"Website","publisher":{"@id":"https:\/\/www.mexicanguitarplayers.com\/#organization"},"potentialAction":[{"@type":"SearchAction","target":{"@type":"EntryPoint","urlTemplate":"https:\/\/www.mexicanguitarplayers.com\/?s={search_term_string}"},"query-input":{"@type":"PropertyValueSpecification","valueRequired":true,"valueName":"search_term_string"}}],"inLanguage":"en-US"},{"@type":"Organization","@id":"https:\/\/www.mexicanguitarplayers.com\/#organization","name":"Mexican Guitar Players","url":"https:\/\/www.mexicanguitarplayers.com\/","logo":{"@type":"ImageObject","inLanguage":"en-US","@id":"https:\/\/www.mexicanguitarplayers.com\/#\/schema\/logo\/image\/","url":"","contentUrl":"","caption":"Mexican Guitar Players"},"image":{"@id":"https:\/\/www.mexicanguitarplayers.com\/#\/schema\/logo\/image\/"}}]}},"brands":[{"id":587,"name":"HERCULES","slug":"hercules"}],"_links":{"self":[{"href":"https:\/\/www.mexicanguitarplayers.com\/en\/wp-json\/wp\/v2\/product\/17548","targetHints":{"allow":["GET"]}}],"collection":[{"href":"https:\/\/www.mexicanguitarplayers.com\/en\/wp-json\/wp\/v2\/product"}],"about":[{"href":"https:\/\/www.mexicanguitarplayers.com\/en\/wp-json\/wp\/v2\/types\/product"}],"replies":[{"embeddable":true,"href":"https:\/\/www.mexicanguitarplayers.com\/en\/wp-json\/wp\/v2\/comments?post=17548"}],"wp:featuredmedia":[{"embeddable":true,"href":"https:\/\/www.mexicanguitarplayers.com\/en\/wp-json\/wp\/v2\/media\/17546"}],"wp:attachment":[{"href":"https:\/\/www.mexicanguitarplayers.com\/en\/wp-json\/wp\/v2\/media?parent=17548"}],"wp:term":[{"taxonomy":"pwb-brand","embeddable":true,"href":"https:\/\/www.mexicanguitarplayers.com\/en\/wp-json\/wp\/v2\/pwb-brand?post=17548"},{"taxonomy":"product_brand","embeddable":true,"href":"https:\/\/www.mexicanguitarplayers.com\/en\/wp-json\/wp\/v2\/product_brand?post=17548"},{"taxonomy":"product_cat","embeddable":true,"href":"https:\/\/www.mexicanguitarplayers.com\/en\/wp-json\/wp\/v2\/product_cat?post=17548"},{"taxonomy":"product_tag","embeddable":true,"href":"https:\/\/www.mexicanguitarplayers.com\/en\/wp-json\/wp\/v2\/product_tag?post=17548"}],"curies":[{"name":"wp","href":"https:\/\/api.w.org\/{rel}","templated":true}]}}