{"id":17551,"date":"2022-08-18T19:47:15","date_gmt":"2022-08-19T00:47:15","guid":{"rendered":"https:\/\/www.mexicanguitarplayers.com\/tienda\/sin%20categor\u00eda\/soporte-hercules-p-guit-gsp38wbk-plus\/"},"modified":"2026-04-15T04:25:45","modified_gmt":"2026-04-15T10:25:45","slug":"soporte-hercules-p-guit-gsp38wbk-plus","status":"publish","type":"product","link":"https:\/\/www.mexicanguitarplayers.com\/en\/tienda\/accesorios\/stands\/para-instrumento-stands\/soporte-hercules-p-guit-gsp38wbk-plus\/","title":{"rendered":"HERCULES SUPPORT FOR GUIT. GSP38WBK PLUS"},"content":{"rendered":"<div style=\"text-align: justify\">\n<div>\n<h3>HERCULES SUPPORT FOR GUIT. GSP38WBK PLUS<\/h3>\n<\/div>\n<div>AGS Auto Swivel Hanger Stand for Electric, Acoustic, Classical Guitars or Bass, Automatically rotates to fit guitars or basses of different shapes upright and secure, Can fit a wider range of instrument neck sizes from 40mm to 52 mm (1.57\u201d \u2013 2.05\u201d), the NINA (Narrow Instrument Neck Adjustment, HA301) system is specially designed to increase the thickness of AGS necks to accommodate narrow neck instruments from a minimum of 28 mm (1.10\u201d) such as banjos and mandolins, attractive wooden base with black finish, arm length: 105 mm (4.1\u201d), load capacity: 7 kg.<\/div>\n<\/div>","protected":false},"excerpt":{"rendered":"<p>Soporte de suspensi\u00f3n giratoria autom\u00e1tica AGS para guitarras el\u00e9ctricas, ac\u00fasticas, cl\u00e1sicas o bajos, gira autom\u00e1ticamente para adaptarse a guitarras o bajos de diferentes formas de manera vertical y segura, puede adaptarse a una gama m\u00e1s amplia de tama\u00f1os de brazos de instrumentos de 40 mm a 52 mm (1.57\u201d &#8211; 2.05\u201d), sistema NINA (Narrow Instrument Neck Adjustment, HA301) est\u00e1 especialmente dise\u00f1ado para aumentar el grosor de los brazos AGS para adaptarse a los instrumentos de brazo estrecho desde m\u00ednimo 28 mm (1.10\u201d) como banjos y mandolinas, atractiva base de madera con terminado negro, longitud del brazo: 105 mm (4.1\u201d), capacidad de carga: 7 kg.&hellip; <a class=\"kt-excerpt-readmore more-link\" href=\"https:\/\/www.mexicanguitarplayers.com\/en\/tienda\/accesorios\/stands\/para-instrumento-stands\/soporte-hercules-p-guit-gsp38wbk-plus\/\">Read more<\/a><\/p>","protected":false},"featured_media":17549,"comment_status":"open","ping_status":"closed","template":"","meta":{"kt_blocks_editor_width":""},"pwb-brand":[587],"product_brand":[],"product_cat":[85,510,416],"product_tag":[],"class_list":{"0":"post-17551","1":"product","2":"type-product","3":"status-publish","4":"has-post-thumbnail","6":"pwb-brand-hercules","7":"product_cat-accesorios","8":"product_cat-para-instrumento-stands","9":"product_cat-stands","10":"product_shipping_class-0-5-kg","12":"first","13":"instock","14":"taxable","15":"shipping-taxable","16":"purchasable","17":"product-type-simple"},"yoast_head":"<!-- This site is optimized with the Yoast SEO plugin v27.5 - https:\/\/yoast.com\/product\/yoast-seo-wordpress\/ -->\n<title>SOPORTE HERCULES P\/GUIT. GSP38WBK PLUS - Mexican Guitar Players<\/title>\n<meta name=\"description\" content=\"SOPORTE HERCULES P\/GUIT. GSP38WBK PLUS. Soporte de suspensi\u00f3n giratoria autom\u00e1tica AGS para guitarras el\u00e9ctricas, ac\u00fasticas, cl\u00e1sicas o bajos, gira autom\u00e1ticamente para adaptarse a guitarras o bajos de diferentes formas de manera vertical y segura, puede adaptarse a una gama m\u00e1s amplia de tama\u00f1os de brazos de instrumentos de 40 mm a 52 mm (1.57\u201d - 2.05\u201d), sistema NINA (Narrow Instrument Neck Adjustment, HA301) est\u00e1 especialmente dise\u00f1ado para aumentar el grosor de los brazos AGS para adaptarse a los instrumentos de brazo estrecho desde m\u00ednimo 28 mm (1.10\u201d) como banjos y mandolinas, atractiva base de madera con terminado negro, longitud del brazo: 105 mm (4.1\u201d), capacidad de carga: 7 kg.\" \/>\n<meta name=\"robots\" content=\"index, follow, max-snippet:-1, max-image-preview:large, max-video-preview:-1\" \/>\n<link rel=\"canonical\" href=\"https:\/\/www.mexicanguitarplayers.com\/en\/tienda\/accesorios\/stands\/para-instrumento-stands\/soporte-hercules-p-guit-gsp38wbk-plus\/\" \/>\n<meta property=\"og:locale\" content=\"en_US\" \/>\n<meta property=\"og:type\" content=\"article\" \/>\n<meta property=\"og:title\" content=\"SOPORTE HERCULES P\/GUIT. GSP38WBK PLUS - Mexican Guitar Players\" \/>\n<meta property=\"og:description\" content=\"SOPORTE HERCULES P\/GUIT. GSP38WBK PLUS. Soporte de suspensi\u00f3n giratoria autom\u00e1tica AGS para guitarras el\u00e9ctricas, ac\u00fasticas, cl\u00e1sicas o bajos, gira autom\u00e1ticamente para adaptarse a guitarras o bajos de diferentes formas de manera vertical y segura, puede adaptarse a una gama m\u00e1s amplia de tama\u00f1os de brazos de instrumentos de 40 mm a 52 mm (1.57\u201d - 2.05\u201d), sistema NINA (Narrow Instrument Neck Adjustment, HA301) est\u00e1 especialmente dise\u00f1ado para aumentar el grosor de los brazos AGS para adaptarse a los instrumentos de brazo estrecho desde m\u00ednimo 28 mm (1.10\u201d) como banjos y mandolinas, atractiva base de madera con terminado negro, longitud del brazo: 105 mm (4.1\u201d), capacidad de carga: 7 kg.\" \/>\n<meta property=\"og:url\" content=\"https:\/\/www.mexicanguitarplayers.com\/en\/tienda\/accesorios\/stands\/para-instrumento-stands\/soporte-hercules-p-guit-gsp38wbk-plus\/\" \/>\n<meta property=\"og:site_name\" content=\"Mexican Guitar Players\" \/>\n<meta property=\"article:modified_time\" content=\"2026-04-15T10:25:45+00:00\" \/>\n<meta property=\"og:image\" content=\"https:\/\/www.mexicanguitarplayers.com\/wp-content\/uploads\/2022\/08\/RAHERGSP38WBKP.jpg\" \/>\n\t<meta property=\"og:image:width\" content=\"1200\" \/>\n\t<meta property=\"og:image:height\" content=\"1200\" \/>\n\t<meta property=\"og:image:type\" content=\"image\/jpeg\" \/>\n<meta name=\"twitter:card\" content=\"summary_large_image\" \/>\n<meta name=\"twitter:label1\" content=\"Est. reading time\" \/>\n\t<meta name=\"twitter:data1\" content=\"1 minute\" \/>\n<script type=\"application\/ld+json\" class=\"yoast-schema-graph\">{\"@context\":\"https:\\\/\\\/schema.org\",\"@graph\":[{\"@type\":[\"WebPage\",\"ItemPage\"],\"@id\":\"https:\\\/\\\/www.mexicanguitarplayers.com\\\/tienda\\\/accesorios\\\/stands\\\/para-instrumento-stands\\\/soporte-hercules-p-guit-gsp38wbk-plus\\\/\",\"url\":\"https:\\\/\\\/www.mexicanguitarplayers.com\\\/tienda\\\/accesorios\\\/stands\\\/para-instrumento-stands\\\/soporte-hercules-p-guit-gsp38wbk-plus\\\/\",\"name\":\"SOPORTE HERCULES P\\\/GUIT. GSP38WBK PLUS - Mexican Guitar Players\",\"isPartOf\":{\"@id\":\"https:\\\/\\\/www.mexicanguitarplayers.com\\\/#website\"},\"primaryImageOfPage\":{\"@id\":\"https:\\\/\\\/www.mexicanguitarplayers.com\\\/tienda\\\/accesorios\\\/stands\\\/para-instrumento-stands\\\/soporte-hercules-p-guit-gsp38wbk-plus\\\/#primaryimage\"},\"image\":{\"@id\":\"https:\\\/\\\/www.mexicanguitarplayers.com\\\/tienda\\\/accesorios\\\/stands\\\/para-instrumento-stands\\\/soporte-hercules-p-guit-gsp38wbk-plus\\\/#primaryimage\"},\"thumbnailUrl\":\"https:\\\/\\\/www.mexicanguitarplayers.com\\\/wp-content\\\/uploads\\\/2022\\\/08\\\/RAHERGSP38WBKP.jpg\",\"datePublished\":\"2022-08-19T00:47:15+00:00\",\"dateModified\":\"2026-04-15T10:25:45+00:00\",\"description\":\"SOPORTE HERCULES P\\\/GUIT. GSP38WBK PLUS. Soporte de suspensi\u00f3n giratoria autom\u00e1tica AGS para guitarras el\u00e9ctricas, ac\u00fasticas, cl\u00e1sicas o bajos, gira autom\u00e1ticamente para adaptarse a guitarras o bajos de diferentes formas de manera vertical y segura, puede adaptarse a una gama m\u00e1s amplia de tama\u00f1os de brazos de instrumentos de 40 mm a 52 mm (1.57\u201d - 2.05\u201d), sistema NINA (Narrow Instrument Neck Adjustment, HA301) est\u00e1 especialmente dise\u00f1ado para aumentar el grosor de los brazos AGS para adaptarse a los instrumentos de brazo estrecho desde m\u00ednimo 28 mm (1.10\u201d) como banjos y mandolinas, atractiva base de madera con terminado negro, longitud del brazo: 105 mm (4.1\u201d), capacidad de carga: 7 kg.\",\"breadcrumb\":{\"@id\":\"https:\\\/\\\/www.mexicanguitarplayers.com\\\/tienda\\\/accesorios\\\/stands\\\/para-instrumento-stands\\\/soporte-hercules-p-guit-gsp38wbk-plus\\\/#breadcrumb\"},\"inLanguage\":\"en-US\",\"potentialAction\":[{\"@type\":\"ReadAction\",\"target\":[\"https:\\\/\\\/www.mexicanguitarplayers.com\\\/tienda\\\/accesorios\\\/stands\\\/para-instrumento-stands\\\/soporte-hercules-p-guit-gsp38wbk-plus\\\/\"]}]},{\"@type\":\"ImageObject\",\"inLanguage\":\"en-US\",\"@id\":\"https:\\\/\\\/www.mexicanguitarplayers.com\\\/tienda\\\/accesorios\\\/stands\\\/para-instrumento-stands\\\/soporte-hercules-p-guit-gsp38wbk-plus\\\/#primaryimage\",\"url\":\"https:\\\/\\\/www.mexicanguitarplayers.com\\\/wp-content\\\/uploads\\\/2022\\\/08\\\/RAHERGSP38WBKP.jpg\",\"contentUrl\":\"https:\\\/\\\/www.mexicanguitarplayers.com\\\/wp-content\\\/uploads\\\/2022\\\/08\\\/RAHERGSP38WBKP.jpg\",\"width\":1200,\"height\":1200},{\"@type\":\"BreadcrumbList\",\"@id\":\"https:\\\/\\\/www.mexicanguitarplayers.com\\\/tienda\\\/accesorios\\\/stands\\\/para-instrumento-stands\\\/soporte-hercules-p-guit-gsp38wbk-plus\\\/#breadcrumb\",\"itemListElement\":[{\"@type\":\"ListItem\",\"position\":1,\"name\":\"Portada\",\"item\":\"https:\\\/\\\/www.mexicanguitarplayers.com\\\/\"},{\"@type\":\"ListItem\",\"position\":2,\"name\":\"Tienda\",\"item\":\"https:\\\/\\\/www.mexicanguitarplayers.com\\\/tienda\\\/\"},{\"@type\":\"ListItem\",\"position\":3,\"name\":\"SOPORTE HERCULES P\\\/GUIT. GSP38WBK PLUS\"}]},{\"@type\":\"WebSite\",\"@id\":\"https:\\\/\\\/www.mexicanguitarplayers.com\\\/#website\",\"url\":\"https:\\\/\\\/www.mexicanguitarplayers.com\\\/\",\"name\":\"Mexican Guitar Players\",\"description\":\"Website\",\"publisher\":{\"@id\":\"https:\\\/\\\/www.mexicanguitarplayers.com\\\/#organization\"},\"potentialAction\":[{\"@type\":\"SearchAction\",\"target\":{\"@type\":\"EntryPoint\",\"urlTemplate\":\"https:\\\/\\\/www.mexicanguitarplayers.com\\\/?s={search_term_string}\"},\"query-input\":{\"@type\":\"PropertyValueSpecification\",\"valueRequired\":true,\"valueName\":\"search_term_string\"}}],\"inLanguage\":\"en-US\"},{\"@type\":\"Organization\",\"@id\":\"https:\\\/\\\/www.mexicanguitarplayers.com\\\/#organization\",\"name\":\"Mexican Guitar Players\",\"url\":\"https:\\\/\\\/www.mexicanguitarplayers.com\\\/\",\"logo\":{\"@type\":\"ImageObject\",\"inLanguage\":\"en-US\",\"@id\":\"https:\\\/\\\/www.mexicanguitarplayers.com\\\/#\\\/schema\\\/logo\\\/image\\\/\",\"url\":\"\",\"contentUrl\":\"\",\"caption\":\"Mexican Guitar Players\"},\"image\":{\"@id\":\"https:\\\/\\\/www.mexicanguitarplayers.com\\\/#\\\/schema\\\/logo\\\/image\\\/\"}}]}<\/script>\n<!-- \/ Yoast SEO plugin. -->","yoast_head_json":{"title":"SOPORTE HERCULES P\/GUIT. GSP38WBK PLUS - Mexican Guitar Players","description":"SOPORTE HERCULES P\/GUIT. GSP38WBK PLUS. Soporte de suspensi\u00f3n giratoria autom\u00e1tica AGS para guitarras el\u00e9ctricas, ac\u00fasticas, cl\u00e1sicas o bajos, gira autom\u00e1ticamente para adaptarse a guitarras o bajos de diferentes formas de manera vertical y segura, puede adaptarse a una gama m\u00e1s amplia de tama\u00f1os de brazos de instrumentos de 40 mm a 52 mm (1.57\u201d - 2.05\u201d), sistema NINA (Narrow Instrument Neck Adjustment, HA301) est\u00e1 especialmente dise\u00f1ado para aumentar el grosor de los brazos AGS para adaptarse a los instrumentos de brazo estrecho desde m\u00ednimo 28 mm (1.10\u201d) como banjos y mandolinas, atractiva base de madera con terminado negro, longitud del brazo: 105 mm (4.1\u201d), capacidad de carga: 7 kg.","robots":{"index":"index","follow":"follow","max-snippet":"max-snippet:-1","max-image-preview":"max-image-preview:large","max-video-preview":"max-video-preview:-1"},"canonical":"https:\/\/www.mexicanguitarplayers.com\/en\/tienda\/accesorios\/stands\/para-instrumento-stands\/soporte-hercules-p-guit-gsp38wbk-plus\/","og_locale":"en_US","og_type":"article","og_title":"SOPORTE HERCULES P\/GUIT. GSP38WBK PLUS - Mexican Guitar Players","og_description":"SOPORTE HERCULES P\/GUIT. GSP38WBK PLUS. Soporte de suspensi\u00f3n giratoria autom\u00e1tica AGS para guitarras el\u00e9ctricas, ac\u00fasticas, cl\u00e1sicas o bajos, gira autom\u00e1ticamente para adaptarse a guitarras o bajos de diferentes formas de manera vertical y segura, puede adaptarse a una gama m\u00e1s amplia de tama\u00f1os de brazos de instrumentos de 40 mm a 52 mm (1.57\u201d - 2.05\u201d), sistema NINA (Narrow Instrument Neck Adjustment, HA301) est\u00e1 especialmente dise\u00f1ado para aumentar el grosor de los brazos AGS para adaptarse a los instrumentos de brazo estrecho desde m\u00ednimo 28 mm (1.10\u201d) como banjos y mandolinas, atractiva base de madera con terminado negro, longitud del brazo: 105 mm (4.1\u201d), capacidad de carga: 7 kg.","og_url":"https:\/\/www.mexicanguitarplayers.com\/en\/tienda\/accesorios\/stands\/para-instrumento-stands\/soporte-hercules-p-guit-gsp38wbk-plus\/","og_site_name":"Mexican Guitar Players","article_modified_time":"2026-04-15T10:25:45+00:00","og_image":[{"width":1200,"height":1200,"url":"https:\/\/www.mexicanguitarplayers.com\/wp-content\/uploads\/2022\/08\/RAHERGSP38WBKP.jpg","type":"image\/jpeg"}],"twitter_card":"summary_large_image","twitter_misc":{"Est. reading time":"1 minute"},"schema":{"@context":"https:\/\/schema.org","@graph":[{"@type":["WebPage","ItemPage"],"@id":"https:\/\/www.mexicanguitarplayers.com\/tienda\/accesorios\/stands\/para-instrumento-stands\/soporte-hercules-p-guit-gsp38wbk-plus\/","url":"https:\/\/www.mexicanguitarplayers.com\/tienda\/accesorios\/stands\/para-instrumento-stands\/soporte-hercules-p-guit-gsp38wbk-plus\/","name":"SOPORTE HERCULES P\/GUIT. GSP38WBK PLUS - Mexican Guitar Players","isPartOf":{"@id":"https:\/\/www.mexicanguitarplayers.com\/#website"},"primaryImageOfPage":{"@id":"https:\/\/www.mexicanguitarplayers.com\/tienda\/accesorios\/stands\/para-instrumento-stands\/soporte-hercules-p-guit-gsp38wbk-plus\/#primaryimage"},"image":{"@id":"https:\/\/www.mexicanguitarplayers.com\/tienda\/accesorios\/stands\/para-instrumento-stands\/soporte-hercules-p-guit-gsp38wbk-plus\/#primaryimage"},"thumbnailUrl":"https:\/\/www.mexicanguitarplayers.com\/wp-content\/uploads\/2022\/08\/RAHERGSP38WBKP.jpg","datePublished":"2022-08-19T00:47:15+00:00","dateModified":"2026-04-15T10:25:45+00:00","description":"SOPORTE HERCULES P\/GUIT. GSP38WBK PLUS. Soporte de suspensi\u00f3n giratoria autom\u00e1tica AGS para guitarras el\u00e9ctricas, ac\u00fasticas, cl\u00e1sicas o bajos, gira autom\u00e1ticamente para adaptarse a guitarras o bajos de diferentes formas de manera vertical y segura, puede adaptarse a una gama m\u00e1s amplia de tama\u00f1os de brazos de instrumentos de 40 mm a 52 mm (1.57\u201d - 2.05\u201d), sistema NINA (Narrow Instrument Neck Adjustment, HA301) est\u00e1 especialmente dise\u00f1ado para aumentar el grosor de los brazos AGS para adaptarse a los instrumentos de brazo estrecho desde m\u00ednimo 28 mm (1.10\u201d) como banjos y mandolinas, atractiva base de madera con terminado negro, longitud del brazo: 105 mm (4.1\u201d), capacidad de carga: 7 kg.","breadcrumb":{"@id":"https:\/\/www.mexicanguitarplayers.com\/tienda\/accesorios\/stands\/para-instrumento-stands\/soporte-hercules-p-guit-gsp38wbk-plus\/#breadcrumb"},"inLanguage":"en-US","potentialAction":[{"@type":"ReadAction","target":["https:\/\/www.mexicanguitarplayers.com\/tienda\/accesorios\/stands\/para-instrumento-stands\/soporte-hercules-p-guit-gsp38wbk-plus\/"]}]},{"@type":"ImageObject","inLanguage":"en-US","@id":"https:\/\/www.mexicanguitarplayers.com\/tienda\/accesorios\/stands\/para-instrumento-stands\/soporte-hercules-p-guit-gsp38wbk-plus\/#primaryimage","url":"https:\/\/www.mexicanguitarplayers.com\/wp-content\/uploads\/2022\/08\/RAHERGSP38WBKP.jpg","contentUrl":"https:\/\/www.mexicanguitarplayers.com\/wp-content\/uploads\/2022\/08\/RAHERGSP38WBKP.jpg","width":1200,"height":1200},{"@type":"BreadcrumbList","@id":"https:\/\/www.mexicanguitarplayers.com\/tienda\/accesorios\/stands\/para-instrumento-stands\/soporte-hercules-p-guit-gsp38wbk-plus\/#breadcrumb","itemListElement":[{"@type":"ListItem","position":1,"name":"Portada","item":"https:\/\/www.mexicanguitarplayers.com\/"},{"@type":"ListItem","position":2,"name":"Tienda","item":"https:\/\/www.mexicanguitarplayers.com\/tienda\/"},{"@type":"ListItem","position":3,"name":"SOPORTE HERCULES P\/GUIT. GSP38WBK PLUS"}]},{"@type":"WebSite","@id":"https:\/\/www.mexicanguitarplayers.com\/#website","url":"https:\/\/www.mexicanguitarplayers.com\/","name":"Mexican Guitar Players","description":"Website","publisher":{"@id":"https:\/\/www.mexicanguitarplayers.com\/#organization"},"potentialAction":[{"@type":"SearchAction","target":{"@type":"EntryPoint","urlTemplate":"https:\/\/www.mexicanguitarplayers.com\/?s={search_term_string}"},"query-input":{"@type":"PropertyValueSpecification","valueRequired":true,"valueName":"search_term_string"}}],"inLanguage":"en-US"},{"@type":"Organization","@id":"https:\/\/www.mexicanguitarplayers.com\/#organization","name":"Mexican Guitar Players","url":"https:\/\/www.mexicanguitarplayers.com\/","logo":{"@type":"ImageObject","inLanguage":"en-US","@id":"https:\/\/www.mexicanguitarplayers.com\/#\/schema\/logo\/image\/","url":"","contentUrl":"","caption":"Mexican Guitar Players"},"image":{"@id":"https:\/\/www.mexicanguitarplayers.com\/#\/schema\/logo\/image\/"}}]}},"brands":[{"id":587,"name":"HERCULES","slug":"hercules"}],"_links":{"self":[{"href":"https:\/\/www.mexicanguitarplayers.com\/en\/wp-json\/wp\/v2\/product\/17551","targetHints":{"allow":["GET"]}}],"collection":[{"href":"https:\/\/www.mexicanguitarplayers.com\/en\/wp-json\/wp\/v2\/product"}],"about":[{"href":"https:\/\/www.mexicanguitarplayers.com\/en\/wp-json\/wp\/v2\/types\/product"}],"replies":[{"embeddable":true,"href":"https:\/\/www.mexicanguitarplayers.com\/en\/wp-json\/wp\/v2\/comments?post=17551"}],"wp:featuredmedia":[{"embeddable":true,"href":"https:\/\/www.mexicanguitarplayers.com\/en\/wp-json\/wp\/v2\/media\/17549"}],"wp:attachment":[{"href":"https:\/\/www.mexicanguitarplayers.com\/en\/wp-json\/wp\/v2\/media?parent=17551"}],"wp:term":[{"taxonomy":"pwb-brand","embeddable":true,"href":"https:\/\/www.mexicanguitarplayers.com\/en\/wp-json\/wp\/v2\/pwb-brand?post=17551"},{"taxonomy":"product_brand","embeddable":true,"href":"https:\/\/www.mexicanguitarplayers.com\/en\/wp-json\/wp\/v2\/product_brand?post=17551"},{"taxonomy":"product_cat","embeddable":true,"href":"https:\/\/www.mexicanguitarplayers.com\/en\/wp-json\/wp\/v2\/product_cat?post=17551"},{"taxonomy":"product_tag","embeddable":true,"href":"https:\/\/www.mexicanguitarplayers.com\/en\/wp-json\/wp\/v2\/product_tag?post=17551"}],"curies":[{"name":"wp","href":"https:\/\/api.w.org\/{rel}","templated":true}]}}