{"id":17571,"date":"2022-08-18T19:47:48","date_gmt":"2022-08-19T00:47:48","guid":{"rendered":"https:\/\/www.mexicanguitarplayers.com\/tienda\/sin%20categor\u00eda\/soporte-hercules-p-guitarra-gsp39wb-plus\/"},"modified":"2026-04-10T05:01:43","modified_gmt":"2026-04-10T11:01:43","slug":"soporte-hercules-p-guitarra-gsp39wb-plus","status":"publish","type":"product","link":"https:\/\/www.mexicanguitarplayers.com\/en\/tienda\/accesorios\/stands\/para-instrumento-stands\/soporte-hercules-p-guitarra-gsp39wb-plus\/","title":{"rendered":"HERCULES GUITAR STAND GSP39WB PLUS"},"content":{"rendered":"<div style=\"text-align: justify\">\n<div>\n<h3>HERCULES GUITAR STAND GSP39WB PLUS<\/h3>\n<\/div>\n<div>Swivel Guitar Hanger Bracket, Metal Wall Mount, Swivel Yoke Allows for Multi-Angle Adjustments While Locking Instrument in Place, Can Accommodate 40-52mm Instrument Arms (Classical, Acoustic, Electric and Bass Guitars), Shoulder Length stand: 105 mm (4.1\u201d), load capacity: 7 kg.<\/div>\n<\/div>","protected":false},"excerpt":{"rendered":"<p>Soporte colgante giratorio para guitarra, soporte met\u00e1lico para pared, yugo giratorio que permite ajustes de m\u00faltiples \u00e1ngulos mientras bloquea el instrumento en su lugar, puedes acomodar brazos de instrumento de 40 a 52 mm (guitarras cl\u00e1sicas, ac\u00fasticas, el\u00e9ctricas y bajos), longitud del soporte: 105 mm (4.1\u201d), capacidad de carga: 7 kg.&hellip; <a class=\"kt-excerpt-readmore more-link\" href=\"https:\/\/www.mexicanguitarplayers.com\/en\/tienda\/accesorios\/stands\/para-instrumento-stands\/soporte-hercules-p-guitarra-gsp39wb-plus\/\">Read more<\/a><\/p>","protected":false},"featured_media":17568,"comment_status":"open","ping_status":"closed","template":"","meta":{"kt_blocks_editor_width":""},"pwb-brand":[587],"product_brand":[],"product_cat":[85,510,416],"product_tag":[],"class_list":{"0":"post-17571","1":"product","2":"type-product","3":"status-publish","4":"has-post-thumbnail","6":"pwb-brand-hercules","7":"product_cat-accesorios","8":"product_cat-para-instrumento-stands","9":"product_cat-stands","10":"product_shipping_class-0-5-kg","12":"first","13":"instock","14":"taxable","15":"shipping-taxable","16":"purchasable","17":"product-type-simple"},"yoast_head":"<!-- This site is optimized with the Yoast SEO plugin v27.3 - https:\/\/yoast.com\/product\/yoast-seo-wordpress\/ -->\n<title>SOPORTE HERCULES P\/GUITARRA GSP39WB PLUS - Mexican Guitar Players<\/title>\n<meta name=\"description\" content=\"SOPORTE HERCULES P\/GUITARRA GSP39WB PLUS. Soporte colgante giratorio para guitarra, soporte met\u00e1lico para pared, yugo giratorio que permite ajustes de m\u00faltiples \u00e1ngulos mientras bloquea el instrumento en su lugar, puedes acomodar brazos de instrumento de 40 a 52 mm (guitarras cl\u00e1sicas, ac\u00fasticas, el\u00e9ctricas y bajos), longitud del soporte: 105 mm (4.1\u201d), capacidad de carga: 7 kg.\" \/>\n<meta name=\"robots\" content=\"index, follow, max-snippet:-1, max-image-preview:large, max-video-preview:-1\" \/>\n<link rel=\"canonical\" href=\"https:\/\/www.mexicanguitarplayers.com\/en\/tienda\/accesorios\/stands\/para-instrumento-stands\/soporte-hercules-p-guitarra-gsp39wb-plus\/\" \/>\n<meta property=\"og:locale\" content=\"en_US\" \/>\n<meta property=\"og:type\" content=\"article\" \/>\n<meta property=\"og:title\" content=\"SOPORTE HERCULES P\/GUITARRA GSP39WB PLUS - Mexican Guitar Players\" \/>\n<meta property=\"og:description\" content=\"SOPORTE HERCULES P\/GUITARRA GSP39WB PLUS. Soporte colgante giratorio para guitarra, soporte met\u00e1lico para pared, yugo giratorio que permite ajustes de m\u00faltiples \u00e1ngulos mientras bloquea el instrumento en su lugar, puedes acomodar brazos de instrumento de 40 a 52 mm (guitarras cl\u00e1sicas, ac\u00fasticas, el\u00e9ctricas y bajos), longitud del soporte: 105 mm (4.1\u201d), capacidad de carga: 7 kg.\" \/>\n<meta property=\"og:url\" content=\"https:\/\/www.mexicanguitarplayers.com\/en\/tienda\/accesorios\/stands\/para-instrumento-stands\/soporte-hercules-p-guitarra-gsp39wb-plus\/\" \/>\n<meta property=\"og:site_name\" content=\"Mexican Guitar Players\" \/>\n<meta property=\"article:modified_time\" content=\"2026-04-10T11:01:43+00:00\" \/>\n<meta property=\"og:image\" content=\"https:\/\/www.mexicanguitarplayers.com\/wp-content\/uploads\/2022\/08\/RAHERGSP39WBPL.jpg\" \/>\n\t<meta property=\"og:image:width\" content=\"1200\" \/>\n\t<meta property=\"og:image:height\" content=\"1200\" \/>\n\t<meta property=\"og:image:type\" content=\"image\/jpeg\" \/>\n<meta name=\"twitter:card\" content=\"summary_large_image\" \/>\n<script type=\"application\/ld+json\" class=\"yoast-schema-graph\">{\"@context\":\"https:\\\/\\\/schema.org\",\"@graph\":[{\"@type\":[\"WebPage\",\"ItemPage\"],\"@id\":\"https:\\\/\\\/www.mexicanguitarplayers.com\\\/tienda\\\/accesorios\\\/stands\\\/para-instrumento-stands\\\/soporte-hercules-p-guitarra-gsp39wb-plus\\\/\",\"url\":\"https:\\\/\\\/www.mexicanguitarplayers.com\\\/tienda\\\/accesorios\\\/stands\\\/para-instrumento-stands\\\/soporte-hercules-p-guitarra-gsp39wb-plus\\\/\",\"name\":\"SOPORTE HERCULES P\\\/GUITARRA GSP39WB PLUS - Mexican Guitar Players\",\"isPartOf\":{\"@id\":\"https:\\\/\\\/www.mexicanguitarplayers.com\\\/#website\"},\"primaryImageOfPage\":{\"@id\":\"https:\\\/\\\/www.mexicanguitarplayers.com\\\/tienda\\\/accesorios\\\/stands\\\/para-instrumento-stands\\\/soporte-hercules-p-guitarra-gsp39wb-plus\\\/#primaryimage\"},\"image\":{\"@id\":\"https:\\\/\\\/www.mexicanguitarplayers.com\\\/tienda\\\/accesorios\\\/stands\\\/para-instrumento-stands\\\/soporte-hercules-p-guitarra-gsp39wb-plus\\\/#primaryimage\"},\"thumbnailUrl\":\"https:\\\/\\\/www.mexicanguitarplayers.com\\\/wp-content\\\/uploads\\\/2022\\\/08\\\/RAHERGSP39WBPL.jpg\",\"datePublished\":\"2022-08-19T00:47:48+00:00\",\"dateModified\":\"2026-04-10T11:01:43+00:00\",\"description\":\"SOPORTE HERCULES P\\\/GUITARRA GSP39WB PLUS. Soporte colgante giratorio para guitarra, soporte met\u00e1lico para pared, yugo giratorio que permite ajustes de m\u00faltiples \u00e1ngulos mientras bloquea el instrumento en su lugar, puedes acomodar brazos de instrumento de 40 a 52 mm (guitarras cl\u00e1sicas, ac\u00fasticas, el\u00e9ctricas y bajos), longitud del soporte: 105 mm (4.1\u201d), capacidad de carga: 7 kg.\",\"breadcrumb\":{\"@id\":\"https:\\\/\\\/www.mexicanguitarplayers.com\\\/tienda\\\/accesorios\\\/stands\\\/para-instrumento-stands\\\/soporte-hercules-p-guitarra-gsp39wb-plus\\\/#breadcrumb\"},\"inLanguage\":\"en-US\",\"potentialAction\":[{\"@type\":\"ReadAction\",\"target\":[\"https:\\\/\\\/www.mexicanguitarplayers.com\\\/tienda\\\/accesorios\\\/stands\\\/para-instrumento-stands\\\/soporte-hercules-p-guitarra-gsp39wb-plus\\\/\"]}]},{\"@type\":\"ImageObject\",\"inLanguage\":\"en-US\",\"@id\":\"https:\\\/\\\/www.mexicanguitarplayers.com\\\/tienda\\\/accesorios\\\/stands\\\/para-instrumento-stands\\\/soporte-hercules-p-guitarra-gsp39wb-plus\\\/#primaryimage\",\"url\":\"https:\\\/\\\/www.mexicanguitarplayers.com\\\/wp-content\\\/uploads\\\/2022\\\/08\\\/RAHERGSP39WBPL.jpg\",\"contentUrl\":\"https:\\\/\\\/www.mexicanguitarplayers.com\\\/wp-content\\\/uploads\\\/2022\\\/08\\\/RAHERGSP39WBPL.jpg\",\"width\":1200,\"height\":1200},{\"@type\":\"BreadcrumbList\",\"@id\":\"https:\\\/\\\/www.mexicanguitarplayers.com\\\/tienda\\\/accesorios\\\/stands\\\/para-instrumento-stands\\\/soporte-hercules-p-guitarra-gsp39wb-plus\\\/#breadcrumb\",\"itemListElement\":[{\"@type\":\"ListItem\",\"position\":1,\"name\":\"Portada\",\"item\":\"https:\\\/\\\/www.mexicanguitarplayers.com\\\/\"},{\"@type\":\"ListItem\",\"position\":2,\"name\":\"Tienda\",\"item\":\"https:\\\/\\\/www.mexicanguitarplayers.com\\\/tienda\\\/\"},{\"@type\":\"ListItem\",\"position\":3,\"name\":\"SOPORTE HERCULES P\\\/GUITARRA GSP39WB PLUS\"}]},{\"@type\":\"WebSite\",\"@id\":\"https:\\\/\\\/www.mexicanguitarplayers.com\\\/#website\",\"url\":\"https:\\\/\\\/www.mexicanguitarplayers.com\\\/\",\"name\":\"Mexican Guitar Players\",\"description\":\"Website\",\"publisher\":{\"@id\":\"https:\\\/\\\/www.mexicanguitarplayers.com\\\/#organization\"},\"potentialAction\":[{\"@type\":\"SearchAction\",\"target\":{\"@type\":\"EntryPoint\",\"urlTemplate\":\"https:\\\/\\\/www.mexicanguitarplayers.com\\\/?s={search_term_string}\"},\"query-input\":{\"@type\":\"PropertyValueSpecification\",\"valueRequired\":true,\"valueName\":\"search_term_string\"}}],\"inLanguage\":\"en-US\"},{\"@type\":\"Organization\",\"@id\":\"https:\\\/\\\/www.mexicanguitarplayers.com\\\/#organization\",\"name\":\"Mexican Guitar Players\",\"url\":\"https:\\\/\\\/www.mexicanguitarplayers.com\\\/\",\"logo\":{\"@type\":\"ImageObject\",\"inLanguage\":\"en-US\",\"@id\":\"https:\\\/\\\/www.mexicanguitarplayers.com\\\/#\\\/schema\\\/logo\\\/image\\\/\",\"url\":\"\",\"contentUrl\":\"\",\"caption\":\"Mexican Guitar Players\"},\"image\":{\"@id\":\"https:\\\/\\\/www.mexicanguitarplayers.com\\\/#\\\/schema\\\/logo\\\/image\\\/\"}}]}<\/script>\n<!-- \/ Yoast SEO plugin. -->","yoast_head_json":{"title":"SOPORTE HERCULES P\/GUITARRA GSP39WB PLUS - Mexican Guitar Players","description":"SOPORTE HERCULES P\/GUITARRA GSP39WB PLUS. Soporte colgante giratorio para guitarra, soporte met\u00e1lico para pared, yugo giratorio que permite ajustes de m\u00faltiples \u00e1ngulos mientras bloquea el instrumento en su lugar, puedes acomodar brazos de instrumento de 40 a 52 mm (guitarras cl\u00e1sicas, ac\u00fasticas, el\u00e9ctricas y bajos), longitud del soporte: 105 mm (4.1\u201d), capacidad de carga: 7 kg.","robots":{"index":"index","follow":"follow","max-snippet":"max-snippet:-1","max-image-preview":"max-image-preview:large","max-video-preview":"max-video-preview:-1"},"canonical":"https:\/\/www.mexicanguitarplayers.com\/en\/tienda\/accesorios\/stands\/para-instrumento-stands\/soporte-hercules-p-guitarra-gsp39wb-plus\/","og_locale":"en_US","og_type":"article","og_title":"SOPORTE HERCULES P\/GUITARRA GSP39WB PLUS - Mexican Guitar Players","og_description":"SOPORTE HERCULES P\/GUITARRA GSP39WB PLUS. Soporte colgante giratorio para guitarra, soporte met\u00e1lico para pared, yugo giratorio que permite ajustes de m\u00faltiples \u00e1ngulos mientras bloquea el instrumento en su lugar, puedes acomodar brazos de instrumento de 40 a 52 mm (guitarras cl\u00e1sicas, ac\u00fasticas, el\u00e9ctricas y bajos), longitud del soporte: 105 mm (4.1\u201d), capacidad de carga: 7 kg.","og_url":"https:\/\/www.mexicanguitarplayers.com\/en\/tienda\/accesorios\/stands\/para-instrumento-stands\/soporte-hercules-p-guitarra-gsp39wb-plus\/","og_site_name":"Mexican Guitar Players","article_modified_time":"2026-04-10T11:01:43+00:00","og_image":[{"width":1200,"height":1200,"url":"https:\/\/www.mexicanguitarplayers.com\/wp-content\/uploads\/2022\/08\/RAHERGSP39WBPL.jpg","type":"image\/jpeg"}],"twitter_card":"summary_large_image","schema":{"@context":"https:\/\/schema.org","@graph":[{"@type":["WebPage","ItemPage"],"@id":"https:\/\/www.mexicanguitarplayers.com\/tienda\/accesorios\/stands\/para-instrumento-stands\/soporte-hercules-p-guitarra-gsp39wb-plus\/","url":"https:\/\/www.mexicanguitarplayers.com\/tienda\/accesorios\/stands\/para-instrumento-stands\/soporte-hercules-p-guitarra-gsp39wb-plus\/","name":"SOPORTE HERCULES P\/GUITARRA GSP39WB PLUS - Mexican Guitar Players","isPartOf":{"@id":"https:\/\/www.mexicanguitarplayers.com\/#website"},"primaryImageOfPage":{"@id":"https:\/\/www.mexicanguitarplayers.com\/tienda\/accesorios\/stands\/para-instrumento-stands\/soporte-hercules-p-guitarra-gsp39wb-plus\/#primaryimage"},"image":{"@id":"https:\/\/www.mexicanguitarplayers.com\/tienda\/accesorios\/stands\/para-instrumento-stands\/soporte-hercules-p-guitarra-gsp39wb-plus\/#primaryimage"},"thumbnailUrl":"https:\/\/www.mexicanguitarplayers.com\/wp-content\/uploads\/2022\/08\/RAHERGSP39WBPL.jpg","datePublished":"2022-08-19T00:47:48+00:00","dateModified":"2026-04-10T11:01:43+00:00","description":"SOPORTE HERCULES P\/GUITARRA GSP39WB PLUS. Soporte colgante giratorio para guitarra, soporte met\u00e1lico para pared, yugo giratorio que permite ajustes de m\u00faltiples \u00e1ngulos mientras bloquea el instrumento en su lugar, puedes acomodar brazos de instrumento de 40 a 52 mm (guitarras cl\u00e1sicas, ac\u00fasticas, el\u00e9ctricas y bajos), longitud del soporte: 105 mm (4.1\u201d), capacidad de carga: 7 kg.","breadcrumb":{"@id":"https:\/\/www.mexicanguitarplayers.com\/tienda\/accesorios\/stands\/para-instrumento-stands\/soporte-hercules-p-guitarra-gsp39wb-plus\/#breadcrumb"},"inLanguage":"en-US","potentialAction":[{"@type":"ReadAction","target":["https:\/\/www.mexicanguitarplayers.com\/tienda\/accesorios\/stands\/para-instrumento-stands\/soporte-hercules-p-guitarra-gsp39wb-plus\/"]}]},{"@type":"ImageObject","inLanguage":"en-US","@id":"https:\/\/www.mexicanguitarplayers.com\/tienda\/accesorios\/stands\/para-instrumento-stands\/soporte-hercules-p-guitarra-gsp39wb-plus\/#primaryimage","url":"https:\/\/www.mexicanguitarplayers.com\/wp-content\/uploads\/2022\/08\/RAHERGSP39WBPL.jpg","contentUrl":"https:\/\/www.mexicanguitarplayers.com\/wp-content\/uploads\/2022\/08\/RAHERGSP39WBPL.jpg","width":1200,"height":1200},{"@type":"BreadcrumbList","@id":"https:\/\/www.mexicanguitarplayers.com\/tienda\/accesorios\/stands\/para-instrumento-stands\/soporte-hercules-p-guitarra-gsp39wb-plus\/#breadcrumb","itemListElement":[{"@type":"ListItem","position":1,"name":"Portada","item":"https:\/\/www.mexicanguitarplayers.com\/"},{"@type":"ListItem","position":2,"name":"Tienda","item":"https:\/\/www.mexicanguitarplayers.com\/tienda\/"},{"@type":"ListItem","position":3,"name":"SOPORTE HERCULES P\/GUITARRA GSP39WB PLUS"}]},{"@type":"WebSite","@id":"https:\/\/www.mexicanguitarplayers.com\/#website","url":"https:\/\/www.mexicanguitarplayers.com\/","name":"Mexican Guitar Players","description":"Website","publisher":{"@id":"https:\/\/www.mexicanguitarplayers.com\/#organization"},"potentialAction":[{"@type":"SearchAction","target":{"@type":"EntryPoint","urlTemplate":"https:\/\/www.mexicanguitarplayers.com\/?s={search_term_string}"},"query-input":{"@type":"PropertyValueSpecification","valueRequired":true,"valueName":"search_term_string"}}],"inLanguage":"en-US"},{"@type":"Organization","@id":"https:\/\/www.mexicanguitarplayers.com\/#organization","name":"Mexican Guitar Players","url":"https:\/\/www.mexicanguitarplayers.com\/","logo":{"@type":"ImageObject","inLanguage":"en-US","@id":"https:\/\/www.mexicanguitarplayers.com\/#\/schema\/logo\/image\/","url":"","contentUrl":"","caption":"Mexican Guitar Players"},"image":{"@id":"https:\/\/www.mexicanguitarplayers.com\/#\/schema\/logo\/image\/"}}]}},"brands":[{"id":587,"name":"HERCULES","slug":"hercules"}],"_links":{"self":[{"href":"https:\/\/www.mexicanguitarplayers.com\/en\/wp-json\/wp\/v2\/product\/17571","targetHints":{"allow":["GET"]}}],"collection":[{"href":"https:\/\/www.mexicanguitarplayers.com\/en\/wp-json\/wp\/v2\/product"}],"about":[{"href":"https:\/\/www.mexicanguitarplayers.com\/en\/wp-json\/wp\/v2\/types\/product"}],"replies":[{"embeddable":true,"href":"https:\/\/www.mexicanguitarplayers.com\/en\/wp-json\/wp\/v2\/comments?post=17571"}],"wp:featuredmedia":[{"embeddable":true,"href":"https:\/\/www.mexicanguitarplayers.com\/en\/wp-json\/wp\/v2\/media\/17568"}],"wp:attachment":[{"href":"https:\/\/www.mexicanguitarplayers.com\/en\/wp-json\/wp\/v2\/media?parent=17571"}],"wp:term":[{"taxonomy":"pwb-brand","embeddable":true,"href":"https:\/\/www.mexicanguitarplayers.com\/en\/wp-json\/wp\/v2\/pwb-brand?post=17571"},{"taxonomy":"product_brand","embeddable":true,"href":"https:\/\/www.mexicanguitarplayers.com\/en\/wp-json\/wp\/v2\/product_brand?post=17571"},{"taxonomy":"product_cat","embeddable":true,"href":"https:\/\/www.mexicanguitarplayers.com\/en\/wp-json\/wp\/v2\/product_cat?post=17571"},{"taxonomy":"product_tag","embeddable":true,"href":"https:\/\/www.mexicanguitarplayers.com\/en\/wp-json\/wp\/v2\/product_tag?post=17571"}],"curies":[{"name":"wp","href":"https:\/\/api.w.org\/{rel}","templated":true}]}}