{"id":17857,"date":"2022-08-18T19:56:30","date_gmt":"2022-08-19T00:56:30","guid":{"rendered":"https:\/\/www.mexicanguitarplayers.com\/tienda\/sin%20categor\u00eda\/cencerro-meinl-mod-stb-55-ch\/"},"modified":"2026-02-11T10:15:06","modified_gmt":"2026-02-11T16:15:06","slug":"cencerro-meinl-mod-stb-55-ch","status":"publish","type":"product","link":"https:\/\/www.mexicanguitarplayers.com\/en\/tienda\/percusiones\/percusiones-menores\/cencerros\/cencerro-meinl-mod-stb-55-ch\/","title":{"rendered":"MEINL BUBBLE MOD. STB-55-CH"},"content":{"rendered":"<div style=\"text-align: justify\">\n<div>\n<h3>MEINL BUBBLE MOD. STB-55-CH<\/h3>\n<\/div>\n<div>Fully tuned cowbell in conjunction with other cowbells from the same series that form a diatonic scale, made of special steel alloy, polished chrome finish, size: 5 1\/2\u201d inches.<\/div>\n<\/div>","protected":false},"excerpt":{"rendered":"<p>Cencerro totalmente afinado en conjunto con otros cencerros de la misma serie que forman una escala diat\u00f3nica, fabricado con aleaci\u00f3n especial de acero, terminado cromado pulido, tama\u00f1o: 5 1\/2\u201d pulgadas.&hellip; <a class=\"kt-excerpt-readmore more-link\" href=\"https:\/\/www.mexicanguitarplayers.com\/en\/tienda\/percusiones\/percusiones-menores\/cencerros\/cencerro-meinl-mod-stb-55-ch\/\">Read more<\/a><\/p>","protected":false},"featured_media":17856,"comment_status":"open","ping_status":"closed","template":"","meta":{"kt_blocks_editor_width":""},"pwb-brand":[290],"product_brand":[],"product_cat":[448,208,276],"product_tag":[],"class_list":{"0":"post-17857","1":"product","2":"type-product","3":"status-publish","4":"has-post-thumbnail","6":"pwb-brand-meinl","7":"product_cat-cencerros","8":"product_cat-percusiones","9":"product_cat-percusiones-menores","10":"product_shipping_class-0-5-kg","12":"first","13":"outofstock","14":"taxable","15":"shipping-taxable","16":"purchasable","17":"product-type-simple"},"yoast_head":"<!-- This site is optimized with the Yoast SEO plugin v27.3 - https:\/\/yoast.com\/product\/yoast-seo-wordpress\/ -->\n<title>CENCERRO MEINL MOD. STB-55-CH - Mexican Guitar Players<\/title>\n<meta name=\"description\" content=\"CENCERRO MEINL MOD. STB-55-CH. Cencerro totalmente afinado en conjunto con otros cencerros de la misma serie que forman una escala diat\u00f3nica, fabricado con aleaci\u00f3n especial de acero, terminado cromado pulido, tama\u00f1o: 5 1\/2\u201d pulgadas.\" \/>\n<meta name=\"robots\" content=\"index, follow, max-snippet:-1, max-image-preview:large, max-video-preview:-1\" \/>\n<link rel=\"canonical\" href=\"https:\/\/www.mexicanguitarplayers.com\/en\/tienda\/percusiones\/percusiones-menores\/cencerros\/cencerro-meinl-mod-stb-55-ch\/\" \/>\n<meta property=\"og:locale\" content=\"en_US\" \/>\n<meta property=\"og:type\" content=\"article\" \/>\n<meta property=\"og:title\" content=\"CENCERRO MEINL MOD. STB-55-CH - Mexican Guitar Players\" \/>\n<meta property=\"og:description\" content=\"CENCERRO MEINL MOD. STB-55-CH. Cencerro totalmente afinado en conjunto con otros cencerros de la misma serie que forman una escala diat\u00f3nica, fabricado con aleaci\u00f3n especial de acero, terminado cromado pulido, tama\u00f1o: 5 1\/2\u201d pulgadas.\" \/>\n<meta property=\"og:url\" content=\"https:\/\/www.mexicanguitarplayers.com\/en\/tienda\/percusiones\/percusiones-menores\/cencerros\/cencerro-meinl-mod-stb-55-ch\/\" \/>\n<meta property=\"og:site_name\" content=\"Mexican Guitar Players\" \/>\n<meta property=\"article:modified_time\" content=\"2026-02-11T16:15:06+00:00\" \/>\n<meta property=\"og:image\" content=\"https:\/\/www.mexicanguitarplayers.com\/wp-content\/uploads\/2022\/08\/RAMEISTB55CH.jpg\" \/>\n\t<meta property=\"og:image:width\" content=\"800\" \/>\n\t<meta property=\"og:image:height\" content=\"1600\" \/>\n\t<meta property=\"og:image:type\" content=\"image\/jpeg\" \/>\n<meta name=\"twitter:card\" content=\"summary_large_image\" \/>\n<script type=\"application\/ld+json\" class=\"yoast-schema-graph\">{\"@context\":\"https:\\\/\\\/schema.org\",\"@graph\":[{\"@type\":[\"WebPage\",\"ItemPage\"],\"@id\":\"https:\\\/\\\/www.mexicanguitarplayers.com\\\/tienda\\\/percusiones\\\/percusiones-menores\\\/cencerros\\\/cencerro-meinl-mod-stb-55-ch\\\/\",\"url\":\"https:\\\/\\\/www.mexicanguitarplayers.com\\\/tienda\\\/percusiones\\\/percusiones-menores\\\/cencerros\\\/cencerro-meinl-mod-stb-55-ch\\\/\",\"name\":\"CENCERRO MEINL MOD. STB-55-CH - Mexican Guitar Players\",\"isPartOf\":{\"@id\":\"https:\\\/\\\/www.mexicanguitarplayers.com\\\/#website\"},\"primaryImageOfPage\":{\"@id\":\"https:\\\/\\\/www.mexicanguitarplayers.com\\\/tienda\\\/percusiones\\\/percusiones-menores\\\/cencerros\\\/cencerro-meinl-mod-stb-55-ch\\\/#primaryimage\"},\"image\":{\"@id\":\"https:\\\/\\\/www.mexicanguitarplayers.com\\\/tienda\\\/percusiones\\\/percusiones-menores\\\/cencerros\\\/cencerro-meinl-mod-stb-55-ch\\\/#primaryimage\"},\"thumbnailUrl\":\"https:\\\/\\\/www.mexicanguitarplayers.com\\\/wp-content\\\/uploads\\\/2022\\\/08\\\/RAMEISTB55CH.jpg\",\"datePublished\":\"2022-08-19T00:56:30+00:00\",\"dateModified\":\"2026-02-11T16:15:06+00:00\",\"description\":\"CENCERRO MEINL MOD. STB-55-CH. Cencerro totalmente afinado en conjunto con otros cencerros de la misma serie que forman una escala diat\u00f3nica, fabricado con aleaci\u00f3n especial de acero, terminado cromado pulido, tama\u00f1o: 5 1\\\/2\u201d pulgadas.\",\"breadcrumb\":{\"@id\":\"https:\\\/\\\/www.mexicanguitarplayers.com\\\/tienda\\\/percusiones\\\/percusiones-menores\\\/cencerros\\\/cencerro-meinl-mod-stb-55-ch\\\/#breadcrumb\"},\"inLanguage\":\"en-US\",\"potentialAction\":[{\"@type\":\"ReadAction\",\"target\":[\"https:\\\/\\\/www.mexicanguitarplayers.com\\\/tienda\\\/percusiones\\\/percusiones-menores\\\/cencerros\\\/cencerro-meinl-mod-stb-55-ch\\\/\"]}]},{\"@type\":\"ImageObject\",\"inLanguage\":\"en-US\",\"@id\":\"https:\\\/\\\/www.mexicanguitarplayers.com\\\/tienda\\\/percusiones\\\/percusiones-menores\\\/cencerros\\\/cencerro-meinl-mod-stb-55-ch\\\/#primaryimage\",\"url\":\"https:\\\/\\\/www.mexicanguitarplayers.com\\\/wp-content\\\/uploads\\\/2022\\\/08\\\/RAMEISTB55CH.jpg\",\"contentUrl\":\"https:\\\/\\\/www.mexicanguitarplayers.com\\\/wp-content\\\/uploads\\\/2022\\\/08\\\/RAMEISTB55CH.jpg\",\"width\":800,\"height\":1600},{\"@type\":\"BreadcrumbList\",\"@id\":\"https:\\\/\\\/www.mexicanguitarplayers.com\\\/tienda\\\/percusiones\\\/percusiones-menores\\\/cencerros\\\/cencerro-meinl-mod-stb-55-ch\\\/#breadcrumb\",\"itemListElement\":[{\"@type\":\"ListItem\",\"position\":1,\"name\":\"Portada\",\"item\":\"https:\\\/\\\/www.mexicanguitarplayers.com\\\/\"},{\"@type\":\"ListItem\",\"position\":2,\"name\":\"Tienda\",\"item\":\"https:\\\/\\\/www.mexicanguitarplayers.com\\\/tienda\\\/\"},{\"@type\":\"ListItem\",\"position\":3,\"name\":\"CENCERRO MEINL MOD. STB-55-CH\"}]},{\"@type\":\"WebSite\",\"@id\":\"https:\\\/\\\/www.mexicanguitarplayers.com\\\/#website\",\"url\":\"https:\\\/\\\/www.mexicanguitarplayers.com\\\/\",\"name\":\"Mexican Guitar Players\",\"description\":\"Website\",\"publisher\":{\"@id\":\"https:\\\/\\\/www.mexicanguitarplayers.com\\\/#organization\"},\"potentialAction\":[{\"@type\":\"SearchAction\",\"target\":{\"@type\":\"EntryPoint\",\"urlTemplate\":\"https:\\\/\\\/www.mexicanguitarplayers.com\\\/?s={search_term_string}\"},\"query-input\":{\"@type\":\"PropertyValueSpecification\",\"valueRequired\":true,\"valueName\":\"search_term_string\"}}],\"inLanguage\":\"en-US\"},{\"@type\":\"Organization\",\"@id\":\"https:\\\/\\\/www.mexicanguitarplayers.com\\\/#organization\",\"name\":\"Mexican Guitar Players\",\"url\":\"https:\\\/\\\/www.mexicanguitarplayers.com\\\/\",\"logo\":{\"@type\":\"ImageObject\",\"inLanguage\":\"en-US\",\"@id\":\"https:\\\/\\\/www.mexicanguitarplayers.com\\\/#\\\/schema\\\/logo\\\/image\\\/\",\"url\":\"\",\"contentUrl\":\"\",\"caption\":\"Mexican Guitar Players\"},\"image\":{\"@id\":\"https:\\\/\\\/www.mexicanguitarplayers.com\\\/#\\\/schema\\\/logo\\\/image\\\/\"}}]}<\/script>\n<!-- \/ Yoast SEO plugin. -->","yoast_head_json":{"title":"CENCERRO MEINL MOD. STB-55-CH - Mexican Guitar Players","description":"CENCERRO MEINL MOD. STB-55-CH. Cencerro totalmente afinado en conjunto con otros cencerros de la misma serie que forman una escala diat\u00f3nica, fabricado con aleaci\u00f3n especial de acero, terminado cromado pulido, tama\u00f1o: 5 1\/2\u201d pulgadas.","robots":{"index":"index","follow":"follow","max-snippet":"max-snippet:-1","max-image-preview":"max-image-preview:large","max-video-preview":"max-video-preview:-1"},"canonical":"https:\/\/www.mexicanguitarplayers.com\/en\/tienda\/percusiones\/percusiones-menores\/cencerros\/cencerro-meinl-mod-stb-55-ch\/","og_locale":"en_US","og_type":"article","og_title":"CENCERRO MEINL MOD. STB-55-CH - Mexican Guitar Players","og_description":"CENCERRO MEINL MOD. STB-55-CH. Cencerro totalmente afinado en conjunto con otros cencerros de la misma serie que forman una escala diat\u00f3nica, fabricado con aleaci\u00f3n especial de acero, terminado cromado pulido, tama\u00f1o: 5 1\/2\u201d pulgadas.","og_url":"https:\/\/www.mexicanguitarplayers.com\/en\/tienda\/percusiones\/percusiones-menores\/cencerros\/cencerro-meinl-mod-stb-55-ch\/","og_site_name":"Mexican Guitar Players","article_modified_time":"2026-02-11T16:15:06+00:00","og_image":[{"width":800,"height":1600,"url":"https:\/\/www.mexicanguitarplayers.com\/wp-content\/uploads\/2022\/08\/RAMEISTB55CH.jpg","type":"image\/jpeg"}],"twitter_card":"summary_large_image","schema":{"@context":"https:\/\/schema.org","@graph":[{"@type":["WebPage","ItemPage"],"@id":"https:\/\/www.mexicanguitarplayers.com\/tienda\/percusiones\/percusiones-menores\/cencerros\/cencerro-meinl-mod-stb-55-ch\/","url":"https:\/\/www.mexicanguitarplayers.com\/tienda\/percusiones\/percusiones-menores\/cencerros\/cencerro-meinl-mod-stb-55-ch\/","name":"CENCERRO MEINL MOD. STB-55-CH - Mexican Guitar Players","isPartOf":{"@id":"https:\/\/www.mexicanguitarplayers.com\/#website"},"primaryImageOfPage":{"@id":"https:\/\/www.mexicanguitarplayers.com\/tienda\/percusiones\/percusiones-menores\/cencerros\/cencerro-meinl-mod-stb-55-ch\/#primaryimage"},"image":{"@id":"https:\/\/www.mexicanguitarplayers.com\/tienda\/percusiones\/percusiones-menores\/cencerros\/cencerro-meinl-mod-stb-55-ch\/#primaryimage"},"thumbnailUrl":"https:\/\/www.mexicanguitarplayers.com\/wp-content\/uploads\/2022\/08\/RAMEISTB55CH.jpg","datePublished":"2022-08-19T00:56:30+00:00","dateModified":"2026-02-11T16:15:06+00:00","description":"CENCERRO MEINL MOD. STB-55-CH. Cencerro totalmente afinado en conjunto con otros cencerros de la misma serie que forman una escala diat\u00f3nica, fabricado con aleaci\u00f3n especial de acero, terminado cromado pulido, tama\u00f1o: 5 1\/2\u201d pulgadas.","breadcrumb":{"@id":"https:\/\/www.mexicanguitarplayers.com\/tienda\/percusiones\/percusiones-menores\/cencerros\/cencerro-meinl-mod-stb-55-ch\/#breadcrumb"},"inLanguage":"en-US","potentialAction":[{"@type":"ReadAction","target":["https:\/\/www.mexicanguitarplayers.com\/tienda\/percusiones\/percusiones-menores\/cencerros\/cencerro-meinl-mod-stb-55-ch\/"]}]},{"@type":"ImageObject","inLanguage":"en-US","@id":"https:\/\/www.mexicanguitarplayers.com\/tienda\/percusiones\/percusiones-menores\/cencerros\/cencerro-meinl-mod-stb-55-ch\/#primaryimage","url":"https:\/\/www.mexicanguitarplayers.com\/wp-content\/uploads\/2022\/08\/RAMEISTB55CH.jpg","contentUrl":"https:\/\/www.mexicanguitarplayers.com\/wp-content\/uploads\/2022\/08\/RAMEISTB55CH.jpg","width":800,"height":1600},{"@type":"BreadcrumbList","@id":"https:\/\/www.mexicanguitarplayers.com\/tienda\/percusiones\/percusiones-menores\/cencerros\/cencerro-meinl-mod-stb-55-ch\/#breadcrumb","itemListElement":[{"@type":"ListItem","position":1,"name":"Portada","item":"https:\/\/www.mexicanguitarplayers.com\/"},{"@type":"ListItem","position":2,"name":"Tienda","item":"https:\/\/www.mexicanguitarplayers.com\/tienda\/"},{"@type":"ListItem","position":3,"name":"CENCERRO MEINL MOD. STB-55-CH"}]},{"@type":"WebSite","@id":"https:\/\/www.mexicanguitarplayers.com\/#website","url":"https:\/\/www.mexicanguitarplayers.com\/","name":"Mexican Guitar Players","description":"Website","publisher":{"@id":"https:\/\/www.mexicanguitarplayers.com\/#organization"},"potentialAction":[{"@type":"SearchAction","target":{"@type":"EntryPoint","urlTemplate":"https:\/\/www.mexicanguitarplayers.com\/?s={search_term_string}"},"query-input":{"@type":"PropertyValueSpecification","valueRequired":true,"valueName":"search_term_string"}}],"inLanguage":"en-US"},{"@type":"Organization","@id":"https:\/\/www.mexicanguitarplayers.com\/#organization","name":"Mexican Guitar Players","url":"https:\/\/www.mexicanguitarplayers.com\/","logo":{"@type":"ImageObject","inLanguage":"en-US","@id":"https:\/\/www.mexicanguitarplayers.com\/#\/schema\/logo\/image\/","url":"","contentUrl":"","caption":"Mexican Guitar Players"},"image":{"@id":"https:\/\/www.mexicanguitarplayers.com\/#\/schema\/logo\/image\/"}}]}},"brands":[{"id":290,"name":"MEINL","slug":"meinl"}],"_links":{"self":[{"href":"https:\/\/www.mexicanguitarplayers.com\/en\/wp-json\/wp\/v2\/product\/17857","targetHints":{"allow":["GET"]}}],"collection":[{"href":"https:\/\/www.mexicanguitarplayers.com\/en\/wp-json\/wp\/v2\/product"}],"about":[{"href":"https:\/\/www.mexicanguitarplayers.com\/en\/wp-json\/wp\/v2\/types\/product"}],"replies":[{"embeddable":true,"href":"https:\/\/www.mexicanguitarplayers.com\/en\/wp-json\/wp\/v2\/comments?post=17857"}],"wp:featuredmedia":[{"embeddable":true,"href":"https:\/\/www.mexicanguitarplayers.com\/en\/wp-json\/wp\/v2\/media\/17856"}],"wp:attachment":[{"href":"https:\/\/www.mexicanguitarplayers.com\/en\/wp-json\/wp\/v2\/media?parent=17857"}],"wp:term":[{"taxonomy":"pwb-brand","embeddable":true,"href":"https:\/\/www.mexicanguitarplayers.com\/en\/wp-json\/wp\/v2\/pwb-brand?post=17857"},{"taxonomy":"product_brand","embeddable":true,"href":"https:\/\/www.mexicanguitarplayers.com\/en\/wp-json\/wp\/v2\/product_brand?post=17857"},{"taxonomy":"product_cat","embeddable":true,"href":"https:\/\/www.mexicanguitarplayers.com\/en\/wp-json\/wp\/v2\/product_cat?post=17857"},{"taxonomy":"product_tag","embeddable":true,"href":"https:\/\/www.mexicanguitarplayers.com\/en\/wp-json\/wp\/v2\/product_tag?post=17857"}],"curies":[{"name":"wp","href":"https:\/\/api.w.org\/{rel}","templated":true}]}}