{"id":18016,"date":"2022-08-18T20:00:25","date_gmt":"2022-08-19T01:00:25","guid":{"rendered":"https:\/\/www.mexicanguitarplayers.com\/tienda\/sin%20categor\u00eda\/lubricante-music-nomad-tune-it\/"},"modified":"2026-04-10T05:00:13","modified_gmt":"2026-04-10T11:00:13","slug":"lubricante-music-nomad-tune-it","status":"publish","type":"product","link":"https:\/\/www.mexicanguitarplayers.com\/en\/tienda\/accesorios\/para-guitarras\/cuidado-y-proteccion-para-guitarras\/lubricante-music-nomad-tune-it\/","title":{"rendered":"MUSIC NOMAD TUNE-IT LUBRICANT"},"content":{"rendered":"<div style=\"text-align: justify\">\n<div>\n<h3>MUSIC NOMAD TUNE-IT LUBRICANT<\/h3>\n<\/div>\n<div>String lubricant, helps improve tuning and reduce string breakage, contains anti-wear, anti-oxidants and anti-corrosion fortified with PTFE, odorless, stain-free, petroleum-free and silicone-free, apply to nut groove, bridge and guide of strings, ideal for moving parts such as tremolos, reduces friction and wear, eliminates &quot;ping&quot; sounds, includes a small fine-tipped applicator for hard-to-reach areas, resistant to water and steam, low coefficient of friction, specially designed syringe that distributes the gel evenly, perfect for guitars, basses, banjos and ukuleles.<\/div>\n<\/div>","protected":false},"excerpt":{"rendered":"<p>Lubricante para cuerdas, ayuda a mejorar la afinaci\u00f3n y reducir el rompimiento de cuerdas, contiene anti desgaste, anti oxidantes y anticorrosi\u00f3n fortificados con PTFE, inodoro, sin manchas, sin petr\u00f3leo y sin silicona, aplicar a la ranura de la cejuela, puente y gu\u00eda de cuerdas, ideal para piezas m\u00f3viles como tr\u00e9molos, reduce fricci\u00f3n y desgaste, elimina los sonidos \u201dping\u201d,  incluye un peque\u00f1o aplicador de punta fina para \u00e1reas dif\u00edciles de alcanzar, resistente al agua y al vapor, bajo coeficiente de fricci\u00f3n, jeringa especialmente dise\u00f1ada que distribuye el gel uniformemente, perfecto para guitarras, bajos, banjos y ukeleles.&hellip; <a class=\"kt-excerpt-readmore more-link\" href=\"https:\/\/www.mexicanguitarplayers.com\/en\/tienda\/accesorios\/para-guitarras\/cuidado-y-proteccion-para-guitarras\/lubricante-music-nomad-tune-it\/\">Read more<\/a><\/p>","protected":false},"featured_media":18015,"comment_status":"open","ping_status":"closed","template":"","meta":{"kt_blocks_editor_width":""},"pwb-brand":[622],"product_brand":[],"product_cat":[85,619,336],"product_tag":[],"class_list":{"0":"post-18016","1":"product","2":"type-product","3":"status-publish","4":"has-post-thumbnail","6":"pwb-brand-music-nomad","7":"product_cat-accesorios","8":"product_cat-cuidado-y-proteccion-para-guitarras","9":"product_cat-para-guitarras","10":"product_shipping_class-0-5-kg","12":"first","13":"outofstock","14":"taxable","15":"shipping-taxable","16":"purchasable","17":"product-type-simple"},"yoast_head":"<!-- This site is optimized with the Yoast SEO plugin v27.6 - https:\/\/yoast.com\/product\/yoast-seo-wordpress\/ -->\n<title>LUBRICANTE MUSIC NOMAD TUNE-IT - Mexican Guitar Players<\/title>\n<meta name=\"description\" content=\"LUBRICANTE MUSIC NOMAD TUNE-IT. Lubricante para cuerdas, ayuda a mejorar la afinaci\u00f3n y reducir el rompimiento de cuerdas, contiene anti desgaste, anti oxidantes y anticorrosi\u00f3n fortificados con PTFE, inodoro, sin manchas, sin petr\u00f3leo y sin silicona, aplicar a la ranura de la cejuela, puente y gu\u00eda de cuerdas, ideal para piezas m\u00f3viles como tr\u00e9molos, reduce fricci\u00f3n y desgaste, elimina los sonidos \u201dping\u201d, incluye un peque\u00f1o aplicador de punta fina para \u00e1reas dif\u00edciles de alcanzar, resistente al agua y al vapor, bajo coeficiente de fricci\u00f3n, jeringa especialmente dise\u00f1ada que distribuye el gel uniformemente, perfecto para guitarras, bajos, banjos y ukeleles.\" \/>\n<meta name=\"robots\" content=\"index, follow, max-snippet:-1, max-image-preview:large, max-video-preview:-1\" \/>\n<link rel=\"canonical\" href=\"https:\/\/www.mexicanguitarplayers.com\/en\/tienda\/accesorios\/para-guitarras\/cuidado-y-proteccion-para-guitarras\/lubricante-music-nomad-tune-it\/\" \/>\n<meta property=\"og:locale\" content=\"en_US\" \/>\n<meta property=\"og:type\" content=\"article\" \/>\n<meta property=\"og:title\" content=\"LUBRICANTE MUSIC NOMAD TUNE-IT - Mexican Guitar Players\" \/>\n<meta property=\"og:description\" content=\"LUBRICANTE MUSIC NOMAD TUNE-IT. Lubricante para cuerdas, ayuda a mejorar la afinaci\u00f3n y reducir el rompimiento de cuerdas, contiene anti desgaste, anti oxidantes y anticorrosi\u00f3n fortificados con PTFE, inodoro, sin manchas, sin petr\u00f3leo y sin silicona, aplicar a la ranura de la cejuela, puente y gu\u00eda de cuerdas, ideal para piezas m\u00f3viles como tr\u00e9molos, reduce fricci\u00f3n y desgaste, elimina los sonidos \u201dping\u201d, incluye un peque\u00f1o aplicador de punta fina para \u00e1reas dif\u00edciles de alcanzar, resistente al agua y al vapor, bajo coeficiente de fricci\u00f3n, jeringa especialmente dise\u00f1ada que distribuye el gel uniformemente, perfecto para guitarras, bajos, banjos y ukeleles.\" \/>\n<meta property=\"og:url\" content=\"https:\/\/www.mexicanguitarplayers.com\/en\/tienda\/accesorios\/para-guitarras\/cuidado-y-proteccion-para-guitarras\/lubricante-music-nomad-tune-it\/\" \/>\n<meta property=\"og:site_name\" content=\"Mexican Guitar Players\" \/>\n<meta property=\"article:modified_time\" content=\"2026-04-10T11:00:13+00:00\" \/>\n<meta property=\"og:image\" content=\"https:\/\/www.mexicanguitarplayers.com\/wp-content\/uploads\/2022\/08\/RAMNDMN106.jpg\" \/>\n\t<meta property=\"og:image:width\" content=\"800\" \/>\n\t<meta property=\"og:image:height\" content=\"1600\" \/>\n\t<meta property=\"og:image:type\" content=\"image\/jpeg\" \/>\n<meta name=\"twitter:card\" content=\"summary_large_image\" \/>\n<meta name=\"twitter:label1\" content=\"Est. reading time\" \/>\n\t<meta name=\"twitter:data1\" content=\"1 minute\" \/>\n<script type=\"application\/ld+json\" class=\"yoast-schema-graph\">{\"@context\":\"https:\\\/\\\/schema.org\",\"@graph\":[{\"@type\":[\"WebPage\",\"ItemPage\"],\"@id\":\"https:\\\/\\\/www.mexicanguitarplayers.com\\\/tienda\\\/accesorios\\\/para-guitarras\\\/cuidado-y-proteccion-para-guitarras\\\/lubricante-music-nomad-tune-it\\\/\",\"url\":\"https:\\\/\\\/www.mexicanguitarplayers.com\\\/tienda\\\/accesorios\\\/para-guitarras\\\/cuidado-y-proteccion-para-guitarras\\\/lubricante-music-nomad-tune-it\\\/\",\"name\":\"LUBRICANTE MUSIC NOMAD TUNE-IT - Mexican Guitar Players\",\"isPartOf\":{\"@id\":\"https:\\\/\\\/www.mexicanguitarplayers.com\\\/#website\"},\"primaryImageOfPage\":{\"@id\":\"https:\\\/\\\/www.mexicanguitarplayers.com\\\/tienda\\\/accesorios\\\/para-guitarras\\\/cuidado-y-proteccion-para-guitarras\\\/lubricante-music-nomad-tune-it\\\/#primaryimage\"},\"image\":{\"@id\":\"https:\\\/\\\/www.mexicanguitarplayers.com\\\/tienda\\\/accesorios\\\/para-guitarras\\\/cuidado-y-proteccion-para-guitarras\\\/lubricante-music-nomad-tune-it\\\/#primaryimage\"},\"thumbnailUrl\":\"https:\\\/\\\/www.mexicanguitarplayers.com\\\/wp-content\\\/uploads\\\/2022\\\/08\\\/RAMNDMN106.jpg\",\"datePublished\":\"2022-08-19T01:00:25+00:00\",\"dateModified\":\"2026-04-10T11:00:13+00:00\",\"description\":\"LUBRICANTE MUSIC NOMAD TUNE-IT. Lubricante para cuerdas, ayuda a mejorar la afinaci\u00f3n y reducir el rompimiento de cuerdas, contiene anti desgaste, anti oxidantes y anticorrosi\u00f3n fortificados con PTFE, inodoro, sin manchas, sin petr\u00f3leo y sin silicona, aplicar a la ranura de la cejuela, puente y gu\u00eda de cuerdas, ideal para piezas m\u00f3viles como tr\u00e9molos, reduce fricci\u00f3n y desgaste, elimina los sonidos \u201dping\u201d, incluye un peque\u00f1o aplicador de punta fina para \u00e1reas dif\u00edciles de alcanzar, resistente al agua y al vapor, bajo coeficiente de fricci\u00f3n, jeringa especialmente dise\u00f1ada que distribuye el gel uniformemente, perfecto para guitarras, bajos, banjos y ukeleles.\",\"breadcrumb\":{\"@id\":\"https:\\\/\\\/www.mexicanguitarplayers.com\\\/tienda\\\/accesorios\\\/para-guitarras\\\/cuidado-y-proteccion-para-guitarras\\\/lubricante-music-nomad-tune-it\\\/#breadcrumb\"},\"inLanguage\":\"en-US\",\"potentialAction\":[{\"@type\":\"ReadAction\",\"target\":[\"https:\\\/\\\/www.mexicanguitarplayers.com\\\/tienda\\\/accesorios\\\/para-guitarras\\\/cuidado-y-proteccion-para-guitarras\\\/lubricante-music-nomad-tune-it\\\/\"]}]},{\"@type\":\"ImageObject\",\"inLanguage\":\"en-US\",\"@id\":\"https:\\\/\\\/www.mexicanguitarplayers.com\\\/tienda\\\/accesorios\\\/para-guitarras\\\/cuidado-y-proteccion-para-guitarras\\\/lubricante-music-nomad-tune-it\\\/#primaryimage\",\"url\":\"https:\\\/\\\/www.mexicanguitarplayers.com\\\/wp-content\\\/uploads\\\/2022\\\/08\\\/RAMNDMN106.jpg\",\"contentUrl\":\"https:\\\/\\\/www.mexicanguitarplayers.com\\\/wp-content\\\/uploads\\\/2022\\\/08\\\/RAMNDMN106.jpg\",\"width\":800,\"height\":1600},{\"@type\":\"BreadcrumbList\",\"@id\":\"https:\\\/\\\/www.mexicanguitarplayers.com\\\/tienda\\\/accesorios\\\/para-guitarras\\\/cuidado-y-proteccion-para-guitarras\\\/lubricante-music-nomad-tune-it\\\/#breadcrumb\",\"itemListElement\":[{\"@type\":\"ListItem\",\"position\":1,\"name\":\"Portada\",\"item\":\"https:\\\/\\\/www.mexicanguitarplayers.com\\\/\"},{\"@type\":\"ListItem\",\"position\":2,\"name\":\"Tienda\",\"item\":\"https:\\\/\\\/www.mexicanguitarplayers.com\\\/tienda\\\/\"},{\"@type\":\"ListItem\",\"position\":3,\"name\":\"LUBRICANTE MUSIC NOMAD TUNE-IT\"}]},{\"@type\":\"WebSite\",\"@id\":\"https:\\\/\\\/www.mexicanguitarplayers.com\\\/#website\",\"url\":\"https:\\\/\\\/www.mexicanguitarplayers.com\\\/\",\"name\":\"Mexican Guitar Players\",\"description\":\"Website\",\"publisher\":{\"@id\":\"https:\\\/\\\/www.mexicanguitarplayers.com\\\/#organization\"},\"potentialAction\":[{\"@type\":\"SearchAction\",\"target\":{\"@type\":\"EntryPoint\",\"urlTemplate\":\"https:\\\/\\\/www.mexicanguitarplayers.com\\\/?s={search_term_string}\"},\"query-input\":{\"@type\":\"PropertyValueSpecification\",\"valueRequired\":true,\"valueName\":\"search_term_string\"}}],\"inLanguage\":\"en-US\"},{\"@type\":\"Organization\",\"@id\":\"https:\\\/\\\/www.mexicanguitarplayers.com\\\/#organization\",\"name\":\"Mexican Guitar Players\",\"url\":\"https:\\\/\\\/www.mexicanguitarplayers.com\\\/\",\"logo\":{\"@type\":\"ImageObject\",\"inLanguage\":\"en-US\",\"@id\":\"https:\\\/\\\/www.mexicanguitarplayers.com\\\/#\\\/schema\\\/logo\\\/image\\\/\",\"url\":\"\",\"contentUrl\":\"\",\"caption\":\"Mexican Guitar Players\"},\"image\":{\"@id\":\"https:\\\/\\\/www.mexicanguitarplayers.com\\\/#\\\/schema\\\/logo\\\/image\\\/\"}}]}<\/script>\n<!-- \/ Yoast SEO plugin. -->","yoast_head_json":{"title":"LUBRICANTE MUSIC NOMAD TUNE-IT - Mexican Guitar Players","description":"LUBRICANTE MUSIC NOMAD TUNE-IT. Lubricante para cuerdas, ayuda a mejorar la afinaci\u00f3n y reducir el rompimiento de cuerdas, contiene anti desgaste, anti oxidantes y anticorrosi\u00f3n fortificados con PTFE, inodoro, sin manchas, sin petr\u00f3leo y sin silicona, aplicar a la ranura de la cejuela, puente y gu\u00eda de cuerdas, ideal para piezas m\u00f3viles como tr\u00e9molos, reduce fricci\u00f3n y desgaste, elimina los sonidos \u201dping\u201d, incluye un peque\u00f1o aplicador de punta fina para \u00e1reas dif\u00edciles de alcanzar, resistente al agua y al vapor, bajo coeficiente de fricci\u00f3n, jeringa especialmente dise\u00f1ada que distribuye el gel uniformemente, perfecto para guitarras, bajos, banjos y ukeleles.","robots":{"index":"index","follow":"follow","max-snippet":"max-snippet:-1","max-image-preview":"max-image-preview:large","max-video-preview":"max-video-preview:-1"},"canonical":"https:\/\/www.mexicanguitarplayers.com\/en\/tienda\/accesorios\/para-guitarras\/cuidado-y-proteccion-para-guitarras\/lubricante-music-nomad-tune-it\/","og_locale":"en_US","og_type":"article","og_title":"LUBRICANTE MUSIC NOMAD TUNE-IT - Mexican Guitar Players","og_description":"LUBRICANTE MUSIC NOMAD TUNE-IT. Lubricante para cuerdas, ayuda a mejorar la afinaci\u00f3n y reducir el rompimiento de cuerdas, contiene anti desgaste, anti oxidantes y anticorrosi\u00f3n fortificados con PTFE, inodoro, sin manchas, sin petr\u00f3leo y sin silicona, aplicar a la ranura de la cejuela, puente y gu\u00eda de cuerdas, ideal para piezas m\u00f3viles como tr\u00e9molos, reduce fricci\u00f3n y desgaste, elimina los sonidos \u201dping\u201d, incluye un peque\u00f1o aplicador de punta fina para \u00e1reas dif\u00edciles de alcanzar, resistente al agua y al vapor, bajo coeficiente de fricci\u00f3n, jeringa especialmente dise\u00f1ada que distribuye el gel uniformemente, perfecto para guitarras, bajos, banjos y ukeleles.","og_url":"https:\/\/www.mexicanguitarplayers.com\/en\/tienda\/accesorios\/para-guitarras\/cuidado-y-proteccion-para-guitarras\/lubricante-music-nomad-tune-it\/","og_site_name":"Mexican Guitar Players","article_modified_time":"2026-04-10T11:00:13+00:00","og_image":[{"width":800,"height":1600,"url":"https:\/\/www.mexicanguitarplayers.com\/wp-content\/uploads\/2022\/08\/RAMNDMN106.jpg","type":"image\/jpeg"}],"twitter_card":"summary_large_image","twitter_misc":{"Est. reading time":"1 minute"},"schema":{"@context":"https:\/\/schema.org","@graph":[{"@type":["WebPage","ItemPage"],"@id":"https:\/\/www.mexicanguitarplayers.com\/tienda\/accesorios\/para-guitarras\/cuidado-y-proteccion-para-guitarras\/lubricante-music-nomad-tune-it\/","url":"https:\/\/www.mexicanguitarplayers.com\/tienda\/accesorios\/para-guitarras\/cuidado-y-proteccion-para-guitarras\/lubricante-music-nomad-tune-it\/","name":"LUBRICANTE MUSIC NOMAD TUNE-IT - Mexican Guitar Players","isPartOf":{"@id":"https:\/\/www.mexicanguitarplayers.com\/#website"},"primaryImageOfPage":{"@id":"https:\/\/www.mexicanguitarplayers.com\/tienda\/accesorios\/para-guitarras\/cuidado-y-proteccion-para-guitarras\/lubricante-music-nomad-tune-it\/#primaryimage"},"image":{"@id":"https:\/\/www.mexicanguitarplayers.com\/tienda\/accesorios\/para-guitarras\/cuidado-y-proteccion-para-guitarras\/lubricante-music-nomad-tune-it\/#primaryimage"},"thumbnailUrl":"https:\/\/www.mexicanguitarplayers.com\/wp-content\/uploads\/2022\/08\/RAMNDMN106.jpg","datePublished":"2022-08-19T01:00:25+00:00","dateModified":"2026-04-10T11:00:13+00:00","description":"LUBRICANTE MUSIC NOMAD TUNE-IT. Lubricante para cuerdas, ayuda a mejorar la afinaci\u00f3n y reducir el rompimiento de cuerdas, contiene anti desgaste, anti oxidantes y anticorrosi\u00f3n fortificados con PTFE, inodoro, sin manchas, sin petr\u00f3leo y sin silicona, aplicar a la ranura de la cejuela, puente y gu\u00eda de cuerdas, ideal para piezas m\u00f3viles como tr\u00e9molos, reduce fricci\u00f3n y desgaste, elimina los sonidos \u201dping\u201d, incluye un peque\u00f1o aplicador de punta fina para \u00e1reas dif\u00edciles de alcanzar, resistente al agua y al vapor, bajo coeficiente de fricci\u00f3n, jeringa especialmente dise\u00f1ada que distribuye el gel uniformemente, perfecto para guitarras, bajos, banjos y ukeleles.","breadcrumb":{"@id":"https:\/\/www.mexicanguitarplayers.com\/tienda\/accesorios\/para-guitarras\/cuidado-y-proteccion-para-guitarras\/lubricante-music-nomad-tune-it\/#breadcrumb"},"inLanguage":"en-US","potentialAction":[{"@type":"ReadAction","target":["https:\/\/www.mexicanguitarplayers.com\/tienda\/accesorios\/para-guitarras\/cuidado-y-proteccion-para-guitarras\/lubricante-music-nomad-tune-it\/"]}]},{"@type":"ImageObject","inLanguage":"en-US","@id":"https:\/\/www.mexicanguitarplayers.com\/tienda\/accesorios\/para-guitarras\/cuidado-y-proteccion-para-guitarras\/lubricante-music-nomad-tune-it\/#primaryimage","url":"https:\/\/www.mexicanguitarplayers.com\/wp-content\/uploads\/2022\/08\/RAMNDMN106.jpg","contentUrl":"https:\/\/www.mexicanguitarplayers.com\/wp-content\/uploads\/2022\/08\/RAMNDMN106.jpg","width":800,"height":1600},{"@type":"BreadcrumbList","@id":"https:\/\/www.mexicanguitarplayers.com\/tienda\/accesorios\/para-guitarras\/cuidado-y-proteccion-para-guitarras\/lubricante-music-nomad-tune-it\/#breadcrumb","itemListElement":[{"@type":"ListItem","position":1,"name":"Portada","item":"https:\/\/www.mexicanguitarplayers.com\/"},{"@type":"ListItem","position":2,"name":"Tienda","item":"https:\/\/www.mexicanguitarplayers.com\/tienda\/"},{"@type":"ListItem","position":3,"name":"LUBRICANTE MUSIC NOMAD TUNE-IT"}]},{"@type":"WebSite","@id":"https:\/\/www.mexicanguitarplayers.com\/#website","url":"https:\/\/www.mexicanguitarplayers.com\/","name":"Mexican Guitar Players","description":"Website","publisher":{"@id":"https:\/\/www.mexicanguitarplayers.com\/#organization"},"potentialAction":[{"@type":"SearchAction","target":{"@type":"EntryPoint","urlTemplate":"https:\/\/www.mexicanguitarplayers.com\/?s={search_term_string}"},"query-input":{"@type":"PropertyValueSpecification","valueRequired":true,"valueName":"search_term_string"}}],"inLanguage":"en-US"},{"@type":"Organization","@id":"https:\/\/www.mexicanguitarplayers.com\/#organization","name":"Mexican Guitar Players","url":"https:\/\/www.mexicanguitarplayers.com\/","logo":{"@type":"ImageObject","inLanguage":"en-US","@id":"https:\/\/www.mexicanguitarplayers.com\/#\/schema\/logo\/image\/","url":"","contentUrl":"","caption":"Mexican Guitar Players"},"image":{"@id":"https:\/\/www.mexicanguitarplayers.com\/#\/schema\/logo\/image\/"}}]}},"brands":[{"id":622,"name":"MUSIC NOMAD","slug":"music-nomad"}],"_links":{"self":[{"href":"https:\/\/www.mexicanguitarplayers.com\/en\/wp-json\/wp\/v2\/product\/18016","targetHints":{"allow":["GET"]}}],"collection":[{"href":"https:\/\/www.mexicanguitarplayers.com\/en\/wp-json\/wp\/v2\/product"}],"about":[{"href":"https:\/\/www.mexicanguitarplayers.com\/en\/wp-json\/wp\/v2\/types\/product"}],"replies":[{"embeddable":true,"href":"https:\/\/www.mexicanguitarplayers.com\/en\/wp-json\/wp\/v2\/comments?post=18016"}],"wp:featuredmedia":[{"embeddable":true,"href":"https:\/\/www.mexicanguitarplayers.com\/en\/wp-json\/wp\/v2\/media\/18015"}],"wp:attachment":[{"href":"https:\/\/www.mexicanguitarplayers.com\/en\/wp-json\/wp\/v2\/media?parent=18016"}],"wp:term":[{"taxonomy":"pwb-brand","embeddable":true,"href":"https:\/\/www.mexicanguitarplayers.com\/en\/wp-json\/wp\/v2\/pwb-brand?post=18016"},{"taxonomy":"product_brand","embeddable":true,"href":"https:\/\/www.mexicanguitarplayers.com\/en\/wp-json\/wp\/v2\/product_brand?post=18016"},{"taxonomy":"product_cat","embeddable":true,"href":"https:\/\/www.mexicanguitarplayers.com\/en\/wp-json\/wp\/v2\/product_cat?post=18016"},{"taxonomy":"product_tag","embeddable":true,"href":"https:\/\/www.mexicanguitarplayers.com\/en\/wp-json\/wp\/v2\/product_tag?post=18016"}],"curies":[{"name":"wp","href":"https:\/\/api.w.org\/{rel}","templated":true}]}}